{"id":60150,"date":"2026-04-15T10:56:53","date_gmt":"2026-04-15T08:56:53","guid":{"rendered":"https:\/\/ironsky.pl\/sklep\/produkt\/glosnik-as1-dla-dji-matrice-4-2\/"},"modified":"2026-04-15T10:56:56","modified_gmt":"2026-04-15T08:56:56","slug":"glosnik-as1-dla-dji-matrice-4-2","status":"publish","type":"product","link":"https:\/\/ironsky.pl\/sklep\/produkt\/glosnik-as1-dla-dji-matrice-4-2\/","title":{"rendered":"G\u0142o\u015bnik AS1 dla DJI Matrice 4"},"content":{"rendered":"<h3>G\u0142o\u015bnik AS1 dla DJI Matrice 4<\/h3>\n<p>G\u0142o\u015bnik DJI AS1 oferuje imponuj\u0105c\u0105 moc d\u017awi\u0119ku i du\u017cy zasi\u0119g. Ma zasi\u0119g nadawania do 300 metr\u00f3w i mo\u017ce wytwarza\u0107 g\u0142o\u015bno\u015b\u0107 do 114 decybeli w odleg\u0142o\u015bci 1 metra. Obs\u0142uguje nagrane wiadomo\u015bci, import multimedi\u00f3w i konwersj\u0119 tekstu na mow\u0119. Dodatkowo posiada funkcj\u0119 nadawania w czasie rzeczywistym i t\u0142umienia echa.\u00a0G\u0142o\u015bnik i \u015bwietlenie AL1 mog\u0105 by\u0107 u\u017cywane niezale\u017cnie lub w po\u0142\u0105czeniu (jeden na drugim), spe\u0142niaj\u0105c potrzeby wi\u0119kszej liczby scenariuszy operacyjnych.<\/p>\n<h3>Zawarto\u015b\u0107 zestawu:<\/h3>\n<ul>\n<li>G\u0142o\u015bnik AS1<\/li>\n<\/ul>\n<div class=\"table-wrapper\">\n<table>\n<tbody>\n<tr>\n<td><strong>Masa<\/strong><\/td>\n<td>92,5 g (\u0142\u0105cznie z uchwytem)<br \/>Oko\u0142o 90 g (bez uchwytu)<\/td>\n<\/tr>\n<tr>\n<td><strong>Wymiary<\/strong><\/td>\n<td>73\u00d770\u00d752 mm (d\u0142.\u00d7szer.\u00d7wys., z\u00a0uchwytem)<br \/>73\u00d770\u00d747 mm (d\u0142.\u00d7szer.\u00d7wys., bez uchwytu)<\/td>\n<\/tr>\n<tr>\n<td><strong>Moc maksymalna<\/strong><\/td>\n<td>15 W<\/td>\n<\/tr>\n<tr>\n<td><strong>Maksymalna g\u0142o\u015bno\u015b\u0107<\/strong><\/td>\n<td>\n<p>Przy 1 metrze mo\u017ce osi\u0105gn\u0105\u0107 114 decybeli (114dB@1m).<\/p>\n<p>Dane zmierzone w \u015brodowisku laboratoryjnym w temperaturze 25\u2103. Rzeczywiste warunki mog\u0105 si\u0119 nieznacznie r\u00f3\u017cni\u0107 w zale\u017cno\u015bci od wersji oprogramowania, \u017ar\u00f3d\u0142a d\u017awi\u0119ku, konkretnego \u015brodowiska i innych czynnik\u00f3w. Ostateczny efekt zale\u017cy od rzeczywistego u\u017cytkowania.<\/p>\n<\/td>\n<\/tr>\n<tr>\n<td><strong>Efektywny zasi\u0119g nadawania<\/strong><\/td>\n<td>300 m<\/p>\n<p>Dane zmierzone w \u015brodowisku laboratoryjnym w temperaturze 25\u2103. Rzeczywiste warunki mog\u0105 si\u0119 nieznacznie r\u00f3\u017cni\u0107 w zale\u017cno\u015bci od wersji oprogramowania, \u017ar\u00f3d\u0142a d\u017awi\u0119ku, konkretnego \u015brodowiska i innych czynnik\u00f3w. Ostateczny efekt zale\u017cy od rzeczywistego u\u017cytkowania.<\/td>\n<\/tr>\n<tr>\n<td><strong>Tryb transmisji d\u017awi\u0119ku<\/strong><\/td>\n<td>\n<p>Nadawanie w czasie rzeczywistym (obs\u0142uga t\u0142umienia echa*), nagrywanie, import multimedi\u00f3w (obs\u0142uga jednoczesnej transmisji i odtwarzania), zamiana tekstu na mow\u0119**<\/p>\n<p>* Konieczno\u015b\u0107 aktualizacji do najnowszego oprogramowania sprz\u0119towego.<br \/>** Obecnie obs\u0142uguje tylko j\u0119zyk chi\u0144ski i angielski.<\/p>\n<\/td>\n<\/tr>\n<tr>\n<td><strong>Temperatura pracy<\/strong><\/td>\n<td>-20\u00b0C do 50\u00b0C<\/td>\n<\/tr>\n<tr>\n<td><strong>Monta\u017c<\/strong><\/td>\n<td>R\u0119cznie za pomoc\u0105 uchwytu monta\u017cowego ze \u015brubami<\/td>\n<\/tr>\n<tr>\n<td><strong>Kompatybilno\u015b\u0107<\/strong><\/td>\n<td>DJI Matrice 4E\/4T, DJI Matrice 4D\/4TD<\/td>\n<\/tr>\n<\/tbody>\n<\/table>\n<\/div>\n","protected":false},"excerpt":{"rendered":"<p>G\u0142o\u015bnik AS1 dla DJI Matrice 4 G\u0142o\u015bnik DJI AS1 oferuje imponuj\u0105c\u0105 moc d\u017awi\u0119ku i du\u017cy zasi\u0119g. Ma zasi\u0119g nadawania do<\/p>\n","protected":false},"featured_media":60151,"comment_status":"closed","ping_status":"open","template":"","meta":{"_acf_changed":false},"product_brand":[],"product_cat":[6169,1088,1105],"product_tag":[],"class_list":{"0":"post-60150","1":"product","2":"type-product","3":"status-publish","4":"has-post-thumbnail","6":"product_cat-akcesoria-i-czesci","7":"product_cat-drony","8":"product_cat-przemyslowe","9":"pa_okres-gwarancji-5757","10":"pa_producent-dji-enterprise","12":"first","13":"instock","14":"taxable","15":"shipping-taxable","16":"purchasable","17":"product-type-simple"},"acf":[],"yoast_head":"<!-- This site is optimized with the Yoast SEO plugin v27.2 - https:\/\/yoast.com\/product\/yoast-seo-wordpress\/ -->\n<title>G\u0142o\u015bnik AS1 dla DJI Matrice 4 - IRONSKY.PL Sklep z Dronami<\/title>\n<meta name=\"description\" content=\"G\u0142o\u015bnik AS1 dla DJI Matrice 4 - \u2705 sklep z dronami i fachowym doradztwem. \u2705 Tutaj kupisz produkty DJI, Yuneec, Parrot, Syma i wiele innych, a tak\u017ce kursy i licencje na operatora drona.\" \/>\n<meta name=\"robots\" content=\"index, follow, max-snippet:-1, max-image-preview:large, max-video-preview:-1\" \/>\n<link rel=\"canonical\" href=\"https:\/\/ironsky.pl\/sklep\/produkt\/glosnik-as1-dla-dji-matrice-4-2\/\" \/>\n<meta property=\"og:locale\" content=\"pl_PL\" \/>\n<meta property=\"og:type\" content=\"article\" \/>\n<meta property=\"og:title\" content=\"G\u0142o\u015bnik AS1 dla DJI Matrice 4 - IRONSKY.PL Sklep z Dronami\" \/>\n<meta property=\"og:description\" content=\"G\u0142o\u015bnik AS1 dla DJI Matrice 4 - \u2705 sklep z dronami i fachowym doradztwem. \u2705 Tutaj kupisz produkty DJI, Yuneec, Parrot, Syma i wiele innych, a tak\u017ce kursy i licencje na operatora drona.\" \/>\n<meta property=\"og:url\" content=\"https:\/\/ironsky.pl\/sklep\/produkt\/glosnik-as1-dla-dji-matrice-4-2\/\" \/>\n<meta property=\"og:site_name\" content=\"IRONSKY.PL Sklep z Dronami\" \/>\n<meta property=\"article:modified_time\" content=\"2026-04-15T08:56:56+00:00\" \/>\n<meta property=\"og:image\" content=\"https:\/\/ironsky.pl\/sklep\/wp-content\/uploads\/2026\/04\/49871_3.jpg\" \/>\n\t<meta property=\"og:image:width\" content=\"800\" \/>\n\t<meta property=\"og:image:height\" content=\"800\" \/>\n\t<meta property=\"og:image:type\" content=\"image\/jpeg\" \/>\n<meta name=\"twitter:card\" content=\"summary_large_image\" \/>\n<meta name=\"twitter:label1\" content=\"Szacowany czas czytania\" \/>\n\t<meta name=\"twitter:data1\" content=\"1 minuta\" \/>\n<script type=\"application\/ld+json\" class=\"yoast-schema-graph\">{\"@context\":\"https:\/\/schema.org\",\"@graph\":[{\"@type\":\"WebPage\",\"@id\":\"https:\/\/ironsky.pl\/sklep\/produkt\/glosnik-as1-dla-dji-matrice-4-2\/\",\"url\":\"https:\/\/ironsky.pl\/sklep\/produkt\/glosnik-as1-dla-dji-matrice-4-2\/\",\"name\":\"G\u0142o\u015bnik AS1 dla DJI Matrice 4 - IRONSKY.PL Sklep z Dronami\",\"isPartOf\":{\"@id\":\"https:\/\/ironsky.pl\/sklep\/#website\"},\"primaryImageOfPage\":{\"@id\":\"https:\/\/ironsky.pl\/sklep\/produkt\/glosnik-as1-dla-dji-matrice-4-2\/#primaryimage\"},\"image\":{\"@id\":\"https:\/\/ironsky.pl\/sklep\/produkt\/glosnik-as1-dla-dji-matrice-4-2\/#primaryimage\"},\"thumbnailUrl\":\"https:\/\/ironsky.pl\/sklep\/wp-content\/uploads\/2026\/04\/49871_3.jpg\",\"datePublished\":\"2026-04-15T08:56:53+00:00\",\"dateModified\":\"2026-04-15T08:56:56+00:00\",\"description\":\"G\u0142o\u015bnik AS1 dla DJI Matrice 4 - \u2705 sklep z dronami i fachowym doradztwem. \u2705 Tutaj kupisz produkty DJI, Yuneec, Parrot, Syma i wiele innych, a tak\u017ce kursy i licencje na operatora drona.\",\"breadcrumb\":{\"@id\":\"https:\/\/ironsky.pl\/sklep\/produkt\/glosnik-as1-dla-dji-matrice-4-2\/#breadcrumb\"},\"inLanguage\":\"pl-PL\",\"potentialAction\":[{\"@type\":\"ReadAction\",\"target\":[\"https:\/\/ironsky.pl\/sklep\/produkt\/glosnik-as1-dla-dji-matrice-4-2\/\"]}]},{\"@type\":\"ImageObject\",\"inLanguage\":\"pl-PL\",\"@id\":\"https:\/\/ironsky.pl\/sklep\/produkt\/glosnik-as1-dla-dji-matrice-4-2\/#primaryimage\",\"url\":\"https:\/\/ironsky.pl\/sklep\/wp-content\/uploads\/2026\/04\/49871_3.jpg\",\"contentUrl\":\"https:\/\/ironsky.pl\/sklep\/wp-content\/uploads\/2026\/04\/49871_3.jpg\",\"width\":800,\"height\":800},{\"@type\":\"BreadcrumbList\",\"@id\":\"https:\/\/ironsky.pl\/sklep\/produkt\/glosnik-as1-dla-dji-matrice-4-2\/#breadcrumb\",\"itemListElement\":[{\"@type\":\"ListItem\",\"position\":1,\"name\":\"Strona g\u0142\u00f3wna\",\"item\":\"https:\/\/ironsky.pl\/sklep\/\"},{\"@type\":\"ListItem\",\"position\":2,\"name\":\"Wszystkie produkty\",\"item\":\"https:\/\/ironsky.pl\/sklep\/produkty\/\"},{\"@type\":\"ListItem\",\"position\":3,\"name\":\"G\u0142o\u015bnik AS1 dla DJI Matrice 4\"}]},{\"@type\":\"WebSite\",\"@id\":\"https:\/\/ironsky.pl\/sklep\/#website\",\"url\":\"https:\/\/ironsky.pl\/sklep\/\",\"name\":\"IRONSKY.PL Sklep z Dronami\",\"description\":\"IRONSKY.PL Sklep z Dronami\",\"potentialAction\":[{\"@type\":\"SearchAction\",\"target\":{\"@type\":\"EntryPoint\",\"urlTemplate\":\"https:\/\/ironsky.pl\/sklep\/?s={search_term_string}\"},\"query-input\":{\"@type\":\"PropertyValueSpecification\",\"valueRequired\":true,\"valueName\":\"search_term_string\"}}],\"inLanguage\":\"pl-PL\"}]}<\/script>\n<!-- \/ Yoast SEO plugin. -->","yoast_head_json":{"title":"G\u0142o\u015bnik AS1 dla DJI Matrice 4 - IRONSKY.PL Sklep z Dronami","description":"G\u0142o\u015bnik AS1 dla DJI Matrice 4 - \u2705 sklep z dronami i fachowym doradztwem. \u2705 Tutaj kupisz produkty DJI, Yuneec, Parrot, Syma i wiele innych, a tak\u017ce kursy i licencje na operatora drona.","robots":{"index":"index","follow":"follow","max-snippet":"max-snippet:-1","max-image-preview":"max-image-preview:large","max-video-preview":"max-video-preview:-1"},"canonical":"https:\/\/ironsky.pl\/sklep\/produkt\/glosnik-as1-dla-dji-matrice-4-2\/","og_locale":"pl_PL","og_type":"article","og_title":"G\u0142o\u015bnik AS1 dla DJI Matrice 4 - IRONSKY.PL Sklep z Dronami","og_description":"G\u0142o\u015bnik AS1 dla DJI Matrice 4 - \u2705 sklep z dronami i fachowym doradztwem. \u2705 Tutaj kupisz produkty DJI, Yuneec, Parrot, Syma i wiele innych, a tak\u017ce kursy i licencje na operatora drona.","og_url":"https:\/\/ironsky.pl\/sklep\/produkt\/glosnik-as1-dla-dji-matrice-4-2\/","og_site_name":"IRONSKY.PL Sklep z Dronami","article_modified_time":"2026-04-15T08:56:56+00:00","og_image":[{"width":800,"height":800,"url":"https:\/\/ironsky.pl\/sklep\/wp-content\/uploads\/2026\/04\/49871_3.jpg","type":"image\/jpeg"}],"twitter_card":"summary_large_image","twitter_misc":{"Szacowany czas czytania":"1 minuta"},"schema":{"@context":"https:\/\/schema.org","@graph":[{"@type":"WebPage","@id":"https:\/\/ironsky.pl\/sklep\/produkt\/glosnik-as1-dla-dji-matrice-4-2\/","url":"https:\/\/ironsky.pl\/sklep\/produkt\/glosnik-as1-dla-dji-matrice-4-2\/","name":"G\u0142o\u015bnik AS1 dla DJI Matrice 4 - IRONSKY.PL Sklep z Dronami","isPartOf":{"@id":"https:\/\/ironsky.pl\/sklep\/#website"},"primaryImageOfPage":{"@id":"https:\/\/ironsky.pl\/sklep\/produkt\/glosnik-as1-dla-dji-matrice-4-2\/#primaryimage"},"image":{"@id":"https:\/\/ironsky.pl\/sklep\/produkt\/glosnik-as1-dla-dji-matrice-4-2\/#primaryimage"},"thumbnailUrl":"https:\/\/ironsky.pl\/sklep\/wp-content\/uploads\/2026\/04\/49871_3.jpg","datePublished":"2026-04-15T08:56:53+00:00","dateModified":"2026-04-15T08:56:56+00:00","description":"G\u0142o\u015bnik AS1 dla DJI Matrice 4 - \u2705 sklep z dronami i fachowym doradztwem. \u2705 Tutaj kupisz produkty DJI, Yuneec, Parrot, Syma i wiele innych, a tak\u017ce kursy i licencje na operatora drona.","breadcrumb":{"@id":"https:\/\/ironsky.pl\/sklep\/produkt\/glosnik-as1-dla-dji-matrice-4-2\/#breadcrumb"},"inLanguage":"pl-PL","potentialAction":[{"@type":"ReadAction","target":["https:\/\/ironsky.pl\/sklep\/produkt\/glosnik-as1-dla-dji-matrice-4-2\/"]}]},{"@type":"ImageObject","inLanguage":"pl-PL","@id":"https:\/\/ironsky.pl\/sklep\/produkt\/glosnik-as1-dla-dji-matrice-4-2\/#primaryimage","url":"https:\/\/ironsky.pl\/sklep\/wp-content\/uploads\/2026\/04\/49871_3.jpg","contentUrl":"https:\/\/ironsky.pl\/sklep\/wp-content\/uploads\/2026\/04\/49871_3.jpg","width":800,"height":800},{"@type":"BreadcrumbList","@id":"https:\/\/ironsky.pl\/sklep\/produkt\/glosnik-as1-dla-dji-matrice-4-2\/#breadcrumb","itemListElement":[{"@type":"ListItem","position":1,"name":"Strona g\u0142\u00f3wna","item":"https:\/\/ironsky.pl\/sklep\/"},{"@type":"ListItem","position":2,"name":"Wszystkie produkty","item":"https:\/\/ironsky.pl\/sklep\/produkty\/"},{"@type":"ListItem","position":3,"name":"G\u0142o\u015bnik AS1 dla DJI Matrice 4"}]},{"@type":"WebSite","@id":"https:\/\/ironsky.pl\/sklep\/#website","url":"https:\/\/ironsky.pl\/sklep\/","name":"IRONSKY.PL Sklep z Dronami","description":"IRONSKY.PL Sklep z Dronami","potentialAction":[{"@type":"SearchAction","target":{"@type":"EntryPoint","urlTemplate":"https:\/\/ironsky.pl\/sklep\/?s={search_term_string}"},"query-input":{"@type":"PropertyValueSpecification","valueRequired":true,"valueName":"search_term_string"}}],"inLanguage":"pl-PL"}]}},"_links":{"self":[{"href":"https:\/\/ironsky.pl\/sklep\/wp-json\/wp\/v2\/product\/60150","targetHints":{"allow":["GET"]}}],"collection":[{"href":"https:\/\/ironsky.pl\/sklep\/wp-json\/wp\/v2\/product"}],"about":[{"href":"https:\/\/ironsky.pl\/sklep\/wp-json\/wp\/v2\/types\/product"}],"replies":[{"embeddable":true,"href":"https:\/\/ironsky.pl\/sklep\/wp-json\/wp\/v2\/comments?post=60150"}],"wp:featuredmedia":[{"embeddable":true,"href":"https:\/\/ironsky.pl\/sklep\/wp-json\/wp\/v2\/media\/60151"}],"wp:attachment":[{"href":"https:\/\/ironsky.pl\/sklep\/wp-json\/wp\/v2\/media?parent=60150"}],"wp:term":[{"taxonomy":"product_brand","embeddable":true,"href":"https:\/\/ironsky.pl\/sklep\/wp-json\/wp\/v2\/product_brand?post=60150"},{"taxonomy":"product_cat","embeddable":true,"href":"https:\/\/ironsky.pl\/sklep\/wp-json\/wp\/v2\/product_cat?post=60150"},{"taxonomy":"product_tag","embeddable":true,"href":"https:\/\/ironsky.pl\/sklep\/wp-json\/wp\/v2\/product_tag?post=60150"}],"curies":[{"name":"wp","href":"https:\/\/api.w.org\/{rel}","templated":true}]}}