{"id":60119,"date":"2026-04-15T10:55:58","date_gmt":"2026-04-15T08:55:58","guid":{"rendered":"https:\/\/ironsky.pl\/sklep\/produkt\/kabel-vention-ctnwh-usb-a-usb-c-2m-3a-bialy\/"},"modified":"2026-04-15T10:56:22","modified_gmt":"2026-04-15T08:56:22","slug":"kabel-vention-ctnwh-usb-a-usb-c-2m-3a-bialy","status":"publish","type":"product","link":"https:\/\/ironsky.pl\/sklep\/produkt\/kabel-vention-ctnwh-usb-a-usb-c-2m-3a-bialy\/","title":{"rendered":"Kabel VENTION CTNWH USB-A-USB-C 2m 3A (bia\u0142y)"},"content":{"rendered":"<h3>Kabel USB 2.0 A do USB-C 3A Vention CTNWH 2M (bia\u0142y)<\/h3>\n<p>Kabel USB 2.0 A do USB-C Vention CTNWH to doskona\u0142e rozwi\u0105zanie dla os\u00f3b ceni\u0105cych sobie zar\u00f3wno wydajno\u015b\u0107, jak i trwa\u0142o\u015b\u0107. Dzi\u0119ki maksymalnemu pr\u0105dowi 3A pozwala na b\u0142yskawiczne \u0142adowanie i transfer danych, co czyni go niezast\u0105pionym akcesorium w codziennym u\u017cytkowaniu z nowoczesnymi urz\u0105dzeniami.<\/p>\n<p>\n<img decoding=\"async\" src=\"https:\/\/assets.innpro.pl\/12340\/14680\/1.jpg\" border=\"0\" \/>\n<\/p>\n<h3>Wytrzyma\u0142a i elegancka konstrukcja<\/h3>\n<p>Ten kabel wyr\u00f3\u017cnia si\u0119 solidnym wykonaniem z PVC oraz aluminiow\u0105 obudow\u0105, kt\u00f3ra zapewnia nie tylko estetyczny wygl\u0105d, ale tak\u017ce ochron\u0119 przed uszkodzeniami mechanicznymi. Dodatkowo jego elastyczna pow\u0142oka zapobiega pl\u0105taniu si\u0119 kabla, co sprawia, \u017ce jest on niezwykle wygodny w u\u017cytkowaniu.<\/p>\n<p>\n<img decoding=\"async\" src=\"https:\/\/assets.innpro.pl\/12340\/14680\/2.jpg\" border=\"0\" \/>\n<\/p>\n<h3>Niezr\u00f3wnana trwa\u0142o\u015b\u0107<\/h3>\n<p>Kabel Vention zosta\u0142 przetestowany na ponad 30 000 zgi\u0119\u0107, co gwarantuje jego d\u0142ug\u0105 \u017cywotno\u015b\u0107 nawet przy intensywnym u\u017cytkowaniu. Wzmocniony przew\u00f3d oraz wytrzyma\u0142e z\u0142\u0105cza sprawiaj\u0105, \u017ce kabel jest odporny na z\u0142amania i uszkodzenia, co czyni go idealnym wyborem dla os\u00f3b potrzebuj\u0105cych niezawodnych akcesori\u00f3w.<\/p>\n<p>\n<img decoding=\"async\" src=\"https:\/\/assets.innpro.pl\/12340\/14680\/8.jpg\" border=\"0\" \/>\n<\/p>\n<h3>Szybki transfer danych<\/h3>\n<p>Kabel Vention pozwala na jednoczesne \u0142adowanie urz\u0105dze\u0144 i transfer danych z pr\u0119dko\u015bci\u0105 do 480 Mb\/s. Bez problemu przeniesiesz swoje ulubione filmy, muzyk\u0119 czy dokumenty w zaledwie kilka sekund, oszcz\u0119dzaj\u0105c cenny czas.<\/p>\n<p>\n<img decoding=\"async\" src=\"https:\/\/assets.innpro.pl\/12340\/14680\/6.jpg\" border=\"0\" \/>\n<\/p>\n<h3>Wszechstronna kompatybilno\u015b\u0107<\/h3>\n<p>Kabel USB 2.0 A do USB-C jest kompatybilny z szerok\u0105 gam\u0105 urz\u0105dze\u0144, w tym smartfonami, tabletami oraz innymi urz\u0105dzeniami obs\u0142uguj\u0105cymi z\u0142\u0105cze USB-C. Jego uniwersalno\u015b\u0107 sprawia, \u017ce sprawdzi si\u0119 zar\u00f3wno w domu, jak i w pracy czy podr\u00f3\u017cy.<\/p>\n<p>\n<img decoding=\"async\" src=\"https:\/\/assets.innpro.pl\/12340\/14680\/5.jpg\" border=\"0\" \/>\n<\/p>\n<div class=\"table-wrapper\">\n<p>\u00a0<\/p>\n<h3><\/h3>\n<table>\n<tbody>\n<tr>\n<th>Producent<\/th>\n<td>Vention<\/td>\n<\/tr>\n<tr>\n<th>Model<\/th>\n<td>CTNWH<\/td>\n<\/tr>\n<tr>\n<th>Interfejs<\/th>\n<td>USB-C\/USB-A<\/td>\n<\/tr>\n<tr>\n<th>Proces galwanizacji <\/th>\n<td>Niklowany <\/td>\n<\/tr>\n<tr>\n<th>Przewodnik <\/th>\n<td>Mied\u017a cynowana <\/td>\n<\/tr>\n<tr>\n<th>Ekranowanie <\/th>\n<td>Folia aluminiowa <\/td>\n<\/tr>\n<tr>\n<th>Os\u0142ona<\/th>\n<td>PVC + plecionka bawe\u0142niana <\/td>\n<\/tr>\n<tr>\n<th>Pow\u0142oka <\/th>\n<td>PVC + stop aluminium <\/td>\n<\/tr>\n<tr>\n<th>OD <\/th>\n<td>3,8 mm <\/td>\n<\/tr>\n<tr>\n<th>Szybko\u015b\u0107 transmisji danych<\/th>\n<td>480 Mb\/s <\/td>\n<\/tr>\n<tr>\n<th>Pr\u0105d znamionowy<\/th>\n<td>3A<\/td>\n<\/tr>\n<tr>\n<th>Moc znamionowa<\/th>\n<td>60W Maks. <\/td>\n<\/tr>\n<tr>\n<th>D\u0142ugo\u015b\u0107<\/th>\n<td>2m<\/td>\n<\/tr>\n<\/tbody>\n<\/table>\n<\/div>\n","protected":false},"excerpt":{"rendered":"<p>Kabel USB 2.0 A do USB-C 3A Vention CTNWH 2M (bia\u0142y) Kabel USB 2.0 A do USB-C Vention CTNWH to<\/p>\n","protected":false},"featured_media":46733,"comment_status":"closed","ping_status":"open","template":"","meta":{"_acf_changed":false},"product_brand":[],"product_cat":[5929,5931,5932],"product_tag":[],"class_list":{"0":"post-60119","1":"product","2":"type-product","3":"status-publish","4":"has-post-thumbnail","6":"product_cat-akcesoria-it","7":"product_cat-kable","8":"product_cat-usb","9":"pa_okres-gwarancji-5757","10":"pa_producent-vention","12":"first","13":"outofstock","14":"taxable","15":"shipping-taxable","16":"purchasable","17":"product-type-simple"},"acf":[],"yoast_head":"<!-- This site is optimized with the Yoast SEO plugin v27.2 - https:\/\/yoast.com\/product\/yoast-seo-wordpress\/ -->\n<title>Kabel VENTION CTNWH USB-A-USB-C 2m 3A (bia\u0142y) - IRONSKY.PL Sklep z Dronami<\/title>\n<meta name=\"description\" content=\"Kabel VENTION CTNWH USB-A-USB-C 2m 3A (bia\u0142y) - \u2705 sklep z dronami i fachowym doradztwem. \u2705 Tutaj kupisz produkty DJI, Yuneec, Parrot, Syma i wiele innych, a tak\u017ce kursy i licencje na operatora drona.\" \/>\n<meta name=\"robots\" content=\"index, follow, max-snippet:-1, max-image-preview:large, max-video-preview:-1\" \/>\n<link rel=\"canonical\" href=\"https:\/\/ironsky.pl\/sklep\/produkt\/kabel-vention-ctnwh-usb-a-usb-c-2m-3a-bialy\/\" \/>\n<meta property=\"og:locale\" content=\"pl_PL\" \/>\n<meta property=\"og:type\" content=\"article\" \/>\n<meta property=\"og:title\" content=\"Kabel VENTION CTNWH USB-A-USB-C 2m 3A (bia\u0142y) - IRONSKY.PL Sklep z Dronami\" \/>\n<meta property=\"og:description\" content=\"Kabel VENTION CTNWH USB-A-USB-C 2m 3A (bia\u0142y) - \u2705 sklep z dronami i fachowym doradztwem. \u2705 Tutaj kupisz produkty DJI, Yuneec, Parrot, Syma i wiele innych, a tak\u017ce kursy i licencje na operatora drona.\" \/>\n<meta property=\"og:url\" content=\"https:\/\/ironsky.pl\/sklep\/produkt\/kabel-vention-ctnwh-usb-a-usb-c-2m-3a-bialy\/\" \/>\n<meta property=\"og:site_name\" content=\"IRONSKY.PL Sklep z Dronami\" \/>\n<meta property=\"article:modified_time\" content=\"2026-04-15T08:56:22+00:00\" \/>\n<meta property=\"og:image\" content=\"https:\/\/ironsky.pl\/sklep\/wp-content\/uploads\/2025\/06\/49801_1.jpg\" \/>\n\t<meta property=\"og:image:width\" content=\"800\" \/>\n\t<meta property=\"og:image:height\" content=\"800\" \/>\n\t<meta property=\"og:image:type\" content=\"image\/jpeg\" \/>\n<meta name=\"twitter:card\" content=\"summary_large_image\" \/>\n<meta name=\"twitter:label1\" content=\"Szacowany czas czytania\" \/>\n\t<meta name=\"twitter:data1\" content=\"1 minuta\" \/>\n<script type=\"application\/ld+json\" class=\"yoast-schema-graph\">{\"@context\":\"https:\/\/schema.org\",\"@graph\":[{\"@type\":\"WebPage\",\"@id\":\"https:\/\/ironsky.pl\/sklep\/produkt\/kabel-vention-ctnwh-usb-a-usb-c-2m-3a-bialy\/\",\"url\":\"https:\/\/ironsky.pl\/sklep\/produkt\/kabel-vention-ctnwh-usb-a-usb-c-2m-3a-bialy\/\",\"name\":\"Kabel VENTION CTNWH USB-A-USB-C 2m 3A (bia\u0142y) - IRONSKY.PL Sklep z Dronami\",\"isPartOf\":{\"@id\":\"https:\/\/ironsky.pl\/sklep\/#website\"},\"primaryImageOfPage\":{\"@id\":\"https:\/\/ironsky.pl\/sklep\/produkt\/kabel-vention-ctnwh-usb-a-usb-c-2m-3a-bialy\/#primaryimage\"},\"image\":{\"@id\":\"https:\/\/ironsky.pl\/sklep\/produkt\/kabel-vention-ctnwh-usb-a-usb-c-2m-3a-bialy\/#primaryimage\"},\"thumbnailUrl\":\"https:\/\/ironsky.pl\/sklep\/wp-content\/uploads\/2025\/06\/49801_1.jpg\",\"datePublished\":\"2026-04-15T08:55:58+00:00\",\"dateModified\":\"2026-04-15T08:56:22+00:00\",\"description\":\"Kabel VENTION CTNWH USB-A-USB-C 2m 3A (bia\u0142y) - \u2705 sklep z dronami i fachowym doradztwem. \u2705 Tutaj kupisz produkty DJI, Yuneec, Parrot, Syma i wiele innych, a tak\u017ce kursy i licencje na operatora drona.\",\"breadcrumb\":{\"@id\":\"https:\/\/ironsky.pl\/sklep\/produkt\/kabel-vention-ctnwh-usb-a-usb-c-2m-3a-bialy\/#breadcrumb\"},\"inLanguage\":\"pl-PL\",\"potentialAction\":[{\"@type\":\"ReadAction\",\"target\":[\"https:\/\/ironsky.pl\/sklep\/produkt\/kabel-vention-ctnwh-usb-a-usb-c-2m-3a-bialy\/\"]}]},{\"@type\":\"ImageObject\",\"inLanguage\":\"pl-PL\",\"@id\":\"https:\/\/ironsky.pl\/sklep\/produkt\/kabel-vention-ctnwh-usb-a-usb-c-2m-3a-bialy\/#primaryimage\",\"url\":\"https:\/\/ironsky.pl\/sklep\/wp-content\/uploads\/2025\/06\/49801_1.jpg\",\"contentUrl\":\"https:\/\/ironsky.pl\/sklep\/wp-content\/uploads\/2025\/06\/49801_1.jpg\",\"width\":800,\"height\":800},{\"@type\":\"BreadcrumbList\",\"@id\":\"https:\/\/ironsky.pl\/sklep\/produkt\/kabel-vention-ctnwh-usb-a-usb-c-2m-3a-bialy\/#breadcrumb\",\"itemListElement\":[{\"@type\":\"ListItem\",\"position\":1,\"name\":\"Strona g\u0142\u00f3wna\",\"item\":\"https:\/\/ironsky.pl\/sklep\/\"},{\"@type\":\"ListItem\",\"position\":2,\"name\":\"Wszystkie produkty\",\"item\":\"https:\/\/ironsky.pl\/sklep\/produkty\/\"},{\"@type\":\"ListItem\",\"position\":3,\"name\":\"Kabel VENTION CTNWH USB-A-USB-C 2m 3A (bia\u0142y)\"}]},{\"@type\":\"WebSite\",\"@id\":\"https:\/\/ironsky.pl\/sklep\/#website\",\"url\":\"https:\/\/ironsky.pl\/sklep\/\",\"name\":\"IRONSKY.PL Sklep z Dronami\",\"description\":\"IRONSKY.PL Sklep z Dronami\",\"potentialAction\":[{\"@type\":\"SearchAction\",\"target\":{\"@type\":\"EntryPoint\",\"urlTemplate\":\"https:\/\/ironsky.pl\/sklep\/?s={search_term_string}\"},\"query-input\":{\"@type\":\"PropertyValueSpecification\",\"valueRequired\":true,\"valueName\":\"search_term_string\"}}],\"inLanguage\":\"pl-PL\"}]}<\/script>\n<!-- \/ Yoast SEO plugin. -->","yoast_head_json":{"title":"Kabel VENTION CTNWH USB-A-USB-C 2m 3A (bia\u0142y) - IRONSKY.PL Sklep z Dronami","description":"Kabel VENTION CTNWH USB-A-USB-C 2m 3A (bia\u0142y) - \u2705 sklep z dronami i fachowym doradztwem. \u2705 Tutaj kupisz produkty DJI, Yuneec, Parrot, Syma i wiele innych, a tak\u017ce kursy i licencje na operatora drona.","robots":{"index":"index","follow":"follow","max-snippet":"max-snippet:-1","max-image-preview":"max-image-preview:large","max-video-preview":"max-video-preview:-1"},"canonical":"https:\/\/ironsky.pl\/sklep\/produkt\/kabel-vention-ctnwh-usb-a-usb-c-2m-3a-bialy\/","og_locale":"pl_PL","og_type":"article","og_title":"Kabel VENTION CTNWH USB-A-USB-C 2m 3A (bia\u0142y) - IRONSKY.PL Sklep z Dronami","og_description":"Kabel VENTION CTNWH USB-A-USB-C 2m 3A (bia\u0142y) - \u2705 sklep z dronami i fachowym doradztwem. \u2705 Tutaj kupisz produkty DJI, Yuneec, Parrot, Syma i wiele innych, a tak\u017ce kursy i licencje na operatora drona.","og_url":"https:\/\/ironsky.pl\/sklep\/produkt\/kabel-vention-ctnwh-usb-a-usb-c-2m-3a-bialy\/","og_site_name":"IRONSKY.PL Sklep z Dronami","article_modified_time":"2026-04-15T08:56:22+00:00","og_image":[{"width":800,"height":800,"url":"https:\/\/ironsky.pl\/sklep\/wp-content\/uploads\/2025\/06\/49801_1.jpg","type":"image\/jpeg"}],"twitter_card":"summary_large_image","twitter_misc":{"Szacowany czas czytania":"1 minuta"},"schema":{"@context":"https:\/\/schema.org","@graph":[{"@type":"WebPage","@id":"https:\/\/ironsky.pl\/sklep\/produkt\/kabel-vention-ctnwh-usb-a-usb-c-2m-3a-bialy\/","url":"https:\/\/ironsky.pl\/sklep\/produkt\/kabel-vention-ctnwh-usb-a-usb-c-2m-3a-bialy\/","name":"Kabel VENTION CTNWH USB-A-USB-C 2m 3A (bia\u0142y) - IRONSKY.PL Sklep z Dronami","isPartOf":{"@id":"https:\/\/ironsky.pl\/sklep\/#website"},"primaryImageOfPage":{"@id":"https:\/\/ironsky.pl\/sklep\/produkt\/kabel-vention-ctnwh-usb-a-usb-c-2m-3a-bialy\/#primaryimage"},"image":{"@id":"https:\/\/ironsky.pl\/sklep\/produkt\/kabel-vention-ctnwh-usb-a-usb-c-2m-3a-bialy\/#primaryimage"},"thumbnailUrl":"https:\/\/ironsky.pl\/sklep\/wp-content\/uploads\/2025\/06\/49801_1.jpg","datePublished":"2026-04-15T08:55:58+00:00","dateModified":"2026-04-15T08:56:22+00:00","description":"Kabel VENTION CTNWH USB-A-USB-C 2m 3A (bia\u0142y) - \u2705 sklep z dronami i fachowym doradztwem. \u2705 Tutaj kupisz produkty DJI, Yuneec, Parrot, Syma i wiele innych, a tak\u017ce kursy i licencje na operatora drona.","breadcrumb":{"@id":"https:\/\/ironsky.pl\/sklep\/produkt\/kabel-vention-ctnwh-usb-a-usb-c-2m-3a-bialy\/#breadcrumb"},"inLanguage":"pl-PL","potentialAction":[{"@type":"ReadAction","target":["https:\/\/ironsky.pl\/sklep\/produkt\/kabel-vention-ctnwh-usb-a-usb-c-2m-3a-bialy\/"]}]},{"@type":"ImageObject","inLanguage":"pl-PL","@id":"https:\/\/ironsky.pl\/sklep\/produkt\/kabel-vention-ctnwh-usb-a-usb-c-2m-3a-bialy\/#primaryimage","url":"https:\/\/ironsky.pl\/sklep\/wp-content\/uploads\/2025\/06\/49801_1.jpg","contentUrl":"https:\/\/ironsky.pl\/sklep\/wp-content\/uploads\/2025\/06\/49801_1.jpg","width":800,"height":800},{"@type":"BreadcrumbList","@id":"https:\/\/ironsky.pl\/sklep\/produkt\/kabel-vention-ctnwh-usb-a-usb-c-2m-3a-bialy\/#breadcrumb","itemListElement":[{"@type":"ListItem","position":1,"name":"Strona g\u0142\u00f3wna","item":"https:\/\/ironsky.pl\/sklep\/"},{"@type":"ListItem","position":2,"name":"Wszystkie produkty","item":"https:\/\/ironsky.pl\/sklep\/produkty\/"},{"@type":"ListItem","position":3,"name":"Kabel VENTION CTNWH USB-A-USB-C 2m 3A (bia\u0142y)"}]},{"@type":"WebSite","@id":"https:\/\/ironsky.pl\/sklep\/#website","url":"https:\/\/ironsky.pl\/sklep\/","name":"IRONSKY.PL Sklep z Dronami","description":"IRONSKY.PL Sklep z Dronami","potentialAction":[{"@type":"SearchAction","target":{"@type":"EntryPoint","urlTemplate":"https:\/\/ironsky.pl\/sklep\/?s={search_term_string}"},"query-input":{"@type":"PropertyValueSpecification","valueRequired":true,"valueName":"search_term_string"}}],"inLanguage":"pl-PL"}]}},"_links":{"self":[{"href":"https:\/\/ironsky.pl\/sklep\/wp-json\/wp\/v2\/product\/60119","targetHints":{"allow":["GET"]}}],"collection":[{"href":"https:\/\/ironsky.pl\/sklep\/wp-json\/wp\/v2\/product"}],"about":[{"href":"https:\/\/ironsky.pl\/sklep\/wp-json\/wp\/v2\/types\/product"}],"replies":[{"embeddable":true,"href":"https:\/\/ironsky.pl\/sklep\/wp-json\/wp\/v2\/comments?post=60119"}],"wp:featuredmedia":[{"embeddable":true,"href":"https:\/\/ironsky.pl\/sklep\/wp-json\/wp\/v2\/media\/46733"}],"wp:attachment":[{"href":"https:\/\/ironsky.pl\/sklep\/wp-json\/wp\/v2\/media?parent=60119"}],"wp:term":[{"taxonomy":"product_brand","embeddable":true,"href":"https:\/\/ironsky.pl\/sklep\/wp-json\/wp\/v2\/product_brand?post=60119"},{"taxonomy":"product_cat","embeddable":true,"href":"https:\/\/ironsky.pl\/sklep\/wp-json\/wp\/v2\/product_cat?post=60119"},{"taxonomy":"product_tag","embeddable":true,"href":"https:\/\/ironsky.pl\/sklep\/wp-json\/wp\/v2\/product_tag?post=60119"}],"curies":[{"name":"wp","href":"https:\/\/api.w.org\/{rel}","templated":true}]}}