{"id":60107,"date":"2026-04-15T10:55:58","date_gmt":"2026-04-15T08:55:58","guid":{"rendered":"https:\/\/ironsky.pl\/sklep\/produkt\/adapter-ecoflow-ev-x-stream-do-delta-pro-3-sae-j1772\/"},"modified":"2026-04-15T10:56:03","modified_gmt":"2026-04-15T08:56:03","slug":"adapter-ecoflow-ev-x-stream-do-delta-pro-3-sae-j1772","status":"publish","type":"product","link":"https:\/\/ironsky.pl\/sklep\/produkt\/adapter-ecoflow-ev-x-stream-do-delta-pro-3-sae-j1772\/","title":{"rendered":"Adapter ECOFLOW EV X-Stream do DELTA Pro 3 SAE J1772"},"content":{"rendered":"<h3>Adapter EcoFlow EV-stream Delta Pro 3<\/h3>\n<p>Adapter EcoFlow EV X-Stream pozwala \u0142adowa\u0107 stacj\u0119 zasilania DELTA Pro 3 za pomoc\u0105 stacji do \u0142adowania samochod\u00f3w elektrycznych poziomu 2. Oferuje moc si\u0119gaj\u0105c\u0105 a\u017c 7200 W i jest kompatybilny ze z\u0142\u0105czami SAE J1772. Bez problemu wykorzystasz go niemal na ca\u0142ym \u015bwiecie! To idealne rozwi\u0105zanie dla u\u017cytkownik\u00f3w stacji DELTA Pro 3, kt\u00f3rzy chc\u0105 szybko i wygodnie \u0142adowa\u0107 j\u0105 w domu czy w trasie.<\/p>\n<p>\n<img decoding=\"async\" src=\"https:\/\/assets.innpro.pl\/13821\/17058\/4.jpg\" border=\"0\" alt=\"\" \/>\n<\/p>\n<h3>Szybko\u015b\u0107 \u0142adowania, na kt\u00f3r\u0105 mo\u017cesz liczy\u0107<\/h3>\n<p>Dzi\u0119ki obs\u0142udze \u0142adowania AC o mocy a\u017c do 7200 W adapter pozwala szybko przygotowa\u0107 stacj\u0119 DELTA Pro 3 do dalszej pracy \u2013 zar\u00f3wno w gara\u017cu, jak i na postoju podczas wyjazdu. To oszcz\u0119dno\u015b\u0107 czasu i wygoda, szczeg\u00f3lnie w sytuacjach, gdy potrzebujesz sprawnego \u017ar\u00f3d\u0142a zasilania w terenie.<\/p>\n<p>\n<img decoding=\"async\" src=\"https:\/\/assets.innpro.pl\/13821\/17058\/1.jpg\" border=\"0\" alt=\"\" \/>\n<\/p>\n<h3>Szeroka kompatybilno\u015b\u0107<\/h3>\n<p>Adapter obs\u0142uguje z\u0142\u0105cze typu 1 (SAE J1772), co oznacza, \u017ce mo\u017cesz pod\u0142\u0105czy\u0107 stacj\u0119 DELTA Pro 3 do tysi\u0119cy \u0142adowarek poziomu 2 dost\u0119pnych na ca\u0142ym \u015bwiecie. Dzi\u0119ki temu z \u0142atwo\u015bci\u0105 przygotujesz si\u0119 nawet na d\u0142u\u017csze podr\u00f3\u017ce!<\/p>\n<p>\n<img decoding=\"async\" src=\"https:\/\/assets.innpro.pl\/13821\/17058\/3.jpg\" border=\"0\" alt=\"\" \/>\n<\/p>\n<h3>Kompaktowa konstrukcja i solidne wykonanie<\/h3>\n<p>D\u0142ugo\u015b\u0107 przewodu wynosz\u0105ca oko\u0142o 49 cm sprawia, \u017ce adapter jest bardzo \u0142atwy w przechowywaniu i transporcie. Dzi\u0119ki kompaktowej konstrukcji akcesorium zmie\u015bci si\u0119 nawet w schowku w poje\u017adzie, a trwa\u0142a obudowa zapewnia bezpiecze\u0144stwo podczas codziennego u\u017cytkowania.<\/p>\n<p>\n<img decoding=\"async\" src=\"https:\/\/assets.innpro.pl\/13821\/17058\/2.jpg\" border=\"0\" alt=\"\" \/>\n<\/p>\n<div class=\"table-wrapper\">\n<p>\u00a0<\/p>\n<h3><\/h3>\n<table>\n<tbody>\n<tr>\n<th>Producent<\/th>\n<td>EcoFlow<\/td>\n<\/tr>\n<tr>\n<th>Nazwa<\/th>\n<td>EV X-Stream Adapter<\/td>\n<\/tr>\n<tr>\n<th>Model<\/th>\n<td>5009604002<\/td>\n<\/tr>\n<tr>\n<th>Wej\u015bcie AC<\/th>\n<td>120 V \/ 240 V, 30 A<\/td>\n<\/tr>\n<tr>\n<th>Wyj\u015bcie AC<\/th>\n<td>120 V \/ 240 V, 30 A<\/td>\n<\/tr>\n<tr>\n<th>D\u0142ugo\u015b\u0107<\/th>\n<td>490 mm<\/td>\n<\/tr>\n<tr>\n<th>Kompatybilno\u015b\u0107<\/th>\n<td>EcoFlow DELTA Pro 3<\/td>\n<\/tr>\n<\/tbody>\n<\/table>\n<\/div>\n","protected":false},"excerpt":{"rendered":"<p>Adapter EcoFlow EV-stream Delta Pro 3 Adapter EcoFlow EV X-Stream pozwala \u0142adowa\u0107 stacj\u0119 zasilania DELTA Pro 3 za pomoc\u0105 stacji<\/p>\n","protected":false},"featured_media":39573,"comment_status":"closed","ping_status":"open","template":"","meta":{"_acf_changed":false},"product_brand":[],"product_cat":[6196,1108,1111],"product_tag":[],"class_list":{"0":"post-60107","1":"product","2":"type-product","3":"status-publish","4":"has-post-thumbnail","6":"product_cat-akcesoria-stacje-zasilania","7":"product_cat-energia","8":"product_cat-stacje-zasilania","9":"pa_okres-gwarancji-5754","10":"pa_producent-ecoflow","12":"first","13":"outofstock","14":"taxable","15":"shipping-taxable","16":"purchasable","17":"product-type-simple"},"acf":[],"yoast_head":"<!-- This site is optimized with the Yoast SEO plugin v27.2 - https:\/\/yoast.com\/product\/yoast-seo-wordpress\/ -->\n<title>Adapter ECOFLOW EV X-Stream do DELTA Pro 3 SAE J1772 - IRONSKY.PL Sklep z Dronami<\/title>\n<meta name=\"description\" content=\"Adapter ECOFLOW EV X-Stream do DELTA Pro 3 SAE J1772 - \u2705 sklep z dronami i fachowym doradztwem. \u2705 Tutaj kupisz produkty DJI, Yuneec, Parrot, Syma i wiele innych, a tak\u017ce kursy i licencje na operatora drona.\" \/>\n<meta name=\"robots\" content=\"index, follow, max-snippet:-1, max-image-preview:large, max-video-preview:-1\" \/>\n<link rel=\"canonical\" href=\"https:\/\/ironsky.pl\/sklep\/produkt\/adapter-ecoflow-ev-x-stream-do-delta-pro-3-sae-j1772\/\" \/>\n<meta property=\"og:locale\" content=\"pl_PL\" \/>\n<meta property=\"og:type\" content=\"article\" \/>\n<meta property=\"og:title\" content=\"Adapter ECOFLOW EV X-Stream do DELTA Pro 3 SAE J1772 - IRONSKY.PL Sklep z Dronami\" \/>\n<meta property=\"og:description\" content=\"Adapter ECOFLOW EV X-Stream do DELTA Pro 3 SAE J1772 - \u2705 sklep z dronami i fachowym doradztwem. \u2705 Tutaj kupisz produkty DJI, Yuneec, Parrot, Syma i wiele innych, a tak\u017ce kursy i licencje na operatora drona.\" \/>\n<meta property=\"og:url\" content=\"https:\/\/ironsky.pl\/sklep\/produkt\/adapter-ecoflow-ev-x-stream-do-delta-pro-3-sae-j1772\/\" \/>\n<meta property=\"og:site_name\" content=\"IRONSKY.PL Sklep z Dronami\" \/>\n<meta property=\"article:modified_time\" content=\"2026-04-15T08:56:03+00:00\" \/>\n<meta property=\"og:image\" content=\"https:\/\/ironsky.pl\/sklep\/wp-content\/uploads\/2025\/04\/49751_1.jpg\" \/>\n\t<meta property=\"og:image:width\" content=\"800\" \/>\n\t<meta property=\"og:image:height\" content=\"800\" \/>\n\t<meta property=\"og:image:type\" content=\"image\/jpeg\" \/>\n<meta name=\"twitter:card\" content=\"summary_large_image\" \/>\n<meta name=\"twitter:label1\" content=\"Szacowany czas czytania\" \/>\n\t<meta name=\"twitter:data1\" content=\"1 minuta\" \/>\n<script type=\"application\/ld+json\" class=\"yoast-schema-graph\">{\"@context\":\"https:\/\/schema.org\",\"@graph\":[{\"@type\":\"WebPage\",\"@id\":\"https:\/\/ironsky.pl\/sklep\/produkt\/adapter-ecoflow-ev-x-stream-do-delta-pro-3-sae-j1772\/\",\"url\":\"https:\/\/ironsky.pl\/sklep\/produkt\/adapter-ecoflow-ev-x-stream-do-delta-pro-3-sae-j1772\/\",\"name\":\"Adapter ECOFLOW EV X-Stream do DELTA Pro 3 SAE J1772 - IRONSKY.PL Sklep z Dronami\",\"isPartOf\":{\"@id\":\"https:\/\/ironsky.pl\/sklep\/#website\"},\"primaryImageOfPage\":{\"@id\":\"https:\/\/ironsky.pl\/sklep\/produkt\/adapter-ecoflow-ev-x-stream-do-delta-pro-3-sae-j1772\/#primaryimage\"},\"image\":{\"@id\":\"https:\/\/ironsky.pl\/sklep\/produkt\/adapter-ecoflow-ev-x-stream-do-delta-pro-3-sae-j1772\/#primaryimage\"},\"thumbnailUrl\":\"https:\/\/ironsky.pl\/sklep\/wp-content\/uploads\/2025\/04\/49751_1.jpg\",\"datePublished\":\"2026-04-15T08:55:58+00:00\",\"dateModified\":\"2026-04-15T08:56:03+00:00\",\"description\":\"Adapter ECOFLOW EV X-Stream do DELTA Pro 3 SAE J1772 - \u2705 sklep z dronami i fachowym doradztwem. \u2705 Tutaj kupisz produkty DJI, Yuneec, Parrot, Syma i wiele innych, a tak\u017ce kursy i licencje na operatora drona.\",\"breadcrumb\":{\"@id\":\"https:\/\/ironsky.pl\/sklep\/produkt\/adapter-ecoflow-ev-x-stream-do-delta-pro-3-sae-j1772\/#breadcrumb\"},\"inLanguage\":\"pl-PL\",\"potentialAction\":[{\"@type\":\"ReadAction\",\"target\":[\"https:\/\/ironsky.pl\/sklep\/produkt\/adapter-ecoflow-ev-x-stream-do-delta-pro-3-sae-j1772\/\"]}]},{\"@type\":\"ImageObject\",\"inLanguage\":\"pl-PL\",\"@id\":\"https:\/\/ironsky.pl\/sklep\/produkt\/adapter-ecoflow-ev-x-stream-do-delta-pro-3-sae-j1772\/#primaryimage\",\"url\":\"https:\/\/ironsky.pl\/sklep\/wp-content\/uploads\/2025\/04\/49751_1.jpg\",\"contentUrl\":\"https:\/\/ironsky.pl\/sklep\/wp-content\/uploads\/2025\/04\/49751_1.jpg\",\"width\":800,\"height\":800},{\"@type\":\"BreadcrumbList\",\"@id\":\"https:\/\/ironsky.pl\/sklep\/produkt\/adapter-ecoflow-ev-x-stream-do-delta-pro-3-sae-j1772\/#breadcrumb\",\"itemListElement\":[{\"@type\":\"ListItem\",\"position\":1,\"name\":\"Strona g\u0142\u00f3wna\",\"item\":\"https:\/\/ironsky.pl\/sklep\/\"},{\"@type\":\"ListItem\",\"position\":2,\"name\":\"Wszystkie produkty\",\"item\":\"https:\/\/ironsky.pl\/sklep\/produkty\/\"},{\"@type\":\"ListItem\",\"position\":3,\"name\":\"Adapter ECOFLOW EV X-Stream do DELTA Pro 3 SAE J1772\"}]},{\"@type\":\"WebSite\",\"@id\":\"https:\/\/ironsky.pl\/sklep\/#website\",\"url\":\"https:\/\/ironsky.pl\/sklep\/\",\"name\":\"IRONSKY.PL Sklep z Dronami\",\"description\":\"IRONSKY.PL Sklep z Dronami\",\"potentialAction\":[{\"@type\":\"SearchAction\",\"target\":{\"@type\":\"EntryPoint\",\"urlTemplate\":\"https:\/\/ironsky.pl\/sklep\/?s={search_term_string}\"},\"query-input\":{\"@type\":\"PropertyValueSpecification\",\"valueRequired\":true,\"valueName\":\"search_term_string\"}}],\"inLanguage\":\"pl-PL\"}]}<\/script>\n<!-- \/ Yoast SEO plugin. -->","yoast_head_json":{"title":"Adapter ECOFLOW EV X-Stream do DELTA Pro 3 SAE J1772 - IRONSKY.PL Sklep z Dronami","description":"Adapter ECOFLOW EV X-Stream do DELTA Pro 3 SAE J1772 - \u2705 sklep z dronami i fachowym doradztwem. \u2705 Tutaj kupisz produkty DJI, Yuneec, Parrot, Syma i wiele innych, a tak\u017ce kursy i licencje na operatora drona.","robots":{"index":"index","follow":"follow","max-snippet":"max-snippet:-1","max-image-preview":"max-image-preview:large","max-video-preview":"max-video-preview:-1"},"canonical":"https:\/\/ironsky.pl\/sklep\/produkt\/adapter-ecoflow-ev-x-stream-do-delta-pro-3-sae-j1772\/","og_locale":"pl_PL","og_type":"article","og_title":"Adapter ECOFLOW EV X-Stream do DELTA Pro 3 SAE J1772 - IRONSKY.PL Sklep z Dronami","og_description":"Adapter ECOFLOW EV X-Stream do DELTA Pro 3 SAE J1772 - \u2705 sklep z dronami i fachowym doradztwem. \u2705 Tutaj kupisz produkty DJI, Yuneec, Parrot, Syma i wiele innych, a tak\u017ce kursy i licencje na operatora drona.","og_url":"https:\/\/ironsky.pl\/sklep\/produkt\/adapter-ecoflow-ev-x-stream-do-delta-pro-3-sae-j1772\/","og_site_name":"IRONSKY.PL Sklep z Dronami","article_modified_time":"2026-04-15T08:56:03+00:00","og_image":[{"width":800,"height":800,"url":"https:\/\/ironsky.pl\/sklep\/wp-content\/uploads\/2025\/04\/49751_1.jpg","type":"image\/jpeg"}],"twitter_card":"summary_large_image","twitter_misc":{"Szacowany czas czytania":"1 minuta"},"schema":{"@context":"https:\/\/schema.org","@graph":[{"@type":"WebPage","@id":"https:\/\/ironsky.pl\/sklep\/produkt\/adapter-ecoflow-ev-x-stream-do-delta-pro-3-sae-j1772\/","url":"https:\/\/ironsky.pl\/sklep\/produkt\/adapter-ecoflow-ev-x-stream-do-delta-pro-3-sae-j1772\/","name":"Adapter ECOFLOW EV X-Stream do DELTA Pro 3 SAE J1772 - IRONSKY.PL Sklep z Dronami","isPartOf":{"@id":"https:\/\/ironsky.pl\/sklep\/#website"},"primaryImageOfPage":{"@id":"https:\/\/ironsky.pl\/sklep\/produkt\/adapter-ecoflow-ev-x-stream-do-delta-pro-3-sae-j1772\/#primaryimage"},"image":{"@id":"https:\/\/ironsky.pl\/sklep\/produkt\/adapter-ecoflow-ev-x-stream-do-delta-pro-3-sae-j1772\/#primaryimage"},"thumbnailUrl":"https:\/\/ironsky.pl\/sklep\/wp-content\/uploads\/2025\/04\/49751_1.jpg","datePublished":"2026-04-15T08:55:58+00:00","dateModified":"2026-04-15T08:56:03+00:00","description":"Adapter ECOFLOW EV X-Stream do DELTA Pro 3 SAE J1772 - \u2705 sklep z dronami i fachowym doradztwem. \u2705 Tutaj kupisz produkty DJI, Yuneec, Parrot, Syma i wiele innych, a tak\u017ce kursy i licencje na operatora drona.","breadcrumb":{"@id":"https:\/\/ironsky.pl\/sklep\/produkt\/adapter-ecoflow-ev-x-stream-do-delta-pro-3-sae-j1772\/#breadcrumb"},"inLanguage":"pl-PL","potentialAction":[{"@type":"ReadAction","target":["https:\/\/ironsky.pl\/sklep\/produkt\/adapter-ecoflow-ev-x-stream-do-delta-pro-3-sae-j1772\/"]}]},{"@type":"ImageObject","inLanguage":"pl-PL","@id":"https:\/\/ironsky.pl\/sklep\/produkt\/adapter-ecoflow-ev-x-stream-do-delta-pro-3-sae-j1772\/#primaryimage","url":"https:\/\/ironsky.pl\/sklep\/wp-content\/uploads\/2025\/04\/49751_1.jpg","contentUrl":"https:\/\/ironsky.pl\/sklep\/wp-content\/uploads\/2025\/04\/49751_1.jpg","width":800,"height":800},{"@type":"BreadcrumbList","@id":"https:\/\/ironsky.pl\/sklep\/produkt\/adapter-ecoflow-ev-x-stream-do-delta-pro-3-sae-j1772\/#breadcrumb","itemListElement":[{"@type":"ListItem","position":1,"name":"Strona g\u0142\u00f3wna","item":"https:\/\/ironsky.pl\/sklep\/"},{"@type":"ListItem","position":2,"name":"Wszystkie produkty","item":"https:\/\/ironsky.pl\/sklep\/produkty\/"},{"@type":"ListItem","position":3,"name":"Adapter ECOFLOW EV X-Stream do DELTA Pro 3 SAE J1772"}]},{"@type":"WebSite","@id":"https:\/\/ironsky.pl\/sklep\/#website","url":"https:\/\/ironsky.pl\/sklep\/","name":"IRONSKY.PL Sklep z Dronami","description":"IRONSKY.PL Sklep z Dronami","potentialAction":[{"@type":"SearchAction","target":{"@type":"EntryPoint","urlTemplate":"https:\/\/ironsky.pl\/sklep\/?s={search_term_string}"},"query-input":{"@type":"PropertyValueSpecification","valueRequired":true,"valueName":"search_term_string"}}],"inLanguage":"pl-PL"}]}},"_links":{"self":[{"href":"https:\/\/ironsky.pl\/sklep\/wp-json\/wp\/v2\/product\/60107","targetHints":{"allow":["GET"]}}],"collection":[{"href":"https:\/\/ironsky.pl\/sklep\/wp-json\/wp\/v2\/product"}],"about":[{"href":"https:\/\/ironsky.pl\/sklep\/wp-json\/wp\/v2\/types\/product"}],"replies":[{"embeddable":true,"href":"https:\/\/ironsky.pl\/sklep\/wp-json\/wp\/v2\/comments?post=60107"}],"wp:featuredmedia":[{"embeddable":true,"href":"https:\/\/ironsky.pl\/sklep\/wp-json\/wp\/v2\/media\/39573"}],"wp:attachment":[{"href":"https:\/\/ironsky.pl\/sklep\/wp-json\/wp\/v2\/media?parent=60107"}],"wp:term":[{"taxonomy":"product_brand","embeddable":true,"href":"https:\/\/ironsky.pl\/sklep\/wp-json\/wp\/v2\/product_brand?post=60107"},{"taxonomy":"product_cat","embeddable":true,"href":"https:\/\/ironsky.pl\/sklep\/wp-json\/wp\/v2\/product_cat?post=60107"},{"taxonomy":"product_tag","embeddable":true,"href":"https:\/\/ironsky.pl\/sklep\/wp-json\/wp\/v2\/product_tag?post=60107"}],"curies":[{"name":"wp","href":"https:\/\/api.w.org\/{rel}","templated":true}]}}