{"id":60102,"date":"2026-04-15T10:55:35","date_gmt":"2026-04-15T08:55:35","guid":{"rendered":"https:\/\/ironsky.pl\/sklep\/produkt\/uchwyt-na-tablet-sunnylife-zj886-d-do-rc-n1-rc-n2-rc-n3-czarny\/"},"modified":"2026-04-15T10:55:55","modified_gmt":"2026-04-15T08:55:55","slug":"uchwyt-na-tablet-sunnylife-zj886-d-do-rc-n1-rc-n2-rc-n3-czarny","status":"publish","type":"product","link":"https:\/\/ironsky.pl\/sklep\/produkt\/uchwyt-na-tablet-sunnylife-zj886-d-do-rc-n1-rc-n2-rc-n3-czarny\/","title":{"rendered":"Uchwyt na tablet SUNNYLIFE ZJ886-D do RC-N1\/RC-N2\/RC-N3 (czarny)"},"content":{"rendered":"<h3>Sk\u0142adany uchwyt na tablet Sunnylife ZJ886-D do kontroler\u00f3w RC-N1, RC-N2 i RC-N3 (czarny)<\/h3>\n<p>Sk\u0142adany uchwyt Sunnylife ZJ886-D to praktyczny dodatek do kontroler\u00f3w RC-N1, RC-N2 i RC-N3 u\u017cywanych z dronami DJI, takimi jak Mini 3 Pro, Air 3 i inne. Dzi\u0119ki niemu mo\u017cesz \u0142atwo zamontowa\u0107 tablet zamiast smartfona i cieszy\u0107 si\u0119 wi\u0119kszym ekranem podczas sterowania dronem. Uchwyt obs\u0142uguje tablety o grubo\u015bci do 22 mm, wi\u0119c nie musisz zdejmowa\u0107 etui ochronnego.<\/p>\n<p>\n<img decoding=\"async\" src=\"https:\/\/assets.innpro.pl\/12122\/14365\/1.jpg\" border=\"0\" \/>\n<\/p>\n<h3>Praktyczny design<\/h3>\n<p>Kompaktowa, sk\u0142adana konstrukcja pozwala na z\u0142o\u017cenie uchwytu razem z kontrolerem, dzi\u0119ki czemu ca\u0142o\u015b\u0107 zmie\u015bci si\u0119 w plecaku lub torbie bez konieczno\u015bci demonta\u017cu. Mocowanie tabletu jest stabilne i pewne dzi\u0119ki silikonowym podk\u0142adkom antypo\u015blizgowym. Mo\u017cesz te\u017c ustawi\u0107 tablet pod k\u0105tem, aby lepiej widzie\u0107 ekran w intensywnym s\u0142o\u0144cu.<\/p>\n<p>\n<img decoding=\"async\" src=\"https:\/\/assets.innpro.pl\/12122\/14365\/4.jpg\" border=\"0\" \/>\n<\/p>\n<h3>Bezproblemowy monta\u017c<\/h3>\n<p>Uchwyt jest lekki i prosty w monta\u017cu \u2013 wystarczy kilka sekund, by go zamocowa\u0107. Ciesz si\u0119 wi\u0119ksz\u0105 kontrol\u0105 nad dronem i lataj wygodnie z Sunnylife!<\/p>\n<p>\n<img decoding=\"async\" src=\"https:\/\/assets.innpro.pl\/12122\/14365\/7.jpg\" border=\"0\" \/>\n<\/p>\n<h3>W zestawie<\/h3>\n<ul class=\"list-disc pl-5\">\n<li>Uchwyt<\/li>\n<li>Narz\u0119dzie monta\u017cowe<\/li>\n<\/ul>\n<div class=\"table-wrapper\">\n<p>\u00a0<\/p>\n<h3><\/h3>\n<table>\n<tbody>\n<tr>\n<th>Producent<\/th>\n<td>Sunnylife<\/td>\n<\/tr>\n<tr>\n<th>Model<\/th>\n<td>ZJ886<\/td>\n<\/tr>\n<tr>\n<th>Kompatybilno\u015b\u0107<\/th>\n<td>Kontrolery DJI RC-N3\/2\/1<\/td>\n<\/tr>\n<tr>\n<th>Materia\u0142<\/th>\n<td>Plastik<\/td>\n<\/tr>\n<tr>\n<th>Waga netto<\/th>\n<td>42 g<\/td>\n<\/tr>\n<tr>\n<th>Waga brutto<\/th>\n<td>63 g<\/td>\n<\/tr>\n<tr>\n<th>Rozmiar opakowania<\/th>\n<td>149 \u00d7 73 \u00d7 20 mm<\/td>\n<\/tr>\n<\/tbody>\n<\/table>\n<\/div>\n","protected":false},"excerpt":{"rendered":"<p>Sk\u0142adany uchwyt na tablet Sunnylife ZJ886-D do kontroler\u00f3w RC-N1, RC-N2 i RC-N3 (czarny) Sk\u0142adany uchwyt Sunnylife ZJ886-D to praktyczny dodatek<\/p>\n","protected":false},"featured_media":40147,"comment_status":"closed","ping_status":"open","template":"","meta":{"_acf_changed":false},"product_brand":[],"product_cat":[1128,6178,6176,6177,6181,1138],"product_tag":[],"class_list":{"0":"post-60102","1":"product","2":"type-product","3":"status-publish","4":"has-post-thumbnail","6":"product_cat-foto-wideo","7":"product_cat-mocowania","8":"product_cat-selfie-stiki","9":"product_cat-statywy-selfie-stiki","10":"product_cat-szelki-mocowania-i-uchwyty","11":"product_cat-wysiegniki","12":"pa_okres-gwarancji-5757","13":"pa_producent-sunnylife","15":"first","16":"outofstock","17":"taxable","18":"shipping-taxable","19":"purchasable","20":"product-type-simple"},"acf":[],"yoast_head":"<!-- This site is optimized with the Yoast SEO plugin v27.2 - https:\/\/yoast.com\/product\/yoast-seo-wordpress\/ -->\n<title>Uchwyt na tablet SUNNYLIFE ZJ886-D do RC-N1\/RC-N2\/RC-N3 (czarny) - IRONSKY.PL Sklep z Dronami<\/title>\n<meta name=\"description\" content=\"Uchwyt na tablet SUNNYLIFE ZJ886-D do RC-N1\/RC-N2\/RC-N3 (czarny) - \u2705 sklep z dronami i fachowym doradztwem. \u2705 Tutaj kupisz produkty DJI, Yuneec, Parrot, Syma i wiele innych, a tak\u017ce kursy i licencje na operatora drona.\" \/>\n<meta name=\"robots\" content=\"index, follow, max-snippet:-1, max-image-preview:large, max-video-preview:-1\" \/>\n<link rel=\"canonical\" href=\"https:\/\/ironsky.pl\/sklep\/produkt\/uchwyt-na-tablet-sunnylife-zj886-d-do-rc-n1-rc-n2-rc-n3-czarny\/\" \/>\n<meta property=\"og:locale\" content=\"pl_PL\" \/>\n<meta property=\"og:type\" content=\"article\" \/>\n<meta property=\"og:title\" content=\"Uchwyt na tablet SUNNYLIFE ZJ886-D do RC-N1\/RC-N2\/RC-N3 (czarny) - IRONSKY.PL Sklep z Dronami\" \/>\n<meta property=\"og:description\" content=\"Uchwyt na tablet SUNNYLIFE ZJ886-D do RC-N1\/RC-N2\/RC-N3 (czarny) - \u2705 sklep z dronami i fachowym doradztwem. \u2705 Tutaj kupisz produkty DJI, Yuneec, Parrot, Syma i wiele innych, a tak\u017ce kursy i licencje na operatora drona.\" \/>\n<meta property=\"og:url\" content=\"https:\/\/ironsky.pl\/sklep\/produkt\/uchwyt-na-tablet-sunnylife-zj886-d-do-rc-n1-rc-n2-rc-n3-czarny\/\" \/>\n<meta property=\"og:site_name\" content=\"IRONSKY.PL Sklep z Dronami\" \/>\n<meta property=\"article:modified_time\" content=\"2026-04-15T08:55:55+00:00\" \/>\n<meta property=\"og:image\" content=\"https:\/\/ironsky.pl\/sklep\/wp-content\/uploads\/2025\/05\/49680_1.jpg\" \/>\n\t<meta property=\"og:image:width\" content=\"800\" \/>\n\t<meta property=\"og:image:height\" content=\"800\" \/>\n\t<meta property=\"og:image:type\" content=\"image\/jpeg\" \/>\n<meta name=\"twitter:card\" content=\"summary_large_image\" \/>\n<meta name=\"twitter:label1\" content=\"Szacowany czas czytania\" \/>\n\t<meta name=\"twitter:data1\" content=\"1 minuta\" \/>\n<script type=\"application\/ld+json\" class=\"yoast-schema-graph\">{\"@context\":\"https:\/\/schema.org\",\"@graph\":[{\"@type\":\"WebPage\",\"@id\":\"https:\/\/ironsky.pl\/sklep\/produkt\/uchwyt-na-tablet-sunnylife-zj886-d-do-rc-n1-rc-n2-rc-n3-czarny\/\",\"url\":\"https:\/\/ironsky.pl\/sklep\/produkt\/uchwyt-na-tablet-sunnylife-zj886-d-do-rc-n1-rc-n2-rc-n3-czarny\/\",\"name\":\"Uchwyt na tablet SUNNYLIFE ZJ886-D do RC-N1\/RC-N2\/RC-N3 (czarny) - IRONSKY.PL Sklep z Dronami\",\"isPartOf\":{\"@id\":\"https:\/\/ironsky.pl\/sklep\/#website\"},\"primaryImageOfPage\":{\"@id\":\"https:\/\/ironsky.pl\/sklep\/produkt\/uchwyt-na-tablet-sunnylife-zj886-d-do-rc-n1-rc-n2-rc-n3-czarny\/#primaryimage\"},\"image\":{\"@id\":\"https:\/\/ironsky.pl\/sklep\/produkt\/uchwyt-na-tablet-sunnylife-zj886-d-do-rc-n1-rc-n2-rc-n3-czarny\/#primaryimage\"},\"thumbnailUrl\":\"https:\/\/ironsky.pl\/sklep\/wp-content\/uploads\/2025\/05\/49680_1.jpg\",\"datePublished\":\"2026-04-15T08:55:35+00:00\",\"dateModified\":\"2026-04-15T08:55:55+00:00\",\"description\":\"Uchwyt na tablet SUNNYLIFE ZJ886-D do RC-N1\/RC-N2\/RC-N3 (czarny) - \u2705 sklep z dronami i fachowym doradztwem. \u2705 Tutaj kupisz produkty DJI, Yuneec, Parrot, Syma i wiele innych, a tak\u017ce kursy i licencje na operatora drona.\",\"breadcrumb\":{\"@id\":\"https:\/\/ironsky.pl\/sklep\/produkt\/uchwyt-na-tablet-sunnylife-zj886-d-do-rc-n1-rc-n2-rc-n3-czarny\/#breadcrumb\"},\"inLanguage\":\"pl-PL\",\"potentialAction\":[{\"@type\":\"ReadAction\",\"target\":[\"https:\/\/ironsky.pl\/sklep\/produkt\/uchwyt-na-tablet-sunnylife-zj886-d-do-rc-n1-rc-n2-rc-n3-czarny\/\"]}]},{\"@type\":\"ImageObject\",\"inLanguage\":\"pl-PL\",\"@id\":\"https:\/\/ironsky.pl\/sklep\/produkt\/uchwyt-na-tablet-sunnylife-zj886-d-do-rc-n1-rc-n2-rc-n3-czarny\/#primaryimage\",\"url\":\"https:\/\/ironsky.pl\/sklep\/wp-content\/uploads\/2025\/05\/49680_1.jpg\",\"contentUrl\":\"https:\/\/ironsky.pl\/sklep\/wp-content\/uploads\/2025\/05\/49680_1.jpg\",\"width\":800,\"height\":800},{\"@type\":\"BreadcrumbList\",\"@id\":\"https:\/\/ironsky.pl\/sklep\/produkt\/uchwyt-na-tablet-sunnylife-zj886-d-do-rc-n1-rc-n2-rc-n3-czarny\/#breadcrumb\",\"itemListElement\":[{\"@type\":\"ListItem\",\"position\":1,\"name\":\"Strona g\u0142\u00f3wna\",\"item\":\"https:\/\/ironsky.pl\/sklep\/\"},{\"@type\":\"ListItem\",\"position\":2,\"name\":\"Wszystkie produkty\",\"item\":\"https:\/\/ironsky.pl\/sklep\/produkty\/\"},{\"@type\":\"ListItem\",\"position\":3,\"name\":\"Uchwyt na tablet SUNNYLIFE ZJ886-D do RC-N1\/RC-N2\/RC-N3 (czarny)\"}]},{\"@type\":\"WebSite\",\"@id\":\"https:\/\/ironsky.pl\/sklep\/#website\",\"url\":\"https:\/\/ironsky.pl\/sklep\/\",\"name\":\"IRONSKY.PL Sklep z Dronami\",\"description\":\"IRONSKY.PL Sklep z Dronami\",\"potentialAction\":[{\"@type\":\"SearchAction\",\"target\":{\"@type\":\"EntryPoint\",\"urlTemplate\":\"https:\/\/ironsky.pl\/sklep\/?s={search_term_string}\"},\"query-input\":{\"@type\":\"PropertyValueSpecification\",\"valueRequired\":true,\"valueName\":\"search_term_string\"}}],\"inLanguage\":\"pl-PL\"}]}<\/script>\n<!-- \/ Yoast SEO plugin. -->","yoast_head_json":{"title":"Uchwyt na tablet SUNNYLIFE ZJ886-D do RC-N1\/RC-N2\/RC-N3 (czarny) - IRONSKY.PL Sklep z Dronami","description":"Uchwyt na tablet SUNNYLIFE ZJ886-D do RC-N1\/RC-N2\/RC-N3 (czarny) - \u2705 sklep z dronami i fachowym doradztwem. \u2705 Tutaj kupisz produkty DJI, Yuneec, Parrot, Syma i wiele innych, a tak\u017ce kursy i licencje na operatora drona.","robots":{"index":"index","follow":"follow","max-snippet":"max-snippet:-1","max-image-preview":"max-image-preview:large","max-video-preview":"max-video-preview:-1"},"canonical":"https:\/\/ironsky.pl\/sklep\/produkt\/uchwyt-na-tablet-sunnylife-zj886-d-do-rc-n1-rc-n2-rc-n3-czarny\/","og_locale":"pl_PL","og_type":"article","og_title":"Uchwyt na tablet SUNNYLIFE ZJ886-D do RC-N1\/RC-N2\/RC-N3 (czarny) - IRONSKY.PL Sklep z Dronami","og_description":"Uchwyt na tablet SUNNYLIFE ZJ886-D do RC-N1\/RC-N2\/RC-N3 (czarny) - \u2705 sklep z dronami i fachowym doradztwem. \u2705 Tutaj kupisz produkty DJI, Yuneec, Parrot, Syma i wiele innych, a tak\u017ce kursy i licencje na operatora drona.","og_url":"https:\/\/ironsky.pl\/sklep\/produkt\/uchwyt-na-tablet-sunnylife-zj886-d-do-rc-n1-rc-n2-rc-n3-czarny\/","og_site_name":"IRONSKY.PL Sklep z Dronami","article_modified_time":"2026-04-15T08:55:55+00:00","og_image":[{"width":800,"height":800,"url":"https:\/\/ironsky.pl\/sklep\/wp-content\/uploads\/2025\/05\/49680_1.jpg","type":"image\/jpeg"}],"twitter_card":"summary_large_image","twitter_misc":{"Szacowany czas czytania":"1 minuta"},"schema":{"@context":"https:\/\/schema.org","@graph":[{"@type":"WebPage","@id":"https:\/\/ironsky.pl\/sklep\/produkt\/uchwyt-na-tablet-sunnylife-zj886-d-do-rc-n1-rc-n2-rc-n3-czarny\/","url":"https:\/\/ironsky.pl\/sklep\/produkt\/uchwyt-na-tablet-sunnylife-zj886-d-do-rc-n1-rc-n2-rc-n3-czarny\/","name":"Uchwyt na tablet SUNNYLIFE ZJ886-D do RC-N1\/RC-N2\/RC-N3 (czarny) - IRONSKY.PL Sklep z Dronami","isPartOf":{"@id":"https:\/\/ironsky.pl\/sklep\/#website"},"primaryImageOfPage":{"@id":"https:\/\/ironsky.pl\/sklep\/produkt\/uchwyt-na-tablet-sunnylife-zj886-d-do-rc-n1-rc-n2-rc-n3-czarny\/#primaryimage"},"image":{"@id":"https:\/\/ironsky.pl\/sklep\/produkt\/uchwyt-na-tablet-sunnylife-zj886-d-do-rc-n1-rc-n2-rc-n3-czarny\/#primaryimage"},"thumbnailUrl":"https:\/\/ironsky.pl\/sklep\/wp-content\/uploads\/2025\/05\/49680_1.jpg","datePublished":"2026-04-15T08:55:35+00:00","dateModified":"2026-04-15T08:55:55+00:00","description":"Uchwyt na tablet SUNNYLIFE ZJ886-D do RC-N1\/RC-N2\/RC-N3 (czarny) - \u2705 sklep z dronami i fachowym doradztwem. \u2705 Tutaj kupisz produkty DJI, Yuneec, Parrot, Syma i wiele innych, a tak\u017ce kursy i licencje na operatora drona.","breadcrumb":{"@id":"https:\/\/ironsky.pl\/sklep\/produkt\/uchwyt-na-tablet-sunnylife-zj886-d-do-rc-n1-rc-n2-rc-n3-czarny\/#breadcrumb"},"inLanguage":"pl-PL","potentialAction":[{"@type":"ReadAction","target":["https:\/\/ironsky.pl\/sklep\/produkt\/uchwyt-na-tablet-sunnylife-zj886-d-do-rc-n1-rc-n2-rc-n3-czarny\/"]}]},{"@type":"ImageObject","inLanguage":"pl-PL","@id":"https:\/\/ironsky.pl\/sklep\/produkt\/uchwyt-na-tablet-sunnylife-zj886-d-do-rc-n1-rc-n2-rc-n3-czarny\/#primaryimage","url":"https:\/\/ironsky.pl\/sklep\/wp-content\/uploads\/2025\/05\/49680_1.jpg","contentUrl":"https:\/\/ironsky.pl\/sklep\/wp-content\/uploads\/2025\/05\/49680_1.jpg","width":800,"height":800},{"@type":"BreadcrumbList","@id":"https:\/\/ironsky.pl\/sklep\/produkt\/uchwyt-na-tablet-sunnylife-zj886-d-do-rc-n1-rc-n2-rc-n3-czarny\/#breadcrumb","itemListElement":[{"@type":"ListItem","position":1,"name":"Strona g\u0142\u00f3wna","item":"https:\/\/ironsky.pl\/sklep\/"},{"@type":"ListItem","position":2,"name":"Wszystkie produkty","item":"https:\/\/ironsky.pl\/sklep\/produkty\/"},{"@type":"ListItem","position":3,"name":"Uchwyt na tablet SUNNYLIFE ZJ886-D do RC-N1\/RC-N2\/RC-N3 (czarny)"}]},{"@type":"WebSite","@id":"https:\/\/ironsky.pl\/sklep\/#website","url":"https:\/\/ironsky.pl\/sklep\/","name":"IRONSKY.PL Sklep z Dronami","description":"IRONSKY.PL Sklep z Dronami","potentialAction":[{"@type":"SearchAction","target":{"@type":"EntryPoint","urlTemplate":"https:\/\/ironsky.pl\/sklep\/?s={search_term_string}"},"query-input":{"@type":"PropertyValueSpecification","valueRequired":true,"valueName":"search_term_string"}}],"inLanguage":"pl-PL"}]}},"_links":{"self":[{"href":"https:\/\/ironsky.pl\/sklep\/wp-json\/wp\/v2\/product\/60102","targetHints":{"allow":["GET"]}}],"collection":[{"href":"https:\/\/ironsky.pl\/sklep\/wp-json\/wp\/v2\/product"}],"about":[{"href":"https:\/\/ironsky.pl\/sklep\/wp-json\/wp\/v2\/types\/product"}],"replies":[{"embeddable":true,"href":"https:\/\/ironsky.pl\/sklep\/wp-json\/wp\/v2\/comments?post=60102"}],"wp:featuredmedia":[{"embeddable":true,"href":"https:\/\/ironsky.pl\/sklep\/wp-json\/wp\/v2\/media\/40147"}],"wp:attachment":[{"href":"https:\/\/ironsky.pl\/sklep\/wp-json\/wp\/v2\/media?parent=60102"}],"wp:term":[{"taxonomy":"product_brand","embeddable":true,"href":"https:\/\/ironsky.pl\/sklep\/wp-json\/wp\/v2\/product_brand?post=60102"},{"taxonomy":"product_cat","embeddable":true,"href":"https:\/\/ironsky.pl\/sklep\/wp-json\/wp\/v2\/product_cat?post=60102"},{"taxonomy":"product_tag","embeddable":true,"href":"https:\/\/ironsky.pl\/sklep\/wp-json\/wp\/v2\/product_tag?post=60102"}],"curies":[{"name":"wp","href":"https:\/\/api.w.org\/{rel}","templated":true}]}}