{"id":60086,"date":"2026-04-15T10:54:59","date_gmt":"2026-04-15T08:54:59","guid":{"rendered":"https:\/\/ironsky.pl\/sklep\/produkt\/szklo-hartowane-sunnylife-a3s-bhm915-do-air-3s-2-szt\/"},"modified":"2026-04-15T10:55:32","modified_gmt":"2026-04-15T08:55:32","slug":"szklo-hartowane-sunnylife-a3s-bhm915-do-air-3s-2-szt","status":"publish","type":"product","link":"https:\/\/ironsky.pl\/sklep\/produkt\/szklo-hartowane-sunnylife-a3s-bhm915-do-air-3s-2-szt\/","title":{"rendered":"Szk\u0142o hartowane SUNNYLIFE A3S-BHM915 do Air 3S 2 szt."},"content":{"rendered":"<h3>Folia ze szk\u0142a hartowanego Sunnylife A3S-BHM915 do kamery AIR 3S 2 szt<\/h3>\n<p>Folia ze szk\u0142a hartowanego Sunnylife A3S-BHM915 to produkt, kt\u00f3ry powsta\u0142 z my\u015bl\u0105 o kompleksowej ochronie obiektywu kamery drona AIR 3S. Dzi\u0119ki temu akcesorium mo\u017cesz cieszy\u0107 si\u0119 krystalicznie czystym obrazem i pe\u0142nym bezpiecze\u0144stwem delikatnych element\u00f3w urz\u0105dzenia. W zestawie znajduj\u0105 si\u0119 dwie sztuki folii, co zapewnia dodatkowy zapas na przysz\u0142o\u015b\u0107.<\/p>\n<p>\n<img decoding=\"async\" src=\"https:\/\/assets.innpro.pl\/12067\/14306\/5.jpg\" border=\"0\" \/>\n<\/p>\n<h3>Wysoka przepuszczalno\u015b\u0107 optyczna<\/h3>\n<p>Folia Sunnylife charakteryzuje si\u0119 wysok\u0105 przepuszczalno\u015bci\u0105 \u015bwiat\u0142a, co pozwala na zachowanie realistycznych kolor\u00f3w i doskona\u0142ej jako\u015bci obrazu z kamery. Dzi\u0119ki temu Twoje nagrania i zdj\u0119cia pozostaj\u0105 pe\u0142ne szczeg\u00f3\u0142\u00f3w, a \u017cadne zniekszta\u0142cenia nie wp\u0142ywaj\u0105 na efekt ko\u0144cowy. To idealne rozwi\u0105zanie dla wymagaj\u0105cych u\u017cytkownik\u00f3w, kt\u00f3rzy nie chc\u0105 i\u015b\u0107 na kompromisy w jako\u015bci obrazu.<\/p>\n<p>\n<img decoding=\"async\" src=\"https:\/\/assets.innpro.pl\/12067\/14306\/2.jpg\" border=\"0\" \/>\n<\/p>\n<h3>Wytrzyma\u0142o\u015b\u0107 na najwy\u017cszym poziomie<\/h3>\n<p>Szk\u0142o hartowane o twardo\u015bci 9H zapewnia wyj\u0105tkow\u0105 odporno\u015b\u0107 na zarysowania i uderzenia. Folia jest w stanie ochroni\u0107 obiektyw przed przypadkowymi uszkodzeniami mechanicznymi, kurzem, olejem czy odciskami palc\u00f3w. Dodatkowo jej w\u0142a\u015bciwo\u015bci antywstrz\u0105sowe i odporno\u015b\u0107 na eksplozje sprawiaj\u0105, \u017ce dron jest bezpieczniejszy w ka\u017cdych warunkach.<\/p>\n<p>\n<img decoding=\"async\" src=\"https:\/\/assets.innpro.pl\/12067\/14306\/3.jpg\" border=\"0\" \/>\n<\/p>\n<h3>Precyzyjne dopasowanie<\/h3>\n<p>Folia Sunnylife A3S-BHM915 zosta\u0142a zaprojektowana z najwy\u017csz\u0105 precyzj\u0105, by idealnie przylega\u0107 do obiektywu kamery AIR 3S. Za spraw\u0105 dok\u0142adnego wyci\u0119cia, aplikacja folii jest szybka, a efekt ko\u0144cowy pozbawiony p\u0119cherzyk\u00f3w powietrza. Bezproblemowy monta\u017c sprawia, \u017ce ochron\u0119 mo\u017cesz na\u0142o\u017cy\u0107 w zaledwie kilka chwil.<\/p>\n<p>\n<img decoding=\"async\" src=\"https:\/\/assets.innpro.pl\/12067\/14306\/1.jpg\" border=\"0\" \/>\n<\/p>\n<h3>Eleganckie i praktyczne opakowanie<\/h3>\n<p>Ca\u0142o\u015b\u0107 zapakowana jest w wysokiej jako\u015bci pude\u0142ko, kt\u00f3re zapewnia bezpieczne przechowywanie folii i narz\u0119dzi do jej aplikacji. W zestawie znajdziesz delikatne etui, \u015bciereczki do czyszczenia, naklejki do usuwania kurzu oraz p\u0119set\u0119. Takie rozwi\u0105zanie gwarantuje, \u017ce masz wszystko, czego potrzeba, by zadba\u0107 o obiektyw drona w ka\u017cdych warunkach.<\/p>\n<p>\n<img decoding=\"async\" src=\"https:\/\/assets.innpro.pl\/12067\/14306\/6.jpg\" border=\"0\" \/>\n<\/p>\n<h3>W zestawie<\/h3>\n<ul class=\"list-disc pl-5\">\n<li>Folia z szk\u0142a hartowanego*2<\/li>\n<li>Czysty pokrowiec*2<\/li>\n<li>\u015aciereczka do czyszczenia*2<\/li>\n<li>Naklejka przeciwpy\u0142owa*2<\/li>\n<li>Pude\u0142ko do przechowywania*1<\/li>\n<li>P\u0119seta*1<\/li>\n<\/ul>\n<div class=\"table-wrapper\">\n<p>\u00a0<\/p>\n<h3><\/h3>\n<table>\n<tbody>\n<tr>\n<th>Producent<\/th>\n<td>Sunnylife<\/td>\n<\/tr>\n<tr>\n<th>Model<\/th>\n<td>A3S-BHM915<\/td>\n<\/tr>\n<tr>\n<th>Kompatybilne modele<\/th>\n<td>AIR 3S<\/td>\n<\/tr>\n<tr>\n<th>Waga brutto<\/th>\n<td>28g<\/td>\n<\/tr>\n<tr>\n<th>Materia\u0142<\/th>\n<td>Szk\u0142o hartowane<\/td>\n<\/tr>\n<tr>\n<th>Rozmiar opakowania<\/th>\n<td>98*65*16mm<\/td>\n<\/tr>\n<\/tbody>\n<\/table>\n<\/div>\n","protected":false},"excerpt":{"rendered":"<p>Folia ze szk\u0142a hartowanego Sunnylife A3S-BHM915 do kamery AIR 3S 2 szt Folia ze szk\u0142a hartowanego Sunnylife A3S-BHM915 to produkt,<\/p>\n","protected":false},"featured_media":40095,"comment_status":"closed","ping_status":"open","template":"","meta":{"_acf_changed":false},"product_brand":[],"product_cat":[1130,1128,1150],"product_tag":[],"class_list":{"0":"post-60086","1":"product","2":"type-product","3":"status-publish","4":"has-post-thumbnail","6":"product_cat-akcesoria-foto","7":"product_cat-foto-wideo","8":"product_cat-pozostale","9":"pa_okres-gwarancji-5757","10":"pa_producent-sunnylife","12":"first","13":"outofstock","14":"taxable","15":"shipping-taxable","16":"purchasable","17":"product-type-simple"},"acf":[],"yoast_head":"<!-- This site is optimized with the Yoast SEO plugin v27.2 - https:\/\/yoast.com\/product\/yoast-seo-wordpress\/ -->\n<title>Szk\u0142o hartowane SUNNYLIFE A3S-BHM915 do Air 3S 2 szt. - IRONSKY.PL Sklep z Dronami<\/title>\n<meta name=\"description\" content=\"Szk\u0142o hartowane SUNNYLIFE A3S-BHM915 do Air 3S 2 szt. - \u2705 sklep z dronami i fachowym doradztwem. \u2705 Tutaj kupisz produkty DJI, Yuneec, Parrot, Syma i wiele innych, a tak\u017ce kursy i licencje na operatora drona.\" \/>\n<meta name=\"robots\" content=\"index, follow, max-snippet:-1, max-image-preview:large, max-video-preview:-1\" \/>\n<link rel=\"canonical\" href=\"https:\/\/ironsky.pl\/sklep\/produkt\/szklo-hartowane-sunnylife-a3s-bhm915-do-air-3s-2-szt\/\" \/>\n<meta property=\"og:locale\" content=\"pl_PL\" \/>\n<meta property=\"og:type\" content=\"article\" \/>\n<meta property=\"og:title\" content=\"Szk\u0142o hartowane SUNNYLIFE A3S-BHM915 do Air 3S 2 szt. - IRONSKY.PL Sklep z Dronami\" \/>\n<meta property=\"og:description\" content=\"Szk\u0142o hartowane SUNNYLIFE A3S-BHM915 do Air 3S 2 szt. - \u2705 sklep z dronami i fachowym doradztwem. \u2705 Tutaj kupisz produkty DJI, Yuneec, Parrot, Syma i wiele innych, a tak\u017ce kursy i licencje na operatora drona.\" \/>\n<meta property=\"og:url\" content=\"https:\/\/ironsky.pl\/sklep\/produkt\/szklo-hartowane-sunnylife-a3s-bhm915-do-air-3s-2-szt\/\" \/>\n<meta property=\"og:site_name\" content=\"IRONSKY.PL Sklep z Dronami\" \/>\n<meta property=\"article:modified_time\" content=\"2026-04-15T08:55:32+00:00\" \/>\n<meta property=\"og:image\" content=\"https:\/\/ironsky.pl\/sklep\/wp-content\/uploads\/2025\/05\/49596_1.jpg\" \/>\n\t<meta property=\"og:image:width\" content=\"800\" \/>\n\t<meta property=\"og:image:height\" content=\"800\" \/>\n\t<meta property=\"og:image:type\" content=\"image\/jpeg\" \/>\n<meta name=\"twitter:card\" content=\"summary_large_image\" \/>\n<meta name=\"twitter:label1\" content=\"Szacowany czas czytania\" \/>\n\t<meta name=\"twitter:data1\" content=\"2 minuty\" \/>\n<script type=\"application\/ld+json\" class=\"yoast-schema-graph\">{\"@context\":\"https:\/\/schema.org\",\"@graph\":[{\"@type\":\"WebPage\",\"@id\":\"https:\/\/ironsky.pl\/sklep\/produkt\/szklo-hartowane-sunnylife-a3s-bhm915-do-air-3s-2-szt\/\",\"url\":\"https:\/\/ironsky.pl\/sklep\/produkt\/szklo-hartowane-sunnylife-a3s-bhm915-do-air-3s-2-szt\/\",\"name\":\"Szk\u0142o hartowane SUNNYLIFE A3S-BHM915 do Air 3S 2 szt. - IRONSKY.PL Sklep z Dronami\",\"isPartOf\":{\"@id\":\"https:\/\/ironsky.pl\/sklep\/#website\"},\"primaryImageOfPage\":{\"@id\":\"https:\/\/ironsky.pl\/sklep\/produkt\/szklo-hartowane-sunnylife-a3s-bhm915-do-air-3s-2-szt\/#primaryimage\"},\"image\":{\"@id\":\"https:\/\/ironsky.pl\/sklep\/produkt\/szklo-hartowane-sunnylife-a3s-bhm915-do-air-3s-2-szt\/#primaryimage\"},\"thumbnailUrl\":\"https:\/\/ironsky.pl\/sklep\/wp-content\/uploads\/2025\/05\/49596_1.jpg\",\"datePublished\":\"2026-04-15T08:54:59+00:00\",\"dateModified\":\"2026-04-15T08:55:32+00:00\",\"description\":\"Szk\u0142o hartowane SUNNYLIFE A3S-BHM915 do Air 3S 2 szt. - \u2705 sklep z dronami i fachowym doradztwem. \u2705 Tutaj kupisz produkty DJI, Yuneec, Parrot, Syma i wiele innych, a tak\u017ce kursy i licencje na operatora drona.\",\"breadcrumb\":{\"@id\":\"https:\/\/ironsky.pl\/sklep\/produkt\/szklo-hartowane-sunnylife-a3s-bhm915-do-air-3s-2-szt\/#breadcrumb\"},\"inLanguage\":\"pl-PL\",\"potentialAction\":[{\"@type\":\"ReadAction\",\"target\":[\"https:\/\/ironsky.pl\/sklep\/produkt\/szklo-hartowane-sunnylife-a3s-bhm915-do-air-3s-2-szt\/\"]}]},{\"@type\":\"ImageObject\",\"inLanguage\":\"pl-PL\",\"@id\":\"https:\/\/ironsky.pl\/sklep\/produkt\/szklo-hartowane-sunnylife-a3s-bhm915-do-air-3s-2-szt\/#primaryimage\",\"url\":\"https:\/\/ironsky.pl\/sklep\/wp-content\/uploads\/2025\/05\/49596_1.jpg\",\"contentUrl\":\"https:\/\/ironsky.pl\/sklep\/wp-content\/uploads\/2025\/05\/49596_1.jpg\",\"width\":800,\"height\":800},{\"@type\":\"BreadcrumbList\",\"@id\":\"https:\/\/ironsky.pl\/sklep\/produkt\/szklo-hartowane-sunnylife-a3s-bhm915-do-air-3s-2-szt\/#breadcrumb\",\"itemListElement\":[{\"@type\":\"ListItem\",\"position\":1,\"name\":\"Strona g\u0142\u00f3wna\",\"item\":\"https:\/\/ironsky.pl\/sklep\/\"},{\"@type\":\"ListItem\",\"position\":2,\"name\":\"Wszystkie produkty\",\"item\":\"https:\/\/ironsky.pl\/sklep\/produkty\/\"},{\"@type\":\"ListItem\",\"position\":3,\"name\":\"Szk\u0142o hartowane SUNNYLIFE A3S-BHM915 do Air 3S 2 szt.\"}]},{\"@type\":\"WebSite\",\"@id\":\"https:\/\/ironsky.pl\/sklep\/#website\",\"url\":\"https:\/\/ironsky.pl\/sklep\/\",\"name\":\"IRONSKY.PL Sklep z Dronami\",\"description\":\"IRONSKY.PL Sklep z Dronami\",\"potentialAction\":[{\"@type\":\"SearchAction\",\"target\":{\"@type\":\"EntryPoint\",\"urlTemplate\":\"https:\/\/ironsky.pl\/sklep\/?s={search_term_string}\"},\"query-input\":{\"@type\":\"PropertyValueSpecification\",\"valueRequired\":true,\"valueName\":\"search_term_string\"}}],\"inLanguage\":\"pl-PL\"}]}<\/script>\n<!-- \/ Yoast SEO plugin. -->","yoast_head_json":{"title":"Szk\u0142o hartowane SUNNYLIFE A3S-BHM915 do Air 3S 2 szt. - IRONSKY.PL Sklep z Dronami","description":"Szk\u0142o hartowane SUNNYLIFE A3S-BHM915 do Air 3S 2 szt. - \u2705 sklep z dronami i fachowym doradztwem. \u2705 Tutaj kupisz produkty DJI, Yuneec, Parrot, Syma i wiele innych, a tak\u017ce kursy i licencje na operatora drona.","robots":{"index":"index","follow":"follow","max-snippet":"max-snippet:-1","max-image-preview":"max-image-preview:large","max-video-preview":"max-video-preview:-1"},"canonical":"https:\/\/ironsky.pl\/sklep\/produkt\/szklo-hartowane-sunnylife-a3s-bhm915-do-air-3s-2-szt\/","og_locale":"pl_PL","og_type":"article","og_title":"Szk\u0142o hartowane SUNNYLIFE A3S-BHM915 do Air 3S 2 szt. - IRONSKY.PL Sklep z Dronami","og_description":"Szk\u0142o hartowane SUNNYLIFE A3S-BHM915 do Air 3S 2 szt. - \u2705 sklep z dronami i fachowym doradztwem. \u2705 Tutaj kupisz produkty DJI, Yuneec, Parrot, Syma i wiele innych, a tak\u017ce kursy i licencje na operatora drona.","og_url":"https:\/\/ironsky.pl\/sklep\/produkt\/szklo-hartowane-sunnylife-a3s-bhm915-do-air-3s-2-szt\/","og_site_name":"IRONSKY.PL Sklep z Dronami","article_modified_time":"2026-04-15T08:55:32+00:00","og_image":[{"width":800,"height":800,"url":"https:\/\/ironsky.pl\/sklep\/wp-content\/uploads\/2025\/05\/49596_1.jpg","type":"image\/jpeg"}],"twitter_card":"summary_large_image","twitter_misc":{"Szacowany czas czytania":"2 minuty"},"schema":{"@context":"https:\/\/schema.org","@graph":[{"@type":"WebPage","@id":"https:\/\/ironsky.pl\/sklep\/produkt\/szklo-hartowane-sunnylife-a3s-bhm915-do-air-3s-2-szt\/","url":"https:\/\/ironsky.pl\/sklep\/produkt\/szklo-hartowane-sunnylife-a3s-bhm915-do-air-3s-2-szt\/","name":"Szk\u0142o hartowane SUNNYLIFE A3S-BHM915 do Air 3S 2 szt. - IRONSKY.PL Sklep z Dronami","isPartOf":{"@id":"https:\/\/ironsky.pl\/sklep\/#website"},"primaryImageOfPage":{"@id":"https:\/\/ironsky.pl\/sklep\/produkt\/szklo-hartowane-sunnylife-a3s-bhm915-do-air-3s-2-szt\/#primaryimage"},"image":{"@id":"https:\/\/ironsky.pl\/sklep\/produkt\/szklo-hartowane-sunnylife-a3s-bhm915-do-air-3s-2-szt\/#primaryimage"},"thumbnailUrl":"https:\/\/ironsky.pl\/sklep\/wp-content\/uploads\/2025\/05\/49596_1.jpg","datePublished":"2026-04-15T08:54:59+00:00","dateModified":"2026-04-15T08:55:32+00:00","description":"Szk\u0142o hartowane SUNNYLIFE A3S-BHM915 do Air 3S 2 szt. - \u2705 sklep z dronami i fachowym doradztwem. \u2705 Tutaj kupisz produkty DJI, Yuneec, Parrot, Syma i wiele innych, a tak\u017ce kursy i licencje na operatora drona.","breadcrumb":{"@id":"https:\/\/ironsky.pl\/sklep\/produkt\/szklo-hartowane-sunnylife-a3s-bhm915-do-air-3s-2-szt\/#breadcrumb"},"inLanguage":"pl-PL","potentialAction":[{"@type":"ReadAction","target":["https:\/\/ironsky.pl\/sklep\/produkt\/szklo-hartowane-sunnylife-a3s-bhm915-do-air-3s-2-szt\/"]}]},{"@type":"ImageObject","inLanguage":"pl-PL","@id":"https:\/\/ironsky.pl\/sklep\/produkt\/szklo-hartowane-sunnylife-a3s-bhm915-do-air-3s-2-szt\/#primaryimage","url":"https:\/\/ironsky.pl\/sklep\/wp-content\/uploads\/2025\/05\/49596_1.jpg","contentUrl":"https:\/\/ironsky.pl\/sklep\/wp-content\/uploads\/2025\/05\/49596_1.jpg","width":800,"height":800},{"@type":"BreadcrumbList","@id":"https:\/\/ironsky.pl\/sklep\/produkt\/szklo-hartowane-sunnylife-a3s-bhm915-do-air-3s-2-szt\/#breadcrumb","itemListElement":[{"@type":"ListItem","position":1,"name":"Strona g\u0142\u00f3wna","item":"https:\/\/ironsky.pl\/sklep\/"},{"@type":"ListItem","position":2,"name":"Wszystkie produkty","item":"https:\/\/ironsky.pl\/sklep\/produkty\/"},{"@type":"ListItem","position":3,"name":"Szk\u0142o hartowane SUNNYLIFE A3S-BHM915 do Air 3S 2 szt."}]},{"@type":"WebSite","@id":"https:\/\/ironsky.pl\/sklep\/#website","url":"https:\/\/ironsky.pl\/sklep\/","name":"IRONSKY.PL Sklep z Dronami","description":"IRONSKY.PL Sklep z Dronami","potentialAction":[{"@type":"SearchAction","target":{"@type":"EntryPoint","urlTemplate":"https:\/\/ironsky.pl\/sklep\/?s={search_term_string}"},"query-input":{"@type":"PropertyValueSpecification","valueRequired":true,"valueName":"search_term_string"}}],"inLanguage":"pl-PL"}]}},"_links":{"self":[{"href":"https:\/\/ironsky.pl\/sklep\/wp-json\/wp\/v2\/product\/60086","targetHints":{"allow":["GET"]}}],"collection":[{"href":"https:\/\/ironsky.pl\/sklep\/wp-json\/wp\/v2\/product"}],"about":[{"href":"https:\/\/ironsky.pl\/sklep\/wp-json\/wp\/v2\/types\/product"}],"replies":[{"embeddable":true,"href":"https:\/\/ironsky.pl\/sklep\/wp-json\/wp\/v2\/comments?post=60086"}],"wp:featuredmedia":[{"embeddable":true,"href":"https:\/\/ironsky.pl\/sklep\/wp-json\/wp\/v2\/media\/40095"}],"wp:attachment":[{"href":"https:\/\/ironsky.pl\/sklep\/wp-json\/wp\/v2\/media?parent=60086"}],"wp:term":[{"taxonomy":"product_brand","embeddable":true,"href":"https:\/\/ironsky.pl\/sklep\/wp-json\/wp\/v2\/product_brand?post=60086"},{"taxonomy":"product_cat","embeddable":true,"href":"https:\/\/ironsky.pl\/sklep\/wp-json\/wp\/v2\/product_cat?post=60086"},{"taxonomy":"product_tag","embeddable":true,"href":"https:\/\/ironsky.pl\/sklep\/wp-json\/wp\/v2\/product_tag?post=60086"}],"curies":[{"name":"wp","href":"https:\/\/api.w.org\/{rel}","templated":true}]}}