{"id":60059,"date":"2026-04-15T10:54:59","date_gmt":"2026-04-15T08:54:59","guid":{"rendered":"https:\/\/ironsky.pl\/sklep\/produkt\/system-transmisji-wideo-dji-o4-air-unit-pro\/"},"modified":"2026-04-15T10:55:18","modified_gmt":"2026-04-15T08:55:18","slug":"system-transmisji-wideo-dji-o4-air-unit-pro","status":"publish","type":"product","link":"https:\/\/ironsky.pl\/sklep\/produkt\/system-transmisji-wideo-dji-o4-air-unit-pro\/","title":{"rendered":"System transmisji wideo DJI O4 Air Unit Pro"},"content":{"rendered":"<h3>DJI O4 Air Unit Pro<\/h3>\n<p>Chcesz do\u015bwiadczy\u0107 jeszcze wi\u0119cej emocji w swoich lotach FPV? DJI O4 Air Unit Pro to zaawansowany system transmisji wideo, kt\u00f3ry redefiniuje standardy jako\u015bci i wydajno\u015bci. Dzi\u0119ki przesy\u0142owi obrazu w rozdzielczo\u015bci 1080p z ulepszonym zasi\u0119giem i ni\u017cszym op\u00f3\u017anieniem zapewnia p\u0142ynno\u015b\u0107, na kt\u00f3rej mo\u017cesz polega\u0107. Kamera z 1\/1,3-calow\u0105 matryc\u0105 CMOS rejestruje filmy w jako\u015bci 4K\/120FPS, oferuj\u0105c bogactwo detali i niesamowit\u0105 dynamik\u0119 uj\u0119\u0107. Szerokie pole widzenia 155\u00b0 oraz obs\u0142uga trybu kolor\u00f3w 10-bit D-Log M gwarantuj\u0105 wierne odwzorowanie ka\u017cdej sceny. Co wi\u0119cej, system jest w pe\u0142ni kompatybilny z szerok\u0105 gam\u0105 gogli i kontroler\u00f3w, co sprawia, \u017ce idealnie dopasuje si\u0119 do Twojego zestawu.<\/p>\n<p>\n<img decoding=\"async\" src=\"https:\/\/assets.innpro.pl\/12325\/14664\/1 \u2014 kopia.jpg\" border=\"0\" alt=\"\" \/>\n<\/p>\n<h3>Nowy wymiar swobody w transmisji wideo<\/h3>\n<p>Wykorzystuj\u0105c nowoczesny system transmisji wideo DJI O4, wersja Pro zapewnia wyj\u0105tkow\u0105 p\u0142ynno\u015b\u0107 i responsywno\u015b\u0107. Op\u00f3\u017anienie ograniczone do 15 ms oraz zasi\u0119g si\u0119gaj\u0105cy 8 km, wspierany przez dwie anteny, daj\u0105 pewno\u015b\u0107 stabilnego po\u0142\u0105czenia w ka\u017cdej sytuacji. Urz\u0105dzenie automatycznie dostosowuje si\u0119 do najlepszych dost\u0119pnych cz\u0119stotliwo\u015bci, eliminuj\u0105c zak\u0142\u00f3cenia i gwarantuj\u0105c sta\u0142y przep\u0142yw danych z maksymalnym bitrate na poziomie 60 Mbps. Niezale\u017cnie od tego, czy planujesz eksplorowa\u0107 otwarte przestrzenie, czy precyzyjnie manewrowa\u0107 w ciasnych wn\u0119trzach, DJI O4 Air Unit Pro dostarczy niezapomnianych wra\u017ce\u0144 z lotu.<\/p>\n<p>\n<img decoding=\"async\" src=\"https:\/\/assets.innpro.pl\/12325\/14664\/3.jpg\" border=\"0\" alt=\"\" \/>\n<\/p>\n<h3>Wyj\u0105tkowa jako\u015b\u0107 obrazu\u00a0<\/h3>\n<p>DJI O4 Air Unit Pro, dzi\u0119ki wykorzystaniu kodeka H.265 oferuje transmisj\u0119 wideo w rozdzielczo\u015bci 1080p przy 100 klatkach na sekund\u0119. Taka konfiguracja gwarantuje p\u0142ynno\u015b\u0107, szczeg\u00f3\u0142owo\u015b\u0107 i stabilno\u015b\u0107 obrazu niezale\u017cnie od tempa lotu czy warunk\u00f3w otoczenia. Wysoka jako\u015b\u0107 wideo sprawia, \u017ce ka\u017cda podniebna przygoda staje si\u0119 jeszcze bardziej ekscytuj\u0105ca, a precyzyjne odwzorowanie otoczenia daje wi\u0119ksze poczucie bezpiecze\u0144stwa i kontroli. Bez wzgl\u0119du na szybko\u015b\u0107, DJI O4 Air Unit Pro dotrzymuje Ci kroku.<\/p>\n<p>\n<img decoding=\"async\" src=\"https:\/\/assets.innpro.pl\/12325\/14664\/2.jpg\" border=\"0\" alt=\"\" \/>\n<\/p>\n<h3>Tryb Racing \u2013 pr\u0119dko\u015b\u0107, adrenalina, rywalizacja<\/h3>\n<p>Czas na zupe\u0142nie nowe do\u015bwiadczenia! DJI O4 Air Unit Pro wprowadza ulepszony tryb Racing, kt\u00f3ry pozwala na jeszcze bardziej dynamiczne i emocjonuj\u0105ce wy\u015bcigi. Minimalne op\u00f3\u017anienie wynosz\u0105ce zaledwie 15 ms zapewnia precyzyjne sterowanie, a mo\u017cliwo\u015b\u0107 rywalizacji z nawet o\u015bmioma dronami jednocze\u015bnie otwiera drzwi do niezliczonych wyzwa\u0144 i zabawy. Przygotuj si\u0119 na intensywne emocje i pobijaj kolejne rekordy w przestworzach!<\/p>\n<p>\n<img decoding=\"async\" src=\"https:\/\/assets.innpro.pl\/12325\/14664\/4.jpg\" border=\"0\" alt=\"\" \/>\n<\/p>\n<h3>Spektakularne uj\u0119cia bez dodatkowego sprz\u0119tu<\/h3>\n<p>Z DJI O4 Air Unit Pro nie potrzebujesz montowa\u0107 dodatkowych kamer, aby tworzy\u0107 profesjonalne nagrania. Wbudowana 1\/1,3-calowa matryca CMOS pozwala rejestrowa\u0107 filmy w jako\u015bci 4K przy 120 klatkach na sekund\u0119, zapewniaj\u0105c wyj\u0105tkow\u0105 szczeg\u00f3\u0142owo\u015b\u0107 i dynamik\u0119 obrazu. Szerokie pole widzenia 155\u00b0 umo\u017cliwia uchwycenie rozleg\u0142ych krajobraz\u00f3w lub skomplikowanych tras, a tryb 10-bit D-Log M oddaje bogactwo szczeg\u00f3\u0142\u00f3w zar\u00f3wno w jasnych, jak i ciemnych fragmentach kadru, co otwiera szerokie mo\u017cliwo\u015bci w edycji. Stabilno\u015b\u0107 nagra\u0144 gwarantuje technologia RockSteady, a dodatkow\u0105 precyzj\u0119 uzyskasz dzi\u0119ki kompatybilno\u015bci z oprogramowaniem Gyroflow, kt\u00f3re pozwala na stabilizacj\u0119 wideo w postprodukcji. Mo\u017cesz tak\u017ce korzysta\u0107 z filtr\u00f3w ND kompatybilnych z DJI Avata, aby dostosowa\u0107 swoje uj\u0119cia do zmiennych warunk\u00f3w o\u015bwietleniowych.<\/p>\n<p>\n<img decoding=\"async\" src=\"https:\/\/assets.innpro.pl\/12325\/14664\/9.jpg\" border=\"0\" alt=\"\" \/>\n<\/p>\n<h3>Dostosuj ka\u017cdy szczeg\u00f3\u0142 \u2013 pe\u0142na kontrola z trybem Canvas<\/h3>\n<p>DJI O4 Air Unit Pro daje Ci mo\u017cliwo\u015b\u0107 pe\u0142nej personalizacji widoku na goglach dzi\u0119ki wsparciu dla trybu Canvas oraz Betaflight OSD. Mo\u017cesz swobodnie zmienia\u0107 uk\u0142ad ekranu i wy\u015bwietlane informacje w czasie rzeczywistym, dopasowuj\u0105c je do swoich potrzeb. Precyzyjne dane o locie czy indywidualne ustawienia ekranu sprawi\u0105, \u017ce ka\u017cda podniebna podr\u00f3\u017c b\u0119dzie jeszcze bardziej intuicyjna i dostosowana do Twoich oczekiwa\u0144.<\/p>\n<p>\n<img decoding=\"async\" src=\"https:\/\/assets.innpro.pl\/12325\/14664\/6.jpg\" border=\"0\" alt=\"\" \/>\n<\/p>\n<h3>Kompaktowy design i pe\u0142na elastyczno\u015b\u0107<\/h3>\n<p>DJI O4 Air Unit Pro \u0142\u0105czy w sobie lekk\u0105 konstrukcj\u0119 i uniwersalno\u015b\u0107, wa\u017c\u0105c jedynie oko\u0142o 32 g wraz z modu\u0142em kamery. Dzi\u0119ki kompaktowej budowie pasuje zar\u00f3wno do mniejszych dron\u00f3w, jak i bardziej zaawansowanych konstrukcji FPV. Niezale\u017cnie od rozmiaru sprz\u0119tu, \u0142atwo zamontujesz system i zaczniesz rejestrowa\u0107 dynamiczne uj\u0119cia, ciesz\u0105c si\u0119 swobod\u0105 lotu i pe\u0142n\u0105 kontrol\u0105 nad ka\u017cdym manewrem.<\/p>\n<p>\n<img decoding=\"async\" src=\"https:\/\/assets.innpro.pl\/12325\/14664\/8.jpg\" border=\"0\" alt=\"\" \/>\n<\/p>\n<h3>Wszechstronna kompatybilno\u015b\u0107<\/h3>\n<p>Z DJI O4 Air Unit Pro zapominasz o ograniczeniach sprz\u0119towych. System wsp\u00f3\u0142pracuje z r\u00f3\u017cnymi modelami gogli, w tym DJI Goggles 3 oraz DJI Goggles N3, zapewniaj\u0105c zaawansowan\u0105 funkcjonalno\u015b\u0107 i niezawodno\u015b\u0107. Do sterowania mo\u017cesz u\u017cy\u0107 DJI FPV Remote Controller 3, ale je\u015bli preferujesz inn\u0105 konfiguracj\u0119, system \u015bwietnie dzia\u0142a r\u00f3wnie\u017c z DJI Goggles 2 i Goggles Integra w po\u0142\u0105czeniu z DJI FPV Remote Controller 2. Wybierz rozwi\u0105zanie, kt\u00f3re najlepiej odpowiada Twoim potrzebom i ciesz si\u0119 pe\u0142n\u0105 kompatybilno\u015bci\u0105 oraz wygod\u0105 u\u017cytkowania.<\/p>\n<p>\n<img decoding=\"async\" src=\"https:\/\/assets.innpro.pl\/12325\/14664\/10.jpg\" border=\"0\" alt=\"\" \/>\n<\/p>\n<h3>Sprawd\u017a wersj\u0119 DJI O4 Air Unit<\/h3>\n<p>Dost\u0119pny w sprzeda\u017cy DJI O4 Air Unit to wyj\u0105tkowo lekki i kompaktowy system transmisji FPV, wa\u017c\u0105cy zaledwie 8,2 g wraz z modu\u0142em kamery. Zaprojektowany z my\u015bl\u0105 o najmniejszych dronach, idealnie sprawdzi si\u0119 w przypadku konstrukcji wymagaj\u0105cych minimalnej wagi i rozmiar\u00f3w. System jest wyposa\u017cony w kamer\u0119 z 1\/2-calow\u0105 matryc\u0105 CMOS, kt\u00f3ra pozwala nagrywa\u0107 szczeg\u00f3\u0142owe filmy w jako\u015bci 4K\/60FPS, zapewniaj\u0105c doskona\u0142\u0105 jako\u015b\u0107 obrazu. Zasi\u0119g do 6 km i niskie op\u00f3\u017anienie wynosz\u0105ce jedynie 20 ms sprawiaj\u0105, \u017ce DJI O4 Air Unit to \u015bwietne rozwi\u0105zanie \u0142\u0105cz\u0105ce mobilno\u015b\u0107, wydajno\u015b\u0107 i niezawodno\u015b\u0107 transmisji.<\/p>\n<p>\n<img decoding=\"async\" src=\"https:\/\/assets.innpro.pl\/12325\/14664\/Por\u00f3wnanie DJI O4 Air Unit i DJI O4 Air Unit Pro.jpg\" border=\"0\" alt=\"\" \/>\n<\/p>\n<h3>W zestawie<\/h3>\n<ul class=\"list-disc pl-5\">\n<li>Modu\u0142 z kamer\u0105 DJI O4 Air Unit Pro x 1<\/li>\n<li>Modu\u0142 transmisji DJI O4 Air Unit Pro x 1<\/li>\n<li>Antena DJI O4 Air Unit Pro x 2<\/li>\n<li>Kabel 3 w 1 do DJI O4 Air Unit Pro x 1<\/li>\n<\/ul>\n<div class=\"table-wrapper\">\n<p>\u00a0<\/p>\n<h3>Air Unit<\/h3>\n<table>\n<tbody>\n<tr>\n<th>Waga <\/th>\n<td>Modu\u0142 Air Unit (bez modu\u0142u z kamer\u0105): ok. 15,6 g; <br \/>Modu\u0142 Air Unit (z modu\u0142em z kamer\u0105): ok. 32 g; <br \/>Antena: ok. 2,1 g\/szt.;<\/td>\n<\/tr>\n<tr>\n<th>Wymiary <\/th>\n<td>Modu\u0142 transmisji: 33,5\u00d733,5\u00d713 mm;  <br \/>Modu\u0142 z kamer\u0105: 25,55\u00d720\u00d723,30 mm (D\u00d7S\u00d7W);   <br \/>Kabel koncentryczny: 140 mm;  <br \/>Kabel 3 w 1: 100 mm;   <br \/>Antena: 110 mm;<\/td>\n<\/tr>\n<\/tbody>\n<\/table>\n<p>\u00a0<\/p>\n<h3>Transmisja wideo<\/h3>\n<table>\n<tbody>\n<tr>\n<th>Cz\u0119stotliwo\u015b\u0107 robocza <\/th>\n<td>5,170-5,250 GHz;  5,725-5,850 GHz; *Dozwolone cz\u0119stotliwo\u015bci robocze r\u00f3\u017cni\u0105 si\u0119 w zale\u017cno\u015bci od kraju i regionu. Nale\u017cy zapozna\u0107 si\u0119 z lokalnymi przepisami prawnymi i regulacjami.<\/td>\n<\/tr>\n<tr>\n<th>Moc nadajnika (EIRP) <\/th>\n<td>5,1 GHz:  &lt; 23 dBm (CE);  5,8 GHz:&lt; 33 dBm (FCC);&lt; 14 dBm (CE); &lt; 30 dBm (SRRC);<\/td>\n<\/tr>\n<tr>\n<th>Najni\u017csze op\u00f3\u017anienie <\/th>\n<td>Z DJI Goggles 3 i wybranym trybem Racing:  Przy jako\u015bci transmisji wideo 1080p\/100FPS op\u00f3\u017anienie wynosi oko\u0142o 15 ms. Z DJI Goggles N3 i wybranym trybem Racing: Przy jako\u015bci transmisji wideo 1080p\/100FPS op\u00f3\u017anienie wynosi oko\u0142o 19 ms.   Z DJI Goggles 2 lub DJI Goggles Integra: Przy jako\u015bci transmisji wideo 1080p\/100FPS op\u00f3\u017anienie wynosi mniej ni\u017c 30 ms.  *Dane dotycz\u0105 minimalnego op\u00f3\u017anienia podczas procesu od\u015bwie\u017cania ekranu gogli DJI Goggles. Testowano w otwartej przestrzeni zewn\u0119trznej bez zak\u0142\u00f3ce\u0144. Dane dotycz\u0105ce op\u00f3\u017anienia transmisji wideo r\u00f3\u017cni\u0105 si\u0119 w zale\u017cno\u015bci od urz\u0105dzenia.<\/td>\n<\/tr>\n<tr>\n<th>Maks. zasi\u0119g transmisji wideo <\/th>\n<td>Z DJI Goggles 3\/DJI Goggles N3: 15 km (FCC), 8 km (CE), 8 km (SRRC) *Pomiary wykonano w otwartym \u015brodowisku zewn\u0119trznym bez zak\u0142\u00f3ce\u0144. Dane pokazuj\u0105 maksymalny zasi\u0119g komunikacji wed\u0142ug r\u00f3\u017cnych standard\u00f3w. Rzeczywisty maksymalny zasi\u0119g komunikacji podczas lotu ograniczony jest wytrzyma\u0142o\u015bci\u0105 drona. Podczas lotu zawsze zwracaj uwag\u0119 na przypomnienia RTH w aplikacji.<\/td>\n<\/tr>\n<tr>\n<th>Jako\u015b\u0107 podgl\u0105du na \u017cywo <\/th>\n<td>1080p@30\/48\/50\/60\/100FPS<\/td>\n<\/tr>\n<tr>\n<th>Przepustowo\u015b\u0107 \u0142\u0105czno\u015bci <\/th>\n<td>Maks. 60 MHz<\/td>\n<\/tr>\n<tr>\n<th>Antena <\/th>\n<td>2 anteny, 2T2R<\/td>\n<\/tr>\n<tr>\n<th>Kana\u0142y <\/th>\n<td>Obs\u0142uguje tryb Auto; Obs\u0142uguje tryb Manual: Z DJI Goggles 3 lub DJI Goggles N3: 60 MHz: 1 kana\u0142; 40 MHz: 1 kana\u0142; 20 MHz: 3 kana\u0142y; 10 MHz: 3 kana\u0142y;  Z DJI Goggles 2 lub DJI Goggles Integra: 40 MHz: 1 kana\u0142; 20 MHz: 3 kana\u0142y; 10 MHz: 3 kana\u0142y; <\/td>\n<\/tr>\n<tr>\n<th>Informacje o kana\u0142ach <\/th>\n<td>FCC\/SRRC\/CE:  60 MHz\/40 MHz: Kana\u0142 1: 5794,5 MHz; 20 MHz\/10 MHz: Kana\u0142 1: 5768,5 MHz; Kana\u0142 2: 5789,5 MHz;  Kana\u0142 3: 5814,5 MHz;<\/td>\n<\/tr>\n<\/tbody>\n<\/table>\n<p>\u00a0<\/p>\n<h3>Kamera<\/h3>\n<table>\n<tbody>\n<tr>\n<th>Matryca <\/th>\n<td>1\/1,3-calowa matryca CMOS<\/td>\n<\/tr>\n<tr>\n<th>Obiektyw <\/th>\n<td>Pole widzenia (FOV): 155\u00b0;  Ogniskowa r\u00f3wnowa\u017cna: 12 mm;  Przys\u0142ona: f\/2.8;  Ostro\u015b\u0107: od 0,6 m do \u221e;<\/td>\n<\/tr>\n<tr>\n<th>Zakres ISO <\/th>\n<td>100-25600 (Auto);  100-25600 (Manual);<\/td>\n<\/tr>\n<tr>\n<th>Rozdzielczo\u015b\u0107 wideo <\/th>\n<td>4K(4:3): 3840 x 2880@30\/48\/50\/60FPS;  4K(16:9): 3840 x 2160@30\/48\/50\/60\/100\/120FPS;  2.7K(4:3): 2888 x 2016@30\/48\/50\/60FPS; 2.7K(16:9): 2688 x 1512@30\/48\/50\/60\/100\/120FPS;  1080p(4:3): 1440 x 1080@30\/48\/50\/60\/100\/120FPS;  1080p(16:9): 1920 x 1080@30\/48\/50\/60\/100\/120FPS;<\/td>\n<\/tr>\n<tr>\n<th>Format wideo <\/th>\n<td>MP4<\/td>\n<\/tr>\n<tr>\n<th>Maks. bitrate wideo <\/th>\n<td>130 Mbps<\/td>\n<\/tr>\n<tr>\n<th>Tryb kolor\u00f3w <\/th>\n<td>Tryb Normal;  D-Log M;<\/td>\n<\/tr>\n<tr>\n<th>Pole widzenia kamery (FOV) <\/th>\n<td>Standard; Wide-Angle; Ultra Wide-Angle;<\/td>\n<\/tr>\n<tr>\n<th>Elektroniczna stabilizacja obrazu (EIS) <\/th>\n<td>RockSteady 3.0+; Funkcja stabilizacji wy\u0142\u0105czona (obs\u0142uguje Gyroflow);  *Gdy technologia RockSteady jest w\u0142\u0105czona, dost\u0119pny jest tylko k\u0105t nagrywania Standard.<\/td>\n<\/tr>\n<\/tbody>\n<\/table>\n<p>\u00a0<\/p>\n<h3>Sprz\u0119t<\/h3>\n<table>\n<tbody>\n<tr>\n<th>Napi\u0119cie wej\u015bciowe <\/th>\n<td>7,4-26,4 V<\/td>\n<\/tr>\n<tr>\n<th>Temperatura pracy <\/th>\n<td>Od -10\u00b0C do 40\u00b0C<\/td>\n<\/tr>\n<\/tbody>\n<\/table>\n<p>\u00a0<\/p>\n<h3>Pami\u0119\u0107<\/h3>\n<table>\n<tbody>\n<tr>\n<th>Pami\u0119\u0107 wbudowana <\/th>\n<td>4 GB<\/td>\n<\/tr>\n<tr>\n<th>Obs\u0142ugiwane karty <\/th>\n<td>SD microSD (do 512 GB)<\/td>\n<\/tr>\n<tr>\n<th>Zalecane karty microSD <\/th>\n<td>Lexar Professional 1066x 64GB U3 A2 V30 microSDXC, Lexar Professional 1066x 128GB U3 A2 V30 microSDXC, Lexar Professional 1066x 256GB U3 A2 V30 microSDXC, Lexar Professional 1066x 512GB U3 A2 V30 microSDXC, Kingston CANVAS GO! Plus 64GB U3 A2 V30 microSDXC, Kingston CANVAS GO! Plus 128GB U3 A2 V30 microSDXC, Kingston CANVAS GO! Plus 256GB U3 A2 V30 microSDXC, Kingston CANVAS GO! Plus 512GB U3 A2 V30 microSDXC<\/td>\n<\/tr>\n<\/tbody>\n<\/table>\n<p>\u00a0<\/p>\n<h3>Kompatybilno\u015b\u0107<\/h3>\n<table>\n<tbody>\n<tr>\n<th>Obs\u0142ugiwany system kontrolera lotu <\/th>\n<td>Betaflight 4.3.0 i nowsze wersje<\/td>\n<\/tr>\n<tr>\n<th>Obs\u0142ugiwane gogle i aparatury steruj\u0105ce <\/th>\n<td>DJI DJI Goggles 3 + DJI FPV Remote Controller 3; DJI Goggles N3 + DJI FPV Remote Controller 3; DJI Goggles 2\/DJI Goggles Integra + DJI FPV Remote Controller 2;  *Aby u\u017cywa\u0107 aparatury steruj\u0105cej DJI FPV, oprogramowanie kontrolera lotu musi by\u0107 skonfigurowane do obs\u0142ugi protoko\u0142u SBUS;<\/td>\n<\/tr>\n<\/tbody>\n<\/table>\n<\/div>\n","protected":false},"excerpt":{"rendered":"<p>DJI O4 Air Unit Pro Chcesz do\u015bwiadczy\u0107 jeszcze wi\u0119cej emocji w swoich lotach FPV? DJI O4 Air Unit Pro to<\/p>\n","protected":false},"featured_media":60060,"comment_status":"closed","ping_status":"open","template":"","meta":{"_acf_changed":false},"product_brand":[],"product_cat":[1088,6231],"product_tag":[],"class_list":{"0":"post-60059","1":"product","2":"type-product","3":"status-publish","4":"has-post-thumbnail","6":"product_cat-drony","7":"product_cat-drony-rekreacyjne","8":"pa_okres-gwarancji-5757","9":"pa_producent-dji","11":"first","12":"outofstock","13":"taxable","14":"shipping-taxable","15":"purchasable","16":"product-type-simple"},"acf":[],"yoast_head":"<!-- This site is optimized with the Yoast SEO plugin v27.2 - https:\/\/yoast.com\/product\/yoast-seo-wordpress\/ -->\n<title>System transmisji wideo DJI O4 Air Unit Pro - IRONSKY.PL Sklep z Dronami<\/title>\n<meta name=\"description\" content=\"System transmisji wideo DJI O4 Air Unit Pro - \u2705 sklep z dronami i fachowym doradztwem. \u2705 Tutaj kupisz produkty DJI, Yuneec, Parrot, Syma i wiele innych, a tak\u017ce kursy i licencje na operatora drona.\" \/>\n<meta name=\"robots\" content=\"index, follow, max-snippet:-1, max-image-preview:large, max-video-preview:-1\" \/>\n<link rel=\"canonical\" href=\"https:\/\/ironsky.pl\/sklep\/produkt\/system-transmisji-wideo-dji-o4-air-unit-pro\/\" \/>\n<meta property=\"og:locale\" content=\"pl_PL\" \/>\n<meta property=\"og:type\" content=\"article\" \/>\n<meta property=\"og:title\" content=\"System transmisji wideo DJI O4 Air Unit Pro - IRONSKY.PL Sklep z Dronami\" \/>\n<meta property=\"og:description\" content=\"System transmisji wideo DJI O4 Air Unit Pro - \u2705 sklep z dronami i fachowym doradztwem. \u2705 Tutaj kupisz produkty DJI, Yuneec, Parrot, Syma i wiele innych, a tak\u017ce kursy i licencje na operatora drona.\" \/>\n<meta property=\"og:url\" content=\"https:\/\/ironsky.pl\/sklep\/produkt\/system-transmisji-wideo-dji-o4-air-unit-pro\/\" \/>\n<meta property=\"og:site_name\" content=\"IRONSKY.PL Sklep z Dronami\" \/>\n<meta property=\"article:modified_time\" content=\"2026-04-15T08:55:18+00:00\" \/>\n<meta property=\"og:image\" content=\"https:\/\/ironsky.pl\/sklep\/wp-content\/uploads\/2026\/04\/49551_7.jpg\" \/>\n\t<meta property=\"og:image:width\" content=\"800\" \/>\n\t<meta property=\"og:image:height\" content=\"800\" \/>\n\t<meta property=\"og:image:type\" content=\"image\/jpeg\" \/>\n<meta name=\"twitter:card\" content=\"summary_large_image\" \/>\n<meta name=\"twitter:label1\" content=\"Szacowany czas czytania\" \/>\n\t<meta name=\"twitter:data1\" content=\"7 minut\" \/>\n<script type=\"application\/ld+json\" class=\"yoast-schema-graph\">{\"@context\":\"https:\/\/schema.org\",\"@graph\":[{\"@type\":\"WebPage\",\"@id\":\"https:\/\/ironsky.pl\/sklep\/produkt\/system-transmisji-wideo-dji-o4-air-unit-pro\/\",\"url\":\"https:\/\/ironsky.pl\/sklep\/produkt\/system-transmisji-wideo-dji-o4-air-unit-pro\/\",\"name\":\"System transmisji wideo DJI O4 Air Unit Pro - IRONSKY.PL Sklep z Dronami\",\"isPartOf\":{\"@id\":\"https:\/\/ironsky.pl\/sklep\/#website\"},\"primaryImageOfPage\":{\"@id\":\"https:\/\/ironsky.pl\/sklep\/produkt\/system-transmisji-wideo-dji-o4-air-unit-pro\/#primaryimage\"},\"image\":{\"@id\":\"https:\/\/ironsky.pl\/sklep\/produkt\/system-transmisji-wideo-dji-o4-air-unit-pro\/#primaryimage\"},\"thumbnailUrl\":\"https:\/\/ironsky.pl\/sklep\/wp-content\/uploads\/2026\/04\/49551_7.jpg\",\"datePublished\":\"2026-04-15T08:54:59+00:00\",\"dateModified\":\"2026-04-15T08:55:18+00:00\",\"description\":\"System transmisji wideo DJI O4 Air Unit Pro - \u2705 sklep z dronami i fachowym doradztwem. \u2705 Tutaj kupisz produkty DJI, Yuneec, Parrot, Syma i wiele innych, a tak\u017ce kursy i licencje na operatora drona.\",\"breadcrumb\":{\"@id\":\"https:\/\/ironsky.pl\/sklep\/produkt\/system-transmisji-wideo-dji-o4-air-unit-pro\/#breadcrumb\"},\"inLanguage\":\"pl-PL\",\"potentialAction\":[{\"@type\":\"ReadAction\",\"target\":[\"https:\/\/ironsky.pl\/sklep\/produkt\/system-transmisji-wideo-dji-o4-air-unit-pro\/\"]}]},{\"@type\":\"ImageObject\",\"inLanguage\":\"pl-PL\",\"@id\":\"https:\/\/ironsky.pl\/sklep\/produkt\/system-transmisji-wideo-dji-o4-air-unit-pro\/#primaryimage\",\"url\":\"https:\/\/ironsky.pl\/sklep\/wp-content\/uploads\/2026\/04\/49551_7.jpg\",\"contentUrl\":\"https:\/\/ironsky.pl\/sklep\/wp-content\/uploads\/2026\/04\/49551_7.jpg\",\"width\":800,\"height\":800},{\"@type\":\"BreadcrumbList\",\"@id\":\"https:\/\/ironsky.pl\/sklep\/produkt\/system-transmisji-wideo-dji-o4-air-unit-pro\/#breadcrumb\",\"itemListElement\":[{\"@type\":\"ListItem\",\"position\":1,\"name\":\"Strona g\u0142\u00f3wna\",\"item\":\"https:\/\/ironsky.pl\/sklep\/\"},{\"@type\":\"ListItem\",\"position\":2,\"name\":\"Wszystkie produkty\",\"item\":\"https:\/\/ironsky.pl\/sklep\/produkty\/\"},{\"@type\":\"ListItem\",\"position\":3,\"name\":\"System transmisji wideo DJI O4 Air Unit Pro\"}]},{\"@type\":\"WebSite\",\"@id\":\"https:\/\/ironsky.pl\/sklep\/#website\",\"url\":\"https:\/\/ironsky.pl\/sklep\/\",\"name\":\"IRONSKY.PL Sklep z Dronami\",\"description\":\"IRONSKY.PL Sklep z Dronami\",\"potentialAction\":[{\"@type\":\"SearchAction\",\"target\":{\"@type\":\"EntryPoint\",\"urlTemplate\":\"https:\/\/ironsky.pl\/sklep\/?s={search_term_string}\"},\"query-input\":{\"@type\":\"PropertyValueSpecification\",\"valueRequired\":true,\"valueName\":\"search_term_string\"}}],\"inLanguage\":\"pl-PL\"}]}<\/script>\n<!-- \/ Yoast SEO plugin. -->","yoast_head_json":{"title":"System transmisji wideo DJI O4 Air Unit Pro - IRONSKY.PL Sklep z Dronami","description":"System transmisji wideo DJI O4 Air Unit Pro - \u2705 sklep z dronami i fachowym doradztwem. \u2705 Tutaj kupisz produkty DJI, Yuneec, Parrot, Syma i wiele innych, a tak\u017ce kursy i licencje na operatora drona.","robots":{"index":"index","follow":"follow","max-snippet":"max-snippet:-1","max-image-preview":"max-image-preview:large","max-video-preview":"max-video-preview:-1"},"canonical":"https:\/\/ironsky.pl\/sklep\/produkt\/system-transmisji-wideo-dji-o4-air-unit-pro\/","og_locale":"pl_PL","og_type":"article","og_title":"System transmisji wideo DJI O4 Air Unit Pro - IRONSKY.PL Sklep z Dronami","og_description":"System transmisji wideo DJI O4 Air Unit Pro - \u2705 sklep z dronami i fachowym doradztwem. \u2705 Tutaj kupisz produkty DJI, Yuneec, Parrot, Syma i wiele innych, a tak\u017ce kursy i licencje na operatora drona.","og_url":"https:\/\/ironsky.pl\/sklep\/produkt\/system-transmisji-wideo-dji-o4-air-unit-pro\/","og_site_name":"IRONSKY.PL Sklep z Dronami","article_modified_time":"2026-04-15T08:55:18+00:00","og_image":[{"width":800,"height":800,"url":"https:\/\/ironsky.pl\/sklep\/wp-content\/uploads\/2026\/04\/49551_7.jpg","type":"image\/jpeg"}],"twitter_card":"summary_large_image","twitter_misc":{"Szacowany czas czytania":"7 minut"},"schema":{"@context":"https:\/\/schema.org","@graph":[{"@type":"WebPage","@id":"https:\/\/ironsky.pl\/sklep\/produkt\/system-transmisji-wideo-dji-o4-air-unit-pro\/","url":"https:\/\/ironsky.pl\/sklep\/produkt\/system-transmisji-wideo-dji-o4-air-unit-pro\/","name":"System transmisji wideo DJI O4 Air Unit Pro - IRONSKY.PL Sklep z Dronami","isPartOf":{"@id":"https:\/\/ironsky.pl\/sklep\/#website"},"primaryImageOfPage":{"@id":"https:\/\/ironsky.pl\/sklep\/produkt\/system-transmisji-wideo-dji-o4-air-unit-pro\/#primaryimage"},"image":{"@id":"https:\/\/ironsky.pl\/sklep\/produkt\/system-transmisji-wideo-dji-o4-air-unit-pro\/#primaryimage"},"thumbnailUrl":"https:\/\/ironsky.pl\/sklep\/wp-content\/uploads\/2026\/04\/49551_7.jpg","datePublished":"2026-04-15T08:54:59+00:00","dateModified":"2026-04-15T08:55:18+00:00","description":"System transmisji wideo DJI O4 Air Unit Pro - \u2705 sklep z dronami i fachowym doradztwem. \u2705 Tutaj kupisz produkty DJI, Yuneec, Parrot, Syma i wiele innych, a tak\u017ce kursy i licencje na operatora drona.","breadcrumb":{"@id":"https:\/\/ironsky.pl\/sklep\/produkt\/system-transmisji-wideo-dji-o4-air-unit-pro\/#breadcrumb"},"inLanguage":"pl-PL","potentialAction":[{"@type":"ReadAction","target":["https:\/\/ironsky.pl\/sklep\/produkt\/system-transmisji-wideo-dji-o4-air-unit-pro\/"]}]},{"@type":"ImageObject","inLanguage":"pl-PL","@id":"https:\/\/ironsky.pl\/sklep\/produkt\/system-transmisji-wideo-dji-o4-air-unit-pro\/#primaryimage","url":"https:\/\/ironsky.pl\/sklep\/wp-content\/uploads\/2026\/04\/49551_7.jpg","contentUrl":"https:\/\/ironsky.pl\/sklep\/wp-content\/uploads\/2026\/04\/49551_7.jpg","width":800,"height":800},{"@type":"BreadcrumbList","@id":"https:\/\/ironsky.pl\/sklep\/produkt\/system-transmisji-wideo-dji-o4-air-unit-pro\/#breadcrumb","itemListElement":[{"@type":"ListItem","position":1,"name":"Strona g\u0142\u00f3wna","item":"https:\/\/ironsky.pl\/sklep\/"},{"@type":"ListItem","position":2,"name":"Wszystkie produkty","item":"https:\/\/ironsky.pl\/sklep\/produkty\/"},{"@type":"ListItem","position":3,"name":"System transmisji wideo DJI O4 Air Unit Pro"}]},{"@type":"WebSite","@id":"https:\/\/ironsky.pl\/sklep\/#website","url":"https:\/\/ironsky.pl\/sklep\/","name":"IRONSKY.PL Sklep z Dronami","description":"IRONSKY.PL Sklep z Dronami","potentialAction":[{"@type":"SearchAction","target":{"@type":"EntryPoint","urlTemplate":"https:\/\/ironsky.pl\/sklep\/?s={search_term_string}"},"query-input":{"@type":"PropertyValueSpecification","valueRequired":true,"valueName":"search_term_string"}}],"inLanguage":"pl-PL"}]}},"_links":{"self":[{"href":"https:\/\/ironsky.pl\/sklep\/wp-json\/wp\/v2\/product\/60059","targetHints":{"allow":["GET"]}}],"collection":[{"href":"https:\/\/ironsky.pl\/sklep\/wp-json\/wp\/v2\/product"}],"about":[{"href":"https:\/\/ironsky.pl\/sklep\/wp-json\/wp\/v2\/types\/product"}],"replies":[{"embeddable":true,"href":"https:\/\/ironsky.pl\/sklep\/wp-json\/wp\/v2\/comments?post=60059"}],"wp:featuredmedia":[{"embeddable":true,"href":"https:\/\/ironsky.pl\/sklep\/wp-json\/wp\/v2\/media\/60060"}],"wp:attachment":[{"href":"https:\/\/ironsky.pl\/sklep\/wp-json\/wp\/v2\/media?parent=60059"}],"wp:term":[{"taxonomy":"product_brand","embeddable":true,"href":"https:\/\/ironsky.pl\/sklep\/wp-json\/wp\/v2\/product_brand?post=60059"},{"taxonomy":"product_cat","embeddable":true,"href":"https:\/\/ironsky.pl\/sklep\/wp-json\/wp\/v2\/product_cat?post=60059"},{"taxonomy":"product_tag","embeddable":true,"href":"https:\/\/ironsky.pl\/sklep\/wp-json\/wp\/v2\/product_tag?post=60059"}],"curies":[{"name":"wp","href":"https:\/\/api.w.org\/{rel}","templated":true}]}}