{"id":60054,"date":"2026-04-15T10:54:59","date_gmt":"2026-04-15T08:54:59","guid":{"rendered":"https:\/\/ironsky.pl\/sklep\/produkt\/system-transmisji-wideo-dji-o4-air-unit\/"},"modified":"2026-04-15T10:55:15","modified_gmt":"2026-04-15T08:55:15","slug":"system-transmisji-wideo-dji-o4-air-unit","status":"publish","type":"product","link":"https:\/\/ironsky.pl\/sklep\/produkt\/system-transmisji-wideo-dji-o4-air-unit\/","title":{"rendered":"System transmisji wideo DJI O4 Air Unit"},"content":{"rendered":"<h3>DJI 04 Air Unit\u00a0<\/h3>\n<p>Otw\u00f3rz si\u0119 na przestrze\u0144 pe\u0142n\u0105 detali z DJI O4 Air Unit \u2013 systemem transmisji wideo, kt\u00f3ry daje ogrom mo\u017cliwo\u015bci entuzjastom lot\u00f3w FPV. Dzi\u0119ki przesy\u0142owi obrazu w jako\u015bci 1080p, z minimalnym op\u00f3\u017anieniem i zasi\u0119giem si\u0119gaj\u0105cym 6 km, mo\u017cesz liczy\u0107 na niezawodn\u0105 \u0142\u0105czno\u015b\u0107 w ka\u017cdych warunkach. Niezwykle lekka konstrukcja o wadze zaledwie 8,2 g sprawia, \u017ce doskonale nadaje si\u0119 do ma\u0142ych dron\u00f3w. Wyposa\u017cony w kamer\u0119 z matryc\u0105 CMOS 1\/2&#8243;, pozwala rejestrowa\u0107 szczeg\u00f3\u0142owe nagrania w rozdzielczo\u015bci 4K\/60FPS. Co wi\u0119cej, urz\u0105dzenie wsp\u00f3\u0142pracuje z r\u00f3\u017cnorodnymi goglami i kontrolerami, umo\u017cliwiaj\u0105c \u0142atw\u0105 integracj\u0119 z Twoim zestawem. To niezast\u0105pione rozwi\u0105zanie dla ka\u017cdego, kto szuka wyj\u0105tkowej jako\u015bci obrazu i niezawodnej technologii.\u00a0<\/p>\n<p>\n<img decoding=\"async\" src=\"https:\/\/assets.innpro.pl\/12324\/14663\/1 \u2014 kopia.jpg\" border=\"0\" \/>\n<\/p>\n<h3>Swoboda i niezawodno\u015b\u0107 w zasi\u0119gu r\u0119ki<\/h3>\n<p>Z DJI O4 Air Unit mo\u017cesz zapomnie\u0107 o ograniczeniach w transmisji wideo. System zapewnia stabilne po\u0142\u0105czenie, minimalne op\u00f3\u017anienie na poziomie 20 ms oraz zasi\u0119g dochodz\u0105cy do 6 km. To oznacza, \u017ce mo\u017cesz pewnie sterowa\u0107 swoim dronem, niezale\u017cnie od tego, czy przemierzasz otwarte przestrzenie, czy odkrywasz zakamarki w trudnym terenie. Precyzja i p\u0142ynno\u015b\u0107 dzia\u0142ania sprawiaj\u0105, \u017ce ka\u017cda chwila w powietrzu staje si\u0119 czyst\u0105 przyjemno\u015bci\u0105.<\/p>\n<p>\n<img decoding=\"async\" src=\"https:\/\/assets.innpro.pl\/12324\/14663\/5.jpg\" border=\"0\" \/>\n<\/p>\n<h3>Zachwycaj\u0105cy realizm<\/h3>\n<p>Poczuj dreszcz emocji, kt\u00f3ry towarzyszy szybkim i precyzyjnym lotom FPV. DJI O4 Air Unit obs\u0142uguje wideo w rozdzielczo\u015bci 1080p przy 100 klatkach na sekund\u0119, wykorzystuj\u0105c nowoczesny kodek H.265. Dzi\u0119ki temu obraz jest pe\u0142en szczeg\u00f3\u0142\u00f3w, p\u0142ynny i wyj\u0105tkowo realistyczny \u2013 nawet przy du\u017cych pr\u0119dko\u015bciach. Ten system daje Ci wszystko, czego potrzebujesz, by zanurzy\u0107 si\u0119 w ekscytuj\u0105cy \u015bwiat dynamicznych lot\u00f3w i prze\u017cy\u0107 niezapomniane chwile w przestworzach.<\/p>\n<p>\n<img decoding=\"async\" src=\"https:\/\/assets.innpro.pl\/12324\/14663\/2.jpg\" border=\"0\" \/>\n<\/p>\n<h3>Odkryj emocje w trybie Racing<\/h3>\n<p>Szybko\u015b\u0107, emocje i pe\u0142na swoboda rywalizacji \u2013 to w\u0142a\u015bnie oferuje tryb Racing w DJI O4 Air Unit. Mo\u017cesz \u015bciga\u0107 si\u0119 z innymi pilotami (nawet o\u015bmiu dron\u00f3w jednocze\u015bnie!), korzystaj\u0105c z minimalnego op\u00f3\u017anienia na poziomie oko\u0142o 20 ms. Ten zaawansowany tryb pozwala w pe\u0142ni wykorzysta\u0107 potencja\u0142 dynamicznych lot\u00f3w, bij\u0105c rekordy pr\u0119dko\u015bci i czerpi\u0105c rado\u015b\u0107 z ekstremalnych wyzwa\u0144 w powietrzu.<\/p>\n<p>\n<img decoding=\"async\" src=\"https:\/\/assets.innpro.pl\/12324\/14663\/3.jpg\" border=\"0\" \/>\n<\/p>\n<h3>Tw\u00f3rz dynamiczne filmy pe\u0142ne detali<\/h3>\n<p>Dzi\u0119ki DJI O4 Air Unit nagrywanie imponuj\u0105cych film\u00f3w sta\u0142o si\u0119 jeszcze prostsze. Kamera z matryc\u0105 CMOS 1\/2\u201d umo\u017cliwia rejestracj\u0119 szczeg\u00f3\u0142owych uj\u0119\u0107 w rozdzielczo\u015bci 4K\/60FPS, a technologia RockSteady eliminuje drgania, gwarantuj\u0105c p\u0142ynno\u015b\u0107 nawet przy gwa\u0142townych manewrach. Co wi\u0119cej, system wspiera oprogramowanie Gyroflow, kt\u00f3re pozwala na dodatkow\u0105 stabilizacj\u0119 nagra\u0144 w postprodukcji. Wszystko to sprawia, \u017ce mo\u017cesz tworzy\u0107 profesjonalne materia\u0142y bez potrzeby instalowania dodatkowych urz\u0105dze\u0144 na swoim dronie.<\/p>\n<p>\n<img decoding=\"async\" src=\"https:\/\/assets.innpro.pl\/12324\/14663\/7.jpg\" border=\"0\" \/>\n<\/p>\n<h3>Personalizuj sw\u00f3j widok \u2013 tryb Canvas w akcji<\/h3>\n<p>Z DJI O4 Air Unit to Ty decydujesz, jak wygl\u0105da Tw\u00f3j ekran. Dzi\u0119ki kompatybilno\u015bci z trybem Canvas mo\u017cesz precyzyjnie dostosowa\u0107 wy\u015bwietlane informacje i uk\u0142ad element\u00f3w na goglach, korzystaj\u0105c z ustawie\u0144 Betaflight OSD. Czy to dane o pr\u0119dko\u015bci, poziomie energii, czy inne kluczowe parametry \u2013 wszystko jest w zasi\u0119gu wzroku, dok\u0142adnie tak, jak tego potrzebujesz. W ten spos\u00f3b zyskujesz nie tylko wygod\u0119, ale te\u017c wyj\u0105tkow\u0105 kontrol\u0119 nad ka\u017cdym lotem.<\/p>\n<p>\n<img decoding=\"async\" src=\"https:\/\/assets.innpro.pl\/12324\/14663\/6.jpg\" border=\"0\" \/>\n<\/p>\n<h3>Kompaktowa konstrukcja, wielkie mo\u017cliwo\u015bci<\/h3>\n<p>Wa\u017cy zaledwie 8,2 g, ale mo\u017cliwo\u015bci ma ogromne \u2013 DJI O4 Air Unit to idealne rozwi\u0105zanie dla niewielkich dron\u00f3w. Dzi\u0119ki swoim rozmiarom doskonale pasuje do ram o wielko\u015bci 2\u201d i mniejszych, co czyni go \u015bwietnym wyborem do dynamicznych, lekkich konstrukcji. Niewielka waga nie obci\u0105\u017ca drona, dzi\u0119ki czemu mo\u017cesz swobodnie realizowa\u0107 kolejne podniebne wyzwania i cieszy\u0107 si\u0119 pe\u0142ni\u0105 wra\u017ce\u0144 z lotu.<\/p>\n<p>\n<img decoding=\"async\" src=\"https:\/\/assets.innpro.pl\/12324\/14663\/4.jpg\" border=\"0\" \/>\n<\/p>\n<h3>Kompatybilno\u015b\u0107 bez granic<\/h3>\n<p>Z DJI O4 Air Unit mo\u017cesz zapomnie\u0107 o ograniczeniach sprz\u0119towych. System bezproblemowo wsp\u00f3\u0142pracuje z r\u00f3\u017cnymi modelami gogli FPV, takimi jak DJI Goggles 2 czy DJI Goggles Integra, oferuj\u0105c pe\u0142n\u0105 funkcjonalno\u015b\u0107 i wygod\u0119 u\u017cytkowania. Je\u015bli preferujesz nowsze technologie, DJI O4 Air Unit jest r\u00f3wnie\u017c kompatybilny z DJI Goggles 3 i Goggles N3. Do sterowania mo\u017cesz wykorzysta\u0107 aparatur\u0119 DJI FPV Remote Controller 2 lub jej nowsz\u0105 wersj\u0119 \u2013 Remote Controller 3. Wybierz konfiguracj\u0119, kt\u00f3ra najlepiej odpowiada Twoim potrzebom i stylowi latania.<\/p>\n<p>\n<img decoding=\"async\" src=\"https:\/\/assets.innpro.pl\/12324\/14663\/10.jpg\" border=\"0\" \/>\n<\/p>\n<h3>DJI O4 Air Unit Pro \u2013 wi\u0119cej mo\u017cliwo\u015bci na wyci\u0105gni\u0119cie r\u0119ki<\/h3>\n<p>Je\u015bli oczekujesz jeszcze wy\u017cszej jako\u015bci obrazu i transmisji, DJI O4 Air Unit Pro spe\u0142ni Twoje wymagania. Kamera z wi\u0119ksz\u0105, 1\/1,3-calow\u0105 matryc\u0105 CMOS pozwala na rejestrowanie niesamowitych uj\u0119\u0107 w rozdzielczo\u015bci 4K\/120FPS, a szerokie pole widzenia 155\u00b0 uchwyci wi\u0119cej w ka\u017cdym kadrze. Dzi\u0119ki trybowi kolor\u00f3w 10-bit D-Log M wszystkie szczeg\u00f3\u0142y, zar\u00f3wno w jasnych, jak i ciemnych partiach obrazu, b\u0119d\u0105 zachowane. Model Pro, wyposa\u017cony w dwie anteny, oferuje transmisj\u0119 o zasi\u0119gu do 8 km i op\u00f3\u017anieniu zredukowanym do zaledwie 15 ms, co czyni go idealnym rozwi\u0105zaniem dla najbardziej wymagaj\u0105cych pilot\u00f3w FPV.<\/p>\n<p>\n<img decoding=\"async\" src=\"https:\/\/assets.innpro.pl\/12324\/14663\/Por\u00f3wnanie DJI O4 Air Unit i DJI O4 Air Unit Pro.jpg\" border=\"0\" \/>\n<\/p>\n<h3>W zestawie<\/h3>\n<ul class=\"list-disc pl-5\">\n<li>Modu\u0142 z kamer\u0105 DJI O4 Air Unit x 1<\/li>\n<li>Modu\u0142 transmisji DJI O4 Air Unit x 1<\/li>\n<li>Antena DJI O4 Air Unit x 1<\/li>\n<li>Kabel 3 w 1 do DJI O4 Air Unit x 1<\/li>\n<\/ul>\n<div class=\"table-wrapper\">\n<p>\u00a0<\/p>\n<h3>Air Unit<\/h3>\n<table>\n<tbody>\n<tr>\n<th>Waga <\/th>\n<td>Modu\u0142 Air Unit (bez modu\u0142u z kamer\u0105): ok. 5,1 g; <br \/>Modu\u0142 Air Unit (z modu\u0142em z kamer\u0105): ok. 8,2 g; <br \/>Antena: ok. 0,75 g;<sup>1<\/sup><\/td>\n<\/tr>\n<tr>\n<th>Wymiary <\/th>\n<td>Modu\u0142 transmisji: 30\u00d730\u00d76 mm (D\u00d7S\u00d7W);  <br \/>Modu\u0142 z kamer\u0105: 13,44\u00d712,36\u00d716,50 mm (D\u00d7S\u00d7W);   <br \/>Kabel koncentryczny: 50 mm;  <br \/>Kabel 3 w 1: 50 mm;   <br \/>Antena: 80 mm;<\/td>\n<\/tr>\n<tr><\/tr>\n<\/tbody>\n<\/table>\n<p>\u00a0<\/p>\n<h3>Transmisja wideo<\/h3>\n<table>\n<tbody>\n<tr>\n<th>Cz\u0119stotliwo\u015b\u0107 robocza <\/th>\n<td>5,170-5,250 GHz; <br \/>5,725-5,850 GHz; <sup>2<\/sup><\/td>\n<\/tr>\n<tr>\n<th>Moc nadajnika (EIRP) <\/th>\n<td>5,1 GHz: <br \/>&lt; 23 dBm (CE); <br \/>5,8 GHz:   <br \/>&lt; 30 dBm (FCC); <br \/>&lt; 14 dBm (CE); <br \/>&lt; 30 dBm (SRRC);<\/td>\n<\/tr>\n<tr>\n<th>Najni\u017csze op\u00f3\u017anienie <\/th>\n<td>Z DJI Goggles 3 i wybranym trybem Racing: <br \/>Przy jako\u015bci transmisji wideo 1080p\/100FPS op\u00f3\u017anienie wynosi oko\u0142o 20 ms.  <br \/>Z DJI Goggles N3 i wybranym trybem Racing:  <br \/>Przy jako\u015bci transmisji wideo 1080p\/100FPS op\u00f3\u017anienie wynosi oko\u0142o 24 ms. Z DJI Goggles 2 lub DJI Goggles Integra: <br \/>Przy jako\u015bci transmisji wideo 1080p\/100FPS op\u00f3\u017anienie transmisji wideo wynosi mniej ni\u017c 35 ms. <sup>3<\/sup><\/td>\n<\/tr>\n<tr>\n<th>Maks. zasi\u0119g transmisji wideo <\/th>\n<td>Z DJI Goggles 3\/DJI Goggles N3:  <br \/>10 km (FCC), 6 km (CE), 6 km (SRRC); <sup>4<\/sup><\/td>\n<\/tr>\n<tr>\n<th>Jako\u015b\u0107 podgl\u0105du na \u017cywo <\/th>\n<td>1080p@30\/50\/60\/100FPS<\/td>\n<\/tr>\n<tr>\n<th>Przepustowo\u015b\u0107 \u0142\u0105czno\u015bci <\/th>\n<td>Maks. 60 MHz<\/td>\n<\/tr>\n<tr>\n<th>Antena <\/th>\n<td>1 antena, 1T1R<\/td>\n<\/tr>\n<tr>\n<th>Kana\u0142y <\/th>\n<td>Obs\u0142uguje tryb Auto; <br \/>Obs\u0142uguje tryb Manual: <br \/>Z DJI Goggles 3 lub DJI Goggles N3: <br \/>60 MHz: 1 kana\u0142; 40 MHz: 1 kana\u0142; 20 MHz: 3 kana\u0142y; 10 MHz: 3 kana\u0142y;  <br \/>Z DJI Goggles 2 lub DJI Goggles Integra: <br \/>40 MHz: 1 kana\u0142; 20 MHz: 3 kana\u0142y; 10 MHz: 3 kana\u0142y;<\/td>\n<\/tr>\n<tr>\n<th>Informacje o kana\u0142ach <\/th>\n<td>FCC\/SRRC\/CE: <br \/>60 MHz\/40 MHz: <br \/>Kana\u0142 1: 5794,5 MHz; <br \/>20 MHz\/10 MHz:<br \/> Kana\u0142 1: 5768,5 MHz; <br \/>Kana\u0142 2: 5789,5 MHz;   <br \/>Kana\u0142 3: 5814,5 MHz;<\/td>\n<\/tr>\n<\/tbody>\n<\/table>\n<p>\u00a0<\/p>\n<h3>Kamera<\/h3>\n<table>\n<tbody>\n<tr>\n<th>Matryca <\/th>\n<td>1\/2-calowa matryca CMOS<\/td>\n<\/tr>\n<tr>\n<th>Obiektyw <\/th>\n<td>Pole widzenia (FOV): 117,6\u00b0; <br \/>Ogniskowa r\u00f3wnowa\u017cna: 14 mm; <br \/>Przys\u0142ona: f\/2.8; Ostro\u015b\u0107: od 0,6 m do \u221e;<\/td>\n<\/tr>\n<tr>\n<th>Zakres ISO <\/th>\n<td>100-6400 (Auto); <br \/>100-12800 (Manual);<\/td>\n<\/tr>\n<tr>\n<th>Rozdzielczo\u015b\u0107 wideo <\/th>\n<td>4K(4:3): 3840 x 2880@30\/50\/60FPS;  <br \/>4K(16:9): 3840 x 2160@30\/50\/60FPS; <br \/>1080p(4:3): 1440 x 1080@30\/50\/60\/100\/120FPS;   <br \/>1080p(16:9): 1920 x 1080@30\/50\/60\/100\/120FPS;<\/td>\n<\/tr>\n<tr>\n<th>Format wideo <\/th>\n<td>MP4<\/td>\n<\/tr>\n<tr>\n<th>Maks. bitrate wideo <\/th>\n<td>100 Mbps<\/td>\n<\/tr>\n<tr>\n<th>Tryb kolor\u00f3w <\/th>\n<td>Tryb Normal<\/td>\n<\/tr>\n<tr>\n<th>Pole widzenia kamery (FOV) <\/th>\n<td>Standard; <br \/>Wide-Angle;<\/td>\n<\/tr>\n<tr>\n<th>Elektroniczna stabilizacja obrazu (EIS) <\/th>\n<td>RockSteady 3.0+; <br \/>Funkcja stabilizacji wy\u0142\u0105czona (obs\u0142uguje Gyroflow); <sup>5<\/sup><\/td>\n<\/tr>\n<\/tbody>\n<\/table>\n<p>\u00a0<\/p>\n<h3>Sprz\u0119t<\/h3>\n<table>\n<tbody>\n<tr>\n<th>Napi\u0119cie wej\u015bciowe <\/th>\n<td>3,7-13,2 V<\/td>\n<\/tr>\n<tr>\n<th>Temperatura pracy <\/th>\n<td>Od -10\u00b0C do 40\u00b0C<\/td>\n<\/tr>\n<\/tbody>\n<\/table>\n<p>\u00a0<\/p>\n<h3>Pami\u0119\u0107<\/h3>\n<table>\n<tbody>\n<tr>\n<th>Pami\u0119\u0107 wbudowana <\/th>\n<td>23 GB<\/td>\n<\/tr>\n<tr>\n<th>Obs\u0142ugiwane karty SD <\/th>\n<td>Nie dotyczy<\/td>\n<\/tr>\n<tr>\n<th>Zalecane karty microSD <\/th>\n<td>Nie dotyczy<\/td>\n<\/tr>\n<\/tbody>\n<\/table>\n<p>\u00a0<\/p>\n<h3>Kompatybilno\u015b\u0107<\/h3>\n<table>\n<tbody>\n<tr>\n<th>Obs\u0142ugiwany system kontrolera lotu <\/th>\n<td>Betaflight 4.3.0 i nowsze wersje<\/td>\n<\/tr>\n<tr>\n<th>Obs\u0142ugiwane gogle i aparatury steruj\u0105ce DJI <\/th>\n<td>DJI Goggles 3 + DJI FPV Remote Controller 3; <br \/>DJI Goggles N3 + DJI FPV Remote Controller 3;  <br \/>DJI Goggles 2\/DJI Goggles Integra + DJI FPV Remote Controller 2; <sup>6<\/sup><\/td>\n<\/tr>\n<\/tbody>\n<\/table>\n<\/div>\n","protected":false},"excerpt":{"rendered":"<p>DJI 04 Air Unit\u00a0 Otw\u00f3rz si\u0119 na przestrze\u0144 pe\u0142n\u0105 detali z DJI O4 Air Unit \u2013 systemem transmisji wideo, kt\u00f3ry<\/p>\n","protected":false},"featured_media":60055,"comment_status":"closed","ping_status":"open","template":"","meta":{"_acf_changed":false},"product_brand":[],"product_cat":[1088,6231],"product_tag":[],"class_list":{"0":"post-60054","1":"product","2":"type-product","3":"status-publish","4":"has-post-thumbnail","6":"product_cat-drony","7":"product_cat-drony-rekreacyjne","8":"pa_okres-gwarancji-5757","9":"pa_producent-dji","11":"first","12":"outofstock","13":"taxable","14":"shipping-taxable","15":"purchasable","16":"product-type-simple"},"acf":[],"yoast_head":"<!-- This site is optimized with the Yoast SEO plugin v27.2 - https:\/\/yoast.com\/product\/yoast-seo-wordpress\/ -->\n<title>System transmisji wideo DJI O4 Air Unit - IRONSKY.PL Sklep z Dronami<\/title>\n<meta name=\"description\" content=\"System transmisji wideo DJI O4 Air Unit - \u2705 sklep z dronami i fachowym doradztwem. \u2705 Tutaj kupisz produkty DJI, Yuneec, Parrot, Syma i wiele innych, a tak\u017ce kursy i licencje na operatora drona.\" \/>\n<meta name=\"robots\" content=\"index, follow, max-snippet:-1, max-image-preview:large, max-video-preview:-1\" \/>\n<link rel=\"canonical\" href=\"https:\/\/ironsky.pl\/sklep\/produkt\/system-transmisji-wideo-dji-o4-air-unit\/\" \/>\n<meta property=\"og:locale\" content=\"pl_PL\" \/>\n<meta property=\"og:type\" content=\"article\" \/>\n<meta property=\"og:title\" content=\"System transmisji wideo DJI O4 Air Unit - IRONSKY.PL Sklep z Dronami\" \/>\n<meta property=\"og:description\" content=\"System transmisji wideo DJI O4 Air Unit - \u2705 sklep z dronami i fachowym doradztwem. \u2705 Tutaj kupisz produkty DJI, Yuneec, Parrot, Syma i wiele innych, a tak\u017ce kursy i licencje na operatora drona.\" \/>\n<meta property=\"og:url\" content=\"https:\/\/ironsky.pl\/sklep\/produkt\/system-transmisji-wideo-dji-o4-air-unit\/\" \/>\n<meta property=\"og:site_name\" content=\"IRONSKY.PL Sklep z Dronami\" \/>\n<meta property=\"article:modified_time\" content=\"2026-04-15T08:55:15+00:00\" \/>\n<meta property=\"og:image\" content=\"https:\/\/ironsky.pl\/sklep\/wp-content\/uploads\/2026\/04\/49550_5.jpg\" \/>\n\t<meta property=\"og:image:width\" content=\"800\" \/>\n\t<meta property=\"og:image:height\" content=\"800\" \/>\n\t<meta property=\"og:image:type\" content=\"image\/jpeg\" \/>\n<meta name=\"twitter:card\" content=\"summary_large_image\" \/>\n<meta name=\"twitter:label1\" content=\"Szacowany czas czytania\" \/>\n\t<meta name=\"twitter:data1\" content=\"6 minut\" \/>\n<script type=\"application\/ld+json\" class=\"yoast-schema-graph\">{\"@context\":\"https:\/\/schema.org\",\"@graph\":[{\"@type\":\"WebPage\",\"@id\":\"https:\/\/ironsky.pl\/sklep\/produkt\/system-transmisji-wideo-dji-o4-air-unit\/\",\"url\":\"https:\/\/ironsky.pl\/sklep\/produkt\/system-transmisji-wideo-dji-o4-air-unit\/\",\"name\":\"System transmisji wideo DJI O4 Air Unit - IRONSKY.PL Sklep z Dronami\",\"isPartOf\":{\"@id\":\"https:\/\/ironsky.pl\/sklep\/#website\"},\"primaryImageOfPage\":{\"@id\":\"https:\/\/ironsky.pl\/sklep\/produkt\/system-transmisji-wideo-dji-o4-air-unit\/#primaryimage\"},\"image\":{\"@id\":\"https:\/\/ironsky.pl\/sklep\/produkt\/system-transmisji-wideo-dji-o4-air-unit\/#primaryimage\"},\"thumbnailUrl\":\"https:\/\/ironsky.pl\/sklep\/wp-content\/uploads\/2026\/04\/49550_5.jpg\",\"datePublished\":\"2026-04-15T08:54:59+00:00\",\"dateModified\":\"2026-04-15T08:55:15+00:00\",\"description\":\"System transmisji wideo DJI O4 Air Unit - \u2705 sklep z dronami i fachowym doradztwem. \u2705 Tutaj kupisz produkty DJI, Yuneec, Parrot, Syma i wiele innych, a tak\u017ce kursy i licencje na operatora drona.\",\"breadcrumb\":{\"@id\":\"https:\/\/ironsky.pl\/sklep\/produkt\/system-transmisji-wideo-dji-o4-air-unit\/#breadcrumb\"},\"inLanguage\":\"pl-PL\",\"potentialAction\":[{\"@type\":\"ReadAction\",\"target\":[\"https:\/\/ironsky.pl\/sklep\/produkt\/system-transmisji-wideo-dji-o4-air-unit\/\"]}]},{\"@type\":\"ImageObject\",\"inLanguage\":\"pl-PL\",\"@id\":\"https:\/\/ironsky.pl\/sklep\/produkt\/system-transmisji-wideo-dji-o4-air-unit\/#primaryimage\",\"url\":\"https:\/\/ironsky.pl\/sklep\/wp-content\/uploads\/2026\/04\/49550_5.jpg\",\"contentUrl\":\"https:\/\/ironsky.pl\/sklep\/wp-content\/uploads\/2026\/04\/49550_5.jpg\",\"width\":800,\"height\":800},{\"@type\":\"BreadcrumbList\",\"@id\":\"https:\/\/ironsky.pl\/sklep\/produkt\/system-transmisji-wideo-dji-o4-air-unit\/#breadcrumb\",\"itemListElement\":[{\"@type\":\"ListItem\",\"position\":1,\"name\":\"Strona g\u0142\u00f3wna\",\"item\":\"https:\/\/ironsky.pl\/sklep\/\"},{\"@type\":\"ListItem\",\"position\":2,\"name\":\"Wszystkie produkty\",\"item\":\"https:\/\/ironsky.pl\/sklep\/produkty\/\"},{\"@type\":\"ListItem\",\"position\":3,\"name\":\"System transmisji wideo DJI O4 Air Unit\"}]},{\"@type\":\"WebSite\",\"@id\":\"https:\/\/ironsky.pl\/sklep\/#website\",\"url\":\"https:\/\/ironsky.pl\/sklep\/\",\"name\":\"IRONSKY.PL Sklep z Dronami\",\"description\":\"IRONSKY.PL Sklep z Dronami\",\"potentialAction\":[{\"@type\":\"SearchAction\",\"target\":{\"@type\":\"EntryPoint\",\"urlTemplate\":\"https:\/\/ironsky.pl\/sklep\/?s={search_term_string}\"},\"query-input\":{\"@type\":\"PropertyValueSpecification\",\"valueRequired\":true,\"valueName\":\"search_term_string\"}}],\"inLanguage\":\"pl-PL\"}]}<\/script>\n<!-- \/ Yoast SEO plugin. -->","yoast_head_json":{"title":"System transmisji wideo DJI O4 Air Unit - IRONSKY.PL Sklep z Dronami","description":"System transmisji wideo DJI O4 Air Unit - \u2705 sklep z dronami i fachowym doradztwem. \u2705 Tutaj kupisz produkty DJI, Yuneec, Parrot, Syma i wiele innych, a tak\u017ce kursy i licencje na operatora drona.","robots":{"index":"index","follow":"follow","max-snippet":"max-snippet:-1","max-image-preview":"max-image-preview:large","max-video-preview":"max-video-preview:-1"},"canonical":"https:\/\/ironsky.pl\/sklep\/produkt\/system-transmisji-wideo-dji-o4-air-unit\/","og_locale":"pl_PL","og_type":"article","og_title":"System transmisji wideo DJI O4 Air Unit - IRONSKY.PL Sklep z Dronami","og_description":"System transmisji wideo DJI O4 Air Unit - \u2705 sklep z dronami i fachowym doradztwem. \u2705 Tutaj kupisz produkty DJI, Yuneec, Parrot, Syma i wiele innych, a tak\u017ce kursy i licencje na operatora drona.","og_url":"https:\/\/ironsky.pl\/sklep\/produkt\/system-transmisji-wideo-dji-o4-air-unit\/","og_site_name":"IRONSKY.PL Sklep z Dronami","article_modified_time":"2026-04-15T08:55:15+00:00","og_image":[{"width":800,"height":800,"url":"https:\/\/ironsky.pl\/sklep\/wp-content\/uploads\/2026\/04\/49550_5.jpg","type":"image\/jpeg"}],"twitter_card":"summary_large_image","twitter_misc":{"Szacowany czas czytania":"6 minut"},"schema":{"@context":"https:\/\/schema.org","@graph":[{"@type":"WebPage","@id":"https:\/\/ironsky.pl\/sklep\/produkt\/system-transmisji-wideo-dji-o4-air-unit\/","url":"https:\/\/ironsky.pl\/sklep\/produkt\/system-transmisji-wideo-dji-o4-air-unit\/","name":"System transmisji wideo DJI O4 Air Unit - IRONSKY.PL Sklep z Dronami","isPartOf":{"@id":"https:\/\/ironsky.pl\/sklep\/#website"},"primaryImageOfPage":{"@id":"https:\/\/ironsky.pl\/sklep\/produkt\/system-transmisji-wideo-dji-o4-air-unit\/#primaryimage"},"image":{"@id":"https:\/\/ironsky.pl\/sklep\/produkt\/system-transmisji-wideo-dji-o4-air-unit\/#primaryimage"},"thumbnailUrl":"https:\/\/ironsky.pl\/sklep\/wp-content\/uploads\/2026\/04\/49550_5.jpg","datePublished":"2026-04-15T08:54:59+00:00","dateModified":"2026-04-15T08:55:15+00:00","description":"System transmisji wideo DJI O4 Air Unit - \u2705 sklep z dronami i fachowym doradztwem. \u2705 Tutaj kupisz produkty DJI, Yuneec, Parrot, Syma i wiele innych, a tak\u017ce kursy i licencje na operatora drona.","breadcrumb":{"@id":"https:\/\/ironsky.pl\/sklep\/produkt\/system-transmisji-wideo-dji-o4-air-unit\/#breadcrumb"},"inLanguage":"pl-PL","potentialAction":[{"@type":"ReadAction","target":["https:\/\/ironsky.pl\/sklep\/produkt\/system-transmisji-wideo-dji-o4-air-unit\/"]}]},{"@type":"ImageObject","inLanguage":"pl-PL","@id":"https:\/\/ironsky.pl\/sklep\/produkt\/system-transmisji-wideo-dji-o4-air-unit\/#primaryimage","url":"https:\/\/ironsky.pl\/sklep\/wp-content\/uploads\/2026\/04\/49550_5.jpg","contentUrl":"https:\/\/ironsky.pl\/sklep\/wp-content\/uploads\/2026\/04\/49550_5.jpg","width":800,"height":800},{"@type":"BreadcrumbList","@id":"https:\/\/ironsky.pl\/sklep\/produkt\/system-transmisji-wideo-dji-o4-air-unit\/#breadcrumb","itemListElement":[{"@type":"ListItem","position":1,"name":"Strona g\u0142\u00f3wna","item":"https:\/\/ironsky.pl\/sklep\/"},{"@type":"ListItem","position":2,"name":"Wszystkie produkty","item":"https:\/\/ironsky.pl\/sklep\/produkty\/"},{"@type":"ListItem","position":3,"name":"System transmisji wideo DJI O4 Air Unit"}]},{"@type":"WebSite","@id":"https:\/\/ironsky.pl\/sklep\/#website","url":"https:\/\/ironsky.pl\/sklep\/","name":"IRONSKY.PL Sklep z Dronami","description":"IRONSKY.PL Sklep z Dronami","potentialAction":[{"@type":"SearchAction","target":{"@type":"EntryPoint","urlTemplate":"https:\/\/ironsky.pl\/sklep\/?s={search_term_string}"},"query-input":{"@type":"PropertyValueSpecification","valueRequired":true,"valueName":"search_term_string"}}],"inLanguage":"pl-PL"}]}},"_links":{"self":[{"href":"https:\/\/ironsky.pl\/sklep\/wp-json\/wp\/v2\/product\/60054","targetHints":{"allow":["GET"]}}],"collection":[{"href":"https:\/\/ironsky.pl\/sklep\/wp-json\/wp\/v2\/product"}],"about":[{"href":"https:\/\/ironsky.pl\/sklep\/wp-json\/wp\/v2\/types\/product"}],"replies":[{"embeddable":true,"href":"https:\/\/ironsky.pl\/sklep\/wp-json\/wp\/v2\/comments?post=60054"}],"wp:featuredmedia":[{"embeddable":true,"href":"https:\/\/ironsky.pl\/sklep\/wp-json\/wp\/v2\/media\/60055"}],"wp:attachment":[{"href":"https:\/\/ironsky.pl\/sklep\/wp-json\/wp\/v2\/media?parent=60054"}],"wp:term":[{"taxonomy":"product_brand","embeddable":true,"href":"https:\/\/ironsky.pl\/sklep\/wp-json\/wp\/v2\/product_brand?post=60054"},{"taxonomy":"product_cat","embeddable":true,"href":"https:\/\/ironsky.pl\/sklep\/wp-json\/wp\/v2\/product_cat?post=60054"},{"taxonomy":"product_tag","embeddable":true,"href":"https:\/\/ironsky.pl\/sklep\/wp-json\/wp\/v2\/product_tag?post=60054"}],"curies":[{"name":"wp","href":"https:\/\/api.w.org\/{rel}","templated":true}]}}