{"id":60049,"date":"2026-04-15T10:54:59","date_gmt":"2026-04-15T08:54:59","guid":{"rendered":"https:\/\/ironsky.pl\/sklep\/produkt\/zestaw-filtrow-nd-dji-do-dji-flip-nd16-64-256\/"},"modified":"2026-04-15T10:55:13","modified_gmt":"2026-04-15T08:55:13","slug":"zestaw-filtrow-nd-dji-do-dji-flip-nd16-64-256","status":"publish","type":"product","link":"https:\/\/ironsky.pl\/sklep\/produkt\/zestaw-filtrow-nd-dji-do-dji-flip-nd16-64-256\/","title":{"rendered":"Zestaw filtr\u00f3w ND DJI do DJI Flip ND16\/64\/256"},"content":{"rendered":"<h3>Zestaw filtr\u00f3w ND do DJI Flip (ND16\/64\/256)<\/h3>\n<p>Uzyskaj pe\u0142n\u0105 kontrol\u0119 nad ekspozycj\u0105 podczas nagrywania z dronem DJI Flip. Zestaw filtr\u00f3w ND16, ND64 i ND256 zosta\u0142 zaprojektowany, aby poprawi\u0107 jako\u015b\u0107 nagra\u0144 w trudnych warunkach o\u015bwietleniowych. Dzi\u0119ki ich zastosowaniu mo\u017cesz precyzyjnie regulowa\u0107 czas otwarcia migawki, co pozwala na tworzenie p\u0142ynnych, kinowych uj\u0119\u0107 nawet w intensywnym s\u0142o\u0144cu.<\/p>\n<p>\n<img decoding=\"async\" src=\"https:\/\/assets.innpro.pl\/12271\/14615\/1.jpg\" border=\"0\" \/>\n<\/p>\n<h3>Idealne zdj\u0119cia w r\u00f3\u017cnych warunkach<\/h3>\n<p>Przekonaj si\u0119, jak dobrze mog\u0105 wygl\u0105da\u0107 Twoje nagrania. Filtr ND16 umo\u017cliwia redukcj\u0119 ilo\u015bci \u015bwiat\u0142a wpadaj\u0105cego do obiektywu o 4 stopnie \u2014 idealne do umiarkowanie jasnych warunk\u00f3w. Filtr ND64 o 6 stopni, dzi\u0119ki czemu sprawdza si\u0119 podczas filmowania w pe\u0142nym s\u0142o\u0144cu. Natomiast ND256 zmniejsza \u015bwiat\u0142o a\u017c o 8 stopni, co jest doskona\u0142e do ekstremalnie jasnych scen, takich jak uj\u0119cia w po\u0142udniowym s\u0142o\u0144cu lub nad wod\u0105.<\/p>\n<p>\n<img decoding=\"async\" src=\"https:\/\/assets.innpro.pl\/12271\/14615\/3.jpg\" border=\"0\" \/>\n<\/p>\n<h3>P\u0142ynno\u015b\u0107 i ostro\u015b\u0107 w ka\u017cdych warunkach<\/h3>\n<p>Dzi\u0119ki filtrom ND mo\u017cesz dostosowa\u0107 czas otwarcia migawki tak, aby uzyska\u0107 naturalne rozmycie ruchu, szczeg\u00f3lnie podczas filmowania dynamicznych scen, takich jak uj\u0119cia ruchu pojazd\u00f3w, fal czy lot\u00f3w w pobli\u017cu drzew. Twoje nagrania zyskaj\u0105 na p\u0142ynno\u015bci i estetyce, przy zachowaniu doskona\u0142ej ostro\u015bci obrazu.<\/p>\n<p>\n<img decoding=\"async\" src=\"https:\/\/assets.innpro.pl\/12271\/14615\/2.jpg\" border=\"0\" \/>\n<\/p>\n<h3>Lekka i wytrzyma\u0142a konstrukcja<\/h3>\n<p>Filtry zosta\u0142y wykonane z lekkich i trwa\u0142ych materia\u0142\u00f3w, kt\u00f3re nie obci\u0105\u017caj\u0105 drona, zachowuj\u0105c jego stabilno\u015b\u0107 podczas lotu. Precyzyjne mocowanie umo\u017cliwia \u0142atw\u0105 i szybk\u0105 wymian\u0119, a pow\u0142oki antyrefleksyjne oraz odporno\u015b\u0107 na wod\u0119 i zarysowania gwarantuj\u0105 ich d\u0142ugotrwa\u0142\u0105 niezawodno\u015b\u0107.<\/p>\n<p>\n<img decoding=\"async\" src=\"https:\/\/assets.innpro.pl\/12271\/14615\/4.jpg\" border=\"0\" \/>\n<\/p>\n<h3>W zestawie<\/h3>\n<ul class=\"list-disc pl-5\">\n<li>Filtr ND16 x1<\/li>\n<li>Filtr ND64 x1<\/li>\n<li>Filtr ND256 x1<\/li>\n<\/ul>\n<div class=\"table-wrapper\">\n<p>\u00a0<\/p>\n<h3><\/h3>\n<table>\n<tbody>\n<tr>\n<th>Producent <\/th>\n<td>DJI<\/td>\n<\/tr>\n<tr>\n<th>Kod producenta <\/th>\n<td>CP.FP.00000205.01<\/td>\n<\/tr>\n<tr>\n<th>Waga (pojedyncza soczewka) <\/th>\n<td>0,34 g<\/td>\n<\/tr>\n<tr>\n<th>Kompatybilno\u015b\u0107 <\/th>\n<td>DJI Flip<\/td>\n<\/tr>\n<\/tbody>\n<\/table>\n<\/div>\n","protected":false},"excerpt":{"rendered":"<p>Zestaw filtr\u00f3w ND do DJI Flip (ND16\/64\/256) Uzyskaj pe\u0142n\u0105 kontrol\u0119 nad ekspozycj\u0105 podczas nagrywania z dronem DJI Flip. Zestaw filtr\u00f3w<\/p>\n","protected":false},"featured_media":60050,"comment_status":"closed","ping_status":"open","template":"","meta":{"_acf_changed":false},"product_brand":[],"product_cat":[6167,1088,6200],"product_tag":[],"class_list":{"0":"post-60049","1":"product","2":"type-product","3":"status-publish","4":"has-post-thumbnail","6":"product_cat-akcesoria-do-dronow","7":"product_cat-drony","8":"product_cat-filtry-do-dronow-akcesoria-do-dronow","9":"pa_okres-gwarancji-5757","10":"pa_producent-dji","12":"first","13":"outofstock","14":"taxable","15":"shipping-taxable","16":"purchasable","17":"product-type-simple"},"acf":[],"yoast_head":"<!-- This site is optimized with the Yoast SEO plugin v27.2 - https:\/\/yoast.com\/product\/yoast-seo-wordpress\/ -->\n<title>Zestaw filtr\u00f3w ND DJI do DJI Flip ND16\/64\/256 - IRONSKY.PL Sklep z Dronami<\/title>\n<meta name=\"description\" content=\"Zestaw filtr\u00f3w ND DJI do DJI Flip ND16\/64\/256 - \u2705 sklep z dronami i fachowym doradztwem. \u2705 Tutaj kupisz produkty DJI, Yuneec, Parrot, Syma i wiele innych, a tak\u017ce kursy i licencje na operatora drona.\" \/>\n<meta name=\"robots\" content=\"index, follow, max-snippet:-1, max-image-preview:large, max-video-preview:-1\" \/>\n<link rel=\"canonical\" href=\"https:\/\/ironsky.pl\/sklep\/produkt\/zestaw-filtrow-nd-dji-do-dji-flip-nd16-64-256\/\" \/>\n<meta property=\"og:locale\" content=\"pl_PL\" \/>\n<meta property=\"og:type\" content=\"article\" \/>\n<meta property=\"og:title\" content=\"Zestaw filtr\u00f3w ND DJI do DJI Flip ND16\/64\/256 - IRONSKY.PL Sklep z Dronami\" \/>\n<meta property=\"og:description\" content=\"Zestaw filtr\u00f3w ND DJI do DJI Flip ND16\/64\/256 - \u2705 sklep z dronami i fachowym doradztwem. \u2705 Tutaj kupisz produkty DJI, Yuneec, Parrot, Syma i wiele innych, a tak\u017ce kursy i licencje na operatora drona.\" \/>\n<meta property=\"og:url\" content=\"https:\/\/ironsky.pl\/sklep\/produkt\/zestaw-filtrow-nd-dji-do-dji-flip-nd16-64-256\/\" \/>\n<meta property=\"og:site_name\" content=\"IRONSKY.PL Sklep z Dronami\" \/>\n<meta property=\"article:modified_time\" content=\"2026-04-15T08:55:13+00:00\" \/>\n<meta property=\"og:image\" content=\"https:\/\/ironsky.pl\/sklep\/wp-content\/uploads\/2026\/04\/49549_5.jpg\" \/>\n\t<meta property=\"og:image:width\" content=\"800\" \/>\n\t<meta property=\"og:image:height\" content=\"800\" \/>\n\t<meta property=\"og:image:type\" content=\"image\/jpeg\" \/>\n<meta name=\"twitter:card\" content=\"summary_large_image\" \/>\n<meta name=\"twitter:label1\" content=\"Szacowany czas czytania\" \/>\n\t<meta name=\"twitter:data1\" content=\"1 minuta\" \/>\n<script type=\"application\/ld+json\" class=\"yoast-schema-graph\">{\"@context\":\"https:\/\/schema.org\",\"@graph\":[{\"@type\":\"WebPage\",\"@id\":\"https:\/\/ironsky.pl\/sklep\/produkt\/zestaw-filtrow-nd-dji-do-dji-flip-nd16-64-256\/\",\"url\":\"https:\/\/ironsky.pl\/sklep\/produkt\/zestaw-filtrow-nd-dji-do-dji-flip-nd16-64-256\/\",\"name\":\"Zestaw filtr\u00f3w ND DJI do DJI Flip ND16\/64\/256 - IRONSKY.PL Sklep z Dronami\",\"isPartOf\":{\"@id\":\"https:\/\/ironsky.pl\/sklep\/#website\"},\"primaryImageOfPage\":{\"@id\":\"https:\/\/ironsky.pl\/sklep\/produkt\/zestaw-filtrow-nd-dji-do-dji-flip-nd16-64-256\/#primaryimage\"},\"image\":{\"@id\":\"https:\/\/ironsky.pl\/sklep\/produkt\/zestaw-filtrow-nd-dji-do-dji-flip-nd16-64-256\/#primaryimage\"},\"thumbnailUrl\":\"https:\/\/ironsky.pl\/sklep\/wp-content\/uploads\/2026\/04\/49549_5.jpg\",\"datePublished\":\"2026-04-15T08:54:59+00:00\",\"dateModified\":\"2026-04-15T08:55:13+00:00\",\"description\":\"Zestaw filtr\u00f3w ND DJI do DJI Flip ND16\/64\/256 - \u2705 sklep z dronami i fachowym doradztwem. \u2705 Tutaj kupisz produkty DJI, Yuneec, Parrot, Syma i wiele innych, a tak\u017ce kursy i licencje na operatora drona.\",\"breadcrumb\":{\"@id\":\"https:\/\/ironsky.pl\/sklep\/produkt\/zestaw-filtrow-nd-dji-do-dji-flip-nd16-64-256\/#breadcrumb\"},\"inLanguage\":\"pl-PL\",\"potentialAction\":[{\"@type\":\"ReadAction\",\"target\":[\"https:\/\/ironsky.pl\/sklep\/produkt\/zestaw-filtrow-nd-dji-do-dji-flip-nd16-64-256\/\"]}]},{\"@type\":\"ImageObject\",\"inLanguage\":\"pl-PL\",\"@id\":\"https:\/\/ironsky.pl\/sklep\/produkt\/zestaw-filtrow-nd-dji-do-dji-flip-nd16-64-256\/#primaryimage\",\"url\":\"https:\/\/ironsky.pl\/sklep\/wp-content\/uploads\/2026\/04\/49549_5.jpg\",\"contentUrl\":\"https:\/\/ironsky.pl\/sklep\/wp-content\/uploads\/2026\/04\/49549_5.jpg\",\"width\":800,\"height\":800},{\"@type\":\"BreadcrumbList\",\"@id\":\"https:\/\/ironsky.pl\/sklep\/produkt\/zestaw-filtrow-nd-dji-do-dji-flip-nd16-64-256\/#breadcrumb\",\"itemListElement\":[{\"@type\":\"ListItem\",\"position\":1,\"name\":\"Strona g\u0142\u00f3wna\",\"item\":\"https:\/\/ironsky.pl\/sklep\/\"},{\"@type\":\"ListItem\",\"position\":2,\"name\":\"Wszystkie produkty\",\"item\":\"https:\/\/ironsky.pl\/sklep\/produkty\/\"},{\"@type\":\"ListItem\",\"position\":3,\"name\":\"Zestaw filtr\u00f3w ND DJI do DJI Flip ND16\/64\/256\"}]},{\"@type\":\"WebSite\",\"@id\":\"https:\/\/ironsky.pl\/sklep\/#website\",\"url\":\"https:\/\/ironsky.pl\/sklep\/\",\"name\":\"IRONSKY.PL Sklep z Dronami\",\"description\":\"IRONSKY.PL Sklep z Dronami\",\"potentialAction\":[{\"@type\":\"SearchAction\",\"target\":{\"@type\":\"EntryPoint\",\"urlTemplate\":\"https:\/\/ironsky.pl\/sklep\/?s={search_term_string}\"},\"query-input\":{\"@type\":\"PropertyValueSpecification\",\"valueRequired\":true,\"valueName\":\"search_term_string\"}}],\"inLanguage\":\"pl-PL\"}]}<\/script>\n<!-- \/ Yoast SEO plugin. -->","yoast_head_json":{"title":"Zestaw filtr\u00f3w ND DJI do DJI Flip ND16\/64\/256 - IRONSKY.PL Sklep z Dronami","description":"Zestaw filtr\u00f3w ND DJI do DJI Flip ND16\/64\/256 - \u2705 sklep z dronami i fachowym doradztwem. \u2705 Tutaj kupisz produkty DJI, Yuneec, Parrot, Syma i wiele innych, a tak\u017ce kursy i licencje na operatora drona.","robots":{"index":"index","follow":"follow","max-snippet":"max-snippet:-1","max-image-preview":"max-image-preview:large","max-video-preview":"max-video-preview:-1"},"canonical":"https:\/\/ironsky.pl\/sklep\/produkt\/zestaw-filtrow-nd-dji-do-dji-flip-nd16-64-256\/","og_locale":"pl_PL","og_type":"article","og_title":"Zestaw filtr\u00f3w ND DJI do DJI Flip ND16\/64\/256 - IRONSKY.PL Sklep z Dronami","og_description":"Zestaw filtr\u00f3w ND DJI do DJI Flip ND16\/64\/256 - \u2705 sklep z dronami i fachowym doradztwem. \u2705 Tutaj kupisz produkty DJI, Yuneec, Parrot, Syma i wiele innych, a tak\u017ce kursy i licencje na operatora drona.","og_url":"https:\/\/ironsky.pl\/sklep\/produkt\/zestaw-filtrow-nd-dji-do-dji-flip-nd16-64-256\/","og_site_name":"IRONSKY.PL Sklep z Dronami","article_modified_time":"2026-04-15T08:55:13+00:00","og_image":[{"width":800,"height":800,"url":"https:\/\/ironsky.pl\/sklep\/wp-content\/uploads\/2026\/04\/49549_5.jpg","type":"image\/jpeg"}],"twitter_card":"summary_large_image","twitter_misc":{"Szacowany czas czytania":"1 minuta"},"schema":{"@context":"https:\/\/schema.org","@graph":[{"@type":"WebPage","@id":"https:\/\/ironsky.pl\/sklep\/produkt\/zestaw-filtrow-nd-dji-do-dji-flip-nd16-64-256\/","url":"https:\/\/ironsky.pl\/sklep\/produkt\/zestaw-filtrow-nd-dji-do-dji-flip-nd16-64-256\/","name":"Zestaw filtr\u00f3w ND DJI do DJI Flip ND16\/64\/256 - IRONSKY.PL Sklep z Dronami","isPartOf":{"@id":"https:\/\/ironsky.pl\/sklep\/#website"},"primaryImageOfPage":{"@id":"https:\/\/ironsky.pl\/sklep\/produkt\/zestaw-filtrow-nd-dji-do-dji-flip-nd16-64-256\/#primaryimage"},"image":{"@id":"https:\/\/ironsky.pl\/sklep\/produkt\/zestaw-filtrow-nd-dji-do-dji-flip-nd16-64-256\/#primaryimage"},"thumbnailUrl":"https:\/\/ironsky.pl\/sklep\/wp-content\/uploads\/2026\/04\/49549_5.jpg","datePublished":"2026-04-15T08:54:59+00:00","dateModified":"2026-04-15T08:55:13+00:00","description":"Zestaw filtr\u00f3w ND DJI do DJI Flip ND16\/64\/256 - \u2705 sklep z dronami i fachowym doradztwem. \u2705 Tutaj kupisz produkty DJI, Yuneec, Parrot, Syma i wiele innych, a tak\u017ce kursy i licencje na operatora drona.","breadcrumb":{"@id":"https:\/\/ironsky.pl\/sklep\/produkt\/zestaw-filtrow-nd-dji-do-dji-flip-nd16-64-256\/#breadcrumb"},"inLanguage":"pl-PL","potentialAction":[{"@type":"ReadAction","target":["https:\/\/ironsky.pl\/sklep\/produkt\/zestaw-filtrow-nd-dji-do-dji-flip-nd16-64-256\/"]}]},{"@type":"ImageObject","inLanguage":"pl-PL","@id":"https:\/\/ironsky.pl\/sklep\/produkt\/zestaw-filtrow-nd-dji-do-dji-flip-nd16-64-256\/#primaryimage","url":"https:\/\/ironsky.pl\/sklep\/wp-content\/uploads\/2026\/04\/49549_5.jpg","contentUrl":"https:\/\/ironsky.pl\/sklep\/wp-content\/uploads\/2026\/04\/49549_5.jpg","width":800,"height":800},{"@type":"BreadcrumbList","@id":"https:\/\/ironsky.pl\/sklep\/produkt\/zestaw-filtrow-nd-dji-do-dji-flip-nd16-64-256\/#breadcrumb","itemListElement":[{"@type":"ListItem","position":1,"name":"Strona g\u0142\u00f3wna","item":"https:\/\/ironsky.pl\/sklep\/"},{"@type":"ListItem","position":2,"name":"Wszystkie produkty","item":"https:\/\/ironsky.pl\/sklep\/produkty\/"},{"@type":"ListItem","position":3,"name":"Zestaw filtr\u00f3w ND DJI do DJI Flip ND16\/64\/256"}]},{"@type":"WebSite","@id":"https:\/\/ironsky.pl\/sklep\/#website","url":"https:\/\/ironsky.pl\/sklep\/","name":"IRONSKY.PL Sklep z Dronami","description":"IRONSKY.PL Sklep z Dronami","potentialAction":[{"@type":"SearchAction","target":{"@type":"EntryPoint","urlTemplate":"https:\/\/ironsky.pl\/sklep\/?s={search_term_string}"},"query-input":{"@type":"PropertyValueSpecification","valueRequired":true,"valueName":"search_term_string"}}],"inLanguage":"pl-PL"}]}},"_links":{"self":[{"href":"https:\/\/ironsky.pl\/sklep\/wp-json\/wp\/v2\/product\/60049","targetHints":{"allow":["GET"]}}],"collection":[{"href":"https:\/\/ironsky.pl\/sklep\/wp-json\/wp\/v2\/product"}],"about":[{"href":"https:\/\/ironsky.pl\/sklep\/wp-json\/wp\/v2\/types\/product"}],"replies":[{"embeddable":true,"href":"https:\/\/ironsky.pl\/sklep\/wp-json\/wp\/v2\/comments?post=60049"}],"wp:featuredmedia":[{"embeddable":true,"href":"https:\/\/ironsky.pl\/sklep\/wp-json\/wp\/v2\/media\/60050"}],"wp:attachment":[{"href":"https:\/\/ironsky.pl\/sklep\/wp-json\/wp\/v2\/media?parent=60049"}],"wp:term":[{"taxonomy":"product_brand","embeddable":true,"href":"https:\/\/ironsky.pl\/sklep\/wp-json\/wp\/v2\/product_brand?post=60049"},{"taxonomy":"product_cat","embeddable":true,"href":"https:\/\/ironsky.pl\/sklep\/wp-json\/wp\/v2\/product_cat?post=60049"},{"taxonomy":"product_tag","embeddable":true,"href":"https:\/\/ironsky.pl\/sklep\/wp-json\/wp\/v2\/product_tag?post=60049"}],"curies":[{"name":"wp","href":"https:\/\/api.w.org\/{rel}","templated":true}]}}