{"id":60045,"date":"2026-04-15T10:54:59","date_gmt":"2026-04-15T08:54:59","guid":{"rendered":"https:\/\/ironsky.pl\/sklep\/produkt\/gimbal-puluz-dla-dji-osmo-action-5-pro-4-3-czarny\/"},"modified":"2026-04-19T15:24:29","modified_gmt":"2026-04-19T13:24:29","slug":"gimbal-puluz-dla-dji-osmo-action-5-pro-4-3-czarny","status":"publish","type":"product","link":"https:\/\/ironsky.pl\/sklep\/produkt\/gimbal-puluz-dla-dji-osmo-action-5-pro-4-3-czarny\/","title":{"rendered":"Gimbal PULUZ dla DJI Osmo Action 5 Pro \/ 4 \/ 3 (czarny)"},"content":{"rendered":"<h3>Gimbal PULUZ dla DJI Osmo Action 5 Pro \/ 4 \/ 3 (czarny)<\/h3>\n<p>Je\u015bli szukasz niezawodnego gimbala, kt\u00f3ry pozwoli Ci na szybkie i bezpieczne mocowanie kamery DJI Osmo Action 5 Pro, 4 lub 3, akcesorium PULUZ b\u0119dzie idealnym wyborem. Wyposa\u017cony w funkcj\u0119 szybkiego monta\u017cu oraz regulacj\u0119 k\u0105ta nachylenia, ten gimbal umo\u017cliwia pe\u0142n\u0105 kontrol\u0119 nad perspektyw\u0105 nagrywania, niezale\u017cnie od warunk\u00f3w. Postaw na gimbal PULUZ i ciesz si\u0119 perfekcyjnymi uj\u0119ciami w ka\u017cdych warunkach.<\/p>\n<p>\n<img decoding=\"async\" src=\"https:\/\/assets.innpro.pl\/11922\/14120\/4.jpg\" border=\"0\" \/>\n<\/p>\n<h3>Szybki i prosty monta\u017c<\/h3>\n<p>Dzi\u0119ki systemowi szybkiego monta\u017cu z zimn\u0105 stopk\u0105 zamocowanie Twojej kamery DJI zajmuje kr\u00f3tk\u0105 chwil\u0119. Fizyczne zapi\u0119cie wykonane z metalu oraz ogranicznik gwarantuj\u0105 stabilno\u015b\u0107 i bezpiecze\u0144stwo na najwy\u017cszym, profesjonalnym poziomie. Mo\u017cesz by\u0107 pewien, \u017ce kamera pozostanie na swoim miejscu nawet podczas dynamicznych uj\u0119\u0107, co pozwoli Ci na poszerzenie swoich mo\u017cliwo\u015bci.<\/p>\n<p>\n<img decoding=\"async\" src=\"https:\/\/assets.innpro.pl\/11922\/14120\/6.jpg\" border=\"0\" \/>\n<\/p>\n<h3>Stabilno\u015b\u0107 i odporno\u015b\u0107 na wstrz\u0105sy<\/h3>\n<p>Gimbal wykonany jest z wytrzyma\u0142ego nylonowego w\u0142\u00f3kna z dodatkiem magnes\u00f3w rubidowo-borowych oraz silikonu, co nie tylko czyni akcesorium lekkim i por\u0119cznym, ale tak\u017ce wytrzyma\u0142ym i odpornym na wstrz\u0105sy. Gumowa uszczelka zapobiega \u015blizganiu si\u0119 urz\u0105dzenia i skutecznie poch\u0142ania drgania, co przek\u0142ada si\u0119 na stabilniejsze nagrania.<\/p>\n<p>\n<img decoding=\"async\" src=\"https:\/\/assets.innpro.pl\/11922\/14120\/7.jpg\" border=\"0\" \/>\n<\/p>\n<h3>Regulacja k\u0105ta nachylenia dla lepszych perspektyw<\/h3>\n<p>Dzi\u0119ki mo\u017cliwo\u015bci regulacji k\u0105ta nachylenia w zakresie 75\u00b0 z przodu i z ty\u0142u mo\u017cesz dostosowa\u0107 perspektyw\u0119 nagrywania w dowolnym momencie. Bez trudu uzyskasz idealny kadr niezale\u017cnie od sytuacji \u2013 czy to podczas wspinaczki, jazdy rowerem czy biegania. Od teraz mo\u017cesz uzyskiwa\u0107 wymarzone uj\u0119cia bez ogranicze\u0144!<\/p>\n<p>\n<img decoding=\"async\" src=\"https:\/\/assets.innpro.pl\/11922\/14120\/5.jpg\" border=\"0\" \/>\n<\/p>\n<h3>Wszechstronna rozbudowa<\/h3>\n<p>Gimbal PULUZ posiada uniwersalny 1\/4-calowy port oraz mocowanie typu \u201ezimna stopka\u201d, co pozwala na pod\u0142\u0105czenie dodatkowych akcesori\u00f3w, takich jak mikrofony, o\u015bwietlenie czy inne urz\u0105dzenia. Ta wszechstronno\u015b\u0107 sprawia, \u017ce Tw\u00f3j zestaw nagraniowy mo\u017ce by\u0107 dostosowany do ka\u017cdego wyzwania.<\/p>\n<p>\n<img decoding=\"async\" src=\"https:\/\/assets.innpro.pl\/11922\/14120\/1.jpg\" border=\"0\" \/>\n<\/p>\n<h3>Lekki i wytrzyma\u0142y \u2014 idealny do nagrywania w terenie<\/h3>\n<p>Konstrukcja z nylonowego w\u0142\u00f3kna gwarantuje nie tylko wytrzyma\u0142o\u015b\u0107, ale r\u00f3wnie\u017c nisk\u0105 wag\u0119. Gimbal jest niezwykle \u0142atwy do przenoszenia, dzi\u0119ki czemu \u015bwietnie sprawdza si\u0119 podczas podr\u00f3\u017cy czy plenerowych sesji nagraniowych. Bez obci\u0105\u017cania plecaka zyskujesz niezawodne wsparcie dla swojego DJI Osmo Action.\u00a0<\/p>\n<p>\n<img decoding=\"async\" src=\"https:\/\/assets.innpro.pl\/11922\/14120\/2.jpg\" border=\"0\" \/>\n<\/p>\n<div class=\"table-wrapper\">\n<p>\u00a0<\/p>\n<h3><\/h3>\n<table>\n<tbody>\n<tr>\n<th>Producent<\/th>\n<td>Puluz<\/td>\n<\/tr>\n<tr>\n<th>Kolor<\/th>\n<td>czarny<\/td>\n<\/tr>\n<tr>\n<th>Kompatybilne kamery<\/th>\n<td>DJI Osmo Action 5 Pro \/ 4 \/ 3 <\/td>\n<\/tr>\n<tr>\n<th>Materia\u0142 wykonania<\/th>\n<td>nylonowe w\u0142\u00f3kno, rubidowo-borowe magnesy, silikon<\/td>\n<\/tr>\n<tr>\n<th>Monta\u017c<\/th>\n<td>zimna stopka<\/td>\n<\/tr>\n<tr>\n<th>Blokada<\/th>\n<td>tak, fizyczne zapi\u0119cie z metalu z ogranicznikiem<\/td>\n<\/tr>\n<tr>\n<th>Regulacja k\u0105ta<\/th>\n<td>75\u00b0 z przodu i z ty\u0142u<\/td>\n<\/tr>\n<tr>\n<th>Interfejs<\/th>\n<td>1\/4 cala + zimna stopka<\/td>\n<\/tr>\n<tr>\n<th>Dodatkowe zabezpieczenia<\/th>\n<td>odporno\u015b\u0107 na wstrz\u0105sy i drgania, antypo\u015blizgowa uszczelka<\/td>\n<\/tr>\n<tr>\n<th>Wymiary<\/th>\n<td>4.46 x 4.35 x 3.2 cm<\/td>\n<\/tr>\n<\/tbody>\n<\/table>\n<\/div>\n","protected":false},"excerpt":{"rendered":"<p>Gimbal PULUZ dla DJI Osmo Action 5 Pro \/ 4 \/ 3 (czarny) Je\u015bli szukasz niezawodnego gimbala, kt\u00f3ry pozwoli Ci<\/p>\n","protected":false},"featured_media":60046,"comment_status":"closed","ping_status":"open","template":"","meta":{"_acf_changed":false},"product_brand":[],"product_cat":[1128,1129],"product_tag":[],"class_list":{"0":"post-60045","1":"product","2":"type-product","3":"status-publish","4":"has-post-thumbnail","6":"product_cat-foto-wideo","7":"product_cat-gimbale-i-stabilizatory","8":"pa_okres-gwarancji-5754","9":"pa_producent-puluz","11":"first","12":"instock","13":"taxable","14":"shipping-taxable","15":"purchasable","16":"product-type-simple"},"acf":[],"yoast_head":"<!-- This site is optimized with the Yoast SEO plugin v27.2 - https:\/\/yoast.com\/product\/yoast-seo-wordpress\/ -->\n<title>Gimbal PULUZ dla DJI Osmo Action 5 Pro \/ 4 \/ 3 (czarny) - IRONSKY.PL Sklep z Dronami<\/title>\n<meta name=\"description\" content=\"Gimbal PULUZ dla DJI Osmo Action 5 Pro \/ 4 \/ 3 (czarny) - \u2705 sklep z dronami i fachowym doradztwem. \u2705 Tutaj kupisz produkty DJI, Yuneec, Parrot, Syma i wiele innych, a tak\u017ce kursy i licencje na operatora drona.\" \/>\n<meta name=\"robots\" content=\"index, follow, max-snippet:-1, max-image-preview:large, max-video-preview:-1\" \/>\n<link rel=\"canonical\" href=\"https:\/\/ironsky.pl\/sklep\/produkt\/gimbal-puluz-dla-dji-osmo-action-5-pro-4-3-czarny\/\" \/>\n<meta property=\"og:locale\" content=\"pl_PL\" \/>\n<meta property=\"og:type\" content=\"article\" \/>\n<meta property=\"og:title\" content=\"Gimbal PULUZ dla DJI Osmo Action 5 Pro \/ 4 \/ 3 (czarny) - IRONSKY.PL Sklep z Dronami\" \/>\n<meta property=\"og:description\" content=\"Gimbal PULUZ dla DJI Osmo Action 5 Pro \/ 4 \/ 3 (czarny) - \u2705 sklep z dronami i fachowym doradztwem. \u2705 Tutaj kupisz produkty DJI, Yuneec, Parrot, Syma i wiele innych, a tak\u017ce kursy i licencje na operatora drona.\" \/>\n<meta property=\"og:url\" content=\"https:\/\/ironsky.pl\/sklep\/produkt\/gimbal-puluz-dla-dji-osmo-action-5-pro-4-3-czarny\/\" \/>\n<meta property=\"og:site_name\" content=\"IRONSKY.PL Sklep z Dronami\" \/>\n<meta property=\"article:modified_time\" content=\"2026-04-19T13:24:29+00:00\" \/>\n<meta property=\"og:image\" content=\"https:\/\/ironsky.pl\/sklep\/wp-content\/uploads\/2026\/04\/49522_1.jpg\" \/>\n\t<meta property=\"og:image:width\" content=\"800\" \/>\n\t<meta property=\"og:image:height\" content=\"800\" \/>\n\t<meta property=\"og:image:type\" content=\"image\/jpeg\" \/>\n<meta name=\"twitter:card\" content=\"summary_large_image\" \/>\n<meta name=\"twitter:label1\" content=\"Szacowany czas czytania\" \/>\n\t<meta name=\"twitter:data1\" content=\"2 minuty\" \/>\n<script type=\"application\/ld+json\" class=\"yoast-schema-graph\">{\"@context\":\"https:\/\/schema.org\",\"@graph\":[{\"@type\":\"WebPage\",\"@id\":\"https:\/\/ironsky.pl\/sklep\/produkt\/gimbal-puluz-dla-dji-osmo-action-5-pro-4-3-czarny\/\",\"url\":\"https:\/\/ironsky.pl\/sklep\/produkt\/gimbal-puluz-dla-dji-osmo-action-5-pro-4-3-czarny\/\",\"name\":\"Gimbal PULUZ dla DJI Osmo Action 5 Pro \/ 4 \/ 3 (czarny) - IRONSKY.PL Sklep z Dronami\",\"isPartOf\":{\"@id\":\"https:\/\/ironsky.pl\/sklep\/#website\"},\"primaryImageOfPage\":{\"@id\":\"https:\/\/ironsky.pl\/sklep\/produkt\/gimbal-puluz-dla-dji-osmo-action-5-pro-4-3-czarny\/#primaryimage\"},\"image\":{\"@id\":\"https:\/\/ironsky.pl\/sklep\/produkt\/gimbal-puluz-dla-dji-osmo-action-5-pro-4-3-czarny\/#primaryimage\"},\"thumbnailUrl\":\"https:\/\/ironsky.pl\/sklep\/wp-content\/uploads\/2026\/04\/49522_1.jpg\",\"datePublished\":\"2026-04-15T08:54:59+00:00\",\"dateModified\":\"2026-04-19T13:24:29+00:00\",\"description\":\"Gimbal PULUZ dla DJI Osmo Action 5 Pro \/ 4 \/ 3 (czarny) - \u2705 sklep z dronami i fachowym doradztwem. \u2705 Tutaj kupisz produkty DJI, Yuneec, Parrot, Syma i wiele innych, a tak\u017ce kursy i licencje na operatora drona.\",\"breadcrumb\":{\"@id\":\"https:\/\/ironsky.pl\/sklep\/produkt\/gimbal-puluz-dla-dji-osmo-action-5-pro-4-3-czarny\/#breadcrumb\"},\"inLanguage\":\"pl-PL\",\"potentialAction\":[{\"@type\":\"ReadAction\",\"target\":[\"https:\/\/ironsky.pl\/sklep\/produkt\/gimbal-puluz-dla-dji-osmo-action-5-pro-4-3-czarny\/\"]}]},{\"@type\":\"ImageObject\",\"inLanguage\":\"pl-PL\",\"@id\":\"https:\/\/ironsky.pl\/sklep\/produkt\/gimbal-puluz-dla-dji-osmo-action-5-pro-4-3-czarny\/#primaryimage\",\"url\":\"https:\/\/ironsky.pl\/sklep\/wp-content\/uploads\/2026\/04\/49522_1.jpg\",\"contentUrl\":\"https:\/\/ironsky.pl\/sklep\/wp-content\/uploads\/2026\/04\/49522_1.jpg\",\"width\":800,\"height\":800},{\"@type\":\"BreadcrumbList\",\"@id\":\"https:\/\/ironsky.pl\/sklep\/produkt\/gimbal-puluz-dla-dji-osmo-action-5-pro-4-3-czarny\/#breadcrumb\",\"itemListElement\":[{\"@type\":\"ListItem\",\"position\":1,\"name\":\"Strona g\u0142\u00f3wna\",\"item\":\"https:\/\/ironsky.pl\/sklep\/\"},{\"@type\":\"ListItem\",\"position\":2,\"name\":\"Wszystkie produkty\",\"item\":\"https:\/\/ironsky.pl\/sklep\/produkty\/\"},{\"@type\":\"ListItem\",\"position\":3,\"name\":\"Gimbal PULUZ dla DJI Osmo Action 5 Pro \/ 4 \/ 3 (czarny)\"}]},{\"@type\":\"WebSite\",\"@id\":\"https:\/\/ironsky.pl\/sklep\/#website\",\"url\":\"https:\/\/ironsky.pl\/sklep\/\",\"name\":\"IRONSKY.PL Sklep z Dronami\",\"description\":\"IRONSKY.PL Sklep z Dronami\",\"potentialAction\":[{\"@type\":\"SearchAction\",\"target\":{\"@type\":\"EntryPoint\",\"urlTemplate\":\"https:\/\/ironsky.pl\/sklep\/?s={search_term_string}\"},\"query-input\":{\"@type\":\"PropertyValueSpecification\",\"valueRequired\":true,\"valueName\":\"search_term_string\"}}],\"inLanguage\":\"pl-PL\"}]}<\/script>\n<!-- \/ Yoast SEO plugin. -->","yoast_head_json":{"title":"Gimbal PULUZ dla DJI Osmo Action 5 Pro \/ 4 \/ 3 (czarny) - IRONSKY.PL Sklep z Dronami","description":"Gimbal PULUZ dla DJI Osmo Action 5 Pro \/ 4 \/ 3 (czarny) - \u2705 sklep z dronami i fachowym doradztwem. \u2705 Tutaj kupisz produkty DJI, Yuneec, Parrot, Syma i wiele innych, a tak\u017ce kursy i licencje na operatora drona.","robots":{"index":"index","follow":"follow","max-snippet":"max-snippet:-1","max-image-preview":"max-image-preview:large","max-video-preview":"max-video-preview:-1"},"canonical":"https:\/\/ironsky.pl\/sklep\/produkt\/gimbal-puluz-dla-dji-osmo-action-5-pro-4-3-czarny\/","og_locale":"pl_PL","og_type":"article","og_title":"Gimbal PULUZ dla DJI Osmo Action 5 Pro \/ 4 \/ 3 (czarny) - IRONSKY.PL Sklep z Dronami","og_description":"Gimbal PULUZ dla DJI Osmo Action 5 Pro \/ 4 \/ 3 (czarny) - \u2705 sklep z dronami i fachowym doradztwem. \u2705 Tutaj kupisz produkty DJI, Yuneec, Parrot, Syma i wiele innych, a tak\u017ce kursy i licencje na operatora drona.","og_url":"https:\/\/ironsky.pl\/sklep\/produkt\/gimbal-puluz-dla-dji-osmo-action-5-pro-4-3-czarny\/","og_site_name":"IRONSKY.PL Sklep z Dronami","article_modified_time":"2026-04-19T13:24:29+00:00","og_image":[{"width":800,"height":800,"url":"https:\/\/ironsky.pl\/sklep\/wp-content\/uploads\/2026\/04\/49522_1.jpg","type":"image\/jpeg"}],"twitter_card":"summary_large_image","twitter_misc":{"Szacowany czas czytania":"2 minuty"},"schema":{"@context":"https:\/\/schema.org","@graph":[{"@type":"WebPage","@id":"https:\/\/ironsky.pl\/sklep\/produkt\/gimbal-puluz-dla-dji-osmo-action-5-pro-4-3-czarny\/","url":"https:\/\/ironsky.pl\/sklep\/produkt\/gimbal-puluz-dla-dji-osmo-action-5-pro-4-3-czarny\/","name":"Gimbal PULUZ dla DJI Osmo Action 5 Pro \/ 4 \/ 3 (czarny) - IRONSKY.PL Sklep z Dronami","isPartOf":{"@id":"https:\/\/ironsky.pl\/sklep\/#website"},"primaryImageOfPage":{"@id":"https:\/\/ironsky.pl\/sklep\/produkt\/gimbal-puluz-dla-dji-osmo-action-5-pro-4-3-czarny\/#primaryimage"},"image":{"@id":"https:\/\/ironsky.pl\/sklep\/produkt\/gimbal-puluz-dla-dji-osmo-action-5-pro-4-3-czarny\/#primaryimage"},"thumbnailUrl":"https:\/\/ironsky.pl\/sklep\/wp-content\/uploads\/2026\/04\/49522_1.jpg","datePublished":"2026-04-15T08:54:59+00:00","dateModified":"2026-04-19T13:24:29+00:00","description":"Gimbal PULUZ dla DJI Osmo Action 5 Pro \/ 4 \/ 3 (czarny) - \u2705 sklep z dronami i fachowym doradztwem. \u2705 Tutaj kupisz produkty DJI, Yuneec, Parrot, Syma i wiele innych, a tak\u017ce kursy i licencje na operatora drona.","breadcrumb":{"@id":"https:\/\/ironsky.pl\/sklep\/produkt\/gimbal-puluz-dla-dji-osmo-action-5-pro-4-3-czarny\/#breadcrumb"},"inLanguage":"pl-PL","potentialAction":[{"@type":"ReadAction","target":["https:\/\/ironsky.pl\/sklep\/produkt\/gimbal-puluz-dla-dji-osmo-action-5-pro-4-3-czarny\/"]}]},{"@type":"ImageObject","inLanguage":"pl-PL","@id":"https:\/\/ironsky.pl\/sklep\/produkt\/gimbal-puluz-dla-dji-osmo-action-5-pro-4-3-czarny\/#primaryimage","url":"https:\/\/ironsky.pl\/sklep\/wp-content\/uploads\/2026\/04\/49522_1.jpg","contentUrl":"https:\/\/ironsky.pl\/sklep\/wp-content\/uploads\/2026\/04\/49522_1.jpg","width":800,"height":800},{"@type":"BreadcrumbList","@id":"https:\/\/ironsky.pl\/sklep\/produkt\/gimbal-puluz-dla-dji-osmo-action-5-pro-4-3-czarny\/#breadcrumb","itemListElement":[{"@type":"ListItem","position":1,"name":"Strona g\u0142\u00f3wna","item":"https:\/\/ironsky.pl\/sklep\/"},{"@type":"ListItem","position":2,"name":"Wszystkie produkty","item":"https:\/\/ironsky.pl\/sklep\/produkty\/"},{"@type":"ListItem","position":3,"name":"Gimbal PULUZ dla DJI Osmo Action 5 Pro \/ 4 \/ 3 (czarny)"}]},{"@type":"WebSite","@id":"https:\/\/ironsky.pl\/sklep\/#website","url":"https:\/\/ironsky.pl\/sklep\/","name":"IRONSKY.PL Sklep z Dronami","description":"IRONSKY.PL Sklep z Dronami","potentialAction":[{"@type":"SearchAction","target":{"@type":"EntryPoint","urlTemplate":"https:\/\/ironsky.pl\/sklep\/?s={search_term_string}"},"query-input":{"@type":"PropertyValueSpecification","valueRequired":true,"valueName":"search_term_string"}}],"inLanguage":"pl-PL"}]}},"_links":{"self":[{"href":"https:\/\/ironsky.pl\/sklep\/wp-json\/wp\/v2\/product\/60045","targetHints":{"allow":["GET"]}}],"collection":[{"href":"https:\/\/ironsky.pl\/sklep\/wp-json\/wp\/v2\/product"}],"about":[{"href":"https:\/\/ironsky.pl\/sklep\/wp-json\/wp\/v2\/types\/product"}],"replies":[{"embeddable":true,"href":"https:\/\/ironsky.pl\/sklep\/wp-json\/wp\/v2\/comments?post=60045"}],"wp:featuredmedia":[{"embeddable":true,"href":"https:\/\/ironsky.pl\/sklep\/wp-json\/wp\/v2\/media\/60046"}],"wp:attachment":[{"href":"https:\/\/ironsky.pl\/sklep\/wp-json\/wp\/v2\/media?parent=60045"}],"wp:term":[{"taxonomy":"product_brand","embeddable":true,"href":"https:\/\/ironsky.pl\/sklep\/wp-json\/wp\/v2\/product_brand?post=60045"},{"taxonomy":"product_cat","embeddable":true,"href":"https:\/\/ironsky.pl\/sklep\/wp-json\/wp\/v2\/product_cat?post=60045"},{"taxonomy":"product_tag","embeddable":true,"href":"https:\/\/ironsky.pl\/sklep\/wp-json\/wp\/v2\/product_tag?post=60045"}],"curies":[{"name":"wp","href":"https:\/\/api.w.org\/{rel}","templated":true}]}}