{"id":60038,"date":"2026-04-15T10:54:59","date_gmt":"2026-04-15T08:54:59","guid":{"rendered":"https:\/\/ironsky.pl\/sklep\/produkt\/panel-wideo-insta360-connect-2\/"},"modified":"2026-04-15T10:55:05","modified_gmt":"2026-04-15T08:55:05","slug":"panel-wideo-insta360-connect-2","status":"publish","type":"product","link":"https:\/\/ironsky.pl\/sklep\/produkt\/panel-wideo-insta360-connect-2\/","title":{"rendered":"Panel wideo INSTA360 Connect"},"content":{"rendered":"<h3>Panel wideo Insta360 Connect<\/h3>\n<p>Insta360 Connect to zaawansowany panel wideo do wideokonferencji, kt\u00f3ry stawia na prostot\u0119 i wydajno\u015b\u0107. Jego obs\u0142uga jest wyj\u0105tkowo prosta \u2013 wystarczy pod\u0142\u0105czy\u0107 urz\u0105dzenie do laptopa za pomoc\u0105 kabla USB, aby od razu rozpocz\u0105\u0107 po\u0142\u0105czenie. Nie trzeba instalowa\u0107 dodatkowych sterownik\u00f3w ani aplikacji, co pozwala oszcz\u0119dzi\u0107 czas i unikn\u0105\u0107 zb\u0119dnych komplikacji. Insta360 Connect dzia\u0142a ze wszystkimi popularnymi platformami do wideokonferencji, takimi jak Zoom, Microsoft Teams, Google Meet czy Skype. Dzi\u0119ki temu niezale\u017cnie od preferowanego oprogramowania mo\u017cesz liczy\u0107 na p\u0142ynn\u0105 i bezproblemow\u0105 wsp\u00f3\u0142prac\u0119 online.<\/p>\n<p>\n<img decoding=\"async\" src=\"https:\/\/assets.innpro.pl\/12080\/14318\/5.jpg\" border=\"0\" \/>\n<\/p>\n<h3>Szeroki k\u0105t widzenia \u2013 uchwy\u0107 ca\u0142\u0105 grup\u0119 w 4K<\/h3>\n<p>W trakcie spotka\u0144 zespo\u0142owych liczy si\u0119 to, aby ka\u017cdy uczestnik by\u0142 dobrze widoczny. Dzi\u0119ki szerokok\u0105tnemu obiektywowi Insta360 Connect z \u0142atwo\u015bci\u0105 uchwycisz ca\u0142\u0105 grup\u0119 w jednym kadrze. Kamera korzysta z zaawansowanego sensora 1\/1.3&#8243; CMOS, kt\u00f3ry rejestruje obraz w wysokiej rozdzielczo\u015bci 4K. Dzi\u0119ki temu detale s\u0105 ostre, a kolory realistyczne. Szeroki k\u0105t sprawia, \u017ce nikt nie zostaje pomini\u0119ty, nawet je\u015bli uczestnicy siedz\u0105 w r\u00f3\u017cnych cz\u0119\u015bciach pomieszczenia.\u00a0<\/p>\n<p>\n<img decoding=\"async\" src=\"https:\/\/assets.innpro.pl\/12080\/14318\/6.jpg\" border=\"0\" \/>\n<\/p>\n<h3>Teleobiektyw z ruchomym gimbalem \u2013 skup si\u0119 na m\u00f3wcy<\/h3>\n<p>Insta360 Connect wyposa\u017cony jest w 48-megapikselowy teleobiektyw i zintegrowany gimbal, kt\u00f3re dbaj\u0105 o to, by ka\u017cda osoba zabieraj\u0105ca g\u0142os by\u0142a dobrze widoczna. Kamera automatycznie \u015bledzi m\u00f3wc\u0119, niezale\u017cnie od tego, czy znajduje si\u0119 on blisko kamery, czy na ko\u0144cu sali. Funkcja ta jest niezwykle przydatna podczas prezentacji, warsztat\u00f3w i debat, gdzie r\u00f3\u017cne osoby zabieraj\u0105 g\u0142os. Ruchomy gimbal zapewnia p\u0142ynne przej\u015bcia i eliminuje potrzeb\u0119 r\u0119cznego dostosowywania k\u0105ta widzenia.\u00a0<\/p>\n<p>\n<img decoding=\"async\" src=\"https:\/\/assets.innpro.pl\/12080\/14318\/2.jpg\" border=\"0\" \/>\n<\/p>\n<h3>Realistyczna jako\u015b\u0107 obrazu dzi\u0119ki AI Resolution+<\/h3>\n<p>Technologia AI Resolution+ to rozwi\u0105zanie, kt\u00f3re przenosi jako\u015b\u0107 wideokonferencji na wy\u017cszy poziom. Dzi\u0119ki wykorzystaniu uczenia maszynowego, obraz m\u00f3wcy jest analizowany i przetwarzany w czasie rzeczywistym, co pozwala podwoi\u0107 jego rozdzielczo\u015b\u0107. Dzi\u0119ki tej funkcji obraz jest bardziej szczeg\u00f3\u0142owy, a detale twarzy i mimiki s\u0105 wyra\u017aniejsze. To sprawia, \u017ce rozmowy online s\u0105 bardziej naturalne i przypominaj\u0105 spotkania na \u017cywo.\u00a0<\/p>\n<p>\n<img decoding=\"async\" src=\"https:\/\/assets.innpro.pl\/12080\/14318\/3.jpg\" border=\"0\" \/>\n<\/p>\n<h3>Ca\u0142y zesp\u00f3\u0142 w kadrze \u2013 naturalna perspektywa<\/h3>\n<p>Insta360 Connect zapewnia naturalny widok ca\u0142ego zespo\u0142u. Dzi\u0119ki funkcji \u015bledzenia wielu os\u00f3b kamera automatycznie prze\u0142\u0105cza si\u0119 mi\u0119dzy m\u00f3wcami, dbaj\u0105c o to, aby ka\u017cdy uczestnik by\u0142 odpowiednio uchwycony w kadrze. To rozwi\u0105zanie sprawia, \u017ce wsp\u00f3\u0142praca online staje si\u0119 bardziej efektywna i komfortowa dla wszystkich.<\/p>\n<p>\n<img decoding=\"async\" src=\"https:\/\/assets.innpro.pl\/12080\/14318\/1.jpg\" border=\"0\" \/>\n<\/p>\n<h3>\u015aledzenie d\u017awi\u0119ku i obrazu<\/h3>\n<p>Insta360 Connect wykorzystuje zaawansowane technologie rozpoznawania g\u0142osu, twarzy, cia\u0142a i ruchu ust, aby precyzyjnie \u015bledzi\u0107 m\u00f3wc\u00f3w. Kamera automatycznie lokalizuje \u017ar\u00f3d\u0142o d\u017awi\u0119ku i utrzymuje m\u00f3wc\u0119 w centrum kadru. Funkcja ta dzia\u0142a p\u0142ynnie i szybko, co pozwala na dynamiczne przechodzenie mi\u0119dzy osobami zabieraj\u0105cymi g\u0142os.\u00a0<\/p>\n<p>\n<img decoding=\"async\" src=\"https:\/\/assets.innpro.pl\/12080\/14318\/9.jpg\" border=\"0\" \/>\n<\/p>\n<h3>Precyzyjne mikrofony<\/h3>\n<p>Insta360 Connect posiada system sk\u0142adaj\u0105cy si\u0119 z 14 mikrofon\u00f3w, kt\u00f3re zbieraj\u0105 d\u017awi\u0119k z ka\u017cdego zak\u0105tka pomieszczenia. Dzi\u0119ki temu g\u0142os jest s\u0142yszany z odpowiedni\u0105 g\u0142o\u015bno\u015bci\u0105 i klarowno\u015bci\u0105. Zaawansowany algorytm 3A redukuje szumy i echa, pozwalaj\u0105c na prowadzenie rozm\u00f3w z odleg\u0142o\u015bci nawet 10 metr\u00f3w. Bez wzgl\u0119du na to, czy jeste\u015b blisko mikrofonu, czy na ko\u0144cu sali, Twoje s\u0142owa b\u0119d\u0105 s\u0142yszalne g\u0142o\u015bno i wyra\u017anie.<\/p>\n<p>\n<img decoding=\"async\" src=\"https:\/\/assets.innpro.pl\/12080\/14318\/11.jpg\" border=\"0\" \/>\n<\/p>\n<h3>Spok\u00f3j i koncentracja dzi\u0119ki redukcji ha\u0142asu<\/h3>\n<p>Podczas wideokonferencji ha\u0142as t\u0142a mo\u017ce by\u0107 uci\u0105\u017cliwy. Insta360 Connect wyposa\u017cony jest w inteligentny system redukcji ha\u0142asu, kt\u00f3ry analizuje d\u017awi\u0119ki w czasie rzeczywistym i eliminuje niechciane odg\u0142osy. Dzi\u0119ki temu rozmowy s\u0105 bardziej przejrzyste, a uczestnicy mog\u0105 skupi\u0107 si\u0119 na dyskusji bez zak\u0142\u00f3ce\u0144. Funkcja ta jest szczeg\u00f3lnie przydatna w biurach typu open space, gdzie panuje du\u017cy ruch i ha\u0142as.<\/p>\n<p>\n<img decoding=\"async\" src=\"https:\/\/assets.innpro.pl\/12080\/14318\/12.jpg\" border=\"0\" \/>\n<\/p>\n<h3>Tryb tablicy i g\u0142o\u015bnom\u00f3wi\u0105cy \u2013 wsparcie dla prezentacji<\/h3>\n<p>Insta360 Connect oferuje tryb Whiteboard, kt\u00f3ry automatycznie kadruje i poprawia widok tablicy. Dzi\u0119ki temu uczestnicy mog\u0105 wyra\u017anie zobaczy\u0107 prezentowane tre\u015bci, nawet je\u015bli kto\u015b stanie przed tablic\u0105. Dodatkowo tryb Speakerphone umo\u017cliwia prowadzenie klasycznych po\u0142\u0105cze\u0144 g\u0142osowych z krystalicznie czystym d\u017awi\u0119kiem, \u0142\u0105cz\u0105c si\u0119 przez Bluetooth. To sprawia, \u017ce spotkania staj\u0105 si\u0119 bardziej wszechstronne i dostosowane do r\u00f3\u017cnych potrzeb.<\/p>\n<p>\n<img decoding=\"async\" src=\"https:\/\/assets.innpro.pl\/12080\/14318\/7.jpg\" border=\"0\" \/>\n<\/p>\n<h3>Ochrona prywatno\u015bci<\/h3>\n<p>W sytuacjach, gdy potrzebujesz prywatno\u015bci, Insta360 Connect pozwala szybko i skutecznie zabezpieczy\u0107 Twoje rozmowy. Wystarczy przesun\u0105\u0107 suwak, aby ukry\u0107 obiektyw, wyciszy\u0107 mikrofon i skierowa\u0107 gimbal w d\u00f3\u0142. To prosty, ale skuteczny spos\u00f3b na zachowanie poufno\u015bci, gdy zajdzie taka potrzeba.<\/p>\n<p>\n<img decoding=\"async\" src=\"https:\/\/assets.innpro.pl\/12080\/14318\/10.jpg\" border=\"0\" \/>\n<\/p>\n<h3>Elastyczne opcje monta\u017cu \u2013 dostosuj do swojego biura<\/h3>\n<p>Insta360 Connect oferuje r\u00f3\u017cne mo\u017cliwo\u015bci monta\u017cu, dzi\u0119ki czemu sprawdzi si\u0119 w ka\u017cdej przestrzeni. Kompaktowa podstawka umo\u017cliwia szybkie i \u0142atwe ustawienie na biurku. Uchwyty na telewizor pozwalaj\u0105 na zamontowanie kamery nad\/pod ekranem, a uchwyty \u015bcienne umo\u017cliwiaj\u0105 precyzyjne dostosowanie k\u0105ta widzenia. Dodatkowo opcja monta\u017cu na dw\u00f3ch ekranach pozwala uzyska\u0107 szersz\u0105 perspektyw\u0119 podczas spotka\u0144. Dzi\u0119ki takiej elastyczno\u015bci mo\u017cesz zaaran\u017cowa\u0107 przestrze\u0144 do wideokonferencji zgodnie z w\u0142asnymi potrzebami.<\/p>\n<p>\n<img decoding=\"async\" src=\"https:\/\/assets.innpro.pl\/12080\/14318\/4.jpg\" border=\"0\" \/>\n<\/p>\n<div class=\"table-wrapper\">\n<p>\u00a0<\/p>\n<h3><\/h3>\n<table>\n<tbody>\n<tr>\n<th>Producent<\/th>\n<td>insta360<\/td>\n<\/tr>\n<tr>\n<th>Model<\/th>\n<td>Connect<\/td>\n<\/tr>\n<tr>\n<th>KAMERA SZEROKOK\u0104TNA<\/th>\n<\/tr>\n<tr>\n<th>Maks. rozdzielczo\u015b\u0107 i liczba klatek na sekund\u0119<\/th>\n<td>4K@30fps<\/td>\n<\/tr>\n<tr>\n<th>Pole widzenia<\/th>\n<td>110\u00ba HFOV<\/td>\n<\/tr>\n<tr>\n<th>Zoom cyfrowy<\/th>\n<td>3x<\/td>\n<\/tr>\n<tr>\n<th>Piksele CMOS<\/th>\n<td>48 MP<\/td>\n<\/tr>\n<tr>\n<th>Rozmiar matrycy CMOS<\/th>\n<td>1\/1.3\u201d<\/td>\n<\/tr>\n<tr>\n<th>TELEOBIEKTYW Z GIMBALEM<\/th>\n<\/tr>\n<tr>\n<th>Maks. rozdzielczo\u015b\u0107 i liczba klatek na sekund\u0119<\/th>\n<td>4K@30fps<\/td>\n<\/tr>\n<tr>\n<th>Pole widzenia<\/th>\n<td>40\u00ba HFOV<\/td>\n<\/tr>\n<tr>\n<th>Zoom cyfrowy<\/th>\n<td>3x<\/td>\n<\/tr>\n<tr>\n<th>Piksele CMOS<\/th>\n<td>48 MP<\/td>\n<\/tr>\n<tr>\n<th>Rozmiar matrycy CMOS<\/th>\n<td>1\/2.8\u201d<\/td>\n<\/tr>\n<tr>\n<th>Maks. zakres obrotu i pochylenia<\/th>\n<td>Obr\u00f3t: +\/- 35\u00b0; Pochylenie: +\/- 20\u00b0<\/td>\n<\/tr>\n<tr>\n<th>WIDEO<\/th>\n<\/tr>\n<tr>\n<th>Kodowanie wideo<\/th>\n<td>H.265, H.264 SVC, H.264 High profile, H.264 AVC<\/td>\n<\/tr>\n<tr>\n<th>AUDIO<\/th>\n<\/tr>\n<tr>\n<th>Mikrofon<\/th>\n<td>Uk\u0142ad 14 mikrofon\u00f3w<\/td>\n<\/tr>\n<tr>\n<th>Zasi\u0119g odbioru<\/th>\n<td>10 m<\/td>\n<\/tr>\n<tr>\n<th>G\u0142o\u015bniki<\/th>\n<td>1<\/td>\n<\/tr>\n<tr>\n<th>Maks. moc wyj\u015bciowa g\u0142o\u015bnika<\/th>\n<td>25W<\/td>\n<\/tr>\n<tr>\n<th>Znamionowa moc g\u0142o\u015bnik\u00f3w<\/th>\n<td>20W<\/td>\n<\/tr>\n<tr>\n<th>SIE\u0106 I PO\u0141\u0104CZENIE<\/th>\n<\/tr>\n<tr>\n<th>LAN<\/th>\n<td>Ethernet 10\/100\/1000 Mb\/s<\/td>\n<\/tr>\n<tr>\n<th>Wi-Fi<\/th>\n<td>2,4 GHz, 5 GHz<\/td>\n<\/tr>\n<tr>\n<th>Protok\u00f3\u0142 sieciowy<\/th>\n<td>IPv4, IPv6<\/td>\n<\/tr>\n<tr>\n<th>Bluetooth<\/th>\n<td>Bluetooth 5.1<\/td>\n<\/tr>\n<tr>\n<th>PORTY<\/th>\n<\/tr>\n<tr>\n<th>Wej\u015bcie HDMI<\/th>\n<td>1<\/td>\n<\/tr>\n<tr>\n<th>Wyj\u015bcie HDMI<\/th>\n<td>2<\/td>\n<\/tr>\n<tr>\n<th>USB-A<\/th>\n<td>USB-A 2.0, USB-A 3.0<\/td>\n<\/tr>\n<tr>\n<th>USB-C<\/th>\n<td>USB-C 3.0<\/td>\n<\/tr>\n<tr>\n<th>Zasilanie<\/th>\n<td>Port DC 12V\/7A<\/td>\n<\/tr>\n<tr>\n<th>Ethernet<\/th>\n<td>Gigabit Ethernet<\/td>\n<\/tr>\n<tr>\n<th>Gniazdo zabezpiecze\u0144<\/th>\n<td>1<\/td>\n<\/tr>\n<tr>\n<th>INNE<\/th>\n<\/tr>\n<tr>\n<th>Wymiary (szer. x wys. x g\u0142.)<\/th>\n<td>685 x 77 x 86,1 mm<\/td>\n<\/tr>\n<tr>\n<th>Waga<\/th>\n<td>2,27 kg<\/td>\n<\/tr>\n<tr>\n<th>Temperatura pracy<\/th>\n<td>0\u00b0C-40\u00b0C<\/td>\n<\/tr>\n<tr>\n<th>Temperatura przechowywania<\/th>\n<td>&#8211;40\u00b0C do 70\u00b0C<\/td>\n<\/tr>\n<tr>\n<th>Wilgotno\u015b\u0107<\/th>\n<td>&lt;90%<\/td>\n<\/tr>\n<\/tbody>\n<\/table>\n<\/div>\n","protected":false},"excerpt":{"rendered":"<p>Panel wideo Insta360 Connect Insta360 Connect to zaawansowany panel wideo do wideokonferencji, kt\u00f3ry stawia na prostot\u0119 i wydajno\u015b\u0107. Jego obs\u0142uga<\/p>\n","protected":false},"featured_media":60039,"comment_status":"closed","ping_status":"open","template":"","meta":{"_acf_changed":false},"product_brand":[],"product_cat":[1130,6174,1128],"product_tag":[],"class_list":{"0":"post-60038","1":"product","2":"type-product","3":"status-publish","4":"has-post-thumbnail","6":"product_cat-akcesoria-foto","7":"product_cat-do-aparatow-i-kamer","8":"product_cat-foto-wideo","9":"pa_okres-gwarancji-5757","10":"pa_producent-insta360","12":"first","13":"outofstock","14":"taxable","15":"shipping-taxable","16":"purchasable","17":"product-type-simple"},"acf":[],"yoast_head":"<!-- This site is optimized with the Yoast SEO plugin v27.2 - https:\/\/yoast.com\/product\/yoast-seo-wordpress\/ -->\n<title>Panel wideo INSTA360 Connect - IRONSKY.PL Sklep z Dronami<\/title>\n<meta name=\"description\" content=\"Panel wideo INSTA360 Connect - \u2705 sklep z dronami i fachowym doradztwem. \u2705 Tutaj kupisz produkty DJI, Yuneec, Parrot, Syma i wiele innych, a tak\u017ce kursy i licencje na operatora drona.\" \/>\n<meta name=\"robots\" content=\"index, follow, max-snippet:-1, max-image-preview:large, max-video-preview:-1\" \/>\n<link rel=\"canonical\" href=\"https:\/\/ironsky.pl\/sklep\/produkt\/panel-wideo-insta360-connect-2\/\" \/>\n<meta property=\"og:locale\" content=\"pl_PL\" \/>\n<meta property=\"og:type\" content=\"article\" \/>\n<meta property=\"og:title\" content=\"Panel wideo INSTA360 Connect - IRONSKY.PL Sklep z Dronami\" \/>\n<meta property=\"og:description\" content=\"Panel wideo INSTA360 Connect - \u2705 sklep z dronami i fachowym doradztwem. \u2705 Tutaj kupisz produkty DJI, Yuneec, Parrot, Syma i wiele innych, a tak\u017ce kursy i licencje na operatora drona.\" \/>\n<meta property=\"og:url\" content=\"https:\/\/ironsky.pl\/sklep\/produkt\/panel-wideo-insta360-connect-2\/\" \/>\n<meta property=\"og:site_name\" content=\"IRONSKY.PL Sklep z Dronami\" \/>\n<meta property=\"article:modified_time\" content=\"2026-04-15T08:55:05+00:00\" \/>\n<meta property=\"og:image\" content=\"https:\/\/ironsky.pl\/sklep\/wp-content\/uploads\/2026\/04\/49503_1.jpg\" \/>\n\t<meta property=\"og:image:width\" content=\"800\" \/>\n\t<meta property=\"og:image:height\" content=\"800\" \/>\n\t<meta property=\"og:image:type\" content=\"image\/jpeg\" \/>\n<meta name=\"twitter:card\" content=\"summary_large_image\" \/>\n<meta name=\"twitter:label1\" content=\"Szacowany czas czytania\" \/>\n\t<meta name=\"twitter:data1\" content=\"5 minut\" \/>\n<script type=\"application\/ld+json\" class=\"yoast-schema-graph\">{\"@context\":\"https:\/\/schema.org\",\"@graph\":[{\"@type\":\"WebPage\",\"@id\":\"https:\/\/ironsky.pl\/sklep\/produkt\/panel-wideo-insta360-connect-2\/\",\"url\":\"https:\/\/ironsky.pl\/sklep\/produkt\/panel-wideo-insta360-connect-2\/\",\"name\":\"Panel wideo INSTA360 Connect - IRONSKY.PL Sklep z Dronami\",\"isPartOf\":{\"@id\":\"https:\/\/ironsky.pl\/sklep\/#website\"},\"primaryImageOfPage\":{\"@id\":\"https:\/\/ironsky.pl\/sklep\/produkt\/panel-wideo-insta360-connect-2\/#primaryimage\"},\"image\":{\"@id\":\"https:\/\/ironsky.pl\/sklep\/produkt\/panel-wideo-insta360-connect-2\/#primaryimage\"},\"thumbnailUrl\":\"https:\/\/ironsky.pl\/sklep\/wp-content\/uploads\/2026\/04\/49503_1.jpg\",\"datePublished\":\"2026-04-15T08:54:59+00:00\",\"dateModified\":\"2026-04-15T08:55:05+00:00\",\"description\":\"Panel wideo INSTA360 Connect - \u2705 sklep z dronami i fachowym doradztwem. \u2705 Tutaj kupisz produkty DJI, Yuneec, Parrot, Syma i wiele innych, a tak\u017ce kursy i licencje na operatora drona.\",\"breadcrumb\":{\"@id\":\"https:\/\/ironsky.pl\/sklep\/produkt\/panel-wideo-insta360-connect-2\/#breadcrumb\"},\"inLanguage\":\"pl-PL\",\"potentialAction\":[{\"@type\":\"ReadAction\",\"target\":[\"https:\/\/ironsky.pl\/sklep\/produkt\/panel-wideo-insta360-connect-2\/\"]}]},{\"@type\":\"ImageObject\",\"inLanguage\":\"pl-PL\",\"@id\":\"https:\/\/ironsky.pl\/sklep\/produkt\/panel-wideo-insta360-connect-2\/#primaryimage\",\"url\":\"https:\/\/ironsky.pl\/sklep\/wp-content\/uploads\/2026\/04\/49503_1.jpg\",\"contentUrl\":\"https:\/\/ironsky.pl\/sklep\/wp-content\/uploads\/2026\/04\/49503_1.jpg\",\"width\":800,\"height\":800},{\"@type\":\"BreadcrumbList\",\"@id\":\"https:\/\/ironsky.pl\/sklep\/produkt\/panel-wideo-insta360-connect-2\/#breadcrumb\",\"itemListElement\":[{\"@type\":\"ListItem\",\"position\":1,\"name\":\"Strona g\u0142\u00f3wna\",\"item\":\"https:\/\/ironsky.pl\/sklep\/\"},{\"@type\":\"ListItem\",\"position\":2,\"name\":\"Wszystkie produkty\",\"item\":\"https:\/\/ironsky.pl\/sklep\/produkty\/\"},{\"@type\":\"ListItem\",\"position\":3,\"name\":\"Panel wideo INSTA360 Connect\"}]},{\"@type\":\"WebSite\",\"@id\":\"https:\/\/ironsky.pl\/sklep\/#website\",\"url\":\"https:\/\/ironsky.pl\/sklep\/\",\"name\":\"IRONSKY.PL Sklep z Dronami\",\"description\":\"IRONSKY.PL Sklep z Dronami\",\"potentialAction\":[{\"@type\":\"SearchAction\",\"target\":{\"@type\":\"EntryPoint\",\"urlTemplate\":\"https:\/\/ironsky.pl\/sklep\/?s={search_term_string}\"},\"query-input\":{\"@type\":\"PropertyValueSpecification\",\"valueRequired\":true,\"valueName\":\"search_term_string\"}}],\"inLanguage\":\"pl-PL\"}]}<\/script>\n<!-- \/ Yoast SEO plugin. -->","yoast_head_json":{"title":"Panel wideo INSTA360 Connect - IRONSKY.PL Sklep z Dronami","description":"Panel wideo INSTA360 Connect - \u2705 sklep z dronami i fachowym doradztwem. \u2705 Tutaj kupisz produkty DJI, Yuneec, Parrot, Syma i wiele innych, a tak\u017ce kursy i licencje na operatora drona.","robots":{"index":"index","follow":"follow","max-snippet":"max-snippet:-1","max-image-preview":"max-image-preview:large","max-video-preview":"max-video-preview:-1"},"canonical":"https:\/\/ironsky.pl\/sklep\/produkt\/panel-wideo-insta360-connect-2\/","og_locale":"pl_PL","og_type":"article","og_title":"Panel wideo INSTA360 Connect - IRONSKY.PL Sklep z Dronami","og_description":"Panel wideo INSTA360 Connect - \u2705 sklep z dronami i fachowym doradztwem. \u2705 Tutaj kupisz produkty DJI, Yuneec, Parrot, Syma i wiele innych, a tak\u017ce kursy i licencje na operatora drona.","og_url":"https:\/\/ironsky.pl\/sklep\/produkt\/panel-wideo-insta360-connect-2\/","og_site_name":"IRONSKY.PL Sklep z Dronami","article_modified_time":"2026-04-15T08:55:05+00:00","og_image":[{"width":800,"height":800,"url":"https:\/\/ironsky.pl\/sklep\/wp-content\/uploads\/2026\/04\/49503_1.jpg","type":"image\/jpeg"}],"twitter_card":"summary_large_image","twitter_misc":{"Szacowany czas czytania":"5 minut"},"schema":{"@context":"https:\/\/schema.org","@graph":[{"@type":"WebPage","@id":"https:\/\/ironsky.pl\/sklep\/produkt\/panel-wideo-insta360-connect-2\/","url":"https:\/\/ironsky.pl\/sklep\/produkt\/panel-wideo-insta360-connect-2\/","name":"Panel wideo INSTA360 Connect - IRONSKY.PL Sklep z Dronami","isPartOf":{"@id":"https:\/\/ironsky.pl\/sklep\/#website"},"primaryImageOfPage":{"@id":"https:\/\/ironsky.pl\/sklep\/produkt\/panel-wideo-insta360-connect-2\/#primaryimage"},"image":{"@id":"https:\/\/ironsky.pl\/sklep\/produkt\/panel-wideo-insta360-connect-2\/#primaryimage"},"thumbnailUrl":"https:\/\/ironsky.pl\/sklep\/wp-content\/uploads\/2026\/04\/49503_1.jpg","datePublished":"2026-04-15T08:54:59+00:00","dateModified":"2026-04-15T08:55:05+00:00","description":"Panel wideo INSTA360 Connect - \u2705 sklep z dronami i fachowym doradztwem. \u2705 Tutaj kupisz produkty DJI, Yuneec, Parrot, Syma i wiele innych, a tak\u017ce kursy i licencje na operatora drona.","breadcrumb":{"@id":"https:\/\/ironsky.pl\/sklep\/produkt\/panel-wideo-insta360-connect-2\/#breadcrumb"},"inLanguage":"pl-PL","potentialAction":[{"@type":"ReadAction","target":["https:\/\/ironsky.pl\/sklep\/produkt\/panel-wideo-insta360-connect-2\/"]}]},{"@type":"ImageObject","inLanguage":"pl-PL","@id":"https:\/\/ironsky.pl\/sklep\/produkt\/panel-wideo-insta360-connect-2\/#primaryimage","url":"https:\/\/ironsky.pl\/sklep\/wp-content\/uploads\/2026\/04\/49503_1.jpg","contentUrl":"https:\/\/ironsky.pl\/sklep\/wp-content\/uploads\/2026\/04\/49503_1.jpg","width":800,"height":800},{"@type":"BreadcrumbList","@id":"https:\/\/ironsky.pl\/sklep\/produkt\/panel-wideo-insta360-connect-2\/#breadcrumb","itemListElement":[{"@type":"ListItem","position":1,"name":"Strona g\u0142\u00f3wna","item":"https:\/\/ironsky.pl\/sklep\/"},{"@type":"ListItem","position":2,"name":"Wszystkie produkty","item":"https:\/\/ironsky.pl\/sklep\/produkty\/"},{"@type":"ListItem","position":3,"name":"Panel wideo INSTA360 Connect"}]},{"@type":"WebSite","@id":"https:\/\/ironsky.pl\/sklep\/#website","url":"https:\/\/ironsky.pl\/sklep\/","name":"IRONSKY.PL Sklep z Dronami","description":"IRONSKY.PL Sklep z Dronami","potentialAction":[{"@type":"SearchAction","target":{"@type":"EntryPoint","urlTemplate":"https:\/\/ironsky.pl\/sklep\/?s={search_term_string}"},"query-input":{"@type":"PropertyValueSpecification","valueRequired":true,"valueName":"search_term_string"}}],"inLanguage":"pl-PL"}]}},"_links":{"self":[{"href":"https:\/\/ironsky.pl\/sklep\/wp-json\/wp\/v2\/product\/60038","targetHints":{"allow":["GET"]}}],"collection":[{"href":"https:\/\/ironsky.pl\/sklep\/wp-json\/wp\/v2\/product"}],"about":[{"href":"https:\/\/ironsky.pl\/sklep\/wp-json\/wp\/v2\/types\/product"}],"replies":[{"embeddable":true,"href":"https:\/\/ironsky.pl\/sklep\/wp-json\/wp\/v2\/comments?post=60038"}],"wp:featuredmedia":[{"embeddable":true,"href":"https:\/\/ironsky.pl\/sklep\/wp-json\/wp\/v2\/media\/60039"}],"wp:attachment":[{"href":"https:\/\/ironsky.pl\/sklep\/wp-json\/wp\/v2\/media?parent=60038"}],"wp:term":[{"taxonomy":"product_brand","embeddable":true,"href":"https:\/\/ironsky.pl\/sklep\/wp-json\/wp\/v2\/product_brand?post=60038"},{"taxonomy":"product_cat","embeddable":true,"href":"https:\/\/ironsky.pl\/sklep\/wp-json\/wp\/v2\/product_cat?post=60038"},{"taxonomy":"product_tag","embeddable":true,"href":"https:\/\/ironsky.pl\/sklep\/wp-json\/wp\/v2\/product_tag?post=60038"}],"curies":[{"name":"wp","href":"https:\/\/api.w.org\/{rel}","templated":true}]}}