{"id":60033,"date":"2026-04-15T10:54:59","date_gmt":"2026-04-15T08:54:59","guid":{"rendered":"https:\/\/ironsky.pl\/sklep\/produkt\/plecak-pgytech-onepro-flex-40l-organizer-m-czarny\/"},"modified":"2026-04-15T10:55:00","modified_gmt":"2026-04-15T08:55:00","slug":"plecak-pgytech-onepro-flex-40l-organizer-m-czarny","status":"publish","type":"product","link":"https:\/\/ironsky.pl\/sklep\/produkt\/plecak-pgytech-onepro-flex-40l-organizer-m-czarny\/","title":{"rendered":"Plecak PGYTECH OnePro Flex 40L + organizer M (czarny)"},"content":{"rendered":"<h3><\/h3>\n<div class=\"inn_video\">\n<iframe loading=\"lazy\" src=\"https:\/\/www.youtube.com\/embed\/dKP3irU1q8I?autoplay=1&amp;mute=1&amp;loop=1&amp;controls=0&amp;color=white&amp;modestbranding=0&amp;rel=0&amp;playsinline=1&amp;enablejsapi=1&amp;playlist=dKP3irU1q8I\" width=\"100%\" height=\"100%\" title=\"YouTube video player\" frameborder=\"0\" allow=\"accelerometer; autoplay; clipboard-write; encrypted-media; gyroscope; picture-in-picture; web-share\" referrerpolicy=\"strict-origin-when-cross-origin\" allowfullscreen><br \/>\n<\/iframe>\n<\/div>\n<h3>Plecak 40 L + organizer na kamer\u0119 PGYTECH OnePro Flex Space Black<\/h3>\n<p>PGYTECH OnePro Flex to plecak, kt\u00f3ry spe\u0142ni oczekiwania zar\u00f3wno fotograf\u00f3w, podr\u00f3\u017cnik\u00f3w, jak i mi\u0142o\u015bnik\u00f3w outdooru. Jego wszechstronno\u015b\u0107, przemy\u015blana konstrukcja oraz wysoka jako\u015b\u0107 materia\u0142\u00f3w sprawiaj\u0105, \u017ce idealnie nadaje si\u0119 do przechowywania i ochrony sprz\u0119tu w ka\u017cdych warunkach. Dzi\u0119ki swojej modu\u0142owej budowie, innowacyjnym rozwi\u0105zaniom i funkcjom dodatkowym, jest to nie tylko plecak, ale r\u00f3wnie\u017c wsparcie dla wymagaj\u0105cych u\u017cytkownik\u00f3w w ich codziennych i ekstremalnych wyzwaniach.<\/p>\n<p>\n<img decoding=\"async\" src=\"https:\/\/assets.innpro.pl\/12052\/14291\/4.jpg\" border=\"0\" alt=\"\" \/>\n<\/p>\n<h3>Solidna konstrukcja<\/h3>\n<p>Plecak wykonano z wyj\u0105tkowo trwa\u0142ego materia\u0142u CORDURA\u00ae, kt\u00f3ry wyr\u00f3\u017cnia si\u0119 odporno\u015bci\u0105 na przetarcia i uszkodzenia mechaniczne. W po\u0142\u0105czeniu z wysokowydajn\u0105 pow\u0142ok\u0105 PU plecak skutecznie chroni zawarto\u015b\u0107 przed zachlapaniami i zarysowaniami, a dodatkowo jest \u0142atwy w czyszczeniu. Wodoodporne zamki YKK\u00ae zwi\u0119kszaj\u0105 ochron\u0119 przed wilgoci\u0105, a pokrowiec przeciwdeszczowy do\u0142\u0105czony do zestawu zapewnia dodatkow\u0105 barier\u0119 podczas ekstremalnych warunk\u00f3w pogodowych.<\/p>\n<p>\n<img decoding=\"async\" src=\"https:\/\/assets.innpro.pl\/12052\/14291\/7.jpg\" border=\"0\" alt=\"\" \/>\n<\/p>\n<h3>D\u0142ugotrwa\u0142a wygoda<\/h3>\n<p>Komfort noszenia OnePro Flex zapewnia ergonomiczny system no\u015bny z zastosowaniem AceFrame\u2122 oraz wyprofilowane paski na ramiona z wielowarstwowym wype\u0142nieniem. Dzi\u0119ki FreeFit mo\u017cliwa jest czterostopniowa regulacja d\u0142ugo\u015bci, co pozwala na idealne dopasowanie do sylwetki u\u017cytkownika. Tylna cz\u0119\u015b\u0107 plecaka wykonana z oddychaj\u0105cej siateczki wspomaga wentylacj\u0119 i zapewnia komfort nawet podczas d\u0142ugotrwa\u0142ego noszenia. Wbudowany gwizdek bezpiecze\u0144stwa to dodatkowy element zwi\u0119kszaj\u0105cy bezpiecze\u0144stwo podr\u00f3\u017cnik\u00f3w podczas samotnych wypraw.<\/p>\n<p>\n<img decoding=\"async\" src=\"https:\/\/assets.innpro.pl\/12052\/14291\/6.jpg\" border=\"0\" alt=\"\" \/>\n<\/p>\n<h3>Dostosowany do Twoich potrzeb<\/h3>\n<p>Plecak OnePro Flex oferuje modu\u0142owy system przechowywania, kt\u00f3ry mo\u017cna dostosowa\u0107 do w\u0142asnych potrzeb. Wewn\u0105trz znajduj\u0105 si\u0119 przegr\u00f3dki w r\u00f3\u017cnych rozmiarach, kt\u00f3re mo\u017cna konfigurowa\u0107 w zale\u017cno\u015bci od ilo\u015bci i rodzaju sprz\u0119tu. Dzi\u0119ki niezale\u017cnej przedniej komorze zyskujesz dodatkowe miejsce na gimbale i statywy a elastyczna przegroda mi\u0119dzy g\u00f3rn\u0105 a g\u0142\u00f3wn\u0105 komor\u0105 pozwala na wygodne przechowywanie odzie\u017cy i innych wi\u0119kszych przedmiot\u00f3w. Plecak zosta\u0142 tak\u017ce wyposa\u017cony w ukryt\u0105 kiesze\u0144 na AirTag, kt\u00f3ra pomaga zabezpieczy\u0107 cenne przedmioty podczas podr\u00f3\u017cy.<\/p>\n<p>\n<img decoding=\"async\" src=\"https:\/\/assets.innpro.pl\/12052\/14291\/3.jpg\" border=\"0\" alt=\"\" \/>\n<\/p>\n<h3>Wygodny dost\u0119p do akcesori\u00f3w i sprz\u0119tu<\/h3>\n<p>Dost\u0119p do zawarto\u015bci plecaka jest szybki i wygodny dzi\u0119ki konstrukcji umo\u017cliwiaj\u0105cej pe\u0142ne 180-stopniowe otwarcie. To rozwi\u0105zanie pozwala na dok\u0142adny wgl\u0105d do wn\u0119trza i u\u0142atwia organizacj\u0119 sprz\u0119tu. Dodatkowa boczna kiesze\u0144 umo\u017cliwia b\u0142yskawiczne wyj\u0119cie aparatu, dzi\u0119ki czemu nie przegapisz \u017cadnego wa\u017cnego uj\u0119cia. Plecak mo\u017cna te\u017c przekszta\u0142ci\u0107 w torb\u0119 na rami\u0119 lub mobilne stanowisko robocze, co jest szczeg\u00f3lnie przydatne podczas dynamicznych sesji fotograficznych w terenie.<\/p>\n<p>\n<img decoding=\"async\" src=\"https:\/\/assets.innpro.pl\/12052\/14291\/8.jpg\" border=\"0\" alt=\"\" \/>\n<\/p>\n<h3>Jeszcze wi\u0119cej mo\u017cliwo\u015bci<\/h3>\n<p>OnePro Flex posiada r\u00f3wnie\u017c praktyczne rozwi\u0105zania dla entuzjast\u00f3w outdooru. Magnetyczne klamry kompresyjne zwi\u0119kszaj\u0105 bezpiecze\u0144stwo, a przednia siatkowa kiesze\u0144 umo\u017cliwia przechowywanie kasku lub lekkiej odzie\u017cy. Dwa punkty mocowania na kijki trekkingowe lub czekany sprawiaj\u0105, \u017ce plecak doskonale sprawdza si\u0119 w g\u00f3rach. Dodatkowo na szelkach i pasie biodrowym znajduj\u0105 si\u0119 mocowania na klipsy do aparat\u00f3w, dzi\u0119ki czemu sprz\u0119t jest zawsze pod r\u0119k\u0105. Sp\u00f3d plecaka pozwala na mocowanie maty lub drona, a odczepiana kiesze\u0144 na statyw daje elastyczno\u015b\u0107 w jego monta\u017cu z przodu lub z boku plecaka.<\/p>\n<p>\n<img decoding=\"async\" src=\"https:\/\/assets.innpro.pl\/12052\/14291\/1.jpg\" border=\"0\" alt=\"\" \/>\n<\/p>\n<h3>Rozszerzana pojemno\u015b\u0107<\/h3>\n<p>Jednym z atut\u00f3w OnePro Flex jest mo\u017cliwo\u015b\u0107 zwi\u0119kszenia pojemno\u015bci o dodatkowe 10 litr\u00f3w. Dzi\u0119ki temu zyskujesz miejsce na odzie\u017c, sprz\u0119t turystyczny lub inne niezb\u0119dne akcesoria. Plecak posiada r\u00f3wnie\u017c przemy\u015blan\u0105 konstrukcj\u0119 z osobn\u0105 komor\u0105 na laptopa, myszk\u0119 i \u0142adowark\u0119, co u\u0142atwia organizacj\u0119 codziennych przedmiot\u00f3w. Wewn\u0119trzny worek na odzie\u017c pozwala na przechowywanie \u015bpiwor\u00f3w, odzie\u017cy czy ochraniaczy, a jego elastyczno\u015b\u0107 pozwala na dopasowanie do wielko\u015bci wk\u0142adu fotograficznego.<\/p>\n<p>\n<img decoding=\"async\" src=\"https:\/\/assets.innpro.pl\/12052\/14291\/9.jpg\" border=\"0\" alt=\"\" \/>\n<\/p>\n<h3>W zestawie<\/h3>\n<ul class=\"list-disc pl-5\">\n<li>plecak<\/li>\n<li>organizer w rozmiarze M<\/li>\n<li>pasek x2<\/li>\n<li>torba na tripod<\/li>\n<li>os\u0142ona wodoodporna<\/li>\n<li>pasek mocuj\u0105cy do kasku<\/li>\n<\/ul>\n<div class=\"table-wrapper\">\n<p>\u00a0<\/p>\n<h3><\/h3>\n<table>\n<tbody>\n<tr>\n<th>Producent<\/th>\n<td>PGYTECH<\/td>\n<\/tr>\n<tr>\n<th>Model<\/th>\n<td>OnePro Flex<\/td>\n<\/tr>\n<tr>\n<th>Kolor<\/th>\n<td>czarny<\/td>\n<\/tr>\n<tr>\n<th>Waga (bez przegr\u00f3dek, organizera, pask\u00f3w, os\u0142ony przeciwdeszczowej i torby na statyw)<\/th>\n<td>1,96 kg<\/td>\n<\/tr>\n<tr>\n<th>Pojemno\u015b\u0107<\/th>\n<td>40 l<\/td>\n<\/tr>\n<tr>\n<th>Materia\u0142<\/th>\n<td>poliamid<\/td>\n<\/tr>\n<tr>\n<th>Rozmiar zewn\u0119trzny<\/th>\n<td>540 x 330 x 260 mm<\/td>\n<\/tr>\n<tr>\n<th>Rozszerzony rozmiar zewn\u0119trzny<\/th>\n<td>730 x 330 x 260 mm<\/td>\n<\/tr>\n<tr>\n<th>Rozmiar wewn\u0119trzny<\/th>\n<td>530 x 310 x 190 mm<\/td>\n<\/tr>\n<tr>\n<th>Kompatybilno\u015b\u0107<\/th>\n<td>Mo\u017ce pomie\u015bci\u0107 organizery M+S, dwie standardowe lustrzanki cyfrowe lub aparaty bezlusterkowe i dziesi\u0119\u0107 obiektyw\u00f3w \/ obiektyw 200-600 mm i maksymalnie 400 mm obiektyw sta\u0142oogniskowy \/ drony DJI<\/td>\n<\/tr>\n<\/tbody>\n<\/table>\n<\/div>\n","protected":false},"excerpt":{"rendered":"<p>Plecak 40 L + organizer na kamer\u0119 PGYTECH OnePro Flex Space Black PGYTECH OnePro Flex to plecak, kt\u00f3ry spe\u0142ni oczekiwania<\/p>\n","protected":false},"featured_media":38884,"comment_status":"closed","ping_status":"open","template":"","meta":{"_acf_changed":false},"product_brand":[],"product_cat":[1130,6174,1128],"product_tag":[],"class_list":{"0":"post-60033","1":"product","2":"type-product","3":"status-publish","4":"has-post-thumbnail","6":"product_cat-akcesoria-foto","7":"product_cat-do-aparatow-i-kamer","8":"product_cat-foto-wideo","9":"pa_okres-gwarancji-5754","10":"pa_producent-pgytech","12":"first","13":"outofstock","14":"taxable","15":"shipping-taxable","16":"purchasable","17":"product-type-simple"},"acf":[],"yoast_head":"<!-- This site is optimized with the Yoast SEO plugin v27.2 - https:\/\/yoast.com\/product\/yoast-seo-wordpress\/ -->\n<title>Plecak PGYTECH OnePro Flex 40L + organizer M (czarny) - IRONSKY.PL Sklep z Dronami<\/title>\n<meta name=\"description\" content=\"Plecak PGYTECH OnePro Flex 40L + organizer M (czarny) - \u2705 sklep z dronami i fachowym doradztwem. \u2705 Tutaj kupisz produkty DJI, Yuneec, Parrot, Syma i wiele innych, a tak\u017ce kursy i licencje na operatora drona.\" \/>\n<meta name=\"robots\" content=\"index, follow, max-snippet:-1, max-image-preview:large, max-video-preview:-1\" \/>\n<link rel=\"canonical\" href=\"https:\/\/ironsky.pl\/sklep\/produkt\/plecak-pgytech-onepro-flex-40l-organizer-m-czarny\/\" \/>\n<meta property=\"og:locale\" content=\"pl_PL\" \/>\n<meta property=\"og:type\" content=\"article\" \/>\n<meta property=\"og:title\" content=\"Plecak PGYTECH OnePro Flex 40L + organizer M (czarny) - IRONSKY.PL Sklep z Dronami\" \/>\n<meta property=\"og:description\" content=\"Plecak PGYTECH OnePro Flex 40L + organizer M (czarny) - \u2705 sklep z dronami i fachowym doradztwem. \u2705 Tutaj kupisz produkty DJI, Yuneec, Parrot, Syma i wiele innych, a tak\u017ce kursy i licencje na operatora drona.\" \/>\n<meta property=\"og:url\" content=\"https:\/\/ironsky.pl\/sklep\/produkt\/plecak-pgytech-onepro-flex-40l-organizer-m-czarny\/\" \/>\n<meta property=\"og:site_name\" content=\"IRONSKY.PL Sklep z Dronami\" \/>\n<meta property=\"article:modified_time\" content=\"2026-04-15T08:55:00+00:00\" \/>\n<meta property=\"og:image\" content=\"https:\/\/ironsky.pl\/sklep\/wp-content\/uploads\/2025\/03\/49424_1.jpg\" \/>\n\t<meta property=\"og:image:width\" content=\"800\" \/>\n\t<meta property=\"og:image:height\" content=\"800\" \/>\n\t<meta property=\"og:image:type\" content=\"image\/jpeg\" \/>\n<meta name=\"twitter:card\" content=\"summary_large_image\" \/>\n<meta name=\"twitter:label1\" content=\"Szacowany czas czytania\" \/>\n\t<meta name=\"twitter:data1\" content=\"4 minuty\" \/>\n<script type=\"application\/ld+json\" class=\"yoast-schema-graph\">{\"@context\":\"https:\/\/schema.org\",\"@graph\":[{\"@type\":\"WebPage\",\"@id\":\"https:\/\/ironsky.pl\/sklep\/produkt\/plecak-pgytech-onepro-flex-40l-organizer-m-czarny\/\",\"url\":\"https:\/\/ironsky.pl\/sklep\/produkt\/plecak-pgytech-onepro-flex-40l-organizer-m-czarny\/\",\"name\":\"Plecak PGYTECH OnePro Flex 40L + organizer M (czarny) - IRONSKY.PL Sklep z Dronami\",\"isPartOf\":{\"@id\":\"https:\/\/ironsky.pl\/sklep\/#website\"},\"primaryImageOfPage\":{\"@id\":\"https:\/\/ironsky.pl\/sklep\/produkt\/plecak-pgytech-onepro-flex-40l-organizer-m-czarny\/#primaryimage\"},\"image\":{\"@id\":\"https:\/\/ironsky.pl\/sklep\/produkt\/plecak-pgytech-onepro-flex-40l-organizer-m-czarny\/#primaryimage\"},\"thumbnailUrl\":\"https:\/\/ironsky.pl\/sklep\/wp-content\/uploads\/2025\/03\/49424_1.jpg\",\"datePublished\":\"2026-04-15T08:54:59+00:00\",\"dateModified\":\"2026-04-15T08:55:00+00:00\",\"description\":\"Plecak PGYTECH OnePro Flex 40L + organizer M (czarny) - \u2705 sklep z dronami i fachowym doradztwem. \u2705 Tutaj kupisz produkty DJI, Yuneec, Parrot, Syma i wiele innych, a tak\u017ce kursy i licencje na operatora drona.\",\"breadcrumb\":{\"@id\":\"https:\/\/ironsky.pl\/sklep\/produkt\/plecak-pgytech-onepro-flex-40l-organizer-m-czarny\/#breadcrumb\"},\"inLanguage\":\"pl-PL\",\"potentialAction\":[{\"@type\":\"ReadAction\",\"target\":[\"https:\/\/ironsky.pl\/sklep\/produkt\/plecak-pgytech-onepro-flex-40l-organizer-m-czarny\/\"]}]},{\"@type\":\"ImageObject\",\"inLanguage\":\"pl-PL\",\"@id\":\"https:\/\/ironsky.pl\/sklep\/produkt\/plecak-pgytech-onepro-flex-40l-organizer-m-czarny\/#primaryimage\",\"url\":\"https:\/\/ironsky.pl\/sklep\/wp-content\/uploads\/2025\/03\/49424_1.jpg\",\"contentUrl\":\"https:\/\/ironsky.pl\/sklep\/wp-content\/uploads\/2025\/03\/49424_1.jpg\",\"width\":800,\"height\":800},{\"@type\":\"BreadcrumbList\",\"@id\":\"https:\/\/ironsky.pl\/sklep\/produkt\/plecak-pgytech-onepro-flex-40l-organizer-m-czarny\/#breadcrumb\",\"itemListElement\":[{\"@type\":\"ListItem\",\"position\":1,\"name\":\"Strona g\u0142\u00f3wna\",\"item\":\"https:\/\/ironsky.pl\/sklep\/\"},{\"@type\":\"ListItem\",\"position\":2,\"name\":\"Wszystkie produkty\",\"item\":\"https:\/\/ironsky.pl\/sklep\/produkty\/\"},{\"@type\":\"ListItem\",\"position\":3,\"name\":\"Plecak PGYTECH OnePro Flex 40L + organizer M (czarny)\"}]},{\"@type\":\"WebSite\",\"@id\":\"https:\/\/ironsky.pl\/sklep\/#website\",\"url\":\"https:\/\/ironsky.pl\/sklep\/\",\"name\":\"IRONSKY.PL Sklep z Dronami\",\"description\":\"IRONSKY.PL Sklep z Dronami\",\"potentialAction\":[{\"@type\":\"SearchAction\",\"target\":{\"@type\":\"EntryPoint\",\"urlTemplate\":\"https:\/\/ironsky.pl\/sklep\/?s={search_term_string}\"},\"query-input\":{\"@type\":\"PropertyValueSpecification\",\"valueRequired\":true,\"valueName\":\"search_term_string\"}}],\"inLanguage\":\"pl-PL\"}]}<\/script>\n<!-- \/ Yoast SEO plugin. -->","yoast_head_json":{"title":"Plecak PGYTECH OnePro Flex 40L + organizer M (czarny) - IRONSKY.PL Sklep z Dronami","description":"Plecak PGYTECH OnePro Flex 40L + organizer M (czarny) - \u2705 sklep z dronami i fachowym doradztwem. \u2705 Tutaj kupisz produkty DJI, Yuneec, Parrot, Syma i wiele innych, a tak\u017ce kursy i licencje na operatora drona.","robots":{"index":"index","follow":"follow","max-snippet":"max-snippet:-1","max-image-preview":"max-image-preview:large","max-video-preview":"max-video-preview:-1"},"canonical":"https:\/\/ironsky.pl\/sklep\/produkt\/plecak-pgytech-onepro-flex-40l-organizer-m-czarny\/","og_locale":"pl_PL","og_type":"article","og_title":"Plecak PGYTECH OnePro Flex 40L + organizer M (czarny) - IRONSKY.PL Sklep z Dronami","og_description":"Plecak PGYTECH OnePro Flex 40L + organizer M (czarny) - \u2705 sklep z dronami i fachowym doradztwem. \u2705 Tutaj kupisz produkty DJI, Yuneec, Parrot, Syma i wiele innych, a tak\u017ce kursy i licencje na operatora drona.","og_url":"https:\/\/ironsky.pl\/sklep\/produkt\/plecak-pgytech-onepro-flex-40l-organizer-m-czarny\/","og_site_name":"IRONSKY.PL Sklep z Dronami","article_modified_time":"2026-04-15T08:55:00+00:00","og_image":[{"width":800,"height":800,"url":"https:\/\/ironsky.pl\/sklep\/wp-content\/uploads\/2025\/03\/49424_1.jpg","type":"image\/jpeg"}],"twitter_card":"summary_large_image","twitter_misc":{"Szacowany czas czytania":"4 minuty"},"schema":{"@context":"https:\/\/schema.org","@graph":[{"@type":"WebPage","@id":"https:\/\/ironsky.pl\/sklep\/produkt\/plecak-pgytech-onepro-flex-40l-organizer-m-czarny\/","url":"https:\/\/ironsky.pl\/sklep\/produkt\/plecak-pgytech-onepro-flex-40l-organizer-m-czarny\/","name":"Plecak PGYTECH OnePro Flex 40L + organizer M (czarny) - IRONSKY.PL Sklep z Dronami","isPartOf":{"@id":"https:\/\/ironsky.pl\/sklep\/#website"},"primaryImageOfPage":{"@id":"https:\/\/ironsky.pl\/sklep\/produkt\/plecak-pgytech-onepro-flex-40l-organizer-m-czarny\/#primaryimage"},"image":{"@id":"https:\/\/ironsky.pl\/sklep\/produkt\/plecak-pgytech-onepro-flex-40l-organizer-m-czarny\/#primaryimage"},"thumbnailUrl":"https:\/\/ironsky.pl\/sklep\/wp-content\/uploads\/2025\/03\/49424_1.jpg","datePublished":"2026-04-15T08:54:59+00:00","dateModified":"2026-04-15T08:55:00+00:00","description":"Plecak PGYTECH OnePro Flex 40L + organizer M (czarny) - \u2705 sklep z dronami i fachowym doradztwem. \u2705 Tutaj kupisz produkty DJI, Yuneec, Parrot, Syma i wiele innych, a tak\u017ce kursy i licencje na operatora drona.","breadcrumb":{"@id":"https:\/\/ironsky.pl\/sklep\/produkt\/plecak-pgytech-onepro-flex-40l-organizer-m-czarny\/#breadcrumb"},"inLanguage":"pl-PL","potentialAction":[{"@type":"ReadAction","target":["https:\/\/ironsky.pl\/sklep\/produkt\/plecak-pgytech-onepro-flex-40l-organizer-m-czarny\/"]}]},{"@type":"ImageObject","inLanguage":"pl-PL","@id":"https:\/\/ironsky.pl\/sklep\/produkt\/plecak-pgytech-onepro-flex-40l-organizer-m-czarny\/#primaryimage","url":"https:\/\/ironsky.pl\/sklep\/wp-content\/uploads\/2025\/03\/49424_1.jpg","contentUrl":"https:\/\/ironsky.pl\/sklep\/wp-content\/uploads\/2025\/03\/49424_1.jpg","width":800,"height":800},{"@type":"BreadcrumbList","@id":"https:\/\/ironsky.pl\/sklep\/produkt\/plecak-pgytech-onepro-flex-40l-organizer-m-czarny\/#breadcrumb","itemListElement":[{"@type":"ListItem","position":1,"name":"Strona g\u0142\u00f3wna","item":"https:\/\/ironsky.pl\/sklep\/"},{"@type":"ListItem","position":2,"name":"Wszystkie produkty","item":"https:\/\/ironsky.pl\/sklep\/produkty\/"},{"@type":"ListItem","position":3,"name":"Plecak PGYTECH OnePro Flex 40L + organizer M (czarny)"}]},{"@type":"WebSite","@id":"https:\/\/ironsky.pl\/sklep\/#website","url":"https:\/\/ironsky.pl\/sklep\/","name":"IRONSKY.PL Sklep z Dronami","description":"IRONSKY.PL Sklep z Dronami","potentialAction":[{"@type":"SearchAction","target":{"@type":"EntryPoint","urlTemplate":"https:\/\/ironsky.pl\/sklep\/?s={search_term_string}"},"query-input":{"@type":"PropertyValueSpecification","valueRequired":true,"valueName":"search_term_string"}}],"inLanguage":"pl-PL"}]}},"_links":{"self":[{"href":"https:\/\/ironsky.pl\/sklep\/wp-json\/wp\/v2\/product\/60033","targetHints":{"allow":["GET"]}}],"collection":[{"href":"https:\/\/ironsky.pl\/sklep\/wp-json\/wp\/v2\/product"}],"about":[{"href":"https:\/\/ironsky.pl\/sklep\/wp-json\/wp\/v2\/types\/product"}],"replies":[{"embeddable":true,"href":"https:\/\/ironsky.pl\/sklep\/wp-json\/wp\/v2\/comments?post=60033"}],"wp:featuredmedia":[{"embeddable":true,"href":"https:\/\/ironsky.pl\/sklep\/wp-json\/wp\/v2\/media\/38884"}],"wp:attachment":[{"href":"https:\/\/ironsky.pl\/sklep\/wp-json\/wp\/v2\/media?parent=60033"}],"wp:term":[{"taxonomy":"product_brand","embeddable":true,"href":"https:\/\/ironsky.pl\/sklep\/wp-json\/wp\/v2\/product_brand?post=60033"},{"taxonomy":"product_cat","embeddable":true,"href":"https:\/\/ironsky.pl\/sklep\/wp-json\/wp\/v2\/product_cat?post=60033"},{"taxonomy":"product_tag","embeddable":true,"href":"https:\/\/ironsky.pl\/sklep\/wp-json\/wp\/v2\/product_tag?post=60033"}],"curies":[{"name":"wp","href":"https:\/\/api.w.org\/{rel}","templated":true}]}}