{"id":60031,"date":"2026-04-15T10:54:34","date_gmt":"2026-04-15T08:54:34","guid":{"rendered":"https:\/\/ironsky.pl\/sklep\/produkt\/plecak-fotograficzny-pgytech-onepro-focux-35l-czarny\/"},"modified":"2026-04-15T10:54:57","modified_gmt":"2026-04-15T08:54:57","slug":"plecak-fotograficzny-pgytech-onepro-focux-35l-czarny","status":"publish","type":"product","link":"https:\/\/ironsky.pl\/sklep\/produkt\/plecak-fotograficzny-pgytech-onepro-focux-35l-czarny\/","title":{"rendered":"Plecak fotograficzny PGYTECH OnePro Focux 35L (czarny)"},"content":{"rendered":"<h3><\/h3>\n<div class=\"inn_video\">\n<iframe loading=\"lazy\" src=\"https:\/\/www.youtube.com\/embed\/k8Wt9aHyAmI?autoplay=1&amp;mute=1&amp;loop=1&amp;controls=0&amp;color=white&amp;modestbranding=0&amp;rel=0&amp;playsinline=1&amp;enablejsapi=1&amp;playlist=k8Wt9aHyAmI\" width=\"100%\" height=\"100%\" title=\"YouTube video player\" frameborder=\"0\" allow=\"accelerometer; autoplay; clipboard-write; encrypted-media; gyroscope; picture-in-picture; web-share\" referrerpolicy=\"strict-origin-when-cross-origin\" allowfullscreen><br \/>\n<\/iframe>\n<\/div>\n<h3>Plecak 35L PGYTECH OnePro Focux Space Black<\/h3>\n<p>OnePro Focux to plecak fotograficzny, kt\u00f3ry wyposa\u017cono w profesjonalny system no\u015bny inspirowany technologiami wspinaczkowymi. Dzi\u0119ki innowacyjnej konstrukcji AceFrame\u2122 i ergonomicznie zaprojektowanemu \u0142ukowi z aluminium z serii 7000 plecak doskonale przylega do plec\u00f3w i zapewnia stabilno\u015b\u0107 podczas noszenia. Szelki 3D oraz pas biodrowy z wielowarstwowym wype\u0142nieniem pozwalaj\u0105 odci\u0105\u017cy\u0107 plecy i ramiona, zwi\u0119kszaj\u0105c komfort nawet podczas d\u0142ugich w\u0119dr\u00f3wek.<\/p>\n<p>\n<img decoding=\"async\" src=\"https:\/\/assets.innpro.pl\/12063\/14302\/2.jpg\" border=\"0\" alt=\"\" \/>\n<\/p>\n<h3>D\u0142ugotrwa\u0142y komfort<\/h3>\n<p>Tylny panel wykonano z ergonomicznej siatki, kt\u00f3ra gwarantuje swobodn\u0105 cyrkulacj\u0119 powietrza przez ca\u0142y dzie\u0144. Perforowane paski naramienne oraz pas biodrowy dodatkowo wspieraj\u0105 wentylacj\u0119 i komfort noszenia w trudnych warunkach.<\/p>\n<p>\n<img decoding=\"async\" src=\"https:\/\/assets.innpro.pl\/12063\/14302\/8.jpg\" border=\"0\" alt=\"\" \/>\n<\/p>\n<h3>Trwa\u0142o\u015b\u0107 i odporno\u015b\u0107 na warunki atmosferyczne<\/h3>\n<p>Plecak wykonano z wytrzyma\u0142ej tkaniny CORDURA\u00ae z pow\u0142ok\u0105 PU, kt\u00f3ra zapewnia odporno\u015b\u0107 na \u015bcieranie, rozdarcia oraz wod\u0119. Dzi\u0119ki temu plecak z \u0142atwo\u015bci\u0105 znosi trudne warunki pogodowe, chroni\u0105c zawarto\u015b\u0107 przed deszczem i zabrudzeniami. Wodoodporne zamki YKK oraz magnetyczne klamry kompresyjne dodatkowo zabezpieczaj\u0105 sprz\u0119t. W zestawie znajduje si\u0119 tak\u017ce pokrowiec przeciwdeszczowy na ekstremalne warunki pogodowe.<\/p>\n<p>\n<img decoding=\"async\" src=\"https:\/\/assets.innpro.pl\/12063\/14302\/3.jpg\" border=\"0\" alt=\"\" \/>\n<\/p>\n<h3>\u0141atwy dost\u0119p do sprz\u0119tu i elastyczna organizacja<\/h3>\n<p>OnePro Focux oferuje 180-stopniowe, p\u0142askie otwieranie, kt\u00f3re pozwala na szybki i pe\u0142ny dost\u0119p do ca\u0142ego sprz\u0119tu fotograficznego. Elastyczne przegr\u00f3dki DIY umo\u017cliwiaj\u0105 indywidualne dopasowanie wn\u0119trza do aparat\u00f3w, dron\u00f3w, obiektyw\u00f3w i akcesori\u00f3w, chroni\u0105c je przed wstrz\u0105sami. Dwa punkty szybkiego dost\u0119pu \u2013 g\u00f3rny i boczny \u2013 u\u0142atwiaj\u0105 wymian\u0119 obiektyw\u00f3w w trakcie pracy. G\u00f3rny dost\u0119p jest idealny do teleobiektyw\u00f3w (np. 70-200 mm), a boczny pozwala szybko si\u0119gn\u0105\u0107 po mniejsze obiektywy i akumulatory.<\/p>\n<p>\n<img decoding=\"async\" src=\"https:\/\/assets.innpro.pl\/12063\/14302\/5.jpg\" border=\"0\" alt=\"\" \/>\n<\/p>\n<h3>Dodatkowa przestrze\u0144 i funkcjonalno\u015b\u0107<\/h3>\n<p>Przednia komora plecaka oferuje miejsce na stabilizatory oraz wi\u0119ksze akcesoria. Mo\u017cliwo\u015b\u0107 rozbudowy komory pozwala przechowywa\u0107 kaski czy odzie\u017c. Liczne przegrody i kieszenie na drobne akcesoria pomagaj\u0105 utrzyma\u0107 porz\u0105dek \u2013 od dedykowanej przegrody na laptopa lub tablet, po kieszenie na s\u0142uchawki, \u0142adowarki czy statyw. Pas biodrowy posiada dodatkowe kieszenie na telefon, drobiazgi czy punkty mocowania na klipsy do aparat\u00f3w.<\/p>\n<p>\n<img decoding=\"async\" src=\"https:\/\/assets.innpro.pl\/12063\/14302\/7.jpg\" border=\"0\" alt=\"\" \/>\n<\/p>\n<h3>Praktyczne mocowania<\/h3>\n<p>Dzi\u0119ki licznym punktom mocuj\u0105cym OnePro Focux pozwala na przypi\u0119cie maty kempingowej, kijk\u00f3w trekkingowych, czy namiotu. Pas biodrowy i szelki maj\u0105 specjalne klipsy do mocowania aparat\u00f3w, co pozwala na szybkie si\u0119gni\u0119cie po sprz\u0119t w trakcie wyprawy.<\/p>\n<p>\n<img decoding=\"async\" src=\"https:\/\/assets.innpro.pl\/12063\/14302\/4.jpg\" border=\"0\" alt=\"\" \/>\n<\/p>\n<h3>Bezpiecze\u0144stwo i dodatkowe funkcje<\/h3>\n<p>Plecak wyposa\u017cono w ukryt\u0105 kiesze\u0144 na AirTag, co pomaga zabezpieczy\u0107 cenne przedmioty. Wbudowany gwizdek ratunkowy zwi\u0119ksza bezpiecze\u0144stwo podczas samotnych wypraw. Wszystko to sprawia, \u017ce OnePro Focux to niezawodny plecak dla profesjonalnych fotograf\u00f3w, kt\u00f3rzy oczekuj\u0105 funkcjonalno\u015bci, trwa\u0142o\u015bci i ochrony sprz\u0119tu w ka\u017cdych warunkach.<\/p>\n<p>\n<img decoding=\"async\" src=\"https:\/\/assets.innpro.pl\/12063\/14302\/1.jpg\" border=\"0\" alt=\"\" \/>\n<\/p>\n<h3>W zestawie<\/h3>\n<ul class=\"list-disc pl-5\">\n<li>plecak<\/li>\n<li>os\u0142ona wodoodporna<\/li>\n<li>pasek x2<\/li>\n<li>torba na tripod<\/li>\n<li>paski mocuj\u0105ce x4<\/li>\n<li>przegr\u00f3dka A x3<\/li>\n<li>przegr\u00f3dka B x2<\/li>\n<li>przegr\u00f3dka C x2<\/li>\n<li>przegr\u00f3dka I x2<\/li>\n<li>przegr\u00f3dka J x2<\/li>\n<\/ul>\n<div class=\"table-wrapper\">\n<p>\u00a0<\/p>\n<h3><\/h3>\n<table>\n<tbody>\n<tr>\n<th>Producent<\/th>\n<td>PGYTECH<\/td>\n<\/tr>\n<tr>\n<th>Model<\/th>\n<td>OnePro Focux<\/td>\n<\/tr>\n<tr>\n<th>Kolor<\/th>\n<td>czarny<\/td>\n<\/tr>\n<tr>\n<th>Pojemno\u015b\u0107<\/th>\n<td>35 l<\/td>\n<\/tr>\n<tr>\n<th>Materia\u0142<\/th>\n<td>76% CORDURA + 24% poliuretan \/ 100% poliamid; Podszewka: 100% poliamid<\/td>\n<\/tr>\n<tr>\n<th>Waga<\/th>\n<td>2,05 kg (z wy\u0142\u0105czeniem przegr\u00f3dek, organizera do aparatu, pask\u00f3w mocuj\u0105cych, pokrowca przeciwdeszczowego i torby na statyw)<\/td>\n<\/tr>\n<tr>\n<th>Rozmiar zewn\u0119trzny<\/th>\n<td>565 x 330 x 240 mm<\/td>\n<\/tr>\n<tr>\n<th>Rozmiar wewn\u0119trzny <\/th>\n<td>550 x 300 x 180 mm<\/td>\n<\/tr>\n<tr>\n<th>Kompatybilno\u015b\u0107<\/th>\n<td>Mo\u017ce pomie\u015bci\u0107 do dw\u00f3ch standardowych lustrzanek cyfrowych lub aparat\u00f3w bezlusterkowych z jedenastoma obiektywami \/ obiektyw sta\u0142oogniskowy 600 mm \/ drony DJI<\/td>\n<\/tr>\n<\/tbody>\n<\/table>\n<\/div>\n","protected":false},"excerpt":{"rendered":"<p>Plecak 35L PGYTECH OnePro Focux Space Black OnePro Focux to plecak fotograficzny, kt\u00f3ry wyposa\u017cono w profesjonalny system no\u015bny inspirowany technologiami<\/p>\n","protected":false},"featured_media":38869,"comment_status":"closed","ping_status":"open","template":"","meta":{"_acf_changed":false},"product_brand":[],"product_cat":[1130,6174,1128],"product_tag":[],"class_list":{"0":"post-60031","1":"product","2":"type-product","3":"status-publish","4":"has-post-thumbnail","6":"product_cat-akcesoria-foto","7":"product_cat-do-aparatow-i-kamer","8":"product_cat-foto-wideo","9":"pa_okres-gwarancji-5754","10":"pa_producent-pgytech","12":"first","13":"outofstock","14":"taxable","15":"shipping-taxable","16":"purchasable","17":"product-type-simple"},"acf":[],"yoast_head":"<!-- This site is optimized with the Yoast SEO plugin v27.2 - https:\/\/yoast.com\/product\/yoast-seo-wordpress\/ -->\n<title>Plecak fotograficzny PGYTECH OnePro Focux 35L (czarny) - IRONSKY.PL Sklep z Dronami<\/title>\n<meta name=\"description\" content=\"Plecak fotograficzny PGYTECH OnePro Focux 35L (czarny) - \u2705 sklep z dronami i fachowym doradztwem. \u2705 Tutaj kupisz produkty DJI, Yuneec, Parrot, Syma i wiele innych, a tak\u017ce kursy i licencje na operatora drona.\" \/>\n<meta name=\"robots\" content=\"index, follow, max-snippet:-1, max-image-preview:large, max-video-preview:-1\" \/>\n<link rel=\"canonical\" href=\"https:\/\/ironsky.pl\/sklep\/produkt\/plecak-fotograficzny-pgytech-onepro-focux-35l-czarny\/\" \/>\n<meta property=\"og:locale\" content=\"pl_PL\" \/>\n<meta property=\"og:type\" content=\"article\" \/>\n<meta property=\"og:title\" content=\"Plecak fotograficzny PGYTECH OnePro Focux 35L (czarny) - IRONSKY.PL Sklep z Dronami\" \/>\n<meta property=\"og:description\" content=\"Plecak fotograficzny PGYTECH OnePro Focux 35L (czarny) - \u2705 sklep z dronami i fachowym doradztwem. \u2705 Tutaj kupisz produkty DJI, Yuneec, Parrot, Syma i wiele innych, a tak\u017ce kursy i licencje na operatora drona.\" \/>\n<meta property=\"og:url\" content=\"https:\/\/ironsky.pl\/sklep\/produkt\/plecak-fotograficzny-pgytech-onepro-focux-35l-czarny\/\" \/>\n<meta property=\"og:site_name\" content=\"IRONSKY.PL Sklep z Dronami\" \/>\n<meta property=\"article:modified_time\" content=\"2026-04-15T08:54:57+00:00\" \/>\n<meta property=\"og:image\" content=\"https:\/\/ironsky.pl\/sklep\/wp-content\/uploads\/2025\/03\/49417_1.jpg\" \/>\n\t<meta property=\"og:image:width\" content=\"800\" \/>\n\t<meta property=\"og:image:height\" content=\"800\" \/>\n\t<meta property=\"og:image:type\" content=\"image\/jpeg\" \/>\n<meta name=\"twitter:card\" content=\"summary_large_image\" \/>\n<meta name=\"twitter:label1\" content=\"Szacowany czas czytania\" \/>\n\t<meta name=\"twitter:data1\" content=\"3 minuty\" \/>\n<script type=\"application\/ld+json\" class=\"yoast-schema-graph\">{\"@context\":\"https:\/\/schema.org\",\"@graph\":[{\"@type\":\"WebPage\",\"@id\":\"https:\/\/ironsky.pl\/sklep\/produkt\/plecak-fotograficzny-pgytech-onepro-focux-35l-czarny\/\",\"url\":\"https:\/\/ironsky.pl\/sklep\/produkt\/plecak-fotograficzny-pgytech-onepro-focux-35l-czarny\/\",\"name\":\"Plecak fotograficzny PGYTECH OnePro Focux 35L (czarny) - IRONSKY.PL Sklep z Dronami\",\"isPartOf\":{\"@id\":\"https:\/\/ironsky.pl\/sklep\/#website\"},\"primaryImageOfPage\":{\"@id\":\"https:\/\/ironsky.pl\/sklep\/produkt\/plecak-fotograficzny-pgytech-onepro-focux-35l-czarny\/#primaryimage\"},\"image\":{\"@id\":\"https:\/\/ironsky.pl\/sklep\/produkt\/plecak-fotograficzny-pgytech-onepro-focux-35l-czarny\/#primaryimage\"},\"thumbnailUrl\":\"https:\/\/ironsky.pl\/sklep\/wp-content\/uploads\/2025\/03\/49417_1.jpg\",\"datePublished\":\"2026-04-15T08:54:34+00:00\",\"dateModified\":\"2026-04-15T08:54:57+00:00\",\"description\":\"Plecak fotograficzny PGYTECH OnePro Focux 35L (czarny) - \u2705 sklep z dronami i fachowym doradztwem. \u2705 Tutaj kupisz produkty DJI, Yuneec, Parrot, Syma i wiele innych, a tak\u017ce kursy i licencje na operatora drona.\",\"breadcrumb\":{\"@id\":\"https:\/\/ironsky.pl\/sklep\/produkt\/plecak-fotograficzny-pgytech-onepro-focux-35l-czarny\/#breadcrumb\"},\"inLanguage\":\"pl-PL\",\"potentialAction\":[{\"@type\":\"ReadAction\",\"target\":[\"https:\/\/ironsky.pl\/sklep\/produkt\/plecak-fotograficzny-pgytech-onepro-focux-35l-czarny\/\"]}]},{\"@type\":\"ImageObject\",\"inLanguage\":\"pl-PL\",\"@id\":\"https:\/\/ironsky.pl\/sklep\/produkt\/plecak-fotograficzny-pgytech-onepro-focux-35l-czarny\/#primaryimage\",\"url\":\"https:\/\/ironsky.pl\/sklep\/wp-content\/uploads\/2025\/03\/49417_1.jpg\",\"contentUrl\":\"https:\/\/ironsky.pl\/sklep\/wp-content\/uploads\/2025\/03\/49417_1.jpg\",\"width\":800,\"height\":800},{\"@type\":\"BreadcrumbList\",\"@id\":\"https:\/\/ironsky.pl\/sklep\/produkt\/plecak-fotograficzny-pgytech-onepro-focux-35l-czarny\/#breadcrumb\",\"itemListElement\":[{\"@type\":\"ListItem\",\"position\":1,\"name\":\"Strona g\u0142\u00f3wna\",\"item\":\"https:\/\/ironsky.pl\/sklep\/\"},{\"@type\":\"ListItem\",\"position\":2,\"name\":\"Wszystkie produkty\",\"item\":\"https:\/\/ironsky.pl\/sklep\/produkty\/\"},{\"@type\":\"ListItem\",\"position\":3,\"name\":\"Plecak fotograficzny PGYTECH OnePro Focux 35L (czarny)\"}]},{\"@type\":\"WebSite\",\"@id\":\"https:\/\/ironsky.pl\/sklep\/#website\",\"url\":\"https:\/\/ironsky.pl\/sklep\/\",\"name\":\"IRONSKY.PL Sklep z Dronami\",\"description\":\"IRONSKY.PL Sklep z Dronami\",\"potentialAction\":[{\"@type\":\"SearchAction\",\"target\":{\"@type\":\"EntryPoint\",\"urlTemplate\":\"https:\/\/ironsky.pl\/sklep\/?s={search_term_string}\"},\"query-input\":{\"@type\":\"PropertyValueSpecification\",\"valueRequired\":true,\"valueName\":\"search_term_string\"}}],\"inLanguage\":\"pl-PL\"}]}<\/script>\n<!-- \/ Yoast SEO plugin. -->","yoast_head_json":{"title":"Plecak fotograficzny PGYTECH OnePro Focux 35L (czarny) - IRONSKY.PL Sklep z Dronami","description":"Plecak fotograficzny PGYTECH OnePro Focux 35L (czarny) - \u2705 sklep z dronami i fachowym doradztwem. \u2705 Tutaj kupisz produkty DJI, Yuneec, Parrot, Syma i wiele innych, a tak\u017ce kursy i licencje na operatora drona.","robots":{"index":"index","follow":"follow","max-snippet":"max-snippet:-1","max-image-preview":"max-image-preview:large","max-video-preview":"max-video-preview:-1"},"canonical":"https:\/\/ironsky.pl\/sklep\/produkt\/plecak-fotograficzny-pgytech-onepro-focux-35l-czarny\/","og_locale":"pl_PL","og_type":"article","og_title":"Plecak fotograficzny PGYTECH OnePro Focux 35L (czarny) - IRONSKY.PL Sklep z Dronami","og_description":"Plecak fotograficzny PGYTECH OnePro Focux 35L (czarny) - \u2705 sklep z dronami i fachowym doradztwem. \u2705 Tutaj kupisz produkty DJI, Yuneec, Parrot, Syma i wiele innych, a tak\u017ce kursy i licencje na operatora drona.","og_url":"https:\/\/ironsky.pl\/sklep\/produkt\/plecak-fotograficzny-pgytech-onepro-focux-35l-czarny\/","og_site_name":"IRONSKY.PL Sklep z Dronami","article_modified_time":"2026-04-15T08:54:57+00:00","og_image":[{"width":800,"height":800,"url":"https:\/\/ironsky.pl\/sklep\/wp-content\/uploads\/2025\/03\/49417_1.jpg","type":"image\/jpeg"}],"twitter_card":"summary_large_image","twitter_misc":{"Szacowany czas czytania":"3 minuty"},"schema":{"@context":"https:\/\/schema.org","@graph":[{"@type":"WebPage","@id":"https:\/\/ironsky.pl\/sklep\/produkt\/plecak-fotograficzny-pgytech-onepro-focux-35l-czarny\/","url":"https:\/\/ironsky.pl\/sklep\/produkt\/plecak-fotograficzny-pgytech-onepro-focux-35l-czarny\/","name":"Plecak fotograficzny PGYTECH OnePro Focux 35L (czarny) - IRONSKY.PL Sklep z Dronami","isPartOf":{"@id":"https:\/\/ironsky.pl\/sklep\/#website"},"primaryImageOfPage":{"@id":"https:\/\/ironsky.pl\/sklep\/produkt\/plecak-fotograficzny-pgytech-onepro-focux-35l-czarny\/#primaryimage"},"image":{"@id":"https:\/\/ironsky.pl\/sklep\/produkt\/plecak-fotograficzny-pgytech-onepro-focux-35l-czarny\/#primaryimage"},"thumbnailUrl":"https:\/\/ironsky.pl\/sklep\/wp-content\/uploads\/2025\/03\/49417_1.jpg","datePublished":"2026-04-15T08:54:34+00:00","dateModified":"2026-04-15T08:54:57+00:00","description":"Plecak fotograficzny PGYTECH OnePro Focux 35L (czarny) - \u2705 sklep z dronami i fachowym doradztwem. \u2705 Tutaj kupisz produkty DJI, Yuneec, Parrot, Syma i wiele innych, a tak\u017ce kursy i licencje na operatora drona.","breadcrumb":{"@id":"https:\/\/ironsky.pl\/sklep\/produkt\/plecak-fotograficzny-pgytech-onepro-focux-35l-czarny\/#breadcrumb"},"inLanguage":"pl-PL","potentialAction":[{"@type":"ReadAction","target":["https:\/\/ironsky.pl\/sklep\/produkt\/plecak-fotograficzny-pgytech-onepro-focux-35l-czarny\/"]}]},{"@type":"ImageObject","inLanguage":"pl-PL","@id":"https:\/\/ironsky.pl\/sklep\/produkt\/plecak-fotograficzny-pgytech-onepro-focux-35l-czarny\/#primaryimage","url":"https:\/\/ironsky.pl\/sklep\/wp-content\/uploads\/2025\/03\/49417_1.jpg","contentUrl":"https:\/\/ironsky.pl\/sklep\/wp-content\/uploads\/2025\/03\/49417_1.jpg","width":800,"height":800},{"@type":"BreadcrumbList","@id":"https:\/\/ironsky.pl\/sklep\/produkt\/plecak-fotograficzny-pgytech-onepro-focux-35l-czarny\/#breadcrumb","itemListElement":[{"@type":"ListItem","position":1,"name":"Strona g\u0142\u00f3wna","item":"https:\/\/ironsky.pl\/sklep\/"},{"@type":"ListItem","position":2,"name":"Wszystkie produkty","item":"https:\/\/ironsky.pl\/sklep\/produkty\/"},{"@type":"ListItem","position":3,"name":"Plecak fotograficzny PGYTECH OnePro Focux 35L (czarny)"}]},{"@type":"WebSite","@id":"https:\/\/ironsky.pl\/sklep\/#website","url":"https:\/\/ironsky.pl\/sklep\/","name":"IRONSKY.PL Sklep z Dronami","description":"IRONSKY.PL Sklep z Dronami","potentialAction":[{"@type":"SearchAction","target":{"@type":"EntryPoint","urlTemplate":"https:\/\/ironsky.pl\/sklep\/?s={search_term_string}"},"query-input":{"@type":"PropertyValueSpecification","valueRequired":true,"valueName":"search_term_string"}}],"inLanguage":"pl-PL"}]}},"_links":{"self":[{"href":"https:\/\/ironsky.pl\/sklep\/wp-json\/wp\/v2\/product\/60031","targetHints":{"allow":["GET"]}}],"collection":[{"href":"https:\/\/ironsky.pl\/sklep\/wp-json\/wp\/v2\/product"}],"about":[{"href":"https:\/\/ironsky.pl\/sklep\/wp-json\/wp\/v2\/types\/product"}],"replies":[{"embeddable":true,"href":"https:\/\/ironsky.pl\/sklep\/wp-json\/wp\/v2\/comments?post=60031"}],"wp:featuredmedia":[{"embeddable":true,"href":"https:\/\/ironsky.pl\/sklep\/wp-json\/wp\/v2\/media\/38869"}],"wp:attachment":[{"href":"https:\/\/ironsky.pl\/sklep\/wp-json\/wp\/v2\/media?parent=60031"}],"wp:term":[{"taxonomy":"product_brand","embeddable":true,"href":"https:\/\/ironsky.pl\/sklep\/wp-json\/wp\/v2\/product_brand?post=60031"},{"taxonomy":"product_cat","embeddable":true,"href":"https:\/\/ironsky.pl\/sklep\/wp-json\/wp\/v2\/product_cat?post=60031"},{"taxonomy":"product_tag","embeddable":true,"href":"https:\/\/ironsky.pl\/sklep\/wp-json\/wp\/v2\/product_tag?post=60031"}],"curies":[{"name":"wp","href":"https:\/\/api.w.org\/{rel}","templated":true}]}}