{"id":60030,"date":"2026-04-15T10:54:34","date_gmt":"2026-04-15T08:54:34","guid":{"rendered":"https:\/\/ironsky.pl\/sklep\/produkt\/pokrowiec-na-kamere-pgytech-2\/"},"modified":"2026-04-15T10:54:56","modified_gmt":"2026-04-15T08:54:56","slug":"pokrowiec-na-kamere-pgytech-2","status":"publish","type":"product","link":"https:\/\/ironsky.pl\/sklep\/produkt\/pokrowiec-na-kamere-pgytech-2\/","title":{"rendered":"Pokrowiec na kamer\u0119 PGYTECH"},"content":{"rendered":"<h3>Pokrowiec na kamer\u0119 PGYTECH<\/h3>\n<p>Pokrowiec na kamer\u0119 PGYTECH to wszechstronne rozwi\u0105zanie dla fotograf\u00f3w i filmowc\u00f3w, kt\u00f3rzy ceni\u0105 sobie szybki dost\u0119p do sprz\u0119tu w ka\u017cdych warunkach. Dzi\u0119ki przemy\u015blanemu designowi i trwa\u0142ym materia\u0142om pokrowiec nie tylko chroni Twoj\u0105 kamer\u0119 i obiektywy, ale tak\u017ce zapewnia komfort noszenia i elastyczno\u015b\u0107 u\u017cytkowania. Niezale\u017cnie od tego, czy przemierzasz g\u00f3rskie szlaki, czy eksplorujesz miejsk\u0105 d\u017cungl\u0119, ten pokrowiec sprawdzi si\u0119 w ka\u017cdej sytuacji.<\/p>\n<p>\n<img decoding=\"async\" src=\"https:\/\/assets.innpro.pl\/12069\/14308\/2.jpg\" border=\"0\" \/>\n<\/p>\n<h3>Wiele opcji noszenia<\/h3>\n<p>Jedn\u0105 z najwi\u0119kszych zalet pokrowca PGYTECH jest mo\u017cliwo\u015b\u0107 dostosowania sposobu noszenia do Twoich potrzeb. Mo\u017cesz u\u017cywa\u0107 go jako torby na rami\u0119, nosi\u0107 na klatce piersiowej dla szybkiego dost\u0119pu do aparatu lub jako torby biodrowej, kt\u00f3ra odci\u0105\u017ca plecy podczas d\u0142ugich w\u0119dr\u00f3wek. Dzi\u0119ki do\u0142\u0105czonemu paskowi masz pe\u0142n\u0105 swobod\u0119 wyboru.<\/p>\n<p>\n<img decoding=\"async\" src=\"https:\/\/assets.innpro.pl\/12069\/14308\/6.jpg\" border=\"0\" \/>\n<\/p>\n<h3>Rozszerzalna konstrukcja<\/h3>\n<p>Elastyczny i rozk\u0142adany sp\u00f3d pozwala na dopasowanie przestrzeni do r\u00f3\u017cnych konfiguracji sprz\u0119tu. W standardowej formie pokrowiec pomie\u015bci aparat z obiektywem o d\u0142ugo\u015bci 24-70 mm, a po rozszerzeniu bez problemu zmie\u015bci aparat z wi\u0119kszym obiektywem 70-200 mm. Gdy nie potrzebujesz dodatkowej przestrzeni, sp\u00f3d \u0142atwo z\u0142o\u017cy\u0107 i ukry\u0107, co pozwala zachowa\u0107 kompaktowe rozmiary pokrowca.<\/p>\n<p>\n<img decoding=\"async\" src=\"https:\/\/assets.innpro.pl\/12069\/14308\/3.jpg\" border=\"0\" \/>\n<\/p>\n<h3>Wytrzyma\u0142y i lekki materia\u0142 HyperGuard<\/h3>\n<p>Pokrowiec zosta\u0142 wykonany z innowacyjnego materia\u0142u HyperGuard, kt\u00f3ry \u0142\u0105czy baz\u0119 z tkaniny CORDURA\u00ae i pow\u0142ok\u0119 PU o wysokiej wydajno\u015bci. Dzi\u0119ki temu jest niezwykle odporny na \u015bcieranie, rozdarcia i zachlapania, zachowuj\u0105c jednocze\u015bnie lekko\u015b\u0107. To doskona\u0142a ochrona przed wymagaj\u0105cymi warunkami pogodowymi i trudami podr\u00f3\u017cy. Dla dodatkowego komfortu noszenia pokrowiec wyposa\u017cono w oddychaj\u0105cy panel tylny, dzi\u0119ki czemu nawet podczas d\u0142ugiej w\u0119dr\u00f3wki nie b\u0119dzie Ci za gor\u0105co.<\/p>\n<p>\n<img decoding=\"async\" src=\"https:\/\/assets.innpro.pl\/12069\/14308\/7.jpg\" border=\"0\" \/>\n<\/p>\n<h3>Bezpieczne przechowywanie<\/h3>\n<p>Wn\u0119trze pokrowca wyposa\u017cono w elastyczne, mocowane na rzepy przegrody, kt\u00f3re mo\u017cna dowolnie konfigurowa\u0107. Pozwala to na bezpieczne i stabilne przechowywanie aparatu i obiektyw\u00f3w. Wewn\u0119trzna kiesze\u0144 w klapie, wy\u015bcie\u0142ana mi\u0119kkim materia\u0142em, doskonale nadaje si\u0119 do przechowywania baterii, filtr\u00f3w i innych ma\u0142ych akcesori\u00f3w, chroni\u0105c je przed zarysowaniami i uszkodzeniami. Po bokach pokrowca znajduj\u0105 si\u0119 r\u00f3wnie\u017c siatkowe kieszenie, kt\u00f3re pomieszcz\u0105 butelk\u0119 z wod\u0105 lub drobne akcesoria. Dodatkowo specjalne punkty mocowania pozwalaj\u0105 na przypi\u0119cie dodatkowych futera\u0142\u00f3w na obiektywy, co zwi\u0119ksza funkcjonalno\u015b\u0107 i pojemno\u015b\u0107 pokrowca.<\/p>\n<p>\n<img decoding=\"async\" src=\"https:\/\/assets.innpro.pl\/12069\/14308\/5.jpg\" border=\"0\" \/>\n<\/p>\n<h3>Niezawodne zamki YKK<\/h3>\n<p>Wytrzyma\u0142e zamki b\u0142yskawiczne YKK gwarantuj\u0105 niezawodno\u015b\u0107, trwa\u0142o\u015b\u0107 i bezpiecze\u0144stwo. S\u0105 trzykrotnie bardziej \u017cywotne ni\u017c standardowe zamki, dzi\u0119ki czemu mo\u017cesz mie\u0107 pewno\u015b\u0107, \u017ce Tw\u00f3j sprz\u0119t jest dobrze zabezpieczony.\u00a0<\/p>\n<p>\n<img decoding=\"async\" src=\"https:\/\/assets.innpro.pl\/12069\/14308\/4.jpg\" border=\"0\" \/>\n<\/p>\n<h3>W zestawie<\/h3>\n<ul class=\"list-disc pl-5\">\n<li>Plecak<\/li>\n<li>Pasek na rami\u0119<\/li>\n<li>Dodatkowe paski x 2<\/li>\n<li>Przegr\u00f3dka typu A<\/li>\n<\/ul>\n<div class=\"table-wrapper\">\n<p>\u00a0<\/p>\n<h3><\/h3>\n<table>\n<tbody>\n<tr>\n<th>Producent<\/th>\n<td>PGYTECH<\/td>\n<\/tr>\n<tr>\n<th>Model<\/th>\n<td>P-CB-257<\/td>\n<\/tr>\n<tr>\n<th>Materia\u0142<\/th>\n<td>Cordura \/ Poliuretan \/ Poliamid \/ Poliester<\/td>\n<\/tr>\n<tr>\n<th>Waga<\/th>\n<td>0,3 kg<\/td>\n<\/tr>\n<tr>\n<th>Wymiary<\/th>\n<td>Rozmiar zewn\u0119trzny (przed rozszerzeniem): 180 mm \u00d7 290 mm \u00d7 140 mm; Rozmiar zewn\u0119trzny (po rozszerzeniu): 180 mm \u00d7 360 mm \u00d7 140 mm<\/td>\n<\/tr>\n<\/tbody>\n<\/table>\n<\/div>\n","protected":false},"excerpt":{"rendered":"<p>Pokrowiec na kamer\u0119 PGYTECH Pokrowiec na kamer\u0119 PGYTECH to wszechstronne rozwi\u0105zanie dla fotograf\u00f3w i filmowc\u00f3w, kt\u00f3rzy ceni\u0105 sobie szybki dost\u0119p<\/p>\n","protected":false},"featured_media":38867,"comment_status":"closed","ping_status":"open","template":"","meta":{"_acf_changed":false},"product_brand":[],"product_cat":[1130,6174,1128],"product_tag":[],"class_list":{"0":"post-60030","1":"product","2":"type-product","3":"status-publish","4":"has-post-thumbnail","6":"product_cat-akcesoria-foto","7":"product_cat-do-aparatow-i-kamer","8":"product_cat-foto-wideo","9":"pa_okres-gwarancji-5754","10":"pa_producent-pgytech","12":"first","13":"outofstock","14":"taxable","15":"shipping-taxable","16":"purchasable","17":"product-type-simple"},"acf":[],"yoast_head":"<!-- This site is optimized with the Yoast SEO plugin v27.2 - https:\/\/yoast.com\/product\/yoast-seo-wordpress\/ -->\n<title>Pokrowiec na kamer\u0119 PGYTECH - IRONSKY.PL Sklep z Dronami<\/title>\n<meta name=\"description\" content=\"Pokrowiec na kamer\u0119 PGYTECH - \u2705 sklep z dronami i fachowym doradztwem. \u2705 Tutaj kupisz produkty DJI, Yuneec, Parrot, Syma i wiele innych, a tak\u017ce kursy i licencje na operatora drona.\" \/>\n<meta name=\"robots\" content=\"index, follow, max-snippet:-1, max-image-preview:large, max-video-preview:-1\" \/>\n<link rel=\"canonical\" href=\"https:\/\/ironsky.pl\/sklep\/produkt\/pokrowiec-na-kamere-pgytech-2\/\" \/>\n<meta property=\"og:locale\" content=\"pl_PL\" \/>\n<meta property=\"og:type\" content=\"article\" \/>\n<meta property=\"og:title\" content=\"Pokrowiec na kamer\u0119 PGYTECH - IRONSKY.PL Sklep z Dronami\" \/>\n<meta property=\"og:description\" content=\"Pokrowiec na kamer\u0119 PGYTECH - \u2705 sklep z dronami i fachowym doradztwem. \u2705 Tutaj kupisz produkty DJI, Yuneec, Parrot, Syma i wiele innych, a tak\u017ce kursy i licencje na operatora drona.\" \/>\n<meta property=\"og:url\" content=\"https:\/\/ironsky.pl\/sklep\/produkt\/pokrowiec-na-kamere-pgytech-2\/\" \/>\n<meta property=\"og:site_name\" content=\"IRONSKY.PL Sklep z Dronami\" \/>\n<meta property=\"article:modified_time\" content=\"2026-04-15T08:54:56+00:00\" \/>\n<meta property=\"og:image\" content=\"https:\/\/ironsky.pl\/sklep\/wp-content\/uploads\/2025\/03\/49415_1.jpg\" \/>\n\t<meta property=\"og:image:width\" content=\"800\" \/>\n\t<meta property=\"og:image:height\" content=\"800\" \/>\n\t<meta property=\"og:image:type\" content=\"image\/jpeg\" \/>\n<meta name=\"twitter:card\" content=\"summary_large_image\" \/>\n<meta name=\"twitter:label1\" content=\"Szacowany czas czytania\" \/>\n\t<meta name=\"twitter:data1\" content=\"2 minuty\" \/>\n<script type=\"application\/ld+json\" class=\"yoast-schema-graph\">{\"@context\":\"https:\/\/schema.org\",\"@graph\":[{\"@type\":\"WebPage\",\"@id\":\"https:\/\/ironsky.pl\/sklep\/produkt\/pokrowiec-na-kamere-pgytech-2\/\",\"url\":\"https:\/\/ironsky.pl\/sklep\/produkt\/pokrowiec-na-kamere-pgytech-2\/\",\"name\":\"Pokrowiec na kamer\u0119 PGYTECH - IRONSKY.PL Sklep z Dronami\",\"isPartOf\":{\"@id\":\"https:\/\/ironsky.pl\/sklep\/#website\"},\"primaryImageOfPage\":{\"@id\":\"https:\/\/ironsky.pl\/sklep\/produkt\/pokrowiec-na-kamere-pgytech-2\/#primaryimage\"},\"image\":{\"@id\":\"https:\/\/ironsky.pl\/sklep\/produkt\/pokrowiec-na-kamere-pgytech-2\/#primaryimage\"},\"thumbnailUrl\":\"https:\/\/ironsky.pl\/sklep\/wp-content\/uploads\/2025\/03\/49415_1.jpg\",\"datePublished\":\"2026-04-15T08:54:34+00:00\",\"dateModified\":\"2026-04-15T08:54:56+00:00\",\"description\":\"Pokrowiec na kamer\u0119 PGYTECH - \u2705 sklep z dronami i fachowym doradztwem. \u2705 Tutaj kupisz produkty DJI, Yuneec, Parrot, Syma i wiele innych, a tak\u017ce kursy i licencje na operatora drona.\",\"breadcrumb\":{\"@id\":\"https:\/\/ironsky.pl\/sklep\/produkt\/pokrowiec-na-kamere-pgytech-2\/#breadcrumb\"},\"inLanguage\":\"pl-PL\",\"potentialAction\":[{\"@type\":\"ReadAction\",\"target\":[\"https:\/\/ironsky.pl\/sklep\/produkt\/pokrowiec-na-kamere-pgytech-2\/\"]}]},{\"@type\":\"ImageObject\",\"inLanguage\":\"pl-PL\",\"@id\":\"https:\/\/ironsky.pl\/sklep\/produkt\/pokrowiec-na-kamere-pgytech-2\/#primaryimage\",\"url\":\"https:\/\/ironsky.pl\/sklep\/wp-content\/uploads\/2025\/03\/49415_1.jpg\",\"contentUrl\":\"https:\/\/ironsky.pl\/sklep\/wp-content\/uploads\/2025\/03\/49415_1.jpg\",\"width\":800,\"height\":800},{\"@type\":\"BreadcrumbList\",\"@id\":\"https:\/\/ironsky.pl\/sklep\/produkt\/pokrowiec-na-kamere-pgytech-2\/#breadcrumb\",\"itemListElement\":[{\"@type\":\"ListItem\",\"position\":1,\"name\":\"Strona g\u0142\u00f3wna\",\"item\":\"https:\/\/ironsky.pl\/sklep\/\"},{\"@type\":\"ListItem\",\"position\":2,\"name\":\"Wszystkie produkty\",\"item\":\"https:\/\/ironsky.pl\/sklep\/produkty\/\"},{\"@type\":\"ListItem\",\"position\":3,\"name\":\"Pokrowiec na kamer\u0119 PGYTECH\"}]},{\"@type\":\"WebSite\",\"@id\":\"https:\/\/ironsky.pl\/sklep\/#website\",\"url\":\"https:\/\/ironsky.pl\/sklep\/\",\"name\":\"IRONSKY.PL Sklep z Dronami\",\"description\":\"IRONSKY.PL Sklep z Dronami\",\"potentialAction\":[{\"@type\":\"SearchAction\",\"target\":{\"@type\":\"EntryPoint\",\"urlTemplate\":\"https:\/\/ironsky.pl\/sklep\/?s={search_term_string}\"},\"query-input\":{\"@type\":\"PropertyValueSpecification\",\"valueRequired\":true,\"valueName\":\"search_term_string\"}}],\"inLanguage\":\"pl-PL\"}]}<\/script>\n<!-- \/ Yoast SEO plugin. -->","yoast_head_json":{"title":"Pokrowiec na kamer\u0119 PGYTECH - IRONSKY.PL Sklep z Dronami","description":"Pokrowiec na kamer\u0119 PGYTECH - \u2705 sklep z dronami i fachowym doradztwem. \u2705 Tutaj kupisz produkty DJI, Yuneec, Parrot, Syma i wiele innych, a tak\u017ce kursy i licencje na operatora drona.","robots":{"index":"index","follow":"follow","max-snippet":"max-snippet:-1","max-image-preview":"max-image-preview:large","max-video-preview":"max-video-preview:-1"},"canonical":"https:\/\/ironsky.pl\/sklep\/produkt\/pokrowiec-na-kamere-pgytech-2\/","og_locale":"pl_PL","og_type":"article","og_title":"Pokrowiec na kamer\u0119 PGYTECH - IRONSKY.PL Sklep z Dronami","og_description":"Pokrowiec na kamer\u0119 PGYTECH - \u2705 sklep z dronami i fachowym doradztwem. \u2705 Tutaj kupisz produkty DJI, Yuneec, Parrot, Syma i wiele innych, a tak\u017ce kursy i licencje na operatora drona.","og_url":"https:\/\/ironsky.pl\/sklep\/produkt\/pokrowiec-na-kamere-pgytech-2\/","og_site_name":"IRONSKY.PL Sklep z Dronami","article_modified_time":"2026-04-15T08:54:56+00:00","og_image":[{"width":800,"height":800,"url":"https:\/\/ironsky.pl\/sklep\/wp-content\/uploads\/2025\/03\/49415_1.jpg","type":"image\/jpeg"}],"twitter_card":"summary_large_image","twitter_misc":{"Szacowany czas czytania":"2 minuty"},"schema":{"@context":"https:\/\/schema.org","@graph":[{"@type":"WebPage","@id":"https:\/\/ironsky.pl\/sklep\/produkt\/pokrowiec-na-kamere-pgytech-2\/","url":"https:\/\/ironsky.pl\/sklep\/produkt\/pokrowiec-na-kamere-pgytech-2\/","name":"Pokrowiec na kamer\u0119 PGYTECH - IRONSKY.PL Sklep z Dronami","isPartOf":{"@id":"https:\/\/ironsky.pl\/sklep\/#website"},"primaryImageOfPage":{"@id":"https:\/\/ironsky.pl\/sklep\/produkt\/pokrowiec-na-kamere-pgytech-2\/#primaryimage"},"image":{"@id":"https:\/\/ironsky.pl\/sklep\/produkt\/pokrowiec-na-kamere-pgytech-2\/#primaryimage"},"thumbnailUrl":"https:\/\/ironsky.pl\/sklep\/wp-content\/uploads\/2025\/03\/49415_1.jpg","datePublished":"2026-04-15T08:54:34+00:00","dateModified":"2026-04-15T08:54:56+00:00","description":"Pokrowiec na kamer\u0119 PGYTECH - \u2705 sklep z dronami i fachowym doradztwem. \u2705 Tutaj kupisz produkty DJI, Yuneec, Parrot, Syma i wiele innych, a tak\u017ce kursy i licencje na operatora drona.","breadcrumb":{"@id":"https:\/\/ironsky.pl\/sklep\/produkt\/pokrowiec-na-kamere-pgytech-2\/#breadcrumb"},"inLanguage":"pl-PL","potentialAction":[{"@type":"ReadAction","target":["https:\/\/ironsky.pl\/sklep\/produkt\/pokrowiec-na-kamere-pgytech-2\/"]}]},{"@type":"ImageObject","inLanguage":"pl-PL","@id":"https:\/\/ironsky.pl\/sklep\/produkt\/pokrowiec-na-kamere-pgytech-2\/#primaryimage","url":"https:\/\/ironsky.pl\/sklep\/wp-content\/uploads\/2025\/03\/49415_1.jpg","contentUrl":"https:\/\/ironsky.pl\/sklep\/wp-content\/uploads\/2025\/03\/49415_1.jpg","width":800,"height":800},{"@type":"BreadcrumbList","@id":"https:\/\/ironsky.pl\/sklep\/produkt\/pokrowiec-na-kamere-pgytech-2\/#breadcrumb","itemListElement":[{"@type":"ListItem","position":1,"name":"Strona g\u0142\u00f3wna","item":"https:\/\/ironsky.pl\/sklep\/"},{"@type":"ListItem","position":2,"name":"Wszystkie produkty","item":"https:\/\/ironsky.pl\/sklep\/produkty\/"},{"@type":"ListItem","position":3,"name":"Pokrowiec na kamer\u0119 PGYTECH"}]},{"@type":"WebSite","@id":"https:\/\/ironsky.pl\/sklep\/#website","url":"https:\/\/ironsky.pl\/sklep\/","name":"IRONSKY.PL Sklep z Dronami","description":"IRONSKY.PL Sklep z Dronami","potentialAction":[{"@type":"SearchAction","target":{"@type":"EntryPoint","urlTemplate":"https:\/\/ironsky.pl\/sklep\/?s={search_term_string}"},"query-input":{"@type":"PropertyValueSpecification","valueRequired":true,"valueName":"search_term_string"}}],"inLanguage":"pl-PL"}]}},"_links":{"self":[{"href":"https:\/\/ironsky.pl\/sklep\/wp-json\/wp\/v2\/product\/60030","targetHints":{"allow":["GET"]}}],"collection":[{"href":"https:\/\/ironsky.pl\/sklep\/wp-json\/wp\/v2\/product"}],"about":[{"href":"https:\/\/ironsky.pl\/sklep\/wp-json\/wp\/v2\/types\/product"}],"replies":[{"embeddable":true,"href":"https:\/\/ironsky.pl\/sklep\/wp-json\/wp\/v2\/comments?post=60030"}],"wp:featuredmedia":[{"embeddable":true,"href":"https:\/\/ironsky.pl\/sklep\/wp-json\/wp\/v2\/media\/38867"}],"wp:attachment":[{"href":"https:\/\/ironsky.pl\/sklep\/wp-json\/wp\/v2\/media?parent=60030"}],"wp:term":[{"taxonomy":"product_brand","embeddable":true,"href":"https:\/\/ironsky.pl\/sklep\/wp-json\/wp\/v2\/product_brand?post=60030"},{"taxonomy":"product_cat","embeddable":true,"href":"https:\/\/ironsky.pl\/sklep\/wp-json\/wp\/v2\/product_cat?post=60030"},{"taxonomy":"product_tag","embeddable":true,"href":"https:\/\/ironsky.pl\/sklep\/wp-json\/wp\/v2\/product_tag?post=60030"}],"curies":[{"name":"wp","href":"https:\/\/api.w.org\/{rel}","templated":true}]}}