{"id":60029,"date":"2026-04-15T10:54:34","date_gmt":"2026-04-15T08:54:34","guid":{"rendered":"https:\/\/ironsky.pl\/sklep\/produkt\/wklad-do-plecaka-pgytech-camera-insert-bag-s\/"},"modified":"2026-04-15T10:54:55","modified_gmt":"2026-04-15T08:54:55","slug":"wklad-do-plecaka-pgytech-camera-insert-bag-s","status":"publish","type":"product","link":"https:\/\/ironsky.pl\/sklep\/produkt\/wklad-do-plecaka-pgytech-camera-insert-bag-s\/","title":{"rendered":"Wk\u0142ad do plecaka PGYTECH Camera Insert Bag S"},"content":{"rendered":"<h3>Wk\u0142ad do plecaka PGYTECH S Small<\/h3>\n<p>Wk\u0142ad fotograficzny PGYTECH Camera Insert Bag S to idealne rozwi\u0105zanie dla fotograf\u00f3w i filmowc\u00f3w, kt\u00f3rzy potrzebuj\u0105 niezawodnej ochrony i perfekcyjnej organizacji swojego sprz\u0119tu. Dzi\u0119ki stabilnej konstrukcji, zaawansowanej ochronie i funkcjonalnym detalom, wk\u0142ad doskonale wsp\u00f3\u0142pracuje z plecakiem PGYTECH OneMo 35L, umo\u017cliwiaj\u0105c \u0142atwy dost\u0119p do aparat\u00f3w, obiektyw\u00f3w oraz dron\u00f3w. Dzi\u0119ki praktycznemu designowi wk\u0142ad mo\u017cna \u0142atwo przekszta\u0142ci\u0107 w torb\u0119 na rami\u0119 (dotyczy rozmiar\u00f3w XS, S, M) \u2013 co daje dodatkow\u0105 elastyczno\u015b\u0107 w terenie. Boczne klamry pozwalaj\u0105 na szybkie przypi\u0119cie wk\u0142adu do plecaka lub paska.<\/p>\n<p>\n<img decoding=\"async\" src=\"https:\/\/assets.innpro.pl\/12049\/14287\/7.jpg\" border=\"0\" \/>\n<\/p>\n<h3>Solidna konstrukcja \u2013 stabilno\u015b\u0107 i trwa\u0142o\u015b\u0107<\/h3>\n<p>Wk\u0142ad Camera Insert Bag S wyposa\u017cony jest we wbudowan\u0105 stalow\u0105 ram\u0119, kt\u00f3ra wzmacnia otw\u00f3r i zapewnia odporno\u015b\u0107 na odkszta\u0142cenia. Dzi\u0119ki temu konstrukcja pozostaje stabilna, nawet pod du\u017cym obci\u0105\u017ceniem lub przy zewn\u0119trznym nacisku. Tw\u00f3j sprz\u0119t fotograficzny zyskuje solidn\u0105 ochron\u0119 przed uderzeniami i odkszta\u0142ceniami.<\/p>\n<p>\n<img decoding=\"async\" src=\"https:\/\/assets.innpro.pl\/12049\/14287\/6.jpg\" border=\"0\" \/>\n<\/p>\n<h3>Zaawansowana ochrona dzi\u0119ki wysokiej g\u0119sto\u015bci pianki<\/h3>\n<p>Lekki, ale wytrzyma\u0142y design oparty na piance o wysokiej g\u0119sto\u015bci doskonale absorbuje wstrz\u0105sy. Regulowane przegrody pozwalaj\u0105 na bezpieczne przechowywanie aparat\u00f3w, obiektyw\u00f3w i dron\u00f3w, chroni\u0105c je przed uszkodzeniami podczas transportu. Wn\u0119trze wk\u0142adu zosta\u0142o wy\u015bcie\u0142ane mi\u0119kkim materia\u0142em typu Velcro, kt\u00f3ry nie tylko chroni przed zarysowaniami, ale r\u00f3wnie\u017c umo\u017cliwia elastyczne dopasowanie przegr\u00f3d do r\u00f3\u017cnych konfiguracji sprz\u0119tu.<\/p>\n<p>\n<img decoding=\"async\" src=\"https:\/\/assets.innpro.pl\/12049\/14287\/2.jpg\" border=\"0\" \/>\n<\/p>\n<h3>Przemy\u015blany system organizacji<\/h3>\n<p>Wk\u0142ad Camera Insert S zapewnia wi\u0119cej przestrzeni dla entuzjast\u00f3w fotografii. Pomie\u015bci standardowy aparat DSLR lub bezlusterkowy z sze\u015bcioma obiektywami, lub jeden aparat z trzema obiektywami. Doskonale nadaje si\u0119 r\u00f3wnie\u017c do przechowywania dron\u00f3w DJI. Jest to wszechstronne rozwi\u0105zanie, kt\u00f3re mo\u017cna wykorzysta\u0107 jako wk\u0142ad do \u015bredniej wielko\u015bci plecak\u00f3w lub jako indywidualn\u0105 torb\u0119 na rami\u0119.<\/p>\n<p>\n<img decoding=\"async\" src=\"https:\/\/assets.innpro.pl\/12049\/14287\/4.jpg\" border=\"0\" \/>\n<\/p>\n<h3>Wodoodporna konstrukcja i niezawodne zamki YKK\u00ae<\/h3>\n<p>Materia\u0142 wk\u0142adu to 100% poliamid z pow\u0142ok\u0105 odporn\u0105 na zachlapania, co chroni sprz\u0119t przed wilgoci\u0105 i niepogod\u0105. Wysokiej jako\u015bci wodoodporne zamki YKK\u00ae zapewniaj\u0105 d\u0142ugotrwa\u0142\u0105 wytrzyma\u0142o\u015b\u0107 i pewne zapi\u0119cie. Bez wzgl\u0119du na warunki atmosferyczne, mo\u017cesz mie\u0107 pewno\u015b\u0107, \u017ce Tw\u00f3j sprz\u0119t jest bezpieczny.<\/p>\n<p>\n<img decoding=\"async\" src=\"https:\/\/assets.innpro.pl\/12049\/14287\/5.jpg\" border=\"0\" \/>\n<\/p>\n<h3>W zestawie<\/h3>\n<ul class=\"list-disc pl-5\">\n<li>Wk\u0142ad fotograficzny Camera Insert S \u00d7 1<\/li>\n<li>Pasek na rami\u0119 x 1<\/li>\n<li>Paski mocuj\u0105ce (Fixing Strap) \u00d7 4<\/li>\n<li>Przegrody typu A \u00d7 4<\/li>\n<li>Przegroda typu D \u00d7 1<\/li>\n<\/ul>\n<div class=\"table-wrapper\">\n<p>\u00a0<\/p>\n<h3><\/h3>\n<table>\n<tbody>\n<tr>\n<th>Producent<\/th>\n<td>PGYTECH<\/td>\n<\/tr>\n<tr>\n<th>Kod producenta<\/th>\n<td>P-CB-251<\/td>\n<\/tr>\n<tr>\n<th>Materia\u0142<\/th>\n<td>Tkanina: 100% poliamid; Podszewka: 100% poliamid<\/td>\n<\/tr>\n<tr>\n<th>Wymiary:<\/th>\n<td>Zewn\u0119trzne: 290 mm \u00d7 200 mm \u00d7 170 mm; Wewn\u0119trzne: 270 mm \u00d7 185 mm \u00d7 160 mm<\/td>\n<\/tr>\n<tr>\n<th>Waga<\/th>\n<td>0,6 kg (wraz z przegrodami)<\/td>\n<\/tr>\n<tr>\n<th>Kompatybilno\u015b\u0107:<\/th>\n<td>Lustrzanki i bezlusterkowce z obiektywami; Drony DJI<\/td>\n<\/tr>\n<\/tbody>\n<\/table>\n<\/div>\n","protected":false},"excerpt":{"rendered":"<p>Wk\u0142ad do plecaka PGYTECH S Small Wk\u0142ad fotograficzny PGYTECH Camera Insert Bag S to idealne rozwi\u0105zanie dla fotograf\u00f3w i filmowc\u00f3w,<\/p>\n","protected":false},"featured_media":38863,"comment_status":"closed","ping_status":"open","template":"","meta":{"_acf_changed":false},"product_brand":[],"product_cat":[1130,1137,1128],"product_tag":[],"class_list":{"0":"post-60029","1":"product","2":"type-product","3":"status-publish","4":"has-post-thumbnail","6":"product_cat-akcesoria-foto","7":"product_cat-do-kamer-sportowych","8":"product_cat-foto-wideo","9":"pa_okres-gwarancji-5754","10":"pa_producent-pgytech","12":"first","13":"outofstock","14":"taxable","15":"shipping-taxable","16":"purchasable","17":"product-type-simple"},"acf":[],"yoast_head":"<!-- This site is optimized with the Yoast SEO plugin v27.2 - https:\/\/yoast.com\/product\/yoast-seo-wordpress\/ -->\n<title>Wk\u0142ad do plecaka PGYTECH Camera Insert Bag S - IRONSKY.PL Sklep z Dronami<\/title>\n<meta name=\"description\" content=\"Wk\u0142ad do plecaka PGYTECH Camera Insert Bag S - \u2705 sklep z dronami i fachowym doradztwem. \u2705 Tutaj kupisz produkty DJI, Yuneec, Parrot, Syma i wiele innych, a tak\u017ce kursy i licencje na operatora drona.\" \/>\n<meta name=\"robots\" content=\"index, follow, max-snippet:-1, max-image-preview:large, max-video-preview:-1\" \/>\n<link rel=\"canonical\" href=\"https:\/\/ironsky.pl\/sklep\/produkt\/wklad-do-plecaka-pgytech-camera-insert-bag-s\/\" \/>\n<meta property=\"og:locale\" content=\"pl_PL\" \/>\n<meta property=\"og:type\" content=\"article\" \/>\n<meta property=\"og:title\" content=\"Wk\u0142ad do plecaka PGYTECH Camera Insert Bag S - IRONSKY.PL Sklep z Dronami\" \/>\n<meta property=\"og:description\" content=\"Wk\u0142ad do plecaka PGYTECH Camera Insert Bag S - \u2705 sklep z dronami i fachowym doradztwem. \u2705 Tutaj kupisz produkty DJI, Yuneec, Parrot, Syma i wiele innych, a tak\u017ce kursy i licencje na operatora drona.\" \/>\n<meta property=\"og:url\" content=\"https:\/\/ironsky.pl\/sklep\/produkt\/wklad-do-plecaka-pgytech-camera-insert-bag-s\/\" \/>\n<meta property=\"og:site_name\" content=\"IRONSKY.PL Sklep z Dronami\" \/>\n<meta property=\"article:modified_time\" content=\"2026-04-15T08:54:55+00:00\" \/>\n<meta property=\"og:image\" content=\"https:\/\/ironsky.pl\/sklep\/wp-content\/uploads\/2025\/03\/49413_1.jpg\" \/>\n\t<meta property=\"og:image:width\" content=\"800\" \/>\n\t<meta property=\"og:image:height\" content=\"800\" \/>\n\t<meta property=\"og:image:type\" content=\"image\/jpeg\" \/>\n<meta name=\"twitter:card\" content=\"summary_large_image\" \/>\n<meta name=\"twitter:label1\" content=\"Szacowany czas czytania\" \/>\n\t<meta name=\"twitter:data1\" content=\"2 minuty\" \/>\n<script type=\"application\/ld+json\" class=\"yoast-schema-graph\">{\"@context\":\"https:\/\/schema.org\",\"@graph\":[{\"@type\":\"WebPage\",\"@id\":\"https:\/\/ironsky.pl\/sklep\/produkt\/wklad-do-plecaka-pgytech-camera-insert-bag-s\/\",\"url\":\"https:\/\/ironsky.pl\/sklep\/produkt\/wklad-do-plecaka-pgytech-camera-insert-bag-s\/\",\"name\":\"Wk\u0142ad do plecaka PGYTECH Camera Insert Bag S - IRONSKY.PL Sklep z Dronami\",\"isPartOf\":{\"@id\":\"https:\/\/ironsky.pl\/sklep\/#website\"},\"primaryImageOfPage\":{\"@id\":\"https:\/\/ironsky.pl\/sklep\/produkt\/wklad-do-plecaka-pgytech-camera-insert-bag-s\/#primaryimage\"},\"image\":{\"@id\":\"https:\/\/ironsky.pl\/sklep\/produkt\/wklad-do-plecaka-pgytech-camera-insert-bag-s\/#primaryimage\"},\"thumbnailUrl\":\"https:\/\/ironsky.pl\/sklep\/wp-content\/uploads\/2025\/03\/49413_1.jpg\",\"datePublished\":\"2026-04-15T08:54:34+00:00\",\"dateModified\":\"2026-04-15T08:54:55+00:00\",\"description\":\"Wk\u0142ad do plecaka PGYTECH Camera Insert Bag S - \u2705 sklep z dronami i fachowym doradztwem. \u2705 Tutaj kupisz produkty DJI, Yuneec, Parrot, Syma i wiele innych, a tak\u017ce kursy i licencje na operatora drona.\",\"breadcrumb\":{\"@id\":\"https:\/\/ironsky.pl\/sklep\/produkt\/wklad-do-plecaka-pgytech-camera-insert-bag-s\/#breadcrumb\"},\"inLanguage\":\"pl-PL\",\"potentialAction\":[{\"@type\":\"ReadAction\",\"target\":[\"https:\/\/ironsky.pl\/sklep\/produkt\/wklad-do-plecaka-pgytech-camera-insert-bag-s\/\"]}]},{\"@type\":\"ImageObject\",\"inLanguage\":\"pl-PL\",\"@id\":\"https:\/\/ironsky.pl\/sklep\/produkt\/wklad-do-plecaka-pgytech-camera-insert-bag-s\/#primaryimage\",\"url\":\"https:\/\/ironsky.pl\/sklep\/wp-content\/uploads\/2025\/03\/49413_1.jpg\",\"contentUrl\":\"https:\/\/ironsky.pl\/sklep\/wp-content\/uploads\/2025\/03\/49413_1.jpg\",\"width\":800,\"height\":800},{\"@type\":\"BreadcrumbList\",\"@id\":\"https:\/\/ironsky.pl\/sklep\/produkt\/wklad-do-plecaka-pgytech-camera-insert-bag-s\/#breadcrumb\",\"itemListElement\":[{\"@type\":\"ListItem\",\"position\":1,\"name\":\"Strona g\u0142\u00f3wna\",\"item\":\"https:\/\/ironsky.pl\/sklep\/\"},{\"@type\":\"ListItem\",\"position\":2,\"name\":\"Wszystkie produkty\",\"item\":\"https:\/\/ironsky.pl\/sklep\/produkty\/\"},{\"@type\":\"ListItem\",\"position\":3,\"name\":\"Wk\u0142ad do plecaka PGYTECH Camera Insert Bag S\"}]},{\"@type\":\"WebSite\",\"@id\":\"https:\/\/ironsky.pl\/sklep\/#website\",\"url\":\"https:\/\/ironsky.pl\/sklep\/\",\"name\":\"IRONSKY.PL Sklep z Dronami\",\"description\":\"IRONSKY.PL Sklep z Dronami\",\"potentialAction\":[{\"@type\":\"SearchAction\",\"target\":{\"@type\":\"EntryPoint\",\"urlTemplate\":\"https:\/\/ironsky.pl\/sklep\/?s={search_term_string}\"},\"query-input\":{\"@type\":\"PropertyValueSpecification\",\"valueRequired\":true,\"valueName\":\"search_term_string\"}}],\"inLanguage\":\"pl-PL\"}]}<\/script>\n<!-- \/ Yoast SEO plugin. -->","yoast_head_json":{"title":"Wk\u0142ad do plecaka PGYTECH Camera Insert Bag S - IRONSKY.PL Sklep z Dronami","description":"Wk\u0142ad do plecaka PGYTECH Camera Insert Bag S - \u2705 sklep z dronami i fachowym doradztwem. \u2705 Tutaj kupisz produkty DJI, Yuneec, Parrot, Syma i wiele innych, a tak\u017ce kursy i licencje na operatora drona.","robots":{"index":"index","follow":"follow","max-snippet":"max-snippet:-1","max-image-preview":"max-image-preview:large","max-video-preview":"max-video-preview:-1"},"canonical":"https:\/\/ironsky.pl\/sklep\/produkt\/wklad-do-plecaka-pgytech-camera-insert-bag-s\/","og_locale":"pl_PL","og_type":"article","og_title":"Wk\u0142ad do plecaka PGYTECH Camera Insert Bag S - IRONSKY.PL Sklep z Dronami","og_description":"Wk\u0142ad do plecaka PGYTECH Camera Insert Bag S - \u2705 sklep z dronami i fachowym doradztwem. \u2705 Tutaj kupisz produkty DJI, Yuneec, Parrot, Syma i wiele innych, a tak\u017ce kursy i licencje na operatora drona.","og_url":"https:\/\/ironsky.pl\/sklep\/produkt\/wklad-do-plecaka-pgytech-camera-insert-bag-s\/","og_site_name":"IRONSKY.PL Sklep z Dronami","article_modified_time":"2026-04-15T08:54:55+00:00","og_image":[{"width":800,"height":800,"url":"https:\/\/ironsky.pl\/sklep\/wp-content\/uploads\/2025\/03\/49413_1.jpg","type":"image\/jpeg"}],"twitter_card":"summary_large_image","twitter_misc":{"Szacowany czas czytania":"2 minuty"},"schema":{"@context":"https:\/\/schema.org","@graph":[{"@type":"WebPage","@id":"https:\/\/ironsky.pl\/sklep\/produkt\/wklad-do-plecaka-pgytech-camera-insert-bag-s\/","url":"https:\/\/ironsky.pl\/sklep\/produkt\/wklad-do-plecaka-pgytech-camera-insert-bag-s\/","name":"Wk\u0142ad do plecaka PGYTECH Camera Insert Bag S - IRONSKY.PL Sklep z Dronami","isPartOf":{"@id":"https:\/\/ironsky.pl\/sklep\/#website"},"primaryImageOfPage":{"@id":"https:\/\/ironsky.pl\/sklep\/produkt\/wklad-do-plecaka-pgytech-camera-insert-bag-s\/#primaryimage"},"image":{"@id":"https:\/\/ironsky.pl\/sklep\/produkt\/wklad-do-plecaka-pgytech-camera-insert-bag-s\/#primaryimage"},"thumbnailUrl":"https:\/\/ironsky.pl\/sklep\/wp-content\/uploads\/2025\/03\/49413_1.jpg","datePublished":"2026-04-15T08:54:34+00:00","dateModified":"2026-04-15T08:54:55+00:00","description":"Wk\u0142ad do plecaka PGYTECH Camera Insert Bag S - \u2705 sklep z dronami i fachowym doradztwem. \u2705 Tutaj kupisz produkty DJI, Yuneec, Parrot, Syma i wiele innych, a tak\u017ce kursy i licencje na operatora drona.","breadcrumb":{"@id":"https:\/\/ironsky.pl\/sklep\/produkt\/wklad-do-plecaka-pgytech-camera-insert-bag-s\/#breadcrumb"},"inLanguage":"pl-PL","potentialAction":[{"@type":"ReadAction","target":["https:\/\/ironsky.pl\/sklep\/produkt\/wklad-do-plecaka-pgytech-camera-insert-bag-s\/"]}]},{"@type":"ImageObject","inLanguage":"pl-PL","@id":"https:\/\/ironsky.pl\/sklep\/produkt\/wklad-do-plecaka-pgytech-camera-insert-bag-s\/#primaryimage","url":"https:\/\/ironsky.pl\/sklep\/wp-content\/uploads\/2025\/03\/49413_1.jpg","contentUrl":"https:\/\/ironsky.pl\/sklep\/wp-content\/uploads\/2025\/03\/49413_1.jpg","width":800,"height":800},{"@type":"BreadcrumbList","@id":"https:\/\/ironsky.pl\/sklep\/produkt\/wklad-do-plecaka-pgytech-camera-insert-bag-s\/#breadcrumb","itemListElement":[{"@type":"ListItem","position":1,"name":"Strona g\u0142\u00f3wna","item":"https:\/\/ironsky.pl\/sklep\/"},{"@type":"ListItem","position":2,"name":"Wszystkie produkty","item":"https:\/\/ironsky.pl\/sklep\/produkty\/"},{"@type":"ListItem","position":3,"name":"Wk\u0142ad do plecaka PGYTECH Camera Insert Bag S"}]},{"@type":"WebSite","@id":"https:\/\/ironsky.pl\/sklep\/#website","url":"https:\/\/ironsky.pl\/sklep\/","name":"IRONSKY.PL Sklep z Dronami","description":"IRONSKY.PL Sklep z Dronami","potentialAction":[{"@type":"SearchAction","target":{"@type":"EntryPoint","urlTemplate":"https:\/\/ironsky.pl\/sklep\/?s={search_term_string}"},"query-input":{"@type":"PropertyValueSpecification","valueRequired":true,"valueName":"search_term_string"}}],"inLanguage":"pl-PL"}]}},"_links":{"self":[{"href":"https:\/\/ironsky.pl\/sklep\/wp-json\/wp\/v2\/product\/60029","targetHints":{"allow":["GET"]}}],"collection":[{"href":"https:\/\/ironsky.pl\/sklep\/wp-json\/wp\/v2\/product"}],"about":[{"href":"https:\/\/ironsky.pl\/sklep\/wp-json\/wp\/v2\/types\/product"}],"replies":[{"embeddable":true,"href":"https:\/\/ironsky.pl\/sklep\/wp-json\/wp\/v2\/comments?post=60029"}],"wp:featuredmedia":[{"embeddable":true,"href":"https:\/\/ironsky.pl\/sklep\/wp-json\/wp\/v2\/media\/38863"}],"wp:attachment":[{"href":"https:\/\/ironsky.pl\/sklep\/wp-json\/wp\/v2\/media?parent=60029"}],"wp:term":[{"taxonomy":"product_brand","embeddable":true,"href":"https:\/\/ironsky.pl\/sklep\/wp-json\/wp\/v2\/product_brand?post=60029"},{"taxonomy":"product_cat","embeddable":true,"href":"https:\/\/ironsky.pl\/sklep\/wp-json\/wp\/v2\/product_cat?post=60029"},{"taxonomy":"product_tag","embeddable":true,"href":"https:\/\/ironsky.pl\/sklep\/wp-json\/wp\/v2\/product_tag?post=60029"}],"curies":[{"name":"wp","href":"https:\/\/api.w.org\/{rel}","templated":true}]}}