{"id":60027,"date":"2026-04-15T10:54:34","date_gmt":"2026-04-15T08:54:34","guid":{"rendered":"https:\/\/ironsky.pl\/sklep\/produkt\/pasek-na-nadgarstek-pgytech-earth-brown-brazowy\/"},"modified":"2026-04-15T10:54:53","modified_gmt":"2026-04-15T08:54:53","slug":"pasek-na-nadgarstek-pgytech-earth-brown-brazowy","status":"publish","type":"product","link":"https:\/\/ironsky.pl\/sklep\/produkt\/pasek-na-nadgarstek-pgytech-earth-brown-brazowy\/","title":{"rendered":"Pasek na nadgarstek PGYTECH Earth Brown (br\u0105zowy)"},"content":{"rendered":"<h3>Pasek na nadgarstek do kamery PGYTECH Earth Brown<\/h3>\n<p>Pasek na nadgarstek PGYTECH zapewnia pewne i bezpieczne trzymanie aparatu podczas fotografowania. Dzi\u0119ki oryginalnym z\u0142\u0105czom Quick Connector umo\u017cliwia b\u0142yskawiczne przypinanie i odpinanie sprz\u0119tu jedn\u0105 r\u0119k\u0105, wi\u0119c b\u0142yskawicznie przygotujesz si\u0119 do akcji! Kompatybilno\u015b\u0107 z paskami na rami\u0119 i uchwytami plecakowymi PGYTECH sprawia, \u017ce to wszechstronne akcesorium dopasuje si\u0119 do r\u00f3\u017cnych potrzeb i styl\u00f3w pracy.<\/p>\n<p>\n<img decoding=\"async\" src=\"https:\/\/assets.innpro.pl\/12042\/14280\/2.jpg\" border=\"0\" \/>\n<\/p>\n<h3>Wytrzyma\u0142o\u015b\u0107, na kt\u00f3rej mo\u017cesz polega\u0107<\/h3>\n<p>Zastosowanie w\u0142\u00f3kna Dyneema, znanego z wyj\u0105tkowej wytrzyma\u0142o\u015bci, gwarantuje bezpiecze\u0144stwo sprz\u0119tu nawet w trudnych warunkach. Materia\u0142 jest 15 razy mocniejszy od stali, dzi\u0119ki czemu pasek wytrzymuje obci\u0105\u017cenie do 35 kg. Mo\u017cesz mie\u0107 pewno\u015b\u0107, \u017ce aparat nie upadnie, nawet je\u015bli przypadkowo go upu\u015bcisz. Ulepszony koralik Quick Bead 2.0 zapewnia solidne i stabilne mocowanie, a \u015brednica 1,5 mm sprawia, \u017ce pasek pasuje do wi\u0119kszo\u015bci kamer dost\u0119pnych na rynku.<\/p>\n<p>\n<img decoding=\"async\" src=\"https:\/\/assets.innpro.pl\/12042\/14280\/3.jpg\" border=\"0\" \/>\n<\/p>\n<h3>Komfort, kt\u00f3ry docenisz<\/h3>\n<p>Mi\u0119kka, przyjazna dla sk\u00f3ry mikrofibra sprawia, \u017ce pasek jest niezwykle komfortowy nawet podczas d\u0142ugich sesji. Wewn\u0119trzne wypustki poprawiaj\u0105 dopasowanie do nadgarstka, zapobiegaj\u0105c zsuwaniu si\u0119. Pasek jest lekki i dyskretny, a jego estetyczny wygl\u0105d doskonale komponuje si\u0119 z r\u00f3\u017cnymi stylami fotografii. Dzi\u0119ki magnetycznemu zapi\u0119ciu mo\u017cesz r\u00f3wnie\u017c \u0142atwo przekszta\u0142ci\u0107 go w bransoletk\u0119, gdy nie jest u\u017cywany.<\/p>\n<p>\n<img decoding=\"async\" src=\"https:\/\/assets.innpro.pl\/12042\/14280\/4.jpg\" border=\"0\" \/>\n<\/p>\n<div class=\"table-wrapper\">\n<p>\u00a0<\/p>\n<h3><\/h3>\n<table>\n<tbody>\n<tr>\n<th>Producent<\/th>\n<td>PGYTECH <\/td>\n<\/tr>\n<tr>\n<th>Kod producenta <\/th>\n<td>P-CB-295<\/td>\n<\/tr>\n<tr>\n<th>Materia\u0142<\/th>\n<td>Mikrofibra, Dyneema, nylon wzmocniony w\u0142\u00f3knem, stop aluminium<\/td>\n<\/tr>\n<tr>\n<th>Kolor<\/th>\n<td>Earth Brown<\/td>\n<\/tr>\n<tr>\n<th>Waga<\/th>\n<td>25 g<\/td>\n<\/tr>\n<tr>\n<th>Wymiary <\/th>\n<td>230 mm \u00d7 20 mm<\/td>\n<\/tr>\n<\/tbody>\n<\/table>\n<\/div>\n","protected":false},"excerpt":{"rendered":"<p>Pasek na nadgarstek do kamery PGYTECH Earth Brown Pasek na nadgarstek PGYTECH zapewnia pewne i bezpieczne trzymanie aparatu podczas fotografowania.<\/p>\n","protected":false},"featured_media":38849,"comment_status":"closed","ping_status":"open","template":"","meta":{"_acf_changed":false},"product_brand":[],"product_cat":[1130,1137,1128],"product_tag":[],"class_list":{"0":"post-60027","1":"product","2":"type-product","3":"status-publish","4":"has-post-thumbnail","6":"product_cat-akcesoria-foto","7":"product_cat-do-kamer-sportowych","8":"product_cat-foto-wideo","9":"pa_okres-gwarancji-5754","10":"pa_producent-pgytech","12":"first","13":"outofstock","14":"taxable","15":"shipping-taxable","16":"purchasable","17":"product-type-simple"},"acf":[],"yoast_head":"<!-- This site is optimized with the Yoast SEO plugin v27.2 - https:\/\/yoast.com\/product\/yoast-seo-wordpress\/ -->\n<title>Pasek na nadgarstek PGYTECH Earth Brown (br\u0105zowy) - IRONSKY.PL Sklep z Dronami<\/title>\n<meta name=\"description\" content=\"Pasek na nadgarstek PGYTECH Earth Brown (br\u0105zowy) - \u2705 sklep z dronami i fachowym doradztwem. \u2705 Tutaj kupisz produkty DJI, Yuneec, Parrot, Syma i wiele innych, a tak\u017ce kursy i licencje na operatora drona.\" \/>\n<meta name=\"robots\" content=\"index, follow, max-snippet:-1, max-image-preview:large, max-video-preview:-1\" \/>\n<link rel=\"canonical\" href=\"https:\/\/ironsky.pl\/sklep\/produkt\/pasek-na-nadgarstek-pgytech-earth-brown-brazowy\/\" \/>\n<meta property=\"og:locale\" content=\"pl_PL\" \/>\n<meta property=\"og:type\" content=\"article\" \/>\n<meta property=\"og:title\" content=\"Pasek na nadgarstek PGYTECH Earth Brown (br\u0105zowy) - IRONSKY.PL Sklep z Dronami\" \/>\n<meta property=\"og:description\" content=\"Pasek na nadgarstek PGYTECH Earth Brown (br\u0105zowy) - \u2705 sklep z dronami i fachowym doradztwem. \u2705 Tutaj kupisz produkty DJI, Yuneec, Parrot, Syma i wiele innych, a tak\u017ce kursy i licencje na operatora drona.\" \/>\n<meta property=\"og:url\" content=\"https:\/\/ironsky.pl\/sklep\/produkt\/pasek-na-nadgarstek-pgytech-earth-brown-brazowy\/\" \/>\n<meta property=\"og:site_name\" content=\"IRONSKY.PL Sklep z Dronami\" \/>\n<meta property=\"article:modified_time\" content=\"2026-04-15T08:54:53+00:00\" \/>\n<meta property=\"og:image\" content=\"https:\/\/ironsky.pl\/sklep\/wp-content\/uploads\/2025\/03\/49407_1.jpg\" \/>\n\t<meta property=\"og:image:width\" content=\"800\" \/>\n\t<meta property=\"og:image:height\" content=\"800\" \/>\n\t<meta property=\"og:image:type\" content=\"image\/jpeg\" \/>\n<meta name=\"twitter:card\" content=\"summary_large_image\" \/>\n<meta name=\"twitter:label1\" content=\"Szacowany czas czytania\" \/>\n\t<meta name=\"twitter:data1\" content=\"1 minuta\" \/>\n<script type=\"application\/ld+json\" class=\"yoast-schema-graph\">{\"@context\":\"https:\/\/schema.org\",\"@graph\":[{\"@type\":\"WebPage\",\"@id\":\"https:\/\/ironsky.pl\/sklep\/produkt\/pasek-na-nadgarstek-pgytech-earth-brown-brazowy\/\",\"url\":\"https:\/\/ironsky.pl\/sklep\/produkt\/pasek-na-nadgarstek-pgytech-earth-brown-brazowy\/\",\"name\":\"Pasek na nadgarstek PGYTECH Earth Brown (br\u0105zowy) - IRONSKY.PL Sklep z Dronami\",\"isPartOf\":{\"@id\":\"https:\/\/ironsky.pl\/sklep\/#website\"},\"primaryImageOfPage\":{\"@id\":\"https:\/\/ironsky.pl\/sklep\/produkt\/pasek-na-nadgarstek-pgytech-earth-brown-brazowy\/#primaryimage\"},\"image\":{\"@id\":\"https:\/\/ironsky.pl\/sklep\/produkt\/pasek-na-nadgarstek-pgytech-earth-brown-brazowy\/#primaryimage\"},\"thumbnailUrl\":\"https:\/\/ironsky.pl\/sklep\/wp-content\/uploads\/2025\/03\/49407_1.jpg\",\"datePublished\":\"2026-04-15T08:54:34+00:00\",\"dateModified\":\"2026-04-15T08:54:53+00:00\",\"description\":\"Pasek na nadgarstek PGYTECH Earth Brown (br\u0105zowy) - \u2705 sklep z dronami i fachowym doradztwem. \u2705 Tutaj kupisz produkty DJI, Yuneec, Parrot, Syma i wiele innych, a tak\u017ce kursy i licencje na operatora drona.\",\"breadcrumb\":{\"@id\":\"https:\/\/ironsky.pl\/sklep\/produkt\/pasek-na-nadgarstek-pgytech-earth-brown-brazowy\/#breadcrumb\"},\"inLanguage\":\"pl-PL\",\"potentialAction\":[{\"@type\":\"ReadAction\",\"target\":[\"https:\/\/ironsky.pl\/sklep\/produkt\/pasek-na-nadgarstek-pgytech-earth-brown-brazowy\/\"]}]},{\"@type\":\"ImageObject\",\"inLanguage\":\"pl-PL\",\"@id\":\"https:\/\/ironsky.pl\/sklep\/produkt\/pasek-na-nadgarstek-pgytech-earth-brown-brazowy\/#primaryimage\",\"url\":\"https:\/\/ironsky.pl\/sklep\/wp-content\/uploads\/2025\/03\/49407_1.jpg\",\"contentUrl\":\"https:\/\/ironsky.pl\/sklep\/wp-content\/uploads\/2025\/03\/49407_1.jpg\",\"width\":800,\"height\":800},{\"@type\":\"BreadcrumbList\",\"@id\":\"https:\/\/ironsky.pl\/sklep\/produkt\/pasek-na-nadgarstek-pgytech-earth-brown-brazowy\/#breadcrumb\",\"itemListElement\":[{\"@type\":\"ListItem\",\"position\":1,\"name\":\"Strona g\u0142\u00f3wna\",\"item\":\"https:\/\/ironsky.pl\/sklep\/\"},{\"@type\":\"ListItem\",\"position\":2,\"name\":\"Wszystkie produkty\",\"item\":\"https:\/\/ironsky.pl\/sklep\/produkty\/\"},{\"@type\":\"ListItem\",\"position\":3,\"name\":\"Pasek na nadgarstek PGYTECH Earth Brown (br\u0105zowy)\"}]},{\"@type\":\"WebSite\",\"@id\":\"https:\/\/ironsky.pl\/sklep\/#website\",\"url\":\"https:\/\/ironsky.pl\/sklep\/\",\"name\":\"IRONSKY.PL Sklep z Dronami\",\"description\":\"IRONSKY.PL Sklep z Dronami\",\"potentialAction\":[{\"@type\":\"SearchAction\",\"target\":{\"@type\":\"EntryPoint\",\"urlTemplate\":\"https:\/\/ironsky.pl\/sklep\/?s={search_term_string}\"},\"query-input\":{\"@type\":\"PropertyValueSpecification\",\"valueRequired\":true,\"valueName\":\"search_term_string\"}}],\"inLanguage\":\"pl-PL\"}]}<\/script>\n<!-- \/ Yoast SEO plugin. -->","yoast_head_json":{"title":"Pasek na nadgarstek PGYTECH Earth Brown (br\u0105zowy) - IRONSKY.PL Sklep z Dronami","description":"Pasek na nadgarstek PGYTECH Earth Brown (br\u0105zowy) - \u2705 sklep z dronami i fachowym doradztwem. \u2705 Tutaj kupisz produkty DJI, Yuneec, Parrot, Syma i wiele innych, a tak\u017ce kursy i licencje na operatora drona.","robots":{"index":"index","follow":"follow","max-snippet":"max-snippet:-1","max-image-preview":"max-image-preview:large","max-video-preview":"max-video-preview:-1"},"canonical":"https:\/\/ironsky.pl\/sklep\/produkt\/pasek-na-nadgarstek-pgytech-earth-brown-brazowy\/","og_locale":"pl_PL","og_type":"article","og_title":"Pasek na nadgarstek PGYTECH Earth Brown (br\u0105zowy) - IRONSKY.PL Sklep z Dronami","og_description":"Pasek na nadgarstek PGYTECH Earth Brown (br\u0105zowy) - \u2705 sklep z dronami i fachowym doradztwem. \u2705 Tutaj kupisz produkty DJI, Yuneec, Parrot, Syma i wiele innych, a tak\u017ce kursy i licencje na operatora drona.","og_url":"https:\/\/ironsky.pl\/sklep\/produkt\/pasek-na-nadgarstek-pgytech-earth-brown-brazowy\/","og_site_name":"IRONSKY.PL Sklep z Dronami","article_modified_time":"2026-04-15T08:54:53+00:00","og_image":[{"width":800,"height":800,"url":"https:\/\/ironsky.pl\/sklep\/wp-content\/uploads\/2025\/03\/49407_1.jpg","type":"image\/jpeg"}],"twitter_card":"summary_large_image","twitter_misc":{"Szacowany czas czytania":"1 minuta"},"schema":{"@context":"https:\/\/schema.org","@graph":[{"@type":"WebPage","@id":"https:\/\/ironsky.pl\/sklep\/produkt\/pasek-na-nadgarstek-pgytech-earth-brown-brazowy\/","url":"https:\/\/ironsky.pl\/sklep\/produkt\/pasek-na-nadgarstek-pgytech-earth-brown-brazowy\/","name":"Pasek na nadgarstek PGYTECH Earth Brown (br\u0105zowy) - IRONSKY.PL Sklep z Dronami","isPartOf":{"@id":"https:\/\/ironsky.pl\/sklep\/#website"},"primaryImageOfPage":{"@id":"https:\/\/ironsky.pl\/sklep\/produkt\/pasek-na-nadgarstek-pgytech-earth-brown-brazowy\/#primaryimage"},"image":{"@id":"https:\/\/ironsky.pl\/sklep\/produkt\/pasek-na-nadgarstek-pgytech-earth-brown-brazowy\/#primaryimage"},"thumbnailUrl":"https:\/\/ironsky.pl\/sklep\/wp-content\/uploads\/2025\/03\/49407_1.jpg","datePublished":"2026-04-15T08:54:34+00:00","dateModified":"2026-04-15T08:54:53+00:00","description":"Pasek na nadgarstek PGYTECH Earth Brown (br\u0105zowy) - \u2705 sklep z dronami i fachowym doradztwem. \u2705 Tutaj kupisz produkty DJI, Yuneec, Parrot, Syma i wiele innych, a tak\u017ce kursy i licencje na operatora drona.","breadcrumb":{"@id":"https:\/\/ironsky.pl\/sklep\/produkt\/pasek-na-nadgarstek-pgytech-earth-brown-brazowy\/#breadcrumb"},"inLanguage":"pl-PL","potentialAction":[{"@type":"ReadAction","target":["https:\/\/ironsky.pl\/sklep\/produkt\/pasek-na-nadgarstek-pgytech-earth-brown-brazowy\/"]}]},{"@type":"ImageObject","inLanguage":"pl-PL","@id":"https:\/\/ironsky.pl\/sklep\/produkt\/pasek-na-nadgarstek-pgytech-earth-brown-brazowy\/#primaryimage","url":"https:\/\/ironsky.pl\/sklep\/wp-content\/uploads\/2025\/03\/49407_1.jpg","contentUrl":"https:\/\/ironsky.pl\/sklep\/wp-content\/uploads\/2025\/03\/49407_1.jpg","width":800,"height":800},{"@type":"BreadcrumbList","@id":"https:\/\/ironsky.pl\/sklep\/produkt\/pasek-na-nadgarstek-pgytech-earth-brown-brazowy\/#breadcrumb","itemListElement":[{"@type":"ListItem","position":1,"name":"Strona g\u0142\u00f3wna","item":"https:\/\/ironsky.pl\/sklep\/"},{"@type":"ListItem","position":2,"name":"Wszystkie produkty","item":"https:\/\/ironsky.pl\/sklep\/produkty\/"},{"@type":"ListItem","position":3,"name":"Pasek na nadgarstek PGYTECH Earth Brown (br\u0105zowy)"}]},{"@type":"WebSite","@id":"https:\/\/ironsky.pl\/sklep\/#website","url":"https:\/\/ironsky.pl\/sklep\/","name":"IRONSKY.PL Sklep z Dronami","description":"IRONSKY.PL Sklep z Dronami","potentialAction":[{"@type":"SearchAction","target":{"@type":"EntryPoint","urlTemplate":"https:\/\/ironsky.pl\/sklep\/?s={search_term_string}"},"query-input":{"@type":"PropertyValueSpecification","valueRequired":true,"valueName":"search_term_string"}}],"inLanguage":"pl-PL"}]}},"_links":{"self":[{"href":"https:\/\/ironsky.pl\/sklep\/wp-json\/wp\/v2\/product\/60027","targetHints":{"allow":["GET"]}}],"collection":[{"href":"https:\/\/ironsky.pl\/sklep\/wp-json\/wp\/v2\/product"}],"about":[{"href":"https:\/\/ironsky.pl\/sklep\/wp-json\/wp\/v2\/types\/product"}],"replies":[{"embeddable":true,"href":"https:\/\/ironsky.pl\/sklep\/wp-json\/wp\/v2\/comments?post=60027"}],"wp:featuredmedia":[{"embeddable":true,"href":"https:\/\/ironsky.pl\/sklep\/wp-json\/wp\/v2\/media\/38849"}],"wp:attachment":[{"href":"https:\/\/ironsky.pl\/sklep\/wp-json\/wp\/v2\/media?parent=60027"}],"wp:term":[{"taxonomy":"product_brand","embeddable":true,"href":"https:\/\/ironsky.pl\/sklep\/wp-json\/wp\/v2\/product_brand?post=60027"},{"taxonomy":"product_cat","embeddable":true,"href":"https:\/\/ironsky.pl\/sklep\/wp-json\/wp\/v2\/product_cat?post=60027"},{"taxonomy":"product_tag","embeddable":true,"href":"https:\/\/ironsky.pl\/sklep\/wp-json\/wp\/v2\/product_tag?post=60027"}],"curies":[{"name":"wp","href":"https:\/\/api.w.org\/{rel}","templated":true}]}}