{"id":60023,"date":"2026-04-15T10:54:34","date_gmt":"2026-04-15T08:54:34","guid":{"rendered":"https:\/\/ironsky.pl\/sklep\/produkt\/grawerka-laserowa-2w1-xtool-p2s-szara-2\/"},"modified":"2026-04-15T10:54:50","modified_gmt":"2026-04-15T08:54:50","slug":"grawerka-laserowa-2w1-xtool-p2s-szara-2","status":"publish","type":"product","link":"https:\/\/ironsky.pl\/sklep\/produkt\/grawerka-laserowa-2w1-xtool-p2s-szara-2\/","title":{"rendered":"Grawerka laserowa 2w1 xTool P2S (szara)"},"content":{"rendered":"<h3>Grawerka laserowa 2w1 xTool P2S (szara)<\/h3>\n<p>xTool P2S to zaawansowana grawerka laserowa 2w1, \u0142\u0105cz\u0105ca mocny 55-watowy laser CO\u2082 z szerokim zakresem funkcji, kt\u00f3re czyni\u0105 j\u0105 idealnym narz\u0119dziem dla ma\u0142ych firm, artyst\u00f3w i entuzjast\u00f3w r\u0119kodzie\u0142a. Dzi\u0119ki precyzyjnej technologii i \u0142atwo\u015bci obs\u0142ugi, urz\u0105dzenie oferuje mo\u017cliwo\u015b\u0107 pracy z r\u00f3\u017cnorodnymi materia\u0142ami, w tym akrylem, drewnem, sk\u00f3r\u0105, a nawet powierzchniami zakrzywionymi. P2S to doskona\u0142y wyb\u00f3r dla tych, kt\u00f3rzy poszukuj\u0105 narz\u0119dzia o profesjonalnej wydajno\u015bci i wszechstronno\u015bci w kompaktowym rozmiarze. Dodatkowo do urz\u0105dzenia jest do\u0142\u0105czony zestaw przeciwpo\u017carowy xTool, kt\u00f3ry zapobiegnie niechcianym wypadkom podczas pracy.<\/p>\n<p>\n<img decoding=\"async\" src=\"https:\/\/assets.innpro.pl\/11954\/14163\/8 \u2014 kopia.jpg\" border=\"0\" \/>\n<\/p>\n<h3>Moc 55W i szybko\u015b\u0107 pracy<\/h3>\n<p>Z u\u017cyciem 55-watowego lasera CO\u2082, xTool P2S mo\u017ce ci\u0105\u0107 materia\u0142y z pr\u0119dko\u015bci\u0105 do 600 mm\/s, co sprawia, \u017ce jest nawet 500% szybszy ni\u017c standardowe lasery diodowe. Doskonale radzi sobie z ci\u0119ciem materia\u0142\u00f3w takich jak 20 mm przezroczysty akryl czy 18 mm drewno orzechowe w jednym przej\u015bciu. Niezale\u017cnie od projektu, wydajno\u015b\u0107 i precyzja grawerki pozwol\u0105 na szybkie wykonanie nawet najbardziej wymagaj\u0105cych zada\u0144.<\/p>\n<p>\n<img decoding=\"async\" src=\"https:\/\/assets.innpro.pl\/11954\/14163\/7 \u2014 kopia.jpg\" border=\"0\" \/>\n<\/p>\n<h3>Technologia AutoPassthrough\u2122 dla d\u0142ugich materia\u0142\u00f3w<\/h3>\n<p>Z funkcj\u0105 AutoPassthrough\u2122 mo\u017cesz przetwarza\u0107 materia\u0142y o d\u0142ugo\u015bci do 300 cm. To idealne rozwi\u0105zanie dla projekt\u00f3w wymagaj\u0105cych pracy z du\u017cymi arkuszami czy d\u0142ugimi elementami. System zapewnia automatyczne i precyzyjne podawanie materia\u0142\u00f3w, eliminuj\u0105c potrzeb\u0119 r\u0119cznego pozycjonowania.<\/p>\n<p>\n<img decoding=\"async\" src=\"https:\/\/assets.innpro.pl\/11954\/14163\/3 \u2014 kopia.jpg\" border=\"0\" \/>\n<\/p>\n<h3>Dual HD kamera i precyzyjne pozycjonowanie<\/h3>\n<p>Wyposa\u017cony w podw\u00f3jny system kamer o rozdzielczo\u015bci 16 MP, xTool P2S zapewnia wyj\u0105tkow\u0105 dok\u0142adno\u015b\u0107 pozycjonowania. Technologia ta pozwala na podgl\u0105d projektu w czasie rzeczywistym, a tak\u017ce umo\u017cliwia precyzyjne umieszczanie wzor\u00f3w na najmniejszych obiektach. Dzi\u0119ki temu ryzyko b\u0142\u0119d\u00f3w jest minimalne, a ka\u017cdy projekt wykonany jest z najwy\u017csz\u0105 staranno\u015bci\u0105.<\/p>\n<p>\n<img decoding=\"async\" src=\"https:\/\/assets.innpro.pl\/11954\/14163\/1 \u2014 kopia.jpg\" border=\"0\" \/>\n<\/p>\n<h3>Grawerowanie na zakrzywionych powierzchniach<\/h3>\n<p>Technologia 3D Curve\u2122 Engraving pozwala na bezproblemowe grawerowanie na powierzchniach zakrzywionych. Tworzenie tr\u00f3jwymiarowych wzor\u00f3w na r\u00f3\u017cnych materia\u0142ach staje si\u0119 proste i intuicyjne, co otwiera nowe mo\u017cliwo\u015bci dla kreatywnych projekt\u00f3w, takich jak grawerowanie na butelkach, kubkach czy ozdobach o nietypowych kszta\u0142tach.<\/p>\n<p>\n<img decoding=\"async\" src=\"https:\/\/assets.innpro.pl\/11954\/14163\/2 \u2014 kopia.jpg\" border=\"0\" \/>\n<\/p>\n<h3>Bezpiecze\u0144stwo i \u0142atwa obs\u0142uga<\/h3>\n<p>xTool P2S stawia na bezpiecze\u0144stwo u\u017cytkownika dzi\u0119ki funkcjom takim jak automatyczny zamek, przycisk awaryjnego zatrzymania oraz system ostrze\u017ce\u0144 wielopoziomowych. Konstrukcja z zamkni\u0119t\u0105 obudow\u0105 i systemem filtracji dymu zapewnia bezpieczn\u0105 prac\u0119 nawet w ma\u0142ych pomieszczeniach. Dodatkowo system ch\u0142odzenia wodnego i \u0142atwy w obs\u0142udze interfejs sprawiaj\u0105, \u017ce urz\u0105dzenie jest przyjazne zar\u00f3wno dla pocz\u0105tkuj\u0105cych, jak i zaawansowanych u\u017cytkownik\u00f3w. Opr\u00f3cz tego do\u0142\u0105czony zestaw przeciwpo\u017carowy pomo\u017ce Ci w razie zap\u0142onu materia\u0142u.<\/p>\n<p>\n<img decoding=\"async\" src=\"https:\/\/assets.innpro.pl\/11954\/14163\/5 \u2014 kopia.jpg\" border=\"0\" \/>\n<\/p>\n<h3>Idealny partner biznesowy<\/h3>\n<p>xTool P2S, w po\u0142\u0105czeniu z innymi urz\u0105dzeniami z serii xTool, jak np. F1 Ultra, tworzy doskona\u0142y zestaw dla efektywnego przetwarzania wi\u0119kszych zlece\u0144. Przy pomocy zaawansowanych funkcji, takich jak AI do automatycznego projektowania, mo\u017cesz \u0142atwo dostosowa\u0107 produkcj\u0119 do potrzeb klient\u00f3w, zwi\u0119kszaj\u0105c wydajno\u015b\u0107 i jako\u015b\u0107 swoich wyrob\u00f3w.<\/p>\n<p>\n<img decoding=\"async\" src=\"https:\/\/assets.innpro.pl\/11954\/14163\/4 \u2014 kopia.jpg\" border=\"0\" \/>\n<\/p>\n<h3>W zestawie<\/h3>\n<ul class=\"list-disc pl-5\">\n<li>Grawerka laserowa P2S x1<\/li>\n<li>Zestaw przeciwpo\u017carowy x1<\/li>\n<\/ul>\n<div class=\"table-wrapper\">\n<p>\u00a0<\/p>\n<h3><\/h3>\n<table>\n<tbody>\n<tr>\n<th>Producent<\/th>\n<td>xTool<\/td>\n<\/tr>\n<tr>\n<th>Model<\/th>\n<td>P2S-GY<\/td>\n<\/tr>\n<tr>\n<th>Rozmiar sto\u0142u<\/th>\n<td>680x360mm<\/td>\n<\/tr>\n<tr>\n<th>Przestrze\u0144 robocza<\/th>\n<td>600\u00d7305 mm<\/td>\n<\/tr>\n<tr>\n<th>Moc lasera<\/th>\n<td>Laser CO\u2082 o mocy 55 W<\/td>\n<\/tr>\n<tr>\n<th>Rozmiar produktu<\/th>\n<td>1000\u00d7639\u00d7268mm<\/td>\n<\/tr>\n<tr>\n<th>Waga produktu<\/th>\n<td>45 kg<\/td>\n<\/tr>\n<tr>\n<th>Maks. Pr\u0119dko\u015b\u0107 robocza<\/th>\n<td>600 mm\/s (przyspieszenie osi X 6400 mm\/s\u00b2)<\/td>\n<\/tr>\n<tr>\n<th>Maks. Wysoko\u015b\u0107 obrabianego przedmiotu<\/th>\n<td>Z tac\u0105 64 mm, Bez tacy 71 mm, Z podstaw\u0105 pionow\u0105 215 mm<\/td>\n<\/tr>\n<tr>\n<th>\u015arednica grawerowania obrotowego<\/th>\n<td>Z podstawk\u0105 0-180 mm, bez podstawki 3-50 mm<\/td>\n<\/tr>\n<tr>\n<th>Ruch w osi Z<\/th>\n<td>75 mm<\/td>\n<\/tr>\n<tr>\n<th>Temperatura otoczenia podczas pracy<\/th>\n<td>10-30\u00b0C *Je\u015bli temperatura spadnie poni\u017cej 10\u00b0C, nale\u017cy doda\u0107 \u015brodek przeciw zamarzaniu zgodnie z instrukcj\u0105 obs\u0142ugi.<\/td>\n<\/tr>\n<tr>\n<th>Temperatura przechowywania<\/th>\n<td>10-45\u00b0C<\/td>\n<\/tr>\n<tr>\n<th>Wspomaganie powietrzem<\/th>\n<td>200 kPa (dwa cylindry)<\/td>\n<\/tr>\n<tr>\n<th>Wentylator wyci\u0105gowy<\/th>\n<td>233,3 CFM (podw\u00f3jne \u0142opatki 14 000 RPM)<\/td>\n<\/tr>\n<tr>\n<th>Optyczny wska\u017anik \u015bcie\u017cki<\/th>\n<td>W zestawie<\/td>\n<\/tr>\n<tr>\n<th>Codzienna konserwacja<\/th>\n<td>Przycisk szybkiego zwalniania wentylatora, magnetyczny ekran filtra, odporne na b\u0142\u0119dy lustro laserowe<\/td>\n<\/tr>\n<tr>\n<th>System ch\u0142odzenia wod\u0105<\/th>\n<td>Pojemno\u015b\u0107: 1,4 l<\/td>\n<\/tr>\n<tr>\n<th>System pomiaru odleg\u0142o\u015bci<\/th>\n<td>System odleg\u0142o\u015bci LiDAR (precyzja przetwarzania \uff1a 0,01 mm)<\/td>\n<\/tr>\n<tr>\n<th>Typ kamery<\/th>\n<td>Kamera panoramiczna + kamera bliskiego zasi\u0119gu<\/td>\n<\/tr>\n<tr>\n<th>Liczba pikseli (efektywna)<\/th>\n<td>16 MP\u00d72<\/td>\n<\/tr>\n<tr>\n<th>Precyzja widzenia<\/th>\n<td>0,3 mm<\/td>\n<\/tr>\n<tr>\n<th>Rozdzielczo\u015b\u0107 obrazu<\/th>\n<td>1000 DPI<\/td>\n<\/tr>\n<tr>\n<th>Tryb ostro\u015bci<\/th>\n<td>Autofokus<\/td>\n<\/tr>\n<tr>\n<th>Oprogramowanie<\/th>\n<td>xTool Creative Space \/ Lightburn<\/td>\n<\/tr>\n<tr>\n<th>Po\u0142\u0105czenie<\/th>\n<td>WiFi i USB<\/td>\n<\/tr>\n<tr>\n<th>Obs\u0142uga plik\u00f3w<\/th>\n<td>SVG \/ DXF \/ JPG \/ JPEG \/ PNG \/ BMP itp.<\/td>\n<\/tr>\n<tr>\n<th>Systemy wsparcia<\/th>\n<td>Android \/ iOS \/ iPad \/ Windows \/ macOS<\/td>\n<\/tr>\n<\/tbody>\n<\/table>\n<\/div>\n","protected":false},"excerpt":{"rendered":"<p>Grawerka laserowa 2w1 xTool P2S (szara) xTool P2S to zaawansowana grawerka laserowa 2w1, \u0142\u0105cz\u0105ca mocny 55-watowy laser CO\u2082 z szerokim<\/p>\n","protected":false},"featured_media":46673,"comment_status":"closed","ping_status":"open","template":"","meta":{"_acf_changed":false},"product_brand":[],"product_cat":[6218,6217,6219],"product_tag":[],"class_list":{"0":"post-60023","1":"product","2":"type-product","3":"status-publish","4":"has-post-thumbnail","6":"product_cat-grawerki-i-wycinarki-laserowe","7":"product_cat-technologie-kreatywne","8":"product_cat-urzadzenia","9":"pa_okres-gwarancji-5757","10":"pa_producent-xtool","12":"first","13":"outofstock","14":"taxable","15":"shipping-taxable","16":"purchasable","17":"product-type-simple"},"acf":[],"yoast_head":"<!-- This site is optimized with the Yoast SEO plugin v27.2 - https:\/\/yoast.com\/product\/yoast-seo-wordpress\/ -->\n<title>Grawerka laserowa 2w1 xTool P2S (szara) - IRONSKY.PL Sklep z Dronami<\/title>\n<meta name=\"description\" content=\"Grawerka laserowa 2w1 xTool P2S (szara) - \u2705 sklep z dronami i fachowym doradztwem. \u2705 Tutaj kupisz produkty DJI, Yuneec, Parrot, Syma i wiele innych, a tak\u017ce kursy i licencje na operatora drona.\" \/>\n<meta name=\"robots\" content=\"index, follow, max-snippet:-1, max-image-preview:large, max-video-preview:-1\" \/>\n<link rel=\"canonical\" href=\"https:\/\/ironsky.pl\/sklep\/produkt\/grawerka-laserowa-2w1-xtool-p2s-szara-2\/\" \/>\n<meta property=\"og:locale\" content=\"pl_PL\" \/>\n<meta property=\"og:type\" content=\"article\" \/>\n<meta property=\"og:title\" content=\"Grawerka laserowa 2w1 xTool P2S (szara) - IRONSKY.PL Sklep z Dronami\" \/>\n<meta property=\"og:description\" content=\"Grawerka laserowa 2w1 xTool P2S (szara) - \u2705 sklep z dronami i fachowym doradztwem. \u2705 Tutaj kupisz produkty DJI, Yuneec, Parrot, Syma i wiele innych, a tak\u017ce kursy i licencje na operatora drona.\" \/>\n<meta property=\"og:url\" content=\"https:\/\/ironsky.pl\/sklep\/produkt\/grawerka-laserowa-2w1-xtool-p2s-szara-2\/\" \/>\n<meta property=\"og:site_name\" content=\"IRONSKY.PL Sklep z Dronami\" \/>\n<meta property=\"article:modified_time\" content=\"2026-04-15T08:54:50+00:00\" \/>\n<meta property=\"og:image\" content=\"https:\/\/ironsky.pl\/sklep\/wp-content\/uploads\/2025\/06\/49354_2.jpg\" \/>\n\t<meta property=\"og:image:width\" content=\"800\" \/>\n\t<meta property=\"og:image:height\" content=\"800\" \/>\n\t<meta property=\"og:image:type\" content=\"image\/jpeg\" \/>\n<meta name=\"twitter:card\" content=\"summary_large_image\" \/>\n<meta name=\"twitter:label1\" content=\"Szacowany czas czytania\" \/>\n\t<meta name=\"twitter:data1\" content=\"3 minuty\" \/>\n<script type=\"application\/ld+json\" class=\"yoast-schema-graph\">{\"@context\":\"https:\/\/schema.org\",\"@graph\":[{\"@type\":\"WebPage\",\"@id\":\"https:\/\/ironsky.pl\/sklep\/produkt\/grawerka-laserowa-2w1-xtool-p2s-szara-2\/\",\"url\":\"https:\/\/ironsky.pl\/sklep\/produkt\/grawerka-laserowa-2w1-xtool-p2s-szara-2\/\",\"name\":\"Grawerka laserowa 2w1 xTool P2S (szara) - IRONSKY.PL Sklep z Dronami\",\"isPartOf\":{\"@id\":\"https:\/\/ironsky.pl\/sklep\/#website\"},\"primaryImageOfPage\":{\"@id\":\"https:\/\/ironsky.pl\/sklep\/produkt\/grawerka-laserowa-2w1-xtool-p2s-szara-2\/#primaryimage\"},\"image\":{\"@id\":\"https:\/\/ironsky.pl\/sklep\/produkt\/grawerka-laserowa-2w1-xtool-p2s-szara-2\/#primaryimage\"},\"thumbnailUrl\":\"https:\/\/ironsky.pl\/sklep\/wp-content\/uploads\/2025\/06\/49354_2.jpg\",\"datePublished\":\"2026-04-15T08:54:34+00:00\",\"dateModified\":\"2026-04-15T08:54:50+00:00\",\"description\":\"Grawerka laserowa 2w1 xTool P2S (szara) - \u2705 sklep z dronami i fachowym doradztwem. \u2705 Tutaj kupisz produkty DJI, Yuneec, Parrot, Syma i wiele innych, a tak\u017ce kursy i licencje na operatora drona.\",\"breadcrumb\":{\"@id\":\"https:\/\/ironsky.pl\/sklep\/produkt\/grawerka-laserowa-2w1-xtool-p2s-szara-2\/#breadcrumb\"},\"inLanguage\":\"pl-PL\",\"potentialAction\":[{\"@type\":\"ReadAction\",\"target\":[\"https:\/\/ironsky.pl\/sklep\/produkt\/grawerka-laserowa-2w1-xtool-p2s-szara-2\/\"]}]},{\"@type\":\"ImageObject\",\"inLanguage\":\"pl-PL\",\"@id\":\"https:\/\/ironsky.pl\/sklep\/produkt\/grawerka-laserowa-2w1-xtool-p2s-szara-2\/#primaryimage\",\"url\":\"https:\/\/ironsky.pl\/sklep\/wp-content\/uploads\/2025\/06\/49354_2.jpg\",\"contentUrl\":\"https:\/\/ironsky.pl\/sklep\/wp-content\/uploads\/2025\/06\/49354_2.jpg\",\"width\":800,\"height\":800},{\"@type\":\"BreadcrumbList\",\"@id\":\"https:\/\/ironsky.pl\/sklep\/produkt\/grawerka-laserowa-2w1-xtool-p2s-szara-2\/#breadcrumb\",\"itemListElement\":[{\"@type\":\"ListItem\",\"position\":1,\"name\":\"Strona g\u0142\u00f3wna\",\"item\":\"https:\/\/ironsky.pl\/sklep\/\"},{\"@type\":\"ListItem\",\"position\":2,\"name\":\"Wszystkie produkty\",\"item\":\"https:\/\/ironsky.pl\/sklep\/produkty\/\"},{\"@type\":\"ListItem\",\"position\":3,\"name\":\"Grawerka laserowa 2w1 xTool P2S (szara)\"}]},{\"@type\":\"WebSite\",\"@id\":\"https:\/\/ironsky.pl\/sklep\/#website\",\"url\":\"https:\/\/ironsky.pl\/sklep\/\",\"name\":\"IRONSKY.PL Sklep z Dronami\",\"description\":\"IRONSKY.PL Sklep z Dronami\",\"potentialAction\":[{\"@type\":\"SearchAction\",\"target\":{\"@type\":\"EntryPoint\",\"urlTemplate\":\"https:\/\/ironsky.pl\/sklep\/?s={search_term_string}\"},\"query-input\":{\"@type\":\"PropertyValueSpecification\",\"valueRequired\":true,\"valueName\":\"search_term_string\"}}],\"inLanguage\":\"pl-PL\"}]}<\/script>\n<!-- \/ Yoast SEO plugin. -->","yoast_head_json":{"title":"Grawerka laserowa 2w1 xTool P2S (szara) - IRONSKY.PL Sklep z Dronami","description":"Grawerka laserowa 2w1 xTool P2S (szara) - \u2705 sklep z dronami i fachowym doradztwem. \u2705 Tutaj kupisz produkty DJI, Yuneec, Parrot, Syma i wiele innych, a tak\u017ce kursy i licencje na operatora drona.","robots":{"index":"index","follow":"follow","max-snippet":"max-snippet:-1","max-image-preview":"max-image-preview:large","max-video-preview":"max-video-preview:-1"},"canonical":"https:\/\/ironsky.pl\/sklep\/produkt\/grawerka-laserowa-2w1-xtool-p2s-szara-2\/","og_locale":"pl_PL","og_type":"article","og_title":"Grawerka laserowa 2w1 xTool P2S (szara) - IRONSKY.PL Sklep z Dronami","og_description":"Grawerka laserowa 2w1 xTool P2S (szara) - \u2705 sklep z dronami i fachowym doradztwem. \u2705 Tutaj kupisz produkty DJI, Yuneec, Parrot, Syma i wiele innych, a tak\u017ce kursy i licencje na operatora drona.","og_url":"https:\/\/ironsky.pl\/sklep\/produkt\/grawerka-laserowa-2w1-xtool-p2s-szara-2\/","og_site_name":"IRONSKY.PL Sklep z Dronami","article_modified_time":"2026-04-15T08:54:50+00:00","og_image":[{"width":800,"height":800,"url":"https:\/\/ironsky.pl\/sklep\/wp-content\/uploads\/2025\/06\/49354_2.jpg","type":"image\/jpeg"}],"twitter_card":"summary_large_image","twitter_misc":{"Szacowany czas czytania":"3 minuty"},"schema":{"@context":"https:\/\/schema.org","@graph":[{"@type":"WebPage","@id":"https:\/\/ironsky.pl\/sklep\/produkt\/grawerka-laserowa-2w1-xtool-p2s-szara-2\/","url":"https:\/\/ironsky.pl\/sklep\/produkt\/grawerka-laserowa-2w1-xtool-p2s-szara-2\/","name":"Grawerka laserowa 2w1 xTool P2S (szara) - IRONSKY.PL Sklep z Dronami","isPartOf":{"@id":"https:\/\/ironsky.pl\/sklep\/#website"},"primaryImageOfPage":{"@id":"https:\/\/ironsky.pl\/sklep\/produkt\/grawerka-laserowa-2w1-xtool-p2s-szara-2\/#primaryimage"},"image":{"@id":"https:\/\/ironsky.pl\/sklep\/produkt\/grawerka-laserowa-2w1-xtool-p2s-szara-2\/#primaryimage"},"thumbnailUrl":"https:\/\/ironsky.pl\/sklep\/wp-content\/uploads\/2025\/06\/49354_2.jpg","datePublished":"2026-04-15T08:54:34+00:00","dateModified":"2026-04-15T08:54:50+00:00","description":"Grawerka laserowa 2w1 xTool P2S (szara) - \u2705 sklep z dronami i fachowym doradztwem. \u2705 Tutaj kupisz produkty DJI, Yuneec, Parrot, Syma i wiele innych, a tak\u017ce kursy i licencje na operatora drona.","breadcrumb":{"@id":"https:\/\/ironsky.pl\/sklep\/produkt\/grawerka-laserowa-2w1-xtool-p2s-szara-2\/#breadcrumb"},"inLanguage":"pl-PL","potentialAction":[{"@type":"ReadAction","target":["https:\/\/ironsky.pl\/sklep\/produkt\/grawerka-laserowa-2w1-xtool-p2s-szara-2\/"]}]},{"@type":"ImageObject","inLanguage":"pl-PL","@id":"https:\/\/ironsky.pl\/sklep\/produkt\/grawerka-laserowa-2w1-xtool-p2s-szara-2\/#primaryimage","url":"https:\/\/ironsky.pl\/sklep\/wp-content\/uploads\/2025\/06\/49354_2.jpg","contentUrl":"https:\/\/ironsky.pl\/sklep\/wp-content\/uploads\/2025\/06\/49354_2.jpg","width":800,"height":800},{"@type":"BreadcrumbList","@id":"https:\/\/ironsky.pl\/sklep\/produkt\/grawerka-laserowa-2w1-xtool-p2s-szara-2\/#breadcrumb","itemListElement":[{"@type":"ListItem","position":1,"name":"Strona g\u0142\u00f3wna","item":"https:\/\/ironsky.pl\/sklep\/"},{"@type":"ListItem","position":2,"name":"Wszystkie produkty","item":"https:\/\/ironsky.pl\/sklep\/produkty\/"},{"@type":"ListItem","position":3,"name":"Grawerka laserowa 2w1 xTool P2S (szara)"}]},{"@type":"WebSite","@id":"https:\/\/ironsky.pl\/sklep\/#website","url":"https:\/\/ironsky.pl\/sklep\/","name":"IRONSKY.PL Sklep z Dronami","description":"IRONSKY.PL Sklep z Dronami","potentialAction":[{"@type":"SearchAction","target":{"@type":"EntryPoint","urlTemplate":"https:\/\/ironsky.pl\/sklep\/?s={search_term_string}"},"query-input":{"@type":"PropertyValueSpecification","valueRequired":true,"valueName":"search_term_string"}}],"inLanguage":"pl-PL"}]}},"_links":{"self":[{"href":"https:\/\/ironsky.pl\/sklep\/wp-json\/wp\/v2\/product\/60023","targetHints":{"allow":["GET"]}}],"collection":[{"href":"https:\/\/ironsky.pl\/sklep\/wp-json\/wp\/v2\/product"}],"about":[{"href":"https:\/\/ironsky.pl\/sklep\/wp-json\/wp\/v2\/types\/product"}],"replies":[{"embeddable":true,"href":"https:\/\/ironsky.pl\/sklep\/wp-json\/wp\/v2\/comments?post=60023"}],"wp:featuredmedia":[{"embeddable":true,"href":"https:\/\/ironsky.pl\/sklep\/wp-json\/wp\/v2\/media\/46673"}],"wp:attachment":[{"href":"https:\/\/ironsky.pl\/sklep\/wp-json\/wp\/v2\/media?parent=60023"}],"wp:term":[{"taxonomy":"product_brand","embeddable":true,"href":"https:\/\/ironsky.pl\/sklep\/wp-json\/wp\/v2\/product_brand?post=60023"},{"taxonomy":"product_cat","embeddable":true,"href":"https:\/\/ironsky.pl\/sklep\/wp-json\/wp\/v2\/product_cat?post=60023"},{"taxonomy":"product_tag","embeddable":true,"href":"https:\/\/ironsky.pl\/sklep\/wp-json\/wp\/v2\/product_tag?post=60023"}],"curies":[{"name":"wp","href":"https:\/\/api.w.org\/{rel}","templated":true}]}}