{"id":60014,"date":"2026-04-15T10:54:34","date_gmt":"2026-04-15T08:54:34","guid":{"rendered":"https:\/\/ironsky.pl\/sklep\/produkt\/teleskop-unistellar-evscope-2-2\/"},"modified":"2026-04-15T10:54:40","modified_gmt":"2026-04-15T08:54:40","slug":"teleskop-unistellar-evscope-2-2","status":"publish","type":"product","link":"https:\/\/ironsky.pl\/sklep\/produkt\/teleskop-unistellar-evscope-2-2\/","title":{"rendered":"Teleskop UNISTELLAR eVscope 2"},"content":{"rendered":"<h3>Teleskop Unistellar eVscope 2<\/h3>\n<p>Teleskop Unistellar eVscope 2 to po\u0142\u0105czenie mocy i szybko\u015bci z eksperck\u0105 optyk\u0105, kt\u00f3re zapewnia najbardziej immersyjne doznania eksploracji kosmosu. Dzi\u0119ki wsp\u00f3\u0142pracy z Nikonem eVscope 2 oferuje niesamowit\u0105 rozdzielczo\u015b\u0107 7,7 Mpx, co pozwala cieszy\u0107 si\u0119 wyra\u017anymi obrazami przestrzeni kosmicznej w niezwyk\u0142ej jako\u015bci. To wszystko w jednym inteligentnym teleskopie, kt\u00f3rym mo\u017cesz sterowa\u0107 z poziomu dedykowanej aplikacji na urz\u0105dzenia iOS i Android. Wystarczy minuta, by odkry\u0107 ponad 5000 obiekt\u00f3w g\u0142\u0119bokiego nieba w kolorze, nawet w warunkach miejskiego zanieczyszczenia \u015bwiat\u0142em.<\/p>\n<p>\n<img decoding=\"async\" src=\"https:\/\/assets.innpro.pl\/11789\/13961\/5.jpg\" border=\"0\" \/>\n<\/p>\n<h3>Zaawansowana technologia, profesjonalna jako\u015b\u0107<\/h3>\n<p>Unistellar eVscope 2 to teleskop wyposa\u017cony w elektroniczny okular opracowany przez ekspert\u00f3w Nikona, kt\u00f3ry zapewnia idealn\u0105 jako\u015b\u0107 optyczn\u0105, kontrast obrazu oraz wygod\u0119 u\u017cytkowania. Zastosowanie technologii Super Resolution oraz systemu Enhanced Vision pozwala na uzyskanie obraz\u00f3w o najwy\u017cszej mo\u017cliwej ostro\u015bci. Sensor o ulepszonej rozdzielczo\u015bci, dostosowany do pracy w s\u0142abym o\u015bwietleniu, zapewnia szerokie pole widzenia, co idealnie nadaje si\u0119 do obserwacji wi\u0119kszych obiekt\u00f3w kosmicznych.<\/p>\n<p>\n<img decoding=\"async\" src=\"https:\/\/assets.innpro.pl\/11789\/13961\/3.jpg\" border=\"0\" \/>\n<\/p>\n<h3>Przeno\u015bny i \u0142atwy w obs\u0142udze<\/h3>\n<p>Kompaktowy i lekki teleskop eVscope 2 jest gotowy do dzia\u0142ania w ci\u0105gu zaledwie minuty. Dzi\u0119ki dedykowanemu plecakowi transportowemu (sprzedawany oddzielnie) mo\u017cesz zabra\u0107 go ze sob\u0105 wsz\u0119dzie i odkrywa\u0107 wszech\u015bwiat nawet w warunkach du\u017cego zanieczyszczenia \u015bwiat\u0142em. Wbudowany akumulator o 10-godzinnej autonomii oraz inteligentny komputer pok\u0142adowy z oprogramowaniem do precyzyjnego namierzania i \u015bledzenia obiekt\u00f3w sprawiaj\u0105, \u017ce ka\u017cda obserwacja jest niezwykle prosta i przyjemna.<\/p>\n<p>\n<img decoding=\"async\" src=\"https:\/\/assets.innpro.pl\/11789\/13961\/4.jpg\" border=\"0\" \/>\n<\/p>\n<h3>Do\u0142\u0105cz do globalnej spo\u0142eczno\u015bci astronom\u00f3w amator\u00f3w<\/h3>\n<p>Unistellar eVscope 2 to nie tylko teleskop \u2014 to tak\u017ce bilet do najwi\u0119kszej spo\u0142eczno\u015bci astronom\u00f3w amator\u00f3w na \u015bwiecie. Dzi\u0119ki trybowi nauki kosmicznej mo\u017cesz bra\u0107 udzia\u0142 w kampaniach zbierania danych na rzecz odkry\u0107 naukowych, wsp\u00f3\u0142pracuj\u0105c z innymi mi\u0142o\u015bnikami astronomii. Inteligentna redukcja zanieczyszczenia \u015bwiat\u0142em i autonomiczne wykrywanie pola u\u0142atwiaj\u0105 ka\u017cd\u0105 sesj\u0119 obserwacyjn\u0105, bez wzgl\u0119du na miejsce, w kt\u00f3rym si\u0119 znajdujesz. Z teleskopem Unistellar eVscope 2 ca\u0142y wszech\u015bwiat staje si\u0119 na wyci\u0105gni\u0119cie r\u0119ki.<\/p>\n<p>\n<img decoding=\"async\" src=\"https:\/\/assets.innpro.pl\/11789\/13961\/7.jpg\" border=\"0\" \/>\n<\/p>\n<div class=\"table-wrapper\">\n<p>\u00a0<\/p>\n<h3><\/h3>\n<table>\n<tbody>\n<tr>\n<th>Producent<\/th>\n<td>Unistellar <\/td>\n<\/tr>\n<tr>\n<th>Model<\/th>\n<td>eVscope 2<\/td>\n<\/tr>\n<tr>\n<th>Rozdzielczo\u015b\u0107 obrazu<\/th>\n<td>7.7 Mpx<\/td>\n<\/tr>\n<tr>\n<th>Pole widzenia<\/th>\n<td>34 x 47 arcmin<\/td>\n<\/tr>\n<tr>\n<th>Warto\u015b\u0107 graniczna<\/th>\n<td>18.2<\/td>\n<\/tr>\n<tr>\n<th>\u015arednica lustra<\/th>\n<td>114 Mm<\/td>\n<\/tr>\n<tr>\n<th>Systemy \u015bledzenia<\/th>\n<td>Alt-Az<\/td>\n<\/tr>\n<tr>\n<th>Stosunek ogniskowej<\/th>\n<td>f\/4<\/td>\n<\/tr>\n<tr>\n<th>D\u0142ugo\u015b\u0107 ogniskowej<\/th>\n<td>450 mm<\/td>\n<\/tr>\n<tr>\n<th>Monta\u017c<\/th>\n<td>Zmotoryzowany Alt-Az<\/td>\n<\/tr>\n<tr>\n<th>Czas pracy akumulatora<\/th>\n<td>9 godzin<\/td>\n<\/tr>\n<tr>\n<th>Waga<\/th>\n<td>9 kg<\/td>\n<\/tr>\n<tr>\n<th>Pr\u0119dko\u015bci ruchu<\/th>\n<td>Maks. 4\u00b0\/sek.<\/td>\n<\/tr>\n<tr>\n<th>D\u0142ugo\u015b\u0107 tuby optycznej<\/th>\n<td>549 mm<\/td>\n<\/tr>\n<tr>\n<th>\u015arednica tuby optycznej<\/th>\n<td>144 mm<\/td>\n<\/tr>\n<tr>\n<th>Pami\u0119\u0107<\/th>\n<td>64 GB<\/td>\n<\/tr>\n<tr>\n<th>Mo\u017cliwo\u015bci obserwacyjne<\/th>\n<td>Planety i obiekty g\u0142\u0119bokiego nieba &#8211; tak; Baza danych obiekt\u00f3w niebieskich &#8211; ponad 5000 obiekt\u00f3w; Baza danych gwiazd &#8211; 37 milion\u00f3w<\/td>\n<\/tr>\n<\/tbody>\n<\/table>\n<\/div>\n","protected":false},"excerpt":{"rendered":"<p>Teleskop Unistellar eVscope 2 Teleskop Unistellar eVscope 2 to po\u0142\u0105czenie mocy i szybko\u015bci z eksperck\u0105 optyk\u0105, kt\u00f3re zapewnia najbardziej immersyjne<\/p>\n","protected":false},"featured_media":46642,"comment_status":"closed","ping_status":"open","template":"","meta":{"_acf_changed":false},"product_brand":[],"product_cat":[5937,6040],"product_tag":[],"class_list":{"0":"post-60014","1":"product","2":"type-product","3":"status-publish","4":"has-post-thumbnail","6":"product_cat-outdoor","7":"product_cat-teleskopy","8":"pa_okres-gwarancji-5757","9":"pa_producent-unistellar","11":"first","12":"outofstock","13":"taxable","14":"shipping-taxable","15":"purchasable","16":"product-type-simple"},"acf":[],"yoast_head":"<!-- This site is optimized with the Yoast SEO plugin v27.2 - https:\/\/yoast.com\/product\/yoast-seo-wordpress\/ -->\n<title>Teleskop UNISTELLAR eVscope 2 - IRONSKY.PL Sklep z Dronami<\/title>\n<meta name=\"description\" content=\"Teleskop UNISTELLAR eVscope 2 - \u2705 sklep z dronami i fachowym doradztwem. \u2705 Tutaj kupisz produkty DJI, Yuneec, Parrot, Syma i wiele innych, a tak\u017ce kursy i licencje na operatora drona.\" \/>\n<meta name=\"robots\" content=\"index, follow, max-snippet:-1, max-image-preview:large, max-video-preview:-1\" \/>\n<link rel=\"canonical\" href=\"https:\/\/ironsky.pl\/sklep\/produkt\/teleskop-unistellar-evscope-2-2\/\" \/>\n<meta property=\"og:locale\" content=\"pl_PL\" \/>\n<meta property=\"og:type\" content=\"article\" \/>\n<meta property=\"og:title\" content=\"Teleskop UNISTELLAR eVscope 2 - IRONSKY.PL Sklep z Dronami\" \/>\n<meta property=\"og:description\" content=\"Teleskop UNISTELLAR eVscope 2 - \u2705 sklep z dronami i fachowym doradztwem. \u2705 Tutaj kupisz produkty DJI, Yuneec, Parrot, Syma i wiele innych, a tak\u017ce kursy i licencje na operatora drona.\" \/>\n<meta property=\"og:url\" content=\"https:\/\/ironsky.pl\/sklep\/produkt\/teleskop-unistellar-evscope-2-2\/\" \/>\n<meta property=\"og:site_name\" content=\"IRONSKY.PL Sklep z Dronami\" \/>\n<meta property=\"article:modified_time\" content=\"2026-04-15T08:54:40+00:00\" \/>\n<meta property=\"og:image\" content=\"https:\/\/ironsky.pl\/sklep\/wp-content\/uploads\/2025\/06\/49177_1.jpg\" \/>\n\t<meta property=\"og:image:width\" content=\"800\" \/>\n\t<meta property=\"og:image:height\" content=\"800\" \/>\n\t<meta property=\"og:image:type\" content=\"image\/jpeg\" \/>\n<meta name=\"twitter:card\" content=\"summary_large_image\" \/>\n<meta name=\"twitter:label1\" content=\"Szacowany czas czytania\" \/>\n\t<meta name=\"twitter:data1\" content=\"2 minuty\" \/>\n<script type=\"application\/ld+json\" class=\"yoast-schema-graph\">{\"@context\":\"https:\/\/schema.org\",\"@graph\":[{\"@type\":\"WebPage\",\"@id\":\"https:\/\/ironsky.pl\/sklep\/produkt\/teleskop-unistellar-evscope-2-2\/\",\"url\":\"https:\/\/ironsky.pl\/sklep\/produkt\/teleskop-unistellar-evscope-2-2\/\",\"name\":\"Teleskop UNISTELLAR eVscope 2 - IRONSKY.PL Sklep z Dronami\",\"isPartOf\":{\"@id\":\"https:\/\/ironsky.pl\/sklep\/#website\"},\"primaryImageOfPage\":{\"@id\":\"https:\/\/ironsky.pl\/sklep\/produkt\/teleskop-unistellar-evscope-2-2\/#primaryimage\"},\"image\":{\"@id\":\"https:\/\/ironsky.pl\/sklep\/produkt\/teleskop-unistellar-evscope-2-2\/#primaryimage\"},\"thumbnailUrl\":\"https:\/\/ironsky.pl\/sklep\/wp-content\/uploads\/2025\/06\/49177_1.jpg\",\"datePublished\":\"2026-04-15T08:54:34+00:00\",\"dateModified\":\"2026-04-15T08:54:40+00:00\",\"description\":\"Teleskop UNISTELLAR eVscope 2 - \u2705 sklep z dronami i fachowym doradztwem. \u2705 Tutaj kupisz produkty DJI, Yuneec, Parrot, Syma i wiele innych, a tak\u017ce kursy i licencje na operatora drona.\",\"breadcrumb\":{\"@id\":\"https:\/\/ironsky.pl\/sklep\/produkt\/teleskop-unistellar-evscope-2-2\/#breadcrumb\"},\"inLanguage\":\"pl-PL\",\"potentialAction\":[{\"@type\":\"ReadAction\",\"target\":[\"https:\/\/ironsky.pl\/sklep\/produkt\/teleskop-unistellar-evscope-2-2\/\"]}]},{\"@type\":\"ImageObject\",\"inLanguage\":\"pl-PL\",\"@id\":\"https:\/\/ironsky.pl\/sklep\/produkt\/teleskop-unistellar-evscope-2-2\/#primaryimage\",\"url\":\"https:\/\/ironsky.pl\/sklep\/wp-content\/uploads\/2025\/06\/49177_1.jpg\",\"contentUrl\":\"https:\/\/ironsky.pl\/sklep\/wp-content\/uploads\/2025\/06\/49177_1.jpg\",\"width\":800,\"height\":800},{\"@type\":\"BreadcrumbList\",\"@id\":\"https:\/\/ironsky.pl\/sklep\/produkt\/teleskop-unistellar-evscope-2-2\/#breadcrumb\",\"itemListElement\":[{\"@type\":\"ListItem\",\"position\":1,\"name\":\"Strona g\u0142\u00f3wna\",\"item\":\"https:\/\/ironsky.pl\/sklep\/\"},{\"@type\":\"ListItem\",\"position\":2,\"name\":\"Wszystkie produkty\",\"item\":\"https:\/\/ironsky.pl\/sklep\/produkty\/\"},{\"@type\":\"ListItem\",\"position\":3,\"name\":\"Teleskop UNISTELLAR eVscope 2\"}]},{\"@type\":\"WebSite\",\"@id\":\"https:\/\/ironsky.pl\/sklep\/#website\",\"url\":\"https:\/\/ironsky.pl\/sklep\/\",\"name\":\"IRONSKY.PL Sklep z Dronami\",\"description\":\"IRONSKY.PL Sklep z Dronami\",\"potentialAction\":[{\"@type\":\"SearchAction\",\"target\":{\"@type\":\"EntryPoint\",\"urlTemplate\":\"https:\/\/ironsky.pl\/sklep\/?s={search_term_string}\"},\"query-input\":{\"@type\":\"PropertyValueSpecification\",\"valueRequired\":true,\"valueName\":\"search_term_string\"}}],\"inLanguage\":\"pl-PL\"}]}<\/script>\n<!-- \/ Yoast SEO plugin. -->","yoast_head_json":{"title":"Teleskop UNISTELLAR eVscope 2 - IRONSKY.PL Sklep z Dronami","description":"Teleskop UNISTELLAR eVscope 2 - \u2705 sklep z dronami i fachowym doradztwem. \u2705 Tutaj kupisz produkty DJI, Yuneec, Parrot, Syma i wiele innych, a tak\u017ce kursy i licencje na operatora drona.","robots":{"index":"index","follow":"follow","max-snippet":"max-snippet:-1","max-image-preview":"max-image-preview:large","max-video-preview":"max-video-preview:-1"},"canonical":"https:\/\/ironsky.pl\/sklep\/produkt\/teleskop-unistellar-evscope-2-2\/","og_locale":"pl_PL","og_type":"article","og_title":"Teleskop UNISTELLAR eVscope 2 - IRONSKY.PL Sklep z Dronami","og_description":"Teleskop UNISTELLAR eVscope 2 - \u2705 sklep z dronami i fachowym doradztwem. \u2705 Tutaj kupisz produkty DJI, Yuneec, Parrot, Syma i wiele innych, a tak\u017ce kursy i licencje na operatora drona.","og_url":"https:\/\/ironsky.pl\/sklep\/produkt\/teleskop-unistellar-evscope-2-2\/","og_site_name":"IRONSKY.PL Sklep z Dronami","article_modified_time":"2026-04-15T08:54:40+00:00","og_image":[{"width":800,"height":800,"url":"https:\/\/ironsky.pl\/sklep\/wp-content\/uploads\/2025\/06\/49177_1.jpg","type":"image\/jpeg"}],"twitter_card":"summary_large_image","twitter_misc":{"Szacowany czas czytania":"2 minuty"},"schema":{"@context":"https:\/\/schema.org","@graph":[{"@type":"WebPage","@id":"https:\/\/ironsky.pl\/sklep\/produkt\/teleskop-unistellar-evscope-2-2\/","url":"https:\/\/ironsky.pl\/sklep\/produkt\/teleskop-unistellar-evscope-2-2\/","name":"Teleskop UNISTELLAR eVscope 2 - IRONSKY.PL Sklep z Dronami","isPartOf":{"@id":"https:\/\/ironsky.pl\/sklep\/#website"},"primaryImageOfPage":{"@id":"https:\/\/ironsky.pl\/sklep\/produkt\/teleskop-unistellar-evscope-2-2\/#primaryimage"},"image":{"@id":"https:\/\/ironsky.pl\/sklep\/produkt\/teleskop-unistellar-evscope-2-2\/#primaryimage"},"thumbnailUrl":"https:\/\/ironsky.pl\/sklep\/wp-content\/uploads\/2025\/06\/49177_1.jpg","datePublished":"2026-04-15T08:54:34+00:00","dateModified":"2026-04-15T08:54:40+00:00","description":"Teleskop UNISTELLAR eVscope 2 - \u2705 sklep z dronami i fachowym doradztwem. \u2705 Tutaj kupisz produkty DJI, Yuneec, Parrot, Syma i wiele innych, a tak\u017ce kursy i licencje na operatora drona.","breadcrumb":{"@id":"https:\/\/ironsky.pl\/sklep\/produkt\/teleskop-unistellar-evscope-2-2\/#breadcrumb"},"inLanguage":"pl-PL","potentialAction":[{"@type":"ReadAction","target":["https:\/\/ironsky.pl\/sklep\/produkt\/teleskop-unistellar-evscope-2-2\/"]}]},{"@type":"ImageObject","inLanguage":"pl-PL","@id":"https:\/\/ironsky.pl\/sklep\/produkt\/teleskop-unistellar-evscope-2-2\/#primaryimage","url":"https:\/\/ironsky.pl\/sklep\/wp-content\/uploads\/2025\/06\/49177_1.jpg","contentUrl":"https:\/\/ironsky.pl\/sklep\/wp-content\/uploads\/2025\/06\/49177_1.jpg","width":800,"height":800},{"@type":"BreadcrumbList","@id":"https:\/\/ironsky.pl\/sklep\/produkt\/teleskop-unistellar-evscope-2-2\/#breadcrumb","itemListElement":[{"@type":"ListItem","position":1,"name":"Strona g\u0142\u00f3wna","item":"https:\/\/ironsky.pl\/sklep\/"},{"@type":"ListItem","position":2,"name":"Wszystkie produkty","item":"https:\/\/ironsky.pl\/sklep\/produkty\/"},{"@type":"ListItem","position":3,"name":"Teleskop UNISTELLAR eVscope 2"}]},{"@type":"WebSite","@id":"https:\/\/ironsky.pl\/sklep\/#website","url":"https:\/\/ironsky.pl\/sklep\/","name":"IRONSKY.PL Sklep z Dronami","description":"IRONSKY.PL Sklep z Dronami","potentialAction":[{"@type":"SearchAction","target":{"@type":"EntryPoint","urlTemplate":"https:\/\/ironsky.pl\/sklep\/?s={search_term_string}"},"query-input":{"@type":"PropertyValueSpecification","valueRequired":true,"valueName":"search_term_string"}}],"inLanguage":"pl-PL"}]}},"_links":{"self":[{"href":"https:\/\/ironsky.pl\/sklep\/wp-json\/wp\/v2\/product\/60014","targetHints":{"allow":["GET"]}}],"collection":[{"href":"https:\/\/ironsky.pl\/sklep\/wp-json\/wp\/v2\/product"}],"about":[{"href":"https:\/\/ironsky.pl\/sklep\/wp-json\/wp\/v2\/types\/product"}],"replies":[{"embeddable":true,"href":"https:\/\/ironsky.pl\/sklep\/wp-json\/wp\/v2\/comments?post=60014"}],"wp:featuredmedia":[{"embeddable":true,"href":"https:\/\/ironsky.pl\/sklep\/wp-json\/wp\/v2\/media\/46642"}],"wp:attachment":[{"href":"https:\/\/ironsky.pl\/sklep\/wp-json\/wp\/v2\/media?parent=60014"}],"wp:term":[{"taxonomy":"product_brand","embeddable":true,"href":"https:\/\/ironsky.pl\/sklep\/wp-json\/wp\/v2\/product_brand?post=60014"},{"taxonomy":"product_cat","embeddable":true,"href":"https:\/\/ironsky.pl\/sklep\/wp-json\/wp\/v2\/product_cat?post=60014"},{"taxonomy":"product_tag","embeddable":true,"href":"https:\/\/ironsky.pl\/sklep\/wp-json\/wp\/v2\/product_tag?post=60014"}],"curies":[{"name":"wp","href":"https:\/\/api.w.org\/{rel}","templated":true}]}}