{"id":59953,"date":"2026-04-15T10:53:23","date_gmt":"2026-04-15T08:53:23","guid":{"rendered":"https:\/\/ironsky.pl\/sklep\/produkt\/etui-sunnylife-aqx-17-dji-neo-motion-fly-more-combo\/"},"modified":"2026-04-15T10:53:54","modified_gmt":"2026-04-15T08:53:54","slug":"etui-sunnylife-aqx-17-dji-neo-motion-fly-more-combo","status":"publish","type":"product","link":"https:\/\/ironsky.pl\/sklep\/produkt\/etui-sunnylife-aqx-17-dji-neo-motion-fly-more-combo\/","title":{"rendered":"Etui SUNNYLIFE AQX-17 DJI Neo Motion Fly More Combo"},"content":{"rendered":"<h3>Etui Sunnylife dla NEO Motion Fly More Combo (073535)<\/h3>\n<p>Etui Sunnylife AQX-17 zosta\u0142o stworzone z my\u015bl\u0105 o kompleksowej ochronie i wygodnym transporcie zestawu DJI Neo Motion Fly More Combo. Dzi\u0119ki swojej du\u017cej pojemno\u015bci i solidnej konstrukcji doskonale sprawdzi si\u0119 nawet w trudnych warunkach. Specjalne przegr\u00f3dki umo\u017cliwiaj\u0105 stabilne przechowywania drona, kontrolera RC Motion 3, gogli DJI Goggles N3, hubu do \u0142adowania oraz sze\u015bciu akumulator\u00f3w (w tym jednego w dronie i trzech w hubie).<\/p>\n<p>\n<img decoding=\"async\" src=\"https:\/\/assets.innpro.pl\/11510\/13629\/2.jpg\" border=\"0\" \/>\n<\/p>\n<h3>Du\u017ca pojemno\u015b\u0107 i doskona\u0142a organizacja<\/h3>\n<p>Etui oferuje przestronne wn\u0119trze zaprojektowane z my\u015bl\u0105 o przechowywaniu ca\u0142ego zestawu DJI Neo Motion Fly More Combo wraz z niezb\u0119dnymi akcesoriami. Wysokiej jako\u015bci wype\u0142nienie z przegr\u00f3dkami gwarantuje precyzyjne dopasowanie i zabezpieczenie sprz\u0119tu, zapobiegaj\u0105c jego przesuwaniu si\u0119 podczas transportu, a mi\u0119kka pianka o du\u017cej g\u0119sto\u015bci zabezpiecza urz\u0105dzenia przed wstrz\u0105sami i zarysowaniem.<\/p>\n<p>\n<img decoding=\"async\" src=\"https:\/\/assets.innpro.pl\/11510\/13629\/5.jpg\" border=\"0\" \/>\n<\/p>\n<h3>Ochrona przed wod\u0105 i uszkodzeniami<\/h3>\n<p>Wodoodporna konstrukcja etui chroni sprz\u0119t przed wilgoci\u0105 i przypadkowymi zachlapaniami \u2013 doskonale sprawdzi si\u0119 nawet w trudniejszych warunkach atmosferycznych. Ponadto wysokiej jako\u015bci tworzywo o du\u017cej odporno\u015bci na uderzenia, korozj\u0119 i zmiany temperatury zapewnia dodatkowy poziom bezpiecze\u0144stwa. Etui zosta\u0142o r\u00f3wnie\u017c wyposa\u017cone w zaw\u00f3r r\u00f3wnowa\u017c\u0105cy ci\u015bnienie, kt\u00f3ry zapobiega problemom zwi\u0105zanym ze zmianami wysoko\u015bci lub temperatury, takim jak na przyk\u0142ad nag\u0142e otwarcie.<\/p>\n<p>\n<img decoding=\"async\" src=\"https:\/\/assets.innpro.pl\/11510\/13629\/7.jpg\" border=\"0\" \/>\n<\/p>\n<h3>Bezpieczne zamkni\u0119cie, wygodne przenoszenie<\/h3>\n<p>Etui Sunnylife AQX-17 oferuje podw\u00f3jny system zamykania, kt\u00f3ry zapewnia dodatkowe bezpiecze\u0144stwo. Wzmocnione zamki s\u0105 odporne na zu\u017cycie i przypadkowe otwarcie, co pozwala na spokojny transport sprz\u0119tu. Co wi\u0119cej, wytrzyma\u0142y uchwyt o mi\u0119kkim wyko\u0144czeniu jest wygodny w trzymaniu, odporny na zu\u017cycie i antypo\u015blizgowy \u2013 dzi\u0119ki temu \u015bwietnie le\u017cy w d\u0142oni i gwarantuje komfort u\u017cytkowania.<\/p>\n<p>\n<img decoding=\"async\" src=\"https:\/\/assets.innpro.pl\/11510\/13629\/4.jpg\" border=\"0\" \/>\n<\/p>\n<h3>Przemy\u015blany design i niezawodno\u015b\u0107<\/h3>\n<p>Dzi\u0119ki wzmocnionej konstrukcji dna etui jest bardzo wytrzyma\u0142e i mo\u017ce stabilnie sta\u0107 na p\u0142askiej powierzchni \u2013 nie b\u0119dzie si\u0119 przewraca\u0107. Ponadto wysokiej jako\u015bci elementy, takie jak stal nierdzewna 304 w osi zawias\u00f3w, gwarantuj\u0105 odporno\u015b\u0107 na korozj\u0119 i d\u0142ug\u0105 \u017cywotno\u015b\u0107 produktu. Niezale\u017cnie od tego, czy planujesz podr\u00f3\u017c w trudnych warunkach, czy po prostu potrzebujesz solidnego rozwi\u0105zania do przechowywania sprz\u0119tu, model AQX-17 Ci\u0119 nie zawiedzie!<\/p>\n<p>\n<img decoding=\"async\" src=\"https:\/\/assets.innpro.pl\/11510\/13629\/6.jpg\" border=\"0\" \/>\n<\/p>\n<div class=\"table-wrapper\">\n<p>\u00a0<\/p>\n<h3><\/h3>\n<table>\n<tbody>\n<tr>\n<th>Producent<\/th>\n<td>Sunnylife<\/td>\n<\/tr>\n<tr>\n<th>Model<\/th>\n<td>AQX-17<\/td>\n<\/tr>\n<tr>\n<th>Waga<\/th>\n<td>1,52 kg<\/td>\n<\/tr>\n<tr>\n<th>Wymiary<\/th>\n<td>35,4 x 29,4 x 13,7 cm<\/td>\n<\/tr>\n<tr>\n<th>Kompatybilno\u015b\u0107<\/th>\n<td>Zestaw DJI Neo Motion Fly More Combo<\/td>\n<\/tr>\n<\/tbody>\n<\/table>\n<\/div>\n","protected":false},"excerpt":{"rendered":"<p>Etui Sunnylife dla NEO Motion Fly More Combo (073535) Etui Sunnylife AQX-17 zosta\u0142o stworzone z my\u015bl\u0105 o kompleksowej ochronie i<\/p>\n","protected":false},"featured_media":40069,"comment_status":"closed","ping_status":"open","template":"","meta":{"_acf_changed":false},"product_brand":[],"product_cat":[1130,1137,1128],"product_tag":[],"class_list":{"0":"post-59953","1":"product","2":"type-product","3":"status-publish","4":"has-post-thumbnail","6":"product_cat-akcesoria-foto","7":"product_cat-do-kamer-sportowych","8":"product_cat-foto-wideo","9":"pa_okres-gwarancji-5754","10":"pa_producent-sunnylife","12":"first","13":"outofstock","14":"taxable","15":"shipping-taxable","16":"purchasable","17":"product-type-simple"},"acf":[],"yoast_head":"<!-- This site is optimized with the Yoast SEO plugin v27.2 - https:\/\/yoast.com\/product\/yoast-seo-wordpress\/ -->\n<title>Etui SUNNYLIFE AQX-17 DJI Neo Motion Fly More Combo - IRONSKY.PL Sklep z Dronami<\/title>\n<meta name=\"description\" content=\"Etui SUNNYLIFE AQX-17 DJI Neo Motion Fly More Combo - \u2705 sklep z dronami i fachowym doradztwem. \u2705 Tutaj kupisz produkty DJI, Yuneec, Parrot, Syma i wiele innych, a tak\u017ce kursy i licencje na operatora drona.\" \/>\n<meta name=\"robots\" content=\"index, follow, max-snippet:-1, max-image-preview:large, max-video-preview:-1\" \/>\n<link rel=\"canonical\" href=\"https:\/\/ironsky.pl\/sklep\/produkt\/etui-sunnylife-aqx-17-dji-neo-motion-fly-more-combo\/\" \/>\n<meta property=\"og:locale\" content=\"pl_PL\" \/>\n<meta property=\"og:type\" content=\"article\" \/>\n<meta property=\"og:title\" content=\"Etui SUNNYLIFE AQX-17 DJI Neo Motion Fly More Combo - IRONSKY.PL Sklep z Dronami\" \/>\n<meta property=\"og:description\" content=\"Etui SUNNYLIFE AQX-17 DJI Neo Motion Fly More Combo - \u2705 sklep z dronami i fachowym doradztwem. \u2705 Tutaj kupisz produkty DJI, Yuneec, Parrot, Syma i wiele innych, a tak\u017ce kursy i licencje na operatora drona.\" \/>\n<meta property=\"og:url\" content=\"https:\/\/ironsky.pl\/sklep\/produkt\/etui-sunnylife-aqx-17-dji-neo-motion-fly-more-combo\/\" \/>\n<meta property=\"og:site_name\" content=\"IRONSKY.PL Sklep z Dronami\" \/>\n<meta property=\"article:modified_time\" content=\"2026-04-15T08:53:54+00:00\" \/>\n<meta property=\"og:image\" content=\"https:\/\/ironsky.pl\/sklep\/wp-content\/uploads\/2025\/05\/49012_1.jpg\" \/>\n\t<meta property=\"og:image:width\" content=\"800\" \/>\n\t<meta property=\"og:image:height\" content=\"800\" \/>\n\t<meta property=\"og:image:type\" content=\"image\/jpeg\" \/>\n<meta name=\"twitter:card\" content=\"summary_large_image\" \/>\n<meta name=\"twitter:label1\" content=\"Szacowany czas czytania\" \/>\n\t<meta name=\"twitter:data1\" content=\"2 minuty\" \/>\n<script type=\"application\/ld+json\" class=\"yoast-schema-graph\">{\"@context\":\"https:\/\/schema.org\",\"@graph\":[{\"@type\":\"WebPage\",\"@id\":\"https:\/\/ironsky.pl\/sklep\/produkt\/etui-sunnylife-aqx-17-dji-neo-motion-fly-more-combo\/\",\"url\":\"https:\/\/ironsky.pl\/sklep\/produkt\/etui-sunnylife-aqx-17-dji-neo-motion-fly-more-combo\/\",\"name\":\"Etui SUNNYLIFE AQX-17 DJI Neo Motion Fly More Combo - IRONSKY.PL Sklep z Dronami\",\"isPartOf\":{\"@id\":\"https:\/\/ironsky.pl\/sklep\/#website\"},\"primaryImageOfPage\":{\"@id\":\"https:\/\/ironsky.pl\/sklep\/produkt\/etui-sunnylife-aqx-17-dji-neo-motion-fly-more-combo\/#primaryimage\"},\"image\":{\"@id\":\"https:\/\/ironsky.pl\/sklep\/produkt\/etui-sunnylife-aqx-17-dji-neo-motion-fly-more-combo\/#primaryimage\"},\"thumbnailUrl\":\"https:\/\/ironsky.pl\/sklep\/wp-content\/uploads\/2025\/05\/49012_1.jpg\",\"datePublished\":\"2026-04-15T08:53:23+00:00\",\"dateModified\":\"2026-04-15T08:53:54+00:00\",\"description\":\"Etui SUNNYLIFE AQX-17 DJI Neo Motion Fly More Combo - \u2705 sklep z dronami i fachowym doradztwem. \u2705 Tutaj kupisz produkty DJI, Yuneec, Parrot, Syma i wiele innych, a tak\u017ce kursy i licencje na operatora drona.\",\"breadcrumb\":{\"@id\":\"https:\/\/ironsky.pl\/sklep\/produkt\/etui-sunnylife-aqx-17-dji-neo-motion-fly-more-combo\/#breadcrumb\"},\"inLanguage\":\"pl-PL\",\"potentialAction\":[{\"@type\":\"ReadAction\",\"target\":[\"https:\/\/ironsky.pl\/sklep\/produkt\/etui-sunnylife-aqx-17-dji-neo-motion-fly-more-combo\/\"]}]},{\"@type\":\"ImageObject\",\"inLanguage\":\"pl-PL\",\"@id\":\"https:\/\/ironsky.pl\/sklep\/produkt\/etui-sunnylife-aqx-17-dji-neo-motion-fly-more-combo\/#primaryimage\",\"url\":\"https:\/\/ironsky.pl\/sklep\/wp-content\/uploads\/2025\/05\/49012_1.jpg\",\"contentUrl\":\"https:\/\/ironsky.pl\/sklep\/wp-content\/uploads\/2025\/05\/49012_1.jpg\",\"width\":800,\"height\":800},{\"@type\":\"BreadcrumbList\",\"@id\":\"https:\/\/ironsky.pl\/sklep\/produkt\/etui-sunnylife-aqx-17-dji-neo-motion-fly-more-combo\/#breadcrumb\",\"itemListElement\":[{\"@type\":\"ListItem\",\"position\":1,\"name\":\"Strona g\u0142\u00f3wna\",\"item\":\"https:\/\/ironsky.pl\/sklep\/\"},{\"@type\":\"ListItem\",\"position\":2,\"name\":\"Wszystkie produkty\",\"item\":\"https:\/\/ironsky.pl\/sklep\/produkty\/\"},{\"@type\":\"ListItem\",\"position\":3,\"name\":\"Etui SUNNYLIFE AQX-17 DJI Neo Motion Fly More Combo\"}]},{\"@type\":\"WebSite\",\"@id\":\"https:\/\/ironsky.pl\/sklep\/#website\",\"url\":\"https:\/\/ironsky.pl\/sklep\/\",\"name\":\"IRONSKY.PL Sklep z Dronami\",\"description\":\"IRONSKY.PL Sklep z Dronami\",\"potentialAction\":[{\"@type\":\"SearchAction\",\"target\":{\"@type\":\"EntryPoint\",\"urlTemplate\":\"https:\/\/ironsky.pl\/sklep\/?s={search_term_string}\"},\"query-input\":{\"@type\":\"PropertyValueSpecification\",\"valueRequired\":true,\"valueName\":\"search_term_string\"}}],\"inLanguage\":\"pl-PL\"}]}<\/script>\n<!-- \/ Yoast SEO plugin. -->","yoast_head_json":{"title":"Etui SUNNYLIFE AQX-17 DJI Neo Motion Fly More Combo - IRONSKY.PL Sklep z Dronami","description":"Etui SUNNYLIFE AQX-17 DJI Neo Motion Fly More Combo - \u2705 sklep z dronami i fachowym doradztwem. \u2705 Tutaj kupisz produkty DJI, Yuneec, Parrot, Syma i wiele innych, a tak\u017ce kursy i licencje na operatora drona.","robots":{"index":"index","follow":"follow","max-snippet":"max-snippet:-1","max-image-preview":"max-image-preview:large","max-video-preview":"max-video-preview:-1"},"canonical":"https:\/\/ironsky.pl\/sklep\/produkt\/etui-sunnylife-aqx-17-dji-neo-motion-fly-more-combo\/","og_locale":"pl_PL","og_type":"article","og_title":"Etui SUNNYLIFE AQX-17 DJI Neo Motion Fly More Combo - IRONSKY.PL Sklep z Dronami","og_description":"Etui SUNNYLIFE AQX-17 DJI Neo Motion Fly More Combo - \u2705 sklep z dronami i fachowym doradztwem. \u2705 Tutaj kupisz produkty DJI, Yuneec, Parrot, Syma i wiele innych, a tak\u017ce kursy i licencje na operatora drona.","og_url":"https:\/\/ironsky.pl\/sklep\/produkt\/etui-sunnylife-aqx-17-dji-neo-motion-fly-more-combo\/","og_site_name":"IRONSKY.PL Sklep z Dronami","article_modified_time":"2026-04-15T08:53:54+00:00","og_image":[{"width":800,"height":800,"url":"https:\/\/ironsky.pl\/sklep\/wp-content\/uploads\/2025\/05\/49012_1.jpg","type":"image\/jpeg"}],"twitter_card":"summary_large_image","twitter_misc":{"Szacowany czas czytania":"2 minuty"},"schema":{"@context":"https:\/\/schema.org","@graph":[{"@type":"WebPage","@id":"https:\/\/ironsky.pl\/sklep\/produkt\/etui-sunnylife-aqx-17-dji-neo-motion-fly-more-combo\/","url":"https:\/\/ironsky.pl\/sklep\/produkt\/etui-sunnylife-aqx-17-dji-neo-motion-fly-more-combo\/","name":"Etui SUNNYLIFE AQX-17 DJI Neo Motion Fly More Combo - IRONSKY.PL Sklep z Dronami","isPartOf":{"@id":"https:\/\/ironsky.pl\/sklep\/#website"},"primaryImageOfPage":{"@id":"https:\/\/ironsky.pl\/sklep\/produkt\/etui-sunnylife-aqx-17-dji-neo-motion-fly-more-combo\/#primaryimage"},"image":{"@id":"https:\/\/ironsky.pl\/sklep\/produkt\/etui-sunnylife-aqx-17-dji-neo-motion-fly-more-combo\/#primaryimage"},"thumbnailUrl":"https:\/\/ironsky.pl\/sklep\/wp-content\/uploads\/2025\/05\/49012_1.jpg","datePublished":"2026-04-15T08:53:23+00:00","dateModified":"2026-04-15T08:53:54+00:00","description":"Etui SUNNYLIFE AQX-17 DJI Neo Motion Fly More Combo - \u2705 sklep z dronami i fachowym doradztwem. \u2705 Tutaj kupisz produkty DJI, Yuneec, Parrot, Syma i wiele innych, a tak\u017ce kursy i licencje na operatora drona.","breadcrumb":{"@id":"https:\/\/ironsky.pl\/sklep\/produkt\/etui-sunnylife-aqx-17-dji-neo-motion-fly-more-combo\/#breadcrumb"},"inLanguage":"pl-PL","potentialAction":[{"@type":"ReadAction","target":["https:\/\/ironsky.pl\/sklep\/produkt\/etui-sunnylife-aqx-17-dji-neo-motion-fly-more-combo\/"]}]},{"@type":"ImageObject","inLanguage":"pl-PL","@id":"https:\/\/ironsky.pl\/sklep\/produkt\/etui-sunnylife-aqx-17-dji-neo-motion-fly-more-combo\/#primaryimage","url":"https:\/\/ironsky.pl\/sklep\/wp-content\/uploads\/2025\/05\/49012_1.jpg","contentUrl":"https:\/\/ironsky.pl\/sklep\/wp-content\/uploads\/2025\/05\/49012_1.jpg","width":800,"height":800},{"@type":"BreadcrumbList","@id":"https:\/\/ironsky.pl\/sklep\/produkt\/etui-sunnylife-aqx-17-dji-neo-motion-fly-more-combo\/#breadcrumb","itemListElement":[{"@type":"ListItem","position":1,"name":"Strona g\u0142\u00f3wna","item":"https:\/\/ironsky.pl\/sklep\/"},{"@type":"ListItem","position":2,"name":"Wszystkie produkty","item":"https:\/\/ironsky.pl\/sklep\/produkty\/"},{"@type":"ListItem","position":3,"name":"Etui SUNNYLIFE AQX-17 DJI Neo Motion Fly More Combo"}]},{"@type":"WebSite","@id":"https:\/\/ironsky.pl\/sklep\/#website","url":"https:\/\/ironsky.pl\/sklep\/","name":"IRONSKY.PL Sklep z Dronami","description":"IRONSKY.PL Sklep z Dronami","potentialAction":[{"@type":"SearchAction","target":{"@type":"EntryPoint","urlTemplate":"https:\/\/ironsky.pl\/sklep\/?s={search_term_string}"},"query-input":{"@type":"PropertyValueSpecification","valueRequired":true,"valueName":"search_term_string"}}],"inLanguage":"pl-PL"}]}},"_links":{"self":[{"href":"https:\/\/ironsky.pl\/sklep\/wp-json\/wp\/v2\/product\/59953","targetHints":{"allow":["GET"]}}],"collection":[{"href":"https:\/\/ironsky.pl\/sklep\/wp-json\/wp\/v2\/product"}],"about":[{"href":"https:\/\/ironsky.pl\/sklep\/wp-json\/wp\/v2\/types\/product"}],"replies":[{"embeddable":true,"href":"https:\/\/ironsky.pl\/sklep\/wp-json\/wp\/v2\/comments?post=59953"}],"wp:featuredmedia":[{"embeddable":true,"href":"https:\/\/ironsky.pl\/sklep\/wp-json\/wp\/v2\/media\/40069"}],"wp:attachment":[{"href":"https:\/\/ironsky.pl\/sklep\/wp-json\/wp\/v2\/media?parent=59953"}],"wp:term":[{"taxonomy":"product_brand","embeddable":true,"href":"https:\/\/ironsky.pl\/sklep\/wp-json\/wp\/v2\/product_brand?post=59953"},{"taxonomy":"product_cat","embeddable":true,"href":"https:\/\/ironsky.pl\/sklep\/wp-json\/wp\/v2\/product_cat?post=59953"},{"taxonomy":"product_tag","embeddable":true,"href":"https:\/\/ironsky.pl\/sklep\/wp-json\/wp\/v2\/product_tag?post=59953"}],"curies":[{"name":"wp","href":"https:\/\/api.w.org\/{rel}","templated":true}]}}