{"id":59952,"date":"2026-04-15T10:53:23","date_gmt":"2026-04-15T08:53:23","guid":{"rendered":"https:\/\/ironsky.pl\/sklep\/produkt\/torba-sunnylife-ne-b936-dji-neo-motion-fly-more-combo\/"},"modified":"2026-04-15T10:53:53","modified_gmt":"2026-04-15T08:53:53","slug":"torba-sunnylife-ne-b936-dji-neo-motion-fly-more-combo","status":"publish","type":"product","link":"https:\/\/ironsky.pl\/sklep\/produkt\/torba-sunnylife-ne-b936-dji-neo-motion-fly-more-combo\/","title":{"rendered":"Torba SUNNYLIFE NE-B936 DJI Neo Motion Fly More Combo"},"content":{"rendered":"<h3>Torba Sunnylife do DJI NEO Motion Fly\u00a0<\/h3>\n<p>Torba Sunnylife NE-B936 to idealne rozwi\u0105zanie dla posiadaczy zestawu DJI Neo Motion Fly More Combo, kt\u00f3rzy szukaj\u0105 bezpiecznego i wygodnego sposobu na przechowywanie oraz transport swojego sprz\u0119tu. Dzi\u0119ki du\u017cej pojemno\u015bci i przemy\u015blanej konstrukcji pomie\u015bci drona DJI Neo, hub do \u0142adowania, cztery akumulatory (w tym jeden w dronie), RC Motion 3, gogle DJI Goggles N3 oraz niezb\u0119dne akcesoria, takie jak filtry, zapasowe \u015bmig\u0142a, \u015brubokr\u0119t czy kable do \u0142adowania. To praktyczna i niezawodna towarzyszka ka\u017cdej podr\u00f3\u017cy!<\/p>\n<p><img decoding=\"async\" src=\"https:\/\/assets.innpro.pl\/11508\/13627\/1.jpg\" border=\"0\" \/><\/p>\n<h3>Optymalna organizacja przestrzeni<\/h3>\n<p>Mimo swoich niewielkich rozmiar\u00f3w torba Sunnylife NE-B936 oferuje zaskakuj\u0105co przestronne wn\u0119trze. Specjalnie formowana wk\u0142adka zapewnia precyzyjne dopasowanie sprz\u0119tu, stabilnie utrzymuj\u0105c go w podczas transportu. Ka\u017cdy element ma swoje miejsce, dzi\u0119ki czemu z \u0142atwo\u015bci\u0105 zachowasz porz\u0105dek! Co wi\u0119cej, dodatkowa kiesze\u0144 siatkowa na zamek umo\u017cliwia przechowywanie drobnych akcesori\u00f3w, takich jak filtry, karty SD czy kable.<\/p>\n<p><img decoding=\"async\" src=\"https:\/\/assets.innpro.pl\/11508\/13627\/6.jpg\" border=\"0\" \/><\/p>\n<h3>Wytrzyma\u0142a konstrukcja i ochrona przed uszkodzeniami<\/h3>\n<p>Torba zosta\u0142a wykonana z wysokiej jako\u015bci tkaniny, kt\u00f3ra jest odporna na zadrapania i wytrzyma\u0142a. Twarda obudowa skutecznie chroni sprz\u0119t przed wstrz\u0105sami i uszkodzeniami mechanicznymi, a mi\u0119kka wewn\u0119trzna wy\u015bci\u00f3\u0142ka zapobiega powstawaniu zarysowa\u0144. Dzi\u0119ki temu masz pewno\u015b\u0107, \u017ce Twoje urz\u0105dzenia b\u0119d\u0105 zawsze w pe\u0142ni zabezpieczone!<\/p>\n<p><img decoding=\"async\" src=\"https:\/\/assets.innpro.pl\/11508\/13627\/7.jpg\" border=\"0\" \/><\/p>\n<h3>Wygoda i mobilno\u015b\u0107<\/h3>\n<p>Torba Sunnylife NE-B936 zosta\u0142a zaprojektowana z my\u015bl\u0105 o wygodzie u\u017cytkowania. Wyposa\u017cona w solidn\u0105 r\u0105czk\u0119 oraz regulowany pasek \u2013 mo\u017ce by\u0107 noszona zar\u00f3wno w r\u0119ce, jak i na ramieniu. Dzi\u0119ki lekkiej konstrukcji i ergonomicznym rozwi\u0105zaniom, transport sprz\u0119tu staje si\u0119 wygodny i bezproblemowy!<\/p>\n<p><img decoding=\"async\" src=\"https:\/\/assets.innpro.pl\/11508\/13627\/3.jpg\" border=\"0\" \/><\/p>\n<div class=\"table-wrapper\">\n<p>\u00a0<\/p>\n<h3>\u00a0<\/h3>\n<table>\n<tbody>\n<tr>\n<th>Producent<\/th>\n<td>Sunnylife<\/td>\n<\/tr>\n<tr>\n<th>Model<\/th>\n<td>NE-B936<\/td>\n<\/tr>\n<tr>\n<th>Materia\u0142<\/th>\n<td>Tkanina<\/td>\n<\/tr>\n<tr>\n<th>Waga<\/th>\n<td>777 g<\/td>\n<\/tr>\n<tr>\n<th>Wymiary<\/th>\n<td>330 x 275 x 114 mm<\/td>\n<\/tr>\n<tr>\n<th>Kompatybilno\u015b\u0107<\/th>\n<td>Zestaw DJI Neo Motion Fly More Combo<\/td>\n<\/tr>\n<\/tbody>\n<\/table>\n<\/div>\n","protected":false},"excerpt":{"rendered":"<p>Torba Sunnylife do DJI NEO Motion Fly\u00a0 Torba Sunnylife NE-B936 to idealne rozwi\u0105zanie dla posiadaczy zestawu DJI Neo Motion Fly<\/p>\n","protected":false},"featured_media":40066,"comment_status":"closed","ping_status":"open","template":"","meta":{"_acf_changed":false},"product_brand":[],"product_cat":[1130,1137,1128],"product_tag":[],"class_list":{"0":"post-59952","1":"product","2":"type-product","3":"status-publish","4":"has-post-thumbnail","6":"product_cat-akcesoria-foto","7":"product_cat-do-kamer-sportowych","8":"product_cat-foto-wideo","9":"pa_okres-gwarancji-5754","10":"pa_producent-sunnylife","12":"first","13":"outofstock","14":"taxable","15":"shipping-taxable","16":"purchasable","17":"product-type-simple"},"acf":[],"yoast_head":"<!-- This site is optimized with the Yoast SEO plugin v27.2 - https:\/\/yoast.com\/product\/yoast-seo-wordpress\/ -->\n<title>Torba SUNNYLIFE NE-B936 DJI Neo Motion Fly More Combo - IRONSKY.PL Sklep z Dronami<\/title>\n<meta name=\"description\" content=\"Torba SUNNYLIFE NE-B936 DJI Neo Motion Fly More Combo - \u2705 sklep z dronami i fachowym doradztwem. \u2705 Tutaj kupisz produkty DJI, Yuneec, Parrot, Syma i wiele innych, a tak\u017ce kursy i licencje na operatora drona.\" \/>\n<meta name=\"robots\" content=\"index, follow, max-snippet:-1, max-image-preview:large, max-video-preview:-1\" \/>\n<link rel=\"canonical\" href=\"https:\/\/ironsky.pl\/sklep\/produkt\/torba-sunnylife-ne-b936-dji-neo-motion-fly-more-combo\/\" \/>\n<meta property=\"og:locale\" content=\"pl_PL\" \/>\n<meta property=\"og:type\" content=\"article\" \/>\n<meta property=\"og:title\" content=\"Torba SUNNYLIFE NE-B936 DJI Neo Motion Fly More Combo - IRONSKY.PL Sklep z Dronami\" \/>\n<meta property=\"og:description\" content=\"Torba SUNNYLIFE NE-B936 DJI Neo Motion Fly More Combo - \u2705 sklep z dronami i fachowym doradztwem. \u2705 Tutaj kupisz produkty DJI, Yuneec, Parrot, Syma i wiele innych, a tak\u017ce kursy i licencje na operatora drona.\" \/>\n<meta property=\"og:url\" content=\"https:\/\/ironsky.pl\/sklep\/produkt\/torba-sunnylife-ne-b936-dji-neo-motion-fly-more-combo\/\" \/>\n<meta property=\"og:site_name\" content=\"IRONSKY.PL Sklep z Dronami\" \/>\n<meta property=\"article:modified_time\" content=\"2026-04-15T08:53:53+00:00\" \/>\n<meta property=\"og:image\" content=\"https:\/\/ironsky.pl\/sklep\/wp-content\/uploads\/2025\/05\/49011_1.jpg\" \/>\n\t<meta property=\"og:image:width\" content=\"800\" \/>\n\t<meta property=\"og:image:height\" content=\"800\" \/>\n\t<meta property=\"og:image:type\" content=\"image\/jpeg\" \/>\n<meta name=\"twitter:card\" content=\"summary_large_image\" \/>\n<meta name=\"twitter:label1\" content=\"Szacowany czas czytania\" \/>\n\t<meta name=\"twitter:data1\" content=\"2 minuty\" \/>\n<script type=\"application\/ld+json\" class=\"yoast-schema-graph\">{\"@context\":\"https:\/\/schema.org\",\"@graph\":[{\"@type\":\"WebPage\",\"@id\":\"https:\/\/ironsky.pl\/sklep\/produkt\/torba-sunnylife-ne-b936-dji-neo-motion-fly-more-combo\/\",\"url\":\"https:\/\/ironsky.pl\/sklep\/produkt\/torba-sunnylife-ne-b936-dji-neo-motion-fly-more-combo\/\",\"name\":\"Torba SUNNYLIFE NE-B936 DJI Neo Motion Fly More Combo - IRONSKY.PL Sklep z Dronami\",\"isPartOf\":{\"@id\":\"https:\/\/ironsky.pl\/sklep\/#website\"},\"primaryImageOfPage\":{\"@id\":\"https:\/\/ironsky.pl\/sklep\/produkt\/torba-sunnylife-ne-b936-dji-neo-motion-fly-more-combo\/#primaryimage\"},\"image\":{\"@id\":\"https:\/\/ironsky.pl\/sklep\/produkt\/torba-sunnylife-ne-b936-dji-neo-motion-fly-more-combo\/#primaryimage\"},\"thumbnailUrl\":\"https:\/\/ironsky.pl\/sklep\/wp-content\/uploads\/2025\/05\/49011_1.jpg\",\"datePublished\":\"2026-04-15T08:53:23+00:00\",\"dateModified\":\"2026-04-15T08:53:53+00:00\",\"description\":\"Torba SUNNYLIFE NE-B936 DJI Neo Motion Fly More Combo - \u2705 sklep z dronami i fachowym doradztwem. \u2705 Tutaj kupisz produkty DJI, Yuneec, Parrot, Syma i wiele innych, a tak\u017ce kursy i licencje na operatora drona.\",\"breadcrumb\":{\"@id\":\"https:\/\/ironsky.pl\/sklep\/produkt\/torba-sunnylife-ne-b936-dji-neo-motion-fly-more-combo\/#breadcrumb\"},\"inLanguage\":\"pl-PL\",\"potentialAction\":[{\"@type\":\"ReadAction\",\"target\":[\"https:\/\/ironsky.pl\/sklep\/produkt\/torba-sunnylife-ne-b936-dji-neo-motion-fly-more-combo\/\"]}]},{\"@type\":\"ImageObject\",\"inLanguage\":\"pl-PL\",\"@id\":\"https:\/\/ironsky.pl\/sklep\/produkt\/torba-sunnylife-ne-b936-dji-neo-motion-fly-more-combo\/#primaryimage\",\"url\":\"https:\/\/ironsky.pl\/sklep\/wp-content\/uploads\/2025\/05\/49011_1.jpg\",\"contentUrl\":\"https:\/\/ironsky.pl\/sklep\/wp-content\/uploads\/2025\/05\/49011_1.jpg\",\"width\":800,\"height\":800},{\"@type\":\"BreadcrumbList\",\"@id\":\"https:\/\/ironsky.pl\/sklep\/produkt\/torba-sunnylife-ne-b936-dji-neo-motion-fly-more-combo\/#breadcrumb\",\"itemListElement\":[{\"@type\":\"ListItem\",\"position\":1,\"name\":\"Strona g\u0142\u00f3wna\",\"item\":\"https:\/\/ironsky.pl\/sklep\/\"},{\"@type\":\"ListItem\",\"position\":2,\"name\":\"Wszystkie produkty\",\"item\":\"https:\/\/ironsky.pl\/sklep\/produkty\/\"},{\"@type\":\"ListItem\",\"position\":3,\"name\":\"Torba SUNNYLIFE NE-B936 DJI Neo Motion Fly More Combo\"}]},{\"@type\":\"WebSite\",\"@id\":\"https:\/\/ironsky.pl\/sklep\/#website\",\"url\":\"https:\/\/ironsky.pl\/sklep\/\",\"name\":\"IRONSKY.PL Sklep z Dronami\",\"description\":\"IRONSKY.PL Sklep z Dronami\",\"potentialAction\":[{\"@type\":\"SearchAction\",\"target\":{\"@type\":\"EntryPoint\",\"urlTemplate\":\"https:\/\/ironsky.pl\/sklep\/?s={search_term_string}\"},\"query-input\":{\"@type\":\"PropertyValueSpecification\",\"valueRequired\":true,\"valueName\":\"search_term_string\"}}],\"inLanguage\":\"pl-PL\"}]}<\/script>\n<!-- \/ Yoast SEO plugin. -->","yoast_head_json":{"title":"Torba SUNNYLIFE NE-B936 DJI Neo Motion Fly More Combo - IRONSKY.PL Sklep z Dronami","description":"Torba SUNNYLIFE NE-B936 DJI Neo Motion Fly More Combo - \u2705 sklep z dronami i fachowym doradztwem. \u2705 Tutaj kupisz produkty DJI, Yuneec, Parrot, Syma i wiele innych, a tak\u017ce kursy i licencje na operatora drona.","robots":{"index":"index","follow":"follow","max-snippet":"max-snippet:-1","max-image-preview":"max-image-preview:large","max-video-preview":"max-video-preview:-1"},"canonical":"https:\/\/ironsky.pl\/sklep\/produkt\/torba-sunnylife-ne-b936-dji-neo-motion-fly-more-combo\/","og_locale":"pl_PL","og_type":"article","og_title":"Torba SUNNYLIFE NE-B936 DJI Neo Motion Fly More Combo - IRONSKY.PL Sklep z Dronami","og_description":"Torba SUNNYLIFE NE-B936 DJI Neo Motion Fly More Combo - \u2705 sklep z dronami i fachowym doradztwem. \u2705 Tutaj kupisz produkty DJI, Yuneec, Parrot, Syma i wiele innych, a tak\u017ce kursy i licencje na operatora drona.","og_url":"https:\/\/ironsky.pl\/sklep\/produkt\/torba-sunnylife-ne-b936-dji-neo-motion-fly-more-combo\/","og_site_name":"IRONSKY.PL Sklep z Dronami","article_modified_time":"2026-04-15T08:53:53+00:00","og_image":[{"width":800,"height":800,"url":"https:\/\/ironsky.pl\/sklep\/wp-content\/uploads\/2025\/05\/49011_1.jpg","type":"image\/jpeg"}],"twitter_card":"summary_large_image","twitter_misc":{"Szacowany czas czytania":"2 minuty"},"schema":{"@context":"https:\/\/schema.org","@graph":[{"@type":"WebPage","@id":"https:\/\/ironsky.pl\/sklep\/produkt\/torba-sunnylife-ne-b936-dji-neo-motion-fly-more-combo\/","url":"https:\/\/ironsky.pl\/sklep\/produkt\/torba-sunnylife-ne-b936-dji-neo-motion-fly-more-combo\/","name":"Torba SUNNYLIFE NE-B936 DJI Neo Motion Fly More Combo - IRONSKY.PL Sklep z Dronami","isPartOf":{"@id":"https:\/\/ironsky.pl\/sklep\/#website"},"primaryImageOfPage":{"@id":"https:\/\/ironsky.pl\/sklep\/produkt\/torba-sunnylife-ne-b936-dji-neo-motion-fly-more-combo\/#primaryimage"},"image":{"@id":"https:\/\/ironsky.pl\/sklep\/produkt\/torba-sunnylife-ne-b936-dji-neo-motion-fly-more-combo\/#primaryimage"},"thumbnailUrl":"https:\/\/ironsky.pl\/sklep\/wp-content\/uploads\/2025\/05\/49011_1.jpg","datePublished":"2026-04-15T08:53:23+00:00","dateModified":"2026-04-15T08:53:53+00:00","description":"Torba SUNNYLIFE NE-B936 DJI Neo Motion Fly More Combo - \u2705 sklep z dronami i fachowym doradztwem. \u2705 Tutaj kupisz produkty DJI, Yuneec, Parrot, Syma i wiele innych, a tak\u017ce kursy i licencje na operatora drona.","breadcrumb":{"@id":"https:\/\/ironsky.pl\/sklep\/produkt\/torba-sunnylife-ne-b936-dji-neo-motion-fly-more-combo\/#breadcrumb"},"inLanguage":"pl-PL","potentialAction":[{"@type":"ReadAction","target":["https:\/\/ironsky.pl\/sklep\/produkt\/torba-sunnylife-ne-b936-dji-neo-motion-fly-more-combo\/"]}]},{"@type":"ImageObject","inLanguage":"pl-PL","@id":"https:\/\/ironsky.pl\/sklep\/produkt\/torba-sunnylife-ne-b936-dji-neo-motion-fly-more-combo\/#primaryimage","url":"https:\/\/ironsky.pl\/sklep\/wp-content\/uploads\/2025\/05\/49011_1.jpg","contentUrl":"https:\/\/ironsky.pl\/sklep\/wp-content\/uploads\/2025\/05\/49011_1.jpg","width":800,"height":800},{"@type":"BreadcrumbList","@id":"https:\/\/ironsky.pl\/sklep\/produkt\/torba-sunnylife-ne-b936-dji-neo-motion-fly-more-combo\/#breadcrumb","itemListElement":[{"@type":"ListItem","position":1,"name":"Strona g\u0142\u00f3wna","item":"https:\/\/ironsky.pl\/sklep\/"},{"@type":"ListItem","position":2,"name":"Wszystkie produkty","item":"https:\/\/ironsky.pl\/sklep\/produkty\/"},{"@type":"ListItem","position":3,"name":"Torba SUNNYLIFE NE-B936 DJI Neo Motion Fly More Combo"}]},{"@type":"WebSite","@id":"https:\/\/ironsky.pl\/sklep\/#website","url":"https:\/\/ironsky.pl\/sklep\/","name":"IRONSKY.PL Sklep z Dronami","description":"IRONSKY.PL Sklep z Dronami","potentialAction":[{"@type":"SearchAction","target":{"@type":"EntryPoint","urlTemplate":"https:\/\/ironsky.pl\/sklep\/?s={search_term_string}"},"query-input":{"@type":"PropertyValueSpecification","valueRequired":true,"valueName":"search_term_string"}}],"inLanguage":"pl-PL"}]}},"_links":{"self":[{"href":"https:\/\/ironsky.pl\/sklep\/wp-json\/wp\/v2\/product\/59952","targetHints":{"allow":["GET"]}}],"collection":[{"href":"https:\/\/ironsky.pl\/sklep\/wp-json\/wp\/v2\/product"}],"about":[{"href":"https:\/\/ironsky.pl\/sklep\/wp-json\/wp\/v2\/types\/product"}],"replies":[{"embeddable":true,"href":"https:\/\/ironsky.pl\/sklep\/wp-json\/wp\/v2\/comments?post=59952"}],"wp:featuredmedia":[{"embeddable":true,"href":"https:\/\/ironsky.pl\/sklep\/wp-json\/wp\/v2\/media\/40066"}],"wp:attachment":[{"href":"https:\/\/ironsky.pl\/sklep\/wp-json\/wp\/v2\/media?parent=59952"}],"wp:term":[{"taxonomy":"product_brand","embeddable":true,"href":"https:\/\/ironsky.pl\/sklep\/wp-json\/wp\/v2\/product_brand?post=59952"},{"taxonomy":"product_cat","embeddable":true,"href":"https:\/\/ironsky.pl\/sklep\/wp-json\/wp\/v2\/product_cat?post=59952"},{"taxonomy":"product_tag","embeddable":true,"href":"https:\/\/ironsky.pl\/sklep\/wp-json\/wp\/v2\/product_tag?post=59952"}],"curies":[{"name":"wp","href":"https:\/\/api.w.org\/{rel}","templated":true}]}}