{"id":59949,"date":"2026-04-15T10:53:23","date_gmt":"2026-04-15T08:53:23","guid":{"rendered":"https:\/\/ironsky.pl\/sklep\/produkt\/zestaw-filtrow-sunnylife-cpl-nd8-nd16-nd32-osmo-action-3-5\/"},"modified":"2026-04-15T10:53:49","modified_gmt":"2026-04-15T08:53:49","slug":"zestaw-filtrow-sunnylife-cpl-nd8-nd16-nd32-osmo-action-3-5","status":"publish","type":"product","link":"https:\/\/ironsky.pl\/sklep\/produkt\/zestaw-filtrow-sunnylife-cpl-nd8-nd16-nd32-osmo-action-3-5\/","title":{"rendered":"Zestaw filtr\u00f3w SUNNYLIFE CPL\/ND8\/ND16\/ND32 Osmo Action 3-5"},"content":{"rendered":"<h3>Zestaw Filtr\u00f3w CPL+ND8+ND16+ND32 Sunnylife (073524)<\/h3>\n<p>Zestaw Sunnylife OA5-FI906 to doskona\u0142a opcja dla os\u00f3b szukaj\u0105cych sposobu na poprawienie jako\u015bci swoich zdj\u0119\u0107 i film\u00f3w. Znajdziesz w nim cztery r\u00f3\u017cne filtry \u2013 CPL, ND8, ND16 i ND32. Ka\u017cdy z nich pozwoli Ci tworzy\u0107 zachwycaj\u0105ce uj\u0119cia w zr\u00f3\u017cnicowanych warunkach o\u015bwietleniowych, a jednocze\u015bnie ochroni obiektyw kamery przed uszkodzeniem! Ich monta\u017c nie sprawi Ci \u017cadnego problemu \u2013 wystarczy tylko chwila. Filtry s\u0105 kompatybilne z DJI Osmo Action 5 Pro, DJI Osmo Action 4 i DJI Osmo Action 3. W sk\u0142ad zestawu wchodzi tak\u017ce pude\u0142ko z wk\u0142adk\u0105 z pianki EVA, kt\u00f3re u\u0142atwia przechowywanie i transport akcesori\u00f3w.<\/p>\n<p>\n<img decoding=\"async\" src=\"https:\/\/assets.innpro.pl\/11501\/13620\/7.jpg\" border=\"0\" \/>\n<\/p>\n<h3>Najwy\u017csza jako\u015b\u0107 wykonania<\/h3>\n<p>Filtry zosta\u0142y wykonane z wysokiej jako\u015bci stopu aluminium, co gwarantuje ich trwa\u0142o\u015b\u0107 i odporno\u015b\u0107 na uszkodzenia. Dodatkowo zastosowanie niemieckiego szk\u0142a optycznego z wielowarstwow\u0105 pow\u0142ok\u0105 i wysok\u0105 przepuszczalno\u015bci\u0105 \u015bwiat\u0142a pozwala uzyska\u0107 doskona\u0142\u0105 jako\u015b\u0107 obrazu i wierne odwzorowanie kolor\u00f3w. Akcesoria chroni\u0105 te\u017c obiektyw kamery przed wod\u0105, t\u0142ustymi plamami i zarysowaniami, u\u0142atwiaj\u0105c zachowanie go w doskona\u0142ym stanie.<\/p>\n<p>\n<img decoding=\"async\" src=\"https:\/\/assets.innpro.pl\/11501\/13620\/3.jpg\" border=\"0\" \/>\n<\/p>\n<h3>Filtr CPL z regulowan\u0105 polaryzacj\u0105<\/h3>\n<p>Filtr CPL pozwala na eliminowanie niepo\u017c\u0105danych odbi\u0107 \u015bwiat\u0142a, szczeg\u00f3lnie w przypadku powierzchni takich jak szk\u0142o czy woda. Poprawia te\u017c og\u00f3ln\u0105 klarowno\u015b\u0107 obrazu, sprawiaj\u0105c, \u017ce zdj\u0119cia i filmy staj\u0105 si\u0119 bardziej wyraziste i \u017cywe, a kolory \u2013 naturalne i nasycone. Umo\u017cliwia tak\u017ce regulacj\u0119 polaryzacji za pomoc\u0105 obrotowego pier\u015bcienia, dzi\u0119ki czemu mo\u017cesz precyzyjnie dostosowa\u0107 efekt do swoich potrzeb.<\/p>\n<p>\n<img decoding=\"async\" src=\"https:\/\/assets.innpro.pl\/11501\/13620\/5.jpg\" border=\"0\" \/>\n<\/p>\n<h3>Filtry ND \u2013 sprawdz\u0105 si\u0119 w jasnym s\u0142o\u0144cu<\/h3>\n<p>Filtry ND s\u0105 szczeg\u00f3lnie przydatne w warunkach silnego nas\u0142onecznienia \u2013 zmniejszaj\u0105 ilo\u015b\u0107 \u015bwiat\u0142a docieraj\u0105cego do obiektywu, umo\u017cliwiaj\u0105c lepsze dobranie warto\u015bci ekspozycji. Dzi\u0119ki temu unikniesz prze\u015bwietlonych zdj\u0119\u0107, a jednocze\u015bnie poprawisz nasycenie kolor\u00f3w! W efekcie obraz stanie si\u0119 bardziej przejrzysty i naturalny. Filtry ND pozwalaj\u0105 r\u00f3wnie\u017c na uzyskanie takich efekt\u00f3w jak na przyk\u0142ad mg\u0142a wodna czy smugi \u015bwiat\u0142a noc\u0105.<\/p>\n<p>\n<img decoding=\"async\" src=\"https:\/\/assets.innpro.pl\/11501\/13620\/4.jpg\" border=\"0\" \/>\n<\/p>\n<h3>W zestawie<\/h3>\n<ul class=\"list-disc pl-5\">\n<li>Filtr CPL<\/li>\n<li>Filtr ND8<\/li>\n<li>Filtr ND16<\/li>\n<li>Filtr ND32<\/li>\n<\/ul>\n<div class=\"table-wrapper\">\n<p>\u00a0<\/p>\n<h3><\/h3>\n<table>\n<tbody>\n<tr>\n<th>Producent<\/th>\n<td>Sunnylife<\/td>\n<\/tr>\n<tr>\n<th>Model<\/th>\n<td>OA5-FI906<\/td>\n<\/tr>\n<tr>\n<th>Materia\u0142<\/th>\n<td>Stop aluminium + szk\u0142o optyczne<\/td>\n<\/tr>\n<tr>\n<th>Waga (jeden filtr)<\/th>\n<td>3 g<\/td>\n<\/tr>\n<tr>\n<th>Kompatybilno\u015b\u0107<\/th>\n<td>DJI Osmo Action 5 Pro \/ 4 \/ 3<\/td>\n<\/tr>\n<\/tbody>\n<\/table>\n<\/div>\n","protected":false},"excerpt":{"rendered":"<p>Zestaw Filtr\u00f3w CPL+ND8+ND16+ND32 Sunnylife (073524) Zestaw Sunnylife OA5-FI906 to doskona\u0142a opcja dla os\u00f3b szukaj\u0105cych sposobu na poprawienie jako\u015bci swoich zdj\u0119\u0107<\/p>\n","protected":false},"featured_media":40043,"comment_status":"closed","ping_status":"open","template":"","meta":{"_acf_changed":false},"product_brand":[],"product_cat":[6224,6211,1128],"product_tag":[],"class_list":{"0":"post-59949","1":"product","2":"type-product","3":"status-publish","4":"has-post-thumbnail","6":"product_cat-do-kamer-sportowych-filtry","7":"product_cat-filtry","8":"product_cat-foto-wideo","9":"pa_okres-gwarancji-5754","10":"pa_producent-sunnylife","12":"first","13":"outofstock","14":"taxable","15":"shipping-taxable","16":"purchasable","17":"product-type-simple"},"acf":[],"yoast_head":"<!-- This site is optimized with the Yoast SEO plugin v27.2 - https:\/\/yoast.com\/product\/yoast-seo-wordpress\/ -->\n<title>Zestaw filtr\u00f3w SUNNYLIFE CPL\/ND8\/ND16\/ND32 Osmo Action 3-5 - IRONSKY.PL Sklep z Dronami<\/title>\n<meta name=\"description\" content=\"Zestaw filtr\u00f3w SUNNYLIFE CPL\/ND8\/ND16\/ND32 Osmo Action 3-5 - \u2705 sklep z dronami i fachowym doradztwem. \u2705 Tutaj kupisz produkty DJI, Yuneec, Parrot, Syma i wiele innych, a tak\u017ce kursy i licencje na operatora drona.\" \/>\n<meta name=\"robots\" content=\"index, follow, max-snippet:-1, max-image-preview:large, max-video-preview:-1\" \/>\n<link rel=\"canonical\" href=\"https:\/\/ironsky.pl\/sklep\/produkt\/zestaw-filtrow-sunnylife-cpl-nd8-nd16-nd32-osmo-action-3-5\/\" \/>\n<meta property=\"og:locale\" content=\"pl_PL\" \/>\n<meta property=\"og:type\" content=\"article\" \/>\n<meta property=\"og:title\" content=\"Zestaw filtr\u00f3w SUNNYLIFE CPL\/ND8\/ND16\/ND32 Osmo Action 3-5 - IRONSKY.PL Sklep z Dronami\" \/>\n<meta property=\"og:description\" content=\"Zestaw filtr\u00f3w SUNNYLIFE CPL\/ND8\/ND16\/ND32 Osmo Action 3-5 - \u2705 sklep z dronami i fachowym doradztwem. \u2705 Tutaj kupisz produkty DJI, Yuneec, Parrot, Syma i wiele innych, a tak\u017ce kursy i licencje na operatora drona.\" \/>\n<meta property=\"og:url\" content=\"https:\/\/ironsky.pl\/sklep\/produkt\/zestaw-filtrow-sunnylife-cpl-nd8-nd16-nd32-osmo-action-3-5\/\" \/>\n<meta property=\"og:site_name\" content=\"IRONSKY.PL Sklep z Dronami\" \/>\n<meta property=\"article:modified_time\" content=\"2026-04-15T08:53:49+00:00\" \/>\n<meta property=\"og:image\" content=\"https:\/\/ironsky.pl\/sklep\/wp-content\/uploads\/2025\/05\/49003_1.jpg\" \/>\n\t<meta property=\"og:image:width\" content=\"800\" \/>\n\t<meta property=\"og:image:height\" content=\"800\" \/>\n\t<meta property=\"og:image:type\" content=\"image\/jpeg\" \/>\n<meta name=\"twitter:card\" content=\"summary_large_image\" \/>\n<meta name=\"twitter:label1\" content=\"Szacowany czas czytania\" \/>\n\t<meta name=\"twitter:data1\" content=\"2 minuty\" \/>\n<script type=\"application\/ld+json\" class=\"yoast-schema-graph\">{\"@context\":\"https:\/\/schema.org\",\"@graph\":[{\"@type\":\"WebPage\",\"@id\":\"https:\/\/ironsky.pl\/sklep\/produkt\/zestaw-filtrow-sunnylife-cpl-nd8-nd16-nd32-osmo-action-3-5\/\",\"url\":\"https:\/\/ironsky.pl\/sklep\/produkt\/zestaw-filtrow-sunnylife-cpl-nd8-nd16-nd32-osmo-action-3-5\/\",\"name\":\"Zestaw filtr\u00f3w SUNNYLIFE CPL\/ND8\/ND16\/ND32 Osmo Action 3-5 - IRONSKY.PL Sklep z Dronami\",\"isPartOf\":{\"@id\":\"https:\/\/ironsky.pl\/sklep\/#website\"},\"primaryImageOfPage\":{\"@id\":\"https:\/\/ironsky.pl\/sklep\/produkt\/zestaw-filtrow-sunnylife-cpl-nd8-nd16-nd32-osmo-action-3-5\/#primaryimage\"},\"image\":{\"@id\":\"https:\/\/ironsky.pl\/sklep\/produkt\/zestaw-filtrow-sunnylife-cpl-nd8-nd16-nd32-osmo-action-3-5\/#primaryimage\"},\"thumbnailUrl\":\"https:\/\/ironsky.pl\/sklep\/wp-content\/uploads\/2025\/05\/49003_1.jpg\",\"datePublished\":\"2026-04-15T08:53:23+00:00\",\"dateModified\":\"2026-04-15T08:53:49+00:00\",\"description\":\"Zestaw filtr\u00f3w SUNNYLIFE CPL\/ND8\/ND16\/ND32 Osmo Action 3-5 - \u2705 sklep z dronami i fachowym doradztwem. \u2705 Tutaj kupisz produkty DJI, Yuneec, Parrot, Syma i wiele innych, a tak\u017ce kursy i licencje na operatora drona.\",\"breadcrumb\":{\"@id\":\"https:\/\/ironsky.pl\/sklep\/produkt\/zestaw-filtrow-sunnylife-cpl-nd8-nd16-nd32-osmo-action-3-5\/#breadcrumb\"},\"inLanguage\":\"pl-PL\",\"potentialAction\":[{\"@type\":\"ReadAction\",\"target\":[\"https:\/\/ironsky.pl\/sklep\/produkt\/zestaw-filtrow-sunnylife-cpl-nd8-nd16-nd32-osmo-action-3-5\/\"]}]},{\"@type\":\"ImageObject\",\"inLanguage\":\"pl-PL\",\"@id\":\"https:\/\/ironsky.pl\/sklep\/produkt\/zestaw-filtrow-sunnylife-cpl-nd8-nd16-nd32-osmo-action-3-5\/#primaryimage\",\"url\":\"https:\/\/ironsky.pl\/sklep\/wp-content\/uploads\/2025\/05\/49003_1.jpg\",\"contentUrl\":\"https:\/\/ironsky.pl\/sklep\/wp-content\/uploads\/2025\/05\/49003_1.jpg\",\"width\":800,\"height\":800},{\"@type\":\"BreadcrumbList\",\"@id\":\"https:\/\/ironsky.pl\/sklep\/produkt\/zestaw-filtrow-sunnylife-cpl-nd8-nd16-nd32-osmo-action-3-5\/#breadcrumb\",\"itemListElement\":[{\"@type\":\"ListItem\",\"position\":1,\"name\":\"Strona g\u0142\u00f3wna\",\"item\":\"https:\/\/ironsky.pl\/sklep\/\"},{\"@type\":\"ListItem\",\"position\":2,\"name\":\"Wszystkie produkty\",\"item\":\"https:\/\/ironsky.pl\/sklep\/produkty\/\"},{\"@type\":\"ListItem\",\"position\":3,\"name\":\"Zestaw filtr\u00f3w SUNNYLIFE CPL\/ND8\/ND16\/ND32 Osmo Action 3-5\"}]},{\"@type\":\"WebSite\",\"@id\":\"https:\/\/ironsky.pl\/sklep\/#website\",\"url\":\"https:\/\/ironsky.pl\/sklep\/\",\"name\":\"IRONSKY.PL Sklep z Dronami\",\"description\":\"IRONSKY.PL Sklep z Dronami\",\"potentialAction\":[{\"@type\":\"SearchAction\",\"target\":{\"@type\":\"EntryPoint\",\"urlTemplate\":\"https:\/\/ironsky.pl\/sklep\/?s={search_term_string}\"},\"query-input\":{\"@type\":\"PropertyValueSpecification\",\"valueRequired\":true,\"valueName\":\"search_term_string\"}}],\"inLanguage\":\"pl-PL\"}]}<\/script>\n<!-- \/ Yoast SEO plugin. -->","yoast_head_json":{"title":"Zestaw filtr\u00f3w SUNNYLIFE CPL\/ND8\/ND16\/ND32 Osmo Action 3-5 - IRONSKY.PL Sklep z Dronami","description":"Zestaw filtr\u00f3w SUNNYLIFE CPL\/ND8\/ND16\/ND32 Osmo Action 3-5 - \u2705 sklep z dronami i fachowym doradztwem. \u2705 Tutaj kupisz produkty DJI, Yuneec, Parrot, Syma i wiele innych, a tak\u017ce kursy i licencje na operatora drona.","robots":{"index":"index","follow":"follow","max-snippet":"max-snippet:-1","max-image-preview":"max-image-preview:large","max-video-preview":"max-video-preview:-1"},"canonical":"https:\/\/ironsky.pl\/sklep\/produkt\/zestaw-filtrow-sunnylife-cpl-nd8-nd16-nd32-osmo-action-3-5\/","og_locale":"pl_PL","og_type":"article","og_title":"Zestaw filtr\u00f3w SUNNYLIFE CPL\/ND8\/ND16\/ND32 Osmo Action 3-5 - IRONSKY.PL Sklep z Dronami","og_description":"Zestaw filtr\u00f3w SUNNYLIFE CPL\/ND8\/ND16\/ND32 Osmo Action 3-5 - \u2705 sklep z dronami i fachowym doradztwem. \u2705 Tutaj kupisz produkty DJI, Yuneec, Parrot, Syma i wiele innych, a tak\u017ce kursy i licencje na operatora drona.","og_url":"https:\/\/ironsky.pl\/sklep\/produkt\/zestaw-filtrow-sunnylife-cpl-nd8-nd16-nd32-osmo-action-3-5\/","og_site_name":"IRONSKY.PL Sklep z Dronami","article_modified_time":"2026-04-15T08:53:49+00:00","og_image":[{"width":800,"height":800,"url":"https:\/\/ironsky.pl\/sklep\/wp-content\/uploads\/2025\/05\/49003_1.jpg","type":"image\/jpeg"}],"twitter_card":"summary_large_image","twitter_misc":{"Szacowany czas czytania":"2 minuty"},"schema":{"@context":"https:\/\/schema.org","@graph":[{"@type":"WebPage","@id":"https:\/\/ironsky.pl\/sklep\/produkt\/zestaw-filtrow-sunnylife-cpl-nd8-nd16-nd32-osmo-action-3-5\/","url":"https:\/\/ironsky.pl\/sklep\/produkt\/zestaw-filtrow-sunnylife-cpl-nd8-nd16-nd32-osmo-action-3-5\/","name":"Zestaw filtr\u00f3w SUNNYLIFE CPL\/ND8\/ND16\/ND32 Osmo Action 3-5 - IRONSKY.PL Sklep z Dronami","isPartOf":{"@id":"https:\/\/ironsky.pl\/sklep\/#website"},"primaryImageOfPage":{"@id":"https:\/\/ironsky.pl\/sklep\/produkt\/zestaw-filtrow-sunnylife-cpl-nd8-nd16-nd32-osmo-action-3-5\/#primaryimage"},"image":{"@id":"https:\/\/ironsky.pl\/sklep\/produkt\/zestaw-filtrow-sunnylife-cpl-nd8-nd16-nd32-osmo-action-3-5\/#primaryimage"},"thumbnailUrl":"https:\/\/ironsky.pl\/sklep\/wp-content\/uploads\/2025\/05\/49003_1.jpg","datePublished":"2026-04-15T08:53:23+00:00","dateModified":"2026-04-15T08:53:49+00:00","description":"Zestaw filtr\u00f3w SUNNYLIFE CPL\/ND8\/ND16\/ND32 Osmo Action 3-5 - \u2705 sklep z dronami i fachowym doradztwem. \u2705 Tutaj kupisz produkty DJI, Yuneec, Parrot, Syma i wiele innych, a tak\u017ce kursy i licencje na operatora drona.","breadcrumb":{"@id":"https:\/\/ironsky.pl\/sklep\/produkt\/zestaw-filtrow-sunnylife-cpl-nd8-nd16-nd32-osmo-action-3-5\/#breadcrumb"},"inLanguage":"pl-PL","potentialAction":[{"@type":"ReadAction","target":["https:\/\/ironsky.pl\/sklep\/produkt\/zestaw-filtrow-sunnylife-cpl-nd8-nd16-nd32-osmo-action-3-5\/"]}]},{"@type":"ImageObject","inLanguage":"pl-PL","@id":"https:\/\/ironsky.pl\/sklep\/produkt\/zestaw-filtrow-sunnylife-cpl-nd8-nd16-nd32-osmo-action-3-5\/#primaryimage","url":"https:\/\/ironsky.pl\/sklep\/wp-content\/uploads\/2025\/05\/49003_1.jpg","contentUrl":"https:\/\/ironsky.pl\/sklep\/wp-content\/uploads\/2025\/05\/49003_1.jpg","width":800,"height":800},{"@type":"BreadcrumbList","@id":"https:\/\/ironsky.pl\/sklep\/produkt\/zestaw-filtrow-sunnylife-cpl-nd8-nd16-nd32-osmo-action-3-5\/#breadcrumb","itemListElement":[{"@type":"ListItem","position":1,"name":"Strona g\u0142\u00f3wna","item":"https:\/\/ironsky.pl\/sklep\/"},{"@type":"ListItem","position":2,"name":"Wszystkie produkty","item":"https:\/\/ironsky.pl\/sklep\/produkty\/"},{"@type":"ListItem","position":3,"name":"Zestaw filtr\u00f3w SUNNYLIFE CPL\/ND8\/ND16\/ND32 Osmo Action 3-5"}]},{"@type":"WebSite","@id":"https:\/\/ironsky.pl\/sklep\/#website","url":"https:\/\/ironsky.pl\/sklep\/","name":"IRONSKY.PL Sklep z Dronami","description":"IRONSKY.PL Sklep z Dronami","potentialAction":[{"@type":"SearchAction","target":{"@type":"EntryPoint","urlTemplate":"https:\/\/ironsky.pl\/sklep\/?s={search_term_string}"},"query-input":{"@type":"PropertyValueSpecification","valueRequired":true,"valueName":"search_term_string"}}],"inLanguage":"pl-PL"}]}},"_links":{"self":[{"href":"https:\/\/ironsky.pl\/sklep\/wp-json\/wp\/v2\/product\/59949","targetHints":{"allow":["GET"]}}],"collection":[{"href":"https:\/\/ironsky.pl\/sklep\/wp-json\/wp\/v2\/product"}],"about":[{"href":"https:\/\/ironsky.pl\/sklep\/wp-json\/wp\/v2\/types\/product"}],"replies":[{"embeddable":true,"href":"https:\/\/ironsky.pl\/sklep\/wp-json\/wp\/v2\/comments?post=59949"}],"wp:featuredmedia":[{"embeddable":true,"href":"https:\/\/ironsky.pl\/sklep\/wp-json\/wp\/v2\/media\/40043"}],"wp:attachment":[{"href":"https:\/\/ironsky.pl\/sklep\/wp-json\/wp\/v2\/media?parent=59949"}],"wp:term":[{"taxonomy":"product_brand","embeddable":true,"href":"https:\/\/ironsky.pl\/sklep\/wp-json\/wp\/v2\/product_brand?post=59949"},{"taxonomy":"product_cat","embeddable":true,"href":"https:\/\/ironsky.pl\/sklep\/wp-json\/wp\/v2\/product_cat?post=59949"},{"taxonomy":"product_tag","embeddable":true,"href":"https:\/\/ironsky.pl\/sklep\/wp-json\/wp\/v2\/product_tag?post=59949"}],"curies":[{"name":"wp","href":"https:\/\/api.w.org\/{rel}","templated":true}]}}