{"id":59907,"date":"2026-04-15T10:53:23","date_gmt":"2026-04-15T08:53:23","guid":{"rendered":"https:\/\/ironsky.pl\/sklep\/produkt\/system-mikrofonow-bezprzewodowych-dji-mic-mini-2-tx-1-rx-etui-ladujace-2\/"},"modified":"2026-04-15T10:53:23","modified_gmt":"2026-04-15T08:53:23","slug":"system-mikrofonow-bezprzewodowych-dji-mic-mini-2-tx-1-rx-etui-ladujace-2","status":"publish","type":"product","link":"https:\/\/ironsky.pl\/sklep\/produkt\/system-mikrofonow-bezprzewodowych-dji-mic-mini-2-tx-1-rx-etui-ladujace-2\/","title":{"rendered":"System mikrofon\u00f3w bezprzewodowych DJI Mic Mini (2 TX + 1 RX + Etui \u0142aduj\u0105ce)"},"content":{"rendered":"<h3>DJI Mic Mini \u2013 kompaktowa moc d\u017awi\u0119ku<\/h3>\n<p>Poznaj DJI Mic Mini \u2013 niewielki, ale funkcjonalny mikrofon bezprzewodowy, oferuj\u0105cy profesjonaln\u0105 jako\u015b\u0107 d\u017awi\u0119ku, stabiln\u0105 transmisj\u0119 i d\u0142ugi czas pracy. Wyposa\u017cony w technologi\u0119 DJI OsmoAudio\u2122, \u0142\u0105czy si\u0119 bezpo\u015brednio z wybranymi urz\u0105dzeniami DJI, rejestruj\u0105c d\u017awi\u0119k bez dodatkowych odbiornik\u00f3w. Zapewnia tak\u017ce dwupoziomow\u0105 redukcj\u0119 szum\u00f3w, dzi\u0119ki czemu sprawdzi si\u0119 w niemal ka\u017cdym \u015brodowisku. Funkcja automatycznego ograniczenia g\u0142o\u015bno\u015bci dodatkowo dba o doskona\u0142\u0105 jako\u015b\u0107 audio, zapobiegaj\u0105c przesterowaniom. DJI Mic Mini wa\u017cy jedynie 10 gram\u00f3w i mo\u017cesz go wygodnie przypi\u0105\u0107 do ubrania, zapominaj\u0105c o jego obecno\u015bci. Dzi\u0119ki temu mikrofon jest idealnym rozwi\u0105zaniem do nagra\u0144 w ruchu i podczas sesji stacjonarnych. Ca\u0142o\u015b\u0107 uzupe\u0142nia kompaktowe etui \u0142aduj\u0105ce, kt\u00f3re pozwala cieszy\u0107 si\u0119 do 48 godzin pracy urz\u0105dzenia.<\/p>\n<p>\n<img decoding=\"async\" src=\"https:\/\/assets.innpro.pl\/11152\/13207\/1.jpg\" border=\"0\" \/>\n<\/p>\n<h3>Profesjonalna jako\u015b\u0107 d\u017awi\u0119ku bez kompromis\u00f3w<\/h3>\n<p>DJI Mic Mini zapewnia wyj\u0105tkow\u0105 jako\u015b\u0107 d\u017awi\u0119ku dzi\u0119ki nagrywaniu wielokierunkowemu i mo\u017cliwo\u015bci parowania odbiornika z dwoma nadajnikami jednocze\u015bnie. Takie rozwi\u0105zanie sprawia, \u017ce bez wzgl\u0119du na liczb\u0119 \u017ar\u00f3de\u0142, d\u017awi\u0119k pozostaje wierny orygina\u0142owi, pe\u0142en szczeg\u00f3\u0142\u00f3w i doskonale wywa\u017cony. Funkcja Automatic Limiting automatycznie dostosowuje poziom g\u0142o\u015bno\u015bci, eliminuj\u0105c ryzyko przesterowania i zapewniaj\u0105c czysty, nienaganny d\u017awi\u0119k nawet przy nag\u0142ych zmianach poziomu g\u0142o\u015bno\u015bci. W razie potrzeby mo\u017cesz tak\u017ce skorzysta\u0107 z 5-stopniowej regulacji wzmocnienia mikrofonu, kt\u00f3r\u0105 wygodnie ustawisz za pomoc\u0105 pokr\u0119t\u0142a na odbiorniku, dostosowuj\u0105c nagrywanie do swoich potrzeb i warunk\u00f3w pracy.<\/p>\n<p>\n<img decoding=\"async\" src=\"https:\/\/assets.innpro.pl\/11152\/13207\/2.jpg\" border=\"0\" \/>\n<\/p>\n<h3>Redukcja szum\u00f3w \u2013 doskona\u0142a w ka\u017cdych warunkach<\/h3>\n<p>Dzi\u0119ki 2-poziomowej redukcji szum\u00f3w DJI Mic Mini \u015bwietnie sprawdza si\u0119 w r\u00f3\u017cnorodnych \u015brodowiskach. Wybierz poziom Basic, aby uzyska\u0107 czysty d\u017awi\u0119k wewn\u0105trz pomieszcze\u0144, eliminuj\u0105c ha\u0142as wentylator\u00f3w czy klimatyzacji. Tryb Strong jest idealny do rejestrowania d\u017awi\u0119ku na zewn\u0105trz, skutecznie redukuj\u0105c g\u0142o\u015bne odg\u0142osy otoczenia. Co wi\u0119cej, os\u0142ony przeciwwietrzne do\u0142\u0105czone do nadajnik\u00f3w pomog\u0105 uzyska\u0107 profesjonalne efekty, nawet gdy wieje wiatr. DJI Mic Mini to niezast\u0105piony towarzysz dla vloger\u00f3w, tw\u00f3rc\u00f3w internetowych i wszystkich, kt\u00f3rzy ceni\u0105 czysto\u015b\u0107 d\u017awi\u0119ku w swoich filmach.<\/p>\n<p>\n<img decoding=\"async\" src=\"https:\/\/assets.innpro.pl\/11152\/13207\/4.jpg\" border=\"0\" \/>\n<\/p>\n<h3>Wszechstronne tryby nagrywania<\/h3>\n<p>Ciesz si\u0119 pe\u0142n\u0105 swobod\u0105 nagrywania! Dzi\u0119ki trybom Mono i Stereo mo\u017cesz nagrywa\u0107 audio w jednej lub dw\u00f3ch \u015bcie\u017ckach, co u\u0142atwia prac\u0119 nad d\u017awi\u0119kiem podczas edycji. Funkcja Safety Track, dost\u0119pna w aplikacji DJI Mimo, umo\u017cliwia jednoczesne nagrywanie dw\u00f3ch \u015bcie\u017cek, z kt\u00f3rych jedna jest nagrywana na ni\u017cszym poziomie g\u0142o\u015bno\u015bci (-6 dB), co zapobiega przesterowaniom i zapewnia dodatkowe zabezpieczenie. Dzi\u0119ki temu ka\u017cda nagrana chwila jest odpowiednio zabezpieczona przed niechcianymi zniekszta\u0142ceniami d\u017awi\u0119ku.<\/p>\n<p>\n<img decoding=\"async\" src=\"https:\/\/assets.innpro.pl\/11152\/13207\/10.jpg\" border=\"0\" \/>\n<\/p>\n<h3>Ma\u0142y i dyskretny\u00a0<\/h3>\n<p>Nadajnik wa\u017cy jedynie 10 g, co pozwala na wygodne przypi\u0119cie do ubrania bez obci\u0105\u017cania ko\u0142nierzyka. Dzi\u0119ki magnetycznemu klipsowi DJI Mic Mini jest \u0142atwy do zamocowania, a jego kompaktowa konstrukcja umo\u017cliwia dyskretn\u0105 prac\u0119 w ka\u017cdym otoczeniu. Etui \u0142aduj\u0105ce (dost\u0119pne w wybranych zestawach lub do zakupienia osobno) pomie\u015bci jeden odbiornik, adaptery do smartfon\u00f3w i dwa nadajniki z os\u0142onami przeciwwietrznymi \u2013 wszystko to sprawia, \u017ce DJI Mic Mini jest idealnym rozwi\u0105zaniem dla os\u00f3b, kt\u00f3re nagrywaj\u0105 w ruchu.<\/p>\n<p>\n<img decoding=\"async\" src=\"https:\/\/assets.innpro.pl\/11152\/13207\/9.jpg\" border=\"0\" \/>\n<\/p>\n<h3>Nagrywaj bez zb\u0119dnych przerw<\/h3>\n<p>DJI Mic Mini zapewnia d\u0142ugi czas pracy, dlatego jest idealny na d\u0142ugie sesje nagraniowe. Nadajnik mo\u017ce dzia\u0142a\u0107 nawet przez 11,5 godziny, a odbiornik \u2013 oko\u0142o 10,5 godziny. Co wi\u0119cej, do\u0142\u0105czone etui \u0142aduj\u0105ce oferuje do 3,6 cykli \u0142adowania, co \u0142\u0105cznie przek\u0142ada si\u0119 na a\u017c 48 godzin pracy bez konieczno\u015bci dost\u0119pu do gniazdka. Dzi\u0119ki szybkiemu \u0142adowaniu wystarczy jedynie 5 minut, aby uzyska\u0107 kolejn\u0105 godzin\u0119 pracy \u2013 idealne na nag\u0142e wznowienia. Na pe\u0142ne na\u0142adowanie potrzeba jedynie 90 minut dla odbiornika i 100 minut dla nadajnika, co pozwala b\u0142yskawicznie wr\u00f3ci\u0107 do nagrywania. Dodatkowo funkcje oszcz\u0119dzania energii oraz automatycznego wy\u0142\u0105czania po 15 minutach bezczynno\u015bci sprawiaj\u0105, \u017ce urz\u0105dzenie jest zawsze gotowe do pracy, gdy tylko tego potrzebujesz.<\/p>\n<p>\n<img decoding=\"async\" src=\"https:\/\/assets.innpro.pl\/11152\/13207\/11.jpg\" border=\"0\" \/>\n<\/p>\n<h3>Stabilna transmisja i zasi\u0119g a\u017c do 400 m<\/h3>\n<p>Teraz mo\u017cesz polega\u0107 na niezak\u0142\u00f3conej jako\u015bci d\u017awi\u0119ku niezale\u017cnie od miejsca, w kt\u00f3rym nagrywasz. DJI Mic Mini oferuje stabiln\u0105, bezprzewodow\u0105 transmisj\u0119 sygna\u0142u na odleg\u0142o\u015b\u0107 nawet 400 metr\u00f3w, zapewniaj\u0105c pe\u0142n\u0105 swobod\u0119 ruchu. Co wi\u0119cej, technologia zastosowana w urz\u0105dzeniu skutecznie redukuje zak\u0142\u00f3cenia, dzi\u0119ki czemu \u015bwietnie sprawdza si\u0119 tak\u017ce w trudnych warunkach, takich jak ruchliwe ulice czy g\u0142o\u015bne sale. Teraz mo\u017cesz zarejestrowa\u0107 doskona\u0142y d\u017awi\u0119k wsz\u0119dzie tam, gdzie zaprowadzi Ci\u0119 Twoja kreatywno\u015b\u0107!<\/p>\n<p>\n<img decoding=\"async\" src=\"https:\/\/assets.innpro.pl\/11152\/13207\/8.jpg\" border=\"0\" \/>\n<\/p>\n<h3>Wszechstronny i kompatybilny<\/h3>\n<p>DJI Mic Mini wsp\u00f3\u0142pracuje z szerok\u0105 gam\u0105 urz\u0105dze\u0144, w tym smartfonami, tabletami i komputerami, umo\u017cliwiaj\u0105c wszechstronne zastosowanie. Odbiornik obs\u0142uguje automatyczne w\u0142\u0105czanie i wy\u0142\u0105czanie w synchronizacji z kamer\u0105, co dodatkowo u\u0142atwia nagrywanie. Mo\u017cesz jednocze\u015bnie \u0142adowa\u0107 urz\u0105dzenie i nagrywa\u0107, dzi\u0119ki czemu Tw\u00f3j sprz\u0119t jest zawsze gotowy do pracy. Kompatybilno\u015b\u0107 z DJI OsmoAudio\u2122 pozwala na bezpo\u015brednie po\u0142\u0105czenie DJI Mic Mini z DJI Osmo Action 5 Pro, DJI Osmo Action 4 i DJI Osmo Pocket 3 \u2013 i to bez u\u017cycia odbiornika.<\/p>\n<p>\n<img decoding=\"async\" src=\"https:\/\/assets.innpro.pl\/11152\/13207\/12.jpg\" border=\"0\" \/>\n<\/p>\n<h3>Bezprzewodowa swoboda nagrywania<\/h3>\n<p>Potrzebujesz ulepszy\u0107 d\u017awi\u0119k w filmach z drona? Teraz to mo\u017cliwe dzi\u0119ki DJI Mic Mini! Kompatybilno\u015b\u0107 z DJI Neo i \u0142atwe parowanie z aplikacj\u0105 DJI Fly umo\u017cliwiaj\u0105 bezprzewodowe po\u0142\u0105czenie mikrofonu przez Bluetooth za pomoc\u0105 smartfona. To wygodne rozwi\u0105zanie pozwoli Ci bez trudu stworzy\u0107 profesjonalne vlogi i inne materia\u0142y wideo. DJI Mic Mini oferuje tak\u017ce mo\u017cliwo\u015b\u0107 bezpo\u015bredniego po\u0142\u0105czenia nadajnika z telefonem bez potrzeby u\u017cywania odbiornika \u2013 doskona\u0142e rozwi\u0105zanie dla tw\u00f3rc\u00f3w, kt\u00f3rzy ceni\u0105 wygod\u0119 i pracuj\u0105 z aplikacjami innych producent\u00f3w.<\/p>\n<p>\n<img decoding=\"async\" src=\"https:\/\/assets.innpro.pl\/11152\/13207\/6.jpg\" border=\"0\" \/>\n<\/p>\n<h3>Dodatkowe mo\u017cliwo\u015bci dzi\u0119ki aplikacji DJI Mimo<\/h3>\n<p>Aplikacja DJI Mimo pozwala maksymalnie wykorzysta\u0107 potencja\u0142 DJI Mic Mini. Dzi\u0119ki niej mo\u017cesz aktualizowa\u0107 oprogramowanie nadajnika, zarz\u0105dza\u0107 ustawieniami redukcji szum\u00f3w, automatycznego ograniczenia g\u0142o\u015bno\u015bci i wielu innych funkcji. Aplikacja umo\u017cliwia tak\u017ce aktualizacj\u0119 odbiornika za pomoc\u0105 adaptera USB-C \u2013 w prosty spos\u00f3b dostosujesz sprz\u0119t do swoich potrzeb.<\/p>\n<p>\n<img decoding=\"async\" src=\"https:\/\/assets.innpro.pl\/11152\/13207\/3.jpg\" border=\"0\" \/>\n<\/p>\n<h3>Dost\u0119pne zestawy na ka\u017cd\u0105 okazj\u0119<\/h3>\n<p>Wybierz DJI Mic Mini, kt\u00f3ry spe\u0142ni Twoje oczekiwania. W sprzeda\u017cy dost\u0119pne s\u0105 r\u00f3\u017cne zestawy, w tym z dwoma nadajnikami i etui \u0142aduj\u0105cym lub z jednym nadajnikiem i odbiornikiem. Je\u015bli potrzebujesz dodatkowego wyposa\u017cenia, mo\u017cesz tak\u017ce dokupi\u0107 poszczeg\u00f3lne komponenty osobno, dostosowuj\u0105c sprz\u0119t do swoich potrzeb.<\/p>\n<p>\n<img decoding=\"async\" src=\"https:\/\/assets.innpro.pl\/11152\/13207\/5.jpg\" border=\"0\" \/>\n<\/p>\n<h3>W zestawie<\/h3>\n<ul class=\"list-disc pl-5\">\n<li>Nadajnik DJI Mic Mini (czarny) x 2<\/li>\n<li>Odbiornik DJI Mic Mini x 1<\/li>\n<li>Etui \u0142aduj\u0105ce do DJI Mic Mini x 1<\/li>\n<li>Magnetyczny klips x 1<\/li>\n<li>Os\u0142ona przeciwwietrzna (czarna \/ szara) x 1<\/li>\n<li>Os\u0142ona przeciwwietrzna (czarna) x 1<\/li>\n<li>Adapter do telefonu (USB-C) x 1<\/li>\n<li>Kabel audio do kamery (3,5 mm TRS) x 1<\/li>\n<li>Torba transportowa x 1<\/li>\n<li>Kabel do \u0142adowania USB-C x 1<\/li>\n<\/ul>\n<div class=\"table-wrapper\">\n<p>\u00a0<\/p>\n<h3>Nadajnik DJI Mic Mini<\/h3>\n<table>\n<tbody>\n<tr>\n<th>Model <\/th>\n<td>DMMT01<\/td>\n<\/tr>\n<tr>\n<th>Wymiary<\/th>\n<td>26,55\u00d726,06\u00d715,96 mm (D\u00d7S\u00d7W)<\/td>\n<\/tr>\n<tr>\n<th>Waga <\/th>\n<td>Ok. 10 g (bez magnetycznego klipsa)<\/td>\n<\/tr>\n<tr>\n<th>Tryb bezprzewodowy<\/th>\n<td>GFSK 2 Mbps<\/td>\n<\/tr>\n<tr>\n<th>EIRP<\/th>\n<td>&lt; 20 dBm<\/td>\n<\/tr>\n<tr>\n<th>Cz\u0119stotliwo\u015b\u0107 robocza trybu bezprzewodowego<\/th>\n<td>2,400-2,4835 GHz<\/td>\n<\/tr>\n<tr>\n<th>Protok\u00f3\u0142 Bluetooth <\/th>\n<td>Bluetooth 5.3<\/td>\n<\/tr>\n<tr>\n<th>Cz\u0119stotliwo\u015b\u0107 robocza Bluetooth<\/th>\n<td>2,400-2,4835 GHz<\/td>\n<\/tr>\n<tr>\n<th>Moc nadajnika Bluetooth (EIRP)<\/th>\n<td>&lt; 20 dBm<\/td>\n<\/tr>\n<tr>\n<th>Typ akumulatora <\/th>\n<td>Li-ion<\/td>\n<\/tr>\n<tr>\n<th>Pojemno\u015b\u0107 akumulatora<\/th>\n<td>114 mAh<\/td>\n<\/tr>\n<tr>\n<th>Energia akumulatora<\/th>\n<td>0,44 Wh<\/td>\n<\/tr>\n<tr>\n<th>Napi\u0119cie akumulatora<\/th>\n<td>3,87 V<\/td>\n<\/tr>\n<tr>\n<th>Specyfikacja \u0142adowania<\/th>\n<td>Maks. 5 V<\/td>\n<\/tr>\n<tr>\n<th>Temperatura \u0142adowania<\/th>\n<td>Od 5\u00b0C do 45\u00b0C<\/td>\n<\/tr>\n<tr>\n<th>Temperatura pracy<\/th>\n<td>Od -10\u00b0C do 45\u00b0C<\/td>\n<\/tr>\n<tr>\n<th>Czas \u0142adowania<\/th>\n<td>Ok. 90 minut<\/td>\n<\/tr>\n<tr>\n<th>Czas pracy<\/th>\n<td>Ok. 11,5 godziny<\/td>\n<\/tr>\n<\/tbody>\n<\/table>\n<p>\u00a0<\/p>\n<h3>Odbiornik DJI Mic Mini<\/h3>\n<table>\n<tbody>\n<tr>\n<th>Model<\/th>\n<td>DMMR01<\/td>\n<\/tr>\n<tr>\n<th>Wymiary<\/th>\n<td>46,50\u00d729,61\u00d719,32 mm (D\u00d7S\u00d7W)<\/td>\n<\/tr>\n<tr>\n<th>Waga<\/th>\n<td>Ok. 17,8 g (z os\u0142on\u0105 interfejsu)<\/td>\n<\/tr>\n<tr>\n<th>Tryb bezprzewodowy<\/th>\n<td>GFSK 2 Mbps<\/td>\n<\/tr>\n<tr>\n<th>EIRP<\/th>\n<td>&lt; 20 dBm<\/td>\n<\/tr>\n<tr>\n<th>Cz\u0119stotliwo\u015b\u0107 robocza<\/th>\n<td>2,400-2,4835 GHz<\/td>\n<\/tr>\n<tr>\n<th>Protok\u00f3\u0142 Bluetooth <\/th>\n<td>Bluetooth 5.3<\/td>\n<\/tr>\n<tr>\n<th>Moc nadajnika Bluetooth (EIRP)<\/th>\n<td>&lt; 20 dBm<\/td>\n<\/tr>\n<tr>\n<th>Cz\u0119stotliwo\u015b\u0107 robocza Bluetooth<\/th>\n<td>2,400-2,4835 GHz<\/td>\n<\/tr>\n<tr>\n<th>Typ akumulatora<\/th>\n<td>Li-ion<\/td>\n<\/tr>\n<tr>\n<th>Pojemno\u015b\u0107 akumulatora<\/th>\n<td>170 mAh<\/td>\n<\/tr>\n<tr>\n<th>Energia akumulatora<\/th>\n<td>0,66 Wh<\/td>\n<\/tr>\n<tr>\n<th>Napi\u0119cie akumulatora<\/th>\n<td>3,87 V<\/td>\n<\/tr>\n<tr>\n<th>Specyfikacja \u0142adowania<\/th>\n<td>Maks. 5 V<\/td>\n<\/tr>\n<tr>\n<th>Temperatura \u0142adowania<\/th>\n<td>Od 5\u00b0C do 45\u00b0C<\/td>\n<\/tr>\n<tr>\n<th>Temperatura pracy<\/th>\n<td>Od -10\u00b0C do 45\u00b0C<\/td>\n<\/tr>\n<tr>\n<th>Czas \u0142adowania<\/th>\n<td>Ok. 100 minut<\/td>\n<\/tr>\n<tr>\n<th>Czas pracy<\/th>\n<td>Ok. 10,5 godziny<\/td>\n<\/tr>\n<\/tbody>\n<\/table>\n<p>\u00a0<\/p>\n<h3>Etui \u0142aduj\u0105ce do DJI Mic Mini<\/h3>\n<table>\n<tbody>\n<tr>\n<th>Model<\/th>\n<td>DMMC01<\/td>\n<\/tr>\n<tr>\n<th>Wymiary<\/th>\n<td>96,10\u00d741,00\u00d759,35 mm (D\u00d7S\u00d7W)<\/td>\n<\/tr>\n<tr>\n<th>Waga<\/th>\n<td>Ok. 139 g (tylko etui \u0142aduj\u0105ce)<\/td>\n<\/tr>\n<tr>\n<th>Typ akumulatora<\/th>\n<td>Li-ion<\/td>\n<\/tr>\n<tr>\n<th>Pojemno\u015b\u0107 akumulatora<\/th>\n<td>1950 mAh<\/td>\n<\/tr>\n<tr>\n<th>Energia akumulatora<\/th>\n<td>7,55 Wh<\/td>\n<\/tr>\n<tr>\n<th>Napi\u0119cie akumulatora<\/th>\n<td>3,87 V<\/td>\n<\/tr>\n<tr>\n<th>Specyfikacja \u0142adowania<\/th>\n<td>Maks. 5 V, 1,5-2 A<\/td>\n<\/tr>\n<tr>\n<th>Temperatura \u0142adowania<\/th>\n<td>Od 5\u00b0C do 40\u00b0C<\/td>\n<\/tr>\n<tr>\n<th>Temperatura pracy<\/th>\n<td>Od 5\u00b0C do 45\u00b0C<\/td>\n<\/tr>\n<tr>\n<th>Czas \u0142adowania<\/th>\n<td>Ok. 2 godzin<\/td>\n<\/tr>\n<tr>\n<th>Cykle \u0142adowania dla TX i RX<\/th>\n<td>W przypadku jednoczesnego \u0142adowania dw\u00f3ch nadajnik\u00f3w i jednego odbiornika w pe\u0142ni na\u0142adowane etui mo\u017ce na\u0142adowa\u0107 je do 100% oko\u0142o 3,6 raza.<\/td>\n<\/tr>\n<\/tbody>\n<\/table>\n<p>\u00a0<\/p>\n<h3>Og\u00f3lne<\/h3>\n<table>\n<tbody>\n<tr>\n<th>Kierunkowo\u015b\u0107 <\/th>\n<td>Dook\u00f3lny<\/td>\n<\/tr>\n<tr>\n<th>Pasmo przenoszenia <\/th>\n<td>Bez Low Cut: 20 Hz &#8211; 20 kHz;<br \/>Z Low Cut: 100 Hz &#8211; 20 kHz;<\/td>\n<\/tr>\n<tr>\n<th>Maks. poziom ci\u015bnienia akustycznego (SPL)<\/th>\n<td>120 dB SPL<\/td>\n<\/tr>\n<tr>\n<th>Maks. poziom wej\u015bciowy (3,5 mm) <\/th>\n<td>&#8211;<\/td>\n<\/tr>\n<tr>\n<th>Ha\u0142as r\u00f3wnowa\u017cny<\/th>\n<td>24 dBA<\/td>\n<\/tr>\n<tr>\n<th>Moc wyj\u015bciowa interfejsu monitora<\/th>\n<td>&#8211;<\/td>\n<\/tr>\n<tr>\n<th>Maks. zasi\u0119g transmisji <\/th>\n<td>400 m<\/td>\n<\/tr>\n<\/tbody>\n<\/table>\n<\/div>\n","protected":false},"excerpt":{"rendered":"<p>DJI Mic Mini \u2013 kompaktowa moc d\u017awi\u0119ku Poznaj DJI Mic Mini \u2013 niewielki, ale funkcjonalny mikrofon bezprzewodowy, oferuj\u0105cy profesjonaln\u0105 jako\u015b\u0107<\/p>\n","protected":false},"featured_media":59908,"comment_status":"closed","ping_status":"open","template":"","meta":{"_acf_changed":false},"product_brand":[],"product_cat":[6206,1128],"product_tag":[],"class_list":{"0":"post-59907","1":"product","2":"type-product","3":"status-publish","4":"has-post-thumbnail","6":"product_cat-dji-pro","7":"product_cat-foto-wideo","8":"pa_producent-dji","10":"first","11":"outofstock","12":"taxable","13":"shipping-taxable","14":"purchasable","15":"product-type-simple"},"acf":[],"yoast_head":"<!-- This site is optimized with the Yoast SEO plugin v27.2 - https:\/\/yoast.com\/product\/yoast-seo-wordpress\/ -->\n<title>System mikrofon\u00f3w bezprzewodowych DJI Mic Mini (2 TX + 1 RX + Etui \u0142aduj\u0105ce) - IRONSKY.PL Sklep z Dronami<\/title>\n<meta name=\"description\" content=\"System mikrofon\u00f3w bezprzewodowych DJI Mic Mini (2 TX + 1 RX + Etui \u0142aduj\u0105ce) - \u2705 sklep z dronami i fachowym doradztwem. \u2705 Tutaj kupisz produkty DJI, Yuneec, Parrot, Syma i wiele innych, a tak\u017ce kursy i licencje na operatora drona.\" \/>\n<meta name=\"robots\" content=\"index, follow, max-snippet:-1, max-image-preview:large, max-video-preview:-1\" \/>\n<link rel=\"canonical\" href=\"https:\/\/ironsky.pl\/sklep\/produkt\/system-mikrofonow-bezprzewodowych-dji-mic-mini-2-tx-1-rx-etui-ladujace-2\/\" \/>\n<meta property=\"og:locale\" content=\"pl_PL\" \/>\n<meta property=\"og:type\" content=\"article\" \/>\n<meta property=\"og:title\" content=\"System mikrofon\u00f3w bezprzewodowych DJI Mic Mini (2 TX + 1 RX + Etui \u0142aduj\u0105ce) - IRONSKY.PL Sklep z Dronami\" \/>\n<meta property=\"og:description\" content=\"System mikrofon\u00f3w bezprzewodowych DJI Mic Mini (2 TX + 1 RX + Etui \u0142aduj\u0105ce) - \u2705 sklep z dronami i fachowym doradztwem. \u2705 Tutaj kupisz produkty DJI, Yuneec, Parrot, Syma i wiele innych, a tak\u017ce kursy i licencje na operatora drona.\" \/>\n<meta property=\"og:url\" content=\"https:\/\/ironsky.pl\/sklep\/produkt\/system-mikrofonow-bezprzewodowych-dji-mic-mini-2-tx-1-rx-etui-ladujace-2\/\" \/>\n<meta property=\"og:site_name\" content=\"IRONSKY.PL Sklep z Dronami\" \/>\n<meta property=\"og:image\" content=\"https:\/\/ironsky.pl\/sklep\/wp-content\/uploads\/2026\/04\/48898_1.jpg\" \/>\n\t<meta property=\"og:image:width\" content=\"800\" \/>\n\t<meta property=\"og:image:height\" content=\"800\" \/>\n\t<meta property=\"og:image:type\" content=\"image\/jpeg\" \/>\n<meta name=\"twitter:card\" content=\"summary_large_image\" \/>\n<meta name=\"twitter:label1\" content=\"Szacowany czas czytania\" \/>\n\t<meta name=\"twitter:data1\" content=\"7 minut\" \/>\n<script type=\"application\/ld+json\" class=\"yoast-schema-graph\">{\"@context\":\"https:\/\/schema.org\",\"@graph\":[{\"@type\":\"WebPage\",\"@id\":\"https:\/\/ironsky.pl\/sklep\/produkt\/system-mikrofonow-bezprzewodowych-dji-mic-mini-2-tx-1-rx-etui-ladujace-2\/\",\"url\":\"https:\/\/ironsky.pl\/sklep\/produkt\/system-mikrofonow-bezprzewodowych-dji-mic-mini-2-tx-1-rx-etui-ladujace-2\/\",\"name\":\"System mikrofon\u00f3w bezprzewodowych DJI Mic Mini (2 TX + 1 RX + Etui \u0142aduj\u0105ce) - IRONSKY.PL Sklep z Dronami\",\"isPartOf\":{\"@id\":\"https:\/\/ironsky.pl\/sklep\/#website\"},\"primaryImageOfPage\":{\"@id\":\"https:\/\/ironsky.pl\/sklep\/produkt\/system-mikrofonow-bezprzewodowych-dji-mic-mini-2-tx-1-rx-etui-ladujace-2\/#primaryimage\"},\"image\":{\"@id\":\"https:\/\/ironsky.pl\/sklep\/produkt\/system-mikrofonow-bezprzewodowych-dji-mic-mini-2-tx-1-rx-etui-ladujace-2\/#primaryimage\"},\"thumbnailUrl\":\"https:\/\/ironsky.pl\/sklep\/wp-content\/uploads\/2026\/04\/48898_1.jpg\",\"datePublished\":\"2026-04-15T08:53:23+00:00\",\"description\":\"System mikrofon\u00f3w bezprzewodowych DJI Mic Mini (2 TX + 1 RX + Etui \u0142aduj\u0105ce) - \u2705 sklep z dronami i fachowym doradztwem. \u2705 Tutaj kupisz produkty DJI, Yuneec, Parrot, Syma i wiele innych, a tak\u017ce kursy i licencje na operatora drona.\",\"breadcrumb\":{\"@id\":\"https:\/\/ironsky.pl\/sklep\/produkt\/system-mikrofonow-bezprzewodowych-dji-mic-mini-2-tx-1-rx-etui-ladujace-2\/#breadcrumb\"},\"inLanguage\":\"pl-PL\",\"potentialAction\":[{\"@type\":\"ReadAction\",\"target\":[\"https:\/\/ironsky.pl\/sklep\/produkt\/system-mikrofonow-bezprzewodowych-dji-mic-mini-2-tx-1-rx-etui-ladujace-2\/\"]}]},{\"@type\":\"ImageObject\",\"inLanguage\":\"pl-PL\",\"@id\":\"https:\/\/ironsky.pl\/sklep\/produkt\/system-mikrofonow-bezprzewodowych-dji-mic-mini-2-tx-1-rx-etui-ladujace-2\/#primaryimage\",\"url\":\"https:\/\/ironsky.pl\/sklep\/wp-content\/uploads\/2026\/04\/48898_1.jpg\",\"contentUrl\":\"https:\/\/ironsky.pl\/sklep\/wp-content\/uploads\/2026\/04\/48898_1.jpg\",\"width\":800,\"height\":800},{\"@type\":\"BreadcrumbList\",\"@id\":\"https:\/\/ironsky.pl\/sklep\/produkt\/system-mikrofonow-bezprzewodowych-dji-mic-mini-2-tx-1-rx-etui-ladujace-2\/#breadcrumb\",\"itemListElement\":[{\"@type\":\"ListItem\",\"position\":1,\"name\":\"Strona g\u0142\u00f3wna\",\"item\":\"https:\/\/ironsky.pl\/sklep\/\"},{\"@type\":\"ListItem\",\"position\":2,\"name\":\"Wszystkie produkty\",\"item\":\"https:\/\/ironsky.pl\/sklep\/produkty\/\"},{\"@type\":\"ListItem\",\"position\":3,\"name\":\"System mikrofon\u00f3w bezprzewodowych DJI Mic Mini (2 TX + 1 RX + Etui \u0142aduj\u0105ce)\"}]},{\"@type\":\"WebSite\",\"@id\":\"https:\/\/ironsky.pl\/sklep\/#website\",\"url\":\"https:\/\/ironsky.pl\/sklep\/\",\"name\":\"IRONSKY.PL Sklep z Dronami\",\"description\":\"IRONSKY.PL Sklep z Dronami\",\"potentialAction\":[{\"@type\":\"SearchAction\",\"target\":{\"@type\":\"EntryPoint\",\"urlTemplate\":\"https:\/\/ironsky.pl\/sklep\/?s={search_term_string}\"},\"query-input\":{\"@type\":\"PropertyValueSpecification\",\"valueRequired\":true,\"valueName\":\"search_term_string\"}}],\"inLanguage\":\"pl-PL\"}]}<\/script>\n<!-- \/ Yoast SEO plugin. -->","yoast_head_json":{"title":"System mikrofon\u00f3w bezprzewodowych DJI Mic Mini (2 TX + 1 RX + Etui \u0142aduj\u0105ce) - IRONSKY.PL Sklep z Dronami","description":"System mikrofon\u00f3w bezprzewodowych DJI Mic Mini (2 TX + 1 RX + Etui \u0142aduj\u0105ce) - \u2705 sklep z dronami i fachowym doradztwem. \u2705 Tutaj kupisz produkty DJI, Yuneec, Parrot, Syma i wiele innych, a tak\u017ce kursy i licencje na operatora drona.","robots":{"index":"index","follow":"follow","max-snippet":"max-snippet:-1","max-image-preview":"max-image-preview:large","max-video-preview":"max-video-preview:-1"},"canonical":"https:\/\/ironsky.pl\/sklep\/produkt\/system-mikrofonow-bezprzewodowych-dji-mic-mini-2-tx-1-rx-etui-ladujace-2\/","og_locale":"pl_PL","og_type":"article","og_title":"System mikrofon\u00f3w bezprzewodowych DJI Mic Mini (2 TX + 1 RX + Etui \u0142aduj\u0105ce) - IRONSKY.PL Sklep z Dronami","og_description":"System mikrofon\u00f3w bezprzewodowych DJI Mic Mini (2 TX + 1 RX + Etui \u0142aduj\u0105ce) - \u2705 sklep z dronami i fachowym doradztwem. \u2705 Tutaj kupisz produkty DJI, Yuneec, Parrot, Syma i wiele innych, a tak\u017ce kursy i licencje na operatora drona.","og_url":"https:\/\/ironsky.pl\/sklep\/produkt\/system-mikrofonow-bezprzewodowych-dji-mic-mini-2-tx-1-rx-etui-ladujace-2\/","og_site_name":"IRONSKY.PL Sklep z Dronami","og_image":[{"width":800,"height":800,"url":"https:\/\/ironsky.pl\/sklep\/wp-content\/uploads\/2026\/04\/48898_1.jpg","type":"image\/jpeg"}],"twitter_card":"summary_large_image","twitter_misc":{"Szacowany czas czytania":"7 minut"},"schema":{"@context":"https:\/\/schema.org","@graph":[{"@type":"WebPage","@id":"https:\/\/ironsky.pl\/sklep\/produkt\/system-mikrofonow-bezprzewodowych-dji-mic-mini-2-tx-1-rx-etui-ladujace-2\/","url":"https:\/\/ironsky.pl\/sklep\/produkt\/system-mikrofonow-bezprzewodowych-dji-mic-mini-2-tx-1-rx-etui-ladujace-2\/","name":"System mikrofon\u00f3w bezprzewodowych DJI Mic Mini (2 TX + 1 RX + Etui \u0142aduj\u0105ce) - IRONSKY.PL Sklep z Dronami","isPartOf":{"@id":"https:\/\/ironsky.pl\/sklep\/#website"},"primaryImageOfPage":{"@id":"https:\/\/ironsky.pl\/sklep\/produkt\/system-mikrofonow-bezprzewodowych-dji-mic-mini-2-tx-1-rx-etui-ladujace-2\/#primaryimage"},"image":{"@id":"https:\/\/ironsky.pl\/sklep\/produkt\/system-mikrofonow-bezprzewodowych-dji-mic-mini-2-tx-1-rx-etui-ladujace-2\/#primaryimage"},"thumbnailUrl":"https:\/\/ironsky.pl\/sklep\/wp-content\/uploads\/2026\/04\/48898_1.jpg","datePublished":"2026-04-15T08:53:23+00:00","description":"System mikrofon\u00f3w bezprzewodowych DJI Mic Mini (2 TX + 1 RX + Etui \u0142aduj\u0105ce) - \u2705 sklep z dronami i fachowym doradztwem. \u2705 Tutaj kupisz produkty DJI, Yuneec, Parrot, Syma i wiele innych, a tak\u017ce kursy i licencje na operatora drona.","breadcrumb":{"@id":"https:\/\/ironsky.pl\/sklep\/produkt\/system-mikrofonow-bezprzewodowych-dji-mic-mini-2-tx-1-rx-etui-ladujace-2\/#breadcrumb"},"inLanguage":"pl-PL","potentialAction":[{"@type":"ReadAction","target":["https:\/\/ironsky.pl\/sklep\/produkt\/system-mikrofonow-bezprzewodowych-dji-mic-mini-2-tx-1-rx-etui-ladujace-2\/"]}]},{"@type":"ImageObject","inLanguage":"pl-PL","@id":"https:\/\/ironsky.pl\/sklep\/produkt\/system-mikrofonow-bezprzewodowych-dji-mic-mini-2-tx-1-rx-etui-ladujace-2\/#primaryimage","url":"https:\/\/ironsky.pl\/sklep\/wp-content\/uploads\/2026\/04\/48898_1.jpg","contentUrl":"https:\/\/ironsky.pl\/sklep\/wp-content\/uploads\/2026\/04\/48898_1.jpg","width":800,"height":800},{"@type":"BreadcrumbList","@id":"https:\/\/ironsky.pl\/sklep\/produkt\/system-mikrofonow-bezprzewodowych-dji-mic-mini-2-tx-1-rx-etui-ladujace-2\/#breadcrumb","itemListElement":[{"@type":"ListItem","position":1,"name":"Strona g\u0142\u00f3wna","item":"https:\/\/ironsky.pl\/sklep\/"},{"@type":"ListItem","position":2,"name":"Wszystkie produkty","item":"https:\/\/ironsky.pl\/sklep\/produkty\/"},{"@type":"ListItem","position":3,"name":"System mikrofon\u00f3w bezprzewodowych DJI Mic Mini (2 TX + 1 RX + Etui \u0142aduj\u0105ce)"}]},{"@type":"WebSite","@id":"https:\/\/ironsky.pl\/sklep\/#website","url":"https:\/\/ironsky.pl\/sklep\/","name":"IRONSKY.PL Sklep z Dronami","description":"IRONSKY.PL Sklep z Dronami","potentialAction":[{"@type":"SearchAction","target":{"@type":"EntryPoint","urlTemplate":"https:\/\/ironsky.pl\/sklep\/?s={search_term_string}"},"query-input":{"@type":"PropertyValueSpecification","valueRequired":true,"valueName":"search_term_string"}}],"inLanguage":"pl-PL"}]}},"_links":{"self":[{"href":"https:\/\/ironsky.pl\/sklep\/wp-json\/wp\/v2\/product\/59907","targetHints":{"allow":["GET"]}}],"collection":[{"href":"https:\/\/ironsky.pl\/sklep\/wp-json\/wp\/v2\/product"}],"about":[{"href":"https:\/\/ironsky.pl\/sklep\/wp-json\/wp\/v2\/types\/product"}],"replies":[{"embeddable":true,"href":"https:\/\/ironsky.pl\/sklep\/wp-json\/wp\/v2\/comments?post=59907"}],"wp:featuredmedia":[{"embeddable":true,"href":"https:\/\/ironsky.pl\/sklep\/wp-json\/wp\/v2\/media\/59908"}],"wp:attachment":[{"href":"https:\/\/ironsky.pl\/sklep\/wp-json\/wp\/v2\/media?parent=59907"}],"wp:term":[{"taxonomy":"product_brand","embeddable":true,"href":"https:\/\/ironsky.pl\/sklep\/wp-json\/wp\/v2\/product_brand?post=59907"},{"taxonomy":"product_cat","embeddable":true,"href":"https:\/\/ironsky.pl\/sklep\/wp-json\/wp\/v2\/product_cat?post=59907"},{"taxonomy":"product_tag","embeddable":true,"href":"https:\/\/ironsky.pl\/sklep\/wp-json\/wp\/v2\/product_tag?post=59907"}],"curies":[{"name":"wp","href":"https:\/\/api.w.org\/{rel}","templated":true}]}}