{"id":59902,"date":"2026-04-15T10:52:49","date_gmt":"2026-04-15T08:52:49","guid":{"rendered":"https:\/\/ironsky.pl\/sklep\/produkt\/router-mobilny-glocalme-duoturbo-4g-lte-wi-fi\/"},"modified":"2026-04-15T10:53:19","modified_gmt":"2026-04-15T08:53:19","slug":"router-mobilny-glocalme-duoturbo-4g-lte-wi-fi","status":"publish","type":"product","link":"https:\/\/ironsky.pl\/sklep\/produkt\/router-mobilny-glocalme-duoturbo-4g-lte-wi-fi\/","title":{"rendered":"Router mobilny GLOCALME Duoturbo 4G\/LTE Wi-Fi"},"content":{"rendered":"<h3>Przeno\u015bny router Wi-Fi 4G\/LTE GlocalMe Duoturbo<\/h3>\n<p>GlocalMe Duoturbo to urz\u0105dzenie, kt\u00f3re redefiniuje spos\u00f3b korzystania z internetu w podr\u00f3\u017cy. Kompaktowe wymiary (126 \u00d7 66 \u00d7 12,6 mm) oraz lekka konstrukcja (148 g) u\u0142atwiaj\u0105 transport. A wbudowana technologia CloudSIM oferuje po\u0142\u0105czenie 4G\/LTE, bez potrzeby stosowania tradycyjnych kart SIM, w ponad 150 krajach. Opr\u00f3cz tego router zosta\u0142 wyposa\u017cony w wy\u015bwietlacz LCD o przek\u0105tnej 2,4 cala, kt\u00f3ry umo\u017cliwia \u0142atwe zarz\u0105dzanie ustawieniami i monitorowanie statusu sieci. Produkt wyr\u00f3\u017cnia si\u0119 tak\u017ce czasem pracy do 12 godzin na jednym \u0142adowaniu.<\/p>\n<p>\n<img decoding=\"async\" src=\"https:\/\/assets.innpro.pl\/11222\/13232\/1a (1).jpg\" border=\"0\" alt=\"\" \/>\n<\/p>\n<h3>Dost\u0119p do internet gdziekolwiek chcesz<\/h3>\n<p>Router Duoturbo obs\u0142uguje szerok\u0105 gam\u0119 pasm FDD-LTE i TDD-LTE, pozwalaj\u0105c na korzystanie z sieci 4G\/LTE niemal w ka\u017cdym zak\u0105tku \u015bwiata. A wbudowana technologia CloudSIM automatycznie \u0142\u0105czy Ci\u0119 z najlepsz\u0105 dost\u0119pn\u0105 sieci\u0105 w danej lokalizacji, bez potrzeby zakupu lokalnej karty SIM. Wsparcie standard\u00f3w WCDMA i GSM, zapewnia elastyczno\u015b\u0107 i stabilno\u015b\u0107 transferu w r\u00f3\u017cnych warunkach. Ponadto jego maksymalna pr\u0119dko\u015b\u0107 pobierania wynosi 150 Mbps, a wysy\u0142ania \u2013 50 Mbps, co gwarantuje szybkie po\u0142\u0105czenie, nawet przy du\u017cym obci\u0105\u017ceniu.<\/p>\n<p>\n<img decoding=\"async\" src=\"https:\/\/assets.innpro.pl\/11222\/13232\/1a (2).jpg\" border=\"0\" alt=\"\" \/>\n<\/p>\n<h3>Szybkie Wi-Fi dla wielu urz\u0105dze\u0144<\/h3>\n<p>GlocalMe Duoturbo obs\u0142uguje Wi-Fi 2,4 GHz (802.11 b\/g\/n) i pozwala na jednoczesne pod\u0142\u0105czenie nawet 10 urz\u0105dze\u0144, co czyni je idealnym rozwi\u0105zaniem zar\u00f3wno dla pracy w zespole, jak i rodzinnych wyjazd\u00f3w. Co wi\u0119cej, router mo\u017ce obs\u0142u\u017cy\u0107 jedn\u0105 kart\u0119 Nano SIM, daj\u0105c mo\u017cliwo\u015b\u0107 elastycznego korzystania z r\u00f3\u017cnych operator\u00f3w sieci.<\/p>\n<p>\n<img decoding=\"async\" src=\"https:\/\/assets.innpro.pl\/11222\/13232\/1a (6).jpg\" border=\"0\" alt=\"\" \/>\n<\/p>\n<h3>Wydajny akumulator, sprawne \u0142adowanie<\/h3>\n<p>GlocalMe Duoturbo zosta\u0142 wyposa\u017cony w akumulator o pojemno\u015bci 3500 mAh, kt\u00f3ry zapewnia ponad 12 godzin ci\u0105g\u0142ej pracy. Dodatkowo dzi\u0119ki portowi USB-C urz\u0105dzenie mo\u017cna w kr\u00f3tkim czasie na\u0142adowa\u0107 pr\u0105dem 5 V \/ 2 A \u2013 nie musisz zbyt d\u0142ugo czeka\u0107, a\u017c b\u0119dzie zn\u00f3w gotowe do dzia\u0142ania!<\/p>\n<p>\n<img decoding=\"async\" src=\"https:\/\/assets.innpro.pl\/11222\/13232\/1a (4).jpg\" border=\"0\" alt=\"\" \/>\n<\/p>\n<h3>Nowoczesny wy\u015bwietlacz<\/h3>\n<p>Router posiada 2,4-calowy ekran dotykowy o rozdzielczo\u015bci QVGA (240 \u00d7 320), kt\u00f3ry u\u0142atwia monitorowanie statusu po\u0142\u0105czenia, poziomu baterii oraz innych ustawie\u0144. Wytrzyma\u0142e szk\u0142o 2D chroni ekran przed zarysowaniami, a elegancka konstrukcja sprawia, \u017ce urz\u0105dzenie jest nie tylko funkcjonalne, ale tak\u017ce stylowe.<\/p>\n<p>\n<img decoding=\"async\" src=\"https:\/\/assets.innpro.pl\/11222\/13232\/1a (3).jpg\" border=\"0\" alt=\"\" \/>\n<\/p>\n<h3>Kompaktowy i lekki<\/h3>\n<p>Z wymiarami 126 \u00d7 66 \u00d7 12,6 mm oraz wag\u0105 zaledwie 148 g, GlocalMe Duoturbo jest niezwykle por\u0119czny i \u0142atwy w transporcie. Dzi\u0119ki czemu zmie\u015bci si\u0119 w kieszeni lub torbie, zapewniaj\u0105c wygodny dost\u0119p do internetu w ka\u017cdym momencie.<\/p>\n<p>\n<img decoding=\"async\" src=\"https:\/\/assets.innpro.pl\/11222\/13232\/1a (5).jpg\" border=\"0\" alt=\"\" \/>\n<\/p>\n<h3>Idealny w podr\u00f3\u017cy, idealny dla ciebie<\/h3>\n<p>GlocalMe Duoturbo to innowacyjne urz\u0105dzenie, kt\u00f3re \u0142\u0105czy mobilno\u015b\u0107 z niezawodno\u015bci\u0105. Za spraw\u0105 implementacji nowoczesnych technologii, obs\u0142udze wielu standard\u00f3w i d\u0142ugiemu czasu pracy, jest to doskona\u0142e rozwi\u0105zanie dla podr\u00f3\u017cnik\u00f3w, profesjonalist\u00f3w i dla ka\u017cdego, kto potrzebuje stabilnego internetu w dowolnym miejscu na \u015bwiecie.<\/p>\n<p>\n<img decoding=\"async\" src=\"https:\/\/assets.innpro.pl\/11222\/13232\/1a (7).jpg\" border=\"0\" alt=\"\" \/>\n<\/p>\n<div class=\"table-wrapper\">\n<p>\u00a0<\/p>\n<h3><\/h3>\n<table>\n<tbody>\n<tr>\n<th>Producent<\/th>\n<td>GlocalMe<\/td>\n<\/tr>\n<tr>\n<th>Model<\/th>\n<td>Duoturbo black<\/td>\n<\/tr>\n<tr>\n<th>Wymiary<\/th>\n<td>126 \u00d7 66 \u00d7 12,6 mm  <\/td>\n<\/tr>\n<tr>\n<th>Materia\u0142 obudowy  <\/th>\n<td>Plastik  <\/td>\n<\/tr>\n<tr>\n<th>Kolor  <\/th>\n<td>Bia\u0142y <\/td>\n<\/tr>\n<tr>\n<th>Waga  <\/th>\n<td>148 g  <\/td>\n<\/tr>\n<tr>\n<th>Rozmiar wy\u015bwietlacza  <\/th>\n<td>2,4 cala<\/td>\n<\/tr>\n<tr>\n<th>Rozdzielczo\u015b\u0107  <\/th>\n<td>QVGA (240\u00d7320)  <\/td>\n<\/tr>\n<tr>\n<th>Ekran dotykowy  <\/th>\n<td>Tak (G+F)  <\/td>\n<\/tr>\n<tr>\n<th>Szk\u0142o  <\/th>\n<td>2D  <\/td>\n<\/tr>\n<tr>\n<th>CPU  <\/th>\n<td>QUALCOMM QM215  <\/td>\n<\/tr>\n<tr>\n<th>FDD-LTE  <\/th>\n<td>B1\/2\/3\/4\/5\/7\/8\/9\/12\/13\/17\/18\/19\/20\/25\/26\/28\/66  <\/td>\n<\/tr>\n<tr>\n<th>TDD-LTE  <\/th>\n<td>B34\/38\/39\/40\/41(194M)  <\/td>\n<\/tr>\n<tr>\n<th>WCDMA  <\/th>\n<td>B1\/2\/4\/5\/6\/8\/9\/19  <\/td>\n<\/tr>\n<tr>\n<th>TD-SCDMA  <\/th>\n<td>Nie  <\/td>\n<\/tr>\n<tr>\n<th>GSM  <\/th>\n<td>850\/900\/1800\/1900  <\/td>\n<\/tr>\n<tr>\n<th>CA<\/th>\n<td>Nie  <\/td>\n<\/tr>\n<tr>\n<th>Maks. pr\u0119dko\u015b\u0107 pobierania  <\/th>\n<td>150 Mbps  <\/td>\n<\/tr>\n<tr>\n<th>Maks. pr\u0119dko\u015b\u0107 przesy\u0142ania <\/th>\n<td>50 Mbps  <\/td>\n<\/tr>\n<tr>\n<th>FDD-LTE (podsie\u0107)<\/th>\n<td>B1\/2\/3\/4\/5\/7\/8\/9\/12\/13\/17\/18\/19\/20\/25\/26\/28\/66  <\/td>\n<\/tr>\n<tr>\n<th>TDD-LTE (podsie\u0107)<\/th>\n<td>B34\/38\/39\/40\/41(194M)  <\/td>\n<\/tr>\n<tr>\n<th>WCDMA (podsie\u0107)<\/th>\n<td>B1\/2\/4\/5\/6\/8\/9\/19  <\/td>\n<\/tr>\n<tr>\n<th>TD-SCDMA (podsie\u0107) <\/th>\n<td>Nie  <\/td>\n<\/tr>\n<tr>\n<th>CDMA\/EVDO (podsie\u0107)<\/th>\n<td>Nie  <\/td>\n<\/tr>\n<tr>\n<th>GSM (podsie\u0107)<\/th>\n<td>850\/900\/1800\/1900  <\/td>\n<\/tr>\n<tr>\n<th>CA (podsie\u0107)<\/th>\n<td>Nie  <\/td>\n<\/tr>\n<tr>\n<th>Maks. pr\u0119dko\u015b\u0107 pobierania (podsie\u0107)<\/th>\n<td>150 Mbps<\/td>\n<\/tr>\n<tr>\n<th>Maks. pr\u0119dko\u015b\u0107 przesy\u0142ania (podsie\u0107)<\/th>\n<td>50 Mbps<\/td>\n<\/tr>\n<tr>\n<th>WLAN  <\/th>\n<td>2,4 GHz (802.11 b\/g\/n)  <\/td>\n<\/tr>\n<tr>\n<th>Maksymalna liczba pod\u0142\u0105czonych urz\u0105dze\u0144  <\/th>\n<td>10  <\/td>\n<\/tr>\n<tr>\n<th>Bluetooth  <\/th>\n<td>Nie  <\/td>\n<\/tr>\n<tr>\n<th>GPS  <\/th>\n<td>Tak  <\/td>\n<\/tr>\n<tr>\n<th>Pojemno\u015b\u0107 akumulatora  <\/th>\n<td>3500 mAh<\/td>\n<\/tr>\n<tr>\n<th>Napi\u0119cie akumulatora<\/th>\n<td>3,8 V  <\/td>\n<\/tr>\n<tr>\n<th>Pr\u0105d \u0142adowania  <\/th>\n<td>5 V \/ 2 A  <\/td>\n<\/tr>\n<tr>\n<th>Czas pracy  <\/th>\n<td>Ok. 12 h <\/td>\n<\/tr>\n<tr>\n<th>Interfejs<\/th>\n<td>USB-C<\/td>\n<\/tr>\n<tr>\n<th>Gniazdo s\u0142uchawkowe  <\/th>\n<td>Nie  <\/td>\n<\/tr>\n<tr>\n<th>Karta pami\u0119ci  <\/th>\n<td>Nie  <\/td>\n<\/tr>\n<tr>\n<th>Karta SIM  <\/th>\n<td>1x Nano SIM  <\/td>\n<\/tr>\n<tr>\n<th>Przycisk zasilania  <\/th>\n<td>Przycisk boczny  <\/td>\n<\/tr>\n<tr>\n<th>Przycisk Reset  <\/th>\n<td>Nie<\/td>\n<\/tr>\n<\/tbody>\n<\/table>\n<\/div>\n","protected":false},"excerpt":{"rendered":"<p>Przeno\u015bny router Wi-Fi 4G\/LTE GlocalMe Duoturbo GlocalMe Duoturbo to urz\u0105dzenie, kt\u00f3re redefiniuje spos\u00f3b korzystania z internetu w podr\u00f3\u017cy. Kompaktowe wymiary<\/p>\n","protected":false},"featured_media":46571,"comment_status":"closed","ping_status":"open","template":"","meta":{"_acf_changed":false},"product_brand":[],"product_cat":[5929,6037],"product_tag":[],"class_list":{"0":"post-59902","1":"product","2":"type-product","3":"status-publish","4":"has-post-thumbnail","6":"product_cat-akcesoria-it","7":"product_cat-urzadzenia-sieciowe","8":"pa_okres-gwarancji-5754","9":"pa_producent-glocalme","11":"first","12":"outofstock","13":"taxable","14":"shipping-taxable","15":"purchasable","16":"product-type-simple"},"acf":[],"yoast_head":"<!-- This site is optimized with the Yoast SEO plugin v27.2 - https:\/\/yoast.com\/product\/yoast-seo-wordpress\/ -->\n<title>Router mobilny GLOCALME Duoturbo 4G\/LTE Wi-Fi - IRONSKY.PL Sklep z Dronami<\/title>\n<meta name=\"description\" content=\"Router mobilny GLOCALME Duoturbo 4G\/LTE Wi-Fi - \u2705 sklep z dronami i fachowym doradztwem. \u2705 Tutaj kupisz produkty DJI, Yuneec, Parrot, Syma i wiele innych, a tak\u017ce kursy i licencje na operatora drona.\" \/>\n<meta name=\"robots\" content=\"index, follow, max-snippet:-1, max-image-preview:large, max-video-preview:-1\" \/>\n<link rel=\"canonical\" href=\"https:\/\/ironsky.pl\/sklep\/produkt\/router-mobilny-glocalme-duoturbo-4g-lte-wi-fi\/\" \/>\n<meta property=\"og:locale\" content=\"pl_PL\" \/>\n<meta property=\"og:type\" content=\"article\" \/>\n<meta property=\"og:title\" content=\"Router mobilny GLOCALME Duoturbo 4G\/LTE Wi-Fi - IRONSKY.PL Sklep z Dronami\" \/>\n<meta property=\"og:description\" content=\"Router mobilny GLOCALME Duoturbo 4G\/LTE Wi-Fi - \u2705 sklep z dronami i fachowym doradztwem. \u2705 Tutaj kupisz produkty DJI, Yuneec, Parrot, Syma i wiele innych, a tak\u017ce kursy i licencje na operatora drona.\" \/>\n<meta property=\"og:url\" content=\"https:\/\/ironsky.pl\/sklep\/produkt\/router-mobilny-glocalme-duoturbo-4g-lte-wi-fi\/\" \/>\n<meta property=\"og:site_name\" content=\"IRONSKY.PL Sklep z Dronami\" \/>\n<meta property=\"article:modified_time\" content=\"2026-04-15T08:53:19+00:00\" \/>\n<meta property=\"og:image\" content=\"https:\/\/ironsky.pl\/sklep\/wp-content\/uploads\/2025\/06\/48809_3.jpg\" \/>\n\t<meta property=\"og:image:width\" content=\"800\" \/>\n\t<meta property=\"og:image:height\" content=\"800\" \/>\n\t<meta property=\"og:image:type\" content=\"image\/jpeg\" \/>\n<meta name=\"twitter:card\" content=\"summary_large_image\" \/>\n<meta name=\"twitter:label1\" content=\"Szacowany czas czytania\" \/>\n\t<meta name=\"twitter:data1\" content=\"3 minuty\" \/>\n<script type=\"application\/ld+json\" class=\"yoast-schema-graph\">{\"@context\":\"https:\/\/schema.org\",\"@graph\":[{\"@type\":\"WebPage\",\"@id\":\"https:\/\/ironsky.pl\/sklep\/produkt\/router-mobilny-glocalme-duoturbo-4g-lte-wi-fi\/\",\"url\":\"https:\/\/ironsky.pl\/sklep\/produkt\/router-mobilny-glocalme-duoturbo-4g-lte-wi-fi\/\",\"name\":\"Router mobilny GLOCALME Duoturbo 4G\/LTE Wi-Fi - IRONSKY.PL Sklep z Dronami\",\"isPartOf\":{\"@id\":\"https:\/\/ironsky.pl\/sklep\/#website\"},\"primaryImageOfPage\":{\"@id\":\"https:\/\/ironsky.pl\/sklep\/produkt\/router-mobilny-glocalme-duoturbo-4g-lte-wi-fi\/#primaryimage\"},\"image\":{\"@id\":\"https:\/\/ironsky.pl\/sklep\/produkt\/router-mobilny-glocalme-duoturbo-4g-lte-wi-fi\/#primaryimage\"},\"thumbnailUrl\":\"https:\/\/ironsky.pl\/sklep\/wp-content\/uploads\/2025\/06\/48809_3.jpg\",\"datePublished\":\"2026-04-15T08:52:49+00:00\",\"dateModified\":\"2026-04-15T08:53:19+00:00\",\"description\":\"Router mobilny GLOCALME Duoturbo 4G\/LTE Wi-Fi - \u2705 sklep z dronami i fachowym doradztwem. \u2705 Tutaj kupisz produkty DJI, Yuneec, Parrot, Syma i wiele innych, a tak\u017ce kursy i licencje na operatora drona.\",\"breadcrumb\":{\"@id\":\"https:\/\/ironsky.pl\/sklep\/produkt\/router-mobilny-glocalme-duoturbo-4g-lte-wi-fi\/#breadcrumb\"},\"inLanguage\":\"pl-PL\",\"potentialAction\":[{\"@type\":\"ReadAction\",\"target\":[\"https:\/\/ironsky.pl\/sklep\/produkt\/router-mobilny-glocalme-duoturbo-4g-lte-wi-fi\/\"]}]},{\"@type\":\"ImageObject\",\"inLanguage\":\"pl-PL\",\"@id\":\"https:\/\/ironsky.pl\/sklep\/produkt\/router-mobilny-glocalme-duoturbo-4g-lte-wi-fi\/#primaryimage\",\"url\":\"https:\/\/ironsky.pl\/sklep\/wp-content\/uploads\/2025\/06\/48809_3.jpg\",\"contentUrl\":\"https:\/\/ironsky.pl\/sklep\/wp-content\/uploads\/2025\/06\/48809_3.jpg\",\"width\":800,\"height\":800},{\"@type\":\"BreadcrumbList\",\"@id\":\"https:\/\/ironsky.pl\/sklep\/produkt\/router-mobilny-glocalme-duoturbo-4g-lte-wi-fi\/#breadcrumb\",\"itemListElement\":[{\"@type\":\"ListItem\",\"position\":1,\"name\":\"Strona g\u0142\u00f3wna\",\"item\":\"https:\/\/ironsky.pl\/sklep\/\"},{\"@type\":\"ListItem\",\"position\":2,\"name\":\"Wszystkie produkty\",\"item\":\"https:\/\/ironsky.pl\/sklep\/produkty\/\"},{\"@type\":\"ListItem\",\"position\":3,\"name\":\"Router mobilny GLOCALME Duoturbo 4G\/LTE Wi-Fi\"}]},{\"@type\":\"WebSite\",\"@id\":\"https:\/\/ironsky.pl\/sklep\/#website\",\"url\":\"https:\/\/ironsky.pl\/sklep\/\",\"name\":\"IRONSKY.PL Sklep z Dronami\",\"description\":\"IRONSKY.PL Sklep z Dronami\",\"potentialAction\":[{\"@type\":\"SearchAction\",\"target\":{\"@type\":\"EntryPoint\",\"urlTemplate\":\"https:\/\/ironsky.pl\/sklep\/?s={search_term_string}\"},\"query-input\":{\"@type\":\"PropertyValueSpecification\",\"valueRequired\":true,\"valueName\":\"search_term_string\"}}],\"inLanguage\":\"pl-PL\"}]}<\/script>\n<!-- \/ Yoast SEO plugin. -->","yoast_head_json":{"title":"Router mobilny GLOCALME Duoturbo 4G\/LTE Wi-Fi - IRONSKY.PL Sklep z Dronami","description":"Router mobilny GLOCALME Duoturbo 4G\/LTE Wi-Fi - \u2705 sklep z dronami i fachowym doradztwem. \u2705 Tutaj kupisz produkty DJI, Yuneec, Parrot, Syma i wiele innych, a tak\u017ce kursy i licencje na operatora drona.","robots":{"index":"index","follow":"follow","max-snippet":"max-snippet:-1","max-image-preview":"max-image-preview:large","max-video-preview":"max-video-preview:-1"},"canonical":"https:\/\/ironsky.pl\/sklep\/produkt\/router-mobilny-glocalme-duoturbo-4g-lte-wi-fi\/","og_locale":"pl_PL","og_type":"article","og_title":"Router mobilny GLOCALME Duoturbo 4G\/LTE Wi-Fi - IRONSKY.PL Sklep z Dronami","og_description":"Router mobilny GLOCALME Duoturbo 4G\/LTE Wi-Fi - \u2705 sklep z dronami i fachowym doradztwem. \u2705 Tutaj kupisz produkty DJI, Yuneec, Parrot, Syma i wiele innych, a tak\u017ce kursy i licencje na operatora drona.","og_url":"https:\/\/ironsky.pl\/sklep\/produkt\/router-mobilny-glocalme-duoturbo-4g-lte-wi-fi\/","og_site_name":"IRONSKY.PL Sklep z Dronami","article_modified_time":"2026-04-15T08:53:19+00:00","og_image":[{"width":800,"height":800,"url":"https:\/\/ironsky.pl\/sklep\/wp-content\/uploads\/2025\/06\/48809_3.jpg","type":"image\/jpeg"}],"twitter_card":"summary_large_image","twitter_misc":{"Szacowany czas czytania":"3 minuty"},"schema":{"@context":"https:\/\/schema.org","@graph":[{"@type":"WebPage","@id":"https:\/\/ironsky.pl\/sklep\/produkt\/router-mobilny-glocalme-duoturbo-4g-lte-wi-fi\/","url":"https:\/\/ironsky.pl\/sklep\/produkt\/router-mobilny-glocalme-duoturbo-4g-lte-wi-fi\/","name":"Router mobilny GLOCALME Duoturbo 4G\/LTE Wi-Fi - IRONSKY.PL Sklep z Dronami","isPartOf":{"@id":"https:\/\/ironsky.pl\/sklep\/#website"},"primaryImageOfPage":{"@id":"https:\/\/ironsky.pl\/sklep\/produkt\/router-mobilny-glocalme-duoturbo-4g-lte-wi-fi\/#primaryimage"},"image":{"@id":"https:\/\/ironsky.pl\/sklep\/produkt\/router-mobilny-glocalme-duoturbo-4g-lte-wi-fi\/#primaryimage"},"thumbnailUrl":"https:\/\/ironsky.pl\/sklep\/wp-content\/uploads\/2025\/06\/48809_3.jpg","datePublished":"2026-04-15T08:52:49+00:00","dateModified":"2026-04-15T08:53:19+00:00","description":"Router mobilny GLOCALME Duoturbo 4G\/LTE Wi-Fi - \u2705 sklep z dronami i fachowym doradztwem. \u2705 Tutaj kupisz produkty DJI, Yuneec, Parrot, Syma i wiele innych, a tak\u017ce kursy i licencje na operatora drona.","breadcrumb":{"@id":"https:\/\/ironsky.pl\/sklep\/produkt\/router-mobilny-glocalme-duoturbo-4g-lte-wi-fi\/#breadcrumb"},"inLanguage":"pl-PL","potentialAction":[{"@type":"ReadAction","target":["https:\/\/ironsky.pl\/sklep\/produkt\/router-mobilny-glocalme-duoturbo-4g-lte-wi-fi\/"]}]},{"@type":"ImageObject","inLanguage":"pl-PL","@id":"https:\/\/ironsky.pl\/sklep\/produkt\/router-mobilny-glocalme-duoturbo-4g-lte-wi-fi\/#primaryimage","url":"https:\/\/ironsky.pl\/sklep\/wp-content\/uploads\/2025\/06\/48809_3.jpg","contentUrl":"https:\/\/ironsky.pl\/sklep\/wp-content\/uploads\/2025\/06\/48809_3.jpg","width":800,"height":800},{"@type":"BreadcrumbList","@id":"https:\/\/ironsky.pl\/sklep\/produkt\/router-mobilny-glocalme-duoturbo-4g-lte-wi-fi\/#breadcrumb","itemListElement":[{"@type":"ListItem","position":1,"name":"Strona g\u0142\u00f3wna","item":"https:\/\/ironsky.pl\/sklep\/"},{"@type":"ListItem","position":2,"name":"Wszystkie produkty","item":"https:\/\/ironsky.pl\/sklep\/produkty\/"},{"@type":"ListItem","position":3,"name":"Router mobilny GLOCALME Duoturbo 4G\/LTE Wi-Fi"}]},{"@type":"WebSite","@id":"https:\/\/ironsky.pl\/sklep\/#website","url":"https:\/\/ironsky.pl\/sklep\/","name":"IRONSKY.PL Sklep z Dronami","description":"IRONSKY.PL Sklep z Dronami","potentialAction":[{"@type":"SearchAction","target":{"@type":"EntryPoint","urlTemplate":"https:\/\/ironsky.pl\/sklep\/?s={search_term_string}"},"query-input":{"@type":"PropertyValueSpecification","valueRequired":true,"valueName":"search_term_string"}}],"inLanguage":"pl-PL"}]}},"_links":{"self":[{"href":"https:\/\/ironsky.pl\/sklep\/wp-json\/wp\/v2\/product\/59902","targetHints":{"allow":["GET"]}}],"collection":[{"href":"https:\/\/ironsky.pl\/sklep\/wp-json\/wp\/v2\/product"}],"about":[{"href":"https:\/\/ironsky.pl\/sklep\/wp-json\/wp\/v2\/types\/product"}],"replies":[{"embeddable":true,"href":"https:\/\/ironsky.pl\/sklep\/wp-json\/wp\/v2\/comments?post=59902"}],"wp:featuredmedia":[{"embeddable":true,"href":"https:\/\/ironsky.pl\/sklep\/wp-json\/wp\/v2\/media\/46571"}],"wp:attachment":[{"href":"https:\/\/ironsky.pl\/sklep\/wp-json\/wp\/v2\/media?parent=59902"}],"wp:term":[{"taxonomy":"product_brand","embeddable":true,"href":"https:\/\/ironsky.pl\/sklep\/wp-json\/wp\/v2\/product_brand?post=59902"},{"taxonomy":"product_cat","embeddable":true,"href":"https:\/\/ironsky.pl\/sklep\/wp-json\/wp\/v2\/product_cat?post=59902"},{"taxonomy":"product_tag","embeddable":true,"href":"https:\/\/ironsky.pl\/sklep\/wp-json\/wp\/v2\/product_tag?post=59902"}],"curies":[{"name":"wp","href":"https:\/\/api.w.org\/{rel}","templated":true}]}}