{"id":59901,"date":"2026-04-15T10:52:49","date_gmt":"2026-04-15T08:52:49","guid":{"rendered":"https:\/\/ironsky.pl\/sklep\/produkt\/lampa-na-monitor-yeelight-pura-monitor-light-bar-lite-2\/"},"modified":"2026-04-15T10:53:18","modified_gmt":"2026-04-15T08:53:18","slug":"lampa-na-monitor-yeelight-pura-monitor-light-bar-lite-2","status":"publish","type":"product","link":"https:\/\/ironsky.pl\/sklep\/produkt\/lampa-na-monitor-yeelight-pura-monitor-light-bar-lite-2\/","title":{"rendered":"Lampa na monitor YEELIGHT Pura Monitor Light Bar Lite"},"content":{"rendered":"<h3>Lampa na monitor Yeelight Pura Monitor Light Bar Lite<\/h3>\n<p>Yeelight Pura Monitor Light Bar Lite zapewnia maksymalny komfort i funkcjonalno\u015b\u0107 dla ka\u017cdego u\u017cytkownika komputera. Dzi\u0119ki mo\u017cliwo\u015bci regulacji temperatury barwowej na 3 poziomach w zakresie od 3000 do 6500 K i nat\u0119\u017cenia \u015bwiat\u0142a do 1100 lux\u00f3w mo\u017cesz cieszy\u0107 si\u0119 optymalnym o\u015bwietleniem. Lampa wyposa\u017cona jest w port USB-C i zapewnia kompatybilno\u015b\u0107 z ekranami o przek\u0105tnej w zakresie od 13.8 do 24 cali.<\/p>\n<p>\n<img decoding=\"async\" src=\"https:\/\/assets.innpro.pl\/11226\/13236\/1.jpg\" border=\"0\" \/>\n<\/p>\n<h3>Perfekcyjne o\u015bwietlenie stanowiska pracy<\/h3>\n<p>Lampa na monitor Yeelight Pura Monitor Light Bar Lite zapewnia r\u00f3wnomierne o\u015bwietlenie (45\u00b0) o nat\u0119\u017ceniu do 1100 lux\u00f3w w centralnej cz\u0119\u015bci stanowiska pracy, redukuj\u0105c odblaski. Idealnie rozproszone \u015bwiat\u0142o pozwala skupi\u0107 si\u0119 na pracy lub nauce, jednocze\u015bnie chroni\u0105c wzrok przed zm\u0119czeniem.<\/p>\n<p>\n<img decoding=\"async\" src=\"https:\/\/assets.innpro.pl\/11226\/13236\/2.jpg\" border=\"0\" \/>\n<\/p>\n<h3>Naturalne odwzorowanie kolor\u00f3w<\/h3>\n<p>Dzi\u0119ki wsp\u00f3\u0142czynnikowi oddawania barw Ra95 lampa Yeelight Pura Monitor Light Bar Lite wiernie odwzorowuje kolory \u2013 spe\u0142ni wi\u0119c oczekiwania grafik\u00f3w, projektant\u00f3w i wszystkich, kt\u00f3rzy ceni\u0105 naturalne \u015bwiat\u0142o. Zastosowane rozwi\u0105zanie pomaga r\u00f3wnie\u017c w utrzymaniu zdrowia oczu i minimalizuje ich zm\u0119czenie.<\/p>\n<p>\n<img decoding=\"async\" src=\"https:\/\/assets.innpro.pl\/11226\/13236\/3.jpg\" border=\"0\" \/>\n<\/p>\n<h3>Mo\u017cliwo\u015b\u0107 regulacji o\u015bwietlenia<\/h3>\n<p>Produkt oferuje pe\u0142n\u0105 kontrol\u0119 nad ustawieniami \u015bwiat\u0142a \u2013 mo\u017cesz p\u0142ynnie dostosowa\u0107 jego nat\u0119\u017cenie oraz temperatur\u0119 barwow\u0105 w zakresie od 3000 K (ciep\u0142e \u015bwiat\u0142o) do 6500 K (zimne \u015bwiat\u0142o). Wbudowany czujnik automatycznie dostosowuje jasno\u015b\u0107 do warunk\u00f3w otoczenia, zapewniaj\u0105c maksymalny komfort u\u017cytkowania.<\/p>\n<p>\n<img decoding=\"async\" src=\"https:\/\/assets.innpro.pl\/11226\/13236\/5.jpg\" border=\"0\" \/>\n<\/p>\n<h3>Kompatybilno\u015b\u0107 z wi\u0119kszo\u015bci\u0105 ekran\u00f3w<\/h3>\n<p>Urz\u0105dzenie jest przystosowane do ekran\u00f3w o przek\u0105tnej od 13.8 do 24 cali i grubo\u015bci od 5 do 90 mm, w tym tak\u017ce monitor\u00f3w o zakrzywionych ekranach (1000R\u20131800R).\u00a0<\/p>\n<p>\n<img decoding=\"async\" src=\"https:\/\/assets.innpro.pl\/11226\/13236\/6.jpg\" border=\"0\" \/>\n<\/p>\n<h3>\u0141atwo\u015b\u0107 obs\u0142ugi i zasilanie przez USB-C<\/h3>\n<p>Lamp\u0119 zasilisz bezpo\u015brednio z komputera dzi\u0119ki portowi USB-C. Sterowanie odbywa si\u0119 za pomoc\u0105 przycisku lub pilota, kt\u00f3ry pozwala mi\u0119dzy innymi na szybk\u0105 regulacj\u0119 jasno\u015bci czy te\u017c temperatury barwowej.<\/p>\n<p>\n<img decoding=\"async\" src=\"https:\/\/assets.innpro.pl\/11226\/13236\/8.jpg\" border=\"0\" \/>\n<\/p>\n<div class=\"table-wrapper\">\n<p>\u00a0<\/p>\n<h3><\/h3>\n<table>\n<tbody>\n<tr>\n<th>Producent<\/th>\n<td>Yeelight<\/td>\n<\/tr>\n<tr>\n<th>Kod producenta<\/th>\n<td>YLBGD-0111<\/td>\n<\/tr>\n<tr>\n<th>Strumie\u0144 \u015bwietlny<\/th>\n<td>1100 lux<\/td>\n<\/tr>\n<tr>\n<th>Temperatura barwowa<\/th>\n<td>3000K \/ 5000K \/ 6500K<\/td>\n<\/tr>\n<tr>\n<th>Moc znamionowa<\/th>\n<td>5 W<\/td>\n<\/tr>\n<tr>\n<th>Zasilanie<\/th>\n<td>100\u2013240 V<\/td>\n<\/tr>\n<tr>\n<th>Kompatybilno\u015b\u0107<\/th>\n<td>ekrany o przek\u0105tnej od 13.8 do 24 cali i grubo\u015bci w zakresie od 5 do 90 mm<\/td>\n<\/tr>\n<tr>\n<th>D\u0142ugo\u015b\u0107 lampy<\/th>\n<td>40 cm<\/td>\n<\/tr>\n<\/tbody>\n<\/table>\n<\/div>\n","protected":false},"excerpt":{"rendered":"<p>Lampa na monitor Yeelight Pura Monitor Light Bar Lite Yeelight Pura Monitor Light Bar Lite zapewnia maksymalny komfort i funkcjonalno\u015b\u0107<\/p>\n","protected":false},"featured_media":46564,"comment_status":"closed","ping_status":"open","template":"","meta":{"_acf_changed":false},"product_brand":[],"product_cat":[5929,6191],"product_tag":[],"class_list":{"0":"post-59901","1":"product","2":"type-product","3":"status-publish","4":"has-post-thumbnail","6":"product_cat-akcesoria-it","7":"product_cat-oswietlenie-akcesoria-it","8":"pa_okres-gwarancji-5757","9":"pa_producent-yeelight","11":"first","12":"outofstock","13":"taxable","14":"shipping-taxable","15":"purchasable","16":"product-type-simple"},"acf":[],"yoast_head":"<!-- This site is optimized with the Yoast SEO plugin v27.2 - https:\/\/yoast.com\/product\/yoast-seo-wordpress\/ -->\n<title>Lampa na monitor YEELIGHT Pura Monitor Light Bar Lite - IRONSKY.PL Sklep z Dronami<\/title>\n<meta name=\"description\" content=\"Lampa na monitor YEELIGHT Pura Monitor Light Bar Lite - \u2705 sklep z dronami i fachowym doradztwem. \u2705 Tutaj kupisz produkty DJI, Yuneec, Parrot, Syma i wiele innych, a tak\u017ce kursy i licencje na operatora drona.\" \/>\n<meta name=\"robots\" content=\"index, follow, max-snippet:-1, max-image-preview:large, max-video-preview:-1\" \/>\n<link rel=\"canonical\" href=\"https:\/\/ironsky.pl\/sklep\/produkt\/lampa-na-monitor-yeelight-pura-monitor-light-bar-lite-2\/\" \/>\n<meta property=\"og:locale\" content=\"pl_PL\" \/>\n<meta property=\"og:type\" content=\"article\" \/>\n<meta property=\"og:title\" content=\"Lampa na monitor YEELIGHT Pura Monitor Light Bar Lite - IRONSKY.PL Sklep z Dronami\" \/>\n<meta property=\"og:description\" content=\"Lampa na monitor YEELIGHT Pura Monitor Light Bar Lite - \u2705 sklep z dronami i fachowym doradztwem. \u2705 Tutaj kupisz produkty DJI, Yuneec, Parrot, Syma i wiele innych, a tak\u017ce kursy i licencje na operatora drona.\" \/>\n<meta property=\"og:url\" content=\"https:\/\/ironsky.pl\/sklep\/produkt\/lampa-na-monitor-yeelight-pura-monitor-light-bar-lite-2\/\" \/>\n<meta property=\"og:site_name\" content=\"IRONSKY.PL Sklep z Dronami\" \/>\n<meta property=\"article:modified_time\" content=\"2026-04-15T08:53:18+00:00\" \/>\n<meta property=\"og:image\" content=\"https:\/\/ironsky.pl\/sklep\/wp-content\/uploads\/2025\/06\/48805_1.jpg\" \/>\n\t<meta property=\"og:image:width\" content=\"800\" \/>\n\t<meta property=\"og:image:height\" content=\"800\" \/>\n\t<meta property=\"og:image:type\" content=\"image\/jpeg\" \/>\n<meta name=\"twitter:card\" content=\"summary_large_image\" \/>\n<meta name=\"twitter:label1\" content=\"Szacowany czas czytania\" \/>\n\t<meta name=\"twitter:data1\" content=\"2 minuty\" \/>\n<script type=\"application\/ld+json\" class=\"yoast-schema-graph\">{\"@context\":\"https:\/\/schema.org\",\"@graph\":[{\"@type\":\"WebPage\",\"@id\":\"https:\/\/ironsky.pl\/sklep\/produkt\/lampa-na-monitor-yeelight-pura-monitor-light-bar-lite-2\/\",\"url\":\"https:\/\/ironsky.pl\/sklep\/produkt\/lampa-na-monitor-yeelight-pura-monitor-light-bar-lite-2\/\",\"name\":\"Lampa na monitor YEELIGHT Pura Monitor Light Bar Lite - IRONSKY.PL Sklep z Dronami\",\"isPartOf\":{\"@id\":\"https:\/\/ironsky.pl\/sklep\/#website\"},\"primaryImageOfPage\":{\"@id\":\"https:\/\/ironsky.pl\/sklep\/produkt\/lampa-na-monitor-yeelight-pura-monitor-light-bar-lite-2\/#primaryimage\"},\"image\":{\"@id\":\"https:\/\/ironsky.pl\/sklep\/produkt\/lampa-na-monitor-yeelight-pura-monitor-light-bar-lite-2\/#primaryimage\"},\"thumbnailUrl\":\"https:\/\/ironsky.pl\/sklep\/wp-content\/uploads\/2025\/06\/48805_1.jpg\",\"datePublished\":\"2026-04-15T08:52:49+00:00\",\"dateModified\":\"2026-04-15T08:53:18+00:00\",\"description\":\"Lampa na monitor YEELIGHT Pura Monitor Light Bar Lite - \u2705 sklep z dronami i fachowym doradztwem. \u2705 Tutaj kupisz produkty DJI, Yuneec, Parrot, Syma i wiele innych, a tak\u017ce kursy i licencje na operatora drona.\",\"breadcrumb\":{\"@id\":\"https:\/\/ironsky.pl\/sklep\/produkt\/lampa-na-monitor-yeelight-pura-monitor-light-bar-lite-2\/#breadcrumb\"},\"inLanguage\":\"pl-PL\",\"potentialAction\":[{\"@type\":\"ReadAction\",\"target\":[\"https:\/\/ironsky.pl\/sklep\/produkt\/lampa-na-monitor-yeelight-pura-monitor-light-bar-lite-2\/\"]}]},{\"@type\":\"ImageObject\",\"inLanguage\":\"pl-PL\",\"@id\":\"https:\/\/ironsky.pl\/sklep\/produkt\/lampa-na-monitor-yeelight-pura-monitor-light-bar-lite-2\/#primaryimage\",\"url\":\"https:\/\/ironsky.pl\/sklep\/wp-content\/uploads\/2025\/06\/48805_1.jpg\",\"contentUrl\":\"https:\/\/ironsky.pl\/sklep\/wp-content\/uploads\/2025\/06\/48805_1.jpg\",\"width\":800,\"height\":800},{\"@type\":\"BreadcrumbList\",\"@id\":\"https:\/\/ironsky.pl\/sklep\/produkt\/lampa-na-monitor-yeelight-pura-monitor-light-bar-lite-2\/#breadcrumb\",\"itemListElement\":[{\"@type\":\"ListItem\",\"position\":1,\"name\":\"Strona g\u0142\u00f3wna\",\"item\":\"https:\/\/ironsky.pl\/sklep\/\"},{\"@type\":\"ListItem\",\"position\":2,\"name\":\"Wszystkie produkty\",\"item\":\"https:\/\/ironsky.pl\/sklep\/produkty\/\"},{\"@type\":\"ListItem\",\"position\":3,\"name\":\"Lampa na monitor YEELIGHT Pura Monitor Light Bar Lite\"}]},{\"@type\":\"WebSite\",\"@id\":\"https:\/\/ironsky.pl\/sklep\/#website\",\"url\":\"https:\/\/ironsky.pl\/sklep\/\",\"name\":\"IRONSKY.PL Sklep z Dronami\",\"description\":\"IRONSKY.PL Sklep z Dronami\",\"potentialAction\":[{\"@type\":\"SearchAction\",\"target\":{\"@type\":\"EntryPoint\",\"urlTemplate\":\"https:\/\/ironsky.pl\/sklep\/?s={search_term_string}\"},\"query-input\":{\"@type\":\"PropertyValueSpecification\",\"valueRequired\":true,\"valueName\":\"search_term_string\"}}],\"inLanguage\":\"pl-PL\"}]}<\/script>\n<!-- \/ Yoast SEO plugin. -->","yoast_head_json":{"title":"Lampa na monitor YEELIGHT Pura Monitor Light Bar Lite - IRONSKY.PL Sklep z Dronami","description":"Lampa na monitor YEELIGHT Pura Monitor Light Bar Lite - \u2705 sklep z dronami i fachowym doradztwem. \u2705 Tutaj kupisz produkty DJI, Yuneec, Parrot, Syma i wiele innych, a tak\u017ce kursy i licencje na operatora drona.","robots":{"index":"index","follow":"follow","max-snippet":"max-snippet:-1","max-image-preview":"max-image-preview:large","max-video-preview":"max-video-preview:-1"},"canonical":"https:\/\/ironsky.pl\/sklep\/produkt\/lampa-na-monitor-yeelight-pura-monitor-light-bar-lite-2\/","og_locale":"pl_PL","og_type":"article","og_title":"Lampa na monitor YEELIGHT Pura Monitor Light Bar Lite - IRONSKY.PL Sklep z Dronami","og_description":"Lampa na monitor YEELIGHT Pura Monitor Light Bar Lite - \u2705 sklep z dronami i fachowym doradztwem. \u2705 Tutaj kupisz produkty DJI, Yuneec, Parrot, Syma i wiele innych, a tak\u017ce kursy i licencje na operatora drona.","og_url":"https:\/\/ironsky.pl\/sklep\/produkt\/lampa-na-monitor-yeelight-pura-monitor-light-bar-lite-2\/","og_site_name":"IRONSKY.PL Sklep z Dronami","article_modified_time":"2026-04-15T08:53:18+00:00","og_image":[{"width":800,"height":800,"url":"https:\/\/ironsky.pl\/sklep\/wp-content\/uploads\/2025\/06\/48805_1.jpg","type":"image\/jpeg"}],"twitter_card":"summary_large_image","twitter_misc":{"Szacowany czas czytania":"2 minuty"},"schema":{"@context":"https:\/\/schema.org","@graph":[{"@type":"WebPage","@id":"https:\/\/ironsky.pl\/sklep\/produkt\/lampa-na-monitor-yeelight-pura-monitor-light-bar-lite-2\/","url":"https:\/\/ironsky.pl\/sklep\/produkt\/lampa-na-monitor-yeelight-pura-monitor-light-bar-lite-2\/","name":"Lampa na monitor YEELIGHT Pura Monitor Light Bar Lite - IRONSKY.PL Sklep z Dronami","isPartOf":{"@id":"https:\/\/ironsky.pl\/sklep\/#website"},"primaryImageOfPage":{"@id":"https:\/\/ironsky.pl\/sklep\/produkt\/lampa-na-monitor-yeelight-pura-monitor-light-bar-lite-2\/#primaryimage"},"image":{"@id":"https:\/\/ironsky.pl\/sklep\/produkt\/lampa-na-monitor-yeelight-pura-monitor-light-bar-lite-2\/#primaryimage"},"thumbnailUrl":"https:\/\/ironsky.pl\/sklep\/wp-content\/uploads\/2025\/06\/48805_1.jpg","datePublished":"2026-04-15T08:52:49+00:00","dateModified":"2026-04-15T08:53:18+00:00","description":"Lampa na monitor YEELIGHT Pura Monitor Light Bar Lite - \u2705 sklep z dronami i fachowym doradztwem. \u2705 Tutaj kupisz produkty DJI, Yuneec, Parrot, Syma i wiele innych, a tak\u017ce kursy i licencje na operatora drona.","breadcrumb":{"@id":"https:\/\/ironsky.pl\/sklep\/produkt\/lampa-na-monitor-yeelight-pura-monitor-light-bar-lite-2\/#breadcrumb"},"inLanguage":"pl-PL","potentialAction":[{"@type":"ReadAction","target":["https:\/\/ironsky.pl\/sklep\/produkt\/lampa-na-monitor-yeelight-pura-monitor-light-bar-lite-2\/"]}]},{"@type":"ImageObject","inLanguage":"pl-PL","@id":"https:\/\/ironsky.pl\/sklep\/produkt\/lampa-na-monitor-yeelight-pura-monitor-light-bar-lite-2\/#primaryimage","url":"https:\/\/ironsky.pl\/sklep\/wp-content\/uploads\/2025\/06\/48805_1.jpg","contentUrl":"https:\/\/ironsky.pl\/sklep\/wp-content\/uploads\/2025\/06\/48805_1.jpg","width":800,"height":800},{"@type":"BreadcrumbList","@id":"https:\/\/ironsky.pl\/sklep\/produkt\/lampa-na-monitor-yeelight-pura-monitor-light-bar-lite-2\/#breadcrumb","itemListElement":[{"@type":"ListItem","position":1,"name":"Strona g\u0142\u00f3wna","item":"https:\/\/ironsky.pl\/sklep\/"},{"@type":"ListItem","position":2,"name":"Wszystkie produkty","item":"https:\/\/ironsky.pl\/sklep\/produkty\/"},{"@type":"ListItem","position":3,"name":"Lampa na monitor YEELIGHT Pura Monitor Light Bar Lite"}]},{"@type":"WebSite","@id":"https:\/\/ironsky.pl\/sklep\/#website","url":"https:\/\/ironsky.pl\/sklep\/","name":"IRONSKY.PL Sklep z Dronami","description":"IRONSKY.PL Sklep z Dronami","potentialAction":[{"@type":"SearchAction","target":{"@type":"EntryPoint","urlTemplate":"https:\/\/ironsky.pl\/sklep\/?s={search_term_string}"},"query-input":{"@type":"PropertyValueSpecification","valueRequired":true,"valueName":"search_term_string"}}],"inLanguage":"pl-PL"}]}},"_links":{"self":[{"href":"https:\/\/ironsky.pl\/sklep\/wp-json\/wp\/v2\/product\/59901","targetHints":{"allow":["GET"]}}],"collection":[{"href":"https:\/\/ironsky.pl\/sklep\/wp-json\/wp\/v2\/product"}],"about":[{"href":"https:\/\/ironsky.pl\/sklep\/wp-json\/wp\/v2\/types\/product"}],"replies":[{"embeddable":true,"href":"https:\/\/ironsky.pl\/sklep\/wp-json\/wp\/v2\/comments?post=59901"}],"wp:featuredmedia":[{"embeddable":true,"href":"https:\/\/ironsky.pl\/sklep\/wp-json\/wp\/v2\/media\/46564"}],"wp:attachment":[{"href":"https:\/\/ironsky.pl\/sklep\/wp-json\/wp\/v2\/media?parent=59901"}],"wp:term":[{"taxonomy":"product_brand","embeddable":true,"href":"https:\/\/ironsky.pl\/sklep\/wp-json\/wp\/v2\/product_brand?post=59901"},{"taxonomy":"product_cat","embeddable":true,"href":"https:\/\/ironsky.pl\/sklep\/wp-json\/wp\/v2\/product_cat?post=59901"},{"taxonomy":"product_tag","embeddable":true,"href":"https:\/\/ironsky.pl\/sklep\/wp-json\/wp\/v2\/product_tag?post=59901"}],"curies":[{"name":"wp","href":"https:\/\/api.w.org\/{rel}","templated":true}]}}