{"id":59898,"date":"2026-04-15T10:52:49","date_gmt":"2026-04-15T08:52:49","guid":{"rendered":"https:\/\/ironsky.pl\/sklep\/produkt\/router-mobilny-glocalme-roamplug-4g-lte-wi-fi\/"},"modified":"2026-04-15T10:53:14","modified_gmt":"2026-04-15T08:53:14","slug":"router-mobilny-glocalme-roamplug-4g-lte-wi-fi","status":"publish","type":"product","link":"https:\/\/ironsky.pl\/sklep\/produkt\/router-mobilny-glocalme-roamplug-4g-lte-wi-fi\/","title":{"rendered":"Router mobilny GLOCALME Roamplug 4G\/LTE Wi-Fi"},"content":{"rendered":"<h3>Adapter Roamplug z hotspotem 4G\/LTE Wi-Fi GlocalMe<\/h3>\n<p>GlocalMe Roamplug z hotspotem 4G Wi-Fi to innowacyjne rozwi\u0105zanie, kt\u00f3re \u0142\u0105czy w sobie funkcjonalno\u015b\u0107 przeno\u015bnego routera z uniwersalnym adapterem podr\u00f3\u017cnym. Dzi\u0119ki obs\u0142udze globalnych pasm 4G LTE oraz Wi-Fi 6 zapewnia stabilny dost\u0119p do internetu w niemal ka\u017cdym miejscu na \u015bwiecie. A technologia CloudSIM, zapewnia dost\u0119p do internetu bez konieczno\u015bci korzystania z lokalnych kart SIM. Wystarczy go pod\u0142\u0105czy\u0107, a on automatycznie po\u0142\u0105czy si\u0119 z najlepsz\u0105 dost\u0119pn\u0105 sieci\u0105 w ponad 150 krajach. Urz\u0105dzenie wspiera te\u017c r\u00f3\u017cne standardy szybkiego \u0142adowania, a jego \u0142\u0105czna maksymalna moc wyj\u015bciowa si\u0119ga 70 W. Mo\u017cesz wi\u0119c w mgnieniu oka na\u0142adowa\u0107 sw\u00f3j telefon czy s\u0142uchawki bezprzewodowe!<\/p>\n<p>\n<img decoding=\"async\" src=\"https:\/\/assets.innpro.pl\/11219\/13229\/6.jpg\" border=\"0\" \/>\n<\/p>\n<h3>Internet w zasi\u0119gu r\u0119ki \u2013 technologia CloudSIM<\/h3>\n<p>Wbudowany modu\u0142 eSIM i technologia CloudSIM, Roamplug eliminuje konieczno\u015b\u0107 u\u017cywania fizycznych kart SIM. Urz\u0105dzenie automatycznie wykrywa i \u0142\u0105czy si\u0119 z najlepsz\u0105 sieci\u0105 w danym kraju, co pozwala na korzystanie z internetu w ponad 150 lokalizacjach na \u015bwiecie. Natomiast obs\u0142ugua licznych pasma FDD-LTE i TDD-LTE, zapewniaj\u0105c szerok\u0105 kompatybilno\u015b\u0107 z sieciami, przy tym wspieraj\u0105c standardy takie jak WCDMA i GSM.<\/p>\n<p>\n<img decoding=\"async\" src=\"https:\/\/assets.innpro.pl\/11219\/13229\/5.jpg\" border=\"0\" \/>\n<\/p>\n<h3>Przewaga Wi-Fi 6<\/h3>\n<p>Urz\u0105dzenie dzia\u0142a w pa\u015bmie 2,4 GHz i obs\u0142uguje Wi-Fi 6 (802.11 b\/g\/n\/ax), co pozwala na uzyskanie lepszej pr\u0119dko\u015bci i wydajno\u015bci po\u0142\u0105czenia w por\u00f3wnaniu do starszych standard\u00f3w. Ponadto mo\u017cesz jednocze\u015bnie pod\u0142\u0105czy\u0107 do 10 urz\u0105dze\u0144, dzi\u0119ki czemu idealnie sprawdzi si\u0119 zar\u00f3wno podczas podr\u00f3\u017cy, rodzinnych wypad\u00f3w, jak i w pracy w terenie.\u00a0 Gwarantuj\u0105c p\u0142ynne dzia\u0142anie sieci, nawet przy du\u017cym obci\u0105\u017ceniu.<\/p>\n<p>\n<img decoding=\"async\" src=\"https:\/\/assets.innpro.pl\/11219\/13229\/4.jpg\" border=\"0\" \/>\n<\/p>\n<h3>Uniwersalny adapter podr\u00f3\u017cny<\/h3>\n<p>Roamplug to nie tylko hotspot \u2013 to tak\u017ce niezawodny adapter kompatybilny z mi\u0119dzynarodowymi standardami gniazdek elektrycznych (EU, UK, JP, CN, US, AUS). Dzi\u0119ki przemy\u015blanej konstrukcji z wysuwanymi wtyczkami mo\u017cesz z \u0142atwo\u015bci\u0105 dopasowa\u0107 go do swoich bie\u017c\u0105cych potrzeb! Zapomnij o konieczno\u015bci stosowania dodatkowych przej\u015bci\u00f3wek. Urz\u0105dzenie obs\u0142uguje napi\u0119cie wej\u015bciowe w zakresie od 110 V do 250 V, co pozwala bez obaw korzysta\u0107 z niego w wielu krajach na \u015bwiecie. Wyr\u00f3\u017cnia si\u0119 tak\u017ce wag\u0105 zaledwie oko\u0142o 240 g i wymiarami 50 x 90,3 x 53,3 mm \u2013 jest wi\u0119c bardzo wygodny w transporcie.<\/p>\n<p>\n<img decoding=\"async\" src=\"https:\/\/assets.innpro.pl\/11219\/13229\/2.jpg\" border=\"0\" \/>\n<\/p>\n<h3>Wysoka moc i wsparcie dla szybkiego \u0142adowania<\/h3>\n<p>Adapter Roamplug zapewnia maksymaln\u0105 moc wyj\u015bciow\u0105 70 W, a dzi\u0119ki czterem dost\u0119pnym portom (3x USB-C, 1x USB-A) pozwala na zasilanie kilku urz\u0105dze\u0144 jednocze\u015bnie. Obs\u0142uguje te\u017c wiele standard\u00f3w szybkiego \u0142adowania, takich jak PD3.0, QC4.0, FCP, AFC czy PPS. Mo\u017cesz wi\u0119c w mgnieniu oka przygotowa\u0107 sw\u00f3j tablet, telefon lub laptopa do dalszej pracy!<\/p>\n<p>\n<img decoding=\"async\" src=\"https:\/\/assets.innpro.pl\/11219\/13229\/3.jpg\" border=\"0\" \/>\n<\/p>\n<h3>Niezawodno\u015b\u0107 w ka\u017cdej podr\u00f3\u017cy<\/h3>\n<p>GlocalMe Roamplug wyr\u00f3\u017cnia si\u0119 innowacyjnym podej\u015bciem do mobilnego internetu i uniwersalno\u015bci adaptera podr\u00f3\u017cnego. To idealne rozwi\u0105zanie dla os\u00f3b, kt\u00f3re ceni\u0105 wygod\u0119, szybko\u015b\u0107 i niezale\u017cno\u015b\u0107 \u2013 bez martwienia si\u0119 o lokalne karty SIM czy brak dost\u0119pu do sieci. Kompaktowe wymiary, nowoczesna technologia i szeroka kompatybilno\u015b\u0107 czyni\u0105 to urz\u0105dzenie niezast\u0105pionym towarzyszem ka\u017cdej podr\u00f3\u017cy.<\/p>\n<p>\n<img decoding=\"async\" src=\"https:\/\/assets.innpro.pl\/11219\/13229\/7.jpg\" border=\"0\" \/>\n<\/p>\n<div class=\"table-wrapper\">\n<p>\u00a0<\/p>\n<h3><\/h3>\n<table>\n<tbody>\n<tr>\n<th>Producent<\/th>\n<td>GlocalMe  <\/td>\n<\/tr>\n<tr>\n<th>Model<\/th>\n<td>Roamplug white<\/td>\n<\/tr>\n<tr>\n<th>Wymiary <\/th>\n<td>50 \u00d7 90,3 \u00d7 53,3 mm  <\/td>\n<\/tr>\n<tr>\n<th>Materia\u0142 obudowy  <\/th>\n<td>Plastik  <\/td>\n<\/tr>\n<tr>\n<th>Kolor  <\/th>\n<td>Bia\u0142y  <\/td>\n<\/tr>\n<tr>\n<th>Waga <\/th>\n<td>Ok. 240 g  <\/td>\n<\/tr>\n<tr>\n<th>Kolor LED  <\/th>\n<td>WiFi: niebieski; Zasilanie: niebieski;<\/td>\n<\/tr>\n<tr>\n<th>CPU  <\/th>\n<td>UNISOC8310 <\/td>\n<\/tr>\n<tr>\n<th>FDD-LTE  <\/th>\n<td>B1\/2\/3\/4\/5\/7\/8\/12\/13\/17\/18\/20\/25\/26\/28\/66  <\/td>\n<\/tr>\n<tr>\n<th>TDD-LTE  <\/th>\n<td>B34\/38\/39\/40\/41(194M)  <\/td>\n<\/tr>\n<tr>\n<th>WCDMA  <\/th>\n<td>B1\/2\/4\/5\/8  <\/td>\n<\/tr>\n<tr>\n<th>GSM  <\/th>\n<td>850\/900\/1800\/1900<\/td>\n<\/tr>\n<tr>\n<th>WLAN  <\/th>\n<td>2,4 GHz 802.11 b\/g\/n\/ax 1T1R  <\/td>\n<\/tr>\n<tr>\n<th>Maks. liczba dost\u0119p\u00f3w Wi-Fi  <\/th>\n<td>10  <\/td>\n<\/tr>\n<tr>\n<th>Bluetooth  <\/th>\n<td>Nie<\/td>\n<\/tr>\n<tr>\n<th>GPS  <\/th>\n<td>Nie  <\/td>\n<\/tr>\n<tr>\n<th>Przycisk zasilania  <\/th>\n<td>Nie  <\/td>\n<\/tr>\n<tr>\n<th>Przycisk WPS  <\/th>\n<td>Nie  <\/td>\n<\/tr>\n<tr>\n<th>Przycisk resetowania  <\/th>\n<td>Tak<\/td>\n<\/tr>\n<tr>\n<th>Maks. moc  <\/th>\n<td>70 W  <\/td>\n<\/tr>\n<tr>\n<th>Bezpiecznik  <\/th>\n<td>2 \u00d7 10 A<\/td>\n<\/tr>\n<tr>\n<th>Wej\u015bcie AC  <\/th>\n<td>EU\/UK\/JP\/CN\/US\/AUS, wej\u015bcie \/ wyj\u015bcie 110 V ~ 250 V  <\/td>\n<\/tr>\n<tr>\n<th>Wyj\u015bcie DC  <\/th>\n<td>USB-C1+C2 maks.: 15 W + 45 W = 60 W; USB-C1\/C2 + C3 maks.: 45 W + 10 W = 55 W; USB-C1 + C2 + C3 maks.: 15 W + 45 W + 10 W = 70 W; USB-C1 + C2 + C3 + A1 maks.: 15 W (C1 + A1) + 45 W + 10 W = 70 W;  <\/td>\n<\/tr>\n<tr>\n<th>Wyj\u015bcie pojedyncze  <\/th>\n<td>USB-C1 maks.: 45W; USB-C2 maks.: 65W; USB-C3 maks.: 10 W; USB-A maks.: 18 W;<\/td>\n<\/tr>\n<tr>\n<th>Obs\u0142ugiwane standardy szybkiego \u0142adowania<\/th>\n<td>1. USB-C1\/C2: PD3.0, PD 2.0, QC4.0, QC3.0, QC2.0, FCP, AFC, Apple, PPS, BC1.2; 2. USB-A: QC3.0, QC2.0, FCP, AFC, BC1.2, Apple; 3. USB-C3: BC1.2;<\/td>\n<\/tr>\n<tr>\n<th>Zewn\u0119trzna karta SIM  <\/th>\n<td>Nie  <\/td>\n<\/tr>\n<tr>\n<th>System operacyjny  <\/th>\n<td>RTOS<\/td>\n<\/tr>\n<\/tbody>\n<\/table>\n<\/div>\n","protected":false},"excerpt":{"rendered":"<p>Adapter Roamplug z hotspotem 4G\/LTE Wi-Fi GlocalMe GlocalMe Roamplug z hotspotem 4G Wi-Fi to innowacyjne rozwi\u0105zanie, kt\u00f3re \u0142\u0105czy w sobie<\/p>\n","protected":false},"featured_media":46543,"comment_status":"closed","ping_status":"open","template":"","meta":{"_acf_changed":false},"product_brand":[],"product_cat":[5930,5929],"product_tag":[],"class_list":{"0":"post-59898","1":"product","2":"type-product","3":"status-publish","4":"has-post-thumbnail","6":"product_cat-adaptery-przejsciowki-konwertery","7":"product_cat-akcesoria-it","8":"pa_okres-gwarancji-5754","9":"pa_producent-glocalme","11":"first","12":"outofstock","13":"taxable","14":"shipping-taxable","15":"purchasable","16":"product-type-simple"},"acf":[],"yoast_head":"<!-- This site is optimized with the Yoast SEO plugin v27.2 - https:\/\/yoast.com\/product\/yoast-seo-wordpress\/ -->\n<title>Router mobilny GLOCALME Roamplug 4G\/LTE Wi-Fi - IRONSKY.PL Sklep z Dronami<\/title>\n<meta name=\"description\" content=\"Router mobilny GLOCALME Roamplug 4G\/LTE Wi-Fi - \u2705 sklep z dronami i fachowym doradztwem. \u2705 Tutaj kupisz produkty DJI, Yuneec, Parrot, Syma i wiele innych, a tak\u017ce kursy i licencje na operatora drona.\" \/>\n<meta name=\"robots\" content=\"index, follow, max-snippet:-1, max-image-preview:large, max-video-preview:-1\" \/>\n<link rel=\"canonical\" href=\"https:\/\/ironsky.pl\/sklep\/produkt\/router-mobilny-glocalme-roamplug-4g-lte-wi-fi\/\" \/>\n<meta property=\"og:locale\" content=\"pl_PL\" \/>\n<meta property=\"og:type\" content=\"article\" \/>\n<meta property=\"og:title\" content=\"Router mobilny GLOCALME Roamplug 4G\/LTE Wi-Fi - IRONSKY.PL Sklep z Dronami\" \/>\n<meta property=\"og:description\" content=\"Router mobilny GLOCALME Roamplug 4G\/LTE Wi-Fi - \u2705 sklep z dronami i fachowym doradztwem. \u2705 Tutaj kupisz produkty DJI, Yuneec, Parrot, Syma i wiele innych, a tak\u017ce kursy i licencje na operatora drona.\" \/>\n<meta property=\"og:url\" content=\"https:\/\/ironsky.pl\/sklep\/produkt\/router-mobilny-glocalme-roamplug-4g-lte-wi-fi\/\" \/>\n<meta property=\"og:site_name\" content=\"IRONSKY.PL Sklep z Dronami\" \/>\n<meta property=\"article:modified_time\" content=\"2026-04-15T08:53:14+00:00\" \/>\n<meta property=\"og:image\" content=\"https:\/\/ironsky.pl\/sklep\/wp-content\/uploads\/2025\/06\/48800_1.jpg\" \/>\n\t<meta property=\"og:image:width\" content=\"800\" \/>\n\t<meta property=\"og:image:height\" content=\"800\" \/>\n\t<meta property=\"og:image:type\" content=\"image\/jpeg\" \/>\n<meta name=\"twitter:card\" content=\"summary_large_image\" \/>\n<meta name=\"twitter:label1\" content=\"Szacowany czas czytania\" \/>\n\t<meta name=\"twitter:data1\" content=\"3 minuty\" \/>\n<script type=\"application\/ld+json\" class=\"yoast-schema-graph\">{\"@context\":\"https:\/\/schema.org\",\"@graph\":[{\"@type\":\"WebPage\",\"@id\":\"https:\/\/ironsky.pl\/sklep\/produkt\/router-mobilny-glocalme-roamplug-4g-lte-wi-fi\/\",\"url\":\"https:\/\/ironsky.pl\/sklep\/produkt\/router-mobilny-glocalme-roamplug-4g-lte-wi-fi\/\",\"name\":\"Router mobilny GLOCALME Roamplug 4G\/LTE Wi-Fi - IRONSKY.PL Sklep z Dronami\",\"isPartOf\":{\"@id\":\"https:\/\/ironsky.pl\/sklep\/#website\"},\"primaryImageOfPage\":{\"@id\":\"https:\/\/ironsky.pl\/sklep\/produkt\/router-mobilny-glocalme-roamplug-4g-lte-wi-fi\/#primaryimage\"},\"image\":{\"@id\":\"https:\/\/ironsky.pl\/sklep\/produkt\/router-mobilny-glocalme-roamplug-4g-lte-wi-fi\/#primaryimage\"},\"thumbnailUrl\":\"https:\/\/ironsky.pl\/sklep\/wp-content\/uploads\/2025\/06\/48800_1.jpg\",\"datePublished\":\"2026-04-15T08:52:49+00:00\",\"dateModified\":\"2026-04-15T08:53:14+00:00\",\"description\":\"Router mobilny GLOCALME Roamplug 4G\/LTE Wi-Fi - \u2705 sklep z dronami i fachowym doradztwem. \u2705 Tutaj kupisz produkty DJI, Yuneec, Parrot, Syma i wiele innych, a tak\u017ce kursy i licencje na operatora drona.\",\"breadcrumb\":{\"@id\":\"https:\/\/ironsky.pl\/sklep\/produkt\/router-mobilny-glocalme-roamplug-4g-lte-wi-fi\/#breadcrumb\"},\"inLanguage\":\"pl-PL\",\"potentialAction\":[{\"@type\":\"ReadAction\",\"target\":[\"https:\/\/ironsky.pl\/sklep\/produkt\/router-mobilny-glocalme-roamplug-4g-lte-wi-fi\/\"]}]},{\"@type\":\"ImageObject\",\"inLanguage\":\"pl-PL\",\"@id\":\"https:\/\/ironsky.pl\/sklep\/produkt\/router-mobilny-glocalme-roamplug-4g-lte-wi-fi\/#primaryimage\",\"url\":\"https:\/\/ironsky.pl\/sklep\/wp-content\/uploads\/2025\/06\/48800_1.jpg\",\"contentUrl\":\"https:\/\/ironsky.pl\/sklep\/wp-content\/uploads\/2025\/06\/48800_1.jpg\",\"width\":800,\"height\":800},{\"@type\":\"BreadcrumbList\",\"@id\":\"https:\/\/ironsky.pl\/sklep\/produkt\/router-mobilny-glocalme-roamplug-4g-lte-wi-fi\/#breadcrumb\",\"itemListElement\":[{\"@type\":\"ListItem\",\"position\":1,\"name\":\"Strona g\u0142\u00f3wna\",\"item\":\"https:\/\/ironsky.pl\/sklep\/\"},{\"@type\":\"ListItem\",\"position\":2,\"name\":\"Wszystkie produkty\",\"item\":\"https:\/\/ironsky.pl\/sklep\/produkty\/\"},{\"@type\":\"ListItem\",\"position\":3,\"name\":\"Router mobilny GLOCALME Roamplug 4G\/LTE Wi-Fi\"}]},{\"@type\":\"WebSite\",\"@id\":\"https:\/\/ironsky.pl\/sklep\/#website\",\"url\":\"https:\/\/ironsky.pl\/sklep\/\",\"name\":\"IRONSKY.PL Sklep z Dronami\",\"description\":\"IRONSKY.PL Sklep z Dronami\",\"potentialAction\":[{\"@type\":\"SearchAction\",\"target\":{\"@type\":\"EntryPoint\",\"urlTemplate\":\"https:\/\/ironsky.pl\/sklep\/?s={search_term_string}\"},\"query-input\":{\"@type\":\"PropertyValueSpecification\",\"valueRequired\":true,\"valueName\":\"search_term_string\"}}],\"inLanguage\":\"pl-PL\"}]}<\/script>\n<!-- \/ Yoast SEO plugin. -->","yoast_head_json":{"title":"Router mobilny GLOCALME Roamplug 4G\/LTE Wi-Fi - IRONSKY.PL Sklep z Dronami","description":"Router mobilny GLOCALME Roamplug 4G\/LTE Wi-Fi - \u2705 sklep z dronami i fachowym doradztwem. \u2705 Tutaj kupisz produkty DJI, Yuneec, Parrot, Syma i wiele innych, a tak\u017ce kursy i licencje na operatora drona.","robots":{"index":"index","follow":"follow","max-snippet":"max-snippet:-1","max-image-preview":"max-image-preview:large","max-video-preview":"max-video-preview:-1"},"canonical":"https:\/\/ironsky.pl\/sklep\/produkt\/router-mobilny-glocalme-roamplug-4g-lte-wi-fi\/","og_locale":"pl_PL","og_type":"article","og_title":"Router mobilny GLOCALME Roamplug 4G\/LTE Wi-Fi - IRONSKY.PL Sklep z Dronami","og_description":"Router mobilny GLOCALME Roamplug 4G\/LTE Wi-Fi - \u2705 sklep z dronami i fachowym doradztwem. \u2705 Tutaj kupisz produkty DJI, Yuneec, Parrot, Syma i wiele innych, a tak\u017ce kursy i licencje na operatora drona.","og_url":"https:\/\/ironsky.pl\/sklep\/produkt\/router-mobilny-glocalme-roamplug-4g-lte-wi-fi\/","og_site_name":"IRONSKY.PL Sklep z Dronami","article_modified_time":"2026-04-15T08:53:14+00:00","og_image":[{"width":800,"height":800,"url":"https:\/\/ironsky.pl\/sklep\/wp-content\/uploads\/2025\/06\/48800_1.jpg","type":"image\/jpeg"}],"twitter_card":"summary_large_image","twitter_misc":{"Szacowany czas czytania":"3 minuty"},"schema":{"@context":"https:\/\/schema.org","@graph":[{"@type":"WebPage","@id":"https:\/\/ironsky.pl\/sklep\/produkt\/router-mobilny-glocalme-roamplug-4g-lte-wi-fi\/","url":"https:\/\/ironsky.pl\/sklep\/produkt\/router-mobilny-glocalme-roamplug-4g-lte-wi-fi\/","name":"Router mobilny GLOCALME Roamplug 4G\/LTE Wi-Fi - IRONSKY.PL Sklep z Dronami","isPartOf":{"@id":"https:\/\/ironsky.pl\/sklep\/#website"},"primaryImageOfPage":{"@id":"https:\/\/ironsky.pl\/sklep\/produkt\/router-mobilny-glocalme-roamplug-4g-lte-wi-fi\/#primaryimage"},"image":{"@id":"https:\/\/ironsky.pl\/sklep\/produkt\/router-mobilny-glocalme-roamplug-4g-lte-wi-fi\/#primaryimage"},"thumbnailUrl":"https:\/\/ironsky.pl\/sklep\/wp-content\/uploads\/2025\/06\/48800_1.jpg","datePublished":"2026-04-15T08:52:49+00:00","dateModified":"2026-04-15T08:53:14+00:00","description":"Router mobilny GLOCALME Roamplug 4G\/LTE Wi-Fi - \u2705 sklep z dronami i fachowym doradztwem. \u2705 Tutaj kupisz produkty DJI, Yuneec, Parrot, Syma i wiele innych, a tak\u017ce kursy i licencje na operatora drona.","breadcrumb":{"@id":"https:\/\/ironsky.pl\/sklep\/produkt\/router-mobilny-glocalme-roamplug-4g-lte-wi-fi\/#breadcrumb"},"inLanguage":"pl-PL","potentialAction":[{"@type":"ReadAction","target":["https:\/\/ironsky.pl\/sklep\/produkt\/router-mobilny-glocalme-roamplug-4g-lte-wi-fi\/"]}]},{"@type":"ImageObject","inLanguage":"pl-PL","@id":"https:\/\/ironsky.pl\/sklep\/produkt\/router-mobilny-glocalme-roamplug-4g-lte-wi-fi\/#primaryimage","url":"https:\/\/ironsky.pl\/sklep\/wp-content\/uploads\/2025\/06\/48800_1.jpg","contentUrl":"https:\/\/ironsky.pl\/sklep\/wp-content\/uploads\/2025\/06\/48800_1.jpg","width":800,"height":800},{"@type":"BreadcrumbList","@id":"https:\/\/ironsky.pl\/sklep\/produkt\/router-mobilny-glocalme-roamplug-4g-lte-wi-fi\/#breadcrumb","itemListElement":[{"@type":"ListItem","position":1,"name":"Strona g\u0142\u00f3wna","item":"https:\/\/ironsky.pl\/sklep\/"},{"@type":"ListItem","position":2,"name":"Wszystkie produkty","item":"https:\/\/ironsky.pl\/sklep\/produkty\/"},{"@type":"ListItem","position":3,"name":"Router mobilny GLOCALME Roamplug 4G\/LTE Wi-Fi"}]},{"@type":"WebSite","@id":"https:\/\/ironsky.pl\/sklep\/#website","url":"https:\/\/ironsky.pl\/sklep\/","name":"IRONSKY.PL Sklep z Dronami","description":"IRONSKY.PL Sklep z Dronami","potentialAction":[{"@type":"SearchAction","target":{"@type":"EntryPoint","urlTemplate":"https:\/\/ironsky.pl\/sklep\/?s={search_term_string}"},"query-input":{"@type":"PropertyValueSpecification","valueRequired":true,"valueName":"search_term_string"}}],"inLanguage":"pl-PL"}]}},"_links":{"self":[{"href":"https:\/\/ironsky.pl\/sklep\/wp-json\/wp\/v2\/product\/59898","targetHints":{"allow":["GET"]}}],"collection":[{"href":"https:\/\/ironsky.pl\/sklep\/wp-json\/wp\/v2\/product"}],"about":[{"href":"https:\/\/ironsky.pl\/sklep\/wp-json\/wp\/v2\/types\/product"}],"replies":[{"embeddable":true,"href":"https:\/\/ironsky.pl\/sklep\/wp-json\/wp\/v2\/comments?post=59898"}],"wp:featuredmedia":[{"embeddable":true,"href":"https:\/\/ironsky.pl\/sklep\/wp-json\/wp\/v2\/media\/46543"}],"wp:attachment":[{"href":"https:\/\/ironsky.pl\/sklep\/wp-json\/wp\/v2\/media?parent=59898"}],"wp:term":[{"taxonomy":"product_brand","embeddable":true,"href":"https:\/\/ironsky.pl\/sklep\/wp-json\/wp\/v2\/product_brand?post=59898"},{"taxonomy":"product_cat","embeddable":true,"href":"https:\/\/ironsky.pl\/sklep\/wp-json\/wp\/v2\/product_cat?post=59898"},{"taxonomy":"product_tag","embeddable":true,"href":"https:\/\/ironsky.pl\/sklep\/wp-json\/wp\/v2\/product_tag?post=59898"}],"curies":[{"name":"wp","href":"https:\/\/api.w.org\/{rel}","templated":true}]}}