{"id":59897,"date":"2026-04-15T10:52:49","date_gmt":"2026-04-15T08:52:49","guid":{"rendered":"https:\/\/ironsky.pl\/sklep\/produkt\/router-mobilny-glocalme-unicord-4g-lte-cloud-sim\/"},"modified":"2026-04-15T10:53:13","modified_gmt":"2026-04-15T08:53:13","slug":"router-mobilny-glocalme-unicord-4g-lte-cloud-sim","status":"publish","type":"product","link":"https:\/\/ironsky.pl\/sklep\/produkt\/router-mobilny-glocalme-unicord-4g-lte-cloud-sim\/","title":{"rendered":"Router mobilny GLOCALME Unicord 4G\/LTE (Cloud SIM)"},"content":{"rendered":"<h3>Przeno\u015bny kabel Wi-Fi Hotspot GlocalMe Unicord 4G\/L<\/h3>\n<p>GlocalMe Unicord to nowatorskie urz\u0105dzenie, kt\u00f3re \u0142\u0105czy funkcjonalno\u015b\u0107 przeno\u015bnego hotspotu Wi-Fi z szybkim \u0142adowaniem urz\u0105dze\u0144. Zastosowanie technologii CloudSIM oferuje bezproblemowy\u00a0 dost\u0119p do internetu z sieci\u0105 4G\/LTE w ponad 150 krajach bez potrzeby korzystania z karty SIM. Jego d\u0142ugo\u015b\u0107 wynosi 1 m, a dzi\u0119ki niewielkiej wadze (tylko 39 g) jest \u0142atwy do przenoszenia. Zosta\u0142 te\u017c wyposa\u017cony w interfejs USB-C, a dodatkowo do zestawu do\u0142\u0105czono adapter USB-C do USB-A. Kabel obs\u0142uguje przy tym kilka standard\u00f3w szybkiego \u0142adowania i oferuje moc si\u0119gaj\u0105c\u0105 65 W.<\/p>\n<p>\n<img decoding=\"async\" src=\"https:\/\/assets.innpro.pl\/11214\/13223\/2.jpg\" border=\"0\" \/>\n<\/p>\n<h3>Globalny dost\u0119p do internetu z technologi\u0105 CloudSIM<\/h3>\n<p>GlocalMe Unicord obs\u0142uguje liczne pasma 4G\/LTE, w tym FDD-LTE (B1\/2\/3\/5\/8\/12\/13\/17\/18\/19\/20\/25\/26\/28) oraz TFF-LTE (B38\/B41) bez konieczno\u015bci zakupu lokalnych kart SIM. Wbudowana technologia CloudSIM automatycznie \u0142\u0105czy si\u0119 z najlepsz\u0105 dost\u0119pn\u0105 sieci\u0105, oferuj\u0105c szybkie i stabilne po\u0142\u0105czenie w ka\u017cdym miejscu. To doskona\u0142e rozwi\u0105zanie na czas podr\u00f3\u017cy \u2013 pozwoli Ci bez problemu przegl\u0105da\u0107 sie\u0107 i kontaktowa\u0107 si\u0119 z bliskimi, gdziekolwiek si\u0119 znajdziesz.<\/p>\n<p>\n<img decoding=\"async\" src=\"https:\/\/assets.innpro.pl\/11214\/13223\/3.jpg\" border=\"0\" \/>\n<\/p>\n<h3>Modu\u0142 Wi-Fi i wielozadaniowo\u015b\u0107<\/h3>\n<p>Modu\u0142 Wi-Fi w GlocalMe Unicord dzia\u0142a w pa\u015bmie 2,4 GHz i obs\u0142uguje standardy 802.11 b\/g\/n, co zapewnia solidn\u0105 pr\u0119dko\u015b\u0107 transmisji danych. Ponadto urz\u0105dzenie pozwala na jednoczesne pod\u0142\u0105czenie dw\u00f3ch urz\u0105dze\u0144, dzi\u0119ki czemu idealnie nadaje si\u0119 do pracy w ma\u0142ych grupach lub podczas podr\u00f3\u017cy.<\/p>\n<p>\n<img decoding=\"async\" src=\"https:\/\/assets.innpro.pl\/11214\/13223\/6.jpg\" border=\"0\" \/>\n<\/p>\n<h3>Szybkie \u0142adowanie i wysoka moc<\/h3>\n<p>GlocalMe Unicord oferuje wi\u0119cej ni\u017c tylko dost\u0119p do internetu \u2013 to tak\u017ce szybkie i efektywne \u0142adowanie. Obs\u0142uguj\u0105c standardy takie jak PD3.0, PD2.0, QC4.0 oraz BC, umo\u017cliwia szybkie \u0142adowanie z moc\u0105 do 65 W. Za spraw\u0105 czego z \u0142atwo\u015bci\u0105 na\u0142adujesz smartfon, laptopa czy inne sprz\u0119ty, oszcz\u0119dzaj\u0105c cenny czas.<\/p>\n<p>\n<img decoding=\"async\" src=\"https:\/\/assets.innpro.pl\/11214\/13223\/1.jpg\" border=\"0\" \/>\n<\/p>\n<h3>Idealne rozwi\u0105zanie na czas podr\u00f3\u017cy<\/h3>\n<p>Transport urz\u0105dzenia jest bardzo prosty, dzi\u0119ki lekkiej wadze 39 g i d\u0142ugosci 1m. Dodatkowo w zestawie znajduje si\u0119 adapter USB-C do USB-A, zwi\u0119kszaj\u0105cy kompatybilno\u015b\u0107 z r\u00f3\u017cnymi typami urz\u0105dze\u0144, takimi jak powerbanki, laptopy czy tablety. Natomiast mo\u017cliwo\u015b\u0107 korzystania z sieci 4G\/LTE oraz technologia CloudSIM to \u015bwietne atuty dla os\u00f3b, kt\u00f3re potrzebuj\u0105 niezawodnego po\u0142\u0105czenia z sieci\u0105 i pe\u0142nej mobilno\u015bci w dowolnym miejscu na \u015bwiecie.<\/p>\n<p>\n<img decoding=\"async\" src=\"https:\/\/assets.innpro.pl\/11214\/13223\/7.jpg\" border=\"0\" \/>\n<\/p>\n<h3>W zestawie<\/h3>\n<ul class=\"list-disc pl-5\">\n<li>Kabel Wi-Fi<\/li>\n<li>Adapter USB-C do USB-A<\/li>\n<\/ul>\n<div class=\"table-wrapper\">\n<p>\u00a0<\/p>\n<h3><\/h3>\n<table>\n<tbody>\n<tr>\n<th>Producent<\/th>\n<td>GlocalMe<\/td>\n<\/tr>\n<tr>\n<th>Model<\/th>\n<td>Unicord white<\/td>\n<\/tr>\n<tr>\n<th>Kolor<\/th>\n<td>Bia\u0142y<\/td>\n<\/tr>\n<tr>\n<th>D\u0142ugo\u015b\u0107 kabla<\/th>\n<td>1 m<\/td>\n<\/tr>\n<tr>\n<th>Wymiary modu\u0142u Wi-Fi<\/th>\n<td>66 x 21 x 13,5 mm<\/td>\n<\/tr>\n<tr>\n<th>Materia\u0142<\/th>\n<td>Plastik<\/td>\n<\/tr>\n<tr>\n<th>Waga<\/th>\n<td>39 g<\/td>\n<\/tr>\n<tr>\n<th>Kolor LED<\/th>\n<td>Niebieski<\/td>\n<\/tr>\n<tr>\n<th>CPU<\/th>\n<td>UNISOC8850<\/td>\n<\/tr>\n<tr>\n<th>FDD-LTE<\/th>\n<td>B1\/2\/3\/5\/8\/12\/13\/17\/18\/19\/20\/25\/26\/28<\/td>\n<\/tr>\n<tr>\n<th>TFF-LTE<\/th>\n<td>B38\/B41<\/td>\n<\/tr>\n<tr>\n<th>WCDMA<\/th>\n<td>Nie<\/td>\n<\/tr>\n<tr>\n<th>GSM<\/th>\n<td>Nie<\/td>\n<\/tr>\n<tr>\n<th>WLAN<\/th>\n<td>2,4 GHz 802.11 b\/g\/n<\/td>\n<\/tr>\n<tr>\n<th>Maks. liczba dost\u0119p\u00f3w Wi-Fi<\/th>\n<td>2<\/td>\n<\/tr>\n<tr>\n<th>BT<\/th>\n<td>Nie<\/td>\n<\/tr>\n<tr>\n<th>GPS<\/th>\n<td>Nie<\/td>\n<\/tr>\n<tr>\n<th>Interfejs<\/th>\n<td>USB-C do USB-C<\/td>\n<\/tr>\n<tr>\n<th>Moc \u0142adowania<\/th>\n<td>Do 65 W<\/td>\n<\/tr>\n<tr>\n<th>Obs\u0142ugiwane standardy szybkiego \u0142adowania<\/th>\n<td>PD3.0, PD2.0, QC4.0, BC<\/td>\n<\/tr>\n<tr>\n<th>Karta SIM<\/th>\n<td>Nie<\/td>\n<\/tr>\n<tr>\n<th>Reset<\/th>\n<td>Przycisk w otworze<\/td>\n<\/tr>\n<tr>\n<th>System operacyjny<\/th>\n<td>RTOS<\/td>\n<\/tr>\n<\/tbody>\n<\/table>\n<\/div>\n","protected":false},"excerpt":{"rendered":"<p>Przeno\u015bny kabel Wi-Fi Hotspot GlocalMe Unicord 4G\/L GlocalMe Unicord to nowatorskie urz\u0105dzenie, kt\u00f3re \u0142\u0105czy funkcjonalno\u015b\u0107 przeno\u015bnego hotspotu Wi-Fi z szybkim<\/p>\n","protected":false},"featured_media":46538,"comment_status":"closed","ping_status":"open","template":"","meta":{"_acf_changed":false},"product_brand":[],"product_cat":[5929,6037],"product_tag":[],"class_list":{"0":"post-59897","1":"product","2":"type-product","3":"status-publish","4":"has-post-thumbnail","6":"product_cat-akcesoria-it","7":"product_cat-urzadzenia-sieciowe","8":"pa_okres-gwarancji-5754","9":"pa_producent-glocalme","11":"first","12":"outofstock","13":"taxable","14":"shipping-taxable","15":"purchasable","16":"product-type-simple"},"acf":[],"yoast_head":"<!-- This site is optimized with the Yoast SEO plugin v27.2 - https:\/\/yoast.com\/product\/yoast-seo-wordpress\/ -->\n<title>Router mobilny GLOCALME Unicord 4G\/LTE (Cloud SIM) - IRONSKY.PL Sklep z Dronami<\/title>\n<meta name=\"description\" content=\"Router mobilny GLOCALME Unicord 4G\/LTE (Cloud SIM) - \u2705 sklep z dronami i fachowym doradztwem. \u2705 Tutaj kupisz produkty DJI, Yuneec, Parrot, Syma i wiele innych, a tak\u017ce kursy i licencje na operatora drona.\" \/>\n<meta name=\"robots\" content=\"index, follow, max-snippet:-1, max-image-preview:large, max-video-preview:-1\" \/>\n<link rel=\"canonical\" href=\"https:\/\/ironsky.pl\/sklep\/produkt\/router-mobilny-glocalme-unicord-4g-lte-cloud-sim\/\" \/>\n<meta property=\"og:locale\" content=\"pl_PL\" \/>\n<meta property=\"og:type\" content=\"article\" \/>\n<meta property=\"og:title\" content=\"Router mobilny GLOCALME Unicord 4G\/LTE (Cloud SIM) - IRONSKY.PL Sklep z Dronami\" \/>\n<meta property=\"og:description\" content=\"Router mobilny GLOCALME Unicord 4G\/LTE (Cloud SIM) - \u2705 sklep z dronami i fachowym doradztwem. \u2705 Tutaj kupisz produkty DJI, Yuneec, Parrot, Syma i wiele innych, a tak\u017ce kursy i licencje na operatora drona.\" \/>\n<meta property=\"og:url\" content=\"https:\/\/ironsky.pl\/sklep\/produkt\/router-mobilny-glocalme-unicord-4g-lte-cloud-sim\/\" \/>\n<meta property=\"og:site_name\" content=\"IRONSKY.PL Sklep z Dronami\" \/>\n<meta property=\"article:modified_time\" content=\"2026-04-15T08:53:13+00:00\" \/>\n<meta property=\"og:image\" content=\"https:\/\/ironsky.pl\/sklep\/wp-content\/uploads\/2025\/06\/48797_1.jpg\" \/>\n\t<meta property=\"og:image:width\" content=\"800\" \/>\n\t<meta property=\"og:image:height\" content=\"800\" \/>\n\t<meta property=\"og:image:type\" content=\"image\/jpeg\" \/>\n<meta name=\"twitter:card\" content=\"summary_large_image\" \/>\n<meta name=\"twitter:label1\" content=\"Szacowany czas czytania\" \/>\n\t<meta name=\"twitter:data1\" content=\"2 minuty\" \/>\n<script type=\"application\/ld+json\" class=\"yoast-schema-graph\">{\"@context\":\"https:\/\/schema.org\",\"@graph\":[{\"@type\":\"WebPage\",\"@id\":\"https:\/\/ironsky.pl\/sklep\/produkt\/router-mobilny-glocalme-unicord-4g-lte-cloud-sim\/\",\"url\":\"https:\/\/ironsky.pl\/sklep\/produkt\/router-mobilny-glocalme-unicord-4g-lte-cloud-sim\/\",\"name\":\"Router mobilny GLOCALME Unicord 4G\/LTE (Cloud SIM) - IRONSKY.PL Sklep z Dronami\",\"isPartOf\":{\"@id\":\"https:\/\/ironsky.pl\/sklep\/#website\"},\"primaryImageOfPage\":{\"@id\":\"https:\/\/ironsky.pl\/sklep\/produkt\/router-mobilny-glocalme-unicord-4g-lte-cloud-sim\/#primaryimage\"},\"image\":{\"@id\":\"https:\/\/ironsky.pl\/sklep\/produkt\/router-mobilny-glocalme-unicord-4g-lte-cloud-sim\/#primaryimage\"},\"thumbnailUrl\":\"https:\/\/ironsky.pl\/sklep\/wp-content\/uploads\/2025\/06\/48797_1.jpg\",\"datePublished\":\"2026-04-15T08:52:49+00:00\",\"dateModified\":\"2026-04-15T08:53:13+00:00\",\"description\":\"Router mobilny GLOCALME Unicord 4G\/LTE (Cloud SIM) - \u2705 sklep z dronami i fachowym doradztwem. \u2705 Tutaj kupisz produkty DJI, Yuneec, Parrot, Syma i wiele innych, a tak\u017ce kursy i licencje na operatora drona.\",\"breadcrumb\":{\"@id\":\"https:\/\/ironsky.pl\/sklep\/produkt\/router-mobilny-glocalme-unicord-4g-lte-cloud-sim\/#breadcrumb\"},\"inLanguage\":\"pl-PL\",\"potentialAction\":[{\"@type\":\"ReadAction\",\"target\":[\"https:\/\/ironsky.pl\/sklep\/produkt\/router-mobilny-glocalme-unicord-4g-lte-cloud-sim\/\"]}]},{\"@type\":\"ImageObject\",\"inLanguage\":\"pl-PL\",\"@id\":\"https:\/\/ironsky.pl\/sklep\/produkt\/router-mobilny-glocalme-unicord-4g-lte-cloud-sim\/#primaryimage\",\"url\":\"https:\/\/ironsky.pl\/sklep\/wp-content\/uploads\/2025\/06\/48797_1.jpg\",\"contentUrl\":\"https:\/\/ironsky.pl\/sklep\/wp-content\/uploads\/2025\/06\/48797_1.jpg\",\"width\":800,\"height\":800},{\"@type\":\"BreadcrumbList\",\"@id\":\"https:\/\/ironsky.pl\/sklep\/produkt\/router-mobilny-glocalme-unicord-4g-lte-cloud-sim\/#breadcrumb\",\"itemListElement\":[{\"@type\":\"ListItem\",\"position\":1,\"name\":\"Strona g\u0142\u00f3wna\",\"item\":\"https:\/\/ironsky.pl\/sklep\/\"},{\"@type\":\"ListItem\",\"position\":2,\"name\":\"Wszystkie produkty\",\"item\":\"https:\/\/ironsky.pl\/sklep\/produkty\/\"},{\"@type\":\"ListItem\",\"position\":3,\"name\":\"Router mobilny GLOCALME Unicord 4G\/LTE (Cloud SIM)\"}]},{\"@type\":\"WebSite\",\"@id\":\"https:\/\/ironsky.pl\/sklep\/#website\",\"url\":\"https:\/\/ironsky.pl\/sklep\/\",\"name\":\"IRONSKY.PL Sklep z Dronami\",\"description\":\"IRONSKY.PL Sklep z Dronami\",\"potentialAction\":[{\"@type\":\"SearchAction\",\"target\":{\"@type\":\"EntryPoint\",\"urlTemplate\":\"https:\/\/ironsky.pl\/sklep\/?s={search_term_string}\"},\"query-input\":{\"@type\":\"PropertyValueSpecification\",\"valueRequired\":true,\"valueName\":\"search_term_string\"}}],\"inLanguage\":\"pl-PL\"}]}<\/script>\n<!-- \/ Yoast SEO plugin. -->","yoast_head_json":{"title":"Router mobilny GLOCALME Unicord 4G\/LTE (Cloud SIM) - IRONSKY.PL Sklep z Dronami","description":"Router mobilny GLOCALME Unicord 4G\/LTE (Cloud SIM) - \u2705 sklep z dronami i fachowym doradztwem. \u2705 Tutaj kupisz produkty DJI, Yuneec, Parrot, Syma i wiele innych, a tak\u017ce kursy i licencje na operatora drona.","robots":{"index":"index","follow":"follow","max-snippet":"max-snippet:-1","max-image-preview":"max-image-preview:large","max-video-preview":"max-video-preview:-1"},"canonical":"https:\/\/ironsky.pl\/sklep\/produkt\/router-mobilny-glocalme-unicord-4g-lte-cloud-sim\/","og_locale":"pl_PL","og_type":"article","og_title":"Router mobilny GLOCALME Unicord 4G\/LTE (Cloud SIM) - IRONSKY.PL Sklep z Dronami","og_description":"Router mobilny GLOCALME Unicord 4G\/LTE (Cloud SIM) - \u2705 sklep z dronami i fachowym doradztwem. \u2705 Tutaj kupisz produkty DJI, Yuneec, Parrot, Syma i wiele innych, a tak\u017ce kursy i licencje na operatora drona.","og_url":"https:\/\/ironsky.pl\/sklep\/produkt\/router-mobilny-glocalme-unicord-4g-lte-cloud-sim\/","og_site_name":"IRONSKY.PL Sklep z Dronami","article_modified_time":"2026-04-15T08:53:13+00:00","og_image":[{"width":800,"height":800,"url":"https:\/\/ironsky.pl\/sklep\/wp-content\/uploads\/2025\/06\/48797_1.jpg","type":"image\/jpeg"}],"twitter_card":"summary_large_image","twitter_misc":{"Szacowany czas czytania":"2 minuty"},"schema":{"@context":"https:\/\/schema.org","@graph":[{"@type":"WebPage","@id":"https:\/\/ironsky.pl\/sklep\/produkt\/router-mobilny-glocalme-unicord-4g-lte-cloud-sim\/","url":"https:\/\/ironsky.pl\/sklep\/produkt\/router-mobilny-glocalme-unicord-4g-lte-cloud-sim\/","name":"Router mobilny GLOCALME Unicord 4G\/LTE (Cloud SIM) - IRONSKY.PL Sklep z Dronami","isPartOf":{"@id":"https:\/\/ironsky.pl\/sklep\/#website"},"primaryImageOfPage":{"@id":"https:\/\/ironsky.pl\/sklep\/produkt\/router-mobilny-glocalme-unicord-4g-lte-cloud-sim\/#primaryimage"},"image":{"@id":"https:\/\/ironsky.pl\/sklep\/produkt\/router-mobilny-glocalme-unicord-4g-lte-cloud-sim\/#primaryimage"},"thumbnailUrl":"https:\/\/ironsky.pl\/sklep\/wp-content\/uploads\/2025\/06\/48797_1.jpg","datePublished":"2026-04-15T08:52:49+00:00","dateModified":"2026-04-15T08:53:13+00:00","description":"Router mobilny GLOCALME Unicord 4G\/LTE (Cloud SIM) - \u2705 sklep z dronami i fachowym doradztwem. \u2705 Tutaj kupisz produkty DJI, Yuneec, Parrot, Syma i wiele innych, a tak\u017ce kursy i licencje na operatora drona.","breadcrumb":{"@id":"https:\/\/ironsky.pl\/sklep\/produkt\/router-mobilny-glocalme-unicord-4g-lte-cloud-sim\/#breadcrumb"},"inLanguage":"pl-PL","potentialAction":[{"@type":"ReadAction","target":["https:\/\/ironsky.pl\/sklep\/produkt\/router-mobilny-glocalme-unicord-4g-lte-cloud-sim\/"]}]},{"@type":"ImageObject","inLanguage":"pl-PL","@id":"https:\/\/ironsky.pl\/sklep\/produkt\/router-mobilny-glocalme-unicord-4g-lte-cloud-sim\/#primaryimage","url":"https:\/\/ironsky.pl\/sklep\/wp-content\/uploads\/2025\/06\/48797_1.jpg","contentUrl":"https:\/\/ironsky.pl\/sklep\/wp-content\/uploads\/2025\/06\/48797_1.jpg","width":800,"height":800},{"@type":"BreadcrumbList","@id":"https:\/\/ironsky.pl\/sklep\/produkt\/router-mobilny-glocalme-unicord-4g-lte-cloud-sim\/#breadcrumb","itemListElement":[{"@type":"ListItem","position":1,"name":"Strona g\u0142\u00f3wna","item":"https:\/\/ironsky.pl\/sklep\/"},{"@type":"ListItem","position":2,"name":"Wszystkie produkty","item":"https:\/\/ironsky.pl\/sklep\/produkty\/"},{"@type":"ListItem","position":3,"name":"Router mobilny GLOCALME Unicord 4G\/LTE (Cloud SIM)"}]},{"@type":"WebSite","@id":"https:\/\/ironsky.pl\/sklep\/#website","url":"https:\/\/ironsky.pl\/sklep\/","name":"IRONSKY.PL Sklep z Dronami","description":"IRONSKY.PL Sklep z Dronami","potentialAction":[{"@type":"SearchAction","target":{"@type":"EntryPoint","urlTemplate":"https:\/\/ironsky.pl\/sklep\/?s={search_term_string}"},"query-input":{"@type":"PropertyValueSpecification","valueRequired":true,"valueName":"search_term_string"}}],"inLanguage":"pl-PL"}]}},"_links":{"self":[{"href":"https:\/\/ironsky.pl\/sklep\/wp-json\/wp\/v2\/product\/59897","targetHints":{"allow":["GET"]}}],"collection":[{"href":"https:\/\/ironsky.pl\/sklep\/wp-json\/wp\/v2\/product"}],"about":[{"href":"https:\/\/ironsky.pl\/sklep\/wp-json\/wp\/v2\/types\/product"}],"replies":[{"embeddable":true,"href":"https:\/\/ironsky.pl\/sklep\/wp-json\/wp\/v2\/comments?post=59897"}],"wp:featuredmedia":[{"embeddable":true,"href":"https:\/\/ironsky.pl\/sklep\/wp-json\/wp\/v2\/media\/46538"}],"wp:attachment":[{"href":"https:\/\/ironsky.pl\/sklep\/wp-json\/wp\/v2\/media?parent=59897"}],"wp:term":[{"taxonomy":"product_brand","embeddable":true,"href":"https:\/\/ironsky.pl\/sklep\/wp-json\/wp\/v2\/product_brand?post=59897"},{"taxonomy":"product_cat","embeddable":true,"href":"https:\/\/ironsky.pl\/sklep\/wp-json\/wp\/v2\/product_cat?post=59897"},{"taxonomy":"product_tag","embeddable":true,"href":"https:\/\/ironsky.pl\/sklep\/wp-json\/wp\/v2\/product_tag?post=59897"}],"curies":[{"name":"wp","href":"https:\/\/api.w.org\/{rel}","templated":true}]}}