{"id":59895,"date":"2026-04-15T10:52:49","date_gmt":"2026-04-15T08:52:49","guid":{"rendered":"https:\/\/ironsky.pl\/sklep\/produkt\/plecak-na-laptopa-himawari-1085b-15-szary\/"},"modified":"2026-04-15T10:53:10","modified_gmt":"2026-04-15T08:53:10","slug":"plecak-na-laptopa-himawari-1085b-15-szary","status":"publish","type":"product","link":"https:\/\/ironsky.pl\/sklep\/produkt\/plecak-na-laptopa-himawari-1085b-15-szary\/","title":{"rendered":"Plecak na laptopa HIMAWARI 1085B 15&#8243; (szary)"},"content":{"rendered":"<h3>Plecak na laptopa 15&#8221; Himawari 1085B (szary)<\/h3>\n<p>Poznaj Himawari 1085B \u2013 szary plecak, kt\u00f3ry \u0142\u0105czy styl z funkcjonalno\u015bci\u0105. Dzi\u0119ki swojemu minimalistycznemu designowi i wyj\u0105tkowej jako\u015bci wykonania idealnie nadaje si\u0119 zar\u00f3wno do pracy, jak i na uczelni\u0119. Wykonany z wodoodpornego materia\u0142u, zapewnia bezpiecze\u0144stwo Twojego laptopa i innych urz\u0105dze\u0144, nawet podczas niesprzyjaj\u0105cych warunk\u00f3w pogodowych.<\/p>\n<p>\n<img decoding=\"async\" src=\"https:\/\/assets.innpro.pl\/11207\/13213\/1.jpg\" border=\"0\" \/>\n<\/p>\n<h3>Wygodna przestrze\u0144 na Tw\u00f3j sprz\u0119t<\/h3>\n<p>Himawari 1085B posiada dedykowan\u0105 kiesze\u0144 na laptopa o wymiarach 27&#215;27 cm, kt\u00f3ra doskonale chroni urz\u0105dzenie o przek\u0105tnej do 15 cali. Trzy komory i sze\u015b\u0107 praktycznych kieszeni sprawiaj\u0105, \u017ce plecak jest niezwykle pojemny \u2013 z \u0142atwo\u015bci\u0105 zmie\u015bcisz w nim wszystkie niezb\u0119dne akcesoria, dokumenty, a tak\u017ce rzeczy osobiste.<\/p>\n<p>\n<img decoding=\"async\" src=\"https:\/\/assets.innpro.pl\/11207\/13213\/4.jpg\" border=\"0\" \/>\n<\/p>\n<h3>Lekki i komfortowy w noszeniu<\/h3>\n<p>Plecak wa\u017cy zaledwie 0,6 kg, co czyni go idealnym wyborem na co dzie\u0144. Jego wymiary (41,5 x 28 x 14 cm) gwarantuj\u0105 wystarczaj\u0105co du\u017co przestrzeni na wszystkie potrzebne rzeczy, bez zb\u0119dnego obci\u0105\u017cenia. Regulowane szelki zapewniaj\u0105 komfort noszenia nawet przez ca\u0142y dzie\u0144, a ergonomiczny kszta\u0142t odci\u0105\u017ca plecy.<\/p>\n<p>\n<img decoding=\"async\" src=\"https:\/\/assets.innpro.pl\/11207\/13213\/3.jpg\" border=\"0\" \/>\n<\/p>\n<h3>Nowoczesny design, kt\u00f3ry przyci\u0105ga uwag\u0119<\/h3>\n<p>\u017bywy i przejrzysty kolor plecaka dodaje mu wyj\u0105tkowego charakteru \u2013 to idealny wyb\u00f3r dla os\u00f3b ceni\u0105cych sobie elegancj\u0119 po\u0142\u0105czon\u0105 z odrobin\u0105 barw. Himawari 1085B to nie tylko funkcjonalny plecak, ale tak\u017ce modny dodatek, kt\u00f3ry podkre\u015bli Tw\u00f3j styl.<\/p>\n<p>\n<img decoding=\"async\" src=\"https:\/\/assets.innpro.pl\/11207\/13213\/2.jpg\" border=\"0\" \/>\n<\/p>\n<div class=\"table-wrapper\">\n<p>\u00a0<\/p>\n<h3><\/h3>\n<table>\n<tbody>\n<tr>\n<th>Producent<\/th>\n<td>Himawari<\/td>\n<\/tr>\n<tr>\n<th>Model<\/th>\n<td>1085B  <\/td>\n<\/tr>\n<tr>\n<th>Kolor<\/th>\n<td>szary<\/td>\n<\/tr>\n<tr>\n<th>Materia\u0142 wykonania<\/th>\n<td>poliester<\/td>\n<\/tr>\n<tr>\n<th>Wymiary<\/th>\n<td>41,5 x 28 x 14<\/td>\n<\/tr>\n<tr>\n<th>Waga<\/th>\n<td>0,6 kg<\/td>\n<\/tr>\n<tr>\n<th>Pojemno\u015b\u0107<\/th>\n<td>16 L<\/td>\n<\/tr>\n<tr>\n<th>Wodoodporno\u015b\u0107<\/th>\n<td>tak<\/td>\n<\/tr>\n<tr>\n<th>Szeroko\u015b\u0107 uprz\u0119\u017cy<\/th>\n<td>5,5 cm<\/td>\n<\/tr>\n<tr>\n<th>Minimalna d\u0142ugo\u015b\u0107 uprz\u0119\u017cy<\/th>\n<td>45 cm<\/td>\n<\/tr>\n<tr>\n<th>Maksymalna d\u0142ugo\u015b\u0107 uprz\u0119\u017cy<\/th>\n<td>85 cm<\/td>\n<\/tr>\n<tr>\n<th>Ilo\u015b\u0107 kom\u00f3r<\/th>\n<td>3<\/td>\n<\/tr>\n<tr>\n<th>Ilo\u015b\u0107 kieszeni<\/th>\n<td>6<\/td>\n<\/tr>\n<tr>\n<th>Kompatybilne laptopy<\/th>\n<td>max. 37 x 27 cm<\/td>\n<\/tr>\n<tr>\n<th>Rodzaj zapi\u0119cia<\/th>\n<td>zamek b\u0142yskawiczny<\/td>\n<\/tr>\n<tr>\n<th>Odblaski<\/th>\n<td>nie<\/td>\n<\/tr>\n<\/tbody>\n<\/table>\n<\/div>\n","protected":false},"excerpt":{"rendered":"<p>Plecak na laptopa 15&#8221; Himawari 1085B (szary) Poznaj Himawari 1085B \u2013 szary plecak, kt\u00f3ry \u0142\u0105czy styl z funkcjonalno\u015bci\u0105. Dzi\u0119ki swojemu<\/p>\n","protected":false},"featured_media":46520,"comment_status":"closed","ping_status":"open","template":"","meta":{"_acf_changed":false},"product_brand":[],"product_cat":[5929,5955],"product_tag":[],"class_list":{"0":"post-59895","1":"product","2":"type-product","3":"status-publish","4":"has-post-thumbnail","6":"product_cat-akcesoria-it","7":"product_cat-przenoszenie","8":"pa_okres-gwarancji-5757","9":"pa_producent-himawari","11":"first","12":"outofstock","13":"taxable","14":"shipping-taxable","15":"purchasable","16":"product-type-simple"},"acf":[],"yoast_head":"<!-- This site is optimized with the Yoast SEO plugin v27.2 - https:\/\/yoast.com\/product\/yoast-seo-wordpress\/ -->\n<title>Plecak na laptopa HIMAWARI 1085B 15&quot; (szary) - IRONSKY.PL Sklep z Dronami<\/title>\n<meta name=\"description\" content=\"Plecak na laptopa HIMAWARI 1085B 15&quot; (szary) - \u2705 sklep z dronami i fachowym doradztwem. \u2705 Tutaj kupisz produkty DJI, Yuneec, Parrot, Syma i wiele innych, a tak\u017ce kursy i licencje na operatora drona.\" \/>\n<meta name=\"robots\" content=\"index, follow, max-snippet:-1, max-image-preview:large, max-video-preview:-1\" \/>\n<link rel=\"canonical\" href=\"https:\/\/ironsky.pl\/sklep\/produkt\/plecak-na-laptopa-himawari-1085b-15-szary\/\" \/>\n<meta property=\"og:locale\" content=\"pl_PL\" \/>\n<meta property=\"og:type\" content=\"article\" \/>\n<meta property=\"og:title\" content=\"Plecak na laptopa HIMAWARI 1085B 15&quot; (szary) - IRONSKY.PL Sklep z Dronami\" \/>\n<meta property=\"og:description\" content=\"Plecak na laptopa HIMAWARI 1085B 15&quot; (szary) - \u2705 sklep z dronami i fachowym doradztwem. \u2705 Tutaj kupisz produkty DJI, Yuneec, Parrot, Syma i wiele innych, a tak\u017ce kursy i licencje na operatora drona.\" \/>\n<meta property=\"og:url\" content=\"https:\/\/ironsky.pl\/sklep\/produkt\/plecak-na-laptopa-himawari-1085b-15-szary\/\" \/>\n<meta property=\"og:site_name\" content=\"IRONSKY.PL Sklep z Dronami\" \/>\n<meta property=\"article:modified_time\" content=\"2026-04-15T08:53:10+00:00\" \/>\n<meta property=\"og:image\" content=\"https:\/\/ironsky.pl\/sklep\/wp-content\/uploads\/2025\/06\/48759_1.jpg\" \/>\n\t<meta property=\"og:image:width\" content=\"800\" \/>\n\t<meta property=\"og:image:height\" content=\"800\" \/>\n\t<meta property=\"og:image:type\" content=\"image\/jpeg\" \/>\n<meta name=\"twitter:card\" content=\"summary_large_image\" \/>\n<meta name=\"twitter:label1\" content=\"Szacowany czas czytania\" \/>\n\t<meta name=\"twitter:data1\" content=\"1 minuta\" \/>\n<script type=\"application\/ld+json\" class=\"yoast-schema-graph\">{\"@context\":\"https:\/\/schema.org\",\"@graph\":[{\"@type\":\"WebPage\",\"@id\":\"https:\/\/ironsky.pl\/sklep\/produkt\/plecak-na-laptopa-himawari-1085b-15-szary\/\",\"url\":\"https:\/\/ironsky.pl\/sklep\/produkt\/plecak-na-laptopa-himawari-1085b-15-szary\/\",\"name\":\"Plecak na laptopa HIMAWARI 1085B 15\\\" (szary) - IRONSKY.PL Sklep z Dronami\",\"isPartOf\":{\"@id\":\"https:\/\/ironsky.pl\/sklep\/#website\"},\"primaryImageOfPage\":{\"@id\":\"https:\/\/ironsky.pl\/sklep\/produkt\/plecak-na-laptopa-himawari-1085b-15-szary\/#primaryimage\"},\"image\":{\"@id\":\"https:\/\/ironsky.pl\/sklep\/produkt\/plecak-na-laptopa-himawari-1085b-15-szary\/#primaryimage\"},\"thumbnailUrl\":\"https:\/\/ironsky.pl\/sklep\/wp-content\/uploads\/2025\/06\/48759_1.jpg\",\"datePublished\":\"2026-04-15T08:52:49+00:00\",\"dateModified\":\"2026-04-15T08:53:10+00:00\",\"description\":\"Plecak na laptopa HIMAWARI 1085B 15\\\" (szary) - \u2705 sklep z dronami i fachowym doradztwem. \u2705 Tutaj kupisz produkty DJI, Yuneec, Parrot, Syma i wiele innych, a tak\u017ce kursy i licencje na operatora drona.\",\"breadcrumb\":{\"@id\":\"https:\/\/ironsky.pl\/sklep\/produkt\/plecak-na-laptopa-himawari-1085b-15-szary\/#breadcrumb\"},\"inLanguage\":\"pl-PL\",\"potentialAction\":[{\"@type\":\"ReadAction\",\"target\":[\"https:\/\/ironsky.pl\/sklep\/produkt\/plecak-na-laptopa-himawari-1085b-15-szary\/\"]}]},{\"@type\":\"ImageObject\",\"inLanguage\":\"pl-PL\",\"@id\":\"https:\/\/ironsky.pl\/sklep\/produkt\/plecak-na-laptopa-himawari-1085b-15-szary\/#primaryimage\",\"url\":\"https:\/\/ironsky.pl\/sklep\/wp-content\/uploads\/2025\/06\/48759_1.jpg\",\"contentUrl\":\"https:\/\/ironsky.pl\/sklep\/wp-content\/uploads\/2025\/06\/48759_1.jpg\",\"width\":800,\"height\":800},{\"@type\":\"BreadcrumbList\",\"@id\":\"https:\/\/ironsky.pl\/sklep\/produkt\/plecak-na-laptopa-himawari-1085b-15-szary\/#breadcrumb\",\"itemListElement\":[{\"@type\":\"ListItem\",\"position\":1,\"name\":\"Strona g\u0142\u00f3wna\",\"item\":\"https:\/\/ironsky.pl\/sklep\/\"},{\"@type\":\"ListItem\",\"position\":2,\"name\":\"Wszystkie produkty\",\"item\":\"https:\/\/ironsky.pl\/sklep\/produkty\/\"},{\"@type\":\"ListItem\",\"position\":3,\"name\":\"Plecak na laptopa HIMAWARI 1085B 15&#8243; (szary)\"}]},{\"@type\":\"WebSite\",\"@id\":\"https:\/\/ironsky.pl\/sklep\/#website\",\"url\":\"https:\/\/ironsky.pl\/sklep\/\",\"name\":\"IRONSKY.PL Sklep z Dronami\",\"description\":\"IRONSKY.PL Sklep z Dronami\",\"potentialAction\":[{\"@type\":\"SearchAction\",\"target\":{\"@type\":\"EntryPoint\",\"urlTemplate\":\"https:\/\/ironsky.pl\/sklep\/?s={search_term_string}\"},\"query-input\":{\"@type\":\"PropertyValueSpecification\",\"valueRequired\":true,\"valueName\":\"search_term_string\"}}],\"inLanguage\":\"pl-PL\"}]}<\/script>\n<!-- \/ Yoast SEO plugin. -->","yoast_head_json":{"title":"Plecak na laptopa HIMAWARI 1085B 15\" (szary) - IRONSKY.PL Sklep z Dronami","description":"Plecak na laptopa HIMAWARI 1085B 15\" (szary) - \u2705 sklep z dronami i fachowym doradztwem. \u2705 Tutaj kupisz produkty DJI, Yuneec, Parrot, Syma i wiele innych, a tak\u017ce kursy i licencje na operatora drona.","robots":{"index":"index","follow":"follow","max-snippet":"max-snippet:-1","max-image-preview":"max-image-preview:large","max-video-preview":"max-video-preview:-1"},"canonical":"https:\/\/ironsky.pl\/sklep\/produkt\/plecak-na-laptopa-himawari-1085b-15-szary\/","og_locale":"pl_PL","og_type":"article","og_title":"Plecak na laptopa HIMAWARI 1085B 15\" (szary) - IRONSKY.PL Sklep z Dronami","og_description":"Plecak na laptopa HIMAWARI 1085B 15\" (szary) - \u2705 sklep z dronami i fachowym doradztwem. \u2705 Tutaj kupisz produkty DJI, Yuneec, Parrot, Syma i wiele innych, a tak\u017ce kursy i licencje na operatora drona.","og_url":"https:\/\/ironsky.pl\/sklep\/produkt\/plecak-na-laptopa-himawari-1085b-15-szary\/","og_site_name":"IRONSKY.PL Sklep z Dronami","article_modified_time":"2026-04-15T08:53:10+00:00","og_image":[{"width":800,"height":800,"url":"https:\/\/ironsky.pl\/sklep\/wp-content\/uploads\/2025\/06\/48759_1.jpg","type":"image\/jpeg"}],"twitter_card":"summary_large_image","twitter_misc":{"Szacowany czas czytania":"1 minuta"},"schema":{"@context":"https:\/\/schema.org","@graph":[{"@type":"WebPage","@id":"https:\/\/ironsky.pl\/sklep\/produkt\/plecak-na-laptopa-himawari-1085b-15-szary\/","url":"https:\/\/ironsky.pl\/sklep\/produkt\/plecak-na-laptopa-himawari-1085b-15-szary\/","name":"Plecak na laptopa HIMAWARI 1085B 15\" (szary) - IRONSKY.PL Sklep z Dronami","isPartOf":{"@id":"https:\/\/ironsky.pl\/sklep\/#website"},"primaryImageOfPage":{"@id":"https:\/\/ironsky.pl\/sklep\/produkt\/plecak-na-laptopa-himawari-1085b-15-szary\/#primaryimage"},"image":{"@id":"https:\/\/ironsky.pl\/sklep\/produkt\/plecak-na-laptopa-himawari-1085b-15-szary\/#primaryimage"},"thumbnailUrl":"https:\/\/ironsky.pl\/sklep\/wp-content\/uploads\/2025\/06\/48759_1.jpg","datePublished":"2026-04-15T08:52:49+00:00","dateModified":"2026-04-15T08:53:10+00:00","description":"Plecak na laptopa HIMAWARI 1085B 15\" (szary) - \u2705 sklep z dronami i fachowym doradztwem. \u2705 Tutaj kupisz produkty DJI, Yuneec, Parrot, Syma i wiele innych, a tak\u017ce kursy i licencje na operatora drona.","breadcrumb":{"@id":"https:\/\/ironsky.pl\/sklep\/produkt\/plecak-na-laptopa-himawari-1085b-15-szary\/#breadcrumb"},"inLanguage":"pl-PL","potentialAction":[{"@type":"ReadAction","target":["https:\/\/ironsky.pl\/sklep\/produkt\/plecak-na-laptopa-himawari-1085b-15-szary\/"]}]},{"@type":"ImageObject","inLanguage":"pl-PL","@id":"https:\/\/ironsky.pl\/sklep\/produkt\/plecak-na-laptopa-himawari-1085b-15-szary\/#primaryimage","url":"https:\/\/ironsky.pl\/sklep\/wp-content\/uploads\/2025\/06\/48759_1.jpg","contentUrl":"https:\/\/ironsky.pl\/sklep\/wp-content\/uploads\/2025\/06\/48759_1.jpg","width":800,"height":800},{"@type":"BreadcrumbList","@id":"https:\/\/ironsky.pl\/sklep\/produkt\/plecak-na-laptopa-himawari-1085b-15-szary\/#breadcrumb","itemListElement":[{"@type":"ListItem","position":1,"name":"Strona g\u0142\u00f3wna","item":"https:\/\/ironsky.pl\/sklep\/"},{"@type":"ListItem","position":2,"name":"Wszystkie produkty","item":"https:\/\/ironsky.pl\/sklep\/produkty\/"},{"@type":"ListItem","position":3,"name":"Plecak na laptopa HIMAWARI 1085B 15&#8243; (szary)"}]},{"@type":"WebSite","@id":"https:\/\/ironsky.pl\/sklep\/#website","url":"https:\/\/ironsky.pl\/sklep\/","name":"IRONSKY.PL Sklep z Dronami","description":"IRONSKY.PL Sklep z Dronami","potentialAction":[{"@type":"SearchAction","target":{"@type":"EntryPoint","urlTemplate":"https:\/\/ironsky.pl\/sklep\/?s={search_term_string}"},"query-input":{"@type":"PropertyValueSpecification","valueRequired":true,"valueName":"search_term_string"}}],"inLanguage":"pl-PL"}]}},"_links":{"self":[{"href":"https:\/\/ironsky.pl\/sklep\/wp-json\/wp\/v2\/product\/59895","targetHints":{"allow":["GET"]}}],"collection":[{"href":"https:\/\/ironsky.pl\/sklep\/wp-json\/wp\/v2\/product"}],"about":[{"href":"https:\/\/ironsky.pl\/sklep\/wp-json\/wp\/v2\/types\/product"}],"replies":[{"embeddable":true,"href":"https:\/\/ironsky.pl\/sklep\/wp-json\/wp\/v2\/comments?post=59895"}],"wp:featuredmedia":[{"embeddable":true,"href":"https:\/\/ironsky.pl\/sklep\/wp-json\/wp\/v2\/media\/46520"}],"wp:attachment":[{"href":"https:\/\/ironsky.pl\/sklep\/wp-json\/wp\/v2\/media?parent=59895"}],"wp:term":[{"taxonomy":"product_brand","embeddable":true,"href":"https:\/\/ironsky.pl\/sklep\/wp-json\/wp\/v2\/product_brand?post=59895"},{"taxonomy":"product_cat","embeddable":true,"href":"https:\/\/ironsky.pl\/sklep\/wp-json\/wp\/v2\/product_cat?post=59895"},{"taxonomy":"product_tag","embeddable":true,"href":"https:\/\/ironsky.pl\/sklep\/wp-json\/wp\/v2\/product_tag?post=59895"}],"curies":[{"name":"wp","href":"https:\/\/api.w.org\/{rel}","templated":true}]}}