{"id":59894,"date":"2026-04-15T10:52:49","date_gmt":"2026-04-15T08:52:49","guid":{"rendered":"https:\/\/ironsky.pl\/sklep\/produkt\/plecak-na-laptopa-himawari-188l-14-bezowy\/"},"modified":"2026-04-15T10:53:09","modified_gmt":"2026-04-15T08:53:09","slug":"plecak-na-laptopa-himawari-188l-14-bezowy","status":"publish","type":"product","link":"https:\/\/ironsky.pl\/sklep\/produkt\/plecak-na-laptopa-himawari-188l-14-bezowy\/","title":{"rendered":"Plecak na laptopa HIMAWARI 188L 14&#8243; (be\u017cowy)"},"content":{"rendered":"<h3>Plecak na laptopa 14&#8221; Himawari 188L (be\u017cowy)<\/h3>\n<p>Plecak na laptopa Himawari 188L to po\u0142\u0105czenie elegancji i wygody. Jego nowoczesny design sprawia, \u017ce doskonale sprawdzi si\u0119 w pracy, na uczelni czy podczas codziennych wyj\u015b\u0107, oraz dodaje mu \u015bwie\u017co\u015bci. Plecak ten zosta\u0142 stworzony z my\u015bl\u0105 o osobach, kt\u00f3re ceni\u0105 sobie styl i praktyczno\u015b\u0107 w jednym. Wykonany z wodoodpornego materia\u0142u, zapewnia bezpiecze\u0144stwo Twoich rzeczy niezale\u017cnie od warunk\u00f3w pogodowych. Lekka konstrukcja o wadze zaledwie 0,68 kg zapewnia wygod\u0119 noszenia przez ca\u0142y dzie\u0144.<\/p>\n<p>\n<img decoding=\"async\" src=\"https:\/\/assets.innpro.pl\/11197\/13201\/1.jpg\" border=\"0\" \/>\n<\/p>\n<h3>Miejsce na wszystko, czego potrzebujesz<\/h3>\n<p>Himawari 188L wyr\u00f3\u017cnia si\u0119 du\u017c\u0105 pojemno\u015bci\u0105, umo\u017cliwiaj\u0105c przechowywanie wszystkich niezb\u0119dnych przedmiot\u00f3w. Plecak posiada dwie komory g\u0142\u00f3wne oraz dedykowan\u0105 kiesze\u0144 na laptopa do 14 cali, dzi\u0119ki kt\u00f3rej Tw\u00f3j sprz\u0119t b\u0119dzie bezpieczny i dobrze zabezpieczony. Wyposa\u017cony w 9 kieszeni u\u0142atwia organizacj\u0119, daj\u0105c miejsce na drobiazgi, ksi\u0105\u017cki, dokumenty, czy butelk\u0119 z wod\u0105. Wszystko w zasi\u0119gu r\u0119ki, bez zb\u0119dnego szukania.<\/p>\n<p>\n<img decoding=\"async\" src=\"https:\/\/assets.innpro.pl\/11197\/13201\/8.jpg\" border=\"0\" \/>\n<\/p>\n<h3>Trwa\u0142o\u015b\u0107 i bezpiecze\u0144stwo<\/h3>\n<p>Wytrzyma\u0142e zamki b\u0142yskawiczne z ozdobnymi guzikami dodaj\u0105 plecakowi charakteru, jednocze\u015bnie zapewniaj\u0105c niezawodno\u015b\u0107. Materia\u0142 plecaka jest odporny na codzienne zu\u017cycie, co sprawia, \u017ce Himawari 188L b\u0119dzie s\u0142u\u017cy\u0142 Ci przez d\u0142ugie lata. Ergonomiczne szelki z mo\u017cliwo\u015bci\u0105 regulacji pozwalaj\u0105 dostosowa\u0107 plecak do w\u0142asnych potrzeb, zapewniaj\u0105c komfort noszenia nawet przy wi\u0119kszym obci\u0105\u017ceniu. To plecak, kt\u00f3ry dotrzyma Ci kroku w ka\u017cdej sytuacji.<\/p>\n<p>\n<img decoding=\"async\" src=\"https:\/\/assets.innpro.pl\/11197\/13201\/9.jpg\" border=\"0\" \/>\n<\/p>\n<h3>Wybierz styl, kt\u00f3ry pasuje do Ciebie<\/h3>\n<p>Himawari 188L to nie tylko praktyczne akcesorium, ale tak\u017ce modny dodatek, kt\u00f3ry podkre\u015bli Tw\u00f3j styl. Bez wzgl\u0119du na to, czy potrzebujesz plecaka do pracy, szko\u0142y, czy na weekendowe wypady, ten model spe\u0142ni wszystkie Twoje oczekiwania. Przekonaj si\u0119, jak wygodne mo\u017ce by\u0107 noszenie wszystkich niezb\u0119dnych rzeczy w jednym, dobrze zaprojektowanym plecaku.<\/p>\n<p>\n<img decoding=\"async\" src=\"https:\/\/assets.innpro.pl\/11197\/13201\/6.jpg\" border=\"0\" \/>\n<\/p>\n<div class=\"table-wrapper\">\n<p>\u00a0<\/p>\n<h3><\/h3>\n<table>\n<tbody>\n<tr>\n<th>Producent<\/th>\n<td>Himawari<\/td>\n<\/tr>\n<tr>\n<th>Model<\/th>\n<td>188L-1<\/td>\n<\/tr>\n<tr>\n<th>Kolor<\/th>\n<td>be\u017cowy<\/td>\n<\/tr>\n<tr>\n<th>Materia\u0142 wykonania<\/th>\n<td>pow\u0142oka: nylon; tkanina podszewkowa: poliester; cz\u0119\u015bci do plecaka: stop cynku; akcesoria: sk\u00f3ra<\/td>\n<\/tr>\n<tr>\n<th>Wymiary<\/th>\n<td>39 x 28 x 15 cm<\/td>\n<\/tr>\n<tr>\n<th>Waga<\/th>\n<td>0,68 kg<\/td>\n<\/tr>\n<tr>\n<th>Pojemno\u015b\u0107<\/th>\n<td>16 L<\/td>\n<\/tr>\n<tr>\n<th>Wodoodporno\u015b\u0107<\/th>\n<td>tak<\/td>\n<\/tr>\n<tr>\n<th>Szeroko\u015b\u0107 uprz\u0119\u017cy<\/th>\n<td>6,5 cm<\/td>\n<\/tr>\n<tr>\n<th>Minimalna d\u0142ugo\u015b\u0107 uprz\u0119\u017cy<\/th>\n<td>60 cm<\/td>\n<\/tr>\n<tr>\n<th>Maksymalna d\u0142ugo\u015b\u0107 uprz\u0119\u017cy<\/th>\n<td>75 cm<\/td>\n<\/tr>\n<tr>\n<th>Ilo\u015b\u0107 kom\u00f3r<\/th>\n<td>2<\/td>\n<\/tr>\n<tr>\n<th>Ilo\u015b\u0107 kieszeni<\/th>\n<td>9<\/td>\n<\/tr>\n<tr>\n<th>Kompatybilne laptopy<\/th>\n<td>max. 34 x 24 cm<\/td>\n<\/tr>\n<tr>\n<th>Rodzaj zapi\u0119cia<\/th>\n<td>zamek b\u0142yskawiczny<\/td>\n<\/tr>\n<tr>\n<th>Odblaski<\/th>\n<td>nie<\/td>\n<\/tr>\n<\/tbody>\n<\/table>\n<\/div>\n","protected":false},"excerpt":{"rendered":"<p>Plecak na laptopa 14&#8221; Himawari 188L (be\u017cowy) Plecak na laptopa Himawari 188L to po\u0142\u0105czenie elegancji i wygody. Jego nowoczesny design<\/p>\n","protected":false},"featured_media":46482,"comment_status":"closed","ping_status":"open","template":"","meta":{"_acf_changed":false},"product_brand":[],"product_cat":[5929,5955],"product_tag":[],"class_list":{"0":"post-59894","1":"product","2":"type-product","3":"status-publish","4":"has-post-thumbnail","6":"product_cat-akcesoria-it","7":"product_cat-przenoszenie","8":"pa_okres-gwarancji-5757","9":"pa_producent-himawari","11":"first","12":"outofstock","13":"taxable","14":"shipping-taxable","15":"purchasable","16":"product-type-simple"},"acf":[],"yoast_head":"<!-- This site is optimized with the Yoast SEO plugin v27.2 - https:\/\/yoast.com\/product\/yoast-seo-wordpress\/ -->\n<title>Plecak na laptopa HIMAWARI 188L 14&quot; (be\u017cowy) - IRONSKY.PL Sklep z Dronami<\/title>\n<meta name=\"description\" content=\"Plecak na laptopa HIMAWARI 188L 14&quot; (be\u017cowy) - \u2705 sklep z dronami i fachowym doradztwem. \u2705 Tutaj kupisz produkty DJI, Yuneec, Parrot, Syma i wiele innych, a tak\u017ce kursy i licencje na operatora drona.\" \/>\n<meta name=\"robots\" content=\"index, follow, max-snippet:-1, max-image-preview:large, max-video-preview:-1\" \/>\n<link rel=\"canonical\" href=\"https:\/\/ironsky.pl\/sklep\/produkt\/plecak-na-laptopa-himawari-188l-14-bezowy\/\" \/>\n<meta property=\"og:locale\" content=\"pl_PL\" \/>\n<meta property=\"og:type\" content=\"article\" \/>\n<meta property=\"og:title\" content=\"Plecak na laptopa HIMAWARI 188L 14&quot; (be\u017cowy) - IRONSKY.PL Sklep z Dronami\" \/>\n<meta property=\"og:description\" content=\"Plecak na laptopa HIMAWARI 188L 14&quot; (be\u017cowy) - \u2705 sklep z dronami i fachowym doradztwem. \u2705 Tutaj kupisz produkty DJI, Yuneec, Parrot, Syma i wiele innych, a tak\u017ce kursy i licencje na operatora drona.\" \/>\n<meta property=\"og:url\" content=\"https:\/\/ironsky.pl\/sklep\/produkt\/plecak-na-laptopa-himawari-188l-14-bezowy\/\" \/>\n<meta property=\"og:site_name\" content=\"IRONSKY.PL Sklep z Dronami\" \/>\n<meta property=\"article:modified_time\" content=\"2026-04-15T08:53:09+00:00\" \/>\n<meta property=\"og:image\" content=\"https:\/\/ironsky.pl\/sklep\/wp-content\/uploads\/2025\/06\/48749_2.jpg\" \/>\n\t<meta property=\"og:image:width\" content=\"800\" \/>\n\t<meta property=\"og:image:height\" content=\"800\" \/>\n\t<meta property=\"og:image:type\" content=\"image\/jpeg\" \/>\n<meta name=\"twitter:card\" content=\"summary_large_image\" \/>\n<meta name=\"twitter:label1\" content=\"Szacowany czas czytania\" \/>\n\t<meta name=\"twitter:data1\" content=\"2 minuty\" \/>\n<script type=\"application\/ld+json\" class=\"yoast-schema-graph\">{\"@context\":\"https:\/\/schema.org\",\"@graph\":[{\"@type\":\"WebPage\",\"@id\":\"https:\/\/ironsky.pl\/sklep\/produkt\/plecak-na-laptopa-himawari-188l-14-bezowy\/\",\"url\":\"https:\/\/ironsky.pl\/sklep\/produkt\/plecak-na-laptopa-himawari-188l-14-bezowy\/\",\"name\":\"Plecak na laptopa HIMAWARI 188L 14\\\" (be\u017cowy) - IRONSKY.PL Sklep z Dronami\",\"isPartOf\":{\"@id\":\"https:\/\/ironsky.pl\/sklep\/#website\"},\"primaryImageOfPage\":{\"@id\":\"https:\/\/ironsky.pl\/sklep\/produkt\/plecak-na-laptopa-himawari-188l-14-bezowy\/#primaryimage\"},\"image\":{\"@id\":\"https:\/\/ironsky.pl\/sklep\/produkt\/plecak-na-laptopa-himawari-188l-14-bezowy\/#primaryimage\"},\"thumbnailUrl\":\"https:\/\/ironsky.pl\/sklep\/wp-content\/uploads\/2025\/06\/48749_2.jpg\",\"datePublished\":\"2026-04-15T08:52:49+00:00\",\"dateModified\":\"2026-04-15T08:53:09+00:00\",\"description\":\"Plecak na laptopa HIMAWARI 188L 14\\\" (be\u017cowy) - \u2705 sklep z dronami i fachowym doradztwem. \u2705 Tutaj kupisz produkty DJI, Yuneec, Parrot, Syma i wiele innych, a tak\u017ce kursy i licencje na operatora drona.\",\"breadcrumb\":{\"@id\":\"https:\/\/ironsky.pl\/sklep\/produkt\/plecak-na-laptopa-himawari-188l-14-bezowy\/#breadcrumb\"},\"inLanguage\":\"pl-PL\",\"potentialAction\":[{\"@type\":\"ReadAction\",\"target\":[\"https:\/\/ironsky.pl\/sklep\/produkt\/plecak-na-laptopa-himawari-188l-14-bezowy\/\"]}]},{\"@type\":\"ImageObject\",\"inLanguage\":\"pl-PL\",\"@id\":\"https:\/\/ironsky.pl\/sklep\/produkt\/plecak-na-laptopa-himawari-188l-14-bezowy\/#primaryimage\",\"url\":\"https:\/\/ironsky.pl\/sklep\/wp-content\/uploads\/2025\/06\/48749_2.jpg\",\"contentUrl\":\"https:\/\/ironsky.pl\/sklep\/wp-content\/uploads\/2025\/06\/48749_2.jpg\",\"width\":800,\"height\":800},{\"@type\":\"BreadcrumbList\",\"@id\":\"https:\/\/ironsky.pl\/sklep\/produkt\/plecak-na-laptopa-himawari-188l-14-bezowy\/#breadcrumb\",\"itemListElement\":[{\"@type\":\"ListItem\",\"position\":1,\"name\":\"Strona g\u0142\u00f3wna\",\"item\":\"https:\/\/ironsky.pl\/sklep\/\"},{\"@type\":\"ListItem\",\"position\":2,\"name\":\"Wszystkie produkty\",\"item\":\"https:\/\/ironsky.pl\/sklep\/produkty\/\"},{\"@type\":\"ListItem\",\"position\":3,\"name\":\"Plecak na laptopa HIMAWARI 188L 14&#8243; (be\u017cowy)\"}]},{\"@type\":\"WebSite\",\"@id\":\"https:\/\/ironsky.pl\/sklep\/#website\",\"url\":\"https:\/\/ironsky.pl\/sklep\/\",\"name\":\"IRONSKY.PL Sklep z Dronami\",\"description\":\"IRONSKY.PL Sklep z Dronami\",\"potentialAction\":[{\"@type\":\"SearchAction\",\"target\":{\"@type\":\"EntryPoint\",\"urlTemplate\":\"https:\/\/ironsky.pl\/sklep\/?s={search_term_string}\"},\"query-input\":{\"@type\":\"PropertyValueSpecification\",\"valueRequired\":true,\"valueName\":\"search_term_string\"}}],\"inLanguage\":\"pl-PL\"}]}<\/script>\n<!-- \/ Yoast SEO plugin. -->","yoast_head_json":{"title":"Plecak na laptopa HIMAWARI 188L 14\" (be\u017cowy) - IRONSKY.PL Sklep z Dronami","description":"Plecak na laptopa HIMAWARI 188L 14\" (be\u017cowy) - \u2705 sklep z dronami i fachowym doradztwem. \u2705 Tutaj kupisz produkty DJI, Yuneec, Parrot, Syma i wiele innych, a tak\u017ce kursy i licencje na operatora drona.","robots":{"index":"index","follow":"follow","max-snippet":"max-snippet:-1","max-image-preview":"max-image-preview:large","max-video-preview":"max-video-preview:-1"},"canonical":"https:\/\/ironsky.pl\/sklep\/produkt\/plecak-na-laptopa-himawari-188l-14-bezowy\/","og_locale":"pl_PL","og_type":"article","og_title":"Plecak na laptopa HIMAWARI 188L 14\" (be\u017cowy) - IRONSKY.PL Sklep z Dronami","og_description":"Plecak na laptopa HIMAWARI 188L 14\" (be\u017cowy) - \u2705 sklep z dronami i fachowym doradztwem. \u2705 Tutaj kupisz produkty DJI, Yuneec, Parrot, Syma i wiele innych, a tak\u017ce kursy i licencje na operatora drona.","og_url":"https:\/\/ironsky.pl\/sklep\/produkt\/plecak-na-laptopa-himawari-188l-14-bezowy\/","og_site_name":"IRONSKY.PL Sklep z Dronami","article_modified_time":"2026-04-15T08:53:09+00:00","og_image":[{"width":800,"height":800,"url":"https:\/\/ironsky.pl\/sklep\/wp-content\/uploads\/2025\/06\/48749_2.jpg","type":"image\/jpeg"}],"twitter_card":"summary_large_image","twitter_misc":{"Szacowany czas czytania":"2 minuty"},"schema":{"@context":"https:\/\/schema.org","@graph":[{"@type":"WebPage","@id":"https:\/\/ironsky.pl\/sklep\/produkt\/plecak-na-laptopa-himawari-188l-14-bezowy\/","url":"https:\/\/ironsky.pl\/sklep\/produkt\/plecak-na-laptopa-himawari-188l-14-bezowy\/","name":"Plecak na laptopa HIMAWARI 188L 14\" (be\u017cowy) - IRONSKY.PL Sklep z Dronami","isPartOf":{"@id":"https:\/\/ironsky.pl\/sklep\/#website"},"primaryImageOfPage":{"@id":"https:\/\/ironsky.pl\/sklep\/produkt\/plecak-na-laptopa-himawari-188l-14-bezowy\/#primaryimage"},"image":{"@id":"https:\/\/ironsky.pl\/sklep\/produkt\/plecak-na-laptopa-himawari-188l-14-bezowy\/#primaryimage"},"thumbnailUrl":"https:\/\/ironsky.pl\/sklep\/wp-content\/uploads\/2025\/06\/48749_2.jpg","datePublished":"2026-04-15T08:52:49+00:00","dateModified":"2026-04-15T08:53:09+00:00","description":"Plecak na laptopa HIMAWARI 188L 14\" (be\u017cowy) - \u2705 sklep z dronami i fachowym doradztwem. \u2705 Tutaj kupisz produkty DJI, Yuneec, Parrot, Syma i wiele innych, a tak\u017ce kursy i licencje na operatora drona.","breadcrumb":{"@id":"https:\/\/ironsky.pl\/sklep\/produkt\/plecak-na-laptopa-himawari-188l-14-bezowy\/#breadcrumb"},"inLanguage":"pl-PL","potentialAction":[{"@type":"ReadAction","target":["https:\/\/ironsky.pl\/sklep\/produkt\/plecak-na-laptopa-himawari-188l-14-bezowy\/"]}]},{"@type":"ImageObject","inLanguage":"pl-PL","@id":"https:\/\/ironsky.pl\/sklep\/produkt\/plecak-na-laptopa-himawari-188l-14-bezowy\/#primaryimage","url":"https:\/\/ironsky.pl\/sklep\/wp-content\/uploads\/2025\/06\/48749_2.jpg","contentUrl":"https:\/\/ironsky.pl\/sklep\/wp-content\/uploads\/2025\/06\/48749_2.jpg","width":800,"height":800},{"@type":"BreadcrumbList","@id":"https:\/\/ironsky.pl\/sklep\/produkt\/plecak-na-laptopa-himawari-188l-14-bezowy\/#breadcrumb","itemListElement":[{"@type":"ListItem","position":1,"name":"Strona g\u0142\u00f3wna","item":"https:\/\/ironsky.pl\/sklep\/"},{"@type":"ListItem","position":2,"name":"Wszystkie produkty","item":"https:\/\/ironsky.pl\/sklep\/produkty\/"},{"@type":"ListItem","position":3,"name":"Plecak na laptopa HIMAWARI 188L 14&#8243; (be\u017cowy)"}]},{"@type":"WebSite","@id":"https:\/\/ironsky.pl\/sklep\/#website","url":"https:\/\/ironsky.pl\/sklep\/","name":"IRONSKY.PL Sklep z Dronami","description":"IRONSKY.PL Sklep z Dronami","potentialAction":[{"@type":"SearchAction","target":{"@type":"EntryPoint","urlTemplate":"https:\/\/ironsky.pl\/sklep\/?s={search_term_string}"},"query-input":{"@type":"PropertyValueSpecification","valueRequired":true,"valueName":"search_term_string"}}],"inLanguage":"pl-PL"}]}},"_links":{"self":[{"href":"https:\/\/ironsky.pl\/sklep\/wp-json\/wp\/v2\/product\/59894","targetHints":{"allow":["GET"]}}],"collection":[{"href":"https:\/\/ironsky.pl\/sklep\/wp-json\/wp\/v2\/product"}],"about":[{"href":"https:\/\/ironsky.pl\/sklep\/wp-json\/wp\/v2\/types\/product"}],"replies":[{"embeddable":true,"href":"https:\/\/ironsky.pl\/sklep\/wp-json\/wp\/v2\/comments?post=59894"}],"wp:featuredmedia":[{"embeddable":true,"href":"https:\/\/ironsky.pl\/sklep\/wp-json\/wp\/v2\/media\/46482"}],"wp:attachment":[{"href":"https:\/\/ironsky.pl\/sklep\/wp-json\/wp\/v2\/media?parent=59894"}],"wp:term":[{"taxonomy":"product_brand","embeddable":true,"href":"https:\/\/ironsky.pl\/sklep\/wp-json\/wp\/v2\/product_brand?post=59894"},{"taxonomy":"product_cat","embeddable":true,"href":"https:\/\/ironsky.pl\/sklep\/wp-json\/wp\/v2\/product_cat?post=59894"},{"taxonomy":"product_tag","embeddable":true,"href":"https:\/\/ironsky.pl\/sklep\/wp-json\/wp\/v2\/product_tag?post=59894"}],"curies":[{"name":"wp","href":"https:\/\/api.w.org\/{rel}","templated":true}]}}