{"id":59881,"date":"2026-04-15T10:52:49","date_gmt":"2026-04-15T08:52:49","guid":{"rendered":"https:\/\/ironsky.pl\/sklep\/produkt\/obudowa-wypornosciowa-insta360-float-guard-do-ace-pro-ace-pro-2\/"},"modified":"2026-04-15T10:53:01","modified_gmt":"2026-04-15T08:53:01","slug":"obudowa-wypornosciowa-insta360-float-guard-do-ace-pro-ace-pro-2","status":"publish","type":"product","link":"https:\/\/ironsky.pl\/sklep\/produkt\/obudowa-wypornosciowa-insta360-float-guard-do-ace-pro-ace-pro-2\/","title":{"rendered":"Obudowa wyporno\u015bciowa INSTA360 Float Guard do Ace Pro\/Ace Pro 2"},"content":{"rendered":"<h3>Obudowa wyporno\u015bciowa do kamery Insta 360 Ace Pro 2\/Ace Pro Float Guard<\/h3>\n<p>Zadbaj o bezpiecze\u0144stwo swojej kamery Insta360 Ace Pro 2 podczas aktywno\u015bci na wodzie dzi\u0119ki obudowie Float Guard. Ta lekka, wytrzyma\u0142a konstrukcja zosta\u0142a zaprojektowana z my\u015bl\u0105 o sportach wodnych, zapewniaj\u0105c nie tylko ochron\u0119 przed zatoni\u0119ciem, ale tak\u017ce doskona\u0142\u0105 widoczno\u015b\u0107 dzi\u0119ki jaskrawej pomara\u0144czowej barwie. Bez wzgl\u0119du na to, czy p\u0142ywasz, nurkujesz, czy uprawiasz inne sporty wodne, Float Guard to niezb\u0119dne akcesorium dla ka\u017cdego mi\u0142o\u015bnika przyg\u00f3d.<\/p>\n<p>\n<img decoding=\"async\" src=\"https:\/\/assets.innpro.pl\/11360\/13467\/1.jpg\" border=\"0\" \/>\n<\/p>\n<h3>Niezatapialna, zawsze widoczna<\/h3>\n<p>Obudowa wyporno\u015bciowa dzia\u0142a jak kamizelka ratunkowa dla Twojej kamery \u2013 zapobiega zatoni\u0119ciu nawet w najg\u0142\u0119bszych wodach. Wyrazisty kolor sprawia, \u017ce \u0142atwo odnajdziesz kamer\u0119 w ka\u017cdej sytuacji, co zwi\u0119ksza bezpiecze\u0144stwo i wygod\u0119 u\u017cytkowania.<\/p>\n<p>\n<img decoding=\"async\" src=\"https:\/\/assets.innpro.pl\/11360\/13467\/3.jpg\" border=\"0\" \/>\n<\/p>\n<h3>Lekka i trwa\u0142a<\/h3>\n<p>Float Guard jest wykonana z wytrzyma\u0142ego materia\u0142u EVA i wa\u017cy zaledwie 45 g. Dzi\u0119ki temu jest niemal niewyczuwalna, a jednocze\u015bnie wyj\u0105tkowo odporna na uszkodzenia mechaniczne, co czyni j\u0105 idealnym wyborem do filmowania w ekstremalnych sytuacjach.<\/p>\n<p>\n<img decoding=\"async\" src=\"https:\/\/assets.innpro.pl\/11360\/13467\/6.jpg\" border=\"0\" \/>\n<\/p>\n<h3>Pe\u0142na funkcjonalno\u015b\u0107<\/h3>\n<p>Obudowa Float Guard zosta\u0142a zaprojektowana tak, aby nie ogranicza\u0107 dost\u0119pu do kluczowych funkcji kamery. Mikrofony, przyciski oraz ekran dotykowy pozostaj\u0105 w pe\u0142ni dost\u0119pne, co pozwala na wygodne korzystanie z kamery nawet podczas nagrywania w ruchu. Kompatybilno\u015b\u0107 z szybkoz\u0142\u0105cznymi mocowaniami i akcesoriami umo\u017cliwia \u0142atwe i szybkie dostosowanie ustawie\u0144.<\/p>\n<p>\n<img decoding=\"async\" src=\"https:\/\/assets.innpro.pl\/11360\/13467\/2.jpg\" border=\"0\" \/>\n<\/p>\n<h3>W zestawie<\/h3>\n<ul class=\"list-disc pl-5\">\n<li>Obudowa Float Guard x 1<\/li>\n<li>Wyd\u0142u\u017cona \u015bruba x 1<\/li>\n<li>Ramka Float Guard x 1<\/li>\n<\/ul>\n<div class=\"table-wrapper\">\n<p>\u00a0<\/p>\n<h3><\/h3>\n<table>\n<tbody>\n<tr>\n<th>Producent<\/th>\n<td>Insta360<\/td>\n<\/tr>\n<tr>\n<th>Kod producenta<\/th>\n<td>CINSABGQ<\/td>\n<\/tr>\n<tr>\n<th>Materia\u0142<\/th>\n<td>EVA (etylen-winyl-octan)<\/td>\n<\/tr>\n<tr>\n<th>Waga<\/th>\n<td>45 g <\/td>\n<\/tr>\n<tr>\n<th>Wymiary<\/th>\n<td>103 x 47 x 79 mm<\/td>\n<\/tr>\n<\/tbody>\n<\/table>\n<\/div>\n","protected":false},"excerpt":{"rendered":"<p>Obudowa wyporno\u015bciowa do kamery Insta 360 Ace Pro 2\/Ace Pro Float Guard Zadbaj o bezpiecze\u0144stwo swojej kamery Insta360 Ace Pro<\/p>\n","protected":false},"featured_media":59882,"comment_status":"closed","ping_status":"open","template":"","meta":{"_acf_changed":false},"product_brand":[],"product_cat":[1130,6174,1128],"product_tag":[],"class_list":{"0":"post-59881","1":"product","2":"type-product","3":"status-publish","4":"has-post-thumbnail","6":"product_cat-akcesoria-foto","7":"product_cat-do-aparatow-i-kamer","8":"product_cat-foto-wideo","9":"pa_okres-gwarancji-5754","10":"pa_producent-insta360","12":"first","13":"outofstock","14":"taxable","15":"shipping-taxable","16":"purchasable","17":"product-type-simple"},"acf":[],"yoast_head":"<!-- This site is optimized with the Yoast SEO plugin v27.2 - https:\/\/yoast.com\/product\/yoast-seo-wordpress\/ -->\n<title>Obudowa wyporno\u015bciowa INSTA360 Float Guard do Ace Pro\/Ace Pro 2 - IRONSKY.PL Sklep z Dronami<\/title>\n<meta name=\"description\" content=\"Obudowa wyporno\u015bciowa INSTA360 Float Guard do Ace Pro\/Ace Pro 2 - \u2705 sklep z dronami i fachowym doradztwem. \u2705 Tutaj kupisz produkty DJI, Yuneec, Parrot, Syma i wiele innych, a tak\u017ce kursy i licencje na operatora drona.\" \/>\n<meta name=\"robots\" content=\"index, follow, max-snippet:-1, max-image-preview:large, max-video-preview:-1\" \/>\n<link rel=\"canonical\" href=\"https:\/\/ironsky.pl\/sklep\/produkt\/obudowa-wypornosciowa-insta360-float-guard-do-ace-pro-ace-pro-2\/\" \/>\n<meta property=\"og:locale\" content=\"pl_PL\" \/>\n<meta property=\"og:type\" content=\"article\" \/>\n<meta property=\"og:title\" content=\"Obudowa wyporno\u015bciowa INSTA360 Float Guard do Ace Pro\/Ace Pro 2 - IRONSKY.PL Sklep z Dronami\" \/>\n<meta property=\"og:description\" content=\"Obudowa wyporno\u015bciowa INSTA360 Float Guard do Ace Pro\/Ace Pro 2 - \u2705 sklep z dronami i fachowym doradztwem. \u2705 Tutaj kupisz produkty DJI, Yuneec, Parrot, Syma i wiele innych, a tak\u017ce kursy i licencje na operatora drona.\" \/>\n<meta property=\"og:url\" content=\"https:\/\/ironsky.pl\/sklep\/produkt\/obudowa-wypornosciowa-insta360-float-guard-do-ace-pro-ace-pro-2\/\" \/>\n<meta property=\"og:site_name\" content=\"IRONSKY.PL Sklep z Dronami\" \/>\n<meta property=\"article:modified_time\" content=\"2026-04-15T08:53:01+00:00\" \/>\n<meta property=\"og:image\" content=\"https:\/\/ironsky.pl\/sklep\/wp-content\/uploads\/2026\/04\/48694_1.jpg\" \/>\n\t<meta property=\"og:image:width\" content=\"800\" \/>\n\t<meta property=\"og:image:height\" content=\"800\" \/>\n\t<meta property=\"og:image:type\" content=\"image\/jpeg\" \/>\n<meta name=\"twitter:card\" content=\"summary_large_image\" \/>\n<meta name=\"twitter:label1\" content=\"Szacowany czas czytania\" \/>\n\t<meta name=\"twitter:data1\" content=\"1 minuta\" \/>\n<script type=\"application\/ld+json\" class=\"yoast-schema-graph\">{\"@context\":\"https:\/\/schema.org\",\"@graph\":[{\"@type\":\"WebPage\",\"@id\":\"https:\/\/ironsky.pl\/sklep\/produkt\/obudowa-wypornosciowa-insta360-float-guard-do-ace-pro-ace-pro-2\/\",\"url\":\"https:\/\/ironsky.pl\/sklep\/produkt\/obudowa-wypornosciowa-insta360-float-guard-do-ace-pro-ace-pro-2\/\",\"name\":\"Obudowa wyporno\u015bciowa INSTA360 Float Guard do Ace Pro\/Ace Pro 2 - IRONSKY.PL Sklep z Dronami\",\"isPartOf\":{\"@id\":\"https:\/\/ironsky.pl\/sklep\/#website\"},\"primaryImageOfPage\":{\"@id\":\"https:\/\/ironsky.pl\/sklep\/produkt\/obudowa-wypornosciowa-insta360-float-guard-do-ace-pro-ace-pro-2\/#primaryimage\"},\"image\":{\"@id\":\"https:\/\/ironsky.pl\/sklep\/produkt\/obudowa-wypornosciowa-insta360-float-guard-do-ace-pro-ace-pro-2\/#primaryimage\"},\"thumbnailUrl\":\"https:\/\/ironsky.pl\/sklep\/wp-content\/uploads\/2026\/04\/48694_1.jpg\",\"datePublished\":\"2026-04-15T08:52:49+00:00\",\"dateModified\":\"2026-04-15T08:53:01+00:00\",\"description\":\"Obudowa wyporno\u015bciowa INSTA360 Float Guard do Ace Pro\/Ace Pro 2 - \u2705 sklep z dronami i fachowym doradztwem. \u2705 Tutaj kupisz produkty DJI, Yuneec, Parrot, Syma i wiele innych, a tak\u017ce kursy i licencje na operatora drona.\",\"breadcrumb\":{\"@id\":\"https:\/\/ironsky.pl\/sklep\/produkt\/obudowa-wypornosciowa-insta360-float-guard-do-ace-pro-ace-pro-2\/#breadcrumb\"},\"inLanguage\":\"pl-PL\",\"potentialAction\":[{\"@type\":\"ReadAction\",\"target\":[\"https:\/\/ironsky.pl\/sklep\/produkt\/obudowa-wypornosciowa-insta360-float-guard-do-ace-pro-ace-pro-2\/\"]}]},{\"@type\":\"ImageObject\",\"inLanguage\":\"pl-PL\",\"@id\":\"https:\/\/ironsky.pl\/sklep\/produkt\/obudowa-wypornosciowa-insta360-float-guard-do-ace-pro-ace-pro-2\/#primaryimage\",\"url\":\"https:\/\/ironsky.pl\/sklep\/wp-content\/uploads\/2026\/04\/48694_1.jpg\",\"contentUrl\":\"https:\/\/ironsky.pl\/sklep\/wp-content\/uploads\/2026\/04\/48694_1.jpg\",\"width\":800,\"height\":800},{\"@type\":\"BreadcrumbList\",\"@id\":\"https:\/\/ironsky.pl\/sklep\/produkt\/obudowa-wypornosciowa-insta360-float-guard-do-ace-pro-ace-pro-2\/#breadcrumb\",\"itemListElement\":[{\"@type\":\"ListItem\",\"position\":1,\"name\":\"Strona g\u0142\u00f3wna\",\"item\":\"https:\/\/ironsky.pl\/sklep\/\"},{\"@type\":\"ListItem\",\"position\":2,\"name\":\"Wszystkie produkty\",\"item\":\"https:\/\/ironsky.pl\/sklep\/produkty\/\"},{\"@type\":\"ListItem\",\"position\":3,\"name\":\"Obudowa wyporno\u015bciowa INSTA360 Float Guard do Ace Pro\/Ace Pro 2\"}]},{\"@type\":\"WebSite\",\"@id\":\"https:\/\/ironsky.pl\/sklep\/#website\",\"url\":\"https:\/\/ironsky.pl\/sklep\/\",\"name\":\"IRONSKY.PL Sklep z Dronami\",\"description\":\"IRONSKY.PL Sklep z Dronami\",\"potentialAction\":[{\"@type\":\"SearchAction\",\"target\":{\"@type\":\"EntryPoint\",\"urlTemplate\":\"https:\/\/ironsky.pl\/sklep\/?s={search_term_string}\"},\"query-input\":{\"@type\":\"PropertyValueSpecification\",\"valueRequired\":true,\"valueName\":\"search_term_string\"}}],\"inLanguage\":\"pl-PL\"}]}<\/script>\n<!-- \/ Yoast SEO plugin. -->","yoast_head_json":{"title":"Obudowa wyporno\u015bciowa INSTA360 Float Guard do Ace Pro\/Ace Pro 2 - IRONSKY.PL Sklep z Dronami","description":"Obudowa wyporno\u015bciowa INSTA360 Float Guard do Ace Pro\/Ace Pro 2 - \u2705 sklep z dronami i fachowym doradztwem. \u2705 Tutaj kupisz produkty DJI, Yuneec, Parrot, Syma i wiele innych, a tak\u017ce kursy i licencje na operatora drona.","robots":{"index":"index","follow":"follow","max-snippet":"max-snippet:-1","max-image-preview":"max-image-preview:large","max-video-preview":"max-video-preview:-1"},"canonical":"https:\/\/ironsky.pl\/sklep\/produkt\/obudowa-wypornosciowa-insta360-float-guard-do-ace-pro-ace-pro-2\/","og_locale":"pl_PL","og_type":"article","og_title":"Obudowa wyporno\u015bciowa INSTA360 Float Guard do Ace Pro\/Ace Pro 2 - IRONSKY.PL Sklep z Dronami","og_description":"Obudowa wyporno\u015bciowa INSTA360 Float Guard do Ace Pro\/Ace Pro 2 - \u2705 sklep z dronami i fachowym doradztwem. \u2705 Tutaj kupisz produkty DJI, Yuneec, Parrot, Syma i wiele innych, a tak\u017ce kursy i licencje na operatora drona.","og_url":"https:\/\/ironsky.pl\/sklep\/produkt\/obudowa-wypornosciowa-insta360-float-guard-do-ace-pro-ace-pro-2\/","og_site_name":"IRONSKY.PL Sklep z Dronami","article_modified_time":"2026-04-15T08:53:01+00:00","og_image":[{"width":800,"height":800,"url":"https:\/\/ironsky.pl\/sklep\/wp-content\/uploads\/2026\/04\/48694_1.jpg","type":"image\/jpeg"}],"twitter_card":"summary_large_image","twitter_misc":{"Szacowany czas czytania":"1 minuta"},"schema":{"@context":"https:\/\/schema.org","@graph":[{"@type":"WebPage","@id":"https:\/\/ironsky.pl\/sklep\/produkt\/obudowa-wypornosciowa-insta360-float-guard-do-ace-pro-ace-pro-2\/","url":"https:\/\/ironsky.pl\/sklep\/produkt\/obudowa-wypornosciowa-insta360-float-guard-do-ace-pro-ace-pro-2\/","name":"Obudowa wyporno\u015bciowa INSTA360 Float Guard do Ace Pro\/Ace Pro 2 - IRONSKY.PL Sklep z Dronami","isPartOf":{"@id":"https:\/\/ironsky.pl\/sklep\/#website"},"primaryImageOfPage":{"@id":"https:\/\/ironsky.pl\/sklep\/produkt\/obudowa-wypornosciowa-insta360-float-guard-do-ace-pro-ace-pro-2\/#primaryimage"},"image":{"@id":"https:\/\/ironsky.pl\/sklep\/produkt\/obudowa-wypornosciowa-insta360-float-guard-do-ace-pro-ace-pro-2\/#primaryimage"},"thumbnailUrl":"https:\/\/ironsky.pl\/sklep\/wp-content\/uploads\/2026\/04\/48694_1.jpg","datePublished":"2026-04-15T08:52:49+00:00","dateModified":"2026-04-15T08:53:01+00:00","description":"Obudowa wyporno\u015bciowa INSTA360 Float Guard do Ace Pro\/Ace Pro 2 - \u2705 sklep z dronami i fachowym doradztwem. \u2705 Tutaj kupisz produkty DJI, Yuneec, Parrot, Syma i wiele innych, a tak\u017ce kursy i licencje na operatora drona.","breadcrumb":{"@id":"https:\/\/ironsky.pl\/sklep\/produkt\/obudowa-wypornosciowa-insta360-float-guard-do-ace-pro-ace-pro-2\/#breadcrumb"},"inLanguage":"pl-PL","potentialAction":[{"@type":"ReadAction","target":["https:\/\/ironsky.pl\/sklep\/produkt\/obudowa-wypornosciowa-insta360-float-guard-do-ace-pro-ace-pro-2\/"]}]},{"@type":"ImageObject","inLanguage":"pl-PL","@id":"https:\/\/ironsky.pl\/sklep\/produkt\/obudowa-wypornosciowa-insta360-float-guard-do-ace-pro-ace-pro-2\/#primaryimage","url":"https:\/\/ironsky.pl\/sklep\/wp-content\/uploads\/2026\/04\/48694_1.jpg","contentUrl":"https:\/\/ironsky.pl\/sklep\/wp-content\/uploads\/2026\/04\/48694_1.jpg","width":800,"height":800},{"@type":"BreadcrumbList","@id":"https:\/\/ironsky.pl\/sklep\/produkt\/obudowa-wypornosciowa-insta360-float-guard-do-ace-pro-ace-pro-2\/#breadcrumb","itemListElement":[{"@type":"ListItem","position":1,"name":"Strona g\u0142\u00f3wna","item":"https:\/\/ironsky.pl\/sklep\/"},{"@type":"ListItem","position":2,"name":"Wszystkie produkty","item":"https:\/\/ironsky.pl\/sklep\/produkty\/"},{"@type":"ListItem","position":3,"name":"Obudowa wyporno\u015bciowa INSTA360 Float Guard do Ace Pro\/Ace Pro 2"}]},{"@type":"WebSite","@id":"https:\/\/ironsky.pl\/sklep\/#website","url":"https:\/\/ironsky.pl\/sklep\/","name":"IRONSKY.PL Sklep z Dronami","description":"IRONSKY.PL Sklep z Dronami","potentialAction":[{"@type":"SearchAction","target":{"@type":"EntryPoint","urlTemplate":"https:\/\/ironsky.pl\/sklep\/?s={search_term_string}"},"query-input":{"@type":"PropertyValueSpecification","valueRequired":true,"valueName":"search_term_string"}}],"inLanguage":"pl-PL"}]}},"_links":{"self":[{"href":"https:\/\/ironsky.pl\/sklep\/wp-json\/wp\/v2\/product\/59881","targetHints":{"allow":["GET"]}}],"collection":[{"href":"https:\/\/ironsky.pl\/sklep\/wp-json\/wp\/v2\/product"}],"about":[{"href":"https:\/\/ironsky.pl\/sklep\/wp-json\/wp\/v2\/types\/product"}],"replies":[{"embeddable":true,"href":"https:\/\/ironsky.pl\/sklep\/wp-json\/wp\/v2\/comments?post=59881"}],"wp:featuredmedia":[{"embeddable":true,"href":"https:\/\/ironsky.pl\/sklep\/wp-json\/wp\/v2\/media\/59882"}],"wp:attachment":[{"href":"https:\/\/ironsky.pl\/sklep\/wp-json\/wp\/v2\/media?parent=59881"}],"wp:term":[{"taxonomy":"product_brand","embeddable":true,"href":"https:\/\/ironsky.pl\/sklep\/wp-json\/wp\/v2\/product_brand?post=59881"},{"taxonomy":"product_cat","embeddable":true,"href":"https:\/\/ironsky.pl\/sklep\/wp-json\/wp\/v2\/product_cat?post=59881"},{"taxonomy":"product_tag","embeddable":true,"href":"https:\/\/ironsky.pl\/sklep\/wp-json\/wp\/v2\/product_tag?post=59881"}],"curies":[{"name":"wp","href":"https:\/\/api.w.org\/{rel}","templated":true}]}}