{"id":59880,"date":"2026-04-15T10:52:49","date_gmt":"2026-04-15T08:52:49","guid":{"rendered":"https:\/\/ironsky.pl\/sklep\/produkt\/latarka-czolowa-superfire-he11-strumien-swietlny-640lm\/"},"modified":"2026-04-15T10:53:00","modified_gmt":"2026-04-15T08:53:00","slug":"latarka-czolowa-superfire-he11-strumien-swietlny-640lm","status":"publish","type":"product","link":"https:\/\/ironsky.pl\/sklep\/produkt\/latarka-czolowa-superfire-he11-strumien-swietlny-640lm\/","title":{"rendered":"Latarka czo\u0142owa SUPERFIRE HE11 strumie\u0144 \u015bwietlny 640lm"},"content":{"rendered":"<h3>Latarka czo\u0142owa Superfire HE11, 640 lm, 20W, 6 tryb\u00f3w,  100 m<\/h3>\n<p>Latarka czo\u0142owa Superfire HE11 zosta\u0142a stworzona z my\u015bl\u0105 o wszystkich, kt\u00f3rzy potrzebuj\u0105 niezawodnego, jasnego \u015bwiat\u0142a, zar\u00f3wno podczas g\u00f3rskich wypraw, jak i w trakcie pracy w ciemnych pomieszczeniach. Dzi\u0119ki mocy 20 W oraz jasno\u015bci 640 lumen\u00f3w Superfire HE11 o\u015bwietli nawet najciemniejsze miejsca z zasi\u0119giem do 100 metr\u00f3w, zapewniaj\u0105c pe\u0142n\u0105 widoczno\u015b\u0107 i bezpiecze\u0144stwo. Urz\u0105dzenie mo\u017ce pe\u0142ni\u0107 funkcj\u0119 powerbanku, umo\u017cliwiaj\u0105c szybkie \u0142adowanie innych urz\u0105dze\u0144 w terenie. Uwaga: Akumulator dost\u0119pny w oddzielnej sprzeda\u017cy.<\/p>\n<p>\n<img decoding=\"async\" src=\"https:\/\/assets.innpro.pl\/11131\/13128\/4.jpg\" border=\"0\" alt=\"Zbli\u017cenie na latark\u0119 czo\u0142ow\u0105 z r\u0119k\u0105 naciskaj\u0105c\u0105 przycisk i \u015bwiec\u0105cym mocnym \u015bwiat\u0142em\" \/>\n<\/p>\n<h3>Wielofunkcyjno\u015b\u0107 na wyci\u0105gni\u0119cie r\u0119ki \u2013 6 tryb\u00f3w \u015bwiat\u0142a<\/h3>\n<p>Superfire HE11 oferuje a\u017c sze\u015b\u0107 tryb\u00f3w o\u015bwietlenia, w tym mocne \u015bwiat\u0142o, s\u0142abe \u015bwiat\u0142o, stroboskop, a tak\u017ce \u015bwiat\u0142o pomocnicze \u2013 mocne czerwone oraz migaj\u0105ce czerwone. Dzi\u0119ki zastosowaniu wielu \u017ar\u00f3de\u0142 \u015bwiat\u0142a latarka sprawdza si\u0119 w r\u00f3\u017cnych \u015brodowiskach i sytuacjach \u2013 od intensywnego o\u015bwietlenia terenu po delikatne \u015bwiat\u0142o ostrzegawcze.<\/p>\n<p>\n<img decoding=\"async\" src=\"https:\/\/assets.innpro.pl\/11131\/13128\/6.jpg\" border=\"0\" alt=\"Latarka czo\u0142owa \u015bwiec\u0105ca w ciemno\u015bci na tle osoby z plecakiem w g\u00f3rach\" \/>\n<\/p>\n<h3>Inteligentne sterowanie<\/h3>\n<p>Latarka zosta\u0142a wyposa\u017cona w funkcj\u0119 inteligentnego sterowania \u2013 wystarczy machni\u0119cie r\u0119k\u0105, aby aktywowa\u0107 o\u015bwietlenie. To niezwykle wygodne rozwi\u0105zanie, kt\u00f3re pozwala na swobodn\u0105 obs\u0142ug\u0119 latarki bez konieczno\u015bci dotykania jej, co jest szczeg\u00f3lnie przydatne podczas pracy w r\u0119kawicach lub w trudnych warunkach. <\/p>\n<p>\n<img decoding=\"async\" src=\"https:\/\/assets.innpro.pl\/11131\/13128\/2.jpg\" border=\"0\" alt=\"Latarka czo\u0142owa w deszczu z r\u0119k\u0105 przesuwan\u0105 przed \u015bwiat\u0142em\" \/>\n<\/p>\n<h3>Solidna, aluminiowa obudowa<\/h3>\n<p>Latarka Superfire HE11 jest wodoodporna zgodnie z norm\u0105 IPX4 (Ingress Protection, ochrona przed bryzgami wody z dowolnego kierunku), co sprawia, \u017ce sprawdzi si\u0119 nawet podczas niesprzyjaj\u0105cych warunk\u00f3w pogodowych, zapewniaj\u0105c niezawodne o\u015bwietlenie, niezale\u017cnie od deszczu czy wilgoci. Wytrzyma\u0142a aluminiowa obudowa jest dodatkowo odporna na upadki, co zwi\u0119ksza jej trwa\u0142o\u015b\u0107 i czyni j\u0105 idealnym rozwi\u0105zaniem do wymagaj\u0105cych zastosowa\u0144.<\/p>\n<p>\n<img decoding=\"async\" src=\"https:\/\/assets.innpro.pl\/11131\/13128\/5.jpg\" border=\"0\" alt=\"Latarka czo\u0142owa \u015bwiec\u0105ca w deszczu, pokryta kroplami wody\" \/>\n<\/p>\n<h3>D\u0142ugi czas pracy<\/h3>\n<p>Latarka czo\u0142owa Superfire HE11 zapewnia wyj\u0105tkow\u0105 wydajno\u015b\u0107, oferuj\u0105c do 2,5 godziny intensywnego o\u015bwietlenia. Dodatkowym atutem jest wska\u017anik poziomu baterii \u2013 gdy energia spada poni\u017cej 10%, pomocnicze \u015bwiat\u0142o za\u015bwieci si\u0119 na czerwono, informuj\u0105c o konieczno\u015bci na\u0142adowania urz\u0105dzenia. Co wi\u0119cej, HE11 jest kompatybilna z dwoma popularnymi typami akumulator\u00f3w: 21700 oraz 18650, a mo\u017cliwo\u015b\u0107 \u0142adowania przez USB-C (Universal Serial Bus typu C, uniwersalne z\u0142\u0105cze do przesy\u0142ania danych i zasilania) zapewnia wygod\u0119, eliminuj\u0105c konieczno\u015b\u0107 noszenia dodatkowych baterii. Port USB-C obs\u0142uguje tzw. \u201eblind plug\u201d \u2013 wtyk mo\u017cna pod\u0142\u0105czy\u0107 w obu kierunkach i korzysta\u0107 z uniwersalnych przewod\u00f3w dost\u0119pnych na rynku. Uwaga: Akumulator nie jest cz\u0119\u015bci\u0105 zestawu i nale\u017cy zakupi\u0107 go osobno.<\/p>\n<p>\n<img decoding=\"async\" src=\"https:\/\/assets.innpro.pl\/11131\/13128\/7.jpg\" border=\"0\" alt=\"Latarka czo\u0142owa z widoczn\u0105 wyjmowan\u0105 bateri\u0105 2000 mAh\" \/>\n<\/p>\n<h3>Kompaktowa i lekka \u2013 idealna na ka\u017cd\u0105 wypraw\u0119<\/h3>\n<p>Z wag\u0105 jedynie 183 g, Superfire HE11 jest niezwykle lekka i komfortowa w noszeniu, co sprawia, \u017ce mo\u017cna z niej wygodnie korzysta\u0107 przez d\u0142u\u017cszy czas. Kompaktowe rozmiary (98 x 55 x 45 mm) pozwalaj\u0105 na \u0142atwe przenoszenie, a elastyczny pasek do g\u0142owy, kt\u00f3ry mo\u017cna \u0142atwo dostosowa\u0107, zapewnia wygod\u0119, nawet podczas intensywnych aktywno\u015bci, takich jak bieganie czy wspinaczka. Na tylnej cz\u0119\u015bci obudowy umieszczono tak\u017ce silny magnes, kt\u00f3ry pozwala przymocowa\u0107 latark\u0119 do metalowych powierzchni i uwolni\u0107 r\u0119ce podczas pracy. Dodatkowo urz\u0105dzenie oferuje mo\u017cliwo\u015b\u0107 regulacji k\u0105ta nachylenia lampy, co umo\u017cliwia skierowanie strumienia \u015bwiat\u0142a w dowolnym kierunku.<\/p>\n<p>\n<img decoding=\"async\" src=\"https:\/\/assets.innpro.pl\/11131\/13128\/1.jpg\" border=\"0\" alt=\"Latarka czo\u0142owa \u0142adowana przez kabel z widocznymi niebieskimi diodamii\" \/>\n<\/p>\n<div class=\"table-wrapper\">\n<p>\u00a0<\/p>\n<h3><\/h3>\n<table>\n<tbody>\n<tr>\n<th>Producent<\/th>\n<td>Superfire<\/td>\n<\/tr>\n<tr>\n<th>Model<\/th>\n<td>HE11<\/td>\n<\/tr>\n<tr>\n<th>Poziom jasno\u015bci<\/th>\n<td>640 lm<\/td>\n<\/tr>\n<tr>\n<th>Moc<\/th>\n<td>20W<\/td>\n<\/tr>\n<tr>\n<th>Zasi\u0119g \u015bwiecenia<\/th>\n<td>100 metr\u00f3w<\/td>\n<\/tr>\n<tr>\n<th>Czas pracy<\/th>\n<td>Oko\u0142o 2,5 godziny<\/td>\n<\/tr>\n<tr>\n<th>Rodzaj akumulatora<\/th>\n<td>18650 \/ 21700<\/td>\n<\/tr>\n<tr>\n<th>Port \u0142adowania<\/th>\n<td>USB-C<\/td>\n<\/tr>\n<tr>\n<th>Tryby \u015bwiecenia<\/th>\n<td>Strong light, Low light, Strobe, Auxiliary light stron, Auxiliary light red light, Auxiliary light red flashing<\/td>\n<\/tr>\n<tr>\n<th>Materia\u0142<\/th>\n<td>Stop aluminium<\/td>\n<\/tr>\n<tr>\n<th>Wodoodporno\u015b\u0107<\/th>\n<td>IPX4<\/td>\n<\/tr>\n<tr>\n<th>Wymiary<\/th>\n<td>98 x 55 x 45 mm<\/td>\n<\/tr>\n<tr>\n<th>Waga<\/th>\n<td>183 g<\/td>\n<\/tr>\n<\/tbody>\n<\/table>\n<\/div>\n","protected":false},"excerpt":{"rendered":"<p>Latarka czo\u0142owa Superfire HE11, 640 lm, 20W, 6 tryb\u00f3w, 100 m Latarka czo\u0142owa Superfire HE11 zosta\u0142a stworzona z my\u015bl\u0105 o<\/p>\n","protected":false},"featured_media":46439,"comment_status":"closed","ping_status":"open","template":"","meta":{"_acf_changed":false},"product_brand":[],"product_cat":[5938,5940,5937],"product_tag":[],"class_list":{"0":"post-59880","1":"product","2":"type-product","3":"status-publish","4":"has-post-thumbnail","6":"product_cat-latarki","7":"product_cat-czolowe","8":"product_cat-outdoor","9":"pa_okres-gwarancji-5754","10":"pa_producent-superfire","12":"first","13":"outofstock","14":"taxable","15":"shipping-taxable","16":"purchasable","17":"product-type-simple"},"acf":[],"yoast_head":"<!-- This site is optimized with the Yoast SEO plugin v27.2 - https:\/\/yoast.com\/product\/yoast-seo-wordpress\/ -->\n<title>Latarka czo\u0142owa SUPERFIRE HE11 strumie\u0144 \u015bwietlny 640lm - IRONSKY.PL Sklep z Dronami<\/title>\n<meta name=\"description\" content=\"Latarka czo\u0142owa SUPERFIRE HE11 strumie\u0144 \u015bwietlny 640lm - \u2705 sklep z dronami i fachowym doradztwem. \u2705 Tutaj kupisz produkty DJI, Yuneec, Parrot, Syma i wiele innych, a tak\u017ce kursy i licencje na operatora drona.\" \/>\n<meta name=\"robots\" content=\"index, follow, max-snippet:-1, max-image-preview:large, max-video-preview:-1\" \/>\n<link rel=\"canonical\" href=\"https:\/\/ironsky.pl\/sklep\/produkt\/latarka-czolowa-superfire-he11-strumien-swietlny-640lm\/\" \/>\n<meta property=\"og:locale\" content=\"pl_PL\" \/>\n<meta property=\"og:type\" content=\"article\" \/>\n<meta property=\"og:title\" content=\"Latarka czo\u0142owa SUPERFIRE HE11 strumie\u0144 \u015bwietlny 640lm - IRONSKY.PL Sklep z Dronami\" \/>\n<meta property=\"og:description\" content=\"Latarka czo\u0142owa SUPERFIRE HE11 strumie\u0144 \u015bwietlny 640lm - \u2705 sklep z dronami i fachowym doradztwem. \u2705 Tutaj kupisz produkty DJI, Yuneec, Parrot, Syma i wiele innych, a tak\u017ce kursy i licencje na operatora drona.\" \/>\n<meta property=\"og:url\" content=\"https:\/\/ironsky.pl\/sklep\/produkt\/latarka-czolowa-superfire-he11-strumien-swietlny-640lm\/\" \/>\n<meta property=\"og:site_name\" content=\"IRONSKY.PL Sklep z Dronami\" \/>\n<meta property=\"article:modified_time\" content=\"2026-04-15T08:53:00+00:00\" \/>\n<meta property=\"og:image\" content=\"https:\/\/ironsky.pl\/sklep\/wp-content\/uploads\/2025\/06\/48687_1.jpg\" \/>\n\t<meta property=\"og:image:width\" content=\"800\" \/>\n\t<meta property=\"og:image:height\" content=\"800\" \/>\n\t<meta property=\"og:image:type\" content=\"image\/jpeg\" \/>\n<meta name=\"twitter:card\" content=\"summary_large_image\" \/>\n<meta name=\"twitter:label1\" content=\"Szacowany czas czytania\" \/>\n\t<meta name=\"twitter:data1\" content=\"3 minuty\" \/>\n<script type=\"application\/ld+json\" class=\"yoast-schema-graph\">{\"@context\":\"https:\/\/schema.org\",\"@graph\":[{\"@type\":\"WebPage\",\"@id\":\"https:\/\/ironsky.pl\/sklep\/produkt\/latarka-czolowa-superfire-he11-strumien-swietlny-640lm\/\",\"url\":\"https:\/\/ironsky.pl\/sklep\/produkt\/latarka-czolowa-superfire-he11-strumien-swietlny-640lm\/\",\"name\":\"Latarka czo\u0142owa SUPERFIRE HE11 strumie\u0144 \u015bwietlny 640lm - IRONSKY.PL Sklep z Dronami\",\"isPartOf\":{\"@id\":\"https:\/\/ironsky.pl\/sklep\/#website\"},\"primaryImageOfPage\":{\"@id\":\"https:\/\/ironsky.pl\/sklep\/produkt\/latarka-czolowa-superfire-he11-strumien-swietlny-640lm\/#primaryimage\"},\"image\":{\"@id\":\"https:\/\/ironsky.pl\/sklep\/produkt\/latarka-czolowa-superfire-he11-strumien-swietlny-640lm\/#primaryimage\"},\"thumbnailUrl\":\"https:\/\/ironsky.pl\/sklep\/wp-content\/uploads\/2025\/06\/48687_1.jpg\",\"datePublished\":\"2026-04-15T08:52:49+00:00\",\"dateModified\":\"2026-04-15T08:53:00+00:00\",\"description\":\"Latarka czo\u0142owa SUPERFIRE HE11 strumie\u0144 \u015bwietlny 640lm - \u2705 sklep z dronami i fachowym doradztwem. \u2705 Tutaj kupisz produkty DJI, Yuneec, Parrot, Syma i wiele innych, a tak\u017ce kursy i licencje na operatora drona.\",\"breadcrumb\":{\"@id\":\"https:\/\/ironsky.pl\/sklep\/produkt\/latarka-czolowa-superfire-he11-strumien-swietlny-640lm\/#breadcrumb\"},\"inLanguage\":\"pl-PL\",\"potentialAction\":[{\"@type\":\"ReadAction\",\"target\":[\"https:\/\/ironsky.pl\/sklep\/produkt\/latarka-czolowa-superfire-he11-strumien-swietlny-640lm\/\"]}]},{\"@type\":\"ImageObject\",\"inLanguage\":\"pl-PL\",\"@id\":\"https:\/\/ironsky.pl\/sklep\/produkt\/latarka-czolowa-superfire-he11-strumien-swietlny-640lm\/#primaryimage\",\"url\":\"https:\/\/ironsky.pl\/sklep\/wp-content\/uploads\/2025\/06\/48687_1.jpg\",\"contentUrl\":\"https:\/\/ironsky.pl\/sklep\/wp-content\/uploads\/2025\/06\/48687_1.jpg\",\"width\":800,\"height\":800},{\"@type\":\"BreadcrumbList\",\"@id\":\"https:\/\/ironsky.pl\/sklep\/produkt\/latarka-czolowa-superfire-he11-strumien-swietlny-640lm\/#breadcrumb\",\"itemListElement\":[{\"@type\":\"ListItem\",\"position\":1,\"name\":\"Strona g\u0142\u00f3wna\",\"item\":\"https:\/\/ironsky.pl\/sklep\/\"},{\"@type\":\"ListItem\",\"position\":2,\"name\":\"Wszystkie produkty\",\"item\":\"https:\/\/ironsky.pl\/sklep\/produkty\/\"},{\"@type\":\"ListItem\",\"position\":3,\"name\":\"Latarka czo\u0142owa SUPERFIRE HE11 strumie\u0144 \u015bwietlny 640lm\"}]},{\"@type\":\"WebSite\",\"@id\":\"https:\/\/ironsky.pl\/sklep\/#website\",\"url\":\"https:\/\/ironsky.pl\/sklep\/\",\"name\":\"IRONSKY.PL Sklep z Dronami\",\"description\":\"IRONSKY.PL Sklep z Dronami\",\"potentialAction\":[{\"@type\":\"SearchAction\",\"target\":{\"@type\":\"EntryPoint\",\"urlTemplate\":\"https:\/\/ironsky.pl\/sklep\/?s={search_term_string}\"},\"query-input\":{\"@type\":\"PropertyValueSpecification\",\"valueRequired\":true,\"valueName\":\"search_term_string\"}}],\"inLanguage\":\"pl-PL\"}]}<\/script>\n<!-- \/ Yoast SEO plugin. -->","yoast_head_json":{"title":"Latarka czo\u0142owa SUPERFIRE HE11 strumie\u0144 \u015bwietlny 640lm - IRONSKY.PL Sklep z Dronami","description":"Latarka czo\u0142owa SUPERFIRE HE11 strumie\u0144 \u015bwietlny 640lm - \u2705 sklep z dronami i fachowym doradztwem. \u2705 Tutaj kupisz produkty DJI, Yuneec, Parrot, Syma i wiele innych, a tak\u017ce kursy i licencje na operatora drona.","robots":{"index":"index","follow":"follow","max-snippet":"max-snippet:-1","max-image-preview":"max-image-preview:large","max-video-preview":"max-video-preview:-1"},"canonical":"https:\/\/ironsky.pl\/sklep\/produkt\/latarka-czolowa-superfire-he11-strumien-swietlny-640lm\/","og_locale":"pl_PL","og_type":"article","og_title":"Latarka czo\u0142owa SUPERFIRE HE11 strumie\u0144 \u015bwietlny 640lm - IRONSKY.PL Sklep z Dronami","og_description":"Latarka czo\u0142owa SUPERFIRE HE11 strumie\u0144 \u015bwietlny 640lm - \u2705 sklep z dronami i fachowym doradztwem. \u2705 Tutaj kupisz produkty DJI, Yuneec, Parrot, Syma i wiele innych, a tak\u017ce kursy i licencje na operatora drona.","og_url":"https:\/\/ironsky.pl\/sklep\/produkt\/latarka-czolowa-superfire-he11-strumien-swietlny-640lm\/","og_site_name":"IRONSKY.PL Sklep z Dronami","article_modified_time":"2026-04-15T08:53:00+00:00","og_image":[{"width":800,"height":800,"url":"https:\/\/ironsky.pl\/sklep\/wp-content\/uploads\/2025\/06\/48687_1.jpg","type":"image\/jpeg"}],"twitter_card":"summary_large_image","twitter_misc":{"Szacowany czas czytania":"3 minuty"},"schema":{"@context":"https:\/\/schema.org","@graph":[{"@type":"WebPage","@id":"https:\/\/ironsky.pl\/sklep\/produkt\/latarka-czolowa-superfire-he11-strumien-swietlny-640lm\/","url":"https:\/\/ironsky.pl\/sklep\/produkt\/latarka-czolowa-superfire-he11-strumien-swietlny-640lm\/","name":"Latarka czo\u0142owa SUPERFIRE HE11 strumie\u0144 \u015bwietlny 640lm - IRONSKY.PL Sklep z Dronami","isPartOf":{"@id":"https:\/\/ironsky.pl\/sklep\/#website"},"primaryImageOfPage":{"@id":"https:\/\/ironsky.pl\/sklep\/produkt\/latarka-czolowa-superfire-he11-strumien-swietlny-640lm\/#primaryimage"},"image":{"@id":"https:\/\/ironsky.pl\/sklep\/produkt\/latarka-czolowa-superfire-he11-strumien-swietlny-640lm\/#primaryimage"},"thumbnailUrl":"https:\/\/ironsky.pl\/sklep\/wp-content\/uploads\/2025\/06\/48687_1.jpg","datePublished":"2026-04-15T08:52:49+00:00","dateModified":"2026-04-15T08:53:00+00:00","description":"Latarka czo\u0142owa SUPERFIRE HE11 strumie\u0144 \u015bwietlny 640lm - \u2705 sklep z dronami i fachowym doradztwem. \u2705 Tutaj kupisz produkty DJI, Yuneec, Parrot, Syma i wiele innych, a tak\u017ce kursy i licencje na operatora drona.","breadcrumb":{"@id":"https:\/\/ironsky.pl\/sklep\/produkt\/latarka-czolowa-superfire-he11-strumien-swietlny-640lm\/#breadcrumb"},"inLanguage":"pl-PL","potentialAction":[{"@type":"ReadAction","target":["https:\/\/ironsky.pl\/sklep\/produkt\/latarka-czolowa-superfire-he11-strumien-swietlny-640lm\/"]}]},{"@type":"ImageObject","inLanguage":"pl-PL","@id":"https:\/\/ironsky.pl\/sklep\/produkt\/latarka-czolowa-superfire-he11-strumien-swietlny-640lm\/#primaryimage","url":"https:\/\/ironsky.pl\/sklep\/wp-content\/uploads\/2025\/06\/48687_1.jpg","contentUrl":"https:\/\/ironsky.pl\/sklep\/wp-content\/uploads\/2025\/06\/48687_1.jpg","width":800,"height":800},{"@type":"BreadcrumbList","@id":"https:\/\/ironsky.pl\/sklep\/produkt\/latarka-czolowa-superfire-he11-strumien-swietlny-640lm\/#breadcrumb","itemListElement":[{"@type":"ListItem","position":1,"name":"Strona g\u0142\u00f3wna","item":"https:\/\/ironsky.pl\/sklep\/"},{"@type":"ListItem","position":2,"name":"Wszystkie produkty","item":"https:\/\/ironsky.pl\/sklep\/produkty\/"},{"@type":"ListItem","position":3,"name":"Latarka czo\u0142owa SUPERFIRE HE11 strumie\u0144 \u015bwietlny 640lm"}]},{"@type":"WebSite","@id":"https:\/\/ironsky.pl\/sklep\/#website","url":"https:\/\/ironsky.pl\/sklep\/","name":"IRONSKY.PL Sklep z Dronami","description":"IRONSKY.PL Sklep z Dronami","potentialAction":[{"@type":"SearchAction","target":{"@type":"EntryPoint","urlTemplate":"https:\/\/ironsky.pl\/sklep\/?s={search_term_string}"},"query-input":{"@type":"PropertyValueSpecification","valueRequired":true,"valueName":"search_term_string"}}],"inLanguage":"pl-PL"}]}},"_links":{"self":[{"href":"https:\/\/ironsky.pl\/sklep\/wp-json\/wp\/v2\/product\/59880","targetHints":{"allow":["GET"]}}],"collection":[{"href":"https:\/\/ironsky.pl\/sklep\/wp-json\/wp\/v2\/product"}],"about":[{"href":"https:\/\/ironsky.pl\/sklep\/wp-json\/wp\/v2\/types\/product"}],"replies":[{"embeddable":true,"href":"https:\/\/ironsky.pl\/sklep\/wp-json\/wp\/v2\/comments?post=59880"}],"wp:featuredmedia":[{"embeddable":true,"href":"https:\/\/ironsky.pl\/sklep\/wp-json\/wp\/v2\/media\/46439"}],"wp:attachment":[{"href":"https:\/\/ironsky.pl\/sklep\/wp-json\/wp\/v2\/media?parent=59880"}],"wp:term":[{"taxonomy":"product_brand","embeddable":true,"href":"https:\/\/ironsky.pl\/sklep\/wp-json\/wp\/v2\/product_brand?post=59880"},{"taxonomy":"product_cat","embeddable":true,"href":"https:\/\/ironsky.pl\/sklep\/wp-json\/wp\/v2\/product_cat?post=59880"},{"taxonomy":"product_tag","embeddable":true,"href":"https:\/\/ironsky.pl\/sklep\/wp-json\/wp\/v2\/product_tag?post=59880"}],"curies":[{"name":"wp","href":"https:\/\/api.w.org\/{rel}","templated":true}]}}