{"id":59879,"date":"2026-04-15T10:52:49","date_gmt":"2026-04-15T08:52:49","guid":{"rendered":"https:\/\/ironsky.pl\/sklep\/produkt\/latarka-superfire-m12-8000lm\/"},"modified":"2026-04-15T10:52:58","modified_gmt":"2026-04-15T08:52:58","slug":"latarka-superfire-m12-8000lm","status":"publish","type":"product","link":"https:\/\/ironsky.pl\/sklep\/produkt\/latarka-superfire-m12-8000lm\/","title":{"rendered":"Latarka SUPERFIRE M12 8000lm"},"content":{"rendered":"<h3>Latarka Superfire M12 \u2013 8000lm, 6 tryb\u00f3w, wodoodporna<\/h3>\n<p>Superfire M12 to latarka o niesamowitej jasno\u015bci 8000 lumen\u00f3w i zasi\u0119gu \u015bwiecenia do 350 m, stworzona dla tych, kt\u00f3rzy wymagaj\u0105 niezawodnego i intensywnego \u015bwiat\u0142a w ekstremalnych warunkach. Doskonale sprawdzi si\u0119 podczas wypraw w g\u00f3ry, nocnych spacer\u00f3w, akcji ratunkowych, a tak\u017ce w codziennych sytuacjach, w kt\u00f3rych potrzebne jest pewne i mocne o\u015bwietlenie.<\/p>\n<p>\n<img decoding=\"async\" src=\"https:\/\/assets.innpro.pl\/11121\/13117\/6.jpg\" border=\"0\" alt=\"Czarna latarka na ciemnym tle\" \/>\n<\/p>\n<h3>R\u00f3\u017cnorodne tryby \u015bwiecenia na ka\u017cd\u0105 wypraw\u0119<\/h3>\n<p>Latarka Superfire M12 oferuje a\u017c 6 tryb\u00f3w \u015bwiecenia, kt\u00f3re sprawdz\u0105 si\u0119 w r\u00f3\u017cnych warunkach. Mo\u017cesz wybiera\u0107 mi\u0119dzy niskim, \u015brednim a mocnym o\u015bwietleniem, dostosowuj\u0105c jasno\u015b\u0107 do swoich aktualnych potrzeb, a tryby Strobe i SOS s\u0105 niezast\u0105pione w sytuacjach awaryjnych. Dzi\u0119ki funkcji Turbo, dost\u0119pnej poprzez podw\u00f3jne klikni\u0119cie, latarka osi\u0105ga pe\u0142n\u0105 moc 8000 lumen\u00f3w, rozpraszaj\u0105c mrok i umo\u017cliwiaj\u0105c skuteczne o\u015bwietlenie szerokiego obszaru.<\/p>\n<p>\n<img decoding=\"async\" src=\"https:\/\/assets.innpro.pl\/11121\/13117\/1.jpg\" border=\"0\" alt=\"zbli\u017cenie na mechanizmy latarki na czarnym tle\" \/>\n<\/p>\n<h3>D\u0142ugotrwa\u0142a praca \u2013 nawet do 8,5 godzin<\/h3>\n<p>Latarka jest wyposa\u017cona w 4 akumulatory 18650 o \u0142\u0105cznej pojemno\u015bci 8000 mAh, kt\u00f3re zapewniaj\u0105 nawet do 8,5 godzin nieprzerwanego dzia\u0142ania. Mo\u017cliwo\u015b\u0107 zasilania przez port USB-C (Universal Serial Bus typu C, uniwersalne z\u0142\u0105cze do przesy\u0142ania danych i zasilania) sprawia, \u017ce jest to urz\u0105dzenie niezwykle praktyczne \u2013 na\u0142adujesz je za pomoc\u0105 wi\u0119kszo\u015bci standardowych \u0142adowarek czy powerbank\u00f3w. Ponadto specjalne wska\u017aniki pozwalaj\u0105 szybko sprawdzi\u0107 status \u0142adowania.<\/p>\n<p>\n<img decoding=\"async\" src=\"https:\/\/assets.innpro.pl\/11121\/13117\/3.jpg\" border=\"0\" alt=\"cztery pomara\u0144czowe akumulatory do latarki obrabiane przez robotyczne ramiona\" \/>\n<\/p>\n<h3>Solidna konstrukcja na ka\u017cd\u0105 pogod\u0119<\/h3>\n<p>Wykonana z wytrzyma\u0142ego stopu aluminium, latarka M12 charakteryzuje si\u0119 odporno\u015bci\u0105 na upadki z wysoko\u015bci do 1 metra oraz wodoodporno\u015bci\u0105 w standardzie IP44 (Ingress Protection 44, stopie\u0144 ochrony przed cia\u0142ami sta\u0142ymi i wod\u0105). Mo\u017cesz polega\u0107 na niej w deszczu, wilgoci, a nawet w niekorzystnych warunkach terenowych. Ta latarka to trwa\u0142e narz\u0119dzie zaprojektowane z my\u015bl\u0105 o wymagaj\u0105cych u\u017cytkownikach.<\/p>\n<p>\n<img decoding=\"async\" src=\"https:\/\/assets.innpro.pl\/11121\/13117\/5.jpg\" border=\"0\" alt=\"czarna latarka ochlapana wod\u0105\" \/>\n<\/p>\n<h3>W trosce o bezpiecze\u0144stwo<\/h3>\n<p>Latarka oferuje wiele program\u00f3w bezpiecze\u0144stwa \u2013 jest chroniona mi\u0119dzy innymi przed odwrotnym \u0142adowaniem, nadmiernym roz\u0142adowaniem i nieprawid\u0142owym po\u0142\u0105czeniem. Korzysta te\u017c ze specjalnego systemu oszcz\u0119dzania energii. Dodatkowo zosta\u0142a wyposa\u017cona w czujnik NTC (Negative Temperature Coefficient, czujnik temperatury o ujemnym wsp\u00f3\u0142czynniku temperaturowym), kt\u00f3ry zapobiega jej nadmiernemu nagrzewaniu si\u0119. Wszystko to zapewnia d\u0142ug\u0105 \u017cywotno\u015b\u0107 i bezpiecze\u0144stwo.<\/p>\n<p>\n<img decoding=\"async\" src=\"https:\/\/assets.innpro.pl\/11121\/13117\/2.jpg\" border=\"0\" alt=\"czarno-pomara\u0144czowe mechanizmy latarki M12 SuperFire\" \/>\n<\/p>\n<h3>Wiele sposob\u00f3w noszenia<\/h3>\n<p>Model M12 zosta\u0142 wyposa\u017cony w klips i pasek na r\u0119k\u0119, mo\u017cesz wi\u0119c korzysta\u0107 z niego na r\u00f3\u017cne sposoby \u2013 na przyk\u0142ad przypi\u0105\u0107 sobie do plecaka. Dzi\u0119ki temu \u015bwietnie sprawdzi si\u0119 w jeszcze wi\u0119kszej liczbie scenariuszy!<\/p>\n<p>\n<img decoding=\"async\" src=\"https:\/\/assets.innpro.pl\/11121\/13117\/7.jpg\" border=\"0\" alt=\"czarna latarka pod\u0142\u0105czona do \u0142adowania do laptopa\" \/>\n<\/p>\n<h3>W zestawie:<\/h3>\n<ul class=\"list-disc pl-5\">\n<li>Latarka<\/li>\n<li>Smycz<\/li>\n<li>Kabel \u0142adowania USB-C do USB-A<\/li>\n<\/ul>\n<div class=\"table-wrapper\">\n<p>\u00a0<\/p>\n<h3><\/h3>\n<table>\n<tbody>\n<tr>\n<th>Producent<\/th>\n<td>Superfire<\/td>\n<\/tr>\n<tr>\n<th>Model<\/th>\n<td>M12<\/td>\n<\/tr>\n<tr>\n<th>Poziom jasno\u015bci <\/th>\n<td>8000 lm<\/td>\n<\/tr>\n<tr>\n<th>Zasi\u0119g \u015bwiecenia<\/th>\n<td>350 m<\/td>\n<\/tr>\n<tr>\n<th>Moc<\/th>\n<td>112 W<\/td>\n<\/tr>\n<tr>\n<th>Czas pracy<\/th>\n<td>Do 8,5 godziny<\/td>\n<\/tr>\n<tr>\n<th>Czas \u0142adowania<\/th>\n<td>Oko\u0142o 6,5 godziny<\/td>\n<\/tr>\n<tr>\n<th>Pojemno\u015b\u0107 akumulatora<\/th>\n<td>8000 mAh \/ 18650 x4<\/td>\n<\/tr>\n<tr>\n<th>Tryby \u015bwiecenia<\/th>\n<td>Low Light, Medium Light, Strong Light, Strobe, SOS, Turbo<\/td>\n<\/tr>\n<tr>\n<th>Wodoodporno\u015b\u0107<\/th>\n<td>IP44<\/td>\n<\/tr>\n<\/tbody>\n<\/table>\n<\/div>\n","protected":false},"excerpt":{"rendered":"<p>Latarka Superfire M12 \u2013 8000lm, 6 tryb\u00f3w, wodoodporna Superfire M12 to latarka o niesamowitej jasno\u015bci 8000 lumen\u00f3w i zasi\u0119gu \u015bwiecenia<\/p>\n","protected":false},"featured_media":46436,"comment_status":"closed","ping_status":"open","template":"","meta":{"_acf_changed":false},"product_brand":[],"product_cat":[5938,5937,5939],"product_tag":[],"class_list":{"0":"post-59879","1":"product","2":"type-product","3":"status-publish","4":"has-post-thumbnail","6":"product_cat-latarki","7":"product_cat-outdoor","8":"product_cat-pozostale-latarki","9":"pa_okres-gwarancji-5754","10":"pa_producent-superfire","12":"first","13":"outofstock","14":"taxable","15":"shipping-taxable","16":"purchasable","17":"product-type-simple"},"acf":[],"yoast_head":"<!-- This site is optimized with the Yoast SEO plugin v27.2 - https:\/\/yoast.com\/product\/yoast-seo-wordpress\/ -->\n<title>Latarka SUPERFIRE M12 8000lm - IRONSKY.PL Sklep z Dronami<\/title>\n<meta name=\"description\" content=\"Latarka SUPERFIRE M12 8000lm - \u2705 sklep z dronami i fachowym doradztwem. \u2705 Tutaj kupisz produkty DJI, Yuneec, Parrot, Syma i wiele innych, a tak\u017ce kursy i licencje na operatora drona.\" \/>\n<meta name=\"robots\" content=\"index, follow, max-snippet:-1, max-image-preview:large, max-video-preview:-1\" \/>\n<link rel=\"canonical\" href=\"https:\/\/ironsky.pl\/sklep\/produkt\/latarka-superfire-m12-8000lm\/\" \/>\n<meta property=\"og:locale\" content=\"pl_PL\" \/>\n<meta property=\"og:type\" content=\"article\" \/>\n<meta property=\"og:title\" content=\"Latarka SUPERFIRE M12 8000lm - IRONSKY.PL Sklep z Dronami\" \/>\n<meta property=\"og:description\" content=\"Latarka SUPERFIRE M12 8000lm - \u2705 sklep z dronami i fachowym doradztwem. \u2705 Tutaj kupisz produkty DJI, Yuneec, Parrot, Syma i wiele innych, a tak\u017ce kursy i licencje na operatora drona.\" \/>\n<meta property=\"og:url\" content=\"https:\/\/ironsky.pl\/sklep\/produkt\/latarka-superfire-m12-8000lm\/\" \/>\n<meta property=\"og:site_name\" content=\"IRONSKY.PL Sklep z Dronami\" \/>\n<meta property=\"article:modified_time\" content=\"2026-04-15T08:52:58+00:00\" \/>\n<meta property=\"og:image\" content=\"https:\/\/ironsky.pl\/sklep\/wp-content\/uploads\/2025\/06\/48686_1.jpg\" \/>\n\t<meta property=\"og:image:width\" content=\"800\" \/>\n\t<meta property=\"og:image:height\" content=\"800\" \/>\n\t<meta property=\"og:image:type\" content=\"image\/jpeg\" \/>\n<meta name=\"twitter:card\" content=\"summary_large_image\" \/>\n<meta name=\"twitter:label1\" content=\"Szacowany czas czytania\" \/>\n\t<meta name=\"twitter:data1\" content=\"2 minuty\" \/>\n<script type=\"application\/ld+json\" class=\"yoast-schema-graph\">{\"@context\":\"https:\/\/schema.org\",\"@graph\":[{\"@type\":\"WebPage\",\"@id\":\"https:\/\/ironsky.pl\/sklep\/produkt\/latarka-superfire-m12-8000lm\/\",\"url\":\"https:\/\/ironsky.pl\/sklep\/produkt\/latarka-superfire-m12-8000lm\/\",\"name\":\"Latarka SUPERFIRE M12 8000lm - IRONSKY.PL Sklep z Dronami\",\"isPartOf\":{\"@id\":\"https:\/\/ironsky.pl\/sklep\/#website\"},\"primaryImageOfPage\":{\"@id\":\"https:\/\/ironsky.pl\/sklep\/produkt\/latarka-superfire-m12-8000lm\/#primaryimage\"},\"image\":{\"@id\":\"https:\/\/ironsky.pl\/sklep\/produkt\/latarka-superfire-m12-8000lm\/#primaryimage\"},\"thumbnailUrl\":\"https:\/\/ironsky.pl\/sklep\/wp-content\/uploads\/2025\/06\/48686_1.jpg\",\"datePublished\":\"2026-04-15T08:52:49+00:00\",\"dateModified\":\"2026-04-15T08:52:58+00:00\",\"description\":\"Latarka SUPERFIRE M12 8000lm - \u2705 sklep z dronami i fachowym doradztwem. \u2705 Tutaj kupisz produkty DJI, Yuneec, Parrot, Syma i wiele innych, a tak\u017ce kursy i licencje na operatora drona.\",\"breadcrumb\":{\"@id\":\"https:\/\/ironsky.pl\/sklep\/produkt\/latarka-superfire-m12-8000lm\/#breadcrumb\"},\"inLanguage\":\"pl-PL\",\"potentialAction\":[{\"@type\":\"ReadAction\",\"target\":[\"https:\/\/ironsky.pl\/sklep\/produkt\/latarka-superfire-m12-8000lm\/\"]}]},{\"@type\":\"ImageObject\",\"inLanguage\":\"pl-PL\",\"@id\":\"https:\/\/ironsky.pl\/sklep\/produkt\/latarka-superfire-m12-8000lm\/#primaryimage\",\"url\":\"https:\/\/ironsky.pl\/sklep\/wp-content\/uploads\/2025\/06\/48686_1.jpg\",\"contentUrl\":\"https:\/\/ironsky.pl\/sklep\/wp-content\/uploads\/2025\/06\/48686_1.jpg\",\"width\":800,\"height\":800},{\"@type\":\"BreadcrumbList\",\"@id\":\"https:\/\/ironsky.pl\/sklep\/produkt\/latarka-superfire-m12-8000lm\/#breadcrumb\",\"itemListElement\":[{\"@type\":\"ListItem\",\"position\":1,\"name\":\"Strona g\u0142\u00f3wna\",\"item\":\"https:\/\/ironsky.pl\/sklep\/\"},{\"@type\":\"ListItem\",\"position\":2,\"name\":\"Wszystkie produkty\",\"item\":\"https:\/\/ironsky.pl\/sklep\/produkty\/\"},{\"@type\":\"ListItem\",\"position\":3,\"name\":\"Latarka SUPERFIRE M12 8000lm\"}]},{\"@type\":\"WebSite\",\"@id\":\"https:\/\/ironsky.pl\/sklep\/#website\",\"url\":\"https:\/\/ironsky.pl\/sklep\/\",\"name\":\"IRONSKY.PL Sklep z Dronami\",\"description\":\"IRONSKY.PL Sklep z Dronami\",\"potentialAction\":[{\"@type\":\"SearchAction\",\"target\":{\"@type\":\"EntryPoint\",\"urlTemplate\":\"https:\/\/ironsky.pl\/sklep\/?s={search_term_string}\"},\"query-input\":{\"@type\":\"PropertyValueSpecification\",\"valueRequired\":true,\"valueName\":\"search_term_string\"}}],\"inLanguage\":\"pl-PL\"}]}<\/script>\n<!-- \/ Yoast SEO plugin. -->","yoast_head_json":{"title":"Latarka SUPERFIRE M12 8000lm - IRONSKY.PL Sklep z Dronami","description":"Latarka SUPERFIRE M12 8000lm - \u2705 sklep z dronami i fachowym doradztwem. \u2705 Tutaj kupisz produkty DJI, Yuneec, Parrot, Syma i wiele innych, a tak\u017ce kursy i licencje na operatora drona.","robots":{"index":"index","follow":"follow","max-snippet":"max-snippet:-1","max-image-preview":"max-image-preview:large","max-video-preview":"max-video-preview:-1"},"canonical":"https:\/\/ironsky.pl\/sklep\/produkt\/latarka-superfire-m12-8000lm\/","og_locale":"pl_PL","og_type":"article","og_title":"Latarka SUPERFIRE M12 8000lm - IRONSKY.PL Sklep z Dronami","og_description":"Latarka SUPERFIRE M12 8000lm - \u2705 sklep z dronami i fachowym doradztwem. \u2705 Tutaj kupisz produkty DJI, Yuneec, Parrot, Syma i wiele innych, a tak\u017ce kursy i licencje na operatora drona.","og_url":"https:\/\/ironsky.pl\/sklep\/produkt\/latarka-superfire-m12-8000lm\/","og_site_name":"IRONSKY.PL Sklep z Dronami","article_modified_time":"2026-04-15T08:52:58+00:00","og_image":[{"width":800,"height":800,"url":"https:\/\/ironsky.pl\/sklep\/wp-content\/uploads\/2025\/06\/48686_1.jpg","type":"image\/jpeg"}],"twitter_card":"summary_large_image","twitter_misc":{"Szacowany czas czytania":"2 minuty"},"schema":{"@context":"https:\/\/schema.org","@graph":[{"@type":"WebPage","@id":"https:\/\/ironsky.pl\/sklep\/produkt\/latarka-superfire-m12-8000lm\/","url":"https:\/\/ironsky.pl\/sklep\/produkt\/latarka-superfire-m12-8000lm\/","name":"Latarka SUPERFIRE M12 8000lm - IRONSKY.PL Sklep z Dronami","isPartOf":{"@id":"https:\/\/ironsky.pl\/sklep\/#website"},"primaryImageOfPage":{"@id":"https:\/\/ironsky.pl\/sklep\/produkt\/latarka-superfire-m12-8000lm\/#primaryimage"},"image":{"@id":"https:\/\/ironsky.pl\/sklep\/produkt\/latarka-superfire-m12-8000lm\/#primaryimage"},"thumbnailUrl":"https:\/\/ironsky.pl\/sklep\/wp-content\/uploads\/2025\/06\/48686_1.jpg","datePublished":"2026-04-15T08:52:49+00:00","dateModified":"2026-04-15T08:52:58+00:00","description":"Latarka SUPERFIRE M12 8000lm - \u2705 sklep z dronami i fachowym doradztwem. \u2705 Tutaj kupisz produkty DJI, Yuneec, Parrot, Syma i wiele innych, a tak\u017ce kursy i licencje na operatora drona.","breadcrumb":{"@id":"https:\/\/ironsky.pl\/sklep\/produkt\/latarka-superfire-m12-8000lm\/#breadcrumb"},"inLanguage":"pl-PL","potentialAction":[{"@type":"ReadAction","target":["https:\/\/ironsky.pl\/sklep\/produkt\/latarka-superfire-m12-8000lm\/"]}]},{"@type":"ImageObject","inLanguage":"pl-PL","@id":"https:\/\/ironsky.pl\/sklep\/produkt\/latarka-superfire-m12-8000lm\/#primaryimage","url":"https:\/\/ironsky.pl\/sklep\/wp-content\/uploads\/2025\/06\/48686_1.jpg","contentUrl":"https:\/\/ironsky.pl\/sklep\/wp-content\/uploads\/2025\/06\/48686_1.jpg","width":800,"height":800},{"@type":"BreadcrumbList","@id":"https:\/\/ironsky.pl\/sklep\/produkt\/latarka-superfire-m12-8000lm\/#breadcrumb","itemListElement":[{"@type":"ListItem","position":1,"name":"Strona g\u0142\u00f3wna","item":"https:\/\/ironsky.pl\/sklep\/"},{"@type":"ListItem","position":2,"name":"Wszystkie produkty","item":"https:\/\/ironsky.pl\/sklep\/produkty\/"},{"@type":"ListItem","position":3,"name":"Latarka SUPERFIRE M12 8000lm"}]},{"@type":"WebSite","@id":"https:\/\/ironsky.pl\/sklep\/#website","url":"https:\/\/ironsky.pl\/sklep\/","name":"IRONSKY.PL Sklep z Dronami","description":"IRONSKY.PL Sklep z Dronami","potentialAction":[{"@type":"SearchAction","target":{"@type":"EntryPoint","urlTemplate":"https:\/\/ironsky.pl\/sklep\/?s={search_term_string}"},"query-input":{"@type":"PropertyValueSpecification","valueRequired":true,"valueName":"search_term_string"}}],"inLanguage":"pl-PL"}]}},"_links":{"self":[{"href":"https:\/\/ironsky.pl\/sklep\/wp-json\/wp\/v2\/product\/59879","targetHints":{"allow":["GET"]}}],"collection":[{"href":"https:\/\/ironsky.pl\/sklep\/wp-json\/wp\/v2\/product"}],"about":[{"href":"https:\/\/ironsky.pl\/sklep\/wp-json\/wp\/v2\/types\/product"}],"replies":[{"embeddable":true,"href":"https:\/\/ironsky.pl\/sklep\/wp-json\/wp\/v2\/comments?post=59879"}],"wp:featuredmedia":[{"embeddable":true,"href":"https:\/\/ironsky.pl\/sklep\/wp-json\/wp\/v2\/media\/46436"}],"wp:attachment":[{"href":"https:\/\/ironsky.pl\/sklep\/wp-json\/wp\/v2\/media?parent=59879"}],"wp:term":[{"taxonomy":"product_brand","embeddable":true,"href":"https:\/\/ironsky.pl\/sklep\/wp-json\/wp\/v2\/product_brand?post=59879"},{"taxonomy":"product_cat","embeddable":true,"href":"https:\/\/ironsky.pl\/sklep\/wp-json\/wp\/v2\/product_cat?post=59879"},{"taxonomy":"product_tag","embeddable":true,"href":"https:\/\/ironsky.pl\/sklep\/wp-json\/wp\/v2\/product_tag?post=59879"}],"curies":[{"name":"wp","href":"https:\/\/api.w.org\/{rel}","templated":true}]}}