{"id":59873,"date":"2026-04-15T10:52:49","date_gmt":"2026-04-15T08:52:49","guid":{"rendered":"https:\/\/ironsky.pl\/sklep\/produkt\/etui-ladujace-insta360-portable-charging-case-10000mah\/"},"modified":"2026-04-15T10:52:55","modified_gmt":"2026-04-15T08:52:55","slug":"etui-ladujace-insta360-portable-charging-case-10000mah","status":"publish","type":"product","link":"https:\/\/ironsky.pl\/sklep\/produkt\/etui-ladujace-insta360-portable-charging-case-10000mah\/","title":{"rendered":"Etui \u0142aduj\u0105ce INSTa360 Portable Charging Case 10000mAh"},"content":{"rendered":"<h3>Przeno\u015bna \u0142adowarka Insta 360 Portable Charging Case<\/h3>\n<p>Przeno\u015bna \u0142adowarka Insta360 to idealne rozwi\u0105zanie dla os\u00f3b, kt\u00f3re potrzebuj\u0105 niezawodnego \u017ar\u00f3d\u0142a energii w podr\u00f3\u017cy. Kompatybilna z akumulatorami Insta360 Ace, Ace Pro 2, Ace Pro, X4 oraz X3, oferuje mo\u017cliwo\u015b\u0107 \u0142adowania dw\u00f3ch akumulator\u00f3w jednocze\u015bnie, a tak\u017ce miejsce na przechowywanie dw\u00f3ch kart microSD. Dzi\u0119ki pojemnemu akumulatorowi o mocy 10 000 mAh zapewnia d\u0142ugotrwa\u0142e dzia\u0142anie nie tylko kamerze, ale r\u00f3wnie\u017c innym urz\u0105dzeniom obs\u0142uguj\u0105cym port USB-C, takim jak smartfony czy tablety.<\/p>\n<p>\n<img decoding=\"async\" src=\"https:\/\/assets.innpro.pl\/11345\/13452\/2.jpg\" border=\"0\" \/>\n<\/p>\n<h3>Energia zawsze pod r\u0119k\u0105<\/h3>\n<p>Z Insta360 Portable Charging Case mo\u017cesz zapomnie\u0107 o obawach zwi\u0105zanych z brakiem energii. Pozwala na \u0142adowanie akumulator\u00f3w kamer w dowolnym momencie, a port USB-C umo\u017cliwia jednoczesne zasilanie dodatkowych urz\u0105dze\u0144. To idealne akcesorium dla os\u00f3b aktywnych, kt\u00f3re potrzebuj\u0105 niezawodnego wsparcia w trakcie swoich przyg\u00f3d \u2013 zar\u00f3wno podczas eksploracji miasta, jak i na odleg\u0142ych trasach.<\/p>\n<p>\n<img decoding=\"async\" src=\"https:\/\/assets.innpro.pl\/11345\/13452\/1.jpg\" border=\"0\" \/>\n<\/p>\n<h3>Funkcjonalno\u015b\u0107 i bezpiecze\u0144stwo<\/h3>\n<p>Etui zosta\u0142o zaprojektowane z najwy\u017csz\u0105 precyzj\u0105, oferuj\u0105c bezpieczne miejsce do \u0142adowania i przechowywania akumulator\u00f3w oraz kart microSD. Solidna konstrukcja zabezpiecza zawarto\u015b\u0107 przed uszkodzeniami, a intuicyjny system wska\u017anik\u00f3w LED informuje o poziomie na\u0142adowania. Funkcja r\u00f3wnoczesnego \u0142adowania baterii i obudowy pozwala oszcz\u0119dza\u0107 czas, co czyni to urz\u0105dzenie jeszcze bardziej praktycznym.<\/p>\n<p>\n<img decoding=\"async\" src=\"https:\/\/assets.innpro.pl\/11345\/13452\/3.jpg\" border=\"0\" \/>\n<\/p>\n<div class=\"table-wrapper\">\n<p>\u00a0<\/p>\n<h3><\/h3>\n<table>\n<tbody>\n<tr>\n<th>Producent<\/th>\n<td>Insta360<\/td>\n<\/tr>\n<tr>\n<th>Model<\/th>\n<td>CINSCAVE<\/td>\n<\/tr>\n<tr>\n<th>Pojemno\u015b\u0107 <\/th>\n<td>10 000 mAh (3.7 V, 37 Wh)<\/td>\n<\/tr>\n<tr>\n<th>Kompatybilno\u015b\u0107<\/th>\n<td>Insta360 Ace, Ace Pro 2, Ace Pro, X4, X3<\/td>\n<\/tr>\n<tr>\n<th>Porty<\/th>\n<td>USB-C<\/td>\n<\/tr>\n<tr>\n<th>Waga<\/th>\n<td>283 g<\/td>\n<\/tr>\n<tr>\n<th>Wymiary<\/th>\n<td>133 x 80 x 30 mm<\/td>\n<\/tr>\n<tr>\n<th>Czas pe\u0142nego \u0142adowania etui<\/th>\n<td>230\u2013260 minut<\/td>\n<\/tr>\n<\/tbody>\n<\/table>\n<\/div>\n","protected":false},"excerpt":{"rendered":"<p>Przeno\u015bna \u0142adowarka Insta 360 Portable Charging Case Przeno\u015bna \u0142adowarka Insta360 to idealne rozwi\u0105zanie dla os\u00f3b, kt\u00f3re potrzebuj\u0105 niezawodnego \u017ar\u00f3d\u0142a energii<\/p>\n","protected":false},"featured_media":59874,"comment_status":"closed","ping_status":"open","template":"","meta":{"_acf_changed":false},"product_brand":[],"product_cat":[1130,1128,1150],"product_tag":[],"class_list":{"0":"post-59873","1":"product","2":"type-product","3":"status-publish","4":"has-post-thumbnail","6":"product_cat-akcesoria-foto","7":"product_cat-foto-wideo","8":"product_cat-pozostale","9":"pa_okres-gwarancji-5754","10":"pa_producent-insta360","12":"first","13":"outofstock","14":"taxable","15":"shipping-taxable","16":"purchasable","17":"product-type-simple"},"acf":[],"yoast_head":"<!-- This site is optimized with the Yoast SEO plugin v27.2 - https:\/\/yoast.com\/product\/yoast-seo-wordpress\/ -->\n<title>Etui \u0142aduj\u0105ce INSTa360 Portable Charging Case 10000mAh - IRONSKY.PL Sklep z Dronami<\/title>\n<meta name=\"description\" content=\"Etui \u0142aduj\u0105ce INSTa360 Portable Charging Case 10000mAh - \u2705 sklep z dronami i fachowym doradztwem. \u2705 Tutaj kupisz produkty DJI, Yuneec, Parrot, Syma i wiele innych, a tak\u017ce kursy i licencje na operatora drona.\" \/>\n<meta name=\"robots\" content=\"index, follow, max-snippet:-1, max-image-preview:large, max-video-preview:-1\" \/>\n<link rel=\"canonical\" href=\"https:\/\/ironsky.pl\/sklep\/produkt\/etui-ladujace-insta360-portable-charging-case-10000mah\/\" \/>\n<meta property=\"og:locale\" content=\"pl_PL\" \/>\n<meta property=\"og:type\" content=\"article\" \/>\n<meta property=\"og:title\" content=\"Etui \u0142aduj\u0105ce INSTa360 Portable Charging Case 10000mAh - IRONSKY.PL Sklep z Dronami\" \/>\n<meta property=\"og:description\" content=\"Etui \u0142aduj\u0105ce INSTa360 Portable Charging Case 10000mAh - \u2705 sklep z dronami i fachowym doradztwem. \u2705 Tutaj kupisz produkty DJI, Yuneec, Parrot, Syma i wiele innych, a tak\u017ce kursy i licencje na operatora drona.\" \/>\n<meta property=\"og:url\" content=\"https:\/\/ironsky.pl\/sklep\/produkt\/etui-ladujace-insta360-portable-charging-case-10000mah\/\" \/>\n<meta property=\"og:site_name\" content=\"IRONSKY.PL Sklep z Dronami\" \/>\n<meta property=\"article:modified_time\" content=\"2026-04-15T08:52:55+00:00\" \/>\n<meta property=\"og:image\" content=\"https:\/\/ironsky.pl\/sklep\/wp-content\/uploads\/2026\/04\/48685_1.jpg\" \/>\n\t<meta property=\"og:image:width\" content=\"800\" \/>\n\t<meta property=\"og:image:height\" content=\"800\" \/>\n\t<meta property=\"og:image:type\" content=\"image\/jpeg\" \/>\n<meta name=\"twitter:card\" content=\"summary_large_image\" \/>\n<meta name=\"twitter:label1\" content=\"Szacowany czas czytania\" \/>\n\t<meta name=\"twitter:data1\" content=\"1 minuta\" \/>\n<script type=\"application\/ld+json\" class=\"yoast-schema-graph\">{\"@context\":\"https:\/\/schema.org\",\"@graph\":[{\"@type\":\"WebPage\",\"@id\":\"https:\/\/ironsky.pl\/sklep\/produkt\/etui-ladujace-insta360-portable-charging-case-10000mah\/\",\"url\":\"https:\/\/ironsky.pl\/sklep\/produkt\/etui-ladujace-insta360-portable-charging-case-10000mah\/\",\"name\":\"Etui \u0142aduj\u0105ce INSTa360 Portable Charging Case 10000mAh - IRONSKY.PL Sklep z Dronami\",\"isPartOf\":{\"@id\":\"https:\/\/ironsky.pl\/sklep\/#website\"},\"primaryImageOfPage\":{\"@id\":\"https:\/\/ironsky.pl\/sklep\/produkt\/etui-ladujace-insta360-portable-charging-case-10000mah\/#primaryimage\"},\"image\":{\"@id\":\"https:\/\/ironsky.pl\/sklep\/produkt\/etui-ladujace-insta360-portable-charging-case-10000mah\/#primaryimage\"},\"thumbnailUrl\":\"https:\/\/ironsky.pl\/sklep\/wp-content\/uploads\/2026\/04\/48685_1.jpg\",\"datePublished\":\"2026-04-15T08:52:49+00:00\",\"dateModified\":\"2026-04-15T08:52:55+00:00\",\"description\":\"Etui \u0142aduj\u0105ce INSTa360 Portable Charging Case 10000mAh - \u2705 sklep z dronami i fachowym doradztwem. \u2705 Tutaj kupisz produkty DJI, Yuneec, Parrot, Syma i wiele innych, a tak\u017ce kursy i licencje na operatora drona.\",\"breadcrumb\":{\"@id\":\"https:\/\/ironsky.pl\/sklep\/produkt\/etui-ladujace-insta360-portable-charging-case-10000mah\/#breadcrumb\"},\"inLanguage\":\"pl-PL\",\"potentialAction\":[{\"@type\":\"ReadAction\",\"target\":[\"https:\/\/ironsky.pl\/sklep\/produkt\/etui-ladujace-insta360-portable-charging-case-10000mah\/\"]}]},{\"@type\":\"ImageObject\",\"inLanguage\":\"pl-PL\",\"@id\":\"https:\/\/ironsky.pl\/sklep\/produkt\/etui-ladujace-insta360-portable-charging-case-10000mah\/#primaryimage\",\"url\":\"https:\/\/ironsky.pl\/sklep\/wp-content\/uploads\/2026\/04\/48685_1.jpg\",\"contentUrl\":\"https:\/\/ironsky.pl\/sklep\/wp-content\/uploads\/2026\/04\/48685_1.jpg\",\"width\":800,\"height\":800},{\"@type\":\"BreadcrumbList\",\"@id\":\"https:\/\/ironsky.pl\/sklep\/produkt\/etui-ladujace-insta360-portable-charging-case-10000mah\/#breadcrumb\",\"itemListElement\":[{\"@type\":\"ListItem\",\"position\":1,\"name\":\"Strona g\u0142\u00f3wna\",\"item\":\"https:\/\/ironsky.pl\/sklep\/\"},{\"@type\":\"ListItem\",\"position\":2,\"name\":\"Wszystkie produkty\",\"item\":\"https:\/\/ironsky.pl\/sklep\/produkty\/\"},{\"@type\":\"ListItem\",\"position\":3,\"name\":\"Etui \u0142aduj\u0105ce INSTa360 Portable Charging Case 10000mAh\"}]},{\"@type\":\"WebSite\",\"@id\":\"https:\/\/ironsky.pl\/sklep\/#website\",\"url\":\"https:\/\/ironsky.pl\/sklep\/\",\"name\":\"IRONSKY.PL Sklep z Dronami\",\"description\":\"IRONSKY.PL Sklep z Dronami\",\"potentialAction\":[{\"@type\":\"SearchAction\",\"target\":{\"@type\":\"EntryPoint\",\"urlTemplate\":\"https:\/\/ironsky.pl\/sklep\/?s={search_term_string}\"},\"query-input\":{\"@type\":\"PropertyValueSpecification\",\"valueRequired\":true,\"valueName\":\"search_term_string\"}}],\"inLanguage\":\"pl-PL\"}]}<\/script>\n<!-- \/ Yoast SEO plugin. -->","yoast_head_json":{"title":"Etui \u0142aduj\u0105ce INSTa360 Portable Charging Case 10000mAh - IRONSKY.PL Sklep z Dronami","description":"Etui \u0142aduj\u0105ce INSTa360 Portable Charging Case 10000mAh - \u2705 sklep z dronami i fachowym doradztwem. \u2705 Tutaj kupisz produkty DJI, Yuneec, Parrot, Syma i wiele innych, a tak\u017ce kursy i licencje na operatora drona.","robots":{"index":"index","follow":"follow","max-snippet":"max-snippet:-1","max-image-preview":"max-image-preview:large","max-video-preview":"max-video-preview:-1"},"canonical":"https:\/\/ironsky.pl\/sklep\/produkt\/etui-ladujace-insta360-portable-charging-case-10000mah\/","og_locale":"pl_PL","og_type":"article","og_title":"Etui \u0142aduj\u0105ce INSTa360 Portable Charging Case 10000mAh - IRONSKY.PL Sklep z Dronami","og_description":"Etui \u0142aduj\u0105ce INSTa360 Portable Charging Case 10000mAh - \u2705 sklep z dronami i fachowym doradztwem. \u2705 Tutaj kupisz produkty DJI, Yuneec, Parrot, Syma i wiele innych, a tak\u017ce kursy i licencje na operatora drona.","og_url":"https:\/\/ironsky.pl\/sklep\/produkt\/etui-ladujace-insta360-portable-charging-case-10000mah\/","og_site_name":"IRONSKY.PL Sklep z Dronami","article_modified_time":"2026-04-15T08:52:55+00:00","og_image":[{"width":800,"height":800,"url":"https:\/\/ironsky.pl\/sklep\/wp-content\/uploads\/2026\/04\/48685_1.jpg","type":"image\/jpeg"}],"twitter_card":"summary_large_image","twitter_misc":{"Szacowany czas czytania":"1 minuta"},"schema":{"@context":"https:\/\/schema.org","@graph":[{"@type":"WebPage","@id":"https:\/\/ironsky.pl\/sklep\/produkt\/etui-ladujace-insta360-portable-charging-case-10000mah\/","url":"https:\/\/ironsky.pl\/sklep\/produkt\/etui-ladujace-insta360-portable-charging-case-10000mah\/","name":"Etui \u0142aduj\u0105ce INSTa360 Portable Charging Case 10000mAh - IRONSKY.PL Sklep z Dronami","isPartOf":{"@id":"https:\/\/ironsky.pl\/sklep\/#website"},"primaryImageOfPage":{"@id":"https:\/\/ironsky.pl\/sklep\/produkt\/etui-ladujace-insta360-portable-charging-case-10000mah\/#primaryimage"},"image":{"@id":"https:\/\/ironsky.pl\/sklep\/produkt\/etui-ladujace-insta360-portable-charging-case-10000mah\/#primaryimage"},"thumbnailUrl":"https:\/\/ironsky.pl\/sklep\/wp-content\/uploads\/2026\/04\/48685_1.jpg","datePublished":"2026-04-15T08:52:49+00:00","dateModified":"2026-04-15T08:52:55+00:00","description":"Etui \u0142aduj\u0105ce INSTa360 Portable Charging Case 10000mAh - \u2705 sklep z dronami i fachowym doradztwem. \u2705 Tutaj kupisz produkty DJI, Yuneec, Parrot, Syma i wiele innych, a tak\u017ce kursy i licencje na operatora drona.","breadcrumb":{"@id":"https:\/\/ironsky.pl\/sklep\/produkt\/etui-ladujace-insta360-portable-charging-case-10000mah\/#breadcrumb"},"inLanguage":"pl-PL","potentialAction":[{"@type":"ReadAction","target":["https:\/\/ironsky.pl\/sklep\/produkt\/etui-ladujace-insta360-portable-charging-case-10000mah\/"]}]},{"@type":"ImageObject","inLanguage":"pl-PL","@id":"https:\/\/ironsky.pl\/sklep\/produkt\/etui-ladujace-insta360-portable-charging-case-10000mah\/#primaryimage","url":"https:\/\/ironsky.pl\/sklep\/wp-content\/uploads\/2026\/04\/48685_1.jpg","contentUrl":"https:\/\/ironsky.pl\/sklep\/wp-content\/uploads\/2026\/04\/48685_1.jpg","width":800,"height":800},{"@type":"BreadcrumbList","@id":"https:\/\/ironsky.pl\/sklep\/produkt\/etui-ladujace-insta360-portable-charging-case-10000mah\/#breadcrumb","itemListElement":[{"@type":"ListItem","position":1,"name":"Strona g\u0142\u00f3wna","item":"https:\/\/ironsky.pl\/sklep\/"},{"@type":"ListItem","position":2,"name":"Wszystkie produkty","item":"https:\/\/ironsky.pl\/sklep\/produkty\/"},{"@type":"ListItem","position":3,"name":"Etui \u0142aduj\u0105ce INSTa360 Portable Charging Case 10000mAh"}]},{"@type":"WebSite","@id":"https:\/\/ironsky.pl\/sklep\/#website","url":"https:\/\/ironsky.pl\/sklep\/","name":"IRONSKY.PL Sklep z Dronami","description":"IRONSKY.PL Sklep z Dronami","potentialAction":[{"@type":"SearchAction","target":{"@type":"EntryPoint","urlTemplate":"https:\/\/ironsky.pl\/sklep\/?s={search_term_string}"},"query-input":{"@type":"PropertyValueSpecification","valueRequired":true,"valueName":"search_term_string"}}],"inLanguage":"pl-PL"}]}},"_links":{"self":[{"href":"https:\/\/ironsky.pl\/sklep\/wp-json\/wp\/v2\/product\/59873","targetHints":{"allow":["GET"]}}],"collection":[{"href":"https:\/\/ironsky.pl\/sklep\/wp-json\/wp\/v2\/product"}],"about":[{"href":"https:\/\/ironsky.pl\/sklep\/wp-json\/wp\/v2\/types\/product"}],"replies":[{"embeddable":true,"href":"https:\/\/ironsky.pl\/sklep\/wp-json\/wp\/v2\/comments?post=59873"}],"wp:featuredmedia":[{"embeddable":true,"href":"https:\/\/ironsky.pl\/sklep\/wp-json\/wp\/v2\/media\/59874"}],"wp:attachment":[{"href":"https:\/\/ironsky.pl\/sklep\/wp-json\/wp\/v2\/media?parent=59873"}],"wp:term":[{"taxonomy":"product_brand","embeddable":true,"href":"https:\/\/ironsky.pl\/sklep\/wp-json\/wp\/v2\/product_brand?post=59873"},{"taxonomy":"product_cat","embeddable":true,"href":"https:\/\/ironsky.pl\/sklep\/wp-json\/wp\/v2\/product_cat?post=59873"},{"taxonomy":"product_tag","embeddable":true,"href":"https:\/\/ironsky.pl\/sklep\/wp-json\/wp\/v2\/product_tag?post=59873"}],"curies":[{"name":"wp","href":"https:\/\/api.w.org\/{rel}","templated":true}]}}