{"id":59864,"date":"2026-04-15T10:52:20","date_gmt":"2026-04-15T08:52:20","guid":{"rendered":"https:\/\/ironsky.pl\/sklep\/produkt\/stacja-dokujaca-blitzwolf-bw-th17-9w1\/"},"modified":"2026-04-15T10:52:47","modified_gmt":"2026-04-15T08:52:47","slug":"stacja-dokujaca-blitzwolf-bw-th17-9w1","status":"publish","type":"product","link":"https:\/\/ironsky.pl\/sklep\/produkt\/stacja-dokujaca-blitzwolf-bw-th17-9w1\/","title":{"rendered":"Stacja dokuj\u0105ca BLITZWOLF BW-TH17 9w1"},"content":{"rendered":"<h3>Stacja dokuj\u0105ca 9w1 Blitzwolf BW-TH17 + 15W \u0142adowarka<\/h3>\n<p>Blitzwolf BW-TH17 to zaawansowana stacja dokuj\u0105ca, kt\u00f3ra zapewnia wszechstronno\u015b\u0107 i wygod\u0119 pracy. Oferuje porty USB 3.0, HDMI, sloty na karty SD\/TF, port RJ45 oraz bezprzewodow\u0105 \u0142adowark\u0119 Qi o mocy do 15 W. Za jej pomoc\u0105 z \u0142atwo\u015bci\u0105 zwi\u0119kszysz mo\u017cliwo\u015bci swojego komputera! Wyr\u00f3\u017cnia j\u0105 tak\u017ce trwa\u0142a, aluminiowa obudowa oraz szeroka kompatybilno\u015b\u0107.<\/p>\n<p>\n<img decoding=\"async\" src=\"https:\/\/assets.innpro.pl\/11573\/13704\/2.jpg\" border=\"0\" \/>\n<\/p>\n<h3>Szybkie przesy\u0142anie danych<\/h3>\n<p>Trzy porty USB 3.0 umo\u017cliwiaj\u0105 transfer danych z pr\u0119dko\u015bci\u0105 do 5 Gbps, co pozwala przesy\u0142a\u0107 du\u017ce pliki w zaledwie kilka sekund. Dodatkowo czytniki kart SD i TF oferuj\u0105 szybko\u015b\u0107 transferu do 480 Mbps, co u\u0142atwia zarz\u0105dzanie multimediami. Zapomnij o przestojach w pracy \u2013 Blitzwolf BW-TH17 gwarantuje wydajno\u015b\u0107, na kt\u00f3rej mo\u017cesz polega\u0107.<\/p>\n<p>\n<img decoding=\"async\" src=\"https:\/\/assets.innpro.pl\/11573\/13704\/5.jpg\" border=\"0\" \/>\n<\/p>\n<h3>Moc \u0142adowania na najwy\u017cszym poziomie<\/h3>\n<p>Dzi\u0119ki portowi USB-C oferuj\u0105cemu wsparcie dla technologii Power Delivery 3.0 stacja obs\u0142uguje moc wej\u015bciow\u0105 do 100 W, umo\u017cliwiaj\u0105c szybkie \u0142adowanie laptop\u00f3w, smartfon\u00f3w i innych urz\u0105dze\u0144 z moc\u0105 do 85 W. \u0141aduj pod\u0142\u0105czone urz\u0105dzenia, nie obawiaj\u0105c si\u0119 utraty wydajno\u015bci!<\/p>\n<p>\n<img decoding=\"async\" src=\"https:\/\/assets.innpro.pl\/11573\/13704\/6.jpg\" border=\"0\" \/>\n<\/p>\n<h3>\u0141adowanie bezprzewodowe<\/h3>\n<p>Wbudowana \u0142adowarka bezprzewodowa o mocy do 15 W pozwala na \u0142atwe i sprawne \u0142adowanie urz\u0105dze\u0144 takich jak iPhone\u2019y z serii 12\/13\/14\/15, AirPodsy czy inne kompatybilne telefony i akcesoria. Nie musisz nawet wyjmowa\u0107 smartfona z etui!<\/p>\n<p>\n<img decoding=\"async\" src=\"https:\/\/assets.innpro.pl\/11573\/13704\/3.jpg\" border=\"0\" \/>\n<\/p>\n<h3>Wy\u015bwietlanie obrazu 4K<\/h3>\n<p>Port HDMI wspiera rozdzielczo\u015b\u0107 4K@30Hz, zapewniaj\u0105c wyra\u017any, szczeg\u00f3\u0142owy obraz podczas pracy na du\u017cym ekranie, ogl\u0105dania film\u00f3w czy prowadzenia prezentacji. Ponadto tryby Mirror i Extend oferuj\u0105 elastyczno\u015b\u0107 wy\u015bwietlania, umo\u017cliwiaj\u0105c dopasowanie si\u0119 do r\u00f3\u017cnorodnych scenariuszy u\u017cytkowania.<\/p>\n<p>\n<img decoding=\"async\" src=\"https:\/\/assets.innpro.pl\/11573\/13704\/1.jpg\" border=\"0\" \/>\n<\/p>\n<h3>Stabilne po\u0142\u0105czenie sieciowe<\/h3>\n<p>Zintegrowany port RJ45 obs\u0142uguje pr\u0119dko\u015bci do 1000 Mbps, gwarantuj\u0105c niezawodne i szybkie po\u0142\u0105czenie internetowe. Dzi\u0119ki temu stacja idealnie nadaje si\u0119 do pracy zdalnej, wideokonferencji czy przesy\u0142ania du\u017cych plik\u00f3w!<\/p>\n<p>\n<img decoding=\"async\" src=\"https:\/\/assets.innpro.pl\/11573\/13704\/4.jpg\" border=\"0\" \/>\n<\/p>\n<h3>Kompatybilno\u015b\u0107, trwa\u0142o\u015b\u0107 i bezpiecze\u0144stwo<\/h3>\n<p>Stacja jest kompatybilna z systemami Windows, macOS, Linux i Vista. Co wi\u0119cej, bez problemu pod\u0142\u0105czysz j\u0105 do wi\u0119kszo\u015bci laptop\u00f3w, smartfon\u00f3w i tablet\u00f3w znanych marek. Ciesz si\u0119 efektywn\u0105 prac\u0105 i zapomnij o ograniczeniach! To jednak nie wszystko \u2013 obudowa wykonana z aluminium lotniczego jest lekka, a zarazem wytrzyma\u0142a \u2013 zapewnia stacji du\u017c\u0105 odporno\u015b\u0107 na uszkodzenia. Na uwag\u0119 zas\u0142uguje tak\u017ce inteligentny chip, kt\u00f3ry zarz\u0105dza temperatur\u0105 i chroni pod\u0142\u0105czone urz\u0105dzenia przed przegrzaniem.<\/p>\n<p>\n<img decoding=\"async\" src=\"https:\/\/assets.innpro.pl\/11573\/13704\/7.jpg\" border=\"0\" \/>\n<\/p>\n<div class=\"table-wrapper\">\n<p>\u00a0<\/p>\n<h3><\/h3>\n<table>\n<tbody>\n<tr>\n<th>Producent<\/th>\n<td>Blitzwolf<\/td>\n<\/tr>\n<tr>\n<th>Model<\/th>\n<td>BW-TH17<\/td>\n<\/tr>\n<tr>\n<th>Port wej\u015bcia<\/th>\n<td>USB-C<\/td>\n<\/tr>\n<tr>\n<th>Porty wyj\u015bcia<\/th>\n<td>USB 3.0 x3: do 5 Gbps; HDMI: 4K@30Hz; RJ45: do 1000 Mbps; SD\/TF: do 480 Mbps (nie mo\u017cna u\u017cywa\u0107 jednocze\u015bnie); USB-C PD 3.0: do 100 W<\/td>\n<\/tr>\n<tr>\n<th>\u0141adowarka bezprzewodowa<\/th>\n<td>5 \/ 7,5 \/ 10 \/ 15 W<\/td>\n<\/tr>\n<tr>\n<th>Materia\u0142 obudowy<\/th>\n<td>Aluminium<\/td>\n<\/tr>\n<tr>\n<th>Kompatybilno\u015b\u0107<\/th>\n<td>Windows, macOS, Linux<\/td>\n<\/tr>\n<tr>\n<th>Wymiary<\/th>\n<td>64,5 x 64,5 x 79,5 mm<\/td>\n<\/tr>\n<\/tbody>\n<\/table>\n<\/div>\n","protected":false},"excerpt":{"rendered":"<p>Stacja dokuj\u0105ca 9w1 Blitzwolf BW-TH17 + 15W \u0142adowarka Blitzwolf BW-TH17 to zaawansowana stacja dokuj\u0105ca, kt\u00f3ra zapewnia wszechstronno\u015b\u0107 i wygod\u0119 pracy.<\/p>\n","protected":false},"featured_media":48943,"comment_status":"closed","ping_status":"open","template":"","meta":{"_acf_changed":false},"product_brand":[],"product_cat":[5929,5934],"product_tag":[],"class_list":{"0":"post-59864","1":"product","2":"type-product","3":"status-publish","4":"has-post-thumbnail","6":"product_cat-akcesoria-it","7":"product_cat-huby","8":"pa_okres-gwarancji-5768","9":"pa_producent-blitzwolf","11":"first","12":"outofstock","13":"taxable","14":"shipping-taxable","15":"purchasable","16":"product-type-simple"},"acf":[],"yoast_head":"<!-- This site is optimized with the Yoast SEO plugin v27.2 - https:\/\/yoast.com\/product\/yoast-seo-wordpress\/ -->\n<title>Stacja dokuj\u0105ca BLITZWOLF BW-TH17 9w1 - IRONSKY.PL Sklep z Dronami<\/title>\n<meta name=\"description\" content=\"Stacja dokuj\u0105ca BLITZWOLF BW-TH17 9w1 - \u2705 sklep z dronami i fachowym doradztwem. \u2705 Tutaj kupisz produkty DJI, Yuneec, Parrot, Syma i wiele innych, a tak\u017ce kursy i licencje na operatora drona.\" \/>\n<meta name=\"robots\" content=\"index, follow, max-snippet:-1, max-image-preview:large, max-video-preview:-1\" \/>\n<link rel=\"canonical\" href=\"https:\/\/ironsky.pl\/sklep\/produkt\/stacja-dokujaca-blitzwolf-bw-th17-9w1\/\" \/>\n<meta property=\"og:locale\" content=\"pl_PL\" \/>\n<meta property=\"og:type\" content=\"article\" \/>\n<meta property=\"og:title\" content=\"Stacja dokuj\u0105ca BLITZWOLF BW-TH17 9w1 - IRONSKY.PL Sklep z Dronami\" \/>\n<meta property=\"og:description\" content=\"Stacja dokuj\u0105ca BLITZWOLF BW-TH17 9w1 - \u2705 sklep z dronami i fachowym doradztwem. \u2705 Tutaj kupisz produkty DJI, Yuneec, Parrot, Syma i wiele innych, a tak\u017ce kursy i licencje na operatora drona.\" \/>\n<meta property=\"og:url\" content=\"https:\/\/ironsky.pl\/sklep\/produkt\/stacja-dokujaca-blitzwolf-bw-th17-9w1\/\" \/>\n<meta property=\"og:site_name\" content=\"IRONSKY.PL Sklep z Dronami\" \/>\n<meta property=\"article:modified_time\" content=\"2026-04-15T08:52:47+00:00\" \/>\n<meta property=\"og:image\" content=\"https:\/\/ironsky.pl\/sklep\/wp-content\/uploads\/2025\/10\/48527_1.jpg\" \/>\n\t<meta property=\"og:image:width\" content=\"800\" \/>\n\t<meta property=\"og:image:height\" content=\"800\" \/>\n\t<meta property=\"og:image:type\" content=\"image\/jpeg\" \/>\n<meta name=\"twitter:card\" content=\"summary_large_image\" \/>\n<meta name=\"twitter:label1\" content=\"Szacowany czas czytania\" \/>\n\t<meta name=\"twitter:data1\" content=\"2 minuty\" \/>\n<script type=\"application\/ld+json\" class=\"yoast-schema-graph\">{\"@context\":\"https:\/\/schema.org\",\"@graph\":[{\"@type\":\"WebPage\",\"@id\":\"https:\/\/ironsky.pl\/sklep\/produkt\/stacja-dokujaca-blitzwolf-bw-th17-9w1\/\",\"url\":\"https:\/\/ironsky.pl\/sklep\/produkt\/stacja-dokujaca-blitzwolf-bw-th17-9w1\/\",\"name\":\"Stacja dokuj\u0105ca BLITZWOLF BW-TH17 9w1 - IRONSKY.PL Sklep z Dronami\",\"isPartOf\":{\"@id\":\"https:\/\/ironsky.pl\/sklep\/#website\"},\"primaryImageOfPage\":{\"@id\":\"https:\/\/ironsky.pl\/sklep\/produkt\/stacja-dokujaca-blitzwolf-bw-th17-9w1\/#primaryimage\"},\"image\":{\"@id\":\"https:\/\/ironsky.pl\/sklep\/produkt\/stacja-dokujaca-blitzwolf-bw-th17-9w1\/#primaryimage\"},\"thumbnailUrl\":\"https:\/\/ironsky.pl\/sklep\/wp-content\/uploads\/2025\/10\/48527_1.jpg\",\"datePublished\":\"2026-04-15T08:52:20+00:00\",\"dateModified\":\"2026-04-15T08:52:47+00:00\",\"description\":\"Stacja dokuj\u0105ca BLITZWOLF BW-TH17 9w1 - \u2705 sklep z dronami i fachowym doradztwem. \u2705 Tutaj kupisz produkty DJI, Yuneec, Parrot, Syma i wiele innych, a tak\u017ce kursy i licencje na operatora drona.\",\"breadcrumb\":{\"@id\":\"https:\/\/ironsky.pl\/sklep\/produkt\/stacja-dokujaca-blitzwolf-bw-th17-9w1\/#breadcrumb\"},\"inLanguage\":\"pl-PL\",\"potentialAction\":[{\"@type\":\"ReadAction\",\"target\":[\"https:\/\/ironsky.pl\/sklep\/produkt\/stacja-dokujaca-blitzwolf-bw-th17-9w1\/\"]}]},{\"@type\":\"ImageObject\",\"inLanguage\":\"pl-PL\",\"@id\":\"https:\/\/ironsky.pl\/sklep\/produkt\/stacja-dokujaca-blitzwolf-bw-th17-9w1\/#primaryimage\",\"url\":\"https:\/\/ironsky.pl\/sklep\/wp-content\/uploads\/2025\/10\/48527_1.jpg\",\"contentUrl\":\"https:\/\/ironsky.pl\/sklep\/wp-content\/uploads\/2025\/10\/48527_1.jpg\",\"width\":800,\"height\":800},{\"@type\":\"BreadcrumbList\",\"@id\":\"https:\/\/ironsky.pl\/sklep\/produkt\/stacja-dokujaca-blitzwolf-bw-th17-9w1\/#breadcrumb\",\"itemListElement\":[{\"@type\":\"ListItem\",\"position\":1,\"name\":\"Strona g\u0142\u00f3wna\",\"item\":\"https:\/\/ironsky.pl\/sklep\/\"},{\"@type\":\"ListItem\",\"position\":2,\"name\":\"Wszystkie produkty\",\"item\":\"https:\/\/ironsky.pl\/sklep\/produkty\/\"},{\"@type\":\"ListItem\",\"position\":3,\"name\":\"Stacja dokuj\u0105ca BLITZWOLF BW-TH17 9w1\"}]},{\"@type\":\"WebSite\",\"@id\":\"https:\/\/ironsky.pl\/sklep\/#website\",\"url\":\"https:\/\/ironsky.pl\/sklep\/\",\"name\":\"IRONSKY.PL Sklep z Dronami\",\"description\":\"IRONSKY.PL Sklep z Dronami\",\"potentialAction\":[{\"@type\":\"SearchAction\",\"target\":{\"@type\":\"EntryPoint\",\"urlTemplate\":\"https:\/\/ironsky.pl\/sklep\/?s={search_term_string}\"},\"query-input\":{\"@type\":\"PropertyValueSpecification\",\"valueRequired\":true,\"valueName\":\"search_term_string\"}}],\"inLanguage\":\"pl-PL\"}]}<\/script>\n<!-- \/ Yoast SEO plugin. -->","yoast_head_json":{"title":"Stacja dokuj\u0105ca BLITZWOLF BW-TH17 9w1 - IRONSKY.PL Sklep z Dronami","description":"Stacja dokuj\u0105ca BLITZWOLF BW-TH17 9w1 - \u2705 sklep z dronami i fachowym doradztwem. \u2705 Tutaj kupisz produkty DJI, Yuneec, Parrot, Syma i wiele innych, a tak\u017ce kursy i licencje na operatora drona.","robots":{"index":"index","follow":"follow","max-snippet":"max-snippet:-1","max-image-preview":"max-image-preview:large","max-video-preview":"max-video-preview:-1"},"canonical":"https:\/\/ironsky.pl\/sklep\/produkt\/stacja-dokujaca-blitzwolf-bw-th17-9w1\/","og_locale":"pl_PL","og_type":"article","og_title":"Stacja dokuj\u0105ca BLITZWOLF BW-TH17 9w1 - IRONSKY.PL Sklep z Dronami","og_description":"Stacja dokuj\u0105ca BLITZWOLF BW-TH17 9w1 - \u2705 sklep z dronami i fachowym doradztwem. \u2705 Tutaj kupisz produkty DJI, Yuneec, Parrot, Syma i wiele innych, a tak\u017ce kursy i licencje na operatora drona.","og_url":"https:\/\/ironsky.pl\/sklep\/produkt\/stacja-dokujaca-blitzwolf-bw-th17-9w1\/","og_site_name":"IRONSKY.PL Sklep z Dronami","article_modified_time":"2026-04-15T08:52:47+00:00","og_image":[{"width":800,"height":800,"url":"https:\/\/ironsky.pl\/sklep\/wp-content\/uploads\/2025\/10\/48527_1.jpg","type":"image\/jpeg"}],"twitter_card":"summary_large_image","twitter_misc":{"Szacowany czas czytania":"2 minuty"},"schema":{"@context":"https:\/\/schema.org","@graph":[{"@type":"WebPage","@id":"https:\/\/ironsky.pl\/sklep\/produkt\/stacja-dokujaca-blitzwolf-bw-th17-9w1\/","url":"https:\/\/ironsky.pl\/sklep\/produkt\/stacja-dokujaca-blitzwolf-bw-th17-9w1\/","name":"Stacja dokuj\u0105ca BLITZWOLF BW-TH17 9w1 - IRONSKY.PL Sklep z Dronami","isPartOf":{"@id":"https:\/\/ironsky.pl\/sklep\/#website"},"primaryImageOfPage":{"@id":"https:\/\/ironsky.pl\/sklep\/produkt\/stacja-dokujaca-blitzwolf-bw-th17-9w1\/#primaryimage"},"image":{"@id":"https:\/\/ironsky.pl\/sklep\/produkt\/stacja-dokujaca-blitzwolf-bw-th17-9w1\/#primaryimage"},"thumbnailUrl":"https:\/\/ironsky.pl\/sklep\/wp-content\/uploads\/2025\/10\/48527_1.jpg","datePublished":"2026-04-15T08:52:20+00:00","dateModified":"2026-04-15T08:52:47+00:00","description":"Stacja dokuj\u0105ca BLITZWOLF BW-TH17 9w1 - \u2705 sklep z dronami i fachowym doradztwem. \u2705 Tutaj kupisz produkty DJI, Yuneec, Parrot, Syma i wiele innych, a tak\u017ce kursy i licencje na operatora drona.","breadcrumb":{"@id":"https:\/\/ironsky.pl\/sklep\/produkt\/stacja-dokujaca-blitzwolf-bw-th17-9w1\/#breadcrumb"},"inLanguage":"pl-PL","potentialAction":[{"@type":"ReadAction","target":["https:\/\/ironsky.pl\/sklep\/produkt\/stacja-dokujaca-blitzwolf-bw-th17-9w1\/"]}]},{"@type":"ImageObject","inLanguage":"pl-PL","@id":"https:\/\/ironsky.pl\/sklep\/produkt\/stacja-dokujaca-blitzwolf-bw-th17-9w1\/#primaryimage","url":"https:\/\/ironsky.pl\/sklep\/wp-content\/uploads\/2025\/10\/48527_1.jpg","contentUrl":"https:\/\/ironsky.pl\/sklep\/wp-content\/uploads\/2025\/10\/48527_1.jpg","width":800,"height":800},{"@type":"BreadcrumbList","@id":"https:\/\/ironsky.pl\/sklep\/produkt\/stacja-dokujaca-blitzwolf-bw-th17-9w1\/#breadcrumb","itemListElement":[{"@type":"ListItem","position":1,"name":"Strona g\u0142\u00f3wna","item":"https:\/\/ironsky.pl\/sklep\/"},{"@type":"ListItem","position":2,"name":"Wszystkie produkty","item":"https:\/\/ironsky.pl\/sklep\/produkty\/"},{"@type":"ListItem","position":3,"name":"Stacja dokuj\u0105ca BLITZWOLF BW-TH17 9w1"}]},{"@type":"WebSite","@id":"https:\/\/ironsky.pl\/sklep\/#website","url":"https:\/\/ironsky.pl\/sklep\/","name":"IRONSKY.PL Sklep z Dronami","description":"IRONSKY.PL Sklep z Dronami","potentialAction":[{"@type":"SearchAction","target":{"@type":"EntryPoint","urlTemplate":"https:\/\/ironsky.pl\/sklep\/?s={search_term_string}"},"query-input":{"@type":"PropertyValueSpecification","valueRequired":true,"valueName":"search_term_string"}}],"inLanguage":"pl-PL"}]}},"_links":{"self":[{"href":"https:\/\/ironsky.pl\/sklep\/wp-json\/wp\/v2\/product\/59864","targetHints":{"allow":["GET"]}}],"collection":[{"href":"https:\/\/ironsky.pl\/sklep\/wp-json\/wp\/v2\/product"}],"about":[{"href":"https:\/\/ironsky.pl\/sklep\/wp-json\/wp\/v2\/types\/product"}],"replies":[{"embeddable":true,"href":"https:\/\/ironsky.pl\/sklep\/wp-json\/wp\/v2\/comments?post=59864"}],"wp:featuredmedia":[{"embeddable":true,"href":"https:\/\/ironsky.pl\/sklep\/wp-json\/wp\/v2\/media\/48943"}],"wp:attachment":[{"href":"https:\/\/ironsky.pl\/sklep\/wp-json\/wp\/v2\/media?parent=59864"}],"wp:term":[{"taxonomy":"product_brand","embeddable":true,"href":"https:\/\/ironsky.pl\/sklep\/wp-json\/wp\/v2\/product_brand?post=59864"},{"taxonomy":"product_cat","embeddable":true,"href":"https:\/\/ironsky.pl\/sklep\/wp-json\/wp\/v2\/product_cat?post=59864"},{"taxonomy":"product_tag","embeddable":true,"href":"https:\/\/ironsky.pl\/sklep\/wp-json\/wp\/v2\/product_tag?post=59864"}],"curies":[{"name":"wp","href":"https:\/\/api.w.org\/{rel}","templated":true}]}}