{"id":59862,"date":"2026-04-15T10:52:20","date_gmt":"2026-04-15T08:52:20","guid":{"rendered":"https:\/\/ironsky.pl\/sklep\/produkt\/plecak-na-laptopa-tomtoc-explorer-t71-156-24l-czarny\/"},"modified":"2026-04-15T10:52:44","modified_gmt":"2026-04-15T08:52:44","slug":"plecak-na-laptopa-tomtoc-explorer-t71-156-24l-czarny","status":"publish","type":"product","link":"https:\/\/ironsky.pl\/sklep\/produkt\/plecak-na-laptopa-tomtoc-explorer-t71-156-24l-czarny\/","title":{"rendered":"Plecak na laptopa TOMTOC Explorer-T71 15,6&#8243;\/24l (czarny)"},"content":{"rendered":"<h3>Podr\u00f3\u017cny plecak na laptopa Tomtoc Explorer-T71, 24l (czarny)<\/h3>\n<p>Tomtoc Explorer-T71 to solidny plecak o pojemno\u015bci 24 litr\u00f3w z wygodnym rozmieszczeniem kieszeni, u\u0142atwiaj\u0105cym organizacj\u0119 codziennych akcesori\u00f3w i niezb\u0119dnych urz\u0105dze\u0144. Wyposa\u017cony w cztery du\u017ce komory, w tym oddzieln\u0105 na laptopa, co sprawia, \u017ce jest idealnym wyborem na biznesowe podr\u00f3\u017ce lub kr\u00f3tkie wyjazdy.<\/p>\n<p>\n<img decoding=\"async\" src=\"https:\/\/assets.innpro.pl\/10817\/12766\/1.jpg\" border=\"0\" \/>\n<\/p>\n<h3>Skuteczna ochrona sprz\u0119tu<\/h3>\n<p>Przestrze\u0144 na laptopa wyposa\u017cona jest w grub\u0105, ochronn\u0105 wy\u015bci\u00f3\u0142k\u0119 z pianki EVA, zapewniaj\u0105c\u0105 amortyzacj\u0119 i zabezpieczenie urz\u0105dze\u0144 przed upadkami, zarysowaniami i wstrz\u0105sami. Natomiast zewn\u0119trzny materia\u0142 plecaka to trwa\u0142y, wodoodporny poliester, kt\u00f3ry chroni zawarto\u015b\u0107 plecaka w razie niekorzystnych warunk\u00f3w pogodowych lub przypadkowego zachlapania.<\/p>\n<p>\n<img decoding=\"async\" src=\"https:\/\/assets.innpro.pl\/10817\/12766\/2.jpg\" border=\"0\" \/>\n<\/p>\n<h3>Praktyczne kieszenie na akcesoria<\/h3>\n<p>Z przodu plecaka znajduj\u0105 si\u0119 dwie kieszenie na zamek, do kt\u00f3rych masz blyskawiczny dost\u0119p. B\u0119d\u0105 doskona\u0142e do przechowywania ma\u0142ych przedmiot\u00f3w, takich jak paszport, klucze czy telefon, tak by zawsze mie\u0107 je pod r\u0119k\u0105. Dodatkowo oddzielna kiesze\u0144 na laptop z klapk\u0105 z materia\u0142u wodoodpornego chroni urz\u0105dzenie przed przypadkowymi zalaniami.<\/p>\n<p>\n<img decoding=\"async\" src=\"https:\/\/assets.innpro.pl\/10817\/12766\/5.jpg\" border=\"0\" \/>\n<\/p>\n<h3>Pe\u0142en komfort noszenia<\/h3>\n<p>Mi\u0119kka, oddychaj\u0105ca wy\u015bci\u00f3\u0142ka na plecach oraz wyprofilowane, wy\u015bcie\u0142ane, regulowane szelki zapewniaj\u0105 komfort przez ca\u0142y dzie\u0144, nawet przy d\u0142u\u017cszym noszeniu. Plecak jest tak\u017ce wyposa\u017cony w pasek na mostek, kt\u00f3ry pomaga r\u00f3wnomiernie roz\u0142o\u017cy\u0107 ci\u0119\u017car na ramionach, oraz pasek baga\u017cowy, umo\u017cliwiaj\u0105cy przymocowanie plecaka do walizki. Z solidnymi zamkami YKK i praktyczn\u0105 przelotk\u0105 na kabel, Explorer-T71 staje si\u0119 niezast\u0105piony w codziennym u\u017cytkowaniu.<\/p>\n<p>\n<img decoding=\"async\" src=\"https:\/\/assets.innpro.pl\/10817\/12766\/7.jpg\" border=\"0\" \/>\n<\/p>\n<div class=\"table-wrapper\">\n<p>\u00a0<\/p>\n<h3><\/h3>\n<table>\n<tbody>\n<tr>\n<th>Producent<\/th>\n<td>Tomtoc<\/td>\n<\/tr>\n<tr>\n<th>Model<\/th>\n<td>Explorer-T71<\/td>\n<\/tr>\n<tr>\n<th>Pojemno\u015b\u0107 <\/th>\n<td>24 l<\/td>\n<\/tr>\n<tr>\n<th>Wymiary<\/th>\n<td>45 x 30 x 17 cm<\/td>\n<\/tr>\n<tr>\n<th>Kolor<\/th>\n<td>Czarny<\/td>\n<\/tr>\n<\/tbody>\n<\/table>\n<\/div>\n","protected":false},"excerpt":{"rendered":"<p>Podr\u00f3\u017cny plecak na laptopa Tomtoc Explorer-T71, 24l (czarny) Tomtoc Explorer-T71 to solidny plecak o pojemno\u015bci 24 litr\u00f3w z wygodnym rozmieszczeniem<\/p>\n","protected":false},"featured_media":48930,"comment_status":"closed","ping_status":"open","template":"","meta":{"_acf_changed":false},"product_brand":[],"product_cat":[5929,5955],"product_tag":[],"class_list":{"0":"post-59862","1":"product","2":"type-product","3":"status-publish","4":"has-post-thumbnail","6":"product_cat-akcesoria-it","7":"product_cat-przenoszenie","8":"pa_okres-gwarancji-5757","9":"pa_producent-tomtoc","11":"first","12":"outofstock","13":"taxable","14":"shipping-taxable","15":"purchasable","16":"product-type-simple"},"acf":[],"yoast_head":"<!-- This site is optimized with the Yoast SEO plugin v27.2 - https:\/\/yoast.com\/product\/yoast-seo-wordpress\/ -->\n<title>Plecak na laptopa TOMTOC Explorer-T71 15,6&quot;\/24l (czarny) - IRONSKY.PL Sklep z Dronami<\/title>\n<meta name=\"description\" content=\"Plecak na laptopa TOMTOC Explorer-T71 15,6&quot;\/24l (czarny) - \u2705 sklep z dronami i fachowym doradztwem. \u2705 Tutaj kupisz produkty DJI, Yuneec, Parrot, Syma i wiele innych, a tak\u017ce kursy i licencje na operatora drona.\" \/>\n<meta name=\"robots\" content=\"index, follow, max-snippet:-1, max-image-preview:large, max-video-preview:-1\" \/>\n<link rel=\"canonical\" href=\"https:\/\/ironsky.pl\/sklep\/produkt\/plecak-na-laptopa-tomtoc-explorer-t71-156-24l-czarny\/\" \/>\n<meta property=\"og:locale\" content=\"pl_PL\" \/>\n<meta property=\"og:type\" content=\"article\" \/>\n<meta property=\"og:title\" content=\"Plecak na laptopa TOMTOC Explorer-T71 15,6&quot;\/24l (czarny) - IRONSKY.PL Sklep z Dronami\" \/>\n<meta property=\"og:description\" content=\"Plecak na laptopa TOMTOC Explorer-T71 15,6&quot;\/24l (czarny) - \u2705 sklep z dronami i fachowym doradztwem. \u2705 Tutaj kupisz produkty DJI, Yuneec, Parrot, Syma i wiele innych, a tak\u017ce kursy i licencje na operatora drona.\" \/>\n<meta property=\"og:url\" content=\"https:\/\/ironsky.pl\/sklep\/produkt\/plecak-na-laptopa-tomtoc-explorer-t71-156-24l-czarny\/\" \/>\n<meta property=\"og:site_name\" content=\"IRONSKY.PL Sklep z Dronami\" \/>\n<meta property=\"article:modified_time\" content=\"2026-04-15T08:52:44+00:00\" \/>\n<meta property=\"og:image\" content=\"https:\/\/ironsky.pl\/sklep\/wp-content\/uploads\/2025\/10\/48492_1.jpg\" \/>\n\t<meta property=\"og:image:width\" content=\"800\" \/>\n\t<meta property=\"og:image:height\" content=\"800\" \/>\n\t<meta property=\"og:image:type\" content=\"image\/jpeg\" \/>\n<meta name=\"twitter:card\" content=\"summary_large_image\" \/>\n<meta name=\"twitter:label1\" content=\"Szacowany czas czytania\" \/>\n\t<meta name=\"twitter:data1\" content=\"1 minuta\" \/>\n<script type=\"application\/ld+json\" class=\"yoast-schema-graph\">{\"@context\":\"https:\/\/schema.org\",\"@graph\":[{\"@type\":\"WebPage\",\"@id\":\"https:\/\/ironsky.pl\/sklep\/produkt\/plecak-na-laptopa-tomtoc-explorer-t71-156-24l-czarny\/\",\"url\":\"https:\/\/ironsky.pl\/sklep\/produkt\/plecak-na-laptopa-tomtoc-explorer-t71-156-24l-czarny\/\",\"name\":\"Plecak na laptopa TOMTOC Explorer-T71 15,6\\\"\/24l (czarny) - IRONSKY.PL Sklep z Dronami\",\"isPartOf\":{\"@id\":\"https:\/\/ironsky.pl\/sklep\/#website\"},\"primaryImageOfPage\":{\"@id\":\"https:\/\/ironsky.pl\/sklep\/produkt\/plecak-na-laptopa-tomtoc-explorer-t71-156-24l-czarny\/#primaryimage\"},\"image\":{\"@id\":\"https:\/\/ironsky.pl\/sklep\/produkt\/plecak-na-laptopa-tomtoc-explorer-t71-156-24l-czarny\/#primaryimage\"},\"thumbnailUrl\":\"https:\/\/ironsky.pl\/sklep\/wp-content\/uploads\/2025\/10\/48492_1.jpg\",\"datePublished\":\"2026-04-15T08:52:20+00:00\",\"dateModified\":\"2026-04-15T08:52:44+00:00\",\"description\":\"Plecak na laptopa TOMTOC Explorer-T71 15,6\\\"\/24l (czarny) - \u2705 sklep z dronami i fachowym doradztwem. \u2705 Tutaj kupisz produkty DJI, Yuneec, Parrot, Syma i wiele innych, a tak\u017ce kursy i licencje na operatora drona.\",\"breadcrumb\":{\"@id\":\"https:\/\/ironsky.pl\/sklep\/produkt\/plecak-na-laptopa-tomtoc-explorer-t71-156-24l-czarny\/#breadcrumb\"},\"inLanguage\":\"pl-PL\",\"potentialAction\":[{\"@type\":\"ReadAction\",\"target\":[\"https:\/\/ironsky.pl\/sklep\/produkt\/plecak-na-laptopa-tomtoc-explorer-t71-156-24l-czarny\/\"]}]},{\"@type\":\"ImageObject\",\"inLanguage\":\"pl-PL\",\"@id\":\"https:\/\/ironsky.pl\/sklep\/produkt\/plecak-na-laptopa-tomtoc-explorer-t71-156-24l-czarny\/#primaryimage\",\"url\":\"https:\/\/ironsky.pl\/sklep\/wp-content\/uploads\/2025\/10\/48492_1.jpg\",\"contentUrl\":\"https:\/\/ironsky.pl\/sklep\/wp-content\/uploads\/2025\/10\/48492_1.jpg\",\"width\":800,\"height\":800},{\"@type\":\"BreadcrumbList\",\"@id\":\"https:\/\/ironsky.pl\/sklep\/produkt\/plecak-na-laptopa-tomtoc-explorer-t71-156-24l-czarny\/#breadcrumb\",\"itemListElement\":[{\"@type\":\"ListItem\",\"position\":1,\"name\":\"Strona g\u0142\u00f3wna\",\"item\":\"https:\/\/ironsky.pl\/sklep\/\"},{\"@type\":\"ListItem\",\"position\":2,\"name\":\"Wszystkie produkty\",\"item\":\"https:\/\/ironsky.pl\/sklep\/produkty\/\"},{\"@type\":\"ListItem\",\"position\":3,\"name\":\"Plecak na laptopa TOMTOC Explorer-T71 15,6&#8243;\/24l (czarny)\"}]},{\"@type\":\"WebSite\",\"@id\":\"https:\/\/ironsky.pl\/sklep\/#website\",\"url\":\"https:\/\/ironsky.pl\/sklep\/\",\"name\":\"IRONSKY.PL Sklep z Dronami\",\"description\":\"IRONSKY.PL Sklep z Dronami\",\"potentialAction\":[{\"@type\":\"SearchAction\",\"target\":{\"@type\":\"EntryPoint\",\"urlTemplate\":\"https:\/\/ironsky.pl\/sklep\/?s={search_term_string}\"},\"query-input\":{\"@type\":\"PropertyValueSpecification\",\"valueRequired\":true,\"valueName\":\"search_term_string\"}}],\"inLanguage\":\"pl-PL\"}]}<\/script>\n<!-- \/ Yoast SEO plugin. -->","yoast_head_json":{"title":"Plecak na laptopa TOMTOC Explorer-T71 15,6\"\/24l (czarny) - IRONSKY.PL Sklep z Dronami","description":"Plecak na laptopa TOMTOC Explorer-T71 15,6\"\/24l (czarny) - \u2705 sklep z dronami i fachowym doradztwem. \u2705 Tutaj kupisz produkty DJI, Yuneec, Parrot, Syma i wiele innych, a tak\u017ce kursy i licencje na operatora drona.","robots":{"index":"index","follow":"follow","max-snippet":"max-snippet:-1","max-image-preview":"max-image-preview:large","max-video-preview":"max-video-preview:-1"},"canonical":"https:\/\/ironsky.pl\/sklep\/produkt\/plecak-na-laptopa-tomtoc-explorer-t71-156-24l-czarny\/","og_locale":"pl_PL","og_type":"article","og_title":"Plecak na laptopa TOMTOC Explorer-T71 15,6\"\/24l (czarny) - IRONSKY.PL Sklep z Dronami","og_description":"Plecak na laptopa TOMTOC Explorer-T71 15,6\"\/24l (czarny) - \u2705 sklep z dronami i fachowym doradztwem. \u2705 Tutaj kupisz produkty DJI, Yuneec, Parrot, Syma i wiele innych, a tak\u017ce kursy i licencje na operatora drona.","og_url":"https:\/\/ironsky.pl\/sklep\/produkt\/plecak-na-laptopa-tomtoc-explorer-t71-156-24l-czarny\/","og_site_name":"IRONSKY.PL Sklep z Dronami","article_modified_time":"2026-04-15T08:52:44+00:00","og_image":[{"width":800,"height":800,"url":"https:\/\/ironsky.pl\/sklep\/wp-content\/uploads\/2025\/10\/48492_1.jpg","type":"image\/jpeg"}],"twitter_card":"summary_large_image","twitter_misc":{"Szacowany czas czytania":"1 minuta"},"schema":{"@context":"https:\/\/schema.org","@graph":[{"@type":"WebPage","@id":"https:\/\/ironsky.pl\/sklep\/produkt\/plecak-na-laptopa-tomtoc-explorer-t71-156-24l-czarny\/","url":"https:\/\/ironsky.pl\/sklep\/produkt\/plecak-na-laptopa-tomtoc-explorer-t71-156-24l-czarny\/","name":"Plecak na laptopa TOMTOC Explorer-T71 15,6\"\/24l (czarny) - IRONSKY.PL Sklep z Dronami","isPartOf":{"@id":"https:\/\/ironsky.pl\/sklep\/#website"},"primaryImageOfPage":{"@id":"https:\/\/ironsky.pl\/sklep\/produkt\/plecak-na-laptopa-tomtoc-explorer-t71-156-24l-czarny\/#primaryimage"},"image":{"@id":"https:\/\/ironsky.pl\/sklep\/produkt\/plecak-na-laptopa-tomtoc-explorer-t71-156-24l-czarny\/#primaryimage"},"thumbnailUrl":"https:\/\/ironsky.pl\/sklep\/wp-content\/uploads\/2025\/10\/48492_1.jpg","datePublished":"2026-04-15T08:52:20+00:00","dateModified":"2026-04-15T08:52:44+00:00","description":"Plecak na laptopa TOMTOC Explorer-T71 15,6\"\/24l (czarny) - \u2705 sklep z dronami i fachowym doradztwem. \u2705 Tutaj kupisz produkty DJI, Yuneec, Parrot, Syma i wiele innych, a tak\u017ce kursy i licencje na operatora drona.","breadcrumb":{"@id":"https:\/\/ironsky.pl\/sklep\/produkt\/plecak-na-laptopa-tomtoc-explorer-t71-156-24l-czarny\/#breadcrumb"},"inLanguage":"pl-PL","potentialAction":[{"@type":"ReadAction","target":["https:\/\/ironsky.pl\/sklep\/produkt\/plecak-na-laptopa-tomtoc-explorer-t71-156-24l-czarny\/"]}]},{"@type":"ImageObject","inLanguage":"pl-PL","@id":"https:\/\/ironsky.pl\/sklep\/produkt\/plecak-na-laptopa-tomtoc-explorer-t71-156-24l-czarny\/#primaryimage","url":"https:\/\/ironsky.pl\/sklep\/wp-content\/uploads\/2025\/10\/48492_1.jpg","contentUrl":"https:\/\/ironsky.pl\/sklep\/wp-content\/uploads\/2025\/10\/48492_1.jpg","width":800,"height":800},{"@type":"BreadcrumbList","@id":"https:\/\/ironsky.pl\/sklep\/produkt\/plecak-na-laptopa-tomtoc-explorer-t71-156-24l-czarny\/#breadcrumb","itemListElement":[{"@type":"ListItem","position":1,"name":"Strona g\u0142\u00f3wna","item":"https:\/\/ironsky.pl\/sklep\/"},{"@type":"ListItem","position":2,"name":"Wszystkie produkty","item":"https:\/\/ironsky.pl\/sklep\/produkty\/"},{"@type":"ListItem","position":3,"name":"Plecak na laptopa TOMTOC Explorer-T71 15,6&#8243;\/24l (czarny)"}]},{"@type":"WebSite","@id":"https:\/\/ironsky.pl\/sklep\/#website","url":"https:\/\/ironsky.pl\/sklep\/","name":"IRONSKY.PL Sklep z Dronami","description":"IRONSKY.PL Sklep z Dronami","potentialAction":[{"@type":"SearchAction","target":{"@type":"EntryPoint","urlTemplate":"https:\/\/ironsky.pl\/sklep\/?s={search_term_string}"},"query-input":{"@type":"PropertyValueSpecification","valueRequired":true,"valueName":"search_term_string"}}],"inLanguage":"pl-PL"}]}},"_links":{"self":[{"href":"https:\/\/ironsky.pl\/sklep\/wp-json\/wp\/v2\/product\/59862","targetHints":{"allow":["GET"]}}],"collection":[{"href":"https:\/\/ironsky.pl\/sklep\/wp-json\/wp\/v2\/product"}],"about":[{"href":"https:\/\/ironsky.pl\/sklep\/wp-json\/wp\/v2\/types\/product"}],"replies":[{"embeddable":true,"href":"https:\/\/ironsky.pl\/sklep\/wp-json\/wp\/v2\/comments?post=59862"}],"wp:featuredmedia":[{"embeddable":true,"href":"https:\/\/ironsky.pl\/sklep\/wp-json\/wp\/v2\/media\/48930"}],"wp:attachment":[{"href":"https:\/\/ironsky.pl\/sklep\/wp-json\/wp\/v2\/media?parent=59862"}],"wp:term":[{"taxonomy":"product_brand","embeddable":true,"href":"https:\/\/ironsky.pl\/sklep\/wp-json\/wp\/v2\/product_brand?post=59862"},{"taxonomy":"product_cat","embeddable":true,"href":"https:\/\/ironsky.pl\/sklep\/wp-json\/wp\/v2\/product_cat?post=59862"},{"taxonomy":"product_tag","embeddable":true,"href":"https:\/\/ironsky.pl\/sklep\/wp-json\/wp\/v2\/product_tag?post=59862"}],"curies":[{"name":"wp","href":"https:\/\/api.w.org\/{rel}","templated":true}]}}