{"id":59860,"date":"2026-04-15T10:52:20","date_gmt":"2026-04-15T08:52:20","guid":{"rendered":"https:\/\/ironsky.pl\/sklep\/produkt\/kabel-baseus-free2pull-usb-c-usb-c-100w-bialy\/"},"modified":"2026-04-15T10:52:42","modified_gmt":"2026-04-15T08:52:42","slug":"kabel-baseus-free2pull-usb-c-usb-c-100w-bialy","status":"publish","type":"product","link":"https:\/\/ironsky.pl\/sklep\/produkt\/kabel-baseus-free2pull-usb-c-usb-c-100w-bialy\/","title":{"rendered":"Kabel BASEUS Free2Pull USB-C-USB-C 100W (bia\u0142y)"},"content":{"rendered":"<h3>Baseus kabel \u0142adowania USB-C do USB-C 100W (bia\u0142y) Edycja Bayern<\/h3>\n<p>Kabel Baseus Free2Pull USB-C do USB\u2013C oferuje mo\u017cliwo\u015b\u0107 regulacji d\u0142ugo\u015bci w czterech zakresach: 35 cm, 60 cm, 83 cm oraz 100 cm. Dzi\u0119ki wbudowanemu mechanizmowi dzia\u0142a p\u0142ynnie i niezawodnie, dostosowuj\u0105c si\u0119 do Twoich potrzeb. Jest przy tym bardzo lekki, a po zwini\u0119ciu zajmuje niewiele miejsca, co pozwala na wygodne przenoszenie. Produkt jest kompatybilny z wi\u0119kszo\u015bci\u0105 urz\u0105dze\u0144 wyposa\u017conych w port USB-C. Dodatkowo logo Bayernu Monachium nadaje mu sportowego charakteru, co z pewno\u015bci\u0105 doceni ka\u017cdy fan tego legendarnego klubu.<\/p>\n<p>\n<img decoding=\"async\" src=\"https:\/\/assets.innpro.pl\/11001\/12959\/1.jpg\" border=\"0\" \/>\n<\/p>\n<h3>Szybkie i bezpieczne \u0142adowanie<\/h3>\n<p>Dzi\u0119ki mocy 100 W kabel Baseus Free2Pull pozwala na b\u0142yskawiczne na\u0142adowanie Twojego telefonu. Zapomnij o d\u0142ugim oczekiwaniu! Co wi\u0119cej, stabilne napi\u0119cie i zabezpieczenia przed nadmiernym nagrzewaniem zapewni\u0105 Twojemu urz\u0105dzeniu bezpiecze\u0144stwo. Teraz mo\u017cesz na\u0142adowa\u0107 sw\u00f3j sprz\u0119t szybko i bez obaw o jego uszkodzenie!<\/p>\n<p>\n<img decoding=\"async\" src=\"https:\/\/assets.innpro.pl\/11001\/12959\/2.jpg\" border=\"0\" \/>\n<\/p>\n<h3>Elegancki design i funkcjonalno\u015b\u0107<\/h3>\n<p>Elegancki i nowoczesny design sprawia, \u017ce kabel Baseus Free2Pull prezentuje si\u0119 naprawd\u0119 stylowo. Z pewno\u015bci\u0105 przypadnie do gustu osobom, kt\u00f3re ceni\u0105 sobie nie tylko funkcjonalno\u015b\u0107, ale te\u017c estetyk\u0119. Co wi\u0119cej, dzi\u0119ki mo\u017cliwo\u015bci wygodnej regulacji d\u0142ugo\u015bci przewodu mo\u017cesz komfortowo korzysta\u0107 z niego w r\u00f3\u017cnych sytuacjach.<\/p>\n<p>\n<img decoding=\"async\" src=\"https:\/\/assets.innpro.pl\/11001\/12959\/3.jpg\" border=\"0\" \/>\n<\/p>\n<div class=\"table-wrapper\">\n<p>\u00a0<\/p>\n<h3><\/h3>\n<table>\n<tbody>\n<tr>\n<th>Producent <\/th>\n<td>Baseus<\/td>\n<\/tr>\n<tr>\n<th>Model <\/th>\n<td>P10364500213-Z2<\/td>\n<\/tr>\n<tr>\n<th>Kolor <\/th>\n<td>Bia\u0142y<\/td>\n<\/tr>\n<tr>\n<th>D\u0142ugo\u015b\u0107 <\/th>\n<td>100 cm<\/td>\n<\/tr>\n<tr>\n<th>Waga <\/th>\n<td>50 g<\/td>\n<\/tr>\n<tr>\n<th>Moc <\/th>\n<td>100 W<\/td>\n<\/tr>\n<tr>\n<th>Wej\u015bcie <\/th>\n<td>USB-C<\/td>\n<\/tr>\n<tr>\n<th>Wyj\u015bcie <\/th>\n<td>USB-C<\/td>\n<\/tr>\n<\/tbody>\n<\/table>\n<\/div>\n","protected":false},"excerpt":{"rendered":"<p>Baseus kabel \u0142adowania USB-C do USB-C 100W (bia\u0142y) Edycja Bayern Kabel Baseus Free2Pull USB-C do USB\u2013C oferuje mo\u017cliwo\u015b\u0107 regulacji d\u0142ugo\u015bci<\/p>\n","protected":false},"featured_media":46373,"comment_status":"closed","ping_status":"open","template":"","meta":{"_acf_changed":false},"product_brand":[],"product_cat":[5929,5931,5932],"product_tag":[],"class_list":{"0":"post-59860","1":"product","2":"type-product","3":"status-publish","4":"has-post-thumbnail","6":"product_cat-akcesoria-it","7":"product_cat-kable","8":"product_cat-usb","9":"pa_okres-gwarancji-5754","10":"pa_producent-baseus","12":"first","13":"outofstock","14":"taxable","15":"shipping-taxable","16":"purchasable","17":"product-type-simple"},"acf":[],"yoast_head":"<!-- This site is optimized with the Yoast SEO plugin v27.2 - https:\/\/yoast.com\/product\/yoast-seo-wordpress\/ -->\n<title>Kabel BASEUS Free2Pull USB-C-USB-C 100W (bia\u0142y) - IRONSKY.PL Sklep z Dronami<\/title>\n<meta name=\"description\" content=\"Kabel BASEUS Free2Pull USB-C-USB-C 100W (bia\u0142y) - \u2705 sklep z dronami i fachowym doradztwem. \u2705 Tutaj kupisz produkty DJI, Yuneec, Parrot, Syma i wiele innych, a tak\u017ce kursy i licencje na operatora drona.\" \/>\n<meta name=\"robots\" content=\"index, follow, max-snippet:-1, max-image-preview:large, max-video-preview:-1\" \/>\n<link rel=\"canonical\" href=\"https:\/\/ironsky.pl\/sklep\/produkt\/kabel-baseus-free2pull-usb-c-usb-c-100w-bialy\/\" \/>\n<meta property=\"og:locale\" content=\"pl_PL\" \/>\n<meta property=\"og:type\" content=\"article\" \/>\n<meta property=\"og:title\" content=\"Kabel BASEUS Free2Pull USB-C-USB-C 100W (bia\u0142y) - IRONSKY.PL Sklep z Dronami\" \/>\n<meta property=\"og:description\" content=\"Kabel BASEUS Free2Pull USB-C-USB-C 100W (bia\u0142y) - \u2705 sklep z dronami i fachowym doradztwem. \u2705 Tutaj kupisz produkty DJI, Yuneec, Parrot, Syma i wiele innych, a tak\u017ce kursy i licencje na operatora drona.\" \/>\n<meta property=\"og:url\" content=\"https:\/\/ironsky.pl\/sklep\/produkt\/kabel-baseus-free2pull-usb-c-usb-c-100w-bialy\/\" \/>\n<meta property=\"og:site_name\" content=\"IRONSKY.PL Sklep z Dronami\" \/>\n<meta property=\"article:modified_time\" content=\"2026-04-15T08:52:42+00:00\" \/>\n<meta property=\"og:image\" content=\"https:\/\/ironsky.pl\/sklep\/wp-content\/uploads\/2025\/06\/48459_1.jpg\" \/>\n\t<meta property=\"og:image:width\" content=\"800\" \/>\n\t<meta property=\"og:image:height\" content=\"800\" \/>\n\t<meta property=\"og:image:type\" content=\"image\/jpeg\" \/>\n<meta name=\"twitter:card\" content=\"summary_large_image\" \/>\n<meta name=\"twitter:label1\" content=\"Szacowany czas czytania\" \/>\n\t<meta name=\"twitter:data1\" content=\"1 minuta\" \/>\n<script type=\"application\/ld+json\" class=\"yoast-schema-graph\">{\"@context\":\"https:\/\/schema.org\",\"@graph\":[{\"@type\":\"WebPage\",\"@id\":\"https:\/\/ironsky.pl\/sklep\/produkt\/kabel-baseus-free2pull-usb-c-usb-c-100w-bialy\/\",\"url\":\"https:\/\/ironsky.pl\/sklep\/produkt\/kabel-baseus-free2pull-usb-c-usb-c-100w-bialy\/\",\"name\":\"Kabel BASEUS Free2Pull USB-C-USB-C 100W (bia\u0142y) - IRONSKY.PL Sklep z Dronami\",\"isPartOf\":{\"@id\":\"https:\/\/ironsky.pl\/sklep\/#website\"},\"primaryImageOfPage\":{\"@id\":\"https:\/\/ironsky.pl\/sklep\/produkt\/kabel-baseus-free2pull-usb-c-usb-c-100w-bialy\/#primaryimage\"},\"image\":{\"@id\":\"https:\/\/ironsky.pl\/sklep\/produkt\/kabel-baseus-free2pull-usb-c-usb-c-100w-bialy\/#primaryimage\"},\"thumbnailUrl\":\"https:\/\/ironsky.pl\/sklep\/wp-content\/uploads\/2025\/06\/48459_1.jpg\",\"datePublished\":\"2026-04-15T08:52:20+00:00\",\"dateModified\":\"2026-04-15T08:52:42+00:00\",\"description\":\"Kabel BASEUS Free2Pull USB-C-USB-C 100W (bia\u0142y) - \u2705 sklep z dronami i fachowym doradztwem. \u2705 Tutaj kupisz produkty DJI, Yuneec, Parrot, Syma i wiele innych, a tak\u017ce kursy i licencje na operatora drona.\",\"breadcrumb\":{\"@id\":\"https:\/\/ironsky.pl\/sklep\/produkt\/kabel-baseus-free2pull-usb-c-usb-c-100w-bialy\/#breadcrumb\"},\"inLanguage\":\"pl-PL\",\"potentialAction\":[{\"@type\":\"ReadAction\",\"target\":[\"https:\/\/ironsky.pl\/sklep\/produkt\/kabel-baseus-free2pull-usb-c-usb-c-100w-bialy\/\"]}]},{\"@type\":\"ImageObject\",\"inLanguage\":\"pl-PL\",\"@id\":\"https:\/\/ironsky.pl\/sklep\/produkt\/kabel-baseus-free2pull-usb-c-usb-c-100w-bialy\/#primaryimage\",\"url\":\"https:\/\/ironsky.pl\/sklep\/wp-content\/uploads\/2025\/06\/48459_1.jpg\",\"contentUrl\":\"https:\/\/ironsky.pl\/sklep\/wp-content\/uploads\/2025\/06\/48459_1.jpg\",\"width\":800,\"height\":800},{\"@type\":\"BreadcrumbList\",\"@id\":\"https:\/\/ironsky.pl\/sklep\/produkt\/kabel-baseus-free2pull-usb-c-usb-c-100w-bialy\/#breadcrumb\",\"itemListElement\":[{\"@type\":\"ListItem\",\"position\":1,\"name\":\"Strona g\u0142\u00f3wna\",\"item\":\"https:\/\/ironsky.pl\/sklep\/\"},{\"@type\":\"ListItem\",\"position\":2,\"name\":\"Wszystkie produkty\",\"item\":\"https:\/\/ironsky.pl\/sklep\/produkty\/\"},{\"@type\":\"ListItem\",\"position\":3,\"name\":\"Kabel BASEUS Free2Pull USB-C-USB-C 100W (bia\u0142y)\"}]},{\"@type\":\"WebSite\",\"@id\":\"https:\/\/ironsky.pl\/sklep\/#website\",\"url\":\"https:\/\/ironsky.pl\/sklep\/\",\"name\":\"IRONSKY.PL Sklep z Dronami\",\"description\":\"IRONSKY.PL Sklep z Dronami\",\"potentialAction\":[{\"@type\":\"SearchAction\",\"target\":{\"@type\":\"EntryPoint\",\"urlTemplate\":\"https:\/\/ironsky.pl\/sklep\/?s={search_term_string}\"},\"query-input\":{\"@type\":\"PropertyValueSpecification\",\"valueRequired\":true,\"valueName\":\"search_term_string\"}}],\"inLanguage\":\"pl-PL\"}]}<\/script>\n<!-- \/ Yoast SEO plugin. -->","yoast_head_json":{"title":"Kabel BASEUS Free2Pull USB-C-USB-C 100W (bia\u0142y) - IRONSKY.PL Sklep z Dronami","description":"Kabel BASEUS Free2Pull USB-C-USB-C 100W (bia\u0142y) - \u2705 sklep z dronami i fachowym doradztwem. \u2705 Tutaj kupisz produkty DJI, Yuneec, Parrot, Syma i wiele innych, a tak\u017ce kursy i licencje na operatora drona.","robots":{"index":"index","follow":"follow","max-snippet":"max-snippet:-1","max-image-preview":"max-image-preview:large","max-video-preview":"max-video-preview:-1"},"canonical":"https:\/\/ironsky.pl\/sklep\/produkt\/kabel-baseus-free2pull-usb-c-usb-c-100w-bialy\/","og_locale":"pl_PL","og_type":"article","og_title":"Kabel BASEUS Free2Pull USB-C-USB-C 100W (bia\u0142y) - IRONSKY.PL Sklep z Dronami","og_description":"Kabel BASEUS Free2Pull USB-C-USB-C 100W (bia\u0142y) - \u2705 sklep z dronami i fachowym doradztwem. \u2705 Tutaj kupisz produkty DJI, Yuneec, Parrot, Syma i wiele innych, a tak\u017ce kursy i licencje na operatora drona.","og_url":"https:\/\/ironsky.pl\/sklep\/produkt\/kabel-baseus-free2pull-usb-c-usb-c-100w-bialy\/","og_site_name":"IRONSKY.PL Sklep z Dronami","article_modified_time":"2026-04-15T08:52:42+00:00","og_image":[{"width":800,"height":800,"url":"https:\/\/ironsky.pl\/sklep\/wp-content\/uploads\/2025\/06\/48459_1.jpg","type":"image\/jpeg"}],"twitter_card":"summary_large_image","twitter_misc":{"Szacowany czas czytania":"1 minuta"},"schema":{"@context":"https:\/\/schema.org","@graph":[{"@type":"WebPage","@id":"https:\/\/ironsky.pl\/sklep\/produkt\/kabel-baseus-free2pull-usb-c-usb-c-100w-bialy\/","url":"https:\/\/ironsky.pl\/sklep\/produkt\/kabel-baseus-free2pull-usb-c-usb-c-100w-bialy\/","name":"Kabel BASEUS Free2Pull USB-C-USB-C 100W (bia\u0142y) - IRONSKY.PL Sklep z Dronami","isPartOf":{"@id":"https:\/\/ironsky.pl\/sklep\/#website"},"primaryImageOfPage":{"@id":"https:\/\/ironsky.pl\/sklep\/produkt\/kabel-baseus-free2pull-usb-c-usb-c-100w-bialy\/#primaryimage"},"image":{"@id":"https:\/\/ironsky.pl\/sklep\/produkt\/kabel-baseus-free2pull-usb-c-usb-c-100w-bialy\/#primaryimage"},"thumbnailUrl":"https:\/\/ironsky.pl\/sklep\/wp-content\/uploads\/2025\/06\/48459_1.jpg","datePublished":"2026-04-15T08:52:20+00:00","dateModified":"2026-04-15T08:52:42+00:00","description":"Kabel BASEUS Free2Pull USB-C-USB-C 100W (bia\u0142y) - \u2705 sklep z dronami i fachowym doradztwem. \u2705 Tutaj kupisz produkty DJI, Yuneec, Parrot, Syma i wiele innych, a tak\u017ce kursy i licencje na operatora drona.","breadcrumb":{"@id":"https:\/\/ironsky.pl\/sklep\/produkt\/kabel-baseus-free2pull-usb-c-usb-c-100w-bialy\/#breadcrumb"},"inLanguage":"pl-PL","potentialAction":[{"@type":"ReadAction","target":["https:\/\/ironsky.pl\/sklep\/produkt\/kabel-baseus-free2pull-usb-c-usb-c-100w-bialy\/"]}]},{"@type":"ImageObject","inLanguage":"pl-PL","@id":"https:\/\/ironsky.pl\/sklep\/produkt\/kabel-baseus-free2pull-usb-c-usb-c-100w-bialy\/#primaryimage","url":"https:\/\/ironsky.pl\/sklep\/wp-content\/uploads\/2025\/06\/48459_1.jpg","contentUrl":"https:\/\/ironsky.pl\/sklep\/wp-content\/uploads\/2025\/06\/48459_1.jpg","width":800,"height":800},{"@type":"BreadcrumbList","@id":"https:\/\/ironsky.pl\/sklep\/produkt\/kabel-baseus-free2pull-usb-c-usb-c-100w-bialy\/#breadcrumb","itemListElement":[{"@type":"ListItem","position":1,"name":"Strona g\u0142\u00f3wna","item":"https:\/\/ironsky.pl\/sklep\/"},{"@type":"ListItem","position":2,"name":"Wszystkie produkty","item":"https:\/\/ironsky.pl\/sklep\/produkty\/"},{"@type":"ListItem","position":3,"name":"Kabel BASEUS Free2Pull USB-C-USB-C 100W (bia\u0142y)"}]},{"@type":"WebSite","@id":"https:\/\/ironsky.pl\/sklep\/#website","url":"https:\/\/ironsky.pl\/sklep\/","name":"IRONSKY.PL Sklep z Dronami","description":"IRONSKY.PL Sklep z Dronami","potentialAction":[{"@type":"SearchAction","target":{"@type":"EntryPoint","urlTemplate":"https:\/\/ironsky.pl\/sklep\/?s={search_term_string}"},"query-input":{"@type":"PropertyValueSpecification","valueRequired":true,"valueName":"search_term_string"}}],"inLanguage":"pl-PL"}]}},"_links":{"self":[{"href":"https:\/\/ironsky.pl\/sklep\/wp-json\/wp\/v2\/product\/59860","targetHints":{"allow":["GET"]}}],"collection":[{"href":"https:\/\/ironsky.pl\/sklep\/wp-json\/wp\/v2\/product"}],"about":[{"href":"https:\/\/ironsky.pl\/sklep\/wp-json\/wp\/v2\/types\/product"}],"replies":[{"embeddable":true,"href":"https:\/\/ironsky.pl\/sklep\/wp-json\/wp\/v2\/comments?post=59860"}],"wp:featuredmedia":[{"embeddable":true,"href":"https:\/\/ironsky.pl\/sklep\/wp-json\/wp\/v2\/media\/46373"}],"wp:attachment":[{"href":"https:\/\/ironsky.pl\/sklep\/wp-json\/wp\/v2\/media?parent=59860"}],"wp:term":[{"taxonomy":"product_brand","embeddable":true,"href":"https:\/\/ironsky.pl\/sklep\/wp-json\/wp\/v2\/product_brand?post=59860"},{"taxonomy":"product_cat","embeddable":true,"href":"https:\/\/ironsky.pl\/sklep\/wp-json\/wp\/v2\/product_cat?post=59860"},{"taxonomy":"product_tag","embeddable":true,"href":"https:\/\/ironsky.pl\/sklep\/wp-json\/wp\/v2\/product_tag?post=59860"}],"curies":[{"name":"wp","href":"https:\/\/api.w.org\/{rel}","templated":true}]}}