{"id":59859,"date":"2026-04-15T10:52:20","date_gmt":"2026-04-15T08:52:20","guid":{"rendered":"https:\/\/ironsky.pl\/sklep\/produkt\/bateria-ecoflow-delta-3-1kwh\/"},"modified":"2026-04-15T10:52:40","modified_gmt":"2026-04-15T08:52:40","slug":"bateria-ecoflow-delta-3-1kwh","status":"publish","type":"product","link":"https:\/\/ironsky.pl\/sklep\/produkt\/bateria-ecoflow-delta-3-1kwh\/","title":{"rendered":"Bateria ECOFLOW DELTA 3 1kWh"},"content":{"rendered":"<h3>Bateria do EcoFlow DELTA 3\u00a0<\/h3>\n<p>Zwi\u0119ksz mo\u017cliwo\u015bci swojej przeno\u015bnej stacji zasilania EcoFlow DELTA 3, DELTA 3 Plus lub DELTA 3 1500. Dodatkowy akumulator pozwoli Ci rozszerzy\u0107 ich pojemno\u015b\u0107 o 1 kWh, dzi\u0119ki czemu b\u0119dziesz w stanie zasila\u0107 wybrane urz\u0105dzenia przez jeszcze d\u0142u\u017cszy czas! Jego transport nie sprawi Ci \u017cadnego problemu \u2013 dzi\u0119ki wadze oko\u0142o 10 kg i niewielkiej konstrukcji z \u0142atwo\u015bci\u0105 przeniesiesz go w dowolne miejsce. Mo\u017cesz te\u017c wygodnie zarz\u0105dza\u0107 jego prac\u0105 z poziomu aplikacji EcoFlow.<\/p>\n<p>\n<img decoding=\"async\" src=\"https:\/\/assets.innpro.pl\/11101\/13092\/4.jpg\" border=\"0\" \/>\n<\/p>\n<h3>Du\u017ca pojemno\u015b\u0107<\/h3>\n<p>Korzystaj\u0105c z dodatkowego akumulatora, z \u0142atwo\u015bci\u0105 rozszerzysz pojemno\u015b\u0107 swojej przeno\u015bnej stacji EcoFlow o 1 kWh. Dzi\u0119ki temu mo\u017cesz jeszcze d\u0142u\u017cej zasila\u0107 niezb\u0119dne urz\u0105dzenia, takie jak na przyk\u0142ad lod\u00f3wka, aparat CPAP czy komputer. Ju\u017c nie musisz si\u0119 martwi\u0107, \u017ce zbyt szybko odm\u00f3wi\u0105 Ci pos\u0142usze\u0144stwa!<\/p>\n<p>\n<img decoding=\"async\" src=\"https:\/\/assets.innpro.pl\/11101\/13092\/1.jpg\" border=\"0\" \/>\n<\/p>\n<h3>Niewielki i przeno\u015bny<\/h3>\n<p>Planujesz kilkudniowy pobyt na kempingu? Zabierz akumulator ze sob\u0105 i miej pewno\u015b\u0107, \u017ce Twoim urz\u0105dzeniom nie zabraknie energii do dzia\u0142ania! Jego waga wynosi tylko oko\u0142o 10 kg, a wymiary to 398 x 200 x 198 mm. Mo\u017cesz wi\u0119c bez trudu przenosi\u0107 go mi\u0119dzy r\u00f3\u017cnymi miejscami lub schowa\u0107 do baga\u017cnika samochodu. Nie zajmie zbyt wiele cennej przestrzeni!<\/p>\n<p>\n<img decoding=\"async\" src=\"https:\/\/assets.innpro.pl\/11101\/13092\/2.jpg\" border=\"0\" \/>\n<\/p>\n<div class=\"table-wrapper\">\n<p>\u00a0<\/p>\n<h3><\/h3>\n<table>\n<tbody>\n<tr>\n<th>Producent<\/th>\n<td>EcoFlow<\/td>\n<\/tr>\n<tr>\n<th>Model<\/th>\n<td>EFDELTA3P-EB<\/td>\n<\/tr>\n<tr>\n<th>Pojemno\u015b\u0107<\/th>\n<td>1024 Wh<\/td>\n<\/tr>\n<tr>\n<th>Waga<\/th>\n<td>\u2264 10 kg<\/td>\n<\/tr>\n<tr>\n<th>Wymiary<\/th>\n<td>398 x 200 x 198 mm<\/td>\n<\/tr>\n<tr>\n<th>Aplikacja<\/th>\n<td>Tak<\/td>\n<\/tr>\n<tr>\n<th>Kompatybilno\u015b\u0107<\/th>\n<td>EcoFlow DELTA 3, EcoFlow DELTA 3 Plus, EcoFlow DELTA 3 1500<\/td>\n<\/tr>\n<\/tbody>\n<\/table>\n<\/div>\n","protected":false},"excerpt":{"rendered":"<p>Bateria do EcoFlow DELTA 3\u00a0 Zwi\u0119ksz mo\u017cliwo\u015bci swojej przeno\u015bnej stacji zasilania EcoFlow DELTA 3, DELTA 3 Plus lub DELTA 3<\/p>\n","protected":false},"featured_media":39479,"comment_status":"closed","ping_status":"open","template":"","meta":{"_acf_changed":false},"product_brand":[],"product_cat":[6196,1108,1111],"product_tag":[],"class_list":{"0":"post-59859","1":"product","2":"type-product","3":"status-publish","4":"has-post-thumbnail","6":"product_cat-akcesoria-stacje-zasilania","7":"product_cat-energia","8":"product_cat-stacje-zasilania","9":"pa_60-m-5771","10":"pa_producent-ecoflow","12":"first","13":"outofstock","14":"taxable","15":"shipping-taxable","16":"purchasable","17":"product-type-simple"},"acf":[],"yoast_head":"<!-- This site is optimized with the Yoast SEO plugin v27.2 - https:\/\/yoast.com\/product\/yoast-seo-wordpress\/ -->\n<title>Bateria ECOFLOW DELTA 3 1kWh - IRONSKY.PL Sklep z Dronami<\/title>\n<meta name=\"description\" content=\"Bateria ECOFLOW DELTA 3 1kWh - \u2705 sklep z dronami i fachowym doradztwem. \u2705 Tutaj kupisz produkty DJI, Yuneec, Parrot, Syma i wiele innych, a tak\u017ce kursy i licencje na operatora drona.\" \/>\n<meta name=\"robots\" content=\"index, follow, max-snippet:-1, max-image-preview:large, max-video-preview:-1\" \/>\n<link rel=\"canonical\" href=\"https:\/\/ironsky.pl\/sklep\/produkt\/bateria-ecoflow-delta-3-1kwh\/\" \/>\n<meta property=\"og:locale\" content=\"pl_PL\" \/>\n<meta property=\"og:type\" content=\"article\" \/>\n<meta property=\"og:title\" content=\"Bateria ECOFLOW DELTA 3 1kWh - IRONSKY.PL Sklep z Dronami\" \/>\n<meta property=\"og:description\" content=\"Bateria ECOFLOW DELTA 3 1kWh - \u2705 sklep z dronami i fachowym doradztwem. \u2705 Tutaj kupisz produkty DJI, Yuneec, Parrot, Syma i wiele innych, a tak\u017ce kursy i licencje na operatora drona.\" \/>\n<meta property=\"og:url\" content=\"https:\/\/ironsky.pl\/sklep\/produkt\/bateria-ecoflow-delta-3-1kwh\/\" \/>\n<meta property=\"og:site_name\" content=\"IRONSKY.PL Sklep z Dronami\" \/>\n<meta property=\"article:modified_time\" content=\"2026-04-15T08:52:40+00:00\" \/>\n<meta property=\"og:image\" content=\"https:\/\/ironsky.pl\/sklep\/wp-content\/uploads\/2025\/04\/48412_3.webp\" \/>\n\t<meta property=\"og:image:width\" content=\"800\" \/>\n\t<meta property=\"og:image:height\" content=\"800\" \/>\n\t<meta property=\"og:image:type\" content=\"image\/webp\" \/>\n<meta name=\"twitter:card\" content=\"summary_large_image\" \/>\n<meta name=\"twitter:label1\" content=\"Szacowany czas czytania\" \/>\n\t<meta name=\"twitter:data1\" content=\"1 minuta\" \/>\n<script type=\"application\/ld+json\" class=\"yoast-schema-graph\">{\"@context\":\"https:\/\/schema.org\",\"@graph\":[{\"@type\":\"WebPage\",\"@id\":\"https:\/\/ironsky.pl\/sklep\/produkt\/bateria-ecoflow-delta-3-1kwh\/\",\"url\":\"https:\/\/ironsky.pl\/sklep\/produkt\/bateria-ecoflow-delta-3-1kwh\/\",\"name\":\"Bateria ECOFLOW DELTA 3 1kWh - IRONSKY.PL Sklep z Dronami\",\"isPartOf\":{\"@id\":\"https:\/\/ironsky.pl\/sklep\/#website\"},\"primaryImageOfPage\":{\"@id\":\"https:\/\/ironsky.pl\/sklep\/produkt\/bateria-ecoflow-delta-3-1kwh\/#primaryimage\"},\"image\":{\"@id\":\"https:\/\/ironsky.pl\/sklep\/produkt\/bateria-ecoflow-delta-3-1kwh\/#primaryimage\"},\"thumbnailUrl\":\"https:\/\/ironsky.pl\/sklep\/wp-content\/uploads\/2025\/04\/48412_3.webp\",\"datePublished\":\"2026-04-15T08:52:20+00:00\",\"dateModified\":\"2026-04-15T08:52:40+00:00\",\"description\":\"Bateria ECOFLOW DELTA 3 1kWh - \u2705 sklep z dronami i fachowym doradztwem. \u2705 Tutaj kupisz produkty DJI, Yuneec, Parrot, Syma i wiele innych, a tak\u017ce kursy i licencje na operatora drona.\",\"breadcrumb\":{\"@id\":\"https:\/\/ironsky.pl\/sklep\/produkt\/bateria-ecoflow-delta-3-1kwh\/#breadcrumb\"},\"inLanguage\":\"pl-PL\",\"potentialAction\":[{\"@type\":\"ReadAction\",\"target\":[\"https:\/\/ironsky.pl\/sklep\/produkt\/bateria-ecoflow-delta-3-1kwh\/\"]}]},{\"@type\":\"ImageObject\",\"inLanguage\":\"pl-PL\",\"@id\":\"https:\/\/ironsky.pl\/sklep\/produkt\/bateria-ecoflow-delta-3-1kwh\/#primaryimage\",\"url\":\"https:\/\/ironsky.pl\/sklep\/wp-content\/uploads\/2025\/04\/48412_3.webp\",\"contentUrl\":\"https:\/\/ironsky.pl\/sklep\/wp-content\/uploads\/2025\/04\/48412_3.webp\",\"width\":800,\"height\":800},{\"@type\":\"BreadcrumbList\",\"@id\":\"https:\/\/ironsky.pl\/sklep\/produkt\/bateria-ecoflow-delta-3-1kwh\/#breadcrumb\",\"itemListElement\":[{\"@type\":\"ListItem\",\"position\":1,\"name\":\"Strona g\u0142\u00f3wna\",\"item\":\"https:\/\/ironsky.pl\/sklep\/\"},{\"@type\":\"ListItem\",\"position\":2,\"name\":\"Wszystkie produkty\",\"item\":\"https:\/\/ironsky.pl\/sklep\/produkty\/\"},{\"@type\":\"ListItem\",\"position\":3,\"name\":\"Bateria ECOFLOW DELTA 3 1kWh\"}]},{\"@type\":\"WebSite\",\"@id\":\"https:\/\/ironsky.pl\/sklep\/#website\",\"url\":\"https:\/\/ironsky.pl\/sklep\/\",\"name\":\"IRONSKY.PL Sklep z Dronami\",\"description\":\"IRONSKY.PL Sklep z Dronami\",\"potentialAction\":[{\"@type\":\"SearchAction\",\"target\":{\"@type\":\"EntryPoint\",\"urlTemplate\":\"https:\/\/ironsky.pl\/sklep\/?s={search_term_string}\"},\"query-input\":{\"@type\":\"PropertyValueSpecification\",\"valueRequired\":true,\"valueName\":\"search_term_string\"}}],\"inLanguage\":\"pl-PL\"}]}<\/script>\n<!-- \/ Yoast SEO plugin. -->","yoast_head_json":{"title":"Bateria ECOFLOW DELTA 3 1kWh - IRONSKY.PL Sklep z Dronami","description":"Bateria ECOFLOW DELTA 3 1kWh - \u2705 sklep z dronami i fachowym doradztwem. \u2705 Tutaj kupisz produkty DJI, Yuneec, Parrot, Syma i wiele innych, a tak\u017ce kursy i licencje na operatora drona.","robots":{"index":"index","follow":"follow","max-snippet":"max-snippet:-1","max-image-preview":"max-image-preview:large","max-video-preview":"max-video-preview:-1"},"canonical":"https:\/\/ironsky.pl\/sklep\/produkt\/bateria-ecoflow-delta-3-1kwh\/","og_locale":"pl_PL","og_type":"article","og_title":"Bateria ECOFLOW DELTA 3 1kWh - IRONSKY.PL Sklep z Dronami","og_description":"Bateria ECOFLOW DELTA 3 1kWh - \u2705 sklep z dronami i fachowym doradztwem. \u2705 Tutaj kupisz produkty DJI, Yuneec, Parrot, Syma i wiele innych, a tak\u017ce kursy i licencje na operatora drona.","og_url":"https:\/\/ironsky.pl\/sklep\/produkt\/bateria-ecoflow-delta-3-1kwh\/","og_site_name":"IRONSKY.PL Sklep z Dronami","article_modified_time":"2026-04-15T08:52:40+00:00","og_image":[{"width":800,"height":800,"url":"https:\/\/ironsky.pl\/sklep\/wp-content\/uploads\/2025\/04\/48412_3.webp","type":"image\/webp"}],"twitter_card":"summary_large_image","twitter_misc":{"Szacowany czas czytania":"1 minuta"},"schema":{"@context":"https:\/\/schema.org","@graph":[{"@type":"WebPage","@id":"https:\/\/ironsky.pl\/sklep\/produkt\/bateria-ecoflow-delta-3-1kwh\/","url":"https:\/\/ironsky.pl\/sklep\/produkt\/bateria-ecoflow-delta-3-1kwh\/","name":"Bateria ECOFLOW DELTA 3 1kWh - IRONSKY.PL Sklep z Dronami","isPartOf":{"@id":"https:\/\/ironsky.pl\/sklep\/#website"},"primaryImageOfPage":{"@id":"https:\/\/ironsky.pl\/sklep\/produkt\/bateria-ecoflow-delta-3-1kwh\/#primaryimage"},"image":{"@id":"https:\/\/ironsky.pl\/sklep\/produkt\/bateria-ecoflow-delta-3-1kwh\/#primaryimage"},"thumbnailUrl":"https:\/\/ironsky.pl\/sklep\/wp-content\/uploads\/2025\/04\/48412_3.webp","datePublished":"2026-04-15T08:52:20+00:00","dateModified":"2026-04-15T08:52:40+00:00","description":"Bateria ECOFLOW DELTA 3 1kWh - \u2705 sklep z dronami i fachowym doradztwem. \u2705 Tutaj kupisz produkty DJI, Yuneec, Parrot, Syma i wiele innych, a tak\u017ce kursy i licencje na operatora drona.","breadcrumb":{"@id":"https:\/\/ironsky.pl\/sklep\/produkt\/bateria-ecoflow-delta-3-1kwh\/#breadcrumb"},"inLanguage":"pl-PL","potentialAction":[{"@type":"ReadAction","target":["https:\/\/ironsky.pl\/sklep\/produkt\/bateria-ecoflow-delta-3-1kwh\/"]}]},{"@type":"ImageObject","inLanguage":"pl-PL","@id":"https:\/\/ironsky.pl\/sklep\/produkt\/bateria-ecoflow-delta-3-1kwh\/#primaryimage","url":"https:\/\/ironsky.pl\/sklep\/wp-content\/uploads\/2025\/04\/48412_3.webp","contentUrl":"https:\/\/ironsky.pl\/sklep\/wp-content\/uploads\/2025\/04\/48412_3.webp","width":800,"height":800},{"@type":"BreadcrumbList","@id":"https:\/\/ironsky.pl\/sklep\/produkt\/bateria-ecoflow-delta-3-1kwh\/#breadcrumb","itemListElement":[{"@type":"ListItem","position":1,"name":"Strona g\u0142\u00f3wna","item":"https:\/\/ironsky.pl\/sklep\/"},{"@type":"ListItem","position":2,"name":"Wszystkie produkty","item":"https:\/\/ironsky.pl\/sklep\/produkty\/"},{"@type":"ListItem","position":3,"name":"Bateria ECOFLOW DELTA 3 1kWh"}]},{"@type":"WebSite","@id":"https:\/\/ironsky.pl\/sklep\/#website","url":"https:\/\/ironsky.pl\/sklep\/","name":"IRONSKY.PL Sklep z Dronami","description":"IRONSKY.PL Sklep z Dronami","potentialAction":[{"@type":"SearchAction","target":{"@type":"EntryPoint","urlTemplate":"https:\/\/ironsky.pl\/sklep\/?s={search_term_string}"},"query-input":{"@type":"PropertyValueSpecification","valueRequired":true,"valueName":"search_term_string"}}],"inLanguage":"pl-PL"}]}},"_links":{"self":[{"href":"https:\/\/ironsky.pl\/sklep\/wp-json\/wp\/v2\/product\/59859","targetHints":{"allow":["GET"]}}],"collection":[{"href":"https:\/\/ironsky.pl\/sklep\/wp-json\/wp\/v2\/product"}],"about":[{"href":"https:\/\/ironsky.pl\/sklep\/wp-json\/wp\/v2\/types\/product"}],"replies":[{"embeddable":true,"href":"https:\/\/ironsky.pl\/sklep\/wp-json\/wp\/v2\/comments?post=59859"}],"wp:featuredmedia":[{"embeddable":true,"href":"https:\/\/ironsky.pl\/sklep\/wp-json\/wp\/v2\/media\/39479"}],"wp:attachment":[{"href":"https:\/\/ironsky.pl\/sklep\/wp-json\/wp\/v2\/media?parent=59859"}],"wp:term":[{"taxonomy":"product_brand","embeddable":true,"href":"https:\/\/ironsky.pl\/sklep\/wp-json\/wp\/v2\/product_brand?post=59859"},{"taxonomy":"product_cat","embeddable":true,"href":"https:\/\/ironsky.pl\/sklep\/wp-json\/wp\/v2\/product_cat?post=59859"},{"taxonomy":"product_tag","embeddable":true,"href":"https:\/\/ironsky.pl\/sklep\/wp-json\/wp\/v2\/product_tag?post=59859"}],"curies":[{"name":"wp","href":"https:\/\/api.w.org\/{rel}","templated":true}]}}