{"id":59848,"date":"2026-04-15T10:52:20","date_gmt":"2026-04-15T08:52:20","guid":{"rendered":"https:\/\/ironsky.pl\/sklep\/produkt\/akumulator-ecoflow-river-3-plus-286wh\/"},"modified":"2026-04-15T10:52:33","modified_gmt":"2026-04-15T08:52:33","slug":"akumulator-ecoflow-river-3-plus-286wh","status":"publish","type":"product","link":"https:\/\/ironsky.pl\/sklep\/produkt\/akumulator-ecoflow-river-3-plus-286wh\/","title":{"rendered":"Akumulator ECOFLOW RIVER 3 Plus 286Wh"},"content":{"rendered":"<h3>Bateria do EcoFlow RIVER 3 Plus (286Wh)<\/h3>\n<p>Rozszerz mo\u017cliwo\u015bci swojej przeno\u015bnej stacji zasilania EcoFlow RIVER 3 Plus. Ten dodatkowy akumulator pozwoli Ci zwi\u0119kszy\u0107 jej pojemno\u015b\u0107 o 286 Wh, dzi\u0119ki czemu b\u0119dziesz w stanie zasila\u0107 swoje sprz\u0119ty przez jeszcze d\u0142u\u017cszy czas! Specjalne styki Pogo Pin umo\u017cliwiaj\u0105 jego wygodny monta\u017c, a port wyj\u015bciowy USB-C umo\u017cliwia \u0142adowanie urz\u0105dze\u0144 z moc\u0105 do 140 W. Produkt jest przy tym bardzo lekki \u2013 wa\u017cy zaledwie 3,3 kg. Jego przenoszenie nie sprawi Ci \u017cadnego problemu!<\/p>\n<p>\n<img decoding=\"async\" src=\"https:\/\/assets.innpro.pl\/11103\/13095\/6.jpg\" border=\"0\" \/>\n<\/p>\n<h3>Dodatkowa dawka energii<\/h3>\n<p>Planujesz kilkudniowy wyjazd? A mo\u017ce po prostu zale\u017cy Ci na mo\u017cliwo\u015bci zasilania swoich urz\u0105dze\u0144 przez jeszcze d\u0142u\u017cszy czas? Dodatkowy akumulator do RIVER 3 Plus jest dla Ciebie! Za jego pomoc\u0105 z \u0142atwo\u015bci\u0105 rozszerzysz pojemno\u015b\u0107 swojej stacji o 286 Wh, co pozwoli Ci dostarcza\u0107 energi\u0119 niezb\u0119dnym sprz\u0119tom tak d\u0142ugo, jak potrzebujesz.<\/p>\n<p>\n<img decoding=\"async\" src=\"https:\/\/assets.innpro.pl\/11103\/13095\/1.jpg\" border=\"0\" \/>\n<\/p>\n<h3>Szybki i prosty monta\u017c<\/h3>\n<p>Zapomnij o czasoch\u0142onnej instalacji. Dzi\u0119ki wykorzystaniu Pogo Pin\u00f3w monta\u017c akumulatora jest bardzo prosty i zajmuje tylko chwil\u0119 \u2013 nie potrzebujesz do tego \u017cadnych dodatkowych kabli czy \u015brub. Wystarczy kr\u00f3tki moment, aby zwi\u0119kszy\u0107 mo\u017cliwo\u015bci stacji i cieszy\u0107 si\u0119 d\u0142ugotrwa\u0142ym zasilaniem swoich urz\u0105dze\u0144!<\/p>\n<p>\n<img decoding=\"async\" src=\"https:\/\/assets.innpro.pl\/11103\/13095\/5.jpg\" border=\"0\" \/>\n<\/p>\n<h3>Wielofunkcyjny port USB-C<\/h3>\n<p>Akumulator do EcoFlow RIVER 3 Plus mo\u017ce te\u017c by\u0107 u\u017cywany niezale\u017cnie od stacji. Zosta\u0142 wyposa\u017cony w gniazdo USB-C o mocy do 140 W, za pomoc\u0105 kt\u00f3rego wygodnie na\u0142adujesz wybrane urz\u0105dzenia, takie jak smartfony czy g\u0142o\u015bniki bezprzewodowe. To doskona\u0142e rozwi\u0105zanie na przyk\u0142ad na czas podr\u00f3\u017cy, kiedy nie chcesz zabiera\u0107 ze sob\u0105 zbyt wielu sprz\u0119t\u00f3w! Port ten umo\u017cliwia tak\u017ce \u0142adowanie samego akumulatora \u2013 potrwa to oko\u0142o 3,5 godziny.<\/p>\n<p>\n<img decoding=\"async\" src=\"https:\/\/assets.innpro.pl\/11103\/13095\/3.jpg\" border=\"0\" \/>\n<\/p>\n<h3>Trwa\u0142o\u015b\u0107 na lata<\/h3>\n<p>Zainwestuj w sprawdzone rozwi\u0105zania. Akumulator korzysta z wysokiej klasy ogniw LFP (LiFEPO4), dzi\u0119ki czemu wyr\u00f3\u017cnia si\u0119 \u017cywotno\u015bci\u0105 si\u0119gaj\u0105c\u0105 3000 cykli \u0142adowania (do 80% pojemno\u015bci). B\u0119dzie wi\u0119c \u015bwietnie Ci s\u0142u\u017cy\u0107 przez d\u0142ugie lata!<\/p>\n<p>\n<img decoding=\"async\" src=\"https:\/\/assets.innpro.pl\/11103\/13095\/8.jpg\" border=\"0\" \/>\n<\/p>\n<h3>Wygodny transport<\/h3>\n<p>Transport akumulatora nie sprawi Ci \u017cadnych trudno\u015bci. Urz\u0105dzenie wa\u017cy tylko 3,3 kg, a jego wymiary to 234 x 224 x 110 mm. Dzi\u0119ki temu z \u0142atwo\u015bci\u0105 zaniesiesz je w dowolne miejsce lub schowasz w samochodzie. To doskona\u0142y towarzysz podr\u00f3\u017cy!<\/p>\n<p>\n<img decoding=\"async\" src=\"https:\/\/assets.innpro.pl\/11103\/13095\/4.jpg\" border=\"0\" \/>\n<\/p>\n<h3>W zestawie<\/h3>\n<ul class=\"list-disc pl-5\">\n<li>Akumulator do RIVER 3 Plus (286 Wh)<\/li>\n<li>Skr\u00f3cona instrukcja obs\u0142ugi i karta gwarancyjna<\/li>\n<\/ul>\n<div class=\"table-wrapper\">\n<p>\u00a0<\/p>\n<h3><\/h3>\n<table>\n<tbody>\n<tr>\n<th>Producent<\/th>\n<td>EcoFlow<\/td>\n<\/tr>\n<tr>\n<th>Model<\/th>\n<td>EB300<\/td>\n<\/tr>\n<tr>\n<th>Pojemno\u015b\u0107<\/th>\n<td>286 Wh (89600 mAh)<\/td>\n<\/tr>\n<tr>\n<th>Wymiary<\/th>\n<td>234 x 224 x 110 mm<\/td>\n<\/tr>\n<tr>\n<th>Waga<\/th>\n<td>3,3 kg<\/td>\n<\/tr>\n<tr>\n<th>Rodzaj ogniwa<\/th>\n<td>LFP (LiFePO4)<\/td>\n<\/tr>\n<tr>\n<th>\u017bywotno\u015b\u0107<\/th>\n<td>Ok. 3000 cykli \u0142adowania (do 80% pojemno\u015bci)<\/td>\n<\/tr>\n<tr>\n<th>Wyj\u015bcie USB-C<\/th>\n<td>5 V \/ 9 V \/ 12 V \/ 15 V = 3 A maks., 20 V \/ 28 V = 5 A maks., 140 W maks.<\/td>\n<\/tr>\n<tr>\n<th>Wej\u015bcie USB-C<\/th>\n<td>5 V \/ 9 V \/ 12 V \/ 15 V = 3 A maks., 20 V \/ 28 V = 5 A maks., 140 W maks. (0-100% w oko\u0142o 3,5 h);<\/td>\n<\/tr>\n<tr>\n<th>Interfejs EB<\/th>\n<td>17,5-25,5 V = 14 A maks.<\/td>\n<\/tr>\n<tr>\n<th>Rapid<\/th>\n<td>Wej\u015bcie: 30 W maks.; Wyj\u015bcie: 15 W (bezprzewodowo), 30 W (przewodowo);<\/td>\n<\/tr>\n<tr>\n<th>Optymalna temperatura pracy<\/th>\n<td>Od 20\u00b0C do 30\u00b0C<\/td>\n<\/tr>\n<tr>\n<th>Temperatura \u0142adowania<\/th>\n<td>Od 0\u00b0C do 45\u00b0C<\/td>\n<\/tr>\n<tr>\n<th>Temperatura roz\u0142adowania<\/th>\n<td>Od -10\u00b0C do 45\u00b0C<\/td>\n<\/tr>\n<tr>\n<th>Temperatura przechowywania<\/th>\n<td>Od 20\u00b0C do 30\u00b0C<\/td>\n<\/tr>\n<\/tbody>\n<\/table>\n<\/div>\n","protected":false},"excerpt":{"rendered":"<p>Bateria do EcoFlow RIVER 3 Plus (286Wh) Rozszerz mo\u017cliwo\u015bci swojej przeno\u015bnej stacji zasilania EcoFlow RIVER 3 Plus. Ten dodatkowy akumulator<\/p>\n","protected":false},"featured_media":39465,"comment_status":"closed","ping_status":"open","template":"","meta":{"_acf_changed":false},"product_brand":[],"product_cat":[6196,1108,1111],"product_tag":[],"class_list":{"0":"post-59848","1":"product","2":"type-product","3":"status-publish","4":"has-post-thumbnail","6":"product_cat-akcesoria-stacje-zasilania","7":"product_cat-energia","8":"product_cat-stacje-zasilania","9":"pa_60-m-5771","10":"pa_producent-ecoflow","12":"first","13":"outofstock","14":"taxable","15":"shipping-taxable","16":"purchasable","17":"product-type-simple"},"acf":[],"yoast_head":"<!-- This site is optimized with the Yoast SEO plugin v27.2 - https:\/\/yoast.com\/product\/yoast-seo-wordpress\/ -->\n<title>Akumulator ECOFLOW RIVER 3 Plus 286Wh - IRONSKY.PL Sklep z Dronami<\/title>\n<meta name=\"description\" content=\"Akumulator ECOFLOW RIVER 3 Plus 286Wh - \u2705 sklep z dronami i fachowym doradztwem. \u2705 Tutaj kupisz produkty DJI, Yuneec, Parrot, Syma i wiele innych, a tak\u017ce kursy i licencje na operatora drona.\" \/>\n<meta name=\"robots\" content=\"index, follow, max-snippet:-1, max-image-preview:large, max-video-preview:-1\" \/>\n<link rel=\"canonical\" href=\"https:\/\/ironsky.pl\/sklep\/produkt\/akumulator-ecoflow-river-3-plus-286wh\/\" \/>\n<meta property=\"og:locale\" content=\"pl_PL\" \/>\n<meta property=\"og:type\" content=\"article\" \/>\n<meta property=\"og:title\" content=\"Akumulator ECOFLOW RIVER 3 Plus 286Wh - IRONSKY.PL Sklep z Dronami\" \/>\n<meta property=\"og:description\" content=\"Akumulator ECOFLOW RIVER 3 Plus 286Wh - \u2705 sklep z dronami i fachowym doradztwem. \u2705 Tutaj kupisz produkty DJI, Yuneec, Parrot, Syma i wiele innych, a tak\u017ce kursy i licencje na operatora drona.\" \/>\n<meta property=\"og:url\" content=\"https:\/\/ironsky.pl\/sklep\/produkt\/akumulator-ecoflow-river-3-plus-286wh\/\" \/>\n<meta property=\"og:site_name\" content=\"IRONSKY.PL Sklep z Dronami\" \/>\n<meta property=\"article:modified_time\" content=\"2026-04-15T08:52:33+00:00\" \/>\n<meta property=\"og:image\" content=\"https:\/\/ironsky.pl\/sklep\/wp-content\/uploads\/2025\/04\/48408_3.webp\" \/>\n\t<meta property=\"og:image:width\" content=\"800\" \/>\n\t<meta property=\"og:image:height\" content=\"800\" \/>\n\t<meta property=\"og:image:type\" content=\"image\/webp\" \/>\n<meta name=\"twitter:card\" content=\"summary_large_image\" \/>\n<meta name=\"twitter:label1\" content=\"Szacowany czas czytania\" \/>\n\t<meta name=\"twitter:data1\" content=\"2 minuty\" \/>\n<script type=\"application\/ld+json\" class=\"yoast-schema-graph\">{\"@context\":\"https:\/\/schema.org\",\"@graph\":[{\"@type\":\"WebPage\",\"@id\":\"https:\/\/ironsky.pl\/sklep\/produkt\/akumulator-ecoflow-river-3-plus-286wh\/\",\"url\":\"https:\/\/ironsky.pl\/sklep\/produkt\/akumulator-ecoflow-river-3-plus-286wh\/\",\"name\":\"Akumulator ECOFLOW RIVER 3 Plus 286Wh - IRONSKY.PL Sklep z Dronami\",\"isPartOf\":{\"@id\":\"https:\/\/ironsky.pl\/sklep\/#website\"},\"primaryImageOfPage\":{\"@id\":\"https:\/\/ironsky.pl\/sklep\/produkt\/akumulator-ecoflow-river-3-plus-286wh\/#primaryimage\"},\"image\":{\"@id\":\"https:\/\/ironsky.pl\/sklep\/produkt\/akumulator-ecoflow-river-3-plus-286wh\/#primaryimage\"},\"thumbnailUrl\":\"https:\/\/ironsky.pl\/sklep\/wp-content\/uploads\/2025\/04\/48408_3.webp\",\"datePublished\":\"2026-04-15T08:52:20+00:00\",\"dateModified\":\"2026-04-15T08:52:33+00:00\",\"description\":\"Akumulator ECOFLOW RIVER 3 Plus 286Wh - \u2705 sklep z dronami i fachowym doradztwem. \u2705 Tutaj kupisz produkty DJI, Yuneec, Parrot, Syma i wiele innych, a tak\u017ce kursy i licencje na operatora drona.\",\"breadcrumb\":{\"@id\":\"https:\/\/ironsky.pl\/sklep\/produkt\/akumulator-ecoflow-river-3-plus-286wh\/#breadcrumb\"},\"inLanguage\":\"pl-PL\",\"potentialAction\":[{\"@type\":\"ReadAction\",\"target\":[\"https:\/\/ironsky.pl\/sklep\/produkt\/akumulator-ecoflow-river-3-plus-286wh\/\"]}]},{\"@type\":\"ImageObject\",\"inLanguage\":\"pl-PL\",\"@id\":\"https:\/\/ironsky.pl\/sklep\/produkt\/akumulator-ecoflow-river-3-plus-286wh\/#primaryimage\",\"url\":\"https:\/\/ironsky.pl\/sklep\/wp-content\/uploads\/2025\/04\/48408_3.webp\",\"contentUrl\":\"https:\/\/ironsky.pl\/sklep\/wp-content\/uploads\/2025\/04\/48408_3.webp\",\"width\":800,\"height\":800},{\"@type\":\"BreadcrumbList\",\"@id\":\"https:\/\/ironsky.pl\/sklep\/produkt\/akumulator-ecoflow-river-3-plus-286wh\/#breadcrumb\",\"itemListElement\":[{\"@type\":\"ListItem\",\"position\":1,\"name\":\"Strona g\u0142\u00f3wna\",\"item\":\"https:\/\/ironsky.pl\/sklep\/\"},{\"@type\":\"ListItem\",\"position\":2,\"name\":\"Wszystkie produkty\",\"item\":\"https:\/\/ironsky.pl\/sklep\/produkty\/\"},{\"@type\":\"ListItem\",\"position\":3,\"name\":\"Akumulator ECOFLOW RIVER 3 Plus 286Wh\"}]},{\"@type\":\"WebSite\",\"@id\":\"https:\/\/ironsky.pl\/sklep\/#website\",\"url\":\"https:\/\/ironsky.pl\/sklep\/\",\"name\":\"IRONSKY.PL Sklep z Dronami\",\"description\":\"IRONSKY.PL Sklep z Dronami\",\"potentialAction\":[{\"@type\":\"SearchAction\",\"target\":{\"@type\":\"EntryPoint\",\"urlTemplate\":\"https:\/\/ironsky.pl\/sklep\/?s={search_term_string}\"},\"query-input\":{\"@type\":\"PropertyValueSpecification\",\"valueRequired\":true,\"valueName\":\"search_term_string\"}}],\"inLanguage\":\"pl-PL\"}]}<\/script>\n<!-- \/ Yoast SEO plugin. -->","yoast_head_json":{"title":"Akumulator ECOFLOW RIVER 3 Plus 286Wh - IRONSKY.PL Sklep z Dronami","description":"Akumulator ECOFLOW RIVER 3 Plus 286Wh - \u2705 sklep z dronami i fachowym doradztwem. \u2705 Tutaj kupisz produkty DJI, Yuneec, Parrot, Syma i wiele innych, a tak\u017ce kursy i licencje na operatora drona.","robots":{"index":"index","follow":"follow","max-snippet":"max-snippet:-1","max-image-preview":"max-image-preview:large","max-video-preview":"max-video-preview:-1"},"canonical":"https:\/\/ironsky.pl\/sklep\/produkt\/akumulator-ecoflow-river-3-plus-286wh\/","og_locale":"pl_PL","og_type":"article","og_title":"Akumulator ECOFLOW RIVER 3 Plus 286Wh - IRONSKY.PL Sklep z Dronami","og_description":"Akumulator ECOFLOW RIVER 3 Plus 286Wh - \u2705 sklep z dronami i fachowym doradztwem. \u2705 Tutaj kupisz produkty DJI, Yuneec, Parrot, Syma i wiele innych, a tak\u017ce kursy i licencje na operatora drona.","og_url":"https:\/\/ironsky.pl\/sklep\/produkt\/akumulator-ecoflow-river-3-plus-286wh\/","og_site_name":"IRONSKY.PL Sklep z Dronami","article_modified_time":"2026-04-15T08:52:33+00:00","og_image":[{"width":800,"height":800,"url":"https:\/\/ironsky.pl\/sklep\/wp-content\/uploads\/2025\/04\/48408_3.webp","type":"image\/webp"}],"twitter_card":"summary_large_image","twitter_misc":{"Szacowany czas czytania":"2 minuty"},"schema":{"@context":"https:\/\/schema.org","@graph":[{"@type":"WebPage","@id":"https:\/\/ironsky.pl\/sklep\/produkt\/akumulator-ecoflow-river-3-plus-286wh\/","url":"https:\/\/ironsky.pl\/sklep\/produkt\/akumulator-ecoflow-river-3-plus-286wh\/","name":"Akumulator ECOFLOW RIVER 3 Plus 286Wh - IRONSKY.PL Sklep z Dronami","isPartOf":{"@id":"https:\/\/ironsky.pl\/sklep\/#website"},"primaryImageOfPage":{"@id":"https:\/\/ironsky.pl\/sklep\/produkt\/akumulator-ecoflow-river-3-plus-286wh\/#primaryimage"},"image":{"@id":"https:\/\/ironsky.pl\/sklep\/produkt\/akumulator-ecoflow-river-3-plus-286wh\/#primaryimage"},"thumbnailUrl":"https:\/\/ironsky.pl\/sklep\/wp-content\/uploads\/2025\/04\/48408_3.webp","datePublished":"2026-04-15T08:52:20+00:00","dateModified":"2026-04-15T08:52:33+00:00","description":"Akumulator ECOFLOW RIVER 3 Plus 286Wh - \u2705 sklep z dronami i fachowym doradztwem. \u2705 Tutaj kupisz produkty DJI, Yuneec, Parrot, Syma i wiele innych, a tak\u017ce kursy i licencje na operatora drona.","breadcrumb":{"@id":"https:\/\/ironsky.pl\/sklep\/produkt\/akumulator-ecoflow-river-3-plus-286wh\/#breadcrumb"},"inLanguage":"pl-PL","potentialAction":[{"@type":"ReadAction","target":["https:\/\/ironsky.pl\/sklep\/produkt\/akumulator-ecoflow-river-3-plus-286wh\/"]}]},{"@type":"ImageObject","inLanguage":"pl-PL","@id":"https:\/\/ironsky.pl\/sklep\/produkt\/akumulator-ecoflow-river-3-plus-286wh\/#primaryimage","url":"https:\/\/ironsky.pl\/sklep\/wp-content\/uploads\/2025\/04\/48408_3.webp","contentUrl":"https:\/\/ironsky.pl\/sklep\/wp-content\/uploads\/2025\/04\/48408_3.webp","width":800,"height":800},{"@type":"BreadcrumbList","@id":"https:\/\/ironsky.pl\/sklep\/produkt\/akumulator-ecoflow-river-3-plus-286wh\/#breadcrumb","itemListElement":[{"@type":"ListItem","position":1,"name":"Strona g\u0142\u00f3wna","item":"https:\/\/ironsky.pl\/sklep\/"},{"@type":"ListItem","position":2,"name":"Wszystkie produkty","item":"https:\/\/ironsky.pl\/sklep\/produkty\/"},{"@type":"ListItem","position":3,"name":"Akumulator ECOFLOW RIVER 3 Plus 286Wh"}]},{"@type":"WebSite","@id":"https:\/\/ironsky.pl\/sklep\/#website","url":"https:\/\/ironsky.pl\/sklep\/","name":"IRONSKY.PL Sklep z Dronami","description":"IRONSKY.PL Sklep z Dronami","potentialAction":[{"@type":"SearchAction","target":{"@type":"EntryPoint","urlTemplate":"https:\/\/ironsky.pl\/sklep\/?s={search_term_string}"},"query-input":{"@type":"PropertyValueSpecification","valueRequired":true,"valueName":"search_term_string"}}],"inLanguage":"pl-PL"}]}},"_links":{"self":[{"href":"https:\/\/ironsky.pl\/sklep\/wp-json\/wp\/v2\/product\/59848","targetHints":{"allow":["GET"]}}],"collection":[{"href":"https:\/\/ironsky.pl\/sklep\/wp-json\/wp\/v2\/product"}],"about":[{"href":"https:\/\/ironsky.pl\/sklep\/wp-json\/wp\/v2\/types\/product"}],"replies":[{"embeddable":true,"href":"https:\/\/ironsky.pl\/sklep\/wp-json\/wp\/v2\/comments?post=59848"}],"wp:featuredmedia":[{"embeddable":true,"href":"https:\/\/ironsky.pl\/sklep\/wp-json\/wp\/v2\/media\/39465"}],"wp:attachment":[{"href":"https:\/\/ironsky.pl\/sklep\/wp-json\/wp\/v2\/media?parent=59848"}],"wp:term":[{"taxonomy":"product_brand","embeddable":true,"href":"https:\/\/ironsky.pl\/sklep\/wp-json\/wp\/v2\/product_brand?post=59848"},{"taxonomy":"product_cat","embeddable":true,"href":"https:\/\/ironsky.pl\/sklep\/wp-json\/wp\/v2\/product_cat?post=59848"},{"taxonomy":"product_tag","embeddable":true,"href":"https:\/\/ironsky.pl\/sklep\/wp-json\/wp\/v2\/product_tag?post=59848"}],"curies":[{"name":"wp","href":"https:\/\/api.w.org\/{rel}","templated":true}]}}