{"id":59845,"date":"2026-04-15T10:52:20","date_gmt":"2026-04-15T08:52:20","guid":{"rendered":"https:\/\/ironsky.pl\/sklep\/produkt\/przenosna-stacja-ecoflow-river-3-2\/"},"modified":"2026-04-15T10:52:29","modified_gmt":"2026-04-15T08:52:29","slug":"przenosna-stacja-ecoflow-river-3-2","status":"publish","type":"product","link":"https:\/\/ironsky.pl\/sklep\/produkt\/przenosna-stacja-ecoflow-river-3-2\/","title":{"rendered":"Przeno\u015bna stacja EcoFlow RIVER 3"},"content":{"rendered":"<h3>Przeno\u015bna stacja EcoFlow RIVER 3<\/h3>\n<p>Stacja zasilania EcoFlow RIVER 3 oferuje pojemno\u015b\u0107 wynosz\u0105c\u0105 245 Wh i moc wyj\u015bciow\u0105 na poziomie 300 W, kt\u00f3r\u0105 zwi\u0119kszy\u0107 mo\u017cna do 600 W. Zastosowany p\u00f3\u0142przewodnik nowej generacji GaN zapewnia wy\u017csz\u0105 wydajno\u015b\u0107 energetyczn\u0105, mniejsze straty energii, d\u0142u\u017cszy czas dzia\u0142ania i cich\u0105 prac\u0119 \u2013 a to wszystko przy zachowaniu kompaktowej konstrukcji. Do Twojej dyspozycji b\u0119d\u0105 liczne porty, pozwalaj\u0105ce na \u0142adowanie i zasilanie r\u00f3\u017cnorodnych urz\u0105dze\u0144 \u2013 od smartfon\u00f3w po lod\u00f3wki turystyczne. Funkcja UPS z czasem prze\u0142\u0105czania poni\u017cej 20 ms gwarantuje ochron\u0119 sprz\u0119tu w przypadku nag\u0142ego zaniku zasilania, a akumulator LiFePO4 zapewnia do 3000 cykli \u0142adowania, co przek\u0142ada si\u0119 na nawet 10 lat u\u017cytkowania. Stacj\u0119 zasilania \u0142adowa\u0107 mo\u017cesz na 4 r\u00f3\u017cne sposoby. Obs\u0142ug\u0119 u\u0142atwia dedykowana aplikacja.<\/p>\n<p>\n<img decoding=\"async\" src=\"https:\/\/assets.innpro.pl\/11040\/13009\/11.jpg\" border=\"0\" alt=\"Czarna stacja zasilania EcoFlow RIVER 3 ustawiona obok bia\u0142ego routera na niebieskiej powierzchni, na tle jasnego, futurystycznego wn\u0119trza\" \/>\n<\/p>\n<h3>Technologia GaN<\/h3>\n<p>Do produkcji stacji EcoFlow RIVER 3 zastosowano p\u00f3\u0142przewodnik nowej generacji \u2013 azotek galu (GaN), kt\u00f3ry gwarantuje wy\u017csz\u0105 efektywno\u015b\u0107 energetyczn\u0105 i redukcj\u0119 strat energii w por\u00f3wnaniu do powszechnie stosowanego krzemu. Technologia GaN jest cz\u0119sto stosowana w sieciach 5G, pojazdach elektrycznych oraz urz\u0105dzeniach konsumenckich, a teraz zosta\u0142a zintegrowana w stacjach zasilania EcoFlow z serii RIVER 3. W rezultacie s\u0105 one zoptymalizowane pod k\u0105tem wyd\u0142u\u017cenia czasu pracy, zmniejszenia rozmiar\u00f3w oraz redukcji poziomu ha\u0142asu.<\/p>\n<p>\n<img decoding=\"async\" src=\"https:\/\/assets.innpro.pl\/11040\/13009\/1.jpg\" border=\"0\" alt=\"Para u\u015bmiechni\u0119tych os\u00f3b siedzi w namiocie na dmuchanym materacu z pod\u0142\u0105czon\u0105 stacj\u0105 EcoFlow RIVER 3\" \/>\n<\/p>\n<h3>Zasilanie dla wymagaj\u0105cych urz\u0105dze\u0144<\/h3>\n<p>Dzi\u0119ki mocy wyj\u015bciowej wynosz\u0105cej 300 W z mo\u017cliwo\u015bci\u0105 rozbudowy do 600 W w trybie X-Boost model RIVER 3 pozwala na zasilanie takich urz\u0105dze\u0144 jak przeno\u015bne grzejniki, kuchenki elektryczne czy lod\u00f3wki turystyczne. W efekcie spe\u0142ni on oczekiwania os\u00f3b, kt\u00f3re chc\u0105 zapewni\u0107 sobie komfortowe warunki podczas kemping\u00f3w czy biwak\u00f3w. Dzi\u0119ki technologii GaN stacja wyd\u0142u\u017ca czas pracy urz\u0105dze\u0144 o mocy do 100 W o nawet 92% w por\u00f3wnaniu do konkurencyjnych produkt\u00f3w.<\/p>\n<p>\n<img decoding=\"async\" src=\"https:\/\/assets.innpro.pl\/11040\/13009\/6.jpg\" border=\"0\" alt=\"Stacja EcoFlow RIVER 3 pod\u0142\u0105czona do telewizora w salonie, na ekranie plansza do gry w szachy\" \/>\n<\/p>\n<h3>R\u00f3\u017cnorodne porty<\/h3>\n<p>Zasilaj i \u0142aduj wiele urz\u0105dze\u0144 jednocze\u015bnie. Przeno\u015bna stacja EcoFlow RIVER 3 zosta\u0142a wyposa\u017cona w jedno gniazdo AC o mocy 300 W, kt\u00f3re pozwala na zasilanie sprz\u0119tu AGD, laptop\u00f3w czy o\u015bwietlenia. Dost\u0119pne s\u0105 tak\u017ce dwa porty USB-A (12 W ka\u017cdy, \u0142\u0105cznie 24 W), jeden port USB-C o mocy a\u017c 100 W oraz gniazdo samochodowe o napi\u0119ciu 12,6 V i mocy 100 W. Mo\u017cesz wi\u0119c pod\u0142\u0105czy\u0107 do niej smartfony, tablety, laptopy, kamery, lod\u00f3wki turystyczne czy te\u017c wentylatory.<\/p>\n<p>\n<img decoding=\"async\" src=\"https:\/\/assets.innpro.pl\/11040\/13009\/4.jpg\" border=\"0\" alt=\"Para siedzi na krzes\u0142ach kempingowych obok samochodu terenowego z namiotem dachowym, na stole stoi stacja EcoFlow RIVER 3\" \/>\n<\/p>\n<h3>Cicha praca<\/h3>\n<p>Technologia GaN pozwoli\u0142a zmniejszy\u0107 generowany przez urz\u0105dzenie ha\u0142as do 30 dB. W rezultacie model RIVER 3 jest obecnie jednym z najcichszych stacji na rynku. Mo\u017cesz wi\u0119c komfortowo zasila\u0107 lampy czy drobne urz\u0105dzenia noc\u0105, aby zapewni\u0107 sobie komfortowy sen, kt\u00f3rego nie zak\u0142\u00f3ci niepo\u017c\u0105dany ha\u0142as.<\/p>\n<p>\n<img decoding=\"async\" src=\"https:\/\/assets.innpro.pl\/11040\/13009\/7.jpg\" border=\"0\" alt=\"Ma\u0142e dziecko \u015bpi w \u0142\u00f3\u017cku przy zapalonej lampce nocnej, obok kt\u00f3rej stoi stacja EcoFlow RIVER 3\" \/>\n<\/p>\n<h3>Ochrona w razie nag\u0142ej przerwy w zasilaniu<\/h3>\n<p>Funkcja UPS automatycznie prze\u0142\u0105cza zasilanie na tryb awaryjny w zaledwie poni\u017cej 20 ms, zapewniaj\u0105c skuteczn\u0105 ochron\u0119 przed utrat\u0105 danych i uszkodzeniem sprz\u0119tu. Tak szybki czas reakcji jest kluczowy dla urz\u0105dze\u0144 elektronicznych, kt\u00f3re wymagaj\u0105 ci\u0105g\u0142o\u015bci zasilania, takich jak laptopy, systemy magazynowania danych (NAS) czy sprz\u0119t fotograficzny.<\/p>\n<p>\n<img decoding=\"async\" src=\"https:\/\/assets.innpro.pl\/11040\/13009\/10.jpg\" border=\"0\" alt=\"M\u0119\u017cczyzna pracuje przy biurku z laptopem, obok stoi stacja EcoFlow RIVER 3 z pod\u0142\u0105czonymi urz\u0105dzeniami\" \/>\n<\/p>\n<h3>Gotowo\u015b\u0107 do pracy w ka\u017cdych warunkach<\/h3>\n<p>RIVER 3 nie zawiedzie Ci\u0119 podczas przyg\u00f3d na \u015bwie\u017cym powietrzu. Stacja cechuje si\u0119 solidn\u0105 konstrukcj\u0105, a jej akumulator jest odporny na kurz oraz wod\u0119 zgodnie z norm\u0105 IP54. Ponadto obudowa urz\u0105dzenia jest niepodatna na dzia\u0142anie wysokich temperatur (do 80\u00b0C), wi\u0119c mo\u017cesz bez obaw z niej korzysta\u0107 nawet w pobli\u017cu ogniska czy grilla. Waga produktu nie przekracza 3.55 kg, a wymiary wynosz\u0105 zaledwie 255 x 212 x 113 mm \u2013 mo\u017cesz wi\u0119c wygodnie go przenosi\u0107.<\/p>\n<p>\n<img decoding=\"async\" src=\"https:\/\/assets.innpro.pl\/11040\/13009\/9.jpg\" border=\"0\" alt=\"M\u0119\u017cczyzna na biwaku siedzi na krze\u015ble przy rozstawionym sprz\u0119cie fotograficznym i stacji EcoFlow RIVER 3\" \/>\n<\/p>\n<h3>4 sposoby \u0142adowania<\/h3>\n<p>\u0141aduj stacj\u0119 tak, jak Ci wygodnie. Korzystaj\u0105c z gniazda AC, przygotujesz j\u0105 do dalszej pracy w oko\u0142o godzin\u0119. Istnieje te\u017c mo\u017cliwo\u015b\u0107 \u0142adowania przez gniazdo samochodowe \u2013 dzi\u0119ki temu mo\u017cesz odnawia\u0107 energi\u0119 RIVER 3 podczas podr\u00f3\u017cy, aby zasila\u0107 sw\u00f3j sprz\u0119t po dotarciu na miejsce. Panele fotowoltaiczne o mocy do 110 W umo\u017cliwiaj\u0105 ca\u0142kowite na\u0142adowanie w ci\u0105gu kilku godzin przy dobrych warunkach pogodowych. Mo\u017cesz r\u00f3wnie\u017c skorzysta\u0107 z generatora.<\/p>\n<p>\n<img decoding=\"async\" src=\"https:\/\/assets.innpro.pl\/11040\/13009\/2.jpg\" border=\"0\" alt=\"M\u0119\u017cczyzna siedzi w samochodzie i obs\u0142uguje stacj\u0119 EcoFlow RIVER 3 ustawion\u0105 na konsoli \u015brodkowej\" \/>\n<\/p>\n<h3>Niezawodno\u015b\u0107 na lata<\/h3>\n<p>Akumulator LiFePO4 stacji gwarantuje wi\u0119ksze bezpiecze\u0144stwo ni\u017c tradycyjne akumulatory litowo-jonowe i zapewnia a\u017c do 3000 pe\u0142nych cykli \u0142adowania przy zachowaniu 80% pierwotnej pojemno\u015bci. Dzi\u0119ki temu mo\u017cesz cieszy\u0107 si\u0119 niezawodnym \u017ar\u00f3d\u0142em energii przez oko\u0142o 10 lat.<\/p>\n<p>\n<img decoding=\"async\" src=\"https:\/\/assets.innpro.pl\/11040\/13009\/8.jpg\" border=\"0\" alt=\"Kobieta w kuchni wk\u0142ada tosty do tostera zasilanego przez stacj\u0119 EcoFlow RIVER 3\" \/>\n<\/p>\n<h3>Kompatybilno\u015b\u0107 z aplikacj\u0105 EcoFlow<\/h3>\n<p>Aplikacja pozwala na zdalne monitorowanie i zarz\u0105dzanie dzia\u0142aniem stacji za pomoc\u0105 smartfona. Z jej poziomu wygodnie sprawdzisz stan na\u0142adowania, moc wyj\u015bciow\u0105, pozosta\u0142y czas pracy i inne istotne parametry. Miej pe\u0142n\u0105 kontrol\u0119 nad swoim sprz\u0119tem niezale\u017cnie od tego, gdzie si\u0119 znajdujesz!<\/p>\n<p>\n<img decoding=\"async\" src=\"https:\/\/assets.innpro.pl\/11040\/13009\/5.jpg\" border=\"0\" alt=\"Roz\u0142o\u017cony ob\u00f3z z namiotem dachowym przy SUV-ie w g\u00f3rach, na stole widoczna stacja EcoFlow RIVER 3\" \/>\n<\/p>\n<h3>W zestawie:<\/h3>\n<ul class=\"list-disc pl-5\">\n<li>Przeno\u015bna stacja zasilania EcoFlow RIVER 3 Plus\/RIVER 3 Plus (270) <\/li>\n<li>Kabel \u0142aduj\u0105cy AC <\/li>\n<li>Kabel komunikacyjny UPS USB-B do USB-A <\/li>\n<li>Instrukcje obs\u0142ugi i karta gwarancyjna<\/li>\n<\/ul>\n<div class=\"table-wrapper\">\n<p>\u00a0<\/p>\n<h3>Og\u00f3lne<\/h3>\n<table>\n<tbody>\n<tr>\n<th>Producent<\/th>\n<td>EcoFlow<\/td>\n<\/tr>\n<tr>\n<th>Model<\/th>\n<td>RIVER 3<\/td>\n<\/tr>\n<tr>\n<th>Pojemno\u015b\u0107 <\/th>\n<td>245 Wh<\/td>\n<\/tr>\n<tr>\n<th>Wymiary<\/th>\n<td>255 x 212 x 113 mm<\/td>\n<\/tr>\n<tr>\n<th>Waga<\/th>\n<td>3.55 kg<\/td>\n<\/tr>\n<\/tbody>\n<\/table>\n<p>\u00a0<\/p>\n<h3>Akumulator<\/h3>\n<table>\n<tbody>\n<tr>\n<th>Typ akumulatora<\/th>\n<td>LFP (LiFePO4)<\/td>\n<\/tr>\n<tr>\n<th>\u017bywotno\u015b\u0107 akumulatora<\/th>\n<td>80% pojemno\u015bci po 3000 cykli \u0142adowania<\/td>\n<\/tr>\n<\/tbody>\n<\/table>\n<p>\u00a0<\/p>\n<h3>Wyj\u015bcia<\/h3>\n<table>\n<tbody>\n<tr>\n<th>AC<\/th>\n<td>300 W (maks. 600 W w trybie X-Boost) <\/td>\n<\/tr>\n<tr>\n<th>USB-A<\/th>\n<td>2 porty, 12 W na port, \u0142\u0105cznie 24 W <\/td>\n<\/tr>\n<tr>\n<th>USB-C <\/th>\n<td>1 port, 100 W <\/td>\n<\/tr>\n<tr>\n<th>Wyj\u015bcie samochodowe<\/th>\n<td>1 port, 12.6 V, 100 W<\/td>\n<\/tr>\n<\/tbody>\n<\/table>\n<p>\u00a0<\/p>\n<h3>Wej\u015bcia<\/h3>\n<table>\n<tbody>\n<tr>\n<th>\u0141adowanie AC <\/th>\n<td>200~240V, 3A Max, 50\/60Hz, 3300 W \u2013 pe\u0142ne na\u0142adowanie w godzin\u0119<\/td>\n<\/tr>\n<tr>\n<th>\u0141adowanie przy u\u017cyciu paneli fotowoltaicznych <\/th>\n<td>11-30V, 8A, 110 W \u2013 pe\u0142ne na\u0142adowanie w 2.6 godziny (45 W \u2013 pe\u0142ne na\u0142adowanie w 6.3 godziny, 60 W \u2013 pe\u0142ne na\u0142adowanie w 4.7 godziny)<\/td>\n<\/tr>\n<tr>\n<th>\u0141adowanie przy u\u017cyciu \u0142adowarki samochodowej<\/th>\n<td>11~30V, 8A (maks.), 1100 W (pe\u0142ne na\u0142adowanie w 2.8 godziny)<\/td>\n<\/tr>\n<\/tbody>\n<\/table>\n<p>\u00a0<\/p>\n<h3>Inne<\/h3>\n<table>\n<tbody>\n<tr>\n<th>UPS<\/th>\n<td><20 ms<\/td>\n<\/tr>\n<tr>\n<th>Kompatybilno\u015b\u0107 z aplikacj\u0105<\/th>\n<td>tak<\/td>\n<\/tr>\n<tr>\n<th>\u0141\u0105czno\u015b\u0107<\/th>\n<td>Wi-Fi, Bluetooth<\/td>\n<\/tr>\n<tr>\n<th>Poziom ha\u0142asu <\/th>\n<td>30 dB<\/td>\n<\/tr>\n<\/tbody>\n<\/table>\n<p>\u00a0<\/p>\n<h3>Temperatura \u015brodowiskowa<\/h3>\n<table>\n<tbody>\n<tr>\n<th>Optymalna temperatura pracy<\/th>\n<td>od 20\u00b0C do 30\u00b0C<\/td>\n<\/tr>\n<tr>\n<th>Temperatura podczas \u0142adowania<\/th>\n<td>od 0\u00b0C do 45\u00b0C<\/td>\n<\/tr>\n<tr>\n<th>Temperatura podczas roz\u0142adowania<\/th>\n<td>od -10\u00b0C do 45\u00b0C<\/td>\n<\/tr>\n<tr>\n<th>Temperatura przechowywania<\/th>\n<td>od 20\u00b0C do 30\u00b0C<\/td>\n<\/tr>\n<\/tbody>\n<\/table>\n<\/div>\n","protected":false},"excerpt":{"rendered":"<p>Przeno\u015bna stacja EcoFlow RIVER 3 Stacja zasilania EcoFlow RIVER 3 oferuje pojemno\u015b\u0107 wynosz\u0105c\u0105 245 Wh i moc wyj\u015bciow\u0105 na poziomie<\/p>\n","protected":false},"featured_media":0,"comment_status":"closed","ping_status":"open","template":"","meta":{"_acf_changed":false},"product_brand":[],"product_cat":[1108,1111,6199],"product_tag":[],"class_list":{"0":"post-59845","1":"product","2":"type-product","3":"status-publish","5":"product_cat-energia","6":"product_cat-stacje-zasilania","7":"product_cat-stacje-zasilania-stacje-zasilania","8":"pa_okres-gwarancji-5757","9":"pa_producent-ecoflow","11":"first","12":"outofstock","13":"taxable","14":"shipping-taxable","15":"purchasable","16":"product-type-simple"},"acf":[],"yoast_head":"<!-- This site is optimized with the Yoast SEO plugin v27.2 - https:\/\/yoast.com\/product\/yoast-seo-wordpress\/ -->\n<title>Przeno\u015bna stacja EcoFlow RIVER 3 - IRONSKY.PL Sklep z Dronami<\/title>\n<meta name=\"description\" content=\"Przeno\u015bna stacja EcoFlow RIVER 3 - \u2705 sklep z dronami i fachowym doradztwem. \u2705 Tutaj kupisz produkty DJI, Yuneec, Parrot, Syma i wiele innych, a tak\u017ce kursy i licencje na operatora drona.\" \/>\n<meta name=\"robots\" content=\"index, follow, max-snippet:-1, max-image-preview:large, max-video-preview:-1\" \/>\n<link rel=\"canonical\" href=\"https:\/\/ironsky.pl\/sklep\/produkt\/przenosna-stacja-ecoflow-river-3-2\/\" \/>\n<meta property=\"og:locale\" content=\"pl_PL\" \/>\n<meta property=\"og:type\" content=\"article\" \/>\n<meta property=\"og:title\" content=\"Przeno\u015bna stacja EcoFlow RIVER 3 - IRONSKY.PL Sklep z Dronami\" \/>\n<meta property=\"og:description\" content=\"Przeno\u015bna stacja EcoFlow RIVER 3 - \u2705 sklep z dronami i fachowym doradztwem. \u2705 Tutaj kupisz produkty DJI, Yuneec, Parrot, Syma i wiele innych, a tak\u017ce kursy i licencje na operatora drona.\" \/>\n<meta property=\"og:url\" content=\"https:\/\/ironsky.pl\/sklep\/produkt\/przenosna-stacja-ecoflow-river-3-2\/\" \/>\n<meta property=\"og:site_name\" content=\"IRONSKY.PL Sklep z Dronami\" \/>\n<meta property=\"article:modified_time\" content=\"2026-04-15T08:52:29+00:00\" \/>\n<meta property=\"og:image\" content=\"https:\/\/assets.innpro.pl\/11040\/13009\/11.jpg\" \/>\n<meta name=\"twitter:card\" content=\"summary_large_image\" \/>\n<meta name=\"twitter:label1\" content=\"Szacowany czas czytania\" \/>\n\t<meta name=\"twitter:data1\" content=\"4 minuty\" \/>\n<script type=\"application\/ld+json\" class=\"yoast-schema-graph\">{\"@context\":\"https:\/\/schema.org\",\"@graph\":[{\"@type\":\"WebPage\",\"@id\":\"https:\/\/ironsky.pl\/sklep\/produkt\/przenosna-stacja-ecoflow-river-3-2\/\",\"url\":\"https:\/\/ironsky.pl\/sklep\/produkt\/przenosna-stacja-ecoflow-river-3-2\/\",\"name\":\"Przeno\u015bna stacja EcoFlow RIVER 3 - IRONSKY.PL Sklep z Dronami\",\"isPartOf\":{\"@id\":\"https:\/\/ironsky.pl\/sklep\/#website\"},\"primaryImageOfPage\":{\"@id\":\"https:\/\/ironsky.pl\/sklep\/produkt\/przenosna-stacja-ecoflow-river-3-2\/#primaryimage\"},\"image\":{\"@id\":\"https:\/\/ironsky.pl\/sklep\/produkt\/przenosna-stacja-ecoflow-river-3-2\/#primaryimage\"},\"thumbnailUrl\":\"https:\/\/assets.innpro.pl\/11040\/13009\/11.jpg\",\"datePublished\":\"2026-04-15T08:52:20+00:00\",\"dateModified\":\"2026-04-15T08:52:29+00:00\",\"description\":\"Przeno\u015bna stacja EcoFlow RIVER 3 - \u2705 sklep z dronami i fachowym doradztwem. \u2705 Tutaj kupisz produkty DJI, Yuneec, Parrot, Syma i wiele innych, a tak\u017ce kursy i licencje na operatora drona.\",\"breadcrumb\":{\"@id\":\"https:\/\/ironsky.pl\/sklep\/produkt\/przenosna-stacja-ecoflow-river-3-2\/#breadcrumb\"},\"inLanguage\":\"pl-PL\",\"potentialAction\":[{\"@type\":\"ReadAction\",\"target\":[\"https:\/\/ironsky.pl\/sklep\/produkt\/przenosna-stacja-ecoflow-river-3-2\/\"]}]},{\"@type\":\"ImageObject\",\"inLanguage\":\"pl-PL\",\"@id\":\"https:\/\/ironsky.pl\/sklep\/produkt\/przenosna-stacja-ecoflow-river-3-2\/#primaryimage\",\"url\":\"https:\/\/assets.innpro.pl\/11040\/13009\/11.jpg\",\"contentUrl\":\"https:\/\/assets.innpro.pl\/11040\/13009\/11.jpg\"},{\"@type\":\"BreadcrumbList\",\"@id\":\"https:\/\/ironsky.pl\/sklep\/produkt\/przenosna-stacja-ecoflow-river-3-2\/#breadcrumb\",\"itemListElement\":[{\"@type\":\"ListItem\",\"position\":1,\"name\":\"Strona g\u0142\u00f3wna\",\"item\":\"https:\/\/ironsky.pl\/sklep\/\"},{\"@type\":\"ListItem\",\"position\":2,\"name\":\"Wszystkie produkty\",\"item\":\"https:\/\/ironsky.pl\/sklep\/produkty\/\"},{\"@type\":\"ListItem\",\"position\":3,\"name\":\"Przeno\u015bna stacja EcoFlow RIVER 3\"}]},{\"@type\":\"WebSite\",\"@id\":\"https:\/\/ironsky.pl\/sklep\/#website\",\"url\":\"https:\/\/ironsky.pl\/sklep\/\",\"name\":\"IRONSKY.PL Sklep z Dronami\",\"description\":\"IRONSKY.PL Sklep z Dronami\",\"potentialAction\":[{\"@type\":\"SearchAction\",\"target\":{\"@type\":\"EntryPoint\",\"urlTemplate\":\"https:\/\/ironsky.pl\/sklep\/?s={search_term_string}\"},\"query-input\":{\"@type\":\"PropertyValueSpecification\",\"valueRequired\":true,\"valueName\":\"search_term_string\"}}],\"inLanguage\":\"pl-PL\"}]}<\/script>\n<!-- \/ Yoast SEO plugin. -->","yoast_head_json":{"title":"Przeno\u015bna stacja EcoFlow RIVER 3 - IRONSKY.PL Sklep z Dronami","description":"Przeno\u015bna stacja EcoFlow RIVER 3 - \u2705 sklep z dronami i fachowym doradztwem. \u2705 Tutaj kupisz produkty DJI, Yuneec, Parrot, Syma i wiele innych, a tak\u017ce kursy i licencje na operatora drona.","robots":{"index":"index","follow":"follow","max-snippet":"max-snippet:-1","max-image-preview":"max-image-preview:large","max-video-preview":"max-video-preview:-1"},"canonical":"https:\/\/ironsky.pl\/sklep\/produkt\/przenosna-stacja-ecoflow-river-3-2\/","og_locale":"pl_PL","og_type":"article","og_title":"Przeno\u015bna stacja EcoFlow RIVER 3 - IRONSKY.PL Sklep z Dronami","og_description":"Przeno\u015bna stacja EcoFlow RIVER 3 - \u2705 sklep z dronami i fachowym doradztwem. \u2705 Tutaj kupisz produkty DJI, Yuneec, Parrot, Syma i wiele innych, a tak\u017ce kursy i licencje na operatora drona.","og_url":"https:\/\/ironsky.pl\/sklep\/produkt\/przenosna-stacja-ecoflow-river-3-2\/","og_site_name":"IRONSKY.PL Sklep z Dronami","article_modified_time":"2026-04-15T08:52:29+00:00","og_image":[{"url":"https:\/\/assets.innpro.pl\/11040\/13009\/11.jpg","type":"","width":"","height":""}],"twitter_card":"summary_large_image","twitter_misc":{"Szacowany czas czytania":"4 minuty"},"schema":{"@context":"https:\/\/schema.org","@graph":[{"@type":"WebPage","@id":"https:\/\/ironsky.pl\/sklep\/produkt\/przenosna-stacja-ecoflow-river-3-2\/","url":"https:\/\/ironsky.pl\/sklep\/produkt\/przenosna-stacja-ecoflow-river-3-2\/","name":"Przeno\u015bna stacja EcoFlow RIVER 3 - IRONSKY.PL Sklep z Dronami","isPartOf":{"@id":"https:\/\/ironsky.pl\/sklep\/#website"},"primaryImageOfPage":{"@id":"https:\/\/ironsky.pl\/sklep\/produkt\/przenosna-stacja-ecoflow-river-3-2\/#primaryimage"},"image":{"@id":"https:\/\/ironsky.pl\/sklep\/produkt\/przenosna-stacja-ecoflow-river-3-2\/#primaryimage"},"thumbnailUrl":"https:\/\/assets.innpro.pl\/11040\/13009\/11.jpg","datePublished":"2026-04-15T08:52:20+00:00","dateModified":"2026-04-15T08:52:29+00:00","description":"Przeno\u015bna stacja EcoFlow RIVER 3 - \u2705 sklep z dronami i fachowym doradztwem. \u2705 Tutaj kupisz produkty DJI, Yuneec, Parrot, Syma i wiele innych, a tak\u017ce kursy i licencje na operatora drona.","breadcrumb":{"@id":"https:\/\/ironsky.pl\/sklep\/produkt\/przenosna-stacja-ecoflow-river-3-2\/#breadcrumb"},"inLanguage":"pl-PL","potentialAction":[{"@type":"ReadAction","target":["https:\/\/ironsky.pl\/sklep\/produkt\/przenosna-stacja-ecoflow-river-3-2\/"]}]},{"@type":"ImageObject","inLanguage":"pl-PL","@id":"https:\/\/ironsky.pl\/sklep\/produkt\/przenosna-stacja-ecoflow-river-3-2\/#primaryimage","url":"https:\/\/assets.innpro.pl\/11040\/13009\/11.jpg","contentUrl":"https:\/\/assets.innpro.pl\/11040\/13009\/11.jpg"},{"@type":"BreadcrumbList","@id":"https:\/\/ironsky.pl\/sklep\/produkt\/przenosna-stacja-ecoflow-river-3-2\/#breadcrumb","itemListElement":[{"@type":"ListItem","position":1,"name":"Strona g\u0142\u00f3wna","item":"https:\/\/ironsky.pl\/sklep\/"},{"@type":"ListItem","position":2,"name":"Wszystkie produkty","item":"https:\/\/ironsky.pl\/sklep\/produkty\/"},{"@type":"ListItem","position":3,"name":"Przeno\u015bna stacja EcoFlow RIVER 3"}]},{"@type":"WebSite","@id":"https:\/\/ironsky.pl\/sklep\/#website","url":"https:\/\/ironsky.pl\/sklep\/","name":"IRONSKY.PL Sklep z Dronami","description":"IRONSKY.PL Sklep z Dronami","potentialAction":[{"@type":"SearchAction","target":{"@type":"EntryPoint","urlTemplate":"https:\/\/ironsky.pl\/sklep\/?s={search_term_string}"},"query-input":{"@type":"PropertyValueSpecification","valueRequired":true,"valueName":"search_term_string"}}],"inLanguage":"pl-PL"}]}},"_links":{"self":[{"href":"https:\/\/ironsky.pl\/sklep\/wp-json\/wp\/v2\/product\/59845","targetHints":{"allow":["GET"]}}],"collection":[{"href":"https:\/\/ironsky.pl\/sklep\/wp-json\/wp\/v2\/product"}],"about":[{"href":"https:\/\/ironsky.pl\/sklep\/wp-json\/wp\/v2\/types\/product"}],"replies":[{"embeddable":true,"href":"https:\/\/ironsky.pl\/sklep\/wp-json\/wp\/v2\/comments?post=59845"}],"wp:attachment":[{"href":"https:\/\/ironsky.pl\/sklep\/wp-json\/wp\/v2\/media?parent=59845"}],"wp:term":[{"taxonomy":"product_brand","embeddable":true,"href":"https:\/\/ironsky.pl\/sklep\/wp-json\/wp\/v2\/product_brand?post=59845"},{"taxonomy":"product_cat","embeddable":true,"href":"https:\/\/ironsky.pl\/sklep\/wp-json\/wp\/v2\/product_cat?post=59845"},{"taxonomy":"product_tag","embeddable":true,"href":"https:\/\/ironsky.pl\/sklep\/wp-json\/wp\/v2\/product_tag?post=59845"}],"curies":[{"name":"wp","href":"https:\/\/api.w.org\/{rel}","templated":true}]}}