{"id":59837,"date":"2026-04-15T10:52:20","date_gmt":"2026-04-15T08:52:20","guid":{"rendered":"https:\/\/ironsky.pl\/sklep\/produkt\/powerbank-ecoflow-rapid-5000mah-niebieski\/"},"modified":"2026-04-15T10:52:23","modified_gmt":"2026-04-15T08:52:23","slug":"powerbank-ecoflow-rapid-5000mah-niebieski","status":"publish","type":"product","link":"https:\/\/ironsky.pl\/sklep\/produkt\/powerbank-ecoflow-rapid-5000mah-niebieski\/","title":{"rendered":"Powerbank ECOFLOW RAPID 5000mAh (niebieski)"},"content":{"rendered":"<h3>Powerbank magnetyczny EcoFlow RAPID, 5000mAh (niebieski)<\/h3>\n<p>Powerbank magnetyczny EcoFlow RAPID oferuje pojemno\u015b\u0107 wynosz\u0105c\u0105 5000 mAh. Z jego pomoc\u0105 na\u0142adujesz sw\u00f3j sprz\u0119t zar\u00f3wno w spos\u00f3b przewodowy (30W), jak i bezprzewodowy (15W). Do Twojej dyspozycji b\u0119dzie port USB-C i zintegrowany kabel USB-C. Urz\u0105dzenie obs\u0142uguje popularne protoko\u0142y \u0142adowania, takie jak PD, QC i PPS, pozwalaj\u0105c na szybkie i bezpieczne odnawianie energii.<\/p>\n<p>\n<img decoding=\"async\" src=\"https:\/\/assets.innpro.pl\/11058\/13036\/8.jpg\" border=\"0\" \/>\n<\/p>\n<h3>Szybkie \u0142adowanie przewodowe<\/h3>\n<p>EcoFlow RAPID wyposa\u017cony jest w port USB-C oraz zintegrowany kabel USB-C, dzi\u0119ki czemu umo\u017cliwia szybkie \u0142adowanie o mocy 30W. Czas \u0142adowania jest imponuj\u0105co kr\u00f3tki \u2013 12 minut wystarczy, aby poziom akumulatora osi\u0105gn\u0105\u0142 30%, 29 minut zapewnia 70%, a pe\u0142ne na\u0142adowanie trwa jedynie 55 minut. Obs\u0142uga protoko\u0142\u00f3w \u0142adowania, takich jak PD, QC, PPS, FCP, SCP i UFCS, gwarantuje du\u017c\u0105 kompatybilno\u015b\u0107 z r\u00f3\u017cnorodnymi urz\u0105dzeniami.<\/p>\n<p>\n<img decoding=\"async\" src=\"https:\/\/assets.innpro.pl\/11058\/13036\/1.jpg\" border=\"0\" \/>\n<\/p>\n<h3>Bezprzewodowa wygoda<\/h3>\n<p>Istnieje tak\u017ce mo\u017cliwo\u015b\u0107 \u0142adowania bezprzewodowego z moc\u0105 15W. Powerbank EcoFlow RAPID wspiera technologi\u0119 Qi1.0 (5W) oraz nowsz\u0105 wersj\u0119 Qi2.0 (15W), dostosowan\u0105 do modeli iPhone\u2019a od serii 13 wzwy\u017c. Dzi\u0119ki temu \u0142adowanie urz\u0105dze\u0144 Apple jest jeszcze efektywniejsze \u2013 w zaledwie 44 minuty poziom na\u0142adowania iPhone\u2019a 15 osi\u0105ga 50%.\u00a0<\/p>\n<p>\n<img decoding=\"async\" src=\"https:\/\/assets.innpro.pl\/11058\/13036\/5.jpg\" border=\"0\" \/>\n<\/p>\n<h3>Zawsze pod r\u0119k\u0105<\/h3>\n<p>Wymiary powerbanku EcoFlow RAPID wynosz\u0105 108 x 70 x 13.9 mm, a jego waga nie przekracza 165 g. Mo\u017cesz wi\u0119c wygodnie schowa\u0107 go do torby czy kieszeni bez obaw o dodatkowe obci\u0105\u017cenie. Pojemno\u015b\u0107 wynosz\u0105ca 5000 mAh zapewnia niezawodne wsparcie tak\u017ce podczas podr\u00f3\u017cy<\/p>\n<p>\n<img decoding=\"async\" src=\"https:\/\/assets.innpro.pl\/11058\/13036\/3.jpg\" border=\"0\" \/>\n<\/p>\n<div class=\"table-wrapper\">\n<p>\u00a0<\/p>\n<h3><\/h3>\n<table>\n<tbody>\n<tr>\n<th>Producent<\/th>\n<td>EcoFlow<\/td>\n<\/tr>\n<tr>\n<th>Model<\/th>\n<td>RAPID<\/td>\n<\/tr>\n<tr>\n<th>Kolor<\/th>\n<td>niebieski<\/td>\n<\/tr>\n<tr>\n<th>Typ akumulatora<\/th>\n<td>litowo-kobaltowy<\/td>\n<\/tr>\n<tr>\n<th>Pojemno\u015b\u0107 akumulatora<\/th>\n<td>5000 mAh<\/td>\n<\/tr>\n<tr>\n<th>Porty<\/th>\n<td>C1: wbudowany kabel USB-C (wej\u015bcie\/wyj\u015bcie) \/ C2: Port USB-C (wej\u015bcie\/wyj\u015bcie)<\/td>\n<\/tr>\n<tr>\n<th>Moc wej\u015bciowa \u0142adowania przewodowego<\/th>\n<td>30W<\/td>\n<\/tr>\n<tr>\n<th>Czas \u0142adowania<\/th>\n<td>12 min \u2013 30% \/ 29 min \u2013 70% \/ 55 min \u2013 100%<\/td>\n<\/tr>\n<tr>\n<th>Moc wyj\u015bciowa \u0142adowania przewodowego<\/th>\n<td>30W<\/td>\n<\/tr>\n<tr>\n<th>Obs\u0142ugiwane protoko\u0142y \u0142adowania przewodowego<\/th>\n<td>PD, QC, PPS, FCP, SCP, UFCS<\/td>\n<\/tr>\n<tr>\n<th>Moc wyj\u015bciowa \u0142adowania bezprzewodowego<\/th>\n<td>15W<\/td>\n<\/tr>\n<tr>\n<th>Obs\u0142ugiwane protoko\u0142y \u0142adowania bezprzewodowego<\/th>\n<td>Qi1.0 (5W, Android) \/ Qi2.0 (15W, iPhone 13 i nowsze)<\/td>\n<\/tr>\n<tr>\n<th>Czas \u0142adowania bezprzewodowego <\/th>\n<td>44 min, aby na\u0142adowa\u0107 iPhone&#8217;a 15 do 50%<\/td>\n<\/tr>\n<tr>\n<th>EMC<\/th>\n<td>Klasa B<\/td>\n<\/tr>\n<tr>\n<th>Wymiary<\/th>\n<td>108 x 70 x 13.9 mm<\/td>\n<\/tr>\n<tr>\n<th>Waga <\/th>\n<td>165 g<\/td>\n<\/tr>\n<\/tbody>\n<\/table>\n<\/div>\n","protected":false},"excerpt":{"rendered":"<p>Powerbank magnetyczny EcoFlow RAPID, 5000mAh (niebieski) Powerbank magnetyczny EcoFlow RAPID oferuje pojemno\u015b\u0107 wynosz\u0105c\u0105 5000 mAh. Z jego pomoc\u0105 na\u0142adujesz sw\u00f3j<\/p>\n","protected":false},"featured_media":59838,"comment_status":"closed","ping_status":"open","template":"","meta":{"_acf_changed":false},"product_brand":[],"product_cat":[1108,1113],"product_tag":[],"class_list":{"0":"post-59837","1":"product","2":"type-product","3":"status-publish","4":"has-post-thumbnail","6":"product_cat-energia","7":"product_cat-powerbanki","8":"pa_okres-gwarancji-5757","9":"pa_producent-ecoflow","11":"first","12":"outofstock","13":"taxable","14":"shipping-taxable","15":"purchasable","16":"product-type-simple"},"acf":[],"yoast_head":"<!-- This site is optimized with the Yoast SEO plugin v27.2 - https:\/\/yoast.com\/product\/yoast-seo-wordpress\/ -->\n<title>Powerbank ECOFLOW RAPID 5000mAh (niebieski) - IRONSKY.PL Sklep z Dronami<\/title>\n<meta name=\"description\" content=\"Powerbank ECOFLOW RAPID 5000mAh (niebieski) - \u2705 sklep z dronami i fachowym doradztwem. \u2705 Tutaj kupisz produkty DJI, Yuneec, Parrot, Syma i wiele innych, a tak\u017ce kursy i licencje na operatora drona.\" \/>\n<meta name=\"robots\" content=\"index, follow, max-snippet:-1, max-image-preview:large, max-video-preview:-1\" \/>\n<link rel=\"canonical\" href=\"https:\/\/ironsky.pl\/sklep\/produkt\/powerbank-ecoflow-rapid-5000mah-niebieski\/\" \/>\n<meta property=\"og:locale\" content=\"pl_PL\" \/>\n<meta property=\"og:type\" content=\"article\" \/>\n<meta property=\"og:title\" content=\"Powerbank ECOFLOW RAPID 5000mAh (niebieski) - IRONSKY.PL Sklep z Dronami\" \/>\n<meta property=\"og:description\" content=\"Powerbank ECOFLOW RAPID 5000mAh (niebieski) - \u2705 sklep z dronami i fachowym doradztwem. \u2705 Tutaj kupisz produkty DJI, Yuneec, Parrot, Syma i wiele innych, a tak\u017ce kursy i licencje na operatora drona.\" \/>\n<meta property=\"og:url\" content=\"https:\/\/ironsky.pl\/sklep\/produkt\/powerbank-ecoflow-rapid-5000mah-niebieski\/\" \/>\n<meta property=\"og:site_name\" content=\"IRONSKY.PL Sklep z Dronami\" \/>\n<meta property=\"article:modified_time\" content=\"2026-04-15T08:52:23+00:00\" \/>\n<meta property=\"og:image\" content=\"https:\/\/ironsky.pl\/sklep\/wp-content\/uploads\/2026\/04\/48394_1.png\" \/>\n\t<meta property=\"og:image:width\" content=\"1200\" \/>\n\t<meta property=\"og:image:height\" content=\"1200\" \/>\n\t<meta property=\"og:image:type\" content=\"image\/png\" \/>\n<meta name=\"twitter:card\" content=\"summary_large_image\" \/>\n<meta name=\"twitter:label1\" content=\"Szacowany czas czytania\" \/>\n\t<meta name=\"twitter:data1\" content=\"2 minuty\" \/>\n<script type=\"application\/ld+json\" class=\"yoast-schema-graph\">{\"@context\":\"https:\/\/schema.org\",\"@graph\":[{\"@type\":\"WebPage\",\"@id\":\"https:\/\/ironsky.pl\/sklep\/produkt\/powerbank-ecoflow-rapid-5000mah-niebieski\/\",\"url\":\"https:\/\/ironsky.pl\/sklep\/produkt\/powerbank-ecoflow-rapid-5000mah-niebieski\/\",\"name\":\"Powerbank ECOFLOW RAPID 5000mAh (niebieski) - IRONSKY.PL Sklep z Dronami\",\"isPartOf\":{\"@id\":\"https:\/\/ironsky.pl\/sklep\/#website\"},\"primaryImageOfPage\":{\"@id\":\"https:\/\/ironsky.pl\/sklep\/produkt\/powerbank-ecoflow-rapid-5000mah-niebieski\/#primaryimage\"},\"image\":{\"@id\":\"https:\/\/ironsky.pl\/sklep\/produkt\/powerbank-ecoflow-rapid-5000mah-niebieski\/#primaryimage\"},\"thumbnailUrl\":\"https:\/\/ironsky.pl\/sklep\/wp-content\/uploads\/2026\/04\/48394_1.png\",\"datePublished\":\"2026-04-15T08:52:20+00:00\",\"dateModified\":\"2026-04-15T08:52:23+00:00\",\"description\":\"Powerbank ECOFLOW RAPID 5000mAh (niebieski) - \u2705 sklep z dronami i fachowym doradztwem. \u2705 Tutaj kupisz produkty DJI, Yuneec, Parrot, Syma i wiele innych, a tak\u017ce kursy i licencje na operatora drona.\",\"breadcrumb\":{\"@id\":\"https:\/\/ironsky.pl\/sklep\/produkt\/powerbank-ecoflow-rapid-5000mah-niebieski\/#breadcrumb\"},\"inLanguage\":\"pl-PL\",\"potentialAction\":[{\"@type\":\"ReadAction\",\"target\":[\"https:\/\/ironsky.pl\/sklep\/produkt\/powerbank-ecoflow-rapid-5000mah-niebieski\/\"]}]},{\"@type\":\"ImageObject\",\"inLanguage\":\"pl-PL\",\"@id\":\"https:\/\/ironsky.pl\/sklep\/produkt\/powerbank-ecoflow-rapid-5000mah-niebieski\/#primaryimage\",\"url\":\"https:\/\/ironsky.pl\/sklep\/wp-content\/uploads\/2026\/04\/48394_1.png\",\"contentUrl\":\"https:\/\/ironsky.pl\/sklep\/wp-content\/uploads\/2026\/04\/48394_1.png\",\"width\":1200,\"height\":1200},{\"@type\":\"BreadcrumbList\",\"@id\":\"https:\/\/ironsky.pl\/sklep\/produkt\/powerbank-ecoflow-rapid-5000mah-niebieski\/#breadcrumb\",\"itemListElement\":[{\"@type\":\"ListItem\",\"position\":1,\"name\":\"Strona g\u0142\u00f3wna\",\"item\":\"https:\/\/ironsky.pl\/sklep\/\"},{\"@type\":\"ListItem\",\"position\":2,\"name\":\"Wszystkie produkty\",\"item\":\"https:\/\/ironsky.pl\/sklep\/produkty\/\"},{\"@type\":\"ListItem\",\"position\":3,\"name\":\"Powerbank ECOFLOW RAPID 5000mAh (niebieski)\"}]},{\"@type\":\"WebSite\",\"@id\":\"https:\/\/ironsky.pl\/sklep\/#website\",\"url\":\"https:\/\/ironsky.pl\/sklep\/\",\"name\":\"IRONSKY.PL Sklep z Dronami\",\"description\":\"IRONSKY.PL Sklep z Dronami\",\"potentialAction\":[{\"@type\":\"SearchAction\",\"target\":{\"@type\":\"EntryPoint\",\"urlTemplate\":\"https:\/\/ironsky.pl\/sklep\/?s={search_term_string}\"},\"query-input\":{\"@type\":\"PropertyValueSpecification\",\"valueRequired\":true,\"valueName\":\"search_term_string\"}}],\"inLanguage\":\"pl-PL\"}]}<\/script>\n<!-- \/ Yoast SEO plugin. -->","yoast_head_json":{"title":"Powerbank ECOFLOW RAPID 5000mAh (niebieski) - IRONSKY.PL Sklep z Dronami","description":"Powerbank ECOFLOW RAPID 5000mAh (niebieski) - \u2705 sklep z dronami i fachowym doradztwem. \u2705 Tutaj kupisz produkty DJI, Yuneec, Parrot, Syma i wiele innych, a tak\u017ce kursy i licencje na operatora drona.","robots":{"index":"index","follow":"follow","max-snippet":"max-snippet:-1","max-image-preview":"max-image-preview:large","max-video-preview":"max-video-preview:-1"},"canonical":"https:\/\/ironsky.pl\/sklep\/produkt\/powerbank-ecoflow-rapid-5000mah-niebieski\/","og_locale":"pl_PL","og_type":"article","og_title":"Powerbank ECOFLOW RAPID 5000mAh (niebieski) - IRONSKY.PL Sklep z Dronami","og_description":"Powerbank ECOFLOW RAPID 5000mAh (niebieski) - \u2705 sklep z dronami i fachowym doradztwem. \u2705 Tutaj kupisz produkty DJI, Yuneec, Parrot, Syma i wiele innych, a tak\u017ce kursy i licencje na operatora drona.","og_url":"https:\/\/ironsky.pl\/sklep\/produkt\/powerbank-ecoflow-rapid-5000mah-niebieski\/","og_site_name":"IRONSKY.PL Sklep z Dronami","article_modified_time":"2026-04-15T08:52:23+00:00","og_image":[{"width":1200,"height":1200,"url":"https:\/\/ironsky.pl\/sklep\/wp-content\/uploads\/2026\/04\/48394_1.png","type":"image\/png"}],"twitter_card":"summary_large_image","twitter_misc":{"Szacowany czas czytania":"2 minuty"},"schema":{"@context":"https:\/\/schema.org","@graph":[{"@type":"WebPage","@id":"https:\/\/ironsky.pl\/sklep\/produkt\/powerbank-ecoflow-rapid-5000mah-niebieski\/","url":"https:\/\/ironsky.pl\/sklep\/produkt\/powerbank-ecoflow-rapid-5000mah-niebieski\/","name":"Powerbank ECOFLOW RAPID 5000mAh (niebieski) - IRONSKY.PL Sklep z Dronami","isPartOf":{"@id":"https:\/\/ironsky.pl\/sklep\/#website"},"primaryImageOfPage":{"@id":"https:\/\/ironsky.pl\/sklep\/produkt\/powerbank-ecoflow-rapid-5000mah-niebieski\/#primaryimage"},"image":{"@id":"https:\/\/ironsky.pl\/sklep\/produkt\/powerbank-ecoflow-rapid-5000mah-niebieski\/#primaryimage"},"thumbnailUrl":"https:\/\/ironsky.pl\/sklep\/wp-content\/uploads\/2026\/04\/48394_1.png","datePublished":"2026-04-15T08:52:20+00:00","dateModified":"2026-04-15T08:52:23+00:00","description":"Powerbank ECOFLOW RAPID 5000mAh (niebieski) - \u2705 sklep z dronami i fachowym doradztwem. \u2705 Tutaj kupisz produkty DJI, Yuneec, Parrot, Syma i wiele innych, a tak\u017ce kursy i licencje na operatora drona.","breadcrumb":{"@id":"https:\/\/ironsky.pl\/sklep\/produkt\/powerbank-ecoflow-rapid-5000mah-niebieski\/#breadcrumb"},"inLanguage":"pl-PL","potentialAction":[{"@type":"ReadAction","target":["https:\/\/ironsky.pl\/sklep\/produkt\/powerbank-ecoflow-rapid-5000mah-niebieski\/"]}]},{"@type":"ImageObject","inLanguage":"pl-PL","@id":"https:\/\/ironsky.pl\/sklep\/produkt\/powerbank-ecoflow-rapid-5000mah-niebieski\/#primaryimage","url":"https:\/\/ironsky.pl\/sklep\/wp-content\/uploads\/2026\/04\/48394_1.png","contentUrl":"https:\/\/ironsky.pl\/sklep\/wp-content\/uploads\/2026\/04\/48394_1.png","width":1200,"height":1200},{"@type":"BreadcrumbList","@id":"https:\/\/ironsky.pl\/sklep\/produkt\/powerbank-ecoflow-rapid-5000mah-niebieski\/#breadcrumb","itemListElement":[{"@type":"ListItem","position":1,"name":"Strona g\u0142\u00f3wna","item":"https:\/\/ironsky.pl\/sklep\/"},{"@type":"ListItem","position":2,"name":"Wszystkie produkty","item":"https:\/\/ironsky.pl\/sklep\/produkty\/"},{"@type":"ListItem","position":3,"name":"Powerbank ECOFLOW RAPID 5000mAh (niebieski)"}]},{"@type":"WebSite","@id":"https:\/\/ironsky.pl\/sklep\/#website","url":"https:\/\/ironsky.pl\/sklep\/","name":"IRONSKY.PL Sklep z Dronami","description":"IRONSKY.PL Sklep z Dronami","potentialAction":[{"@type":"SearchAction","target":{"@type":"EntryPoint","urlTemplate":"https:\/\/ironsky.pl\/sklep\/?s={search_term_string}"},"query-input":{"@type":"PropertyValueSpecification","valueRequired":true,"valueName":"search_term_string"}}],"inLanguage":"pl-PL"}]}},"_links":{"self":[{"href":"https:\/\/ironsky.pl\/sklep\/wp-json\/wp\/v2\/product\/59837","targetHints":{"allow":["GET"]}}],"collection":[{"href":"https:\/\/ironsky.pl\/sklep\/wp-json\/wp\/v2\/product"}],"about":[{"href":"https:\/\/ironsky.pl\/sklep\/wp-json\/wp\/v2\/types\/product"}],"replies":[{"embeddable":true,"href":"https:\/\/ironsky.pl\/sklep\/wp-json\/wp\/v2\/comments?post=59837"}],"wp:featuredmedia":[{"embeddable":true,"href":"https:\/\/ironsky.pl\/sklep\/wp-json\/wp\/v2\/media\/59838"}],"wp:attachment":[{"href":"https:\/\/ironsky.pl\/sklep\/wp-json\/wp\/v2\/media?parent=59837"}],"wp:term":[{"taxonomy":"product_brand","embeddable":true,"href":"https:\/\/ironsky.pl\/sklep\/wp-json\/wp\/v2\/product_brand?post=59837"},{"taxonomy":"product_cat","embeddable":true,"href":"https:\/\/ironsky.pl\/sklep\/wp-json\/wp\/v2\/product_cat?post=59837"},{"taxonomy":"product_tag","embeddable":true,"href":"https:\/\/ironsky.pl\/sklep\/wp-json\/wp\/v2\/product_tag?post=59837"}],"curies":[{"name":"wp","href":"https:\/\/api.w.org\/{rel}","templated":true}]}}