{"id":59832,"date":"2026-04-15T10:51:52","date_gmt":"2026-04-15T08:51:52","guid":{"rendered":"https:\/\/ironsky.pl\/sklep\/produkt\/filtr-cpl-freewell-do-dji-air-3s-2\/"},"modified":"2026-04-15T10:52:19","modified_gmt":"2026-04-15T08:52:19","slug":"filtr-cpl-freewell-do-dji-air-3s-2","status":"publish","type":"product","link":"https:\/\/ironsky.pl\/sklep\/produkt\/filtr-cpl-freewell-do-dji-air-3s-2\/","title":{"rendered":"Filtr CPL FREEWELL do DJI Air 3S"},"content":{"rendered":"<h3>Filtr CPL Freewell do DJI Air 3S<\/h3>\n<p>Filtr Freewell zaprojektowany specjalnie dla modeli DJI Air 3S. Filtr optyczny CPL (Circular Polarizing Filter) charakteryzuje si\u0119 tym, \u017ce redukuje odblaski \u015bwiat\u0142a, poprawia nasycenie kolor\u00f3w oraz kontrast, a tak\u017ce zwi\u0119ksza g\u0142\u0119bi\u0119 pola ostro\u015bci. B\u0119dzie szczeg\u00f3lnie przydatny w fotografii krajobrazowej, gdzie cz\u0119sto wyst\u0119puj\u0105 odblaski na wodzie, li\u015bciach, czy oknach. Filtr wyr\u00f3\u017cnia si\u0119 wysokiej jako\u015bci wykonaniem i przeszed\u0142 szereg test\u00f3w potwierdzaj\u0105cych bezpiecze\u0144stwo dla Twoich urz\u0105dze\u0144.<\/p>\n<p>\n<img decoding=\"async\" src=\"https:\/\/assets.innpro.pl\/12409\/14779\/2.jpg\" border=\"0\" \/>\n<\/p>\n<h3>Zadbaj o wysok\u0105 jako\u015b\u0107 swoich zdj\u0119\u0107<\/h3>\n<p>Filtr polaryzacyjny zosta\u0142 zaprojektowany po to, by zredukowa\u0107 odbijaj\u0105ce si\u0119 od r\u00f3\u017cnych powierzchni \u015bwiat\u0142o, zapewniaj\u0105c jednocze\u015bnie neutralno\u015b\u0107 kolor\u00f3w. Zosta\u0142 pokryty specjaln\u0105 pow\u0142ok\u0105, kt\u00f3ra zapewnia optymaln\u0105 jako\u015b\u0107 obrazu. Twoje zdj\u0119cia mog\u0105 zyska\u0107 jeszcze wi\u0119ksz\u0105 g\u0142\u0119bi\u0119 i b\u0119d\u0105 zachwyca\u0107 naturalnym, klarownym obrazem!<\/p>\n<p>\n<img decoding=\"async\" src=\"https:\/\/assets.innpro.pl\/12409\/14779\/1.jpg\" border=\"0\" \/>\n<\/p>\n<h3>Technologia GimbalSafe<\/h3>\n<p>Freewell stawia na wysok\u0105 jako\u015b\u0107 wykonania i poddaje swoje produkty rygorystycznym testom, dzi\u0119ki czemu mo\u017cesz mie\u0107 pewno\u015b\u0107, \u017ce Tw\u00f3j dron b\u0119dzie bezpieczny. Filtr posiada ultra lekk\u0105 ramk\u0119, kt\u00f3ra nie obci\u0105\u017ca urz\u0105dzenia i nie wp\u0142ywa na jego r\u00f3wnowag\u0119.<\/p>\n<p>\n<img decoding=\"async\" src=\"https:\/\/assets.innpro.pl\/12409\/14779\/4.jpg\" border=\"0\" \/>\n<\/p>\n<h3>Ochronna pow\u0142oka<\/h3>\n<p>Dla uzyskania najlepszych efekt\u00f3w w czasie fotografowania w plenerze filtr zyska\u0142 specjaln\u0105 pow\u0142ok\u0119, dzi\u0119ki czemu jest on py\u0142oszczelny i odporny na zarysowania. Co wi\u0119cej, warstwa oleofobowa zapobiega t\u0142ustym plamom i odciskom palc\u00f3w, dzi\u0119ki czemu utrzymanie filtra w czysto\u015bci nie b\u0119dzie stanowi\u0142o problemu.<\/p>\n<p>\n<img decoding=\"async\" src=\"https:\/\/assets.innpro.pl\/12409\/14779\/5.jpg\" border=\"0\" \/>\n<\/p>\n<div class=\"table-wrapper\">\n<p>\u00a0<\/p>\n<h3><\/h3>\n<table>\n<tbody>\n<tr>\n<th>Producent<\/th>\n<td>Freewell<\/td>\n<\/tr>\n<tr>\n<th>Model<\/th>\n<td>FW-A3S-CPL<\/td>\n<\/tr>\n<tr>\n<th>Kompatybilno\u015b\u0107<\/th>\n<td>DJI Air 3S<\/td>\n<\/tr>\n<tr>\n<th>Typ filtra<\/th>\n<td>CPL<\/td>\n<\/tr>\n<tr>\n<th>Pow\u0142oki optyczne<\/th>\n<td>Py\u0142oszczelna, odporna na zarysowania, olejoodporna<\/td>\n<\/tr>\n<\/tbody>\n<\/table>\n<\/div>\n","protected":false},"excerpt":{"rendered":"<p>Filtr CPL Freewell do DJI Air 3S Filtr Freewell zaprojektowany specjalnie dla modeli DJI Air 3S. Filtr optyczny CPL (Circular<\/p>\n","protected":false},"featured_media":59833,"comment_status":"closed","ping_status":"open","template":"","meta":{"_acf_changed":false},"product_brand":[],"product_cat":[6167,1088,6200],"product_tag":[],"class_list":{"0":"post-59832","1":"product","2":"type-product","3":"status-publish","4":"has-post-thumbnail","6":"product_cat-akcesoria-do-dronow","7":"product_cat-drony","8":"product_cat-filtry-do-dronow-akcesoria-do-dronow","9":"pa_okres-gwarancji-5754","10":"pa_producent-freewell","12":"first","13":"outofstock","14":"taxable","15":"shipping-taxable","16":"purchasable","17":"product-type-simple"},"acf":[],"yoast_head":"<!-- This site is optimized with the Yoast SEO plugin v27.2 - https:\/\/yoast.com\/product\/yoast-seo-wordpress\/ -->\n<title>Filtr CPL FREEWELL do DJI Air 3S - IRONSKY.PL Sklep z Dronami<\/title>\n<meta name=\"description\" content=\"Filtr CPL FREEWELL do DJI Air 3S - \u2705 sklep z dronami i fachowym doradztwem. \u2705 Tutaj kupisz produkty DJI, Yuneec, Parrot, Syma i wiele innych, a tak\u017ce kursy i licencje na operatora drona.\" \/>\n<meta name=\"robots\" content=\"index, follow, max-snippet:-1, max-image-preview:large, max-video-preview:-1\" \/>\n<link rel=\"canonical\" href=\"https:\/\/ironsky.pl\/sklep\/produkt\/filtr-cpl-freewell-do-dji-air-3s-2\/\" \/>\n<meta property=\"og:locale\" content=\"pl_PL\" \/>\n<meta property=\"og:type\" content=\"article\" \/>\n<meta property=\"og:title\" content=\"Filtr CPL FREEWELL do DJI Air 3S - IRONSKY.PL Sklep z Dronami\" \/>\n<meta property=\"og:description\" content=\"Filtr CPL FREEWELL do DJI Air 3S - \u2705 sklep z dronami i fachowym doradztwem. \u2705 Tutaj kupisz produkty DJI, Yuneec, Parrot, Syma i wiele innych, a tak\u017ce kursy i licencje na operatora drona.\" \/>\n<meta property=\"og:url\" content=\"https:\/\/ironsky.pl\/sklep\/produkt\/filtr-cpl-freewell-do-dji-air-3s-2\/\" \/>\n<meta property=\"og:site_name\" content=\"IRONSKY.PL Sklep z Dronami\" \/>\n<meta property=\"article:modified_time\" content=\"2026-04-15T08:52:19+00:00\" \/>\n<meta property=\"og:image\" content=\"https:\/\/ironsky.pl\/sklep\/wp-content\/uploads\/2026\/04\/48353_1.jpg\" \/>\n\t<meta property=\"og:image:width\" content=\"800\" \/>\n\t<meta property=\"og:image:height\" content=\"800\" \/>\n\t<meta property=\"og:image:type\" content=\"image\/jpeg\" \/>\n<meta name=\"twitter:card\" content=\"summary_large_image\" \/>\n<meta name=\"twitter:label1\" content=\"Szacowany czas czytania\" \/>\n\t<meta name=\"twitter:data1\" content=\"1 minuta\" \/>\n<script type=\"application\/ld+json\" class=\"yoast-schema-graph\">{\"@context\":\"https:\/\/schema.org\",\"@graph\":[{\"@type\":\"WebPage\",\"@id\":\"https:\/\/ironsky.pl\/sklep\/produkt\/filtr-cpl-freewell-do-dji-air-3s-2\/\",\"url\":\"https:\/\/ironsky.pl\/sklep\/produkt\/filtr-cpl-freewell-do-dji-air-3s-2\/\",\"name\":\"Filtr CPL FREEWELL do DJI Air 3S - IRONSKY.PL Sklep z Dronami\",\"isPartOf\":{\"@id\":\"https:\/\/ironsky.pl\/sklep\/#website\"},\"primaryImageOfPage\":{\"@id\":\"https:\/\/ironsky.pl\/sklep\/produkt\/filtr-cpl-freewell-do-dji-air-3s-2\/#primaryimage\"},\"image\":{\"@id\":\"https:\/\/ironsky.pl\/sklep\/produkt\/filtr-cpl-freewell-do-dji-air-3s-2\/#primaryimage\"},\"thumbnailUrl\":\"https:\/\/ironsky.pl\/sklep\/wp-content\/uploads\/2026\/04\/48353_1.jpg\",\"datePublished\":\"2026-04-15T08:51:52+00:00\",\"dateModified\":\"2026-04-15T08:52:19+00:00\",\"description\":\"Filtr CPL FREEWELL do DJI Air 3S - \u2705 sklep z dronami i fachowym doradztwem. \u2705 Tutaj kupisz produkty DJI, Yuneec, Parrot, Syma i wiele innych, a tak\u017ce kursy i licencje na operatora drona.\",\"breadcrumb\":{\"@id\":\"https:\/\/ironsky.pl\/sklep\/produkt\/filtr-cpl-freewell-do-dji-air-3s-2\/#breadcrumb\"},\"inLanguage\":\"pl-PL\",\"potentialAction\":[{\"@type\":\"ReadAction\",\"target\":[\"https:\/\/ironsky.pl\/sklep\/produkt\/filtr-cpl-freewell-do-dji-air-3s-2\/\"]}]},{\"@type\":\"ImageObject\",\"inLanguage\":\"pl-PL\",\"@id\":\"https:\/\/ironsky.pl\/sklep\/produkt\/filtr-cpl-freewell-do-dji-air-3s-2\/#primaryimage\",\"url\":\"https:\/\/ironsky.pl\/sklep\/wp-content\/uploads\/2026\/04\/48353_1.jpg\",\"contentUrl\":\"https:\/\/ironsky.pl\/sklep\/wp-content\/uploads\/2026\/04\/48353_1.jpg\",\"width\":800,\"height\":800},{\"@type\":\"BreadcrumbList\",\"@id\":\"https:\/\/ironsky.pl\/sklep\/produkt\/filtr-cpl-freewell-do-dji-air-3s-2\/#breadcrumb\",\"itemListElement\":[{\"@type\":\"ListItem\",\"position\":1,\"name\":\"Strona g\u0142\u00f3wna\",\"item\":\"https:\/\/ironsky.pl\/sklep\/\"},{\"@type\":\"ListItem\",\"position\":2,\"name\":\"Wszystkie produkty\",\"item\":\"https:\/\/ironsky.pl\/sklep\/produkty\/\"},{\"@type\":\"ListItem\",\"position\":3,\"name\":\"Filtr CPL FREEWELL do DJI Air 3S\"}]},{\"@type\":\"WebSite\",\"@id\":\"https:\/\/ironsky.pl\/sklep\/#website\",\"url\":\"https:\/\/ironsky.pl\/sklep\/\",\"name\":\"IRONSKY.PL Sklep z Dronami\",\"description\":\"IRONSKY.PL Sklep z Dronami\",\"potentialAction\":[{\"@type\":\"SearchAction\",\"target\":{\"@type\":\"EntryPoint\",\"urlTemplate\":\"https:\/\/ironsky.pl\/sklep\/?s={search_term_string}\"},\"query-input\":{\"@type\":\"PropertyValueSpecification\",\"valueRequired\":true,\"valueName\":\"search_term_string\"}}],\"inLanguage\":\"pl-PL\"}]}<\/script>\n<!-- \/ Yoast SEO plugin. -->","yoast_head_json":{"title":"Filtr CPL FREEWELL do DJI Air 3S - IRONSKY.PL Sklep z Dronami","description":"Filtr CPL FREEWELL do DJI Air 3S - \u2705 sklep z dronami i fachowym doradztwem. \u2705 Tutaj kupisz produkty DJI, Yuneec, Parrot, Syma i wiele innych, a tak\u017ce kursy i licencje na operatora drona.","robots":{"index":"index","follow":"follow","max-snippet":"max-snippet:-1","max-image-preview":"max-image-preview:large","max-video-preview":"max-video-preview:-1"},"canonical":"https:\/\/ironsky.pl\/sklep\/produkt\/filtr-cpl-freewell-do-dji-air-3s-2\/","og_locale":"pl_PL","og_type":"article","og_title":"Filtr CPL FREEWELL do DJI Air 3S - IRONSKY.PL Sklep z Dronami","og_description":"Filtr CPL FREEWELL do DJI Air 3S - \u2705 sklep z dronami i fachowym doradztwem. \u2705 Tutaj kupisz produkty DJI, Yuneec, Parrot, Syma i wiele innych, a tak\u017ce kursy i licencje na operatora drona.","og_url":"https:\/\/ironsky.pl\/sklep\/produkt\/filtr-cpl-freewell-do-dji-air-3s-2\/","og_site_name":"IRONSKY.PL Sklep z Dronami","article_modified_time":"2026-04-15T08:52:19+00:00","og_image":[{"width":800,"height":800,"url":"https:\/\/ironsky.pl\/sklep\/wp-content\/uploads\/2026\/04\/48353_1.jpg","type":"image\/jpeg"}],"twitter_card":"summary_large_image","twitter_misc":{"Szacowany czas czytania":"1 minuta"},"schema":{"@context":"https:\/\/schema.org","@graph":[{"@type":"WebPage","@id":"https:\/\/ironsky.pl\/sklep\/produkt\/filtr-cpl-freewell-do-dji-air-3s-2\/","url":"https:\/\/ironsky.pl\/sklep\/produkt\/filtr-cpl-freewell-do-dji-air-3s-2\/","name":"Filtr CPL FREEWELL do DJI Air 3S - IRONSKY.PL Sklep z Dronami","isPartOf":{"@id":"https:\/\/ironsky.pl\/sklep\/#website"},"primaryImageOfPage":{"@id":"https:\/\/ironsky.pl\/sklep\/produkt\/filtr-cpl-freewell-do-dji-air-3s-2\/#primaryimage"},"image":{"@id":"https:\/\/ironsky.pl\/sklep\/produkt\/filtr-cpl-freewell-do-dji-air-3s-2\/#primaryimage"},"thumbnailUrl":"https:\/\/ironsky.pl\/sklep\/wp-content\/uploads\/2026\/04\/48353_1.jpg","datePublished":"2026-04-15T08:51:52+00:00","dateModified":"2026-04-15T08:52:19+00:00","description":"Filtr CPL FREEWELL do DJI Air 3S - \u2705 sklep z dronami i fachowym doradztwem. \u2705 Tutaj kupisz produkty DJI, Yuneec, Parrot, Syma i wiele innych, a tak\u017ce kursy i licencje na operatora drona.","breadcrumb":{"@id":"https:\/\/ironsky.pl\/sklep\/produkt\/filtr-cpl-freewell-do-dji-air-3s-2\/#breadcrumb"},"inLanguage":"pl-PL","potentialAction":[{"@type":"ReadAction","target":["https:\/\/ironsky.pl\/sklep\/produkt\/filtr-cpl-freewell-do-dji-air-3s-2\/"]}]},{"@type":"ImageObject","inLanguage":"pl-PL","@id":"https:\/\/ironsky.pl\/sklep\/produkt\/filtr-cpl-freewell-do-dji-air-3s-2\/#primaryimage","url":"https:\/\/ironsky.pl\/sklep\/wp-content\/uploads\/2026\/04\/48353_1.jpg","contentUrl":"https:\/\/ironsky.pl\/sklep\/wp-content\/uploads\/2026\/04\/48353_1.jpg","width":800,"height":800},{"@type":"BreadcrumbList","@id":"https:\/\/ironsky.pl\/sklep\/produkt\/filtr-cpl-freewell-do-dji-air-3s-2\/#breadcrumb","itemListElement":[{"@type":"ListItem","position":1,"name":"Strona g\u0142\u00f3wna","item":"https:\/\/ironsky.pl\/sklep\/"},{"@type":"ListItem","position":2,"name":"Wszystkie produkty","item":"https:\/\/ironsky.pl\/sklep\/produkty\/"},{"@type":"ListItem","position":3,"name":"Filtr CPL FREEWELL do DJI Air 3S"}]},{"@type":"WebSite","@id":"https:\/\/ironsky.pl\/sklep\/#website","url":"https:\/\/ironsky.pl\/sklep\/","name":"IRONSKY.PL Sklep z Dronami","description":"IRONSKY.PL Sklep z Dronami","potentialAction":[{"@type":"SearchAction","target":{"@type":"EntryPoint","urlTemplate":"https:\/\/ironsky.pl\/sklep\/?s={search_term_string}"},"query-input":{"@type":"PropertyValueSpecification","valueRequired":true,"valueName":"search_term_string"}}],"inLanguage":"pl-PL"}]}},"_links":{"self":[{"href":"https:\/\/ironsky.pl\/sklep\/wp-json\/wp\/v2\/product\/59832","targetHints":{"allow":["GET"]}}],"collection":[{"href":"https:\/\/ironsky.pl\/sklep\/wp-json\/wp\/v2\/product"}],"about":[{"href":"https:\/\/ironsky.pl\/sklep\/wp-json\/wp\/v2\/types\/product"}],"replies":[{"embeddable":true,"href":"https:\/\/ironsky.pl\/sklep\/wp-json\/wp\/v2\/comments?post=59832"}],"wp:featuredmedia":[{"embeddable":true,"href":"https:\/\/ironsky.pl\/sklep\/wp-json\/wp\/v2\/media\/59833"}],"wp:attachment":[{"href":"https:\/\/ironsky.pl\/sklep\/wp-json\/wp\/v2\/media?parent=59832"}],"wp:term":[{"taxonomy":"product_brand","embeddable":true,"href":"https:\/\/ironsky.pl\/sklep\/wp-json\/wp\/v2\/product_brand?post=59832"},{"taxonomy":"product_cat","embeddable":true,"href":"https:\/\/ironsky.pl\/sklep\/wp-json\/wp\/v2\/product_cat?post=59832"},{"taxonomy":"product_tag","embeddable":true,"href":"https:\/\/ironsky.pl\/sklep\/wp-json\/wp\/v2\/product_tag?post=59832"}],"curies":[{"name":"wp","href":"https:\/\/api.w.org\/{rel}","templated":true}]}}