{"id":59830,"date":"2026-04-15T10:51:52","date_gmt":"2026-04-15T08:51:52","guid":{"rendered":"https:\/\/ironsky.pl\/sklep\/produkt\/zestaw-filtrow-freewell-gnd0-9-gnd1-2-do-air-3s\/"},"modified":"2026-04-15T10:52:18","modified_gmt":"2026-04-15T08:52:18","slug":"zestaw-filtrow-freewell-gnd0-9-gnd1-2-do-air-3s","status":"publish","type":"product","link":"https:\/\/ironsky.pl\/sklep\/produkt\/zestaw-filtrow-freewell-gnd0-9-gnd1-2-do-air-3s\/","title":{"rendered":"Zestaw filtr\u00f3w FREEWELL GND0.9\/GND1.2 do Air 3S"},"content":{"rendered":"<h3>Zestaw 2 filtr\u00f3w Freewell Gradient do DJI Air 3S <\/h3>\n<p>Zestaw 2 filtr\u00f3w GND Freewell to idealne rozwi\u0105zanie dla posiadaczy drona DJI Air 3S, kt\u00f3rzy chc\u0105 uzyska\u0107 lepsz\u0105 jako\u015b\u0107 zdj\u0119\u0107 i film\u00f3w w warunkach zr\u00f3\u017cnicowanego o\u015bwietlenia. W zestawie znajduj\u0105 si\u0119 dwa filtry GND (Graduated Neutral Density) \u2013 filtr GND0.9 i filtr GND1.2, kt\u00f3re pozwalaj\u0105 na regulacj\u0119 ekspozycji w zale\u017cno\u015bci od poziomu o\u015bwietlenia na r\u00f3\u017cnych cz\u0119\u015bciach kadru. W zestawie znajduje si\u0119 tak\u017ce specjalne etui, kt\u00f3re umo\u017cliwia bezpieczne przechowywanie filtr\u00f3w i zapewnia ich ochron\u0119 przed uszkodzeniami mechanicznymi.<\/p>\n<p>\n<img decoding=\"async\" src=\"https:\/\/assets.innpro.pl\/12444\/14824\/1.jpg\" border=\"0\" \/>\n<\/p>\n<h3>Idealne uj\u0119cia w r\u00f3\u017cnych warunkach<\/h3>\n<p>Filtr GND0.9 redukuje ilo\u015b\u0107 \u015bwiat\u0142a wpadaj\u0105cego na po\u0142owie kadru, co umo\u017cliwia uzyskanie bardziej zr\u00f3wnowa\u017conej ekspozycji w przypadku, gdy niebo jest jasne, a ziemia ciemna. Natomiast filtr GND1.2 redukuje ilo\u015b\u0107 \u015bwiat\u0142a wpadaj\u0105cego na dw\u00f3ch trzecich kadru, co jest idealne do robienia zdj\u0119\u0107 w ekstremalnych warunkach o\u015bwietleniowych, kiedy r\u00f3\u017cnica jasno\u015bci mi\u0119dzy niebem a ziemi\u0105 jest bardzo du\u017ca.<\/p>\n<p>\n<img decoding=\"async\" src=\"https:\/\/assets.innpro.pl\/12444\/14824\/4.jpg\" border=\"0\" \/>\n<\/p>\n<h3>Wysoka jako\u015b\u0107 wykonania<\/h3>\n<p>Filtry zosta\u0142y wykonane z wysokiej klasy szk\u0142a optycznego, kt\u00f3re charakteryzuje si\u0119 niesamowit\u0105 odporno\u015bci\u0105 na zarysowania, py\u0142 czy oleiste plamy. Dzi\u0119ki temu mo\u017cesz mie\u0107 pewno\u015b\u0107, \u017ce zachowasz je w \u015bwietnym stanie przez d\u0142ugi czas! Ich monta\u017c nie b\u0119dzie stanowi\u0142 dla Ciebie \u017cadnego problemu. Nie musisz te\u017c martwi\u0107 si\u0119, \u017ce zaburz\u0105 dzia\u0142anie drona! Do zestawu do\u0142\u0105czono tak\u017ce etui, kt\u00f3re pozwala na bezpieczne przechowywanie filtr\u00f3w i zapewnia ich ochron\u0119 przed uszkodzeniami.<\/p>\n<p>\n<img decoding=\"async\" src=\"https:\/\/assets.innpro.pl\/12444\/14824\/3.jpg\" border=\"0\" \/>\n<\/p>\n<h3>W zestawie<\/h3>\n<ul class=\"list-disc pl-5\">\n<li>filtry (GND0.9, GND1.2)<\/li>\n<li>etui<\/li>\n<\/ul>\n<div class=\"table-wrapper\">\n<p>\u00a0<\/p>\n<h3><\/h3>\n<table>\n<tbody>\n<tr>\n<th>Producent<\/th>\n<td>Freewell<\/td>\n<\/tr>\n<tr>\n<th>Model<\/th>\n<td>FW-A3S-GND<\/td>\n<\/tr>\n<tr>\n<th>Kompatybilno\u015b\u0107<\/th>\n<td>DJI Air 3S<\/td>\n<\/tr>\n<\/tbody>\n<\/table>\n<\/div>\n","protected":false},"excerpt":{"rendered":"<p>Zestaw 2 filtr\u00f3w Freewell Gradient do DJI Air 3S Zestaw 2 filtr\u00f3w GND Freewell to idealne rozwi\u0105zanie dla posiadaczy drona<\/p>\n","protected":false},"featured_media":59831,"comment_status":"closed","ping_status":"open","template":"","meta":{"_acf_changed":false},"product_brand":[],"product_cat":[6167,1088,6200],"product_tag":[],"class_list":{"0":"post-59830","1":"product","2":"type-product","3":"status-publish","4":"has-post-thumbnail","6":"product_cat-akcesoria-do-dronow","7":"product_cat-drony","8":"product_cat-filtry-do-dronow-akcesoria-do-dronow","9":"pa_okres-gwarancji-5754","10":"pa_producent-freewell","12":"first","13":"outofstock","14":"taxable","15":"shipping-taxable","16":"purchasable","17":"product-type-simple"},"acf":[],"yoast_head":"<!-- This site is optimized with the Yoast SEO plugin v27.2 - https:\/\/yoast.com\/product\/yoast-seo-wordpress\/ -->\n<title>Zestaw filtr\u00f3w FREEWELL GND0.9\/GND1.2 do Air 3S - IRONSKY.PL Sklep z Dronami<\/title>\n<meta name=\"description\" content=\"Zestaw filtr\u00f3w FREEWELL GND0.9\/GND1.2 do Air 3S - \u2705 sklep z dronami i fachowym doradztwem. \u2705 Tutaj kupisz produkty DJI, Yuneec, Parrot, Syma i wiele innych, a tak\u017ce kursy i licencje na operatora drona.\" \/>\n<meta name=\"robots\" content=\"index, follow, max-snippet:-1, max-image-preview:large, max-video-preview:-1\" \/>\n<link rel=\"canonical\" href=\"https:\/\/ironsky.pl\/sklep\/produkt\/zestaw-filtrow-freewell-gnd0-9-gnd1-2-do-air-3s\/\" \/>\n<meta property=\"og:locale\" content=\"pl_PL\" \/>\n<meta property=\"og:type\" content=\"article\" \/>\n<meta property=\"og:title\" content=\"Zestaw filtr\u00f3w FREEWELL GND0.9\/GND1.2 do Air 3S - IRONSKY.PL Sklep z Dronami\" \/>\n<meta property=\"og:description\" content=\"Zestaw filtr\u00f3w FREEWELL GND0.9\/GND1.2 do Air 3S - \u2705 sklep z dronami i fachowym doradztwem. \u2705 Tutaj kupisz produkty DJI, Yuneec, Parrot, Syma i wiele innych, a tak\u017ce kursy i licencje na operatora drona.\" \/>\n<meta property=\"og:url\" content=\"https:\/\/ironsky.pl\/sklep\/produkt\/zestaw-filtrow-freewell-gnd0-9-gnd1-2-do-air-3s\/\" \/>\n<meta property=\"og:site_name\" content=\"IRONSKY.PL Sklep z Dronami\" \/>\n<meta property=\"article:modified_time\" content=\"2026-04-15T08:52:18+00:00\" \/>\n<meta property=\"og:image\" content=\"https:\/\/ironsky.pl\/sklep\/wp-content\/uploads\/2026\/04\/48347_1.jpg\" \/>\n\t<meta property=\"og:image:width\" content=\"800\" \/>\n\t<meta property=\"og:image:height\" content=\"800\" \/>\n\t<meta property=\"og:image:type\" content=\"image\/jpeg\" \/>\n<meta name=\"twitter:card\" content=\"summary_large_image\" \/>\n<meta name=\"twitter:label1\" content=\"Szacowany czas czytania\" \/>\n\t<meta name=\"twitter:data1\" content=\"1 minuta\" \/>\n<script type=\"application\/ld+json\" class=\"yoast-schema-graph\">{\"@context\":\"https:\/\/schema.org\",\"@graph\":[{\"@type\":\"WebPage\",\"@id\":\"https:\/\/ironsky.pl\/sklep\/produkt\/zestaw-filtrow-freewell-gnd0-9-gnd1-2-do-air-3s\/\",\"url\":\"https:\/\/ironsky.pl\/sklep\/produkt\/zestaw-filtrow-freewell-gnd0-9-gnd1-2-do-air-3s\/\",\"name\":\"Zestaw filtr\u00f3w FREEWELL GND0.9\/GND1.2 do Air 3S - IRONSKY.PL Sklep z Dronami\",\"isPartOf\":{\"@id\":\"https:\/\/ironsky.pl\/sklep\/#website\"},\"primaryImageOfPage\":{\"@id\":\"https:\/\/ironsky.pl\/sklep\/produkt\/zestaw-filtrow-freewell-gnd0-9-gnd1-2-do-air-3s\/#primaryimage\"},\"image\":{\"@id\":\"https:\/\/ironsky.pl\/sklep\/produkt\/zestaw-filtrow-freewell-gnd0-9-gnd1-2-do-air-3s\/#primaryimage\"},\"thumbnailUrl\":\"https:\/\/ironsky.pl\/sklep\/wp-content\/uploads\/2026\/04\/48347_1.jpg\",\"datePublished\":\"2026-04-15T08:51:52+00:00\",\"dateModified\":\"2026-04-15T08:52:18+00:00\",\"description\":\"Zestaw filtr\u00f3w FREEWELL GND0.9\/GND1.2 do Air 3S - \u2705 sklep z dronami i fachowym doradztwem. \u2705 Tutaj kupisz produkty DJI, Yuneec, Parrot, Syma i wiele innych, a tak\u017ce kursy i licencje na operatora drona.\",\"breadcrumb\":{\"@id\":\"https:\/\/ironsky.pl\/sklep\/produkt\/zestaw-filtrow-freewell-gnd0-9-gnd1-2-do-air-3s\/#breadcrumb\"},\"inLanguage\":\"pl-PL\",\"potentialAction\":[{\"@type\":\"ReadAction\",\"target\":[\"https:\/\/ironsky.pl\/sklep\/produkt\/zestaw-filtrow-freewell-gnd0-9-gnd1-2-do-air-3s\/\"]}]},{\"@type\":\"ImageObject\",\"inLanguage\":\"pl-PL\",\"@id\":\"https:\/\/ironsky.pl\/sklep\/produkt\/zestaw-filtrow-freewell-gnd0-9-gnd1-2-do-air-3s\/#primaryimage\",\"url\":\"https:\/\/ironsky.pl\/sklep\/wp-content\/uploads\/2026\/04\/48347_1.jpg\",\"contentUrl\":\"https:\/\/ironsky.pl\/sklep\/wp-content\/uploads\/2026\/04\/48347_1.jpg\",\"width\":800,\"height\":800},{\"@type\":\"BreadcrumbList\",\"@id\":\"https:\/\/ironsky.pl\/sklep\/produkt\/zestaw-filtrow-freewell-gnd0-9-gnd1-2-do-air-3s\/#breadcrumb\",\"itemListElement\":[{\"@type\":\"ListItem\",\"position\":1,\"name\":\"Strona g\u0142\u00f3wna\",\"item\":\"https:\/\/ironsky.pl\/sklep\/\"},{\"@type\":\"ListItem\",\"position\":2,\"name\":\"Wszystkie produkty\",\"item\":\"https:\/\/ironsky.pl\/sklep\/produkty\/\"},{\"@type\":\"ListItem\",\"position\":3,\"name\":\"Zestaw filtr\u00f3w FREEWELL GND0.9\/GND1.2 do Air 3S\"}]},{\"@type\":\"WebSite\",\"@id\":\"https:\/\/ironsky.pl\/sklep\/#website\",\"url\":\"https:\/\/ironsky.pl\/sklep\/\",\"name\":\"IRONSKY.PL Sklep z Dronami\",\"description\":\"IRONSKY.PL Sklep z Dronami\",\"potentialAction\":[{\"@type\":\"SearchAction\",\"target\":{\"@type\":\"EntryPoint\",\"urlTemplate\":\"https:\/\/ironsky.pl\/sklep\/?s={search_term_string}\"},\"query-input\":{\"@type\":\"PropertyValueSpecification\",\"valueRequired\":true,\"valueName\":\"search_term_string\"}}],\"inLanguage\":\"pl-PL\"}]}<\/script>\n<!-- \/ Yoast SEO plugin. -->","yoast_head_json":{"title":"Zestaw filtr\u00f3w FREEWELL GND0.9\/GND1.2 do Air 3S - IRONSKY.PL Sklep z Dronami","description":"Zestaw filtr\u00f3w FREEWELL GND0.9\/GND1.2 do Air 3S - \u2705 sklep z dronami i fachowym doradztwem. \u2705 Tutaj kupisz produkty DJI, Yuneec, Parrot, Syma i wiele innych, a tak\u017ce kursy i licencje na operatora drona.","robots":{"index":"index","follow":"follow","max-snippet":"max-snippet:-1","max-image-preview":"max-image-preview:large","max-video-preview":"max-video-preview:-1"},"canonical":"https:\/\/ironsky.pl\/sklep\/produkt\/zestaw-filtrow-freewell-gnd0-9-gnd1-2-do-air-3s\/","og_locale":"pl_PL","og_type":"article","og_title":"Zestaw filtr\u00f3w FREEWELL GND0.9\/GND1.2 do Air 3S - IRONSKY.PL Sklep z Dronami","og_description":"Zestaw filtr\u00f3w FREEWELL GND0.9\/GND1.2 do Air 3S - \u2705 sklep z dronami i fachowym doradztwem. \u2705 Tutaj kupisz produkty DJI, Yuneec, Parrot, Syma i wiele innych, a tak\u017ce kursy i licencje na operatora drona.","og_url":"https:\/\/ironsky.pl\/sklep\/produkt\/zestaw-filtrow-freewell-gnd0-9-gnd1-2-do-air-3s\/","og_site_name":"IRONSKY.PL Sklep z Dronami","article_modified_time":"2026-04-15T08:52:18+00:00","og_image":[{"width":800,"height":800,"url":"https:\/\/ironsky.pl\/sklep\/wp-content\/uploads\/2026\/04\/48347_1.jpg","type":"image\/jpeg"}],"twitter_card":"summary_large_image","twitter_misc":{"Szacowany czas czytania":"1 minuta"},"schema":{"@context":"https:\/\/schema.org","@graph":[{"@type":"WebPage","@id":"https:\/\/ironsky.pl\/sklep\/produkt\/zestaw-filtrow-freewell-gnd0-9-gnd1-2-do-air-3s\/","url":"https:\/\/ironsky.pl\/sklep\/produkt\/zestaw-filtrow-freewell-gnd0-9-gnd1-2-do-air-3s\/","name":"Zestaw filtr\u00f3w FREEWELL GND0.9\/GND1.2 do Air 3S - IRONSKY.PL Sklep z Dronami","isPartOf":{"@id":"https:\/\/ironsky.pl\/sklep\/#website"},"primaryImageOfPage":{"@id":"https:\/\/ironsky.pl\/sklep\/produkt\/zestaw-filtrow-freewell-gnd0-9-gnd1-2-do-air-3s\/#primaryimage"},"image":{"@id":"https:\/\/ironsky.pl\/sklep\/produkt\/zestaw-filtrow-freewell-gnd0-9-gnd1-2-do-air-3s\/#primaryimage"},"thumbnailUrl":"https:\/\/ironsky.pl\/sklep\/wp-content\/uploads\/2026\/04\/48347_1.jpg","datePublished":"2026-04-15T08:51:52+00:00","dateModified":"2026-04-15T08:52:18+00:00","description":"Zestaw filtr\u00f3w FREEWELL GND0.9\/GND1.2 do Air 3S - \u2705 sklep z dronami i fachowym doradztwem. \u2705 Tutaj kupisz produkty DJI, Yuneec, Parrot, Syma i wiele innych, a tak\u017ce kursy i licencje na operatora drona.","breadcrumb":{"@id":"https:\/\/ironsky.pl\/sklep\/produkt\/zestaw-filtrow-freewell-gnd0-9-gnd1-2-do-air-3s\/#breadcrumb"},"inLanguage":"pl-PL","potentialAction":[{"@type":"ReadAction","target":["https:\/\/ironsky.pl\/sklep\/produkt\/zestaw-filtrow-freewell-gnd0-9-gnd1-2-do-air-3s\/"]}]},{"@type":"ImageObject","inLanguage":"pl-PL","@id":"https:\/\/ironsky.pl\/sklep\/produkt\/zestaw-filtrow-freewell-gnd0-9-gnd1-2-do-air-3s\/#primaryimage","url":"https:\/\/ironsky.pl\/sklep\/wp-content\/uploads\/2026\/04\/48347_1.jpg","contentUrl":"https:\/\/ironsky.pl\/sklep\/wp-content\/uploads\/2026\/04\/48347_1.jpg","width":800,"height":800},{"@type":"BreadcrumbList","@id":"https:\/\/ironsky.pl\/sklep\/produkt\/zestaw-filtrow-freewell-gnd0-9-gnd1-2-do-air-3s\/#breadcrumb","itemListElement":[{"@type":"ListItem","position":1,"name":"Strona g\u0142\u00f3wna","item":"https:\/\/ironsky.pl\/sklep\/"},{"@type":"ListItem","position":2,"name":"Wszystkie produkty","item":"https:\/\/ironsky.pl\/sklep\/produkty\/"},{"@type":"ListItem","position":3,"name":"Zestaw filtr\u00f3w FREEWELL GND0.9\/GND1.2 do Air 3S"}]},{"@type":"WebSite","@id":"https:\/\/ironsky.pl\/sklep\/#website","url":"https:\/\/ironsky.pl\/sklep\/","name":"IRONSKY.PL Sklep z Dronami","description":"IRONSKY.PL Sklep z Dronami","potentialAction":[{"@type":"SearchAction","target":{"@type":"EntryPoint","urlTemplate":"https:\/\/ironsky.pl\/sklep\/?s={search_term_string}"},"query-input":{"@type":"PropertyValueSpecification","valueRequired":true,"valueName":"search_term_string"}}],"inLanguage":"pl-PL"}]}},"_links":{"self":[{"href":"https:\/\/ironsky.pl\/sklep\/wp-json\/wp\/v2\/product\/59830","targetHints":{"allow":["GET"]}}],"collection":[{"href":"https:\/\/ironsky.pl\/sklep\/wp-json\/wp\/v2\/product"}],"about":[{"href":"https:\/\/ironsky.pl\/sklep\/wp-json\/wp\/v2\/types\/product"}],"replies":[{"embeddable":true,"href":"https:\/\/ironsky.pl\/sklep\/wp-json\/wp\/v2\/comments?post=59830"}],"wp:featuredmedia":[{"embeddable":true,"href":"https:\/\/ironsky.pl\/sklep\/wp-json\/wp\/v2\/media\/59831"}],"wp:attachment":[{"href":"https:\/\/ironsky.pl\/sklep\/wp-json\/wp\/v2\/media?parent=59830"}],"wp:term":[{"taxonomy":"product_brand","embeddable":true,"href":"https:\/\/ironsky.pl\/sklep\/wp-json\/wp\/v2\/product_brand?post=59830"},{"taxonomy":"product_cat","embeddable":true,"href":"https:\/\/ironsky.pl\/sklep\/wp-json\/wp\/v2\/product_cat?post=59830"},{"taxonomy":"product_tag","embeddable":true,"href":"https:\/\/ironsky.pl\/sklep\/wp-json\/wp\/v2\/product_tag?post=59830"}],"curies":[{"name":"wp","href":"https:\/\/api.w.org\/{rel}","templated":true}]}}