{"id":59819,"date":"2026-04-15T10:51:52","date_gmt":"2026-04-15T08:51:52","guid":{"rendered":"https:\/\/ironsky.pl\/sklep\/produkt\/podgrzewacz-elegoo-mini-heater-do-drukarki-3d\/"},"modified":"2026-04-15T10:52:11","modified_gmt":"2026-04-15T08:52:11","slug":"podgrzewacz-elegoo-mini-heater-do-drukarki-3d","status":"publish","type":"product","link":"https:\/\/ironsky.pl\/sklep\/produkt\/podgrzewacz-elegoo-mini-heater-do-drukarki-3d\/","title":{"rendered":"Podgrzewacz ELEGOO Mini Heater do drukarki 3D"},"content":{"rendered":"<h3>Podgrzewacz do Drukarki 3D ELEGOO Mini Heater<\/h3>\n<p>ELEGOO Mini Heater to niewielkie, ale wydajne urz\u0105dzenie zaprojektowane z my\u015bl\u0105 o idealnej stabilno\u015bci termicznej podczas drukowania 3D. Dzi\u0119ki inteligentnej kontroli temperatury, szybkiemu nagrzewaniu i efektywnemu rozprowadzaniu ciep\u0142a Mini Heater zapewnia bezproblemowy proces drukowania, eliminuj\u0105c problemy zwi\u0105zane z przyczepno\u015bci\u0105, wypaczeniem i s\u0142abym wi\u0105zaniem warstw. Urz\u0105dzenie jest idealne dla u\u017cytkownik\u00f3w, kt\u00f3rzy poszukuj\u0105 niezawodnego wsparcia termicznego, by ich wydruki zawsze spe\u0142nia\u0142y najwy\u017csze standardy jako\u015bci.<\/p>\n<p>\n<img decoding=\"async\" src=\"https:\/\/assets.innpro.pl\/10961\/12916\/1.jpg\" border=\"0\" \/>\n<\/p>\n<h3>Inteligentna kontrola temperatury<\/h3>\n<p>Zapomnij o r\u0119cznym dostosowywaniu temperatury i skokach ciep\u0142a. ELEGOO Mini Heater wyposa\u017cony jest w inteligentny system automatycznej regulacji temperatury, kt\u00f3ry automatycznie w\u0142\u0105cza si\u0119, gdy temperatura spada poni\u017cej 25\u00b0C, i wy\u0142\u0105cza si\u0119 powy\u017cej tego poziomu. Taka funkcja nie tylko zapewnia stabilno\u015b\u0107 termiczn\u0105 przez ca\u0142y proces drukowania, ale tak\u017ce zapobiega problemom, takim jak odklejanie si\u0119 modelu czy deformacje warstw, co sprawia, \u017ce drukowanie staje si\u0119 bezproblemowe i komfortowe.<\/p>\n<p>\n<img decoding=\"async\" src=\"https:\/\/assets.innpro.pl\/10961\/12916\/2.jpg\" border=\"0\" \/>\n<\/p>\n<h3>Niezr\u00f3wnana pr\u0119dko\u015b\u0107 i wydajno\u015b\u0107<\/h3>\n<p>Mini Heater korzysta z zaawansowanej technologii PTC, kt\u00f3ra pozwala na b\u0142yskawiczne osi\u0105gni\u0119cie optymalnej temperatury 25\u00b0C w komorze drukarki. PTC, czyli ceramiczny element samoreguluj\u0105cy, gwarantuje, \u017ce urz\u0105dzenie nie przegrzeje si\u0119, co dodatkowo zwi\u0119ksza bezpiecze\u0144stwo u\u017cytkowania. Dzi\u0119ki mocy 120W Mini Heater szybko nagrzewa si\u0119, a jednocze\u015bnie zmniejsza zu\u017cycie energii, co czyni go niezwykle efektywnym energetycznie wyborem.<\/p>\n<p>\n<img decoding=\"async\" src=\"https:\/\/assets.innpro.pl\/10961\/12916\/6.jpg\" border=\"0\" \/>\n<\/p>\n<h3>Skuteczna cyrkulacja ciep\u0142a<\/h3>\n<p>Dzi\u0119ki wentylatorowi o pr\u0119dko\u015bci 10,000 obr\/min Mini Heater zapewnia szybkie i r\u00f3wnomierne rozprowadzanie ciep\u0142a, eliminuj\u0105c gor\u0105ce punkty i utrzymuj\u0105c sta\u0142\u0105 temperatur\u0119 w ca\u0142ej komorze. Taki przep\u0142yw powietrza przek\u0142ada si\u0119 na lepsze topienie i deponowanie materia\u0142u, co z kolei wp\u0142ywa na wy\u017csz\u0105 jako\u015b\u0107 i precyzj\u0119 wydruk\u00f3w.<\/p>\n<p>\n<img decoding=\"async\" src=\"https:\/\/assets.innpro.pl\/10961\/12916\/3.jpg\" border=\"0\" \/>\n<\/p>\n<h3>Bie\u017c\u0105ca kontrola temperatury<\/h3>\n<p>Mini Heater oferuje mo\u017cliwo\u015b\u0107 \u015bledzenia temperatury w czasie rzeczywistym. Dzi\u0119ki temu mo\u017cna szybko wykrywa\u0107 ewentualne problemy i b\u0142yskawicznie reagowa\u0107, co zapewnia nieprzerwan\u0105 jako\u015b\u0107 pracy i pewno\u015b\u0107, \u017ce ka\u017cdy wydruk b\u0119dzie wykonany na najwy\u017cszym poziomie.<\/p>\n<p>\n<img decoding=\"async\" src=\"https:\/\/assets.innpro.pl\/10961\/12916\/9.jpg\" border=\"0\" \/>\n<\/p>\n<h3>Efektywna filtracja powietrza<\/h3>\n<p>ELEGOO Mini Heater jest te\u017c wyposa\u017cony w system filtracji powietrza, kt\u00f3ry pomaga utrzyma\u0107 czysto\u015b\u0107 wewn\u0105trz komory drukarki. Filtr usuwa zanieczyszczenia i poprawia jako\u015b\u0107 \u015brodowiska pracy, co nie tylko chroni drukark\u0119, ale r\u00f3wnie\u017c pozytywnie wp\u0142ywa na jako\u015b\u0107 wydruku.<\/p>\n<p>\n<img decoding=\"async\" src=\"https:\/\/assets.innpro.pl\/10961\/12916\/8.jpg\" border=\"0\" \/>\n<\/p>\n<h3>Gotowo\u015b\u0107 do druku w kilka chwil<\/h3>\n<p>Prosty, intuicyjny proces instalacji sprawia, \u017ce podgrzewacz Mini Heater mo\u017cna zamontowa\u0107 bez zb\u0119dnego wysi\u0142ku. Wystarczy zamocowa\u0107 adapter do obudowy drukarki, pod\u0142\u0105czy\u0107 do podgrzewacza i to wszystko \u2013 urz\u0105dzenie jest gotowe do u\u017cycia. ELEGOO Mini Heater zapewnia p\u0142ynny start i pozwala szybko rozpocz\u0105\u0107 prac\u0119 nad kolejnymi projektami.<\/p>\n<p>\n<img decoding=\"async\" src=\"https:\/\/assets.innpro.pl\/10961\/12916\/7.jpg\" border=\"0\" \/>\n<\/p>\n<h3>Integracja z popularnymi modelami<\/h3>\n<p>Mini Heater jest kompatybilny z wieloma drukarkami ELEGOO, w tym modelami Mars 5 Ultra, Mars 5, Mars 4 Max, Mars 4 DLP, Saturn 4, Saturn 4 Ultra, Saturn 3, Saturn 3 Ultra, Saturn 2, Saturn 8K, Saturn S i Jupiter SE. Mo\u017cliwo\u015b\u0107 adaptacji do drukarek innych marek sprawia, \u017ce Mini Heater jest wszechstronny i elastyczny \u2013 wystarczy sprawdzi\u0107 rozmiar adaptera i dostosowa\u0107 perforacje na obudowie drukarki, aby uzyska\u0107 idealne dopasowanie.<\/p>\n<p>\n<img decoding=\"async\" src=\"https:\/\/assets.innpro.pl\/10961\/12916\/4.jpg\" border=\"0\" \/>\n<\/p>\n<h3>W zestawie<\/h3>\n<ul class=\"list-disc pl-5\">\n<li>Podgrzewacz ELEGOO Mini Heater<\/li>\n<li>Filtr powietrza x 2<\/li>\n<li>Adapter monta\u017cowy<\/li>\n<li>Zasilacz<\/li>\n<li>Zestaw narz\u0119dzi<\/li>\n<li>Instrukcja obs\u0142ugi<\/li>\n<\/ul>\n<div class=\"table-wrapper\">\n<p>\u00a0<\/p>\n<h3><\/h3>\n<table>\n<tbody>\n<tr>\n<th>Producent<\/th>\n<td>ELEGOO<\/td>\n<\/tr>\n<tr>\n<th>Model<\/th>\n<td>Mini Heater <\/td>\n<\/tr>\n<tr>\n<th>Wymiary urz\u0105dzenia: <\/th>\n<td>59 x 71 x 132 mm<\/td>\n<\/tr>\n<tr>\n<th>Wymiary filtra: <\/th>\n<td>40.5 x 40.5 x 23 mm<\/td>\n<\/tr>\n<tr>\n<th>Napi\u0119cie wej\u015bciowe: <\/th>\n<td>100-240V 50\/60Hz, 24V 5A<\/td>\n<\/tr>\n<tr>\n<th>Moc znamionowa: <\/th>\n<td>120W<\/td>\n<\/tr>\n<\/tbody>\n<\/table>\n<\/div>\n","protected":false},"excerpt":{"rendered":"<p>Podgrzewacz do Drukarki 3D ELEGOO Mini Heater ELEGOO Mini Heater to niewielkie, ale wydajne urz\u0105dzenie zaprojektowane z my\u015bl\u0105 o idealnej<\/p>\n","protected":false},"featured_media":46357,"comment_status":"closed","ping_status":"open","template":"","meta":{"_acf_changed":false},"product_brand":[],"product_cat":[6226,6222,6217],"product_tag":[],"class_list":{"0":"post-59819","1":"product","2":"type-product","3":"status-publish","4":"has-post-thumbnail","6":"product_cat-akcesoria-do-drukarek-3d","7":"product_cat-druk-3d-technologie-kreatywne","8":"product_cat-technologie-kreatywne","9":"pa_okres-gwarancji-5754","10":"pa_producent-elegoo","12":"first","13":"outofstock","14":"taxable","15":"shipping-taxable","16":"purchasable","17":"product-type-simple"},"acf":[],"yoast_head":"<!-- This site is optimized with the Yoast SEO plugin v27.2 - https:\/\/yoast.com\/product\/yoast-seo-wordpress\/ -->\n<title>Podgrzewacz ELEGOO Mini Heater do drukarki 3D - IRONSKY.PL Sklep z Dronami<\/title>\n<meta name=\"description\" content=\"Podgrzewacz ELEGOO Mini Heater do drukarki 3D - \u2705 sklep z dronami i fachowym doradztwem. \u2705 Tutaj kupisz produkty DJI, Yuneec, Parrot, Syma i wiele innych, a tak\u017ce kursy i licencje na operatora drona.\" \/>\n<meta name=\"robots\" content=\"index, follow, max-snippet:-1, max-image-preview:large, max-video-preview:-1\" \/>\n<link rel=\"canonical\" href=\"https:\/\/ironsky.pl\/sklep\/produkt\/podgrzewacz-elegoo-mini-heater-do-drukarki-3d\/\" \/>\n<meta property=\"og:locale\" content=\"pl_PL\" \/>\n<meta property=\"og:type\" content=\"article\" \/>\n<meta property=\"og:title\" content=\"Podgrzewacz ELEGOO Mini Heater do drukarki 3D - IRONSKY.PL Sklep z Dronami\" \/>\n<meta property=\"og:description\" content=\"Podgrzewacz ELEGOO Mini Heater do drukarki 3D - \u2705 sklep z dronami i fachowym doradztwem. \u2705 Tutaj kupisz produkty DJI, Yuneec, Parrot, Syma i wiele innych, a tak\u017ce kursy i licencje na operatora drona.\" \/>\n<meta property=\"og:url\" content=\"https:\/\/ironsky.pl\/sklep\/produkt\/podgrzewacz-elegoo-mini-heater-do-drukarki-3d\/\" \/>\n<meta property=\"og:site_name\" content=\"IRONSKY.PL Sklep z Dronami\" \/>\n<meta property=\"article:modified_time\" content=\"2026-04-15T08:52:11+00:00\" \/>\n<meta property=\"og:image\" content=\"https:\/\/ironsky.pl\/sklep\/wp-content\/uploads\/2025\/06\/48321_1.jpg\" \/>\n\t<meta property=\"og:image:width\" content=\"800\" \/>\n\t<meta property=\"og:image:height\" content=\"800\" \/>\n\t<meta property=\"og:image:type\" content=\"image\/jpeg\" \/>\n<meta name=\"twitter:card\" content=\"summary_large_image\" \/>\n<meta name=\"twitter:label1\" content=\"Szacowany czas czytania\" \/>\n\t<meta name=\"twitter:data1\" content=\"3 minuty\" \/>\n<script type=\"application\/ld+json\" class=\"yoast-schema-graph\">{\"@context\":\"https:\/\/schema.org\",\"@graph\":[{\"@type\":\"WebPage\",\"@id\":\"https:\/\/ironsky.pl\/sklep\/produkt\/podgrzewacz-elegoo-mini-heater-do-drukarki-3d\/\",\"url\":\"https:\/\/ironsky.pl\/sklep\/produkt\/podgrzewacz-elegoo-mini-heater-do-drukarki-3d\/\",\"name\":\"Podgrzewacz ELEGOO Mini Heater do drukarki 3D - IRONSKY.PL Sklep z Dronami\",\"isPartOf\":{\"@id\":\"https:\/\/ironsky.pl\/sklep\/#website\"},\"primaryImageOfPage\":{\"@id\":\"https:\/\/ironsky.pl\/sklep\/produkt\/podgrzewacz-elegoo-mini-heater-do-drukarki-3d\/#primaryimage\"},\"image\":{\"@id\":\"https:\/\/ironsky.pl\/sklep\/produkt\/podgrzewacz-elegoo-mini-heater-do-drukarki-3d\/#primaryimage\"},\"thumbnailUrl\":\"https:\/\/ironsky.pl\/sklep\/wp-content\/uploads\/2025\/06\/48321_1.jpg\",\"datePublished\":\"2026-04-15T08:51:52+00:00\",\"dateModified\":\"2026-04-15T08:52:11+00:00\",\"description\":\"Podgrzewacz ELEGOO Mini Heater do drukarki 3D - \u2705 sklep z dronami i fachowym doradztwem. \u2705 Tutaj kupisz produkty DJI, Yuneec, Parrot, Syma i wiele innych, a tak\u017ce kursy i licencje na operatora drona.\",\"breadcrumb\":{\"@id\":\"https:\/\/ironsky.pl\/sklep\/produkt\/podgrzewacz-elegoo-mini-heater-do-drukarki-3d\/#breadcrumb\"},\"inLanguage\":\"pl-PL\",\"potentialAction\":[{\"@type\":\"ReadAction\",\"target\":[\"https:\/\/ironsky.pl\/sklep\/produkt\/podgrzewacz-elegoo-mini-heater-do-drukarki-3d\/\"]}]},{\"@type\":\"ImageObject\",\"inLanguage\":\"pl-PL\",\"@id\":\"https:\/\/ironsky.pl\/sklep\/produkt\/podgrzewacz-elegoo-mini-heater-do-drukarki-3d\/#primaryimage\",\"url\":\"https:\/\/ironsky.pl\/sklep\/wp-content\/uploads\/2025\/06\/48321_1.jpg\",\"contentUrl\":\"https:\/\/ironsky.pl\/sklep\/wp-content\/uploads\/2025\/06\/48321_1.jpg\",\"width\":800,\"height\":800},{\"@type\":\"BreadcrumbList\",\"@id\":\"https:\/\/ironsky.pl\/sklep\/produkt\/podgrzewacz-elegoo-mini-heater-do-drukarki-3d\/#breadcrumb\",\"itemListElement\":[{\"@type\":\"ListItem\",\"position\":1,\"name\":\"Strona g\u0142\u00f3wna\",\"item\":\"https:\/\/ironsky.pl\/sklep\/\"},{\"@type\":\"ListItem\",\"position\":2,\"name\":\"Wszystkie produkty\",\"item\":\"https:\/\/ironsky.pl\/sklep\/produkty\/\"},{\"@type\":\"ListItem\",\"position\":3,\"name\":\"Podgrzewacz ELEGOO Mini Heater do drukarki 3D\"}]},{\"@type\":\"WebSite\",\"@id\":\"https:\/\/ironsky.pl\/sklep\/#website\",\"url\":\"https:\/\/ironsky.pl\/sklep\/\",\"name\":\"IRONSKY.PL Sklep z Dronami\",\"description\":\"IRONSKY.PL Sklep z Dronami\",\"potentialAction\":[{\"@type\":\"SearchAction\",\"target\":{\"@type\":\"EntryPoint\",\"urlTemplate\":\"https:\/\/ironsky.pl\/sklep\/?s={search_term_string}\"},\"query-input\":{\"@type\":\"PropertyValueSpecification\",\"valueRequired\":true,\"valueName\":\"search_term_string\"}}],\"inLanguage\":\"pl-PL\"}]}<\/script>\n<!-- \/ Yoast SEO plugin. -->","yoast_head_json":{"title":"Podgrzewacz ELEGOO Mini Heater do drukarki 3D - IRONSKY.PL Sklep z Dronami","description":"Podgrzewacz ELEGOO Mini Heater do drukarki 3D - \u2705 sklep z dronami i fachowym doradztwem. \u2705 Tutaj kupisz produkty DJI, Yuneec, Parrot, Syma i wiele innych, a tak\u017ce kursy i licencje na operatora drona.","robots":{"index":"index","follow":"follow","max-snippet":"max-snippet:-1","max-image-preview":"max-image-preview:large","max-video-preview":"max-video-preview:-1"},"canonical":"https:\/\/ironsky.pl\/sklep\/produkt\/podgrzewacz-elegoo-mini-heater-do-drukarki-3d\/","og_locale":"pl_PL","og_type":"article","og_title":"Podgrzewacz ELEGOO Mini Heater do drukarki 3D - IRONSKY.PL Sklep z Dronami","og_description":"Podgrzewacz ELEGOO Mini Heater do drukarki 3D - \u2705 sklep z dronami i fachowym doradztwem. \u2705 Tutaj kupisz produkty DJI, Yuneec, Parrot, Syma i wiele innych, a tak\u017ce kursy i licencje na operatora drona.","og_url":"https:\/\/ironsky.pl\/sklep\/produkt\/podgrzewacz-elegoo-mini-heater-do-drukarki-3d\/","og_site_name":"IRONSKY.PL Sklep z Dronami","article_modified_time":"2026-04-15T08:52:11+00:00","og_image":[{"width":800,"height":800,"url":"https:\/\/ironsky.pl\/sklep\/wp-content\/uploads\/2025\/06\/48321_1.jpg","type":"image\/jpeg"}],"twitter_card":"summary_large_image","twitter_misc":{"Szacowany czas czytania":"3 minuty"},"schema":{"@context":"https:\/\/schema.org","@graph":[{"@type":"WebPage","@id":"https:\/\/ironsky.pl\/sklep\/produkt\/podgrzewacz-elegoo-mini-heater-do-drukarki-3d\/","url":"https:\/\/ironsky.pl\/sklep\/produkt\/podgrzewacz-elegoo-mini-heater-do-drukarki-3d\/","name":"Podgrzewacz ELEGOO Mini Heater do drukarki 3D - IRONSKY.PL Sklep z Dronami","isPartOf":{"@id":"https:\/\/ironsky.pl\/sklep\/#website"},"primaryImageOfPage":{"@id":"https:\/\/ironsky.pl\/sklep\/produkt\/podgrzewacz-elegoo-mini-heater-do-drukarki-3d\/#primaryimage"},"image":{"@id":"https:\/\/ironsky.pl\/sklep\/produkt\/podgrzewacz-elegoo-mini-heater-do-drukarki-3d\/#primaryimage"},"thumbnailUrl":"https:\/\/ironsky.pl\/sklep\/wp-content\/uploads\/2025\/06\/48321_1.jpg","datePublished":"2026-04-15T08:51:52+00:00","dateModified":"2026-04-15T08:52:11+00:00","description":"Podgrzewacz ELEGOO Mini Heater do drukarki 3D - \u2705 sklep z dronami i fachowym doradztwem. \u2705 Tutaj kupisz produkty DJI, Yuneec, Parrot, Syma i wiele innych, a tak\u017ce kursy i licencje na operatora drona.","breadcrumb":{"@id":"https:\/\/ironsky.pl\/sklep\/produkt\/podgrzewacz-elegoo-mini-heater-do-drukarki-3d\/#breadcrumb"},"inLanguage":"pl-PL","potentialAction":[{"@type":"ReadAction","target":["https:\/\/ironsky.pl\/sklep\/produkt\/podgrzewacz-elegoo-mini-heater-do-drukarki-3d\/"]}]},{"@type":"ImageObject","inLanguage":"pl-PL","@id":"https:\/\/ironsky.pl\/sklep\/produkt\/podgrzewacz-elegoo-mini-heater-do-drukarki-3d\/#primaryimage","url":"https:\/\/ironsky.pl\/sklep\/wp-content\/uploads\/2025\/06\/48321_1.jpg","contentUrl":"https:\/\/ironsky.pl\/sklep\/wp-content\/uploads\/2025\/06\/48321_1.jpg","width":800,"height":800},{"@type":"BreadcrumbList","@id":"https:\/\/ironsky.pl\/sklep\/produkt\/podgrzewacz-elegoo-mini-heater-do-drukarki-3d\/#breadcrumb","itemListElement":[{"@type":"ListItem","position":1,"name":"Strona g\u0142\u00f3wna","item":"https:\/\/ironsky.pl\/sklep\/"},{"@type":"ListItem","position":2,"name":"Wszystkie produkty","item":"https:\/\/ironsky.pl\/sklep\/produkty\/"},{"@type":"ListItem","position":3,"name":"Podgrzewacz ELEGOO Mini Heater do drukarki 3D"}]},{"@type":"WebSite","@id":"https:\/\/ironsky.pl\/sklep\/#website","url":"https:\/\/ironsky.pl\/sklep\/","name":"IRONSKY.PL Sklep z Dronami","description":"IRONSKY.PL Sklep z Dronami","potentialAction":[{"@type":"SearchAction","target":{"@type":"EntryPoint","urlTemplate":"https:\/\/ironsky.pl\/sklep\/?s={search_term_string}"},"query-input":{"@type":"PropertyValueSpecification","valueRequired":true,"valueName":"search_term_string"}}],"inLanguage":"pl-PL"}]}},"_links":{"self":[{"href":"https:\/\/ironsky.pl\/sklep\/wp-json\/wp\/v2\/product\/59819","targetHints":{"allow":["GET"]}}],"collection":[{"href":"https:\/\/ironsky.pl\/sklep\/wp-json\/wp\/v2\/product"}],"about":[{"href":"https:\/\/ironsky.pl\/sklep\/wp-json\/wp\/v2\/types\/product"}],"replies":[{"embeddable":true,"href":"https:\/\/ironsky.pl\/sklep\/wp-json\/wp\/v2\/comments?post=59819"}],"wp:featuredmedia":[{"embeddable":true,"href":"https:\/\/ironsky.pl\/sklep\/wp-json\/wp\/v2\/media\/46357"}],"wp:attachment":[{"href":"https:\/\/ironsky.pl\/sklep\/wp-json\/wp\/v2\/media?parent=59819"}],"wp:term":[{"taxonomy":"product_brand","embeddable":true,"href":"https:\/\/ironsky.pl\/sklep\/wp-json\/wp\/v2\/product_brand?post=59819"},{"taxonomy":"product_cat","embeddable":true,"href":"https:\/\/ironsky.pl\/sklep\/wp-json\/wp\/v2\/product_cat?post=59819"},{"taxonomy":"product_tag","embeddable":true,"href":"https:\/\/ironsky.pl\/sklep\/wp-json\/wp\/v2\/product_tag?post=59819"}],"curies":[{"name":"wp","href":"https:\/\/api.w.org\/{rel}","templated":true}]}}