{"id":59817,"date":"2026-04-15T10:51:52","date_gmt":"2026-04-15T08:51:52","guid":{"rendered":"https:\/\/ironsky.pl\/sklep\/produkt\/drukarka-3d-elegoo-orangestorm-giga-2\/"},"modified":"2026-04-15T10:52:08","modified_gmt":"2026-04-15T08:52:08","slug":"drukarka-3d-elegoo-orangestorm-giga-2","status":"publish","type":"product","link":"https:\/\/ironsky.pl\/sklep\/produkt\/drukarka-3d-elegoo-orangestorm-giga-2\/","title":{"rendered":"Drukarka 3D ELEGOO OrangeStorm Giga"},"content":{"rendered":"<h3>Drukarka 3D ELEGOO OrangeStorm Giga<\/h3>\n<p>ELEGOO OrangeStorm Giga to gigantyczna to drukarka 3D klasy przemys\u0142owej, zaprojektowana do realizacji wyj\u0105tkowo du\u017cych projekt\u00f3w. Dzi\u0119ki ogromnej przestrzeni roboczej i zaawansowanym funkcjom to urz\u0105dzenie idealnie nadaje si\u0119 dla profesjonalist\u00f3w, kt\u00f3rzy potrzebuj\u0105 niezawodnego narz\u0119dzia do produkcji modeli wielkoformatowych. OrangeStorm Giga otwiera zupe\u0142nie nowe mo\u017cliwo\u015bci w dziedzinie prototypowania, architektury, wzornictwa przemys\u0142owego i produkcji, pozwalaj\u0105c na tworzenie element\u00f3w, kt\u00f3re w innych urz\u0105dzeniach wymaga\u0142yby podzia\u0142u na mniejsze cz\u0119\u015bci.<\/p>\n<p>\n<img decoding=\"async\" src=\"https:\/\/assets.innpro.pl\/10946\/12897\/2.jpg\" border=\"0\" \/>\n<\/p>\n<h3>Maksymalne mo\u017cliwo\u015bci tw\u00f3rcze<\/h3>\n<p>Je\u015bli potrzebujesz drukowa\u0107 w du\u017cej skali, OrangeStorm Giga jest idealnym wyborem. Z przestrzeni\u0105 robocz\u0105 o wymiarach 800 x 800 x 1000 mm, umo\u017cliwia tworzenie pe\u0142nowymiarowych modeli i oszcz\u0119dza czas potrzebny na ci\u0119cie projekt\u00f3w na mniejsze fragmenty. Wystarczy za\u0142adowa\u0107 model i pozwoli\u0107 drukarce pracowa\u0107 \u2013 to prostsze i bardziej efektywne rozwi\u0105zanie dla du\u017cych projekt\u00f3w.<\/p>\n<p>\n<img decoding=\"async\" src=\"https:\/\/assets.innpro.pl\/10946\/12897\/10.jpg\" border=\"0\" \/>\n<\/p>\n<h3>Szybkie i wydajne ogrzewanie platformy<\/h3>\n<p>Platforma grzewcza OrangeStorm Giga sk\u0142ada si\u0119 z czterech niezale\u017cnych p\u0142ytek PEI o wymiarach 410 x 410 mm ka\u017cda. Ca\u0142kowita powierzchnia mo\u017ce zosta\u0107 r\u00f3wnomiernie ogrzana do 100\u00b0C w zaledwie 17 minut, co pozwala na szybsze rozpocz\u0119cie drukowania i zapewnia lepsz\u0105 przyczepno\u015b\u0107 modeli do platformy. Mo\u017cliwo\u015b\u0107 automatycznego rozpoznawania i ogrzewania jedynie aktywnej cz\u0119\u015bci platformy pozwala tak\u017ce na znaczn\u0105 oszcz\u0119dno\u015b\u0107 energii.<\/p>\n<p>\n<img decoding=\"async\" src=\"https:\/\/assets.innpro.pl\/10946\/12897\/6.jpg\" border=\"0\" \/>\n<\/p>\n<h3>Ekstremalna szybko\u015b\u0107 druku<\/h3>\n<p>OrangeStorm Giga jest wyposa\u017cona w wydajny, 64-bitowy procesor czterordzeniowy, kt\u00f3ry zapewnia stabilno\u015b\u0107 i moc obliczeniow\u0105 wymagan\u0105 do realizacji szybkiego drukowania. Maksymalna pr\u0119dko\u015b\u0107 druku wynosz\u0105ca 300 mm\/s (z rekomendowan\u0105 pr\u0119dko\u015bci\u0105 150 mm\/s) sprawia, \u017ce OrangeStorm Giga jest jedn\u0105 z najszybszych drukarek w swojej klasie, co pozwala na znaczne skr\u00f3cenie czasu realizacji du\u017cych projekt\u00f3w.<\/p>\n<p>\n<img decoding=\"async\" src=\"https:\/\/assets.innpro.pl\/10946\/12897\/7.jpg\" border=\"0\" \/>\n<\/p>\n<h3>Jeszcze wi\u0119cej mo\u017cliwo\u015bci<\/h3>\n<p>Model OrangeStorm Giga obs\u0142uguje drukowanie z wykorzystaniem czterech dysz jednocze\u015bnie. Mo\u017cesz drukowa\u0107 cztery kopie tego samego modelu, u\u017cywaj\u0105c r\u00f3\u017cnych kolor\u00f3w filamentu lub tego samego materia\u0142u w jednym cyklu. Ta funkcjonalno\u015b\u0107 pozwala na tworzenie wielokolorowych modeli i zwi\u0119ksza elastyczno\u015b\u0107 produkcji, co jest szczeg\u00f3lnie przydatne w zastosowaniach komercyjnych i przemys\u0142owych.<\/p>\n<p>\n<img decoding=\"async\" src=\"https:\/\/assets.innpro.pl\/10946\/12897\/4.jpg\" border=\"0\" \/>\n<\/p>\n<h3>Wydajne ch\u0142odzenie<\/h3>\n<p>Drukarka OrangeStorm Giga zosta\u0142a wyposa\u017cona w pot\u0119\u017cne wentylatory ch\u0142odz\u0105ce po obu stronach obudowy, kt\u00f3re zwi\u0119kszaj\u0105 stabilno\u015b\u0107 i precyzj\u0119 druku. Inteligentne sterowanie wentylatorami pozwala na ich wy\u0142\u0105czenie po zako\u0144czeniu druku, co zmniejsza zu\u017cycie energii i ha\u0142as, jednocze\u015bnie wyd\u0142u\u017caj\u0105c \u017cywotno\u015b\u0107 urz\u0105dzenia.<\/p>\n<p>\n<img decoding=\"async\" src=\"https:\/\/assets.innpro.pl\/10946\/12897\/11.jpg\" border=\"0\" \/>\n<\/p>\n<h3>Niezawodna konstrukcja i wysokiej jako\u015bci komponenty<\/h3>\n<p>OrangeStorm Giga to drukarka 3D o solidnej konstrukcji z liniowymi prowadnicami na osiach X i Y, zwi\u0119kszaj\u0105cymi stabilno\u015b\u0107 druku i precyzj\u0119 poruszania si\u0119 g\u0142owicy. O\u015b Z jest wyposa\u017cona w zaawansowany mechanizm prowadz\u0105cy, kt\u00f3ry zapewnia p\u0142ynno\u015b\u0107 i precyzj\u0119 ruchu. Dodatkowo zastosowano wytrzyma\u0142\u0105, stalow\u0105 podstaw\u0119 i antypo\u015blizgowe n\u00f3\u017cki, co gwarantuje stabilno\u015b\u0107 urz\u0105dzenia podczas pracy.<\/p>\n<p>\n<img decoding=\"async\" src=\"https:\/\/assets.innpro.pl\/10946\/12897\/12.jpg\" border=\"0\" \/>\n<\/p>\n<h3>Zaawansowana g\u0142owica drukuj\u0105ca z automatyczn\u0105 kalibracj\u0105<\/h3>\n<p>G\u0142owica drukuj\u0105ca w OrangeStorm Giga mo\u017ce osi\u0105gn\u0105\u0107 temperatur\u0119 300\u00b0C, co pozwala na drukowanie w r\u00f3\u017cnych materia\u0142ach, takich jak PLA, PETG, TPU czy Nylon. Dysza wykonana z miedzi chromowo-cyrkonowej i grza\u0142ka ceramiczna 60 W zapewniaj\u0105 r\u00f3wnomierny i precyzyjny przep\u0142yw materia\u0142u, a funkcja kalibracji PID oraz automatyczna kompensacja rezonansu dodatkowo podnosz\u0105 jako\u015b\u0107 i stabilno\u015b\u0107 wydruk\u00f3w.<\/p>\n<p>\n<img decoding=\"async\" src=\"https:\/\/assets.innpro.pl\/10946\/12897\/8.jpg\" border=\"0\" \/>\n<\/p>\n<h3>W zestawie<\/h3>\n<ul class=\"list-disc pl-5\">\n<li>Drukarka 3D OrangeStorm Giga<\/li>\n<li>G\u0142owica drukuj\u0105ca<\/li>\n<li>Ekran<\/li>\n<li>P\u0142ytka poziomuj\u0105ca \u00d7 2szt<\/li>\n<li>Rami\u0119 uchwytu szpuli<\/li>\n<li>Uchwyt szpuli<\/li>\n<li>Detektor zerwania filamentu \u00d7 2szt<\/li>\n<li>Zatrzask kabla g\u0105sienicy osi Z<\/li>\n<li>Ogranicznik ko\u0144cowy osi Z \u00d7 2szt<\/li>\n<li>Prowadnica filamentu Aseemby<\/li>\n<li>Modu\u0142 uchwytu szpuli (5 kg)<\/li>\n<li>Kabel zasilaj\u0105cy<\/li>\n<li>Karta poziomuj\u0105ca<\/li>\n<li>Smar<\/li>\n<li>Wspornik naro\u017cny Proofile \u00d7 8 sztuk<\/li>\n<li>Narz\u0119dzia<\/li>\n<li>Elementy z\u0142\u0105czne<\/li>\n<li>Instrukcja obs\u0142ugi<\/li>\n<\/ul>\n<div class=\"table-wrapper\">\n<p>\u00a0<\/p>\n<h3><\/h3>\n<table>\n<tbody>\n<tr>\n<th>Producent<\/th>\n<td>ELEGOO <\/td>\n<\/tr>\n<tr>\n<th>Model: <\/th>\n<td>OrangeStorm Giga<\/td>\n<\/tr>\n<tr>\n<th>Technologia druku: <\/th>\n<td>FDM (Fused Deposition Modeling)<\/td>\n<\/tr>\n<tr>\n<th>Przestrze\u0144 robocza: <\/th>\n<td>800 x 800 x 1000 mm\u00b3<\/td>\n<\/tr>\n<tr>\n<th>Platforma robocza: <\/th>\n<td>820 x 820 mm (4 niezale\u017cne p\u0142yty PEI o wymiarach 410 x 410 mm)<\/td>\n<\/tr>\n<tr>\n<th>Pr\u0119dko\u015b\u0107 druku: <\/th>\n<td>Do 300 mm\/s<\/td>\n<\/tr>\n<tr>\n<th>Temperatura dyszy: <\/th>\n<td>Maks. 300\u00b0C<\/td>\n<\/tr>\n<tr>\n<th>Temperatura platformy grzewczej: <\/th>\n<td>Maks. 100\u00b0C<\/td>\n<\/tr>\n<tr>\n<th>Kompatybilne materia\u0142y: <\/th>\n<td>PLA, PETG, TPU, Nylon<\/td>\n<\/tr>\n<tr>\n<th>Waga netto: <\/th>\n<td>104 kg<\/td>\n<\/tr>\n<tr>\n<th>Waga brutto: <\/th>\n<td>145 kg<\/td>\n<\/tr>\n<tr>\n<th>Zasilanie: <\/th>\n<td>100-120V \/ 220-240V<\/td>\n<\/tr>\n<tr>\n<th>Metody transferu plik\u00f3w: <\/th>\n<td>USB, LAN, WiFi<\/td>\n<\/tr>\n<tr>\n<th>Obs\u0142ugiwane formaty plik\u00f3w: <\/th>\n<td>STL, OBJ<\/td>\n<\/tr>\n<tr>\n<th>J\u0119zyki interfejsu: <\/th>\n<td>Angielski, Francuski, Niemiecki, Rosyjski, W\u0142oski, Hiszpa\u0144ski, Japo\u0144ski, Chi\u0144ski<\/td>\n<\/tr>\n<tr>\n<th>Wymiary maszyny: <\/th>\n<td>1224 x 1164 x 1425 mm<\/td>\n<\/tr>\n<tr>\n<th>Wymiary opakowania: <\/th>\n<td>1350 x 1215 x 420 mm (cz\u0119\u015bci dolne i komponenty osi XY); 1350 x 1215 x 350 mm (komponenty osi Z)<\/td>\n<\/tr>\n<tr>\n<th>Maksymalny obszar roboczy maszyny: <\/th>\n<td>1224 x 1520 x 1570 mm<\/td>\n<\/tr>\n<\/tbody>\n<\/table>\n<\/div>\n","protected":false},"excerpt":{"rendered":"<p>Drukarka 3D ELEGOO OrangeStorm Giga ELEGOO OrangeStorm Giga to gigantyczna to drukarka 3D klasy przemys\u0142owej, zaprojektowana do realizacji wyj\u0105tkowo du\u017cych<\/p>\n","protected":false},"featured_media":46352,"comment_status":"closed","ping_status":"open","template":"","meta":{"_acf_changed":false},"product_brand":[],"product_cat":[6222,6223,6217],"product_tag":[],"class_list":{"0":"post-59817","1":"product","2":"type-product","3":"status-publish","4":"has-post-thumbnail","6":"product_cat-druk-3d-technologie-kreatywne","7":"product_cat-drukarki-3d","8":"product_cat-technologie-kreatywne","9":"pa_okres-gwarancji-5754","10":"pa_producent-elegoo","12":"first","13":"outofstock","14":"taxable","15":"shipping-taxable","16":"purchasable","17":"product-type-simple"},"acf":[],"yoast_head":"<!-- This site is optimized with the Yoast SEO plugin v27.2 - https:\/\/yoast.com\/product\/yoast-seo-wordpress\/ -->\n<title>Drukarka 3D ELEGOO OrangeStorm Giga - IRONSKY.PL Sklep z Dronami<\/title>\n<meta name=\"description\" content=\"Drukarka 3D ELEGOO OrangeStorm Giga - \u2705 sklep z dronami i fachowym doradztwem. \u2705 Tutaj kupisz produkty DJI, Yuneec, Parrot, Syma i wiele innych, a tak\u017ce kursy i licencje na operatora drona.\" \/>\n<meta name=\"robots\" content=\"index, follow, max-snippet:-1, max-image-preview:large, max-video-preview:-1\" \/>\n<link rel=\"canonical\" href=\"https:\/\/ironsky.pl\/sklep\/produkt\/drukarka-3d-elegoo-orangestorm-giga-2\/\" \/>\n<meta property=\"og:locale\" content=\"pl_PL\" \/>\n<meta property=\"og:type\" content=\"article\" \/>\n<meta property=\"og:title\" content=\"Drukarka 3D ELEGOO OrangeStorm Giga - IRONSKY.PL Sklep z Dronami\" \/>\n<meta property=\"og:description\" content=\"Drukarka 3D ELEGOO OrangeStorm Giga - \u2705 sklep z dronami i fachowym doradztwem. \u2705 Tutaj kupisz produkty DJI, Yuneec, Parrot, Syma i wiele innych, a tak\u017ce kursy i licencje na operatora drona.\" \/>\n<meta property=\"og:url\" content=\"https:\/\/ironsky.pl\/sklep\/produkt\/drukarka-3d-elegoo-orangestorm-giga-2\/\" \/>\n<meta property=\"og:site_name\" content=\"IRONSKY.PL Sklep z Dronami\" \/>\n<meta property=\"article:modified_time\" content=\"2026-04-15T08:52:08+00:00\" \/>\n<meta property=\"og:image\" content=\"https:\/\/ironsky.pl\/sklep\/wp-content\/uploads\/2025\/06\/48318_1.jpg\" \/>\n\t<meta property=\"og:image:width\" content=\"800\" \/>\n\t<meta property=\"og:image:height\" content=\"800\" \/>\n\t<meta property=\"og:image:type\" content=\"image\/jpeg\" \/>\n<meta name=\"twitter:card\" content=\"summary_large_image\" \/>\n<meta name=\"twitter:label1\" content=\"Szacowany czas czytania\" \/>\n\t<meta name=\"twitter:data1\" content=\"4 minuty\" \/>\n<script type=\"application\/ld+json\" class=\"yoast-schema-graph\">{\"@context\":\"https:\/\/schema.org\",\"@graph\":[{\"@type\":\"WebPage\",\"@id\":\"https:\/\/ironsky.pl\/sklep\/produkt\/drukarka-3d-elegoo-orangestorm-giga-2\/\",\"url\":\"https:\/\/ironsky.pl\/sklep\/produkt\/drukarka-3d-elegoo-orangestorm-giga-2\/\",\"name\":\"Drukarka 3D ELEGOO OrangeStorm Giga - IRONSKY.PL Sklep z Dronami\",\"isPartOf\":{\"@id\":\"https:\/\/ironsky.pl\/sklep\/#website\"},\"primaryImageOfPage\":{\"@id\":\"https:\/\/ironsky.pl\/sklep\/produkt\/drukarka-3d-elegoo-orangestorm-giga-2\/#primaryimage\"},\"image\":{\"@id\":\"https:\/\/ironsky.pl\/sklep\/produkt\/drukarka-3d-elegoo-orangestorm-giga-2\/#primaryimage\"},\"thumbnailUrl\":\"https:\/\/ironsky.pl\/sklep\/wp-content\/uploads\/2025\/06\/48318_1.jpg\",\"datePublished\":\"2026-04-15T08:51:52+00:00\",\"dateModified\":\"2026-04-15T08:52:08+00:00\",\"description\":\"Drukarka 3D ELEGOO OrangeStorm Giga - \u2705 sklep z dronami i fachowym doradztwem. \u2705 Tutaj kupisz produkty DJI, Yuneec, Parrot, Syma i wiele innych, a tak\u017ce kursy i licencje na operatora drona.\",\"breadcrumb\":{\"@id\":\"https:\/\/ironsky.pl\/sklep\/produkt\/drukarka-3d-elegoo-orangestorm-giga-2\/#breadcrumb\"},\"inLanguage\":\"pl-PL\",\"potentialAction\":[{\"@type\":\"ReadAction\",\"target\":[\"https:\/\/ironsky.pl\/sklep\/produkt\/drukarka-3d-elegoo-orangestorm-giga-2\/\"]}]},{\"@type\":\"ImageObject\",\"inLanguage\":\"pl-PL\",\"@id\":\"https:\/\/ironsky.pl\/sklep\/produkt\/drukarka-3d-elegoo-orangestorm-giga-2\/#primaryimage\",\"url\":\"https:\/\/ironsky.pl\/sklep\/wp-content\/uploads\/2025\/06\/48318_1.jpg\",\"contentUrl\":\"https:\/\/ironsky.pl\/sklep\/wp-content\/uploads\/2025\/06\/48318_1.jpg\",\"width\":800,\"height\":800},{\"@type\":\"BreadcrumbList\",\"@id\":\"https:\/\/ironsky.pl\/sklep\/produkt\/drukarka-3d-elegoo-orangestorm-giga-2\/#breadcrumb\",\"itemListElement\":[{\"@type\":\"ListItem\",\"position\":1,\"name\":\"Strona g\u0142\u00f3wna\",\"item\":\"https:\/\/ironsky.pl\/sklep\/\"},{\"@type\":\"ListItem\",\"position\":2,\"name\":\"Wszystkie produkty\",\"item\":\"https:\/\/ironsky.pl\/sklep\/produkty\/\"},{\"@type\":\"ListItem\",\"position\":3,\"name\":\"Drukarka 3D ELEGOO OrangeStorm Giga\"}]},{\"@type\":\"WebSite\",\"@id\":\"https:\/\/ironsky.pl\/sklep\/#website\",\"url\":\"https:\/\/ironsky.pl\/sklep\/\",\"name\":\"IRONSKY.PL Sklep z Dronami\",\"description\":\"IRONSKY.PL Sklep z Dronami\",\"potentialAction\":[{\"@type\":\"SearchAction\",\"target\":{\"@type\":\"EntryPoint\",\"urlTemplate\":\"https:\/\/ironsky.pl\/sklep\/?s={search_term_string}\"},\"query-input\":{\"@type\":\"PropertyValueSpecification\",\"valueRequired\":true,\"valueName\":\"search_term_string\"}}],\"inLanguage\":\"pl-PL\"}]}<\/script>\n<!-- \/ Yoast SEO plugin. -->","yoast_head_json":{"title":"Drukarka 3D ELEGOO OrangeStorm Giga - IRONSKY.PL Sklep z Dronami","description":"Drukarka 3D ELEGOO OrangeStorm Giga - \u2705 sklep z dronami i fachowym doradztwem. \u2705 Tutaj kupisz produkty DJI, Yuneec, Parrot, Syma i wiele innych, a tak\u017ce kursy i licencje na operatora drona.","robots":{"index":"index","follow":"follow","max-snippet":"max-snippet:-1","max-image-preview":"max-image-preview:large","max-video-preview":"max-video-preview:-1"},"canonical":"https:\/\/ironsky.pl\/sklep\/produkt\/drukarka-3d-elegoo-orangestorm-giga-2\/","og_locale":"pl_PL","og_type":"article","og_title":"Drukarka 3D ELEGOO OrangeStorm Giga - IRONSKY.PL Sklep z Dronami","og_description":"Drukarka 3D ELEGOO OrangeStorm Giga - \u2705 sklep z dronami i fachowym doradztwem. \u2705 Tutaj kupisz produkty DJI, Yuneec, Parrot, Syma i wiele innych, a tak\u017ce kursy i licencje na operatora drona.","og_url":"https:\/\/ironsky.pl\/sklep\/produkt\/drukarka-3d-elegoo-orangestorm-giga-2\/","og_site_name":"IRONSKY.PL Sklep z Dronami","article_modified_time":"2026-04-15T08:52:08+00:00","og_image":[{"width":800,"height":800,"url":"https:\/\/ironsky.pl\/sklep\/wp-content\/uploads\/2025\/06\/48318_1.jpg","type":"image\/jpeg"}],"twitter_card":"summary_large_image","twitter_misc":{"Szacowany czas czytania":"4 minuty"},"schema":{"@context":"https:\/\/schema.org","@graph":[{"@type":"WebPage","@id":"https:\/\/ironsky.pl\/sklep\/produkt\/drukarka-3d-elegoo-orangestorm-giga-2\/","url":"https:\/\/ironsky.pl\/sklep\/produkt\/drukarka-3d-elegoo-orangestorm-giga-2\/","name":"Drukarka 3D ELEGOO OrangeStorm Giga - IRONSKY.PL Sklep z Dronami","isPartOf":{"@id":"https:\/\/ironsky.pl\/sklep\/#website"},"primaryImageOfPage":{"@id":"https:\/\/ironsky.pl\/sklep\/produkt\/drukarka-3d-elegoo-orangestorm-giga-2\/#primaryimage"},"image":{"@id":"https:\/\/ironsky.pl\/sklep\/produkt\/drukarka-3d-elegoo-orangestorm-giga-2\/#primaryimage"},"thumbnailUrl":"https:\/\/ironsky.pl\/sklep\/wp-content\/uploads\/2025\/06\/48318_1.jpg","datePublished":"2026-04-15T08:51:52+00:00","dateModified":"2026-04-15T08:52:08+00:00","description":"Drukarka 3D ELEGOO OrangeStorm Giga - \u2705 sklep z dronami i fachowym doradztwem. \u2705 Tutaj kupisz produkty DJI, Yuneec, Parrot, Syma i wiele innych, a tak\u017ce kursy i licencje na operatora drona.","breadcrumb":{"@id":"https:\/\/ironsky.pl\/sklep\/produkt\/drukarka-3d-elegoo-orangestorm-giga-2\/#breadcrumb"},"inLanguage":"pl-PL","potentialAction":[{"@type":"ReadAction","target":["https:\/\/ironsky.pl\/sklep\/produkt\/drukarka-3d-elegoo-orangestorm-giga-2\/"]}]},{"@type":"ImageObject","inLanguage":"pl-PL","@id":"https:\/\/ironsky.pl\/sklep\/produkt\/drukarka-3d-elegoo-orangestorm-giga-2\/#primaryimage","url":"https:\/\/ironsky.pl\/sklep\/wp-content\/uploads\/2025\/06\/48318_1.jpg","contentUrl":"https:\/\/ironsky.pl\/sklep\/wp-content\/uploads\/2025\/06\/48318_1.jpg","width":800,"height":800},{"@type":"BreadcrumbList","@id":"https:\/\/ironsky.pl\/sklep\/produkt\/drukarka-3d-elegoo-orangestorm-giga-2\/#breadcrumb","itemListElement":[{"@type":"ListItem","position":1,"name":"Strona g\u0142\u00f3wna","item":"https:\/\/ironsky.pl\/sklep\/"},{"@type":"ListItem","position":2,"name":"Wszystkie produkty","item":"https:\/\/ironsky.pl\/sklep\/produkty\/"},{"@type":"ListItem","position":3,"name":"Drukarka 3D ELEGOO OrangeStorm Giga"}]},{"@type":"WebSite","@id":"https:\/\/ironsky.pl\/sklep\/#website","url":"https:\/\/ironsky.pl\/sklep\/","name":"IRONSKY.PL Sklep z Dronami","description":"IRONSKY.PL Sklep z Dronami","potentialAction":[{"@type":"SearchAction","target":{"@type":"EntryPoint","urlTemplate":"https:\/\/ironsky.pl\/sklep\/?s={search_term_string}"},"query-input":{"@type":"PropertyValueSpecification","valueRequired":true,"valueName":"search_term_string"}}],"inLanguage":"pl-PL"}]}},"_links":{"self":[{"href":"https:\/\/ironsky.pl\/sklep\/wp-json\/wp\/v2\/product\/59817","targetHints":{"allow":["GET"]}}],"collection":[{"href":"https:\/\/ironsky.pl\/sklep\/wp-json\/wp\/v2\/product"}],"about":[{"href":"https:\/\/ironsky.pl\/sklep\/wp-json\/wp\/v2\/types\/product"}],"replies":[{"embeddable":true,"href":"https:\/\/ironsky.pl\/sklep\/wp-json\/wp\/v2\/comments?post=59817"}],"wp:featuredmedia":[{"embeddable":true,"href":"https:\/\/ironsky.pl\/sklep\/wp-json\/wp\/v2\/media\/46352"}],"wp:attachment":[{"href":"https:\/\/ironsky.pl\/sklep\/wp-json\/wp\/v2\/media?parent=59817"}],"wp:term":[{"taxonomy":"product_brand","embeddable":true,"href":"https:\/\/ironsky.pl\/sklep\/wp-json\/wp\/v2\/product_brand?post=59817"},{"taxonomy":"product_cat","embeddable":true,"href":"https:\/\/ironsky.pl\/sklep\/wp-json\/wp\/v2\/product_cat?post=59817"},{"taxonomy":"product_tag","embeddable":true,"href":"https:\/\/ironsky.pl\/sklep\/wp-json\/wp\/v2\/product_tag?post=59817"}],"curies":[{"name":"wp","href":"https:\/\/api.w.org\/{rel}","templated":true}]}}