{"id":59812,"date":"2026-04-15T10:51:52","date_gmt":"2026-04-15T08:51:52","guid":{"rendered":"https:\/\/ironsky.pl\/sklep\/produkt\/drukarka-3d-elegoo-saturn-4-ultra-2\/"},"modified":"2026-04-15T10:52:00","modified_gmt":"2026-04-15T08:52:00","slug":"drukarka-3d-elegoo-saturn-4-ultra-2","status":"publish","type":"product","link":"https:\/\/ironsky.pl\/sklep\/produkt\/drukarka-3d-elegoo-saturn-4-ultra-2\/","title":{"rendered":"Drukarka 3D ELEGOO Saturn 4 Ultra"},"content":{"rendered":"<h3>Drukarka 3D ELEGOO Saturn 4 Ultra<\/h3>\n<p>ELEGOO Saturn 4 Ultra to zaawansowana drukarka 3D, stworzona dla os\u00f3b ceni\u0105cych najwy\u017csz\u0105 jako\u015b\u0107 wydruku i innowacyjne rozwi\u0105zania technologiczne. Wyposa\u017cona w 10-calowy ekran 12K Mono LCD oraz system Tilt Release Technology, Saturn 4 Ultra zapewnia wyj\u0105tkowo szybki i dok\u0142adny proces druku 3D. Zastosowanie nowoczesnych czujnik\u00f3w oraz systemu automatycznego poziomowania czyni prac\u0119 z drukark\u0105 prostsz\u0105 i bardziej bezpieczn\u0105, nawet dla mniej do\u015bwiadczonych u\u017cytkownik\u00f3w.<\/p>\n<p>\n<img decoding=\"async\" src=\"https:\/\/assets.innpro.pl\/10927\/12877\/6.jpg\" border=\"0\" \/>\n<\/p>\n<h3>Szybsze drukowanie z Tilt Release<\/h3>\n<p>Dzi\u0119ki technologii Tilt Release Saturn 4 Ultra pozwala na ultraszybkie oddzielanie wydrukowanego modelu od folii na dnie zbiornika z \u017cywic\u0105, skracaj\u0105c czas drukowania do maksymalnie 150 mm\/h. Mo\u017cesz p\u0142ynnie prze\u0142\u0105cza\u0107 si\u0119 mi\u0119dzy trybami szybkiego i standardowego druku, dostosowuj\u0105c tempo pracy do swoich potrzeb.\u00a0<\/p>\n<p>\n<img decoding=\"async\" src=\"https:\/\/assets.innpro.pl\/10927\/12877\/1.jpg\" border=\"0\" \/>\n<\/p>\n<h3>Niezr\u00f3wnana precyzja z 10-calowym ekranem\u00a0<\/h3>\n<p>Saturn 4 Ultra zosta\u0142 wyposa\u017cony w wysokiej klasy ekran 12K Mono LCD o rozdzielczo\u015bci a\u017c 11520 x 5120 pikseli, co przek\u0142ada si\u0119 na niespotykan\u0105 jako\u015b\u0107 szczeg\u00f3\u0142\u00f3w. Dzi\u0119ki rozdzielczo\u015bci XY wynosz\u0105cej 19 x 24 \u03bcm drukarka potrafi odtworzy\u0107 nawet najbardziej skomplikowane detale z imponuj\u0105c\u0105 dok\u0142adno\u015bci\u0105. Ekran o twardo\u015bci 9H zapewnia r\u00f3wnie\u017c ochron\u0119 przed zarysowaniami, co gwarantuje d\u0142ugotrwa\u0142\u0105 i niezawodn\u0105 eksploatacj\u0119 urz\u0105dzenia.<\/p>\n<p>\n<img decoding=\"async\" src=\"https:\/\/assets.innpro.pl\/10927\/12877\/12.jpg\" border=\"0\" \/>\n<\/p>\n<h3>G\u0142adka powierzchnia i dok\u0142adno\u015b\u0107 wydruku<\/h3>\n<p>Saturn 4 Ultra wykorzystuje nowoczesne \u017ar\u00f3d\u0142o \u015bwiat\u0142a COB w po\u0142\u0105czeniu z soczewk\u0105 kolimacyjn\u0105 Fresnela, pozwalaj\u0105c uzyska\u0107 r\u00f3wnomierne o\u015bwietlenie o wsp\u00f3\u0142czynniku astygmatyzmu wynosz\u0105cym zaledwie 0,5%. Dzi\u0119ki tej technologii drukarka osi\u0105ga jednorodno\u015b\u0107 pola \u015bwietlnego na poziomie 92% oraz precyzyjn\u0105 kontrol\u0119 k\u0105ta \u015bwiat\u0142a, co przek\u0142ada si\u0119 na wyj\u0105tkowo g\u0142adk\u0105 powierzchni\u0119 wydruk\u00f3w i precyzyjne odwzorowanie drobnych detali.<\/p>\n<p>\n<img decoding=\"async\" src=\"https:\/\/assets.innpro.pl\/10927\/12877\/11.jpg\" border=\"0\" \/>\n<\/p>\n<h3>Pod\u0142\u0105cz i drukuj bez zb\u0119dnych komplikacji<\/h3>\n<p>Drukarka oferuje pe\u0142n\u0105 wygod\u0119 dzi\u0119ki funkcji automatycznego poziomowania oraz inteligentnemu czujnikowi mechanicznemu. Po prostu wyjmij urz\u0105dzenie z pude\u0142ka, pod\u0142\u0105cz, a drukarka sama ustawi p\u0142yt\u0119 robocz\u0105. Wbudowany czujnik sprawdza r\u00f3wnie\u017c poziom \u017cywicy i zapobiega ewentualnym b\u0142\u0119dom, zapewniaj\u0105c stabilno\u015b\u0107 pracy. Jedno klikni\u0119cie wystarczy, aby Saturn 4 Ultra samodzielnie sprawdzi\u0142 wszystkie komponenty i przygotowa\u0142 si\u0119 do pracy.<\/p>\n<p>\n<img decoding=\"async\" src=\"https:\/\/assets.innpro.pl\/10927\/12877\/10.jpg\" border=\"0\" \/>\n<\/p>\n<h3>Pe\u0142ne wsparcie AI<\/h3>\n<p>Profesjonalne rezultaty mo\u017cesz teraz osi\u0105ga\u0107 bez wi\u0119kszego wysi\u0142ku. Inteligentny system monitoringu z kamer\u0105 AI na bie\u017c\u0105co kontroluje proces druku i wykrywa ewentualne problemy, takie jak brak modelu na p\u0142ycie roboczej lub deformacje. Dzi\u0119ki tej funkcji masz mo\u017cliwo\u015b\u0107 szybkiego reagowania na problemy i unikni\u0119cia strat materia\u0142u. Saturn 4 Ultra automatycznie wznawia prac\u0119 po ewentualnej przerwie spowodowanej utrat\u0105 zasilania, co zabezpiecza druk i pozwala unikn\u0105\u0107 strat czasu i surowc\u00f3w.<\/p>\n<p>\n<img decoding=\"async\" src=\"https:\/\/assets.innpro.pl\/10927\/12877\/7.jpg\" border=\"0\" \/>\n<\/p>\n<h3>Funkcjonalny design dla Twojego komfortu<\/h3>\n<p>Elegoo zadba\u0142o o komfort u\u017cytkowania, wyposa\u017caj\u0105c Saturn 4 Ultra w \u0142atwy do wyczyszczenia zbiornik na \u017cywic\u0119 z systemem odprowadzania cieczy oraz pokryw\u0119 z mo\u017cliwo\u015bci\u0105 szybkiego zdejmowania. Do\u0142\u0105czone akcesoria, takie jak r\u0119kawiczki, maska i lejek, u\u0142atwiaj\u0105 przygotowanie oraz konserwacj\u0119 urz\u0105dzenia, a wygodny ekran dotykowy 4&#8243; zapewnia intuicyjn\u0105 obs\u0142ug\u0119. To idealne narz\u0119dzie dla ka\u017cdego, kto poszukuje drukarki o du\u017cych mo\u017cliwo\u015bciach i prostocie u\u017cytkowania.<\/p>\n<p>\n<img decoding=\"async\" src=\"https:\/\/assets.innpro.pl\/10927\/12877\/5.jpg\" border=\"0\" \/>\n<\/p>\n<h3>W zestawie<\/h3>\n<ul class=\"list-disc pl-5\">\n<li>Drukarka 3D Saturn 4 Ultra<\/li>\n<li>Antena WiFi<\/li>\n<li>P\u0142yta robocza<\/li>\n<li>Zbiornik na \u017cywic\u0119<\/li>\n<li>Kamera AI<\/li>\n<li>Taca na \u017cywic\u0119<\/li>\n<li>Dysk USB<\/li>\n<li>Maska ochronna<\/li>\n<li>R\u0119kawiczki<\/li>\n<li>Lejek<\/li>\n<li>\u015aruby zapasowe<\/li>\n<li>Instrukcja obs\u0142ugi<\/li>\n<li>Zasilacz<\/li>\n<li>Zestaw narz\u0119dzi<\/li>\n<li>Skrobak<\/li>\n<\/ul>\n<div class=\"table-wrapper\">\n<p>\u00a0<\/p>\n<h3><\/h3>\n<table>\n<tbody>\n<tr>\n<th>Producent: <\/th>\n<td>Elegoo<\/td>\n<\/tr>\n<tr>\n<th>Model: <\/th>\n<td>Saturn 4 Ultra<\/td>\n<\/tr>\n<tr>\n<th>Technologia druku: <\/th>\n<td>MSLA<\/td>\n<\/tr>\n<tr>\n<th>Obj\u0119to\u015b\u0107 robocza: <\/th>\n<td>218.88 x 122.88 x 220 mm<\/td>\n<\/tr>\n<tr>\n<th>\u0179r\u00f3d\u0142o \u015bwiat\u0142a: <\/th>\n<td>COB + soczewka Fresnela<\/td>\n<\/tr>\n<tr>\n<th>Pr\u0119dko\u015b\u0107 drukowania: <\/th>\n<td>do 150 mm\/h<\/td>\n<\/tr>\n<tr>\n<th>Rozdzielczo\u015b\u0107 XY: <\/th>\n<td>19 x 24 \u00b5m (11520 x 5120 pikseli)<\/td>\n<\/tr>\n<tr>\n<th>Grubo\u015b\u0107 warstwy: <\/th>\n<td>0,01\u20130,2 mm<\/td>\n<\/tr>\n<tr>\n<th>Dok\u0142adno\u015b\u0107 osi Z: <\/th>\n<td>0,02 mm<\/td>\n<\/tr>\n<tr>\n<th>Rozmiar ekranu LCD: <\/th>\n<td>10 cali, 12K Mono LCD<\/td>\n<\/tr>\n<tr>\n<th>Ochrona ekranu LCD: <\/th>\n<td>Szk\u0142o hartowane 9H<\/td>\n<\/tr>\n<tr>\n<th>Ekran dotykowy: <\/th>\n<td>4 cale, pojemno\u015bciowy<\/td>\n<\/tr>\n<tr>\n<th>Metoda po\u0142\u0105czenia: <\/th>\n<td>USB (offline), WiFi<\/td>\n<\/tr>\n<tr>\n<th>Kompatybilne oprogramowanie: <\/th>\n<td>Chitubox, Autodesk Fusion<\/td>\n<\/tr>\n<tr>\n<th>Kompatybilne \u017cywice: <\/th>\n<td>Wi\u0119kszo\u015b\u0107 dost\u0119pnych na rynku (\u017cywica standardowa, wodoodporna, ABS, ro\u015blinna)<\/td>\n<\/tr>\n<tr>\n<th>Waga netto: <\/th>\n<td>14,5 kg<\/td>\n<\/tr>\n<tr>\n<th>Waga brutto: <\/th>\n<td>19,3 kg<\/td>\n<\/tr>\n<tr>\n<th>Wymiary: <\/th>\n<td>327.4 x 329.2 x 548 mm<\/td>\n<\/tr>\n<tr>\n<th>Wymagania zasilania: <\/th>\n<td>100-240V 50\/60 Hz 24V 6A<\/td>\n<\/tr>\n<\/tbody>\n<\/table>\n<\/div>\n","protected":false},"excerpt":{"rendered":"<p>Drukarka 3D ELEGOO Saturn 4 Ultra ELEGOO Saturn 4 Ultra to zaawansowana drukarka 3D, stworzona dla os\u00f3b ceni\u0105cych najwy\u017csz\u0105 jako\u015b\u0107<\/p>\n","protected":false},"featured_media":46326,"comment_status":"closed","ping_status":"open","template":"","meta":{"_acf_changed":false},"product_brand":[],"product_cat":[6222,6223,6217],"product_tag":[],"class_list":{"0":"post-59812","1":"product","2":"type-product","3":"status-publish","4":"has-post-thumbnail","6":"product_cat-druk-3d-technologie-kreatywne","7":"product_cat-drukarki-3d","8":"product_cat-technologie-kreatywne","9":"pa_okres-gwarancji-5754","10":"pa_producent-elegoo","12":"first","13":"outofstock","14":"taxable","15":"shipping-taxable","16":"purchasable","17":"product-type-simple"},"acf":[],"yoast_head":"<!-- This site is optimized with the Yoast SEO plugin v27.2 - https:\/\/yoast.com\/product\/yoast-seo-wordpress\/ -->\n<title>Drukarka 3D ELEGOO Saturn 4 Ultra - IRONSKY.PL Sklep z Dronami<\/title>\n<meta name=\"description\" content=\"Drukarka 3D ELEGOO Saturn 4 Ultra - \u2705 sklep z dronami i fachowym doradztwem. \u2705 Tutaj kupisz produkty DJI, Yuneec, Parrot, Syma i wiele innych, a tak\u017ce kursy i licencje na operatora drona.\" \/>\n<meta name=\"robots\" content=\"index, follow, max-snippet:-1, max-image-preview:large, max-video-preview:-1\" \/>\n<link rel=\"canonical\" href=\"https:\/\/ironsky.pl\/sklep\/produkt\/drukarka-3d-elegoo-saturn-4-ultra-2\/\" \/>\n<meta property=\"og:locale\" content=\"pl_PL\" \/>\n<meta property=\"og:type\" content=\"article\" \/>\n<meta property=\"og:title\" content=\"Drukarka 3D ELEGOO Saturn 4 Ultra - IRONSKY.PL Sklep z Dronami\" \/>\n<meta property=\"og:description\" content=\"Drukarka 3D ELEGOO Saturn 4 Ultra - \u2705 sklep z dronami i fachowym doradztwem. \u2705 Tutaj kupisz produkty DJI, Yuneec, Parrot, Syma i wiele innych, a tak\u017ce kursy i licencje na operatora drona.\" \/>\n<meta property=\"og:url\" content=\"https:\/\/ironsky.pl\/sklep\/produkt\/drukarka-3d-elegoo-saturn-4-ultra-2\/\" \/>\n<meta property=\"og:site_name\" content=\"IRONSKY.PL Sklep z Dronami\" \/>\n<meta property=\"article:modified_time\" content=\"2026-04-15T08:52:00+00:00\" \/>\n<meta property=\"og:image\" content=\"https:\/\/ironsky.pl\/sklep\/wp-content\/uploads\/2025\/06\/48312_1.jpg\" \/>\n\t<meta property=\"og:image:width\" content=\"800\" \/>\n\t<meta property=\"og:image:height\" content=\"800\" \/>\n\t<meta property=\"og:image:type\" content=\"image\/jpeg\" \/>\n<meta name=\"twitter:card\" content=\"summary_large_image\" \/>\n<meta name=\"twitter:label1\" content=\"Szacowany czas czytania\" \/>\n\t<meta name=\"twitter:data1\" content=\"3 minuty\" \/>\n<script type=\"application\/ld+json\" class=\"yoast-schema-graph\">{\"@context\":\"https:\/\/schema.org\",\"@graph\":[{\"@type\":\"WebPage\",\"@id\":\"https:\/\/ironsky.pl\/sklep\/produkt\/drukarka-3d-elegoo-saturn-4-ultra-2\/\",\"url\":\"https:\/\/ironsky.pl\/sklep\/produkt\/drukarka-3d-elegoo-saturn-4-ultra-2\/\",\"name\":\"Drukarka 3D ELEGOO Saturn 4 Ultra - IRONSKY.PL Sklep z Dronami\",\"isPartOf\":{\"@id\":\"https:\/\/ironsky.pl\/sklep\/#website\"},\"primaryImageOfPage\":{\"@id\":\"https:\/\/ironsky.pl\/sklep\/produkt\/drukarka-3d-elegoo-saturn-4-ultra-2\/#primaryimage\"},\"image\":{\"@id\":\"https:\/\/ironsky.pl\/sklep\/produkt\/drukarka-3d-elegoo-saturn-4-ultra-2\/#primaryimage\"},\"thumbnailUrl\":\"https:\/\/ironsky.pl\/sklep\/wp-content\/uploads\/2025\/06\/48312_1.jpg\",\"datePublished\":\"2026-04-15T08:51:52+00:00\",\"dateModified\":\"2026-04-15T08:52:00+00:00\",\"description\":\"Drukarka 3D ELEGOO Saturn 4 Ultra - \u2705 sklep z dronami i fachowym doradztwem. \u2705 Tutaj kupisz produkty DJI, Yuneec, Parrot, Syma i wiele innych, a tak\u017ce kursy i licencje na operatora drona.\",\"breadcrumb\":{\"@id\":\"https:\/\/ironsky.pl\/sklep\/produkt\/drukarka-3d-elegoo-saturn-4-ultra-2\/#breadcrumb\"},\"inLanguage\":\"pl-PL\",\"potentialAction\":[{\"@type\":\"ReadAction\",\"target\":[\"https:\/\/ironsky.pl\/sklep\/produkt\/drukarka-3d-elegoo-saturn-4-ultra-2\/\"]}]},{\"@type\":\"ImageObject\",\"inLanguage\":\"pl-PL\",\"@id\":\"https:\/\/ironsky.pl\/sklep\/produkt\/drukarka-3d-elegoo-saturn-4-ultra-2\/#primaryimage\",\"url\":\"https:\/\/ironsky.pl\/sklep\/wp-content\/uploads\/2025\/06\/48312_1.jpg\",\"contentUrl\":\"https:\/\/ironsky.pl\/sklep\/wp-content\/uploads\/2025\/06\/48312_1.jpg\",\"width\":800,\"height\":800},{\"@type\":\"BreadcrumbList\",\"@id\":\"https:\/\/ironsky.pl\/sklep\/produkt\/drukarka-3d-elegoo-saturn-4-ultra-2\/#breadcrumb\",\"itemListElement\":[{\"@type\":\"ListItem\",\"position\":1,\"name\":\"Strona g\u0142\u00f3wna\",\"item\":\"https:\/\/ironsky.pl\/sklep\/\"},{\"@type\":\"ListItem\",\"position\":2,\"name\":\"Wszystkie produkty\",\"item\":\"https:\/\/ironsky.pl\/sklep\/produkty\/\"},{\"@type\":\"ListItem\",\"position\":3,\"name\":\"Drukarka 3D ELEGOO Saturn 4 Ultra\"}]},{\"@type\":\"WebSite\",\"@id\":\"https:\/\/ironsky.pl\/sklep\/#website\",\"url\":\"https:\/\/ironsky.pl\/sklep\/\",\"name\":\"IRONSKY.PL Sklep z Dronami\",\"description\":\"IRONSKY.PL Sklep z Dronami\",\"potentialAction\":[{\"@type\":\"SearchAction\",\"target\":{\"@type\":\"EntryPoint\",\"urlTemplate\":\"https:\/\/ironsky.pl\/sklep\/?s={search_term_string}\"},\"query-input\":{\"@type\":\"PropertyValueSpecification\",\"valueRequired\":true,\"valueName\":\"search_term_string\"}}],\"inLanguage\":\"pl-PL\"}]}<\/script>\n<!-- \/ Yoast SEO plugin. -->","yoast_head_json":{"title":"Drukarka 3D ELEGOO Saturn 4 Ultra - IRONSKY.PL Sklep z Dronami","description":"Drukarka 3D ELEGOO Saturn 4 Ultra - \u2705 sklep z dronami i fachowym doradztwem. \u2705 Tutaj kupisz produkty DJI, Yuneec, Parrot, Syma i wiele innych, a tak\u017ce kursy i licencje na operatora drona.","robots":{"index":"index","follow":"follow","max-snippet":"max-snippet:-1","max-image-preview":"max-image-preview:large","max-video-preview":"max-video-preview:-1"},"canonical":"https:\/\/ironsky.pl\/sklep\/produkt\/drukarka-3d-elegoo-saturn-4-ultra-2\/","og_locale":"pl_PL","og_type":"article","og_title":"Drukarka 3D ELEGOO Saturn 4 Ultra - IRONSKY.PL Sklep z Dronami","og_description":"Drukarka 3D ELEGOO Saturn 4 Ultra - \u2705 sklep z dronami i fachowym doradztwem. \u2705 Tutaj kupisz produkty DJI, Yuneec, Parrot, Syma i wiele innych, a tak\u017ce kursy i licencje na operatora drona.","og_url":"https:\/\/ironsky.pl\/sklep\/produkt\/drukarka-3d-elegoo-saturn-4-ultra-2\/","og_site_name":"IRONSKY.PL Sklep z Dronami","article_modified_time":"2026-04-15T08:52:00+00:00","og_image":[{"width":800,"height":800,"url":"https:\/\/ironsky.pl\/sklep\/wp-content\/uploads\/2025\/06\/48312_1.jpg","type":"image\/jpeg"}],"twitter_card":"summary_large_image","twitter_misc":{"Szacowany czas czytania":"3 minuty"},"schema":{"@context":"https:\/\/schema.org","@graph":[{"@type":"WebPage","@id":"https:\/\/ironsky.pl\/sklep\/produkt\/drukarka-3d-elegoo-saturn-4-ultra-2\/","url":"https:\/\/ironsky.pl\/sklep\/produkt\/drukarka-3d-elegoo-saturn-4-ultra-2\/","name":"Drukarka 3D ELEGOO Saturn 4 Ultra - IRONSKY.PL Sklep z Dronami","isPartOf":{"@id":"https:\/\/ironsky.pl\/sklep\/#website"},"primaryImageOfPage":{"@id":"https:\/\/ironsky.pl\/sklep\/produkt\/drukarka-3d-elegoo-saturn-4-ultra-2\/#primaryimage"},"image":{"@id":"https:\/\/ironsky.pl\/sklep\/produkt\/drukarka-3d-elegoo-saturn-4-ultra-2\/#primaryimage"},"thumbnailUrl":"https:\/\/ironsky.pl\/sklep\/wp-content\/uploads\/2025\/06\/48312_1.jpg","datePublished":"2026-04-15T08:51:52+00:00","dateModified":"2026-04-15T08:52:00+00:00","description":"Drukarka 3D ELEGOO Saturn 4 Ultra - \u2705 sklep z dronami i fachowym doradztwem. \u2705 Tutaj kupisz produkty DJI, Yuneec, Parrot, Syma i wiele innych, a tak\u017ce kursy i licencje na operatora drona.","breadcrumb":{"@id":"https:\/\/ironsky.pl\/sklep\/produkt\/drukarka-3d-elegoo-saturn-4-ultra-2\/#breadcrumb"},"inLanguage":"pl-PL","potentialAction":[{"@type":"ReadAction","target":["https:\/\/ironsky.pl\/sklep\/produkt\/drukarka-3d-elegoo-saturn-4-ultra-2\/"]}]},{"@type":"ImageObject","inLanguage":"pl-PL","@id":"https:\/\/ironsky.pl\/sklep\/produkt\/drukarka-3d-elegoo-saturn-4-ultra-2\/#primaryimage","url":"https:\/\/ironsky.pl\/sklep\/wp-content\/uploads\/2025\/06\/48312_1.jpg","contentUrl":"https:\/\/ironsky.pl\/sklep\/wp-content\/uploads\/2025\/06\/48312_1.jpg","width":800,"height":800},{"@type":"BreadcrumbList","@id":"https:\/\/ironsky.pl\/sklep\/produkt\/drukarka-3d-elegoo-saturn-4-ultra-2\/#breadcrumb","itemListElement":[{"@type":"ListItem","position":1,"name":"Strona g\u0142\u00f3wna","item":"https:\/\/ironsky.pl\/sklep\/"},{"@type":"ListItem","position":2,"name":"Wszystkie produkty","item":"https:\/\/ironsky.pl\/sklep\/produkty\/"},{"@type":"ListItem","position":3,"name":"Drukarka 3D ELEGOO Saturn 4 Ultra"}]},{"@type":"WebSite","@id":"https:\/\/ironsky.pl\/sklep\/#website","url":"https:\/\/ironsky.pl\/sklep\/","name":"IRONSKY.PL Sklep z Dronami","description":"IRONSKY.PL Sklep z Dronami","potentialAction":[{"@type":"SearchAction","target":{"@type":"EntryPoint","urlTemplate":"https:\/\/ironsky.pl\/sklep\/?s={search_term_string}"},"query-input":{"@type":"PropertyValueSpecification","valueRequired":true,"valueName":"search_term_string"}}],"inLanguage":"pl-PL"}]}},"_links":{"self":[{"href":"https:\/\/ironsky.pl\/sklep\/wp-json\/wp\/v2\/product\/59812","targetHints":{"allow":["GET"]}}],"collection":[{"href":"https:\/\/ironsky.pl\/sklep\/wp-json\/wp\/v2\/product"}],"about":[{"href":"https:\/\/ironsky.pl\/sklep\/wp-json\/wp\/v2\/types\/product"}],"replies":[{"embeddable":true,"href":"https:\/\/ironsky.pl\/sklep\/wp-json\/wp\/v2\/comments?post=59812"}],"wp:featuredmedia":[{"embeddable":true,"href":"https:\/\/ironsky.pl\/sklep\/wp-json\/wp\/v2\/media\/46326"}],"wp:attachment":[{"href":"https:\/\/ironsky.pl\/sklep\/wp-json\/wp\/v2\/media?parent=59812"}],"wp:term":[{"taxonomy":"product_brand","embeddable":true,"href":"https:\/\/ironsky.pl\/sklep\/wp-json\/wp\/v2\/product_brand?post=59812"},{"taxonomy":"product_cat","embeddable":true,"href":"https:\/\/ironsky.pl\/sklep\/wp-json\/wp\/v2\/product_cat?post=59812"},{"taxonomy":"product_tag","embeddable":true,"href":"https:\/\/ironsky.pl\/sklep\/wp-json\/wp\/v2\/product_tag?post=59812"}],"curies":[{"name":"wp","href":"https:\/\/api.w.org\/{rel}","templated":true}]}}