{"id":59808,"date":"2026-04-15T10:51:52","date_gmt":"2026-04-15T08:51:52","guid":{"rendered":"https:\/\/ironsky.pl\/sklep\/produkt\/drukarka-3d-anycubic-photon-mono-4-2\/"},"modified":"2026-04-15T10:51:56","modified_gmt":"2026-04-15T08:51:56","slug":"drukarka-3d-anycubic-photon-mono-4-2","status":"publish","type":"product","link":"https:\/\/ironsky.pl\/sklep\/produkt\/drukarka-3d-anycubic-photon-mono-4-2\/","title":{"rendered":"Drukarka 3D ANYCUBIC Photon Mono 4"},"content":{"rendered":"<h3>Drukarka 3D Anycubic Photon Mono 4\u00a0<\/h3>\n<p>Anycubic Photon Mono 4 to prosta w obs\u0142udze drukarka 3D, kt\u00f3ra nada si\u0119 zar\u00f3wno dla pocz\u0105tkuj\u0105cych, jak i bardziej zaawansowanych u\u017cytkownik\u00f3w. Dzi\u0119ki rozdzielczo\u015bci 10K i r\u00f3wnomiernemu o\u015bwietleniu pozwala drukowa\u0107 dok\u0142adne, szczeg\u00f3\u0142owe modele, takie jak figurki, ozdoby czy przedmioty codziennego u\u017cytku. Oferuje te\u017c przestrze\u0144 robocz\u0105 o wymiarach 153,4 x 87 x 165 mm i jest kompatybilna z oprogramowaniem Photon Workshop.<\/p>\n<p>\n<img decoding=\"async\" src=\"https:\/\/assets.innpro.pl\/10793\/12713\/1.jpg\" border=\"0\" \/>\n<\/p>\n<h3>Bogactwo szczeg\u00f3\u0142\u00f3w<\/h3>\n<p>Drukarka wyr\u00f3\u017cnia si\u0119 rozdzielczo\u015bci\u0105 9024&#215;5120 i precyzj\u0105 na poziomie 17 \u03bcm. Dzi\u0119ki temu pozwala tworzy\u0107 niesamowicie szczeg\u00f3\u0142owe modele. Sprawdzi si\u0119 wsz\u0119dzie tam, gdzie niezb\u0119dna jest najwy\u017csza jako\u015b\u0107 druku i wyj\u0105tkowa dok\u0142adno\u015b\u0107!<\/p>\n<p>\n<img decoding=\"async\" src=\"https:\/\/assets.innpro.pl\/10793\/12713\/3.jpg\" border=\"0\" \/>\n<\/p>\n<h3>R\u00f3wnomierne o\u015bwietlenie<\/h3>\n<p>Model Photon Mono 4 korzysta z matrycowego \u017ar\u00f3d\u0142a \u015bwiat\u0142a LighTurbo, kt\u00f3re zapewnia stabilne, r\u00f3wnomierne o\u015bwietlenie. To pozwala unikn\u0105\u0107 efektu widocznych warstw i rasteryzacji. Dzi\u0119ki temu gotowe modele zachwycaj\u0105 g\u0142adk\u0105 powierzchni\u0105 i wysokim stopniem szczeg\u00f3\u0142owo\u015bci!<\/p>\n<p>\n<img decoding=\"async\" src=\"https:\/\/assets.innpro.pl\/10793\/12713\/5.jpg\" border=\"0\" \/>\n<\/p>\n<h3>Przestrze\u0144 robocza, jakiej potrzebujesz<\/h3>\n<p>Drukarka zapewnia przestrze\u0144 robocz\u0105 o wymiarach 153,4 x 87 x 165 mm i pozwala drukowa\u0107 modele o maksymalnej obj\u0119to\u015bci 2,2 l. Dzi\u0119ki temu doskonale nadaje si\u0119 zar\u00f3wno do zwyk\u0142ych, codziennych zada\u0144, jak i do wi\u0119kszych projekt\u00f3w! Za jej pomoc\u0105 bez problemu wydrukujesz r\u00f3\u017cnego rodzaju akcesoria i dekoracje.<\/p>\n<p>\n<img decoding=\"async\" src=\"https:\/\/assets.innpro.pl\/10793\/12713\/8.jpg\" border=\"0\" \/>\n<\/p>\n<h3>Rozwi\u0105zania przyjazne u\u017cytkownikom<\/h3>\n<p>Zapomnij o skomplikowanej konfiguracji drukarki. Model Photon Mono 4 jest montowany, kalibrowany i testowany przed wysy\u0142k\u0105, dzi\u0119ki czemu b\u0119dzie gotowy do pracy niemal od razu po wyj\u0119ciu z opakowania. Ju\u017c nie musisz traci\u0107 na to czasu ani ryzykowa\u0107, \u017ce pope\u0142nisz jaki\u015b b\u0142\u0105d! Urz\u0105dzenie zosta\u0142o te\u017c wyposa\u017cone w ulepszon\u0105 platform\u0119 robocz\u0105, kt\u00f3ra zapobiega zniekszta\u0142ceniom modeli i u\u0142atwia ich zdejmowanie. Co wi\u0119cej, w przypadku niespodziewanej przerwy w zasilaniu drukarka automatycznie wznowi prac\u0119, gdy wszystko wr\u00f3ci do normy. Uwaga: przed rozpocz\u0119ciem drukowania niezb\u0119dne jest poziomowanie.<\/p>\n<p>\n<img decoding=\"async\" src=\"https:\/\/assets.innpro.pl\/10793\/12713\/10.jpg\" border=\"0\" \/>\n<\/p>\n<h3>Dodatkowe mo\u017cliwo\u015bci<\/h3>\n<p>Zainstaluj oprogramowanie Anycubic Photon Workshop, aby wygodnie pracowa\u0107 nad modelami, tworzy\u0107 podpory i nie tylko. Zajrzyj te\u017c do biblioteki Makeronline, w kt\u00f3rej znajdziesz tysi\u0105ce projekt\u00f3w innych u\u017cytkownik\u00f3w z ca\u0142ego \u015bwiata. To doskona\u0142a przestrze\u0144 do wymiany do\u015bwiadcze\u0144 i dzielenia si\u0119 pomys\u0142ami!<\/p>\n<p>\n<img decoding=\"async\" src=\"https:\/\/assets.innpro.pl\/10793\/12713\/12.jpg\" border=\"0\" \/>\n<\/p>\n<h3>W zestawie<\/h3>\n<ul class=\"list-disc pl-5\">\n<li>Drukarka<\/li>\n<li>Platforma do drukowania<\/li>\n<li>Kad\u017a na \u017cywic\u0119<\/li>\n<li>Skrobak x2<\/li>\n<li>Zestaw kluczy imbusowych<\/li>\n<li>Papier poziomuj\u0105cy<\/li>\n<li>Zestaw zapobiegaj\u0105cy zarysowaniom<\/li>\n<li>Dysk USB<\/li>\n<li>Przew\u00f3d zasilaj\u0105cy<\/li>\n<li>R\u0119kawiczki<\/li>\n<li>Lejek<\/li>\n<\/ul>\n<div class=\"table-wrapper\">\n<p>\u00a0<\/p>\n<h3><\/h3>\n<table>\n<tbody>\n<tr>\n<th>Producent<\/th>\n<td>Anycubic<\/td>\n<\/tr>\n<tr>\n<th>Nazwa<\/th>\n<td>Photon Mono 4<\/td>\n<\/tr>\n<tr>\n<th>Model<\/th>\n<td>PM40BK0A-O<\/td>\n<\/tr>\n<tr>\n<th>Waga<\/th>\n<td>4 kg<\/td>\n<\/tr>\n<tr>\n<th>Wymiary<\/th>\n<td>230 x 235 x 391 mm<\/td>\n<\/tr>\n<tr>\n<th>Ekran<\/th>\n<td>7-calowy ekran LCD<\/td>\n<\/tr>\n<tr>\n<th>Rozdzielczo\u015b\u0107 LCD<\/th>\n<td>10K<\/td>\n<\/tr>\n<tr>\n<th>\u0179r\u00f3d\u0142o \u015bwiat\u0142a<\/th>\n<td>\u0179r\u00f3d\u0142o \u015bwiat\u0142a z ulepszon\u0105 matryc\u0105 r\u00f3wnoleg\u0142\u0105<\/td>\n<\/tr>\n<tr>\n<th>Nat\u0119\u017cenie \u015bwiat\u0142a<\/th>\n<td>Ok. 3000 \u03bcW\/cm2<\/td>\n<\/tr>\n<tr>\n<th>R\u00f3wnomierno\u015b\u0107 o\u015bwietlenia<\/th>\n<td>80-90%<\/td>\n<\/tr>\n<tr>\n<th>Rozdzielczo\u015b\u0107 XY<\/th>\n<td>17 x 17 \u03bcm<\/td>\n<\/tr>\n<tr>\n<th>Poziomowanie<\/th>\n<td>4-punktowe poziomowanie r\u0119czne<\/td>\n<\/tr>\n<tr>\n<th>Folia<\/th>\n<td>FEP<\/td>\n<\/tr>\n<tr>\n<th>Pr\u0119dko\u015b\u0107 drukowania<\/th>\n<td>\u017bywica standardowa: do 50 mm\/h; \u017bywica High Speed Resin: do 70 mm\/h;<\/td>\n<\/tr>\n<tr>\n<th>Wysoko\u015b\u0107 warstwy<\/th>\n<td>0,03-0,15 mm<\/td>\n<\/tr>\n<tr>\n<th>Przestrze\u0144 robocza<\/th>\n<td>153,4 x 87 x 165 mm<\/td>\n<\/tr>\n<tr>\n<th>Slicer<\/th>\n<td>Photon Workshop<\/td>\n<\/tr>\n<tr>\n<th>Transfer plik\u00f3w<\/th>\n<td>USB<\/td>\n<\/tr>\n<\/tbody>\n<\/table>\n<\/div>\n","protected":false},"excerpt":{"rendered":"<p>Drukarka 3D Anycubic Photon Mono 4\u00a0 Anycubic Photon Mono 4 to prosta w obs\u0142udze drukarka 3D, kt\u00f3ra nada si\u0119 zar\u00f3wno<\/p>\n","protected":false},"featured_media":46304,"comment_status":"closed","ping_status":"open","template":"","meta":{"_acf_changed":false},"product_brand":[],"product_cat":[6222,6223,6217],"product_tag":[],"class_list":{"0":"post-59808","1":"product","2":"type-product","3":"status-publish","4":"has-post-thumbnail","6":"product_cat-druk-3d-technologie-kreatywne","7":"product_cat-drukarki-3d","8":"product_cat-technologie-kreatywne","9":"pa_okres-gwarancji-5754","10":"pa_producent-anycubic","12":"first","13":"outofstock","14":"taxable","15":"shipping-taxable","16":"purchasable","17":"product-type-simple"},"acf":[],"yoast_head":"<!-- This site is optimized with the Yoast SEO plugin v27.2 - https:\/\/yoast.com\/product\/yoast-seo-wordpress\/ -->\n<title>Drukarka 3D ANYCUBIC Photon Mono 4 - IRONSKY.PL Sklep z Dronami<\/title>\n<meta name=\"description\" content=\"Drukarka 3D ANYCUBIC Photon Mono 4 - \u2705 sklep z dronami i fachowym doradztwem. \u2705 Tutaj kupisz produkty DJI, Yuneec, Parrot, Syma i wiele innych, a tak\u017ce kursy i licencje na operatora drona.\" \/>\n<meta name=\"robots\" content=\"index, follow, max-snippet:-1, max-image-preview:large, max-video-preview:-1\" \/>\n<link rel=\"canonical\" href=\"https:\/\/ironsky.pl\/sklep\/produkt\/drukarka-3d-anycubic-photon-mono-4-2\/\" \/>\n<meta property=\"og:locale\" content=\"pl_PL\" \/>\n<meta property=\"og:type\" content=\"article\" \/>\n<meta property=\"og:title\" content=\"Drukarka 3D ANYCUBIC Photon Mono 4 - IRONSKY.PL Sklep z Dronami\" \/>\n<meta property=\"og:description\" content=\"Drukarka 3D ANYCUBIC Photon Mono 4 - \u2705 sklep z dronami i fachowym doradztwem. \u2705 Tutaj kupisz produkty DJI, Yuneec, Parrot, Syma i wiele innych, a tak\u017ce kursy i licencje na operatora drona.\" \/>\n<meta property=\"og:url\" content=\"https:\/\/ironsky.pl\/sklep\/produkt\/drukarka-3d-anycubic-photon-mono-4-2\/\" \/>\n<meta property=\"og:site_name\" content=\"IRONSKY.PL Sklep z Dronami\" \/>\n<meta property=\"article:modified_time\" content=\"2026-04-15T08:51:56+00:00\" \/>\n<meta property=\"og:image\" content=\"https:\/\/ironsky.pl\/sklep\/wp-content\/uploads\/2025\/06\/48141_1.jpg\" \/>\n\t<meta property=\"og:image:width\" content=\"800\" \/>\n\t<meta property=\"og:image:height\" content=\"800\" \/>\n\t<meta property=\"og:image:type\" content=\"image\/jpeg\" \/>\n<meta name=\"twitter:card\" content=\"summary_large_image\" \/>\n<meta name=\"twitter:label1\" content=\"Szacowany czas czytania\" \/>\n\t<meta name=\"twitter:data1\" content=\"2 minuty\" \/>\n<script type=\"application\/ld+json\" class=\"yoast-schema-graph\">{\"@context\":\"https:\/\/schema.org\",\"@graph\":[{\"@type\":\"WebPage\",\"@id\":\"https:\/\/ironsky.pl\/sklep\/produkt\/drukarka-3d-anycubic-photon-mono-4-2\/\",\"url\":\"https:\/\/ironsky.pl\/sklep\/produkt\/drukarka-3d-anycubic-photon-mono-4-2\/\",\"name\":\"Drukarka 3D ANYCUBIC Photon Mono 4 - IRONSKY.PL Sklep z Dronami\",\"isPartOf\":{\"@id\":\"https:\/\/ironsky.pl\/sklep\/#website\"},\"primaryImageOfPage\":{\"@id\":\"https:\/\/ironsky.pl\/sklep\/produkt\/drukarka-3d-anycubic-photon-mono-4-2\/#primaryimage\"},\"image\":{\"@id\":\"https:\/\/ironsky.pl\/sklep\/produkt\/drukarka-3d-anycubic-photon-mono-4-2\/#primaryimage\"},\"thumbnailUrl\":\"https:\/\/ironsky.pl\/sklep\/wp-content\/uploads\/2025\/06\/48141_1.jpg\",\"datePublished\":\"2026-04-15T08:51:52+00:00\",\"dateModified\":\"2026-04-15T08:51:56+00:00\",\"description\":\"Drukarka 3D ANYCUBIC Photon Mono 4 - \u2705 sklep z dronami i fachowym doradztwem. \u2705 Tutaj kupisz produkty DJI, Yuneec, Parrot, Syma i wiele innych, a tak\u017ce kursy i licencje na operatora drona.\",\"breadcrumb\":{\"@id\":\"https:\/\/ironsky.pl\/sklep\/produkt\/drukarka-3d-anycubic-photon-mono-4-2\/#breadcrumb\"},\"inLanguage\":\"pl-PL\",\"potentialAction\":[{\"@type\":\"ReadAction\",\"target\":[\"https:\/\/ironsky.pl\/sklep\/produkt\/drukarka-3d-anycubic-photon-mono-4-2\/\"]}]},{\"@type\":\"ImageObject\",\"inLanguage\":\"pl-PL\",\"@id\":\"https:\/\/ironsky.pl\/sklep\/produkt\/drukarka-3d-anycubic-photon-mono-4-2\/#primaryimage\",\"url\":\"https:\/\/ironsky.pl\/sklep\/wp-content\/uploads\/2025\/06\/48141_1.jpg\",\"contentUrl\":\"https:\/\/ironsky.pl\/sklep\/wp-content\/uploads\/2025\/06\/48141_1.jpg\",\"width\":800,\"height\":800},{\"@type\":\"BreadcrumbList\",\"@id\":\"https:\/\/ironsky.pl\/sklep\/produkt\/drukarka-3d-anycubic-photon-mono-4-2\/#breadcrumb\",\"itemListElement\":[{\"@type\":\"ListItem\",\"position\":1,\"name\":\"Strona g\u0142\u00f3wna\",\"item\":\"https:\/\/ironsky.pl\/sklep\/\"},{\"@type\":\"ListItem\",\"position\":2,\"name\":\"Wszystkie produkty\",\"item\":\"https:\/\/ironsky.pl\/sklep\/produkty\/\"},{\"@type\":\"ListItem\",\"position\":3,\"name\":\"Drukarka 3D ANYCUBIC Photon Mono 4\"}]},{\"@type\":\"WebSite\",\"@id\":\"https:\/\/ironsky.pl\/sklep\/#website\",\"url\":\"https:\/\/ironsky.pl\/sklep\/\",\"name\":\"IRONSKY.PL Sklep z Dronami\",\"description\":\"IRONSKY.PL Sklep z Dronami\",\"potentialAction\":[{\"@type\":\"SearchAction\",\"target\":{\"@type\":\"EntryPoint\",\"urlTemplate\":\"https:\/\/ironsky.pl\/sklep\/?s={search_term_string}\"},\"query-input\":{\"@type\":\"PropertyValueSpecification\",\"valueRequired\":true,\"valueName\":\"search_term_string\"}}],\"inLanguage\":\"pl-PL\"}]}<\/script>\n<!-- \/ Yoast SEO plugin. -->","yoast_head_json":{"title":"Drukarka 3D ANYCUBIC Photon Mono 4 - IRONSKY.PL Sklep z Dronami","description":"Drukarka 3D ANYCUBIC Photon Mono 4 - \u2705 sklep z dronami i fachowym doradztwem. \u2705 Tutaj kupisz produkty DJI, Yuneec, Parrot, Syma i wiele innych, a tak\u017ce kursy i licencje na operatora drona.","robots":{"index":"index","follow":"follow","max-snippet":"max-snippet:-1","max-image-preview":"max-image-preview:large","max-video-preview":"max-video-preview:-1"},"canonical":"https:\/\/ironsky.pl\/sklep\/produkt\/drukarka-3d-anycubic-photon-mono-4-2\/","og_locale":"pl_PL","og_type":"article","og_title":"Drukarka 3D ANYCUBIC Photon Mono 4 - IRONSKY.PL Sklep z Dronami","og_description":"Drukarka 3D ANYCUBIC Photon Mono 4 - \u2705 sklep z dronami i fachowym doradztwem. \u2705 Tutaj kupisz produkty DJI, Yuneec, Parrot, Syma i wiele innych, a tak\u017ce kursy i licencje na operatora drona.","og_url":"https:\/\/ironsky.pl\/sklep\/produkt\/drukarka-3d-anycubic-photon-mono-4-2\/","og_site_name":"IRONSKY.PL Sklep z Dronami","article_modified_time":"2026-04-15T08:51:56+00:00","og_image":[{"width":800,"height":800,"url":"https:\/\/ironsky.pl\/sklep\/wp-content\/uploads\/2025\/06\/48141_1.jpg","type":"image\/jpeg"}],"twitter_card":"summary_large_image","twitter_misc":{"Szacowany czas czytania":"2 minuty"},"schema":{"@context":"https:\/\/schema.org","@graph":[{"@type":"WebPage","@id":"https:\/\/ironsky.pl\/sklep\/produkt\/drukarka-3d-anycubic-photon-mono-4-2\/","url":"https:\/\/ironsky.pl\/sklep\/produkt\/drukarka-3d-anycubic-photon-mono-4-2\/","name":"Drukarka 3D ANYCUBIC Photon Mono 4 - IRONSKY.PL Sklep z Dronami","isPartOf":{"@id":"https:\/\/ironsky.pl\/sklep\/#website"},"primaryImageOfPage":{"@id":"https:\/\/ironsky.pl\/sklep\/produkt\/drukarka-3d-anycubic-photon-mono-4-2\/#primaryimage"},"image":{"@id":"https:\/\/ironsky.pl\/sklep\/produkt\/drukarka-3d-anycubic-photon-mono-4-2\/#primaryimage"},"thumbnailUrl":"https:\/\/ironsky.pl\/sklep\/wp-content\/uploads\/2025\/06\/48141_1.jpg","datePublished":"2026-04-15T08:51:52+00:00","dateModified":"2026-04-15T08:51:56+00:00","description":"Drukarka 3D ANYCUBIC Photon Mono 4 - \u2705 sklep z dronami i fachowym doradztwem. \u2705 Tutaj kupisz produkty DJI, Yuneec, Parrot, Syma i wiele innych, a tak\u017ce kursy i licencje na operatora drona.","breadcrumb":{"@id":"https:\/\/ironsky.pl\/sklep\/produkt\/drukarka-3d-anycubic-photon-mono-4-2\/#breadcrumb"},"inLanguage":"pl-PL","potentialAction":[{"@type":"ReadAction","target":["https:\/\/ironsky.pl\/sklep\/produkt\/drukarka-3d-anycubic-photon-mono-4-2\/"]}]},{"@type":"ImageObject","inLanguage":"pl-PL","@id":"https:\/\/ironsky.pl\/sklep\/produkt\/drukarka-3d-anycubic-photon-mono-4-2\/#primaryimage","url":"https:\/\/ironsky.pl\/sklep\/wp-content\/uploads\/2025\/06\/48141_1.jpg","contentUrl":"https:\/\/ironsky.pl\/sklep\/wp-content\/uploads\/2025\/06\/48141_1.jpg","width":800,"height":800},{"@type":"BreadcrumbList","@id":"https:\/\/ironsky.pl\/sklep\/produkt\/drukarka-3d-anycubic-photon-mono-4-2\/#breadcrumb","itemListElement":[{"@type":"ListItem","position":1,"name":"Strona g\u0142\u00f3wna","item":"https:\/\/ironsky.pl\/sklep\/"},{"@type":"ListItem","position":2,"name":"Wszystkie produkty","item":"https:\/\/ironsky.pl\/sklep\/produkty\/"},{"@type":"ListItem","position":3,"name":"Drukarka 3D ANYCUBIC Photon Mono 4"}]},{"@type":"WebSite","@id":"https:\/\/ironsky.pl\/sklep\/#website","url":"https:\/\/ironsky.pl\/sklep\/","name":"IRONSKY.PL Sklep z Dronami","description":"IRONSKY.PL Sklep z Dronami","potentialAction":[{"@type":"SearchAction","target":{"@type":"EntryPoint","urlTemplate":"https:\/\/ironsky.pl\/sklep\/?s={search_term_string}"},"query-input":{"@type":"PropertyValueSpecification","valueRequired":true,"valueName":"search_term_string"}}],"inLanguage":"pl-PL"}]}},"_links":{"self":[{"href":"https:\/\/ironsky.pl\/sklep\/wp-json\/wp\/v2\/product\/59808","targetHints":{"allow":["GET"]}}],"collection":[{"href":"https:\/\/ironsky.pl\/sklep\/wp-json\/wp\/v2\/product"}],"about":[{"href":"https:\/\/ironsky.pl\/sklep\/wp-json\/wp\/v2\/types\/product"}],"replies":[{"embeddable":true,"href":"https:\/\/ironsky.pl\/sklep\/wp-json\/wp\/v2\/comments?post=59808"}],"wp:featuredmedia":[{"embeddable":true,"href":"https:\/\/ironsky.pl\/sklep\/wp-json\/wp\/v2\/media\/46304"}],"wp:attachment":[{"href":"https:\/\/ironsky.pl\/sklep\/wp-json\/wp\/v2\/media?parent=59808"}],"wp:term":[{"taxonomy":"product_brand","embeddable":true,"href":"https:\/\/ironsky.pl\/sklep\/wp-json\/wp\/v2\/product_brand?post=59808"},{"taxonomy":"product_cat","embeddable":true,"href":"https:\/\/ironsky.pl\/sklep\/wp-json\/wp\/v2\/product_cat?post=59808"},{"taxonomy":"product_tag","embeddable":true,"href":"https:\/\/ironsky.pl\/sklep\/wp-json\/wp\/v2\/product_tag?post=59808"}],"curies":[{"name":"wp","href":"https:\/\/api.w.org\/{rel}","templated":true}]}}