{"id":59807,"date":"2026-04-15T10:51:52","date_gmt":"2026-04-15T08:51:52","guid":{"rendered":"https:\/\/ironsky.pl\/sklep\/produkt\/drukarka-3d-anycubic-photon-mono-m7-pro-2\/"},"modified":"2026-04-15T10:51:54","modified_gmt":"2026-04-15T08:51:54","slug":"drukarka-3d-anycubic-photon-mono-m7-pro-2","status":"publish","type":"product","link":"https:\/\/ironsky.pl\/sklep\/produkt\/drukarka-3d-anycubic-photon-mono-m7-pro-2\/","title":{"rendered":"Drukarka 3D ANYCUBIC Photon Mono M7 Pro"},"content":{"rendered":"<h3>Drukarka 3D Anycubic Photon Mono M7 Pro<\/h3>\n<p>Szukasz drukarki 3D, kt\u00f3ra pozwoli Ci tworzy\u0107 szczeg\u00f3\u0142owe, najwy\u017cszej jako\u015bci modele? Postaw na Anycubic Photon Mono M7 Pro! Ciesz si\u0119 niesamowit\u0105 pr\u0119dko\u015bci\u0105 drukowania i w pe\u0142ni wykorzystaj przestrze\u0144 robocz\u0105 o wymiarach 223 x 126 x 230 mm. Inteligentne funkcje u\u0142atwi\u0105 Ci tworzenie precyzyjnych wydruk\u00f3w i pomog\u0105 unikn\u0105\u0107 cz\u0119stych b\u0142\u0119d\u00f3w, a do\u0142\u0105czony do zestawu modu\u0142 automatycznego uzupe\u0142niania \u017cywicy zagwarantuje nieprzerwan\u0105 prac\u0119. <\/p>\n<p>\n<img decoding=\"async\" src=\"https:\/\/assets.innpro.pl\/10788\/12708\/1.jpg\" border=\"0\" alt=\"\" \/>\n<\/p>\n<h3>Jeszcze szybsze drukowanie<\/h3>\n<p>Photon Mono M7 Pro zapewnia wysoko\u015b\u0107 warstwy do 0,1 mm i umo\u017cliwia drukowanie z pr\u0119dko\u015bci\u0105 do 130 mm\/h (w przypadku standardowej \u017cywicy). Dzi\u0119ki temu mo\u017cesz w kr\u00f3tkim czasie tworzy\u0107 nawet wi\u0119ksze modele! To idealne rozwi\u0105zanie dla os\u00f3b, kt\u00f3re chc\u0105 szybko realizowa\u0107 swoje pomys\u0142y lub pracuj\u0105 przy du\u017cych projektach.<\/p>\n<p>\n<img decoding=\"async\" src=\"https:\/\/assets.innpro.pl\/10788\/12708\/8.jpg\" border=\"0\" alt=\"\" \/>\n<\/p>\n<h3>Kompatybilno\u015b\u0107 z r\u00f3\u017cnymi rodzajami \u017cywic<\/h3>\n<p>Po\u017cegnaj ograniczenia \u2013 z Anycubic Photon Mono M7 Pro mo\u017cesz swobodnie u\u017cywa\u0107 wielu r\u00f3\u017cnych rodzaj\u00f3w \u017cywic. Dla przyk\u0142adu, High-Speed Resin 2.0 pozwala zwi\u0119kszy\u0107 pr\u0119dko\u015b\u0107 drukowania do a\u017c 170 mm\/h, co dodatkowo skraca czas tworzenia modeli. Dost\u0119pna jest r\u00f3wnie\u017c \u017cywica odporna na temperatury do 100\u00b0C, \u017cywica bio, \u017cywica transparentna oraz \u017cywica ABS-Like Resin Pro, kt\u00f3ra wyr\u00f3\u017cnia si\u0119 du\u017c\u0105 elastyczno\u015bci\u0105 i wytrzyma\u0142o\u015bci\u0105.<\/p>\n<p>\n<img decoding=\"async\" src=\"https:\/\/assets.innpro.pl\/10788\/12708\/10.jpg\" border=\"0\" alt=\"\" \/>\n<\/p>\n<h3>Pe\u0142na kontrola nad \u015bwiat\u0142em<\/h3>\n<p>Drukarka korzysta z systemu LightTurbo 3.0 i \u0142\u0105czy \u017ar\u00f3d\u0142o \u015bwiat\u0142a COB, soczewk\u0119 Fresnela oraz skierowane do przodu reflektory, aby kontrolowa\u0107 ka\u017cd\u0105 wi\u0105zk\u0119 w zakresie 3\u00b0. Dzi\u0119ki temu zapewnia r\u00f3wnomierno\u015b\u0107 o\u015bwietlenia si\u0119gaj\u0105c\u0105 90%! Dodatkowo ekran ekspozycji 14K oferuje minimaln\u0105 \u015brednic\u0119 formowania 0,15 mm i minimaln\u0105 \u015brednic\u0119 por\u00f3w 0,2 mm, a algorytm Light-off Compensation dynamicznie dostosowuje \u015bwiat\u0142o do obszaru ekspozycji wydruku i pr\u0119dko\u015bci przep\u0142ywu \u017cywicy. Wszystko to pozwala drukowa\u0107 najwy\u017cszej jako\u015bci modele 3D o niespotykanym dot\u0105d stopniu szczeg\u00f3\u0142owo\u015bci!<\/p>\n<p>\n<img decoding=\"async\" src=\"https:\/\/assets.innpro.pl\/10788\/12708\/4.jpg\" border=\"0\" alt=\"\" \/>\n<\/p>\n<h3>Zyskaj du\u017c\u0105 przestrze\u0144 robocz\u0105<\/h3>\n<p>Z \u0142atwo\u015bci\u0105 tw\u00f3rz nawet du\u017ce wydruki 3D \u2013 bez konieczno\u015bci ich dzielenia! Drukarka Photon Mono M7 Pro oferuje przestrze\u0144 robocz\u0105 o wymiarach 223 x 126 x 230 mm, dzi\u0119ki czemu idealnie nadaje si\u0119 do drukowania figurek, ozd\u00f3b, zabawek i nie tylko. Takie rozwi\u0105zanie zapewnia wi\u0119ksz\u0105 swobod\u0119 i pozwala unikn\u0105\u0107 b\u0142\u0119d\u00f3w konstrukcyjnych!<\/p>\n<p>\n<img decoding=\"async\" src=\"https:\/\/assets.innpro.pl\/10788\/12708\/9.jpg\" border=\"0\" alt=\"\" \/>\n<\/p>\n<h3>Inteligentne rozwi\u0105zania<\/h3>\n<p>Ju\u017c nie musisz traci\u0107 czasu na r\u0119czn\u0105 kalibracj\u0119 drukarki. Model Photon Mono M7 Pro zajmie si\u0119 tym za Ciebie! Urz\u0105dzenie dynamicznie reguluje temperatur\u0119 \u017cywicy, aby zapewni\u0107 optymaln\u0105 wydajno\u015b\u0107 drukowania i zminimalizowa\u0107 ryzyko b\u0142\u0119d\u00f3w. Oferuje te\u017c funkcj\u0119 automatycznego poziomowania. Na tym jednak mo\u017cliwo\u015bci si\u0119 nie ko\u0144cz\u0105! W sk\u0142ad zestawu wchodzi modu\u0142 uzupe\u0142niania \u017cywicy, kt\u00f3ry pozwala na d\u0142ugotrwa\u0142\u0105, nieprzerwan\u0105 prac\u0119 i jest bardzo prosty w instalacji.<\/p>\n<p>\n<img decoding=\"async\" src=\"https:\/\/assets.innpro.pl\/10788\/12708\/2.jpg\" border=\"0\" alt=\"\" \/>\n<\/p>\n<h3>Dodatkowe funkcje usprawniaj\u0105ce drukowanie<\/h3>\n<p>Drukarka automatycznie wykrywa ewentualne b\u0142\u0119dy, takie jak na przyk\u0142ad odklejanie wydruku od sto\u0142u czy rozwarstwianie. W takiej sytuacji natychmiast zatrzyma prac\u0119 i powiadomi Ci\u0119 o problemie. Dzi\u0119ki temu mo\u017cesz szybko zareagowa\u0107 i unikn\u0105\u0107 marnowania materia\u0142u! Urz\u0105dzenie przypomni Ci r\u00f3wnie\u017c o konieczno\u015bci wymianie folii, a ponadto sprawdza, czy poszczeg\u00f3lne elementy zosta\u0142y poprawnie zamontowane. Dodatkowo Photon Mono M7 Pro kontroluje poziom \u017cywicy w kadzi i informuje o jej ewentualnych pozosta\u0142o\u015bciach.<\/p>\n<p>\n<img decoding=\"async\" src=\"https:\/\/assets.innpro.pl\/10788\/12708\/7.jpg\" border=\"0\" alt=\"\" \/>\n<\/p>\n<h3>Jeszcze wi\u0119cej mo\u017cliwo\u015bci<\/h3>\n<p>Skorzystaj z oprogramowania Anycubic Photon Workshop i jeszcze bardziej u\u0142atw sobie tworzenie druk\u00f3w 3D. Za jego pomoc\u0105 mo\u017cesz wygodnie ci\u0105\u0107 modele, generowa\u0107 podpory, a nawet korzysta\u0107 z funkcji naprawiania plik\u00f3w. Warto te\u017c do\u0142\u0105czy\u0107 do spo\u0142eczno\u015bci Makeronline, aby wymienia\u0107 si\u0119 pomys\u0142ami z innymi tw\u00f3rcami.<\/p>\n<p>\n<img decoding=\"async\" src=\"https:\/\/assets.innpro.pl\/10788\/12708\/12.jpg\" border=\"0\" alt=\"\" \/>\n<\/p>\n<h3>W zestawie<\/h3>\n<ul class=\"list-disc pl-5\">\n<li>Drukarka<\/li>\n<li>Platforma do drukowania<\/li>\n<li>Kad\u017a na \u017cywic\u0119<\/li>\n<li>Instrukcja obs\u0142ugi<\/li>\n<li>Os\u0142ona ekranu<\/li>\n<li>Papier poziomuj\u0105cy<\/li>\n<li>Modu\u0142 do uzupe\u0142niania \u017cywicy<\/li>\n<li>Zestaw akcesori\u00f3w ochronnych<\/li>\n<li>Lejek x5<\/li>\n<li>Skrobak x2<\/li>\n<li>Zestaw kluczy imbusowych<\/li>\n<li>Dysk USB<\/li>\n<li>Antena Wi-Fi<\/li>\n<li>Przew\u00f3d zasilaj\u0105cy<\/li>\n<\/ul>\n<div class=\"table-wrapper\">\n<p>\u00a0<\/p>\n<h3><\/h3>\n<table>\n<tbody>\n<tr>\n<th>Producent<\/th>\n<td>Anycubic<\/td>\n<\/tr>\n<tr>\n<th>Nazwa<\/th>\n<td>Photon Mono M7 Pro<\/td>\n<\/tr>\n<tr>\n<th>Model<\/th>\n<td>PM7RBK0A-O<\/td>\n<\/tr>\n<tr>\n<th>Waga<\/th>\n<td>12,8 kg<\/td>\n<\/tr>\n<tr>\n<th>Wymiary<\/th>\n<td>312 x 315 x 520 mm<\/td>\n<\/tr>\n<tr>\n<th>Ekran<\/th>\n<td>10,1-calowy ekran LCD<\/td>\n<\/tr>\n<tr>\n<th>Rozdzielczo\u015b\u0107 LCD<\/th>\n<td>14K<\/td>\n<\/tr>\n<tr>\n<th>\u0179r\u00f3d\u0142o \u015bwiat\u0142a<\/th>\n<td>COB<\/td>\n<\/tr>\n<tr>\n<th>Nat\u0119\u017cenie \u015bwiat\u0142a<\/th>\n<td>5500 \u00b110% \u03bcW\/cm2<\/td>\n<\/tr>\n<tr>\n<th>R\u00f3wnomierno\u015b\u0107 o\u015bwietlenia<\/th>\n<td>\u2265 90%<\/td>\n<\/tr>\n<tr>\n<th>Poziomowanie<\/th>\n<td>Automatyczne<\/td>\n<\/tr>\n<tr>\n<th>Folia<\/th>\n<td>Ulepszona folia ACF<\/td>\n<\/tr>\n<tr>\n<th>Pr\u0119dko\u015b\u0107 drukowania<\/th>\n<td>\u017bywica standardowa: do 130 mm\/h; \u017bywica High Speed Resin: do 170 mm\/h;<\/td>\n<\/tr>\n<tr>\n<th>Wysoko\u015b\u0107 warstwy<\/th>\n<td>Ok. 0,1 mm<\/td>\n<\/tr>\n<tr>\n<th>Przestrze\u0144 robocza<\/th>\n<td>223 x 126 x 230 mm<\/td>\n<\/tr>\n<\/tbody>\n<\/table>\n<\/div>\n","protected":false},"excerpt":{"rendered":"<p>Drukarka 3D Anycubic Photon Mono M7 Pro Szukasz drukarki 3D, kt\u00f3ra pozwoli Ci tworzy\u0107 szczeg\u00f3\u0142owe, najwy\u017cszej jako\u015bci modele? Postaw na<\/p>\n","protected":false},"featured_media":46296,"comment_status":"closed","ping_status":"open","template":"","meta":{"_acf_changed":false},"product_brand":[],"product_cat":[6222,6223,6217],"product_tag":[],"class_list":{"0":"post-59807","1":"product","2":"type-product","3":"status-publish","4":"has-post-thumbnail","6":"product_cat-druk-3d-technologie-kreatywne","7":"product_cat-drukarki-3d","8":"product_cat-technologie-kreatywne","9":"pa_okres-gwarancji-5754","10":"pa_producent-anycubic","12":"first","13":"outofstock","14":"taxable","15":"shipping-taxable","16":"purchasable","17":"product-type-simple"},"acf":[],"yoast_head":"<!-- This site is optimized with the Yoast SEO plugin v27.2 - https:\/\/yoast.com\/product\/yoast-seo-wordpress\/ -->\n<title>Drukarka 3D ANYCUBIC Photon Mono M7 Pro - IRONSKY.PL Sklep z Dronami<\/title>\n<meta name=\"description\" content=\"Drukarka 3D ANYCUBIC Photon Mono M7 Pro - \u2705 sklep z dronami i fachowym doradztwem. \u2705 Tutaj kupisz produkty DJI, Yuneec, Parrot, Syma i wiele innych, a tak\u017ce kursy i licencje na operatora drona.\" \/>\n<meta name=\"robots\" content=\"index, follow, max-snippet:-1, max-image-preview:large, max-video-preview:-1\" \/>\n<link rel=\"canonical\" href=\"https:\/\/ironsky.pl\/sklep\/produkt\/drukarka-3d-anycubic-photon-mono-m7-pro-2\/\" \/>\n<meta property=\"og:locale\" content=\"pl_PL\" \/>\n<meta property=\"og:type\" content=\"article\" \/>\n<meta property=\"og:title\" content=\"Drukarka 3D ANYCUBIC Photon Mono M7 Pro - IRONSKY.PL Sklep z Dronami\" \/>\n<meta property=\"og:description\" content=\"Drukarka 3D ANYCUBIC Photon Mono M7 Pro - \u2705 sklep z dronami i fachowym doradztwem. \u2705 Tutaj kupisz produkty DJI, Yuneec, Parrot, Syma i wiele innych, a tak\u017ce kursy i licencje na operatora drona.\" \/>\n<meta property=\"og:url\" content=\"https:\/\/ironsky.pl\/sklep\/produkt\/drukarka-3d-anycubic-photon-mono-m7-pro-2\/\" \/>\n<meta property=\"og:site_name\" content=\"IRONSKY.PL Sklep z Dronami\" \/>\n<meta property=\"article:modified_time\" content=\"2026-04-15T08:51:54+00:00\" \/>\n<meta property=\"og:image\" content=\"https:\/\/ironsky.pl\/sklep\/wp-content\/uploads\/2025\/06\/48140_1.jpg\" \/>\n\t<meta property=\"og:image:width\" content=\"800\" \/>\n\t<meta property=\"og:image:height\" content=\"800\" \/>\n\t<meta property=\"og:image:type\" content=\"image\/jpeg\" \/>\n<meta name=\"twitter:card\" content=\"summary_large_image\" \/>\n<meta name=\"twitter:label1\" content=\"Szacowany czas czytania\" \/>\n\t<meta name=\"twitter:data1\" content=\"3 minuty\" \/>\n<script type=\"application\/ld+json\" class=\"yoast-schema-graph\">{\"@context\":\"https:\/\/schema.org\",\"@graph\":[{\"@type\":\"WebPage\",\"@id\":\"https:\/\/ironsky.pl\/sklep\/produkt\/drukarka-3d-anycubic-photon-mono-m7-pro-2\/\",\"url\":\"https:\/\/ironsky.pl\/sklep\/produkt\/drukarka-3d-anycubic-photon-mono-m7-pro-2\/\",\"name\":\"Drukarka 3D ANYCUBIC Photon Mono M7 Pro - IRONSKY.PL Sklep z Dronami\",\"isPartOf\":{\"@id\":\"https:\/\/ironsky.pl\/sklep\/#website\"},\"primaryImageOfPage\":{\"@id\":\"https:\/\/ironsky.pl\/sklep\/produkt\/drukarka-3d-anycubic-photon-mono-m7-pro-2\/#primaryimage\"},\"image\":{\"@id\":\"https:\/\/ironsky.pl\/sklep\/produkt\/drukarka-3d-anycubic-photon-mono-m7-pro-2\/#primaryimage\"},\"thumbnailUrl\":\"https:\/\/ironsky.pl\/sklep\/wp-content\/uploads\/2025\/06\/48140_1.jpg\",\"datePublished\":\"2026-04-15T08:51:52+00:00\",\"dateModified\":\"2026-04-15T08:51:54+00:00\",\"description\":\"Drukarka 3D ANYCUBIC Photon Mono M7 Pro - \u2705 sklep z dronami i fachowym doradztwem. \u2705 Tutaj kupisz produkty DJI, Yuneec, Parrot, Syma i wiele innych, a tak\u017ce kursy i licencje na operatora drona.\",\"breadcrumb\":{\"@id\":\"https:\/\/ironsky.pl\/sklep\/produkt\/drukarka-3d-anycubic-photon-mono-m7-pro-2\/#breadcrumb\"},\"inLanguage\":\"pl-PL\",\"potentialAction\":[{\"@type\":\"ReadAction\",\"target\":[\"https:\/\/ironsky.pl\/sklep\/produkt\/drukarka-3d-anycubic-photon-mono-m7-pro-2\/\"]}]},{\"@type\":\"ImageObject\",\"inLanguage\":\"pl-PL\",\"@id\":\"https:\/\/ironsky.pl\/sklep\/produkt\/drukarka-3d-anycubic-photon-mono-m7-pro-2\/#primaryimage\",\"url\":\"https:\/\/ironsky.pl\/sklep\/wp-content\/uploads\/2025\/06\/48140_1.jpg\",\"contentUrl\":\"https:\/\/ironsky.pl\/sklep\/wp-content\/uploads\/2025\/06\/48140_1.jpg\",\"width\":800,\"height\":800},{\"@type\":\"BreadcrumbList\",\"@id\":\"https:\/\/ironsky.pl\/sklep\/produkt\/drukarka-3d-anycubic-photon-mono-m7-pro-2\/#breadcrumb\",\"itemListElement\":[{\"@type\":\"ListItem\",\"position\":1,\"name\":\"Strona g\u0142\u00f3wna\",\"item\":\"https:\/\/ironsky.pl\/sklep\/\"},{\"@type\":\"ListItem\",\"position\":2,\"name\":\"Wszystkie produkty\",\"item\":\"https:\/\/ironsky.pl\/sklep\/produkty\/\"},{\"@type\":\"ListItem\",\"position\":3,\"name\":\"Drukarka 3D ANYCUBIC Photon Mono M7 Pro\"}]},{\"@type\":\"WebSite\",\"@id\":\"https:\/\/ironsky.pl\/sklep\/#website\",\"url\":\"https:\/\/ironsky.pl\/sklep\/\",\"name\":\"IRONSKY.PL Sklep z Dronami\",\"description\":\"IRONSKY.PL Sklep z Dronami\",\"potentialAction\":[{\"@type\":\"SearchAction\",\"target\":{\"@type\":\"EntryPoint\",\"urlTemplate\":\"https:\/\/ironsky.pl\/sklep\/?s={search_term_string}\"},\"query-input\":{\"@type\":\"PropertyValueSpecification\",\"valueRequired\":true,\"valueName\":\"search_term_string\"}}],\"inLanguage\":\"pl-PL\"}]}<\/script>\n<!-- \/ Yoast SEO plugin. -->","yoast_head_json":{"title":"Drukarka 3D ANYCUBIC Photon Mono M7 Pro - IRONSKY.PL Sklep z Dronami","description":"Drukarka 3D ANYCUBIC Photon Mono M7 Pro - \u2705 sklep z dronami i fachowym doradztwem. \u2705 Tutaj kupisz produkty DJI, Yuneec, Parrot, Syma i wiele innych, a tak\u017ce kursy i licencje na operatora drona.","robots":{"index":"index","follow":"follow","max-snippet":"max-snippet:-1","max-image-preview":"max-image-preview:large","max-video-preview":"max-video-preview:-1"},"canonical":"https:\/\/ironsky.pl\/sklep\/produkt\/drukarka-3d-anycubic-photon-mono-m7-pro-2\/","og_locale":"pl_PL","og_type":"article","og_title":"Drukarka 3D ANYCUBIC Photon Mono M7 Pro - IRONSKY.PL Sklep z Dronami","og_description":"Drukarka 3D ANYCUBIC Photon Mono M7 Pro - \u2705 sklep z dronami i fachowym doradztwem. \u2705 Tutaj kupisz produkty DJI, Yuneec, Parrot, Syma i wiele innych, a tak\u017ce kursy i licencje na operatora drona.","og_url":"https:\/\/ironsky.pl\/sklep\/produkt\/drukarka-3d-anycubic-photon-mono-m7-pro-2\/","og_site_name":"IRONSKY.PL Sklep z Dronami","article_modified_time":"2026-04-15T08:51:54+00:00","og_image":[{"width":800,"height":800,"url":"https:\/\/ironsky.pl\/sklep\/wp-content\/uploads\/2025\/06\/48140_1.jpg","type":"image\/jpeg"}],"twitter_card":"summary_large_image","twitter_misc":{"Szacowany czas czytania":"3 minuty"},"schema":{"@context":"https:\/\/schema.org","@graph":[{"@type":"WebPage","@id":"https:\/\/ironsky.pl\/sklep\/produkt\/drukarka-3d-anycubic-photon-mono-m7-pro-2\/","url":"https:\/\/ironsky.pl\/sklep\/produkt\/drukarka-3d-anycubic-photon-mono-m7-pro-2\/","name":"Drukarka 3D ANYCUBIC Photon Mono M7 Pro - IRONSKY.PL Sklep z Dronami","isPartOf":{"@id":"https:\/\/ironsky.pl\/sklep\/#website"},"primaryImageOfPage":{"@id":"https:\/\/ironsky.pl\/sklep\/produkt\/drukarka-3d-anycubic-photon-mono-m7-pro-2\/#primaryimage"},"image":{"@id":"https:\/\/ironsky.pl\/sklep\/produkt\/drukarka-3d-anycubic-photon-mono-m7-pro-2\/#primaryimage"},"thumbnailUrl":"https:\/\/ironsky.pl\/sklep\/wp-content\/uploads\/2025\/06\/48140_1.jpg","datePublished":"2026-04-15T08:51:52+00:00","dateModified":"2026-04-15T08:51:54+00:00","description":"Drukarka 3D ANYCUBIC Photon Mono M7 Pro - \u2705 sklep z dronami i fachowym doradztwem. \u2705 Tutaj kupisz produkty DJI, Yuneec, Parrot, Syma i wiele innych, a tak\u017ce kursy i licencje na operatora drona.","breadcrumb":{"@id":"https:\/\/ironsky.pl\/sklep\/produkt\/drukarka-3d-anycubic-photon-mono-m7-pro-2\/#breadcrumb"},"inLanguage":"pl-PL","potentialAction":[{"@type":"ReadAction","target":["https:\/\/ironsky.pl\/sklep\/produkt\/drukarka-3d-anycubic-photon-mono-m7-pro-2\/"]}]},{"@type":"ImageObject","inLanguage":"pl-PL","@id":"https:\/\/ironsky.pl\/sklep\/produkt\/drukarka-3d-anycubic-photon-mono-m7-pro-2\/#primaryimage","url":"https:\/\/ironsky.pl\/sklep\/wp-content\/uploads\/2025\/06\/48140_1.jpg","contentUrl":"https:\/\/ironsky.pl\/sklep\/wp-content\/uploads\/2025\/06\/48140_1.jpg","width":800,"height":800},{"@type":"BreadcrumbList","@id":"https:\/\/ironsky.pl\/sklep\/produkt\/drukarka-3d-anycubic-photon-mono-m7-pro-2\/#breadcrumb","itemListElement":[{"@type":"ListItem","position":1,"name":"Strona g\u0142\u00f3wna","item":"https:\/\/ironsky.pl\/sklep\/"},{"@type":"ListItem","position":2,"name":"Wszystkie produkty","item":"https:\/\/ironsky.pl\/sklep\/produkty\/"},{"@type":"ListItem","position":3,"name":"Drukarka 3D ANYCUBIC Photon Mono M7 Pro"}]},{"@type":"WebSite","@id":"https:\/\/ironsky.pl\/sklep\/#website","url":"https:\/\/ironsky.pl\/sklep\/","name":"IRONSKY.PL Sklep z Dronami","description":"IRONSKY.PL Sklep z Dronami","potentialAction":[{"@type":"SearchAction","target":{"@type":"EntryPoint","urlTemplate":"https:\/\/ironsky.pl\/sklep\/?s={search_term_string}"},"query-input":{"@type":"PropertyValueSpecification","valueRequired":true,"valueName":"search_term_string"}}],"inLanguage":"pl-PL"}]}},"_links":{"self":[{"href":"https:\/\/ironsky.pl\/sklep\/wp-json\/wp\/v2\/product\/59807","targetHints":{"allow":["GET"]}}],"collection":[{"href":"https:\/\/ironsky.pl\/sklep\/wp-json\/wp\/v2\/product"}],"about":[{"href":"https:\/\/ironsky.pl\/sklep\/wp-json\/wp\/v2\/types\/product"}],"replies":[{"embeddable":true,"href":"https:\/\/ironsky.pl\/sklep\/wp-json\/wp\/v2\/comments?post=59807"}],"wp:featuredmedia":[{"embeddable":true,"href":"https:\/\/ironsky.pl\/sklep\/wp-json\/wp\/v2\/media\/46296"}],"wp:attachment":[{"href":"https:\/\/ironsky.pl\/sklep\/wp-json\/wp\/v2\/media?parent=59807"}],"wp:term":[{"taxonomy":"product_brand","embeddable":true,"href":"https:\/\/ironsky.pl\/sklep\/wp-json\/wp\/v2\/product_brand?post=59807"},{"taxonomy":"product_cat","embeddable":true,"href":"https:\/\/ironsky.pl\/sklep\/wp-json\/wp\/v2\/product_cat?post=59807"},{"taxonomy":"product_tag","embeddable":true,"href":"https:\/\/ironsky.pl\/sklep\/wp-json\/wp\/v2\/product_tag?post=59807"}],"curies":[{"name":"wp","href":"https:\/\/api.w.org\/{rel}","templated":true}]}}