{"id":59804,"date":"2026-04-15T10:51:28","date_gmt":"2026-04-15T08:51:28","guid":{"rendered":"https:\/\/ironsky.pl\/sklep\/produkt\/latarka-superfire-l22-5000lm\/"},"modified":"2026-04-15T10:51:50","modified_gmt":"2026-04-15T08:51:50","slug":"latarka-superfire-l22-5000lm","status":"publish","type":"product","link":"https:\/\/ironsky.pl\/sklep\/produkt\/latarka-superfire-l22-5000lm\/","title":{"rendered":"Latarka SUPERFIRE L22 5000lm"},"content":{"rendered":"<h3>Latarka Superfire L22<\/h3>\n<p>Lampa kempingowa 2w1 Superfire LT01 to po\u0142\u0105czenie pot\u0119\u017cnego reflektora o jasno\u015bci 5000 lumen\u00f3w z wygodnym i ergonomicznym designem. Dzi\u0119ki szerokiemu k\u0105towi \u015bwiecenia i wielu trybom o\u015bwietlenia doskonale sprawdzi si\u0119 podczas biwak\u00f3w, wspinaczki, prac konserwacyjnych czy codziennego u\u017cytkowania. Kompaktowy rozmiar i solidna konstrukcja zapewniaj\u0105 niezawodno\u015b\u0107 w ka\u017cdych warunkach.<\/p>\n<p>\n<img decoding=\"async\" src=\"https:\/\/assets.innpro.pl\/11893\/14084\/3.jpg\" border=\"0\" \/>\n<\/p>\n<h3>Pot\u0119\u017cna jasno\u015b\u0107 i szeroki zasi\u0119g<\/h3>\n<p>Wyposa\u017cona w trzy wysokowydajne diody SH-S09, lampa generuje \u015bwiat\u0142o o maksymalnej mocy 5000 lumen\u00f3w. Du\u017ca moc i szeroki zakres o\u015bwietlenia gwarantuj\u0105 doskona\u0142\u0105 widoczno\u015b\u0107 na odleg\u0142o\u015b\u0107 do 300 metr\u00f3w. Przy pomocy tryb\u00f3w o\u015bwietlenia (Low, Medium, Strong, Strobe, SOS oraz Turbo) mo\u017cesz \u0142atwo dostosowa\u0107 intensywno\u015b\u0107 \u015bwiat\u0142a do sytuacji.<\/p>\n<p>\n<img decoding=\"async\" src=\"https:\/\/assets.innpro.pl\/11893\/14084\/1.jpg\" border=\"0\" \/>\n<\/p>\n<h3>Kompaktowy i ergonomiczny design<\/h3>\n<p>Z d\u0142ugo\u015bci\u0105 133 mm i wag\u0105 zaledwie 190 g, lampa LT01 doskonale le\u017cy w d\u0142oni. Wykonana z wytrzyma\u0142ego stopu aluminium, jest odporna na uszkodzenia mechaniczne. Jej antypo\u015blizgowa obudowa zapewnia pewny chwyt, a centralnie umieszczony przycisk u\u0142atwia szybkie sterowanie trybami \u015bwiat\u0142a nawet jedn\u0105 r\u0119k\u0105.<\/p>\n<p>\n<img decoding=\"async\" src=\"https:\/\/assets.innpro.pl\/11893\/14084\/5.jpg\" border=\"0\" \/>\n<\/p>\n<h3>Inteligentna kontrola temperatury<\/h3>\n<p>Lampa zosta\u0142a wyposa\u017cona w system inteligentnej kontroli temperatury, kt\u00f3ry zapobiega przegrzaniu. W momencie, gdy temperatura wzrasta, urz\u0105dzenie automatycznie redukuje jasno\u015b\u0107, chroni\u0105c u\u017cytkownika przed poparzeniem i wyd\u0142u\u017caj\u0105c \u017cywotno\u015b\u0107 diod LED.<\/p>\n<p>\n<img decoding=\"async\" src=\"https:\/\/assets.innpro.pl\/11893\/14084\/7.jpg\" border=\"0\" \/>\n<\/p>\n<h3>Wydajne zasilanie i szybkie \u0142adowanie<\/h3>\n<p>Lampa zasilana jest akumulatorem 26650 lub 18650, co zapewnia oko\u0142o 6 godzin ci\u0105g\u0142ej pracy. Dzi\u0119ki portowi USB-C \u0142adowanie trwa jedynie 4,5 godziny. Dodatkowe funkcje, takie jak wska\u017anik poziomu na\u0142adowania oraz mo\u017cliwo\u015b\u0107 wymiany akumulatora, sprawiaj\u0105, \u017ce lampa jest niezwykle praktyczna i wygodna w u\u017cytkowaniu.<\/p>\n<p>\n<img decoding=\"async\" src=\"https:\/\/assets.innpro.pl\/11893\/14084\/2.jpg\" border=\"0\" \/>\n<\/p>\n<h3>Odporno\u015b\u0107 na warunki atmosferyczne<\/h3>\n<p>Lampa LT01 posiada klas\u0119 wodoodporno\u015bci IP44, dzi\u0119ki czemu jest odporna na deszcz i wilgo\u0107. Niezale\u017cnie od pogody, mo\u017cesz polega\u0107 na jej jasnym \u015bwietle i trwa\u0142ej konstrukcji, co czyni j\u0105 idealnym wyborem do wszelkich aktywno\u015bci na \u015bwie\u017cym powietrzu.<\/p>\n<p>\n<img decoding=\"async\" src=\"https:\/\/assets.innpro.pl\/11893\/14084\/4.jpg\" border=\"0\" \/>\n<\/p>\n<h3>W zestawie<\/h3>\n<ul class=\"list-disc pl-5\">\n<li>Opaska x1<\/li>\n<li>Kabel \u0142aduj\u0105cy USB-C x1<\/li>\n<li>AB11 x1<\/li>\n<li>L22 x1<\/li>\n<\/ul>\n<div class=\"table-wrapper\">\n<p>\u00a0<\/p>\n<h3><\/h3>\n<table>\n<tbody>\n<tr>\n<th>Producent<\/th>\n<td>Superfire<\/td>\n<\/tr>\n<tr>\n<th>Model<\/th>\n<td>L22<\/td>\n<\/tr>\n<tr>\n<th>Moc<\/th>\n<td>60W<\/td>\n<\/tr>\n<tr>\n<th>Jasnos\u0107<\/th>\n<td>5000LM<\/td>\n<\/tr>\n<tr>\n<th>Akumulator<\/th>\n<td>26650\/18650<\/td>\n<\/tr>\n<tr>\n<th>Czas pracy<\/th>\n<td>6h<\/td>\n<\/tr>\n<tr>\n<th>Czas \u0142adowania<\/th>\n<td>4,5h<\/td>\n<\/tr>\n<tr>\n<th>Waga<\/th>\n<td>190g<\/td>\n<\/tr>\n<tr>\n<th>Materia\u0142<\/th>\n<td>Stop aluminium<\/td>\n<\/tr>\n<tr>\n<th>Wodoodporno\u015b\u0107<\/th>\n<td>IP44<\/td>\n<\/tr>\n<tr>\n<th>Dystans<\/th>\n<td>300m<\/td>\n<\/tr>\n<tr>\n<th>Wymiary<\/th>\n<td>133*43*36mm<\/td>\n<\/tr>\n<tr>\n<th>Tryby \u015bwiat\u0142a<\/th>\n<td>S\u0142abe \u015bwiat\u0142o &#8211;  \u015arednio \u015bwiat\u0142o &#8211; Silne \u015bwiat\u0142o &#8211; Stoboskop &#8211; SOS\/Turbo<\/td>\n<\/tr>\n<\/tbody>\n<\/table>\n<\/div>\n","protected":false},"excerpt":{"rendered":"<p>Latarka Superfire L22 Lampa kempingowa 2w1 Superfire LT01 to po\u0142\u0105czenie pot\u0119\u017cnego reflektora o jasno\u015bci 5000 lumen\u00f3w z wygodnym i ergonomicznym<\/p>\n","protected":false},"featured_media":46277,"comment_status":"closed","ping_status":"open","template":"","meta":{"_acf_changed":false},"product_brand":[],"product_cat":[5938,5937,5939],"product_tag":[],"class_list":{"0":"post-59804","1":"product","2":"type-product","3":"status-publish","4":"has-post-thumbnail","6":"product_cat-latarki","7":"product_cat-outdoor","8":"product_cat-pozostale-latarki","9":"pa_okres-gwarancji-5754","10":"pa_producent-superfire","12":"first","13":"outofstock","14":"taxable","15":"shipping-taxable","16":"purchasable","17":"product-type-simple"},"acf":[],"yoast_head":"<!-- This site is optimized with the Yoast SEO plugin v27.2 - https:\/\/yoast.com\/product\/yoast-seo-wordpress\/ -->\n<title>Latarka SUPERFIRE L22 5000lm - IRONSKY.PL Sklep z Dronami<\/title>\n<meta name=\"description\" content=\"Latarka SUPERFIRE L22 5000lm - \u2705 sklep z dronami i fachowym doradztwem. \u2705 Tutaj kupisz produkty DJI, Yuneec, Parrot, Syma i wiele innych, a tak\u017ce kursy i licencje na operatora drona.\" \/>\n<meta name=\"robots\" content=\"index, follow, max-snippet:-1, max-image-preview:large, max-video-preview:-1\" \/>\n<link rel=\"canonical\" href=\"https:\/\/ironsky.pl\/sklep\/produkt\/latarka-superfire-l22-5000lm\/\" \/>\n<meta property=\"og:locale\" content=\"pl_PL\" \/>\n<meta property=\"og:type\" content=\"article\" \/>\n<meta property=\"og:title\" content=\"Latarka SUPERFIRE L22 5000lm - IRONSKY.PL Sklep z Dronami\" \/>\n<meta property=\"og:description\" content=\"Latarka SUPERFIRE L22 5000lm - \u2705 sklep z dronami i fachowym doradztwem. \u2705 Tutaj kupisz produkty DJI, Yuneec, Parrot, Syma i wiele innych, a tak\u017ce kursy i licencje na operatora drona.\" \/>\n<meta property=\"og:url\" content=\"https:\/\/ironsky.pl\/sklep\/produkt\/latarka-superfire-l22-5000lm\/\" \/>\n<meta property=\"og:site_name\" content=\"IRONSKY.PL Sklep z Dronami\" \/>\n<meta property=\"article:modified_time\" content=\"2026-04-15T08:51:50+00:00\" \/>\n<meta property=\"og:image\" content=\"https:\/\/ironsky.pl\/sklep\/wp-content\/uploads\/2025\/06\/48134_2.jpg\" \/>\n\t<meta property=\"og:image:width\" content=\"800\" \/>\n\t<meta property=\"og:image:height\" content=\"800\" \/>\n\t<meta property=\"og:image:type\" content=\"image\/jpeg\" \/>\n<meta name=\"twitter:card\" content=\"summary_large_image\" \/>\n<meta name=\"twitter:label1\" content=\"Szacowany czas czytania\" \/>\n\t<meta name=\"twitter:data1\" content=\"2 minuty\" \/>\n<script type=\"application\/ld+json\" class=\"yoast-schema-graph\">{\"@context\":\"https:\/\/schema.org\",\"@graph\":[{\"@type\":\"WebPage\",\"@id\":\"https:\/\/ironsky.pl\/sklep\/produkt\/latarka-superfire-l22-5000lm\/\",\"url\":\"https:\/\/ironsky.pl\/sklep\/produkt\/latarka-superfire-l22-5000lm\/\",\"name\":\"Latarka SUPERFIRE L22 5000lm - IRONSKY.PL Sklep z Dronami\",\"isPartOf\":{\"@id\":\"https:\/\/ironsky.pl\/sklep\/#website\"},\"primaryImageOfPage\":{\"@id\":\"https:\/\/ironsky.pl\/sklep\/produkt\/latarka-superfire-l22-5000lm\/#primaryimage\"},\"image\":{\"@id\":\"https:\/\/ironsky.pl\/sklep\/produkt\/latarka-superfire-l22-5000lm\/#primaryimage\"},\"thumbnailUrl\":\"https:\/\/ironsky.pl\/sklep\/wp-content\/uploads\/2025\/06\/48134_2.jpg\",\"datePublished\":\"2026-04-15T08:51:28+00:00\",\"dateModified\":\"2026-04-15T08:51:50+00:00\",\"description\":\"Latarka SUPERFIRE L22 5000lm - \u2705 sklep z dronami i fachowym doradztwem. \u2705 Tutaj kupisz produkty DJI, Yuneec, Parrot, Syma i wiele innych, a tak\u017ce kursy i licencje na operatora drona.\",\"breadcrumb\":{\"@id\":\"https:\/\/ironsky.pl\/sklep\/produkt\/latarka-superfire-l22-5000lm\/#breadcrumb\"},\"inLanguage\":\"pl-PL\",\"potentialAction\":[{\"@type\":\"ReadAction\",\"target\":[\"https:\/\/ironsky.pl\/sklep\/produkt\/latarka-superfire-l22-5000lm\/\"]}]},{\"@type\":\"ImageObject\",\"inLanguage\":\"pl-PL\",\"@id\":\"https:\/\/ironsky.pl\/sklep\/produkt\/latarka-superfire-l22-5000lm\/#primaryimage\",\"url\":\"https:\/\/ironsky.pl\/sklep\/wp-content\/uploads\/2025\/06\/48134_2.jpg\",\"contentUrl\":\"https:\/\/ironsky.pl\/sklep\/wp-content\/uploads\/2025\/06\/48134_2.jpg\",\"width\":800,\"height\":800},{\"@type\":\"BreadcrumbList\",\"@id\":\"https:\/\/ironsky.pl\/sklep\/produkt\/latarka-superfire-l22-5000lm\/#breadcrumb\",\"itemListElement\":[{\"@type\":\"ListItem\",\"position\":1,\"name\":\"Strona g\u0142\u00f3wna\",\"item\":\"https:\/\/ironsky.pl\/sklep\/\"},{\"@type\":\"ListItem\",\"position\":2,\"name\":\"Wszystkie produkty\",\"item\":\"https:\/\/ironsky.pl\/sklep\/produkty\/\"},{\"@type\":\"ListItem\",\"position\":3,\"name\":\"Latarka SUPERFIRE L22 5000lm\"}]},{\"@type\":\"WebSite\",\"@id\":\"https:\/\/ironsky.pl\/sklep\/#website\",\"url\":\"https:\/\/ironsky.pl\/sklep\/\",\"name\":\"IRONSKY.PL Sklep z Dronami\",\"description\":\"IRONSKY.PL Sklep z Dronami\",\"potentialAction\":[{\"@type\":\"SearchAction\",\"target\":{\"@type\":\"EntryPoint\",\"urlTemplate\":\"https:\/\/ironsky.pl\/sklep\/?s={search_term_string}\"},\"query-input\":{\"@type\":\"PropertyValueSpecification\",\"valueRequired\":true,\"valueName\":\"search_term_string\"}}],\"inLanguage\":\"pl-PL\"}]}<\/script>\n<!-- \/ Yoast SEO plugin. -->","yoast_head_json":{"title":"Latarka SUPERFIRE L22 5000lm - IRONSKY.PL Sklep z Dronami","description":"Latarka SUPERFIRE L22 5000lm - \u2705 sklep z dronami i fachowym doradztwem. \u2705 Tutaj kupisz produkty DJI, Yuneec, Parrot, Syma i wiele innych, a tak\u017ce kursy i licencje na operatora drona.","robots":{"index":"index","follow":"follow","max-snippet":"max-snippet:-1","max-image-preview":"max-image-preview:large","max-video-preview":"max-video-preview:-1"},"canonical":"https:\/\/ironsky.pl\/sklep\/produkt\/latarka-superfire-l22-5000lm\/","og_locale":"pl_PL","og_type":"article","og_title":"Latarka SUPERFIRE L22 5000lm - IRONSKY.PL Sklep z Dronami","og_description":"Latarka SUPERFIRE L22 5000lm - \u2705 sklep z dronami i fachowym doradztwem. \u2705 Tutaj kupisz produkty DJI, Yuneec, Parrot, Syma i wiele innych, a tak\u017ce kursy i licencje na operatora drona.","og_url":"https:\/\/ironsky.pl\/sklep\/produkt\/latarka-superfire-l22-5000lm\/","og_site_name":"IRONSKY.PL Sklep z Dronami","article_modified_time":"2026-04-15T08:51:50+00:00","og_image":[{"width":800,"height":800,"url":"https:\/\/ironsky.pl\/sklep\/wp-content\/uploads\/2025\/06\/48134_2.jpg","type":"image\/jpeg"}],"twitter_card":"summary_large_image","twitter_misc":{"Szacowany czas czytania":"2 minuty"},"schema":{"@context":"https:\/\/schema.org","@graph":[{"@type":"WebPage","@id":"https:\/\/ironsky.pl\/sklep\/produkt\/latarka-superfire-l22-5000lm\/","url":"https:\/\/ironsky.pl\/sklep\/produkt\/latarka-superfire-l22-5000lm\/","name":"Latarka SUPERFIRE L22 5000lm - IRONSKY.PL Sklep z Dronami","isPartOf":{"@id":"https:\/\/ironsky.pl\/sklep\/#website"},"primaryImageOfPage":{"@id":"https:\/\/ironsky.pl\/sklep\/produkt\/latarka-superfire-l22-5000lm\/#primaryimage"},"image":{"@id":"https:\/\/ironsky.pl\/sklep\/produkt\/latarka-superfire-l22-5000lm\/#primaryimage"},"thumbnailUrl":"https:\/\/ironsky.pl\/sklep\/wp-content\/uploads\/2025\/06\/48134_2.jpg","datePublished":"2026-04-15T08:51:28+00:00","dateModified":"2026-04-15T08:51:50+00:00","description":"Latarka SUPERFIRE L22 5000lm - \u2705 sklep z dronami i fachowym doradztwem. \u2705 Tutaj kupisz produkty DJI, Yuneec, Parrot, Syma i wiele innych, a tak\u017ce kursy i licencje na operatora drona.","breadcrumb":{"@id":"https:\/\/ironsky.pl\/sklep\/produkt\/latarka-superfire-l22-5000lm\/#breadcrumb"},"inLanguage":"pl-PL","potentialAction":[{"@type":"ReadAction","target":["https:\/\/ironsky.pl\/sklep\/produkt\/latarka-superfire-l22-5000lm\/"]}]},{"@type":"ImageObject","inLanguage":"pl-PL","@id":"https:\/\/ironsky.pl\/sklep\/produkt\/latarka-superfire-l22-5000lm\/#primaryimage","url":"https:\/\/ironsky.pl\/sklep\/wp-content\/uploads\/2025\/06\/48134_2.jpg","contentUrl":"https:\/\/ironsky.pl\/sklep\/wp-content\/uploads\/2025\/06\/48134_2.jpg","width":800,"height":800},{"@type":"BreadcrumbList","@id":"https:\/\/ironsky.pl\/sklep\/produkt\/latarka-superfire-l22-5000lm\/#breadcrumb","itemListElement":[{"@type":"ListItem","position":1,"name":"Strona g\u0142\u00f3wna","item":"https:\/\/ironsky.pl\/sklep\/"},{"@type":"ListItem","position":2,"name":"Wszystkie produkty","item":"https:\/\/ironsky.pl\/sklep\/produkty\/"},{"@type":"ListItem","position":3,"name":"Latarka SUPERFIRE L22 5000lm"}]},{"@type":"WebSite","@id":"https:\/\/ironsky.pl\/sklep\/#website","url":"https:\/\/ironsky.pl\/sklep\/","name":"IRONSKY.PL Sklep z Dronami","description":"IRONSKY.PL Sklep z Dronami","potentialAction":[{"@type":"SearchAction","target":{"@type":"EntryPoint","urlTemplate":"https:\/\/ironsky.pl\/sklep\/?s={search_term_string}"},"query-input":{"@type":"PropertyValueSpecification","valueRequired":true,"valueName":"search_term_string"}}],"inLanguage":"pl-PL"}]}},"_links":{"self":[{"href":"https:\/\/ironsky.pl\/sklep\/wp-json\/wp\/v2\/product\/59804","targetHints":{"allow":["GET"]}}],"collection":[{"href":"https:\/\/ironsky.pl\/sklep\/wp-json\/wp\/v2\/product"}],"about":[{"href":"https:\/\/ironsky.pl\/sklep\/wp-json\/wp\/v2\/types\/product"}],"replies":[{"embeddable":true,"href":"https:\/\/ironsky.pl\/sklep\/wp-json\/wp\/v2\/comments?post=59804"}],"wp:featuredmedia":[{"embeddable":true,"href":"https:\/\/ironsky.pl\/sklep\/wp-json\/wp\/v2\/media\/46277"}],"wp:attachment":[{"href":"https:\/\/ironsky.pl\/sklep\/wp-json\/wp\/v2\/media?parent=59804"}],"wp:term":[{"taxonomy":"product_brand","embeddable":true,"href":"https:\/\/ironsky.pl\/sklep\/wp-json\/wp\/v2\/product_brand?post=59804"},{"taxonomy":"product_cat","embeddable":true,"href":"https:\/\/ironsky.pl\/sklep\/wp-json\/wp\/v2\/product_cat?post=59804"},{"taxonomy":"product_tag","embeddable":true,"href":"https:\/\/ironsky.pl\/sklep\/wp-json\/wp\/v2\/product_tag?post=59804"}],"curies":[{"name":"wp","href":"https:\/\/api.w.org\/{rel}","templated":true}]}}