{"id":59782,"date":"2026-04-15T10:51:28","date_gmt":"2026-04-15T08:51:28","guid":{"rendered":"https:\/\/ironsky.pl\/sklep\/produkt\/torba-sunnylife-dji-neo-czarna\/"},"modified":"2026-04-15T10:51:36","modified_gmt":"2026-04-15T08:51:36","slug":"torba-sunnylife-dji-neo-czarna","status":"publish","type":"product","link":"https:\/\/ironsky.pl\/sklep\/produkt\/torba-sunnylife-dji-neo-czarna\/","title":{"rendered":"Torba SUNNYLIFE DJI Neo (czarna)"},"content":{"rendered":"<h3>Torba Sunnylife do DJI Neo (czarna)<\/h3>\n<p>Torba SUNNYLIFE pozwala na bezpieczne przechowywanie i transport drona DJI NEO wraz z akcesoriami. Wykonano j\u0105 z wysokiej jako\u015bci matowej sk\u00f3ry PU oraz EVA. W rezultacie jest nie tylko odporna na wod\u0119, wilgo\u0107 i kurz, ale tak\u017ce wyj\u0105tkowo wytrzyma\u0142a.\u00a0<\/p>\n<p>\n<img decoding=\"async\" src=\"https:\/\/assets.innpro.pl\/10357\/12171\/2.jpg\" border=\"0\" \/>\n<\/p>\n<h3>Zorganizowane wn\u0119trze<\/h3>\n<p>Wewn\u0105trz torby znajdziesz praktyczn\u0105 siatkow\u0105 kiesze\u0144 zapinan\u0105 na zamek, kt\u00f3ra pomie\u015bci niezb\u0119dne akcesoria, takie jak zapasowe \u015bmig\u0142a, \u015brubokr\u0119t czy przewody do \u0142adowania. Dzi\u0119ki temu wszystkie niezb\u0119dne elementy b\u0119d\u0105 zawsze pod r\u0119k\u0105, a Tw\u00f3j dron b\u0119dzie gotowy do lotu w ka\u017cdej chwili.<\/p>\n<p>\n<img decoding=\"async\" src=\"https:\/\/assets.innpro.pl\/10357\/12171\/6.jpg\" border=\"0\" \/>\n<\/p>\n<h3>Wysokiej jako\u015bci wy\u015bci\u00f3\u0142ka i ochrona przed wstrz\u0105sami<\/h3>\n<p>Torb\u0119 wyposa\u017cono w precyzyjnie wykonan\u0105 wy\u015bci\u00f3\u0142k\u0119, kt\u00f3ra jest mi\u0119kka i amortyzuj\u0105ca. Zastosowane rozwi\u0105zanie zapewnia ochron\u0119 DJI NEO przed wstrz\u0105sami i uderzeniami podczas transportu. Dzi\u0119ki temu masz pewno\u015b\u0107, \u017ce Tw\u00f3j dron pozostanie w doskona\u0142ym stanie nawet w wymagaj\u0105cych warunkach.<\/p>\n<p>\n<img decoding=\"async\" src=\"https:\/\/assets.innpro.pl\/10357\/12171\/1.jpg\" border=\"0\" \/>\n<\/p>\n<h3>Odporna na wilgo\u0107, wod\u0119 i kurz<\/h3>\n<p>Zewn\u0119trzna pow\u0142oka torby wykonana zosta\u0142a z wysokiej jako\u015bci matowej sk\u00f3ry PU, kt\u00f3ra zapewnia nie tylko stylowy wygl\u0105d, ale tak\u017ce ochron\u0119 przed wilgoci\u0105, kurzem i uszkodzeniami mechanicznymi. Dzi\u0119ki w\u0142a\u015bciwo\u015bciom wodoodpornym i py\u0142oszczelnym Tw\u00f3j sprz\u0119t pozostanie w nienagannym stanie.<\/p>\n<p>\n<img decoding=\"async\" src=\"https:\/\/assets.innpro.pl\/10357\/12171\/4.jpg\" border=\"0\" \/>\n<\/p>\n<h3>Przeno\u015bna konstrukcja<\/h3>\n<p>Kompaktowy rozmiar torby (175 x 156 x 67 mm) i lekko\u015b\u0107 (163 g) sprawiaj\u0105, \u017ce mo\u017cesz wygodnie umie\u015bci\u0107 j\u0105 w plecaku lub walizce. Dodatkowy karabi\u0144czyk pozwala na przypi\u0119cie torby do plecaka, dzi\u0119ki czemu mo\u017cesz uwolni\u0107 r\u0119ce podczas podr\u00f3\u017cy.<\/p>\n<p>\n<img decoding=\"async\" src=\"https:\/\/assets.innpro.pl\/10357\/12171\/5.jpg\" border=\"0\" \/>\n<\/p>\n<div class=\"table-wrapper\">\n<p>\u00a0<\/p>\n<h3><\/h3>\n<table>\n<tbody>\n<tr>\n<th>Producent<\/th>\n<td>Sunnylife<\/td>\n<\/tr>\n<tr>\n<th>Kod producenta<\/th>\n<td>NE-B862-D<\/td>\n<\/tr>\n<tr>\n<th>Kompatybilno\u015b\u0107 <\/th>\n<td>DJI Neo<\/td>\n<\/tr>\n<tr>\n<th>Materia\u0142<\/th>\n<td>Sk\u00f3ra PU + EVA<\/td>\n<\/tr>\n<tr>\n<th>Waga <\/th>\n<td>163 g<\/td>\n<\/tr>\n<tr>\n<th>Wymiary<\/th>\n<td>175 x 156 x 67 mm<\/td>\n<\/tr>\n<tr>\n<th>Kolor<\/th>\n<td>czarny<\/td>\n<\/tr>\n<\/tbody>\n<\/table>\n<\/div>\n","protected":false},"excerpt":{"rendered":"<p>Torba Sunnylife do DJI Neo (czarna) Torba SUNNYLIFE pozwala na bezpieczne przechowywanie i transport drona DJI NEO wraz z akcesoriami.<\/p>\n","protected":false},"featured_media":59783,"comment_status":"closed","ping_status":"open","template":"","meta":{"_acf_changed":false},"product_brand":[],"product_cat":[6167,1088,6171],"product_tag":[],"class_list":{"0":"post-59782","1":"product","2":"type-product","3":"status-publish","4":"has-post-thumbnail","6":"product_cat-akcesoria-do-dronow","7":"product_cat-drony","8":"product_cat-torby-i-walizki","9":"pa_okres-gwarancji-5757","10":"pa_producent-sunnylife","12":"first","13":"outofstock","14":"taxable","15":"shipping-taxable","16":"purchasable","17":"product-type-simple"},"acf":[],"yoast_head":"<!-- This site is optimized with the Yoast SEO plugin v27.2 - https:\/\/yoast.com\/product\/yoast-seo-wordpress\/ -->\n<title>Torba SUNNYLIFE DJI Neo (czarna) - IRONSKY.PL Sklep z Dronami<\/title>\n<meta name=\"description\" content=\"Torba SUNNYLIFE DJI Neo (czarna) - \u2705 sklep z dronami i fachowym doradztwem. \u2705 Tutaj kupisz produkty DJI, Yuneec, Parrot, Syma i wiele innych, a tak\u017ce kursy i licencje na operatora drona.\" \/>\n<meta name=\"robots\" content=\"index, follow, max-snippet:-1, max-image-preview:large, max-video-preview:-1\" \/>\n<link rel=\"canonical\" href=\"https:\/\/ironsky.pl\/sklep\/produkt\/torba-sunnylife-dji-neo-czarna\/\" \/>\n<meta property=\"og:locale\" content=\"pl_PL\" \/>\n<meta property=\"og:type\" content=\"article\" \/>\n<meta property=\"og:title\" content=\"Torba SUNNYLIFE DJI Neo (czarna) - IRONSKY.PL Sklep z Dronami\" \/>\n<meta property=\"og:description\" content=\"Torba SUNNYLIFE DJI Neo (czarna) - \u2705 sklep z dronami i fachowym doradztwem. \u2705 Tutaj kupisz produkty DJI, Yuneec, Parrot, Syma i wiele innych, a tak\u017ce kursy i licencje na operatora drona.\" \/>\n<meta property=\"og:url\" content=\"https:\/\/ironsky.pl\/sklep\/produkt\/torba-sunnylife-dji-neo-czarna\/\" \/>\n<meta property=\"og:site_name\" content=\"IRONSKY.PL Sklep z Dronami\" \/>\n<meta property=\"article:modified_time\" content=\"2026-04-15T08:51:36+00:00\" \/>\n<meta property=\"og:image\" content=\"https:\/\/ironsky.pl\/sklep\/wp-content\/uploads\/2026\/04\/47983_1.jpg\" \/>\n\t<meta property=\"og:image:width\" content=\"800\" \/>\n\t<meta property=\"og:image:height\" content=\"800\" \/>\n\t<meta property=\"og:image:type\" content=\"image\/jpeg\" \/>\n<meta name=\"twitter:card\" content=\"summary_large_image\" \/>\n<meta name=\"twitter:label1\" content=\"Szacowany czas czytania\" \/>\n\t<meta name=\"twitter:data1\" content=\"1 minuta\" \/>\n<script type=\"application\/ld+json\" class=\"yoast-schema-graph\">{\"@context\":\"https:\/\/schema.org\",\"@graph\":[{\"@type\":\"WebPage\",\"@id\":\"https:\/\/ironsky.pl\/sklep\/produkt\/torba-sunnylife-dji-neo-czarna\/\",\"url\":\"https:\/\/ironsky.pl\/sklep\/produkt\/torba-sunnylife-dji-neo-czarna\/\",\"name\":\"Torba SUNNYLIFE DJI Neo (czarna) - IRONSKY.PL Sklep z Dronami\",\"isPartOf\":{\"@id\":\"https:\/\/ironsky.pl\/sklep\/#website\"},\"primaryImageOfPage\":{\"@id\":\"https:\/\/ironsky.pl\/sklep\/produkt\/torba-sunnylife-dji-neo-czarna\/#primaryimage\"},\"image\":{\"@id\":\"https:\/\/ironsky.pl\/sklep\/produkt\/torba-sunnylife-dji-neo-czarna\/#primaryimage\"},\"thumbnailUrl\":\"https:\/\/ironsky.pl\/sklep\/wp-content\/uploads\/2026\/04\/47983_1.jpg\",\"datePublished\":\"2026-04-15T08:51:28+00:00\",\"dateModified\":\"2026-04-15T08:51:36+00:00\",\"description\":\"Torba SUNNYLIFE DJI Neo (czarna) - \u2705 sklep z dronami i fachowym doradztwem. \u2705 Tutaj kupisz produkty DJI, Yuneec, Parrot, Syma i wiele innych, a tak\u017ce kursy i licencje na operatora drona.\",\"breadcrumb\":{\"@id\":\"https:\/\/ironsky.pl\/sklep\/produkt\/torba-sunnylife-dji-neo-czarna\/#breadcrumb\"},\"inLanguage\":\"pl-PL\",\"potentialAction\":[{\"@type\":\"ReadAction\",\"target\":[\"https:\/\/ironsky.pl\/sklep\/produkt\/torba-sunnylife-dji-neo-czarna\/\"]}]},{\"@type\":\"ImageObject\",\"inLanguage\":\"pl-PL\",\"@id\":\"https:\/\/ironsky.pl\/sklep\/produkt\/torba-sunnylife-dji-neo-czarna\/#primaryimage\",\"url\":\"https:\/\/ironsky.pl\/sklep\/wp-content\/uploads\/2026\/04\/47983_1.jpg\",\"contentUrl\":\"https:\/\/ironsky.pl\/sklep\/wp-content\/uploads\/2026\/04\/47983_1.jpg\",\"width\":800,\"height\":800},{\"@type\":\"BreadcrumbList\",\"@id\":\"https:\/\/ironsky.pl\/sklep\/produkt\/torba-sunnylife-dji-neo-czarna\/#breadcrumb\",\"itemListElement\":[{\"@type\":\"ListItem\",\"position\":1,\"name\":\"Strona g\u0142\u00f3wna\",\"item\":\"https:\/\/ironsky.pl\/sklep\/\"},{\"@type\":\"ListItem\",\"position\":2,\"name\":\"Wszystkie produkty\",\"item\":\"https:\/\/ironsky.pl\/sklep\/produkty\/\"},{\"@type\":\"ListItem\",\"position\":3,\"name\":\"Torba SUNNYLIFE DJI Neo (czarna)\"}]},{\"@type\":\"WebSite\",\"@id\":\"https:\/\/ironsky.pl\/sklep\/#website\",\"url\":\"https:\/\/ironsky.pl\/sklep\/\",\"name\":\"IRONSKY.PL Sklep z Dronami\",\"description\":\"IRONSKY.PL Sklep z Dronami\",\"potentialAction\":[{\"@type\":\"SearchAction\",\"target\":{\"@type\":\"EntryPoint\",\"urlTemplate\":\"https:\/\/ironsky.pl\/sklep\/?s={search_term_string}\"},\"query-input\":{\"@type\":\"PropertyValueSpecification\",\"valueRequired\":true,\"valueName\":\"search_term_string\"}}],\"inLanguage\":\"pl-PL\"}]}<\/script>\n<!-- \/ Yoast SEO plugin. -->","yoast_head_json":{"title":"Torba SUNNYLIFE DJI Neo (czarna) - IRONSKY.PL Sklep z Dronami","description":"Torba SUNNYLIFE DJI Neo (czarna) - \u2705 sklep z dronami i fachowym doradztwem. \u2705 Tutaj kupisz produkty DJI, Yuneec, Parrot, Syma i wiele innych, a tak\u017ce kursy i licencje na operatora drona.","robots":{"index":"index","follow":"follow","max-snippet":"max-snippet:-1","max-image-preview":"max-image-preview:large","max-video-preview":"max-video-preview:-1"},"canonical":"https:\/\/ironsky.pl\/sklep\/produkt\/torba-sunnylife-dji-neo-czarna\/","og_locale":"pl_PL","og_type":"article","og_title":"Torba SUNNYLIFE DJI Neo (czarna) - IRONSKY.PL Sklep z Dronami","og_description":"Torba SUNNYLIFE DJI Neo (czarna) - \u2705 sklep z dronami i fachowym doradztwem. \u2705 Tutaj kupisz produkty DJI, Yuneec, Parrot, Syma i wiele innych, a tak\u017ce kursy i licencje na operatora drona.","og_url":"https:\/\/ironsky.pl\/sklep\/produkt\/torba-sunnylife-dji-neo-czarna\/","og_site_name":"IRONSKY.PL Sklep z Dronami","article_modified_time":"2026-04-15T08:51:36+00:00","og_image":[{"width":800,"height":800,"url":"https:\/\/ironsky.pl\/sklep\/wp-content\/uploads\/2026\/04\/47983_1.jpg","type":"image\/jpeg"}],"twitter_card":"summary_large_image","twitter_misc":{"Szacowany czas czytania":"1 minuta"},"schema":{"@context":"https:\/\/schema.org","@graph":[{"@type":"WebPage","@id":"https:\/\/ironsky.pl\/sklep\/produkt\/torba-sunnylife-dji-neo-czarna\/","url":"https:\/\/ironsky.pl\/sklep\/produkt\/torba-sunnylife-dji-neo-czarna\/","name":"Torba SUNNYLIFE DJI Neo (czarna) - IRONSKY.PL Sklep z Dronami","isPartOf":{"@id":"https:\/\/ironsky.pl\/sklep\/#website"},"primaryImageOfPage":{"@id":"https:\/\/ironsky.pl\/sklep\/produkt\/torba-sunnylife-dji-neo-czarna\/#primaryimage"},"image":{"@id":"https:\/\/ironsky.pl\/sklep\/produkt\/torba-sunnylife-dji-neo-czarna\/#primaryimage"},"thumbnailUrl":"https:\/\/ironsky.pl\/sklep\/wp-content\/uploads\/2026\/04\/47983_1.jpg","datePublished":"2026-04-15T08:51:28+00:00","dateModified":"2026-04-15T08:51:36+00:00","description":"Torba SUNNYLIFE DJI Neo (czarna) - \u2705 sklep z dronami i fachowym doradztwem. \u2705 Tutaj kupisz produkty DJI, Yuneec, Parrot, Syma i wiele innych, a tak\u017ce kursy i licencje na operatora drona.","breadcrumb":{"@id":"https:\/\/ironsky.pl\/sklep\/produkt\/torba-sunnylife-dji-neo-czarna\/#breadcrumb"},"inLanguage":"pl-PL","potentialAction":[{"@type":"ReadAction","target":["https:\/\/ironsky.pl\/sklep\/produkt\/torba-sunnylife-dji-neo-czarna\/"]}]},{"@type":"ImageObject","inLanguage":"pl-PL","@id":"https:\/\/ironsky.pl\/sklep\/produkt\/torba-sunnylife-dji-neo-czarna\/#primaryimage","url":"https:\/\/ironsky.pl\/sklep\/wp-content\/uploads\/2026\/04\/47983_1.jpg","contentUrl":"https:\/\/ironsky.pl\/sklep\/wp-content\/uploads\/2026\/04\/47983_1.jpg","width":800,"height":800},{"@type":"BreadcrumbList","@id":"https:\/\/ironsky.pl\/sklep\/produkt\/torba-sunnylife-dji-neo-czarna\/#breadcrumb","itemListElement":[{"@type":"ListItem","position":1,"name":"Strona g\u0142\u00f3wna","item":"https:\/\/ironsky.pl\/sklep\/"},{"@type":"ListItem","position":2,"name":"Wszystkie produkty","item":"https:\/\/ironsky.pl\/sklep\/produkty\/"},{"@type":"ListItem","position":3,"name":"Torba SUNNYLIFE DJI Neo (czarna)"}]},{"@type":"WebSite","@id":"https:\/\/ironsky.pl\/sklep\/#website","url":"https:\/\/ironsky.pl\/sklep\/","name":"IRONSKY.PL Sklep z Dronami","description":"IRONSKY.PL Sklep z Dronami","potentialAction":[{"@type":"SearchAction","target":{"@type":"EntryPoint","urlTemplate":"https:\/\/ironsky.pl\/sklep\/?s={search_term_string}"},"query-input":{"@type":"PropertyValueSpecification","valueRequired":true,"valueName":"search_term_string"}}],"inLanguage":"pl-PL"}]}},"_links":{"self":[{"href":"https:\/\/ironsky.pl\/sklep\/wp-json\/wp\/v2\/product\/59782","targetHints":{"allow":["GET"]}}],"collection":[{"href":"https:\/\/ironsky.pl\/sklep\/wp-json\/wp\/v2\/product"}],"about":[{"href":"https:\/\/ironsky.pl\/sklep\/wp-json\/wp\/v2\/types\/product"}],"replies":[{"embeddable":true,"href":"https:\/\/ironsky.pl\/sklep\/wp-json\/wp\/v2\/comments?post=59782"}],"wp:featuredmedia":[{"embeddable":true,"href":"https:\/\/ironsky.pl\/sklep\/wp-json\/wp\/v2\/media\/59783"}],"wp:attachment":[{"href":"https:\/\/ironsky.pl\/sklep\/wp-json\/wp\/v2\/media?parent=59782"}],"wp:term":[{"taxonomy":"product_brand","embeddable":true,"href":"https:\/\/ironsky.pl\/sklep\/wp-json\/wp\/v2\/product_brand?post=59782"},{"taxonomy":"product_cat","embeddable":true,"href":"https:\/\/ironsky.pl\/sklep\/wp-json\/wp\/v2\/product_cat?post=59782"},{"taxonomy":"product_tag","embeddable":true,"href":"https:\/\/ironsky.pl\/sklep\/wp-json\/wp\/v2\/product_tag?post=59782"}],"curies":[{"name":"wp","href":"https:\/\/api.w.org\/{rel}","templated":true}]}}