{"id":59779,"date":"2026-04-15T10:51:28","date_gmt":"2026-04-15T08:51:28","guid":{"rendered":"https:\/\/ironsky.pl\/sklep\/produkt\/hub-blitzwolf-bw-new-th8-10-portowy\/"},"modified":"2026-04-15T10:51:33","modified_gmt":"2026-04-15T08:51:33","slug":"hub-blitzwolf-bw-new-th8-10-portowy","status":"publish","type":"product","link":"https:\/\/ironsky.pl\/sklep\/produkt\/hub-blitzwolf-bw-new-th8-10-portowy\/","title":{"rendered":"Hub BLITZWOLF BW-NEW TH8 10-portowy"},"content":{"rendered":"<h3>Adapter 10w1 HUB Blitzwolf BW-NEW TH8<\/h3>\n<p>BlitzWolf BW-NEW TH8 to adapter 10w1, kt\u00f3ry zamienia jeden port USB-C w szeroki zestaw mo\u017cliwo\u015bci. Zosta\u0142 wyposa\u017cony w trzy porty USB-A 3.0, dwa porty USB-C 3.0, jeden port USB-C PD 100 W do \u0142adowania, port HDMI 4K@60Hz, slot na kart\u0119 SD 3.0, slot na kart\u0119 TF 3.0 oraz port RJ45 1000 Mbps. Dzi\u0119ki temu oferuje pe\u0142n\u0105 elastyczno\u015b\u0107 i pozwala znacznie zwi\u0119kszy\u0107 funkcjonalno\u015b\u0107 Twojego komputera lub laptopa!<\/p>\n<p>\n<img decoding=\"async\" src=\"https:\/\/assets.innpro.pl\/10415\/12231\/2.jpg\" border=\"0\" \/>\n<\/p>\n<h3>Szybkie po\u0142\u0105czenie z Internetem<\/h3>\n<p>Adapter BW-NEW TH8 umo\u017cliwia szybkie po\u0142\u0105czenie z Internetem dzi\u0119ki portowi RJ45, kt\u00f3ry oferuje pr\u0119dko\u015b\u0107 transmisji do 1000 Mbps. To oznacza, \u017ce mo\u017cesz cieszy\u0107 si\u0119 p\u0142ynnym przegl\u0105daniem stron internetowych, sprawnym pobieraniem du\u017cych plik\u00f3w, wygodnym ogl\u0105daniem film\u00f3w na platformach streamingowych, a nawet dynamiczn\u0105 rozgrywk\u0105 online!<\/p>\n<p>\n<img decoding=\"async\" src=\"https:\/\/assets.innpro.pl\/10415\/12231\/4.jpg\" border=\"0\" \/>\n<\/p>\n<h3>Przesy\u0142anie obrazu w jako\u015bci 4K<\/h3>\n<p>BlitzWolf BW-NEW TH8 zosta\u0142 wyposa\u017cony w port HDMI obs\u0142uguj\u0105cy rozdzielczo\u015b\u0107 4K przy 60 Hz, co umo\u017cliwia wy\u015bwietlanie obrazu o wysokiej jako\u015bci na zewn\u0119trznych monitorach, projektorach lub telewizorach. To doskona\u0142e rozwi\u0105zanie dla os\u00f3b, kt\u00f3re potrzebuj\u0105 rozbudowanej stacji roboczej lub chc\u0105 cieszy\u0107 si\u0119 kinowym do\u015bwiadczeniem podczas ogl\u0105dania film\u00f3w.<\/p>\n<p>\n<img decoding=\"async\" src=\"https:\/\/assets.innpro.pl\/10415\/12231\/7.jpg\" border=\"0\" \/>\n<\/p>\n<h3>Szybkie \u0142adowanie dla Twoich urz\u0105dze\u0144<\/h3>\n<p>Adapter BlitzWolf BW-NEW TH8 oferuje wsparcie dla technologii szybkiego \u0142adowania PD3.0, umo\u017cliwiaj\u0105c sprawne odnawianie energii pod\u0142\u0105czonych laptop\u00f3w. Mo\u017cesz wi\u0119c wygodnie korzysta\u0107 ze swoich urz\u0105dze\u0144, a jednocze\u015bnie je zasila\u0107, nie obawiaj\u0105c si\u0119 spadku mocy.<\/p>\n<p>\n<img decoding=\"async\" src=\"https:\/\/assets.innpro.pl\/10415\/12231\/1.jpg\" border=\"0\" \/>\n<\/p>\n<h3>B\u0142yskawiczny transfer danych<\/h3>\n<p>Dzi\u0119ki portom USB-C i USB-A 3.0 adapter BW-NEW TH8 umo\u017cliwia przesy\u0142anie plik\u00f3w z pr\u0119dko\u015bci\u0105 do 5 Gbps. To pozwala na szybkie i efektywne przenoszenie du\u017cych film\u00f3w, dokument\u00f3w czy zdj\u0119\u0107, oszcz\u0119dzaj\u0105c Tw\u00f3j czas i zwi\u0119kszaj\u0105c produktywno\u015b\u0107.<\/p>\n<p>\n<img decoding=\"async\" src=\"https:\/\/assets.innpro.pl\/10415\/12231\/6.jpg\" border=\"0\" \/>\n<\/p>\n<h3>Jednoczesny odczyt i zapis z dw\u00f3ch kart<\/h3>\n<p>BW-NEW TH8 oferuje wygodn\u0105 obs\u0142ug\u0119 kart pami\u0119ci, umo\u017cliwiaj\u0105c jednoczesne korzystanie z dw\u00f3ch no\u015bnik\u00f3w \u2013 SD i TF. Ponadto pr\u0119dko\u015bci odczytu do 90 MB\/s oraz zapisu do 80 MB\/s sprawiaj\u0105, \u017ce mo\u017cesz szybko przenosi\u0107 du\u017ce pliki, zdj\u0119cia i dokumenty. To idealna opcja dla fotograf\u00f3w i tw\u00f3rc\u00f3w internetowych!<\/p>\n<p>\n<img decoding=\"async\" src=\"https:\/\/assets.innpro.pl\/10415\/12231\/3.jpg\" border=\"0\" \/>\n<\/p>\n<h3>Szeroka kompatybilno\u015b\u0107, system Plug&amp;Play<\/h3>\n<p>Adapter BlitzWolf BW-NEW TH8 zosta\u0142 zaprojektowany tak, aby dzia\u0142a\u0107 od razu po pod\u0142\u0105czeniu \u2013 bez konieczno\u015bci instalowania dodatkowych sterownik\u00f3w. Co wi\u0119cej, jest kompatybilny z systemami macOS, Windows i Chrome OS, co pozwala na szybkie i bezproblemowe rozszerzenie mo\u017cliwo\u015bci wi\u0119kszo\u015bci popularnych modeli laptop\u00f3w i komputer\u00f3w.<\/p>\n<p>\n<img decoding=\"async\" src=\"https:\/\/assets.innpro.pl\/10415\/12231\/5.jpg\" border=\"0\" \/>\n<\/p>\n<div class=\"table-wrapper\">\n<p>\u00a0<\/p>\n<h3><\/h3>\n<table>\n<tbody>\n<tr>\n<th>Producent<\/th>\n<td>BlitzWolf<\/td>\n<\/tr>\n<tr>\n<th>Model<\/th>\n<td>BW-NEW TH8<\/td>\n<\/tr>\n<tr>\n<th>Kolor<\/th>\n<td>Srebrny<\/td>\n<\/tr>\n<tr>\n<th>Dost\u0119pne porty<\/th>\n<td>3x USB-A 3.0, 2x USB-C 3.0, 1x USB-C PD 100 W do \u0142adowania, 1x HDMI 4K@60Hz, 1x slot na kart\u0119 SD 3.0, 1x slot na kart\u0119 TF 3.0, 1x RJ45 1000 Mbps<\/td>\n<\/tr>\n<tr>\n<th>Napi\u0119cie i nat\u0119\u017cenie startowe<\/th>\n<td>5 V \/ 330 mA<\/td>\n<\/tr>\n<tr>\n<th>\u0141adowanie<\/th>\n<td>Wsparcie dla standardu szybkiego \u0142adowania PD3.0, moc do 100 W<\/td>\n<\/tr>\n<tr>\n<th>Pr\u0119dko\u015b\u0107 odczytu dla kart TF \/ SD (3.0)<\/th>\n<td>Do 90 MB\/s<\/td>\n<\/tr>\n<tr>\n<th>Pr\u0119dko\u015b\u0107 zapisu dla kart TF \/ SD (3.0)<\/th>\n<td>Do 80 MB\/s<\/td>\n<\/tr>\n<tr>\n<th>Temperatura pracy<\/th>\n<td>Od -10\u00b0C do 40\u00b0C<\/td>\n<\/tr>\n<tr>\n<th>Z\u0142\u0105cze<\/th>\n<td>USB-C<\/td>\n<\/tr>\n<tr>\n<th>Materia\u0142<\/th>\n<td>Stop aluminium<\/td>\n<\/tr>\n<tr>\n<th>Wymiary<\/th>\n<td>14,5 x 5,3 x 1,5 cm<\/td>\n<\/tr>\n<tr>\n<th>D\u0142ugo\u015b\u0107 kabla<\/th>\n<td>Ok. 22 cm<\/td>\n<\/tr>\n<\/tbody>\n<\/table>\n<\/div>\n","protected":false},"excerpt":{"rendered":"<p>Adapter 10w1 HUB Blitzwolf BW-NEW TH8 BlitzWolf BW-NEW TH8 to adapter 10w1, kt\u00f3ry zamienia jeden port USB-C w szeroki zestaw<\/p>\n","protected":false},"featured_media":46244,"comment_status":"closed","ping_status":"open","template":"","meta":{"_acf_changed":false},"product_brand":[],"product_cat":[5929,5934],"product_tag":[],"class_list":{"0":"post-59779","1":"product","2":"type-product","3":"status-publish","4":"has-post-thumbnail","6":"product_cat-akcesoria-it","7":"product_cat-huby","8":"pa_okres-gwarancji-5768","9":"pa_producent-blitzwolf","11":"first","12":"outofstock","13":"taxable","14":"shipping-taxable","15":"purchasable","16":"product-type-simple"},"acf":[],"yoast_head":"<!-- This site is optimized with the Yoast SEO plugin v27.2 - https:\/\/yoast.com\/product\/yoast-seo-wordpress\/ -->\n<title>Hub BLITZWOLF BW-NEW TH8 10-portowy - IRONSKY.PL Sklep z Dronami<\/title>\n<meta name=\"description\" content=\"Hub BLITZWOLF BW-NEW TH8 10-portowy - \u2705 sklep z dronami i fachowym doradztwem. \u2705 Tutaj kupisz produkty DJI, Yuneec, Parrot, Syma i wiele innych, a tak\u017ce kursy i licencje na operatora drona.\" \/>\n<meta name=\"robots\" content=\"index, follow, max-snippet:-1, max-image-preview:large, max-video-preview:-1\" \/>\n<link rel=\"canonical\" href=\"https:\/\/ironsky.pl\/sklep\/produkt\/hub-blitzwolf-bw-new-th8-10-portowy\/\" \/>\n<meta property=\"og:locale\" content=\"pl_PL\" \/>\n<meta property=\"og:type\" content=\"article\" \/>\n<meta property=\"og:title\" content=\"Hub BLITZWOLF BW-NEW TH8 10-portowy - IRONSKY.PL Sklep z Dronami\" \/>\n<meta property=\"og:description\" content=\"Hub BLITZWOLF BW-NEW TH8 10-portowy - \u2705 sklep z dronami i fachowym doradztwem. \u2705 Tutaj kupisz produkty DJI, Yuneec, Parrot, Syma i wiele innych, a tak\u017ce kursy i licencje na operatora drona.\" \/>\n<meta property=\"og:url\" content=\"https:\/\/ironsky.pl\/sklep\/produkt\/hub-blitzwolf-bw-new-th8-10-portowy\/\" \/>\n<meta property=\"og:site_name\" content=\"IRONSKY.PL Sklep z Dronami\" \/>\n<meta property=\"article:modified_time\" content=\"2026-04-15T08:51:33+00:00\" \/>\n<meta property=\"og:image\" content=\"https:\/\/ironsky.pl\/sklep\/wp-content\/uploads\/2025\/06\/47925_1.jpg\" \/>\n\t<meta property=\"og:image:width\" content=\"800\" \/>\n\t<meta property=\"og:image:height\" content=\"800\" \/>\n\t<meta property=\"og:image:type\" content=\"image\/jpeg\" \/>\n<meta name=\"twitter:card\" content=\"summary_large_image\" \/>\n<meta name=\"twitter:label1\" content=\"Szacowany czas czytania\" \/>\n\t<meta name=\"twitter:data1\" content=\"3 minuty\" \/>\n<script type=\"application\/ld+json\" class=\"yoast-schema-graph\">{\"@context\":\"https:\/\/schema.org\",\"@graph\":[{\"@type\":\"WebPage\",\"@id\":\"https:\/\/ironsky.pl\/sklep\/produkt\/hub-blitzwolf-bw-new-th8-10-portowy\/\",\"url\":\"https:\/\/ironsky.pl\/sklep\/produkt\/hub-blitzwolf-bw-new-th8-10-portowy\/\",\"name\":\"Hub BLITZWOLF BW-NEW TH8 10-portowy - IRONSKY.PL Sklep z Dronami\",\"isPartOf\":{\"@id\":\"https:\/\/ironsky.pl\/sklep\/#website\"},\"primaryImageOfPage\":{\"@id\":\"https:\/\/ironsky.pl\/sklep\/produkt\/hub-blitzwolf-bw-new-th8-10-portowy\/#primaryimage\"},\"image\":{\"@id\":\"https:\/\/ironsky.pl\/sklep\/produkt\/hub-blitzwolf-bw-new-th8-10-portowy\/#primaryimage\"},\"thumbnailUrl\":\"https:\/\/ironsky.pl\/sklep\/wp-content\/uploads\/2025\/06\/47925_1.jpg\",\"datePublished\":\"2026-04-15T08:51:28+00:00\",\"dateModified\":\"2026-04-15T08:51:33+00:00\",\"description\":\"Hub BLITZWOLF BW-NEW TH8 10-portowy - \u2705 sklep z dronami i fachowym doradztwem. \u2705 Tutaj kupisz produkty DJI, Yuneec, Parrot, Syma i wiele innych, a tak\u017ce kursy i licencje na operatora drona.\",\"breadcrumb\":{\"@id\":\"https:\/\/ironsky.pl\/sklep\/produkt\/hub-blitzwolf-bw-new-th8-10-portowy\/#breadcrumb\"},\"inLanguage\":\"pl-PL\",\"potentialAction\":[{\"@type\":\"ReadAction\",\"target\":[\"https:\/\/ironsky.pl\/sklep\/produkt\/hub-blitzwolf-bw-new-th8-10-portowy\/\"]}]},{\"@type\":\"ImageObject\",\"inLanguage\":\"pl-PL\",\"@id\":\"https:\/\/ironsky.pl\/sklep\/produkt\/hub-blitzwolf-bw-new-th8-10-portowy\/#primaryimage\",\"url\":\"https:\/\/ironsky.pl\/sklep\/wp-content\/uploads\/2025\/06\/47925_1.jpg\",\"contentUrl\":\"https:\/\/ironsky.pl\/sklep\/wp-content\/uploads\/2025\/06\/47925_1.jpg\",\"width\":800,\"height\":800},{\"@type\":\"BreadcrumbList\",\"@id\":\"https:\/\/ironsky.pl\/sklep\/produkt\/hub-blitzwolf-bw-new-th8-10-portowy\/#breadcrumb\",\"itemListElement\":[{\"@type\":\"ListItem\",\"position\":1,\"name\":\"Strona g\u0142\u00f3wna\",\"item\":\"https:\/\/ironsky.pl\/sklep\/\"},{\"@type\":\"ListItem\",\"position\":2,\"name\":\"Wszystkie produkty\",\"item\":\"https:\/\/ironsky.pl\/sklep\/produkty\/\"},{\"@type\":\"ListItem\",\"position\":3,\"name\":\"Hub BLITZWOLF BW-NEW TH8 10-portowy\"}]},{\"@type\":\"WebSite\",\"@id\":\"https:\/\/ironsky.pl\/sklep\/#website\",\"url\":\"https:\/\/ironsky.pl\/sklep\/\",\"name\":\"IRONSKY.PL Sklep z Dronami\",\"description\":\"IRONSKY.PL Sklep z Dronami\",\"potentialAction\":[{\"@type\":\"SearchAction\",\"target\":{\"@type\":\"EntryPoint\",\"urlTemplate\":\"https:\/\/ironsky.pl\/sklep\/?s={search_term_string}\"},\"query-input\":{\"@type\":\"PropertyValueSpecification\",\"valueRequired\":true,\"valueName\":\"search_term_string\"}}],\"inLanguage\":\"pl-PL\"}]}<\/script>\n<!-- \/ Yoast SEO plugin. -->","yoast_head_json":{"title":"Hub BLITZWOLF BW-NEW TH8 10-portowy - IRONSKY.PL Sklep z Dronami","description":"Hub BLITZWOLF BW-NEW TH8 10-portowy - \u2705 sklep z dronami i fachowym doradztwem. \u2705 Tutaj kupisz produkty DJI, Yuneec, Parrot, Syma i wiele innych, a tak\u017ce kursy i licencje na operatora drona.","robots":{"index":"index","follow":"follow","max-snippet":"max-snippet:-1","max-image-preview":"max-image-preview:large","max-video-preview":"max-video-preview:-1"},"canonical":"https:\/\/ironsky.pl\/sklep\/produkt\/hub-blitzwolf-bw-new-th8-10-portowy\/","og_locale":"pl_PL","og_type":"article","og_title":"Hub BLITZWOLF BW-NEW TH8 10-portowy - IRONSKY.PL Sklep z Dronami","og_description":"Hub BLITZWOLF BW-NEW TH8 10-portowy - \u2705 sklep z dronami i fachowym doradztwem. \u2705 Tutaj kupisz produkty DJI, Yuneec, Parrot, Syma i wiele innych, a tak\u017ce kursy i licencje na operatora drona.","og_url":"https:\/\/ironsky.pl\/sklep\/produkt\/hub-blitzwolf-bw-new-th8-10-portowy\/","og_site_name":"IRONSKY.PL Sklep z Dronami","article_modified_time":"2026-04-15T08:51:33+00:00","og_image":[{"width":800,"height":800,"url":"https:\/\/ironsky.pl\/sklep\/wp-content\/uploads\/2025\/06\/47925_1.jpg","type":"image\/jpeg"}],"twitter_card":"summary_large_image","twitter_misc":{"Szacowany czas czytania":"3 minuty"},"schema":{"@context":"https:\/\/schema.org","@graph":[{"@type":"WebPage","@id":"https:\/\/ironsky.pl\/sklep\/produkt\/hub-blitzwolf-bw-new-th8-10-portowy\/","url":"https:\/\/ironsky.pl\/sklep\/produkt\/hub-blitzwolf-bw-new-th8-10-portowy\/","name":"Hub BLITZWOLF BW-NEW TH8 10-portowy - IRONSKY.PL Sklep z Dronami","isPartOf":{"@id":"https:\/\/ironsky.pl\/sklep\/#website"},"primaryImageOfPage":{"@id":"https:\/\/ironsky.pl\/sklep\/produkt\/hub-blitzwolf-bw-new-th8-10-portowy\/#primaryimage"},"image":{"@id":"https:\/\/ironsky.pl\/sklep\/produkt\/hub-blitzwolf-bw-new-th8-10-portowy\/#primaryimage"},"thumbnailUrl":"https:\/\/ironsky.pl\/sklep\/wp-content\/uploads\/2025\/06\/47925_1.jpg","datePublished":"2026-04-15T08:51:28+00:00","dateModified":"2026-04-15T08:51:33+00:00","description":"Hub BLITZWOLF BW-NEW TH8 10-portowy - \u2705 sklep z dronami i fachowym doradztwem. \u2705 Tutaj kupisz produkty DJI, Yuneec, Parrot, Syma i wiele innych, a tak\u017ce kursy i licencje na operatora drona.","breadcrumb":{"@id":"https:\/\/ironsky.pl\/sklep\/produkt\/hub-blitzwolf-bw-new-th8-10-portowy\/#breadcrumb"},"inLanguage":"pl-PL","potentialAction":[{"@type":"ReadAction","target":["https:\/\/ironsky.pl\/sklep\/produkt\/hub-blitzwolf-bw-new-th8-10-portowy\/"]}]},{"@type":"ImageObject","inLanguage":"pl-PL","@id":"https:\/\/ironsky.pl\/sklep\/produkt\/hub-blitzwolf-bw-new-th8-10-portowy\/#primaryimage","url":"https:\/\/ironsky.pl\/sklep\/wp-content\/uploads\/2025\/06\/47925_1.jpg","contentUrl":"https:\/\/ironsky.pl\/sklep\/wp-content\/uploads\/2025\/06\/47925_1.jpg","width":800,"height":800},{"@type":"BreadcrumbList","@id":"https:\/\/ironsky.pl\/sklep\/produkt\/hub-blitzwolf-bw-new-th8-10-portowy\/#breadcrumb","itemListElement":[{"@type":"ListItem","position":1,"name":"Strona g\u0142\u00f3wna","item":"https:\/\/ironsky.pl\/sklep\/"},{"@type":"ListItem","position":2,"name":"Wszystkie produkty","item":"https:\/\/ironsky.pl\/sklep\/produkty\/"},{"@type":"ListItem","position":3,"name":"Hub BLITZWOLF BW-NEW TH8 10-portowy"}]},{"@type":"WebSite","@id":"https:\/\/ironsky.pl\/sklep\/#website","url":"https:\/\/ironsky.pl\/sklep\/","name":"IRONSKY.PL Sklep z Dronami","description":"IRONSKY.PL Sklep z Dronami","potentialAction":[{"@type":"SearchAction","target":{"@type":"EntryPoint","urlTemplate":"https:\/\/ironsky.pl\/sklep\/?s={search_term_string}"},"query-input":{"@type":"PropertyValueSpecification","valueRequired":true,"valueName":"search_term_string"}}],"inLanguage":"pl-PL"}]}},"_links":{"self":[{"href":"https:\/\/ironsky.pl\/sklep\/wp-json\/wp\/v2\/product\/59779","targetHints":{"allow":["GET"]}}],"collection":[{"href":"https:\/\/ironsky.pl\/sklep\/wp-json\/wp\/v2\/product"}],"about":[{"href":"https:\/\/ironsky.pl\/sklep\/wp-json\/wp\/v2\/types\/product"}],"replies":[{"embeddable":true,"href":"https:\/\/ironsky.pl\/sklep\/wp-json\/wp\/v2\/comments?post=59779"}],"wp:featuredmedia":[{"embeddable":true,"href":"https:\/\/ironsky.pl\/sklep\/wp-json\/wp\/v2\/media\/46244"}],"wp:attachment":[{"href":"https:\/\/ironsky.pl\/sklep\/wp-json\/wp\/v2\/media?parent=59779"}],"wp:term":[{"taxonomy":"product_brand","embeddable":true,"href":"https:\/\/ironsky.pl\/sklep\/wp-json\/wp\/v2\/product_brand?post=59779"},{"taxonomy":"product_cat","embeddable":true,"href":"https:\/\/ironsky.pl\/sklep\/wp-json\/wp\/v2\/product_cat?post=59779"},{"taxonomy":"product_tag","embeddable":true,"href":"https:\/\/ironsky.pl\/sklep\/wp-json\/wp\/v2\/product_tag?post=59779"}],"curies":[{"name":"wp","href":"https:\/\/api.w.org\/{rel}","templated":true}]}}