{"id":59763,"date":"2026-04-15T10:50:53","date_gmt":"2026-04-15T08:50:53","guid":{"rendered":"https:\/\/ironsky.pl\/sklep\/produkt\/powerbank-romoss-wm010-10000mah-20w-czarny-2\/"},"modified":"2026-04-15T10:51:21","modified_gmt":"2026-04-15T08:51:21","slug":"powerbank-romoss-wm010-10000mah-20w-czarny-2","status":"publish","type":"product","link":"https:\/\/ironsky.pl\/sklep\/produkt\/powerbank-romoss-wm010-10000mah-20w-czarny-2\/","title":{"rendered":"Powerbank ROMOSS WM010 10000mAh 20W (czarny)"},"content":{"rendered":"<h3>Powerbank Romoss WM010 10000mAh 20W (czarny)<\/h3>\n<p>Powerbank Romoss WM010 to niezast\u0105piony towarzysz dla ka\u017cdego posiadacza urz\u0105dze\u0144 Apple i nie tylko. Kompatybilno\u015b\u0107 ze sprz\u0119tem iPhone, Apple Watch, AirPods oraz szeroka gama opcji \u0142adowania sprawiaj\u0105, \u017ce ten powerbank zapewnia pe\u0142n\u0105 swobod\u0119 i niezale\u017cno\u015b\u0107 od gniazdek elektrycznych. Zaufaj innowacyjnej technologii Romoss i ciesz si\u0119 energi\u0105 zawsze, kiedy tego potrzebujesz.<\/p>\n<p>\n<img decoding=\"async\" src=\"https:\/\/assets.innpro.pl\/10537\/12381\/2.jpg\" border=\"0\" \/>\n<\/p>\n<h3>Niezawodne \u0142adowanie magnetyczne dla Twoich urz\u0105dze\u0144\u00a0<\/h3>\n<p>Powerbank Romoss WM010 to doskona\u0142e rozwi\u0105zanie dla ka\u017cdego, kto ceni sobie niezawodno\u015b\u0107 i precyzj\u0119, dzi\u0119ki pot\u0119\u017cnej sile magnetycznej 15N, kt\u00f3ra zapewnia stabilno\u015b\u0107 \u0142adowania. Moc 20W, pojemno\u015b\u0107 10000mAh oraz wbudowany kabel sprawiaj\u0105, \u017ce \u0142adowanie Apple Watch, iPhone\u2019a oraz AirPods jest niezwykle proste, szybkie i bezpieczne.\u00a0<\/p>\n<p>\n<img decoding=\"async\" src=\"https:\/\/assets.innpro.pl\/10537\/12381\/7.jpg\" border=\"0\" \/>\n<\/p>\n<h3>Szybkie \u0142adowanie bez przegrzewania<\/h3>\n<p>Romoss WM010 wyposa\u017cono w technologi\u0119 bezprzewodowego \u0142adowania magnetycznego, kt\u00f3ra wykracza poza standardowe \u0142adowanie iPhone\u2019a oraz AirPods. Powerbank mo\u017ce bezproblemowo \u0142adowa\u0107 Apple Watch, oferuj\u0105c idealne dopasowanie do krzywizny urz\u0105dzenia, a tak\u017ce \u0142adowanie AirPods nawet w etui. Zastosowana technologia NTC oraz inteligentny chip kontroli temperatury dbaj\u0105 o bezpieczne, szybkie \u0142adowanie bez ryzyka przegrzewania.<\/p>\n<p>\n<img decoding=\"async\" src=\"https:\/\/assets.innpro.pl\/10537\/12381\/3.jpg\" border=\"0\" \/>\n<\/p>\n<h3>Wszechstronno\u015b\u0107 i innowacyjno\u015b\u0107<\/h3>\n<p>Dzi\u0119ki wbudowanemu kablowi Romoss WM010 oferuje wiele opcji \u0142adowania dla r\u00f3\u017cnych urz\u0105dze\u0144. Mo\u017cesz wysun\u0105\u0107 z\u0142\u0105cze Lightning, aby na\u0142adowa\u0107 iPhone\u2019a 6-14, lub prze\u0142\u0105czy\u0107 si\u0119 na Type-C dla nowszych modeli. Powerbank jest r\u00f3wnie\u017c kompatybilny z urz\u0105dzeniami z Androidem oraz obs\u0142uguje \u0142adowanie kablowe dla urz\u0105dze\u0144 niskopr\u0105dowych. Ponadto z \u0142atwo\u015bci\u0105 mo\u017cesz na\u0142adowa\u0107 sam powerbank, pod\u0142\u0105czaj\u0105c go do portu Type-C.<\/p>\n<p>\n<img decoding=\"async\" src=\"https:\/\/assets.innpro.pl\/10537\/12381\/5.jpg\" border=\"0\" \/>\n<\/p>\n<h3>Moc i wydajno\u015b\u0107 w zasi\u0119gu Twojej r\u0119ki<\/h3>\n<p>Romoss WM010 zapewnia moc \u0142adowania na poziomie 20W oraz pojemno\u015b\u0107 10000mAh, dzi\u0119ki czemu \u0142atwo na\u0142adujesz swoje urz\u0105dzenia w ka\u017cdej chwili. Powerbank oferuje mo\u017cliwo\u015b\u0107 dw\u00f3ch pe\u0142nych \u0142adowa\u0144 dla iPhone\u2019a 15 Pro, a tak\u017ce \u0142adowanie Apple Watch do 100% w zaledwie 2,5 godziny czy AirPods 3. generacji do 100% w 1,5 godziny. Wska\u017anik dualny umo\u017cliwia jednoczesne monitorowanie stanu \u0142adowania telefonu oraz poziomu na\u0142adowania powerbanku.<\/p>\n<p>\n<img decoding=\"async\" src=\"https:\/\/assets.innpro.pl\/10537\/12381\/4.jpg\" border=\"0\" \/>\n<\/p>\n<h3>Idealny na d\u0142u\u017csze wyjazdy<\/h3>\n<p>Ten przeno\u015bny powerbank jest przyjazny w podr\u00f3\u017cy \u2013 spe\u0142nia standardy transportu lotniczego, dzi\u0119ki czemu mo\u017cesz go zabra\u0107 wsz\u0119dzie tam, gdzie potrzebujesz niezawodnego \u017ar\u00f3d\u0142a energii. Od teraz nie musisz martwi\u0107 si\u0119 o roz\u0142adowane urz\u0105dzenia, gdy nie masz dost\u0119pu do pr\u0105du, powerbank Romoss zapewni Ci wszystko to, czego potrzebujesz!<\/p>\n<p>\n<img decoding=\"async\" src=\"https:\/\/assets.innpro.pl\/10537\/12381\/1.jpg\" border=\"0\" \/>\n<\/p>\n<div class=\"table-wrapper\">\n<p>\u00a0<\/p>\n<h3><\/h3>\n<table>\n<tbody>\n<tr>\n<th>Producent<\/th>\n<td>Romoss<\/td>\n<\/tr>\n<tr>\n<th>Model<\/th>\n<td>WM010-121<\/td>\n<\/tr>\n<tr>\n<th>Akumulator <\/th>\n<td>litowo-jonowy<\/td>\n<\/tr>\n<tr>\n<th>Pojemno\u015b\u0107 akumulatora<\/th>\n<td>10000 mAh<\/td>\n<\/tr>\n<tr>\n<th>Energia znamionowa<\/th>\n<td>37Wh (10000mAh)<\/td>\n<\/tr>\n<tr>\n<th>Pojemno\u015b\u0107 znamionowa<\/th>\n<td>6000mAh (5V\/2A)<\/td>\n<\/tr>\n<tr>\n<th>Ca\u0142kowita moc wyj\u015bciowa<\/th>\n<td>Lightning\/Type-C + bezprzewodowe \u0142adowanie: 5V = 3A<\/td>\n<\/tr>\n<tr>\n<th>Rozmiar<\/th>\n<td>104 \u00d7 67 \u00d7 20.5 mm <\/td>\n<\/tr>\n<tr>\n<th>Waga<\/th>\n<td>230 g<\/td>\n<\/tr>\n<tr>\n<th>Kolor<\/th>\n<td>Czarny<\/td>\n<\/tr>\n<tr>\n<th>Wej\u015bcie<\/th>\n<td>5V = 2A \/ 9V = 2A (Lightning 1); 5V = 3A \/ 9V = 2A (Lightning\/Type-C)<\/td>\n<\/tr>\n<tr>\n<th>Wyj\u015bcie<\/th>\n<td>5V = 3A \/ 9V = 2.22A \/ 12V = 1.67A (Lightning\/Type-C); 5W\/7.5W\/10W\/15W (Magnetyczna stacja \u0142adowania bezprzewodowego)<\/td>\n<\/tr>\n<\/tbody>\n<\/table>\n<\/div>\n","protected":false},"excerpt":{"rendered":"<p>Powerbank Romoss WM010 10000mAh 20W (czarny) Powerbank Romoss WM010 to niezast\u0105piony towarzysz dla ka\u017cdego posiadacza urz\u0105dze\u0144 Apple i nie tylko.<\/p>\n","protected":false},"featured_media":59764,"comment_status":"closed","ping_status":"open","template":"","meta":{"_acf_changed":false},"product_brand":[],"product_cat":[1108,1113],"product_tag":[],"class_list":{"0":"post-59763","1":"product","2":"type-product","3":"status-publish","4":"has-post-thumbnail","6":"product_cat-energia","7":"product_cat-powerbanki","8":"pa_okres-gwarancji-5754","9":"pa_producent-romoss","11":"first","12":"outofstock","13":"taxable","14":"shipping-taxable","15":"purchasable","16":"product-type-simple"},"acf":[],"yoast_head":"<!-- This site is optimized with the Yoast SEO plugin v27.2 - https:\/\/yoast.com\/product\/yoast-seo-wordpress\/ -->\n<title>Powerbank ROMOSS WM010 10000mAh 20W (czarny) - IRONSKY.PL Sklep z Dronami<\/title>\n<meta name=\"description\" content=\"Powerbank ROMOSS WM010 10000mAh 20W (czarny) - \u2705 sklep z dronami i fachowym doradztwem. \u2705 Tutaj kupisz produkty DJI, Yuneec, Parrot, Syma i wiele innych, a tak\u017ce kursy i licencje na operatora drona.\" \/>\n<meta name=\"robots\" content=\"index, follow, max-snippet:-1, max-image-preview:large, max-video-preview:-1\" \/>\n<link rel=\"canonical\" href=\"https:\/\/ironsky.pl\/sklep\/produkt\/powerbank-romoss-wm010-10000mah-20w-czarny-2\/\" \/>\n<meta property=\"og:locale\" content=\"pl_PL\" \/>\n<meta property=\"og:type\" content=\"article\" \/>\n<meta property=\"og:title\" content=\"Powerbank ROMOSS WM010 10000mAh 20W (czarny) - IRONSKY.PL Sklep z Dronami\" \/>\n<meta property=\"og:description\" content=\"Powerbank ROMOSS WM010 10000mAh 20W (czarny) - \u2705 sklep z dronami i fachowym doradztwem. \u2705 Tutaj kupisz produkty DJI, Yuneec, Parrot, Syma i wiele innych, a tak\u017ce kursy i licencje na operatora drona.\" \/>\n<meta property=\"og:url\" content=\"https:\/\/ironsky.pl\/sklep\/produkt\/powerbank-romoss-wm010-10000mah-20w-czarny-2\/\" \/>\n<meta property=\"og:site_name\" content=\"IRONSKY.PL Sklep z Dronami\" \/>\n<meta property=\"article:modified_time\" content=\"2026-04-15T08:51:21+00:00\" \/>\n<meta property=\"og:image\" content=\"https:\/\/ironsky.pl\/sklep\/wp-content\/uploads\/2026\/04\/47835_2.jpg\" \/>\n\t<meta property=\"og:image:width\" content=\"800\" \/>\n\t<meta property=\"og:image:height\" content=\"800\" \/>\n\t<meta property=\"og:image:type\" content=\"image\/jpeg\" \/>\n<meta name=\"twitter:card\" content=\"summary_large_image\" \/>\n<meta name=\"twitter:label1\" content=\"Szacowany czas czytania\" \/>\n\t<meta name=\"twitter:data1\" content=\"2 minuty\" \/>\n<script type=\"application\/ld+json\" class=\"yoast-schema-graph\">{\"@context\":\"https:\/\/schema.org\",\"@graph\":[{\"@type\":\"WebPage\",\"@id\":\"https:\/\/ironsky.pl\/sklep\/produkt\/powerbank-romoss-wm010-10000mah-20w-czarny-2\/\",\"url\":\"https:\/\/ironsky.pl\/sklep\/produkt\/powerbank-romoss-wm010-10000mah-20w-czarny-2\/\",\"name\":\"Powerbank ROMOSS WM010 10000mAh 20W (czarny) - IRONSKY.PL Sklep z Dronami\",\"isPartOf\":{\"@id\":\"https:\/\/ironsky.pl\/sklep\/#website\"},\"primaryImageOfPage\":{\"@id\":\"https:\/\/ironsky.pl\/sklep\/produkt\/powerbank-romoss-wm010-10000mah-20w-czarny-2\/#primaryimage\"},\"image\":{\"@id\":\"https:\/\/ironsky.pl\/sklep\/produkt\/powerbank-romoss-wm010-10000mah-20w-czarny-2\/#primaryimage\"},\"thumbnailUrl\":\"https:\/\/ironsky.pl\/sklep\/wp-content\/uploads\/2026\/04\/47835_2.jpg\",\"datePublished\":\"2026-04-15T08:50:53+00:00\",\"dateModified\":\"2026-04-15T08:51:21+00:00\",\"description\":\"Powerbank ROMOSS WM010 10000mAh 20W (czarny) - \u2705 sklep z dronami i fachowym doradztwem. \u2705 Tutaj kupisz produkty DJI, Yuneec, Parrot, Syma i wiele innych, a tak\u017ce kursy i licencje na operatora drona.\",\"breadcrumb\":{\"@id\":\"https:\/\/ironsky.pl\/sklep\/produkt\/powerbank-romoss-wm010-10000mah-20w-czarny-2\/#breadcrumb\"},\"inLanguage\":\"pl-PL\",\"potentialAction\":[{\"@type\":\"ReadAction\",\"target\":[\"https:\/\/ironsky.pl\/sklep\/produkt\/powerbank-romoss-wm010-10000mah-20w-czarny-2\/\"]}]},{\"@type\":\"ImageObject\",\"inLanguage\":\"pl-PL\",\"@id\":\"https:\/\/ironsky.pl\/sklep\/produkt\/powerbank-romoss-wm010-10000mah-20w-czarny-2\/#primaryimage\",\"url\":\"https:\/\/ironsky.pl\/sklep\/wp-content\/uploads\/2026\/04\/47835_2.jpg\",\"contentUrl\":\"https:\/\/ironsky.pl\/sklep\/wp-content\/uploads\/2026\/04\/47835_2.jpg\",\"width\":800,\"height\":800},{\"@type\":\"BreadcrumbList\",\"@id\":\"https:\/\/ironsky.pl\/sklep\/produkt\/powerbank-romoss-wm010-10000mah-20w-czarny-2\/#breadcrumb\",\"itemListElement\":[{\"@type\":\"ListItem\",\"position\":1,\"name\":\"Strona g\u0142\u00f3wna\",\"item\":\"https:\/\/ironsky.pl\/sklep\/\"},{\"@type\":\"ListItem\",\"position\":2,\"name\":\"Wszystkie produkty\",\"item\":\"https:\/\/ironsky.pl\/sklep\/produkty\/\"},{\"@type\":\"ListItem\",\"position\":3,\"name\":\"Powerbank ROMOSS WM010 10000mAh 20W (czarny)\"}]},{\"@type\":\"WebSite\",\"@id\":\"https:\/\/ironsky.pl\/sklep\/#website\",\"url\":\"https:\/\/ironsky.pl\/sklep\/\",\"name\":\"IRONSKY.PL Sklep z Dronami\",\"description\":\"IRONSKY.PL Sklep z Dronami\",\"potentialAction\":[{\"@type\":\"SearchAction\",\"target\":{\"@type\":\"EntryPoint\",\"urlTemplate\":\"https:\/\/ironsky.pl\/sklep\/?s={search_term_string}\"},\"query-input\":{\"@type\":\"PropertyValueSpecification\",\"valueRequired\":true,\"valueName\":\"search_term_string\"}}],\"inLanguage\":\"pl-PL\"}]}<\/script>\n<!-- \/ Yoast SEO plugin. -->","yoast_head_json":{"title":"Powerbank ROMOSS WM010 10000mAh 20W (czarny) - IRONSKY.PL Sklep z Dronami","description":"Powerbank ROMOSS WM010 10000mAh 20W (czarny) - \u2705 sklep z dronami i fachowym doradztwem. \u2705 Tutaj kupisz produkty DJI, Yuneec, Parrot, Syma i wiele innych, a tak\u017ce kursy i licencje na operatora drona.","robots":{"index":"index","follow":"follow","max-snippet":"max-snippet:-1","max-image-preview":"max-image-preview:large","max-video-preview":"max-video-preview:-1"},"canonical":"https:\/\/ironsky.pl\/sklep\/produkt\/powerbank-romoss-wm010-10000mah-20w-czarny-2\/","og_locale":"pl_PL","og_type":"article","og_title":"Powerbank ROMOSS WM010 10000mAh 20W (czarny) - IRONSKY.PL Sklep z Dronami","og_description":"Powerbank ROMOSS WM010 10000mAh 20W (czarny) - \u2705 sklep z dronami i fachowym doradztwem. \u2705 Tutaj kupisz produkty DJI, Yuneec, Parrot, Syma i wiele innych, a tak\u017ce kursy i licencje na operatora drona.","og_url":"https:\/\/ironsky.pl\/sklep\/produkt\/powerbank-romoss-wm010-10000mah-20w-czarny-2\/","og_site_name":"IRONSKY.PL Sklep z Dronami","article_modified_time":"2026-04-15T08:51:21+00:00","og_image":[{"width":800,"height":800,"url":"https:\/\/ironsky.pl\/sklep\/wp-content\/uploads\/2026\/04\/47835_2.jpg","type":"image\/jpeg"}],"twitter_card":"summary_large_image","twitter_misc":{"Szacowany czas czytania":"2 minuty"},"schema":{"@context":"https:\/\/schema.org","@graph":[{"@type":"WebPage","@id":"https:\/\/ironsky.pl\/sklep\/produkt\/powerbank-romoss-wm010-10000mah-20w-czarny-2\/","url":"https:\/\/ironsky.pl\/sklep\/produkt\/powerbank-romoss-wm010-10000mah-20w-czarny-2\/","name":"Powerbank ROMOSS WM010 10000mAh 20W (czarny) - IRONSKY.PL Sklep z Dronami","isPartOf":{"@id":"https:\/\/ironsky.pl\/sklep\/#website"},"primaryImageOfPage":{"@id":"https:\/\/ironsky.pl\/sklep\/produkt\/powerbank-romoss-wm010-10000mah-20w-czarny-2\/#primaryimage"},"image":{"@id":"https:\/\/ironsky.pl\/sklep\/produkt\/powerbank-romoss-wm010-10000mah-20w-czarny-2\/#primaryimage"},"thumbnailUrl":"https:\/\/ironsky.pl\/sklep\/wp-content\/uploads\/2026\/04\/47835_2.jpg","datePublished":"2026-04-15T08:50:53+00:00","dateModified":"2026-04-15T08:51:21+00:00","description":"Powerbank ROMOSS WM010 10000mAh 20W (czarny) - \u2705 sklep z dronami i fachowym doradztwem. \u2705 Tutaj kupisz produkty DJI, Yuneec, Parrot, Syma i wiele innych, a tak\u017ce kursy i licencje na operatora drona.","breadcrumb":{"@id":"https:\/\/ironsky.pl\/sklep\/produkt\/powerbank-romoss-wm010-10000mah-20w-czarny-2\/#breadcrumb"},"inLanguage":"pl-PL","potentialAction":[{"@type":"ReadAction","target":["https:\/\/ironsky.pl\/sklep\/produkt\/powerbank-romoss-wm010-10000mah-20w-czarny-2\/"]}]},{"@type":"ImageObject","inLanguage":"pl-PL","@id":"https:\/\/ironsky.pl\/sklep\/produkt\/powerbank-romoss-wm010-10000mah-20w-czarny-2\/#primaryimage","url":"https:\/\/ironsky.pl\/sklep\/wp-content\/uploads\/2026\/04\/47835_2.jpg","contentUrl":"https:\/\/ironsky.pl\/sklep\/wp-content\/uploads\/2026\/04\/47835_2.jpg","width":800,"height":800},{"@type":"BreadcrumbList","@id":"https:\/\/ironsky.pl\/sklep\/produkt\/powerbank-romoss-wm010-10000mah-20w-czarny-2\/#breadcrumb","itemListElement":[{"@type":"ListItem","position":1,"name":"Strona g\u0142\u00f3wna","item":"https:\/\/ironsky.pl\/sklep\/"},{"@type":"ListItem","position":2,"name":"Wszystkie produkty","item":"https:\/\/ironsky.pl\/sklep\/produkty\/"},{"@type":"ListItem","position":3,"name":"Powerbank ROMOSS WM010 10000mAh 20W (czarny)"}]},{"@type":"WebSite","@id":"https:\/\/ironsky.pl\/sklep\/#website","url":"https:\/\/ironsky.pl\/sklep\/","name":"IRONSKY.PL Sklep z Dronami","description":"IRONSKY.PL Sklep z Dronami","potentialAction":[{"@type":"SearchAction","target":{"@type":"EntryPoint","urlTemplate":"https:\/\/ironsky.pl\/sklep\/?s={search_term_string}"},"query-input":{"@type":"PropertyValueSpecification","valueRequired":true,"valueName":"search_term_string"}}],"inLanguage":"pl-PL"}]}},"_links":{"self":[{"href":"https:\/\/ironsky.pl\/sklep\/wp-json\/wp\/v2\/product\/59763","targetHints":{"allow":["GET"]}}],"collection":[{"href":"https:\/\/ironsky.pl\/sklep\/wp-json\/wp\/v2\/product"}],"about":[{"href":"https:\/\/ironsky.pl\/sklep\/wp-json\/wp\/v2\/types\/product"}],"replies":[{"embeddable":true,"href":"https:\/\/ironsky.pl\/sklep\/wp-json\/wp\/v2\/comments?post=59763"}],"wp:featuredmedia":[{"embeddable":true,"href":"https:\/\/ironsky.pl\/sklep\/wp-json\/wp\/v2\/media\/59764"}],"wp:attachment":[{"href":"https:\/\/ironsky.pl\/sklep\/wp-json\/wp\/v2\/media?parent=59763"}],"wp:term":[{"taxonomy":"product_brand","embeddable":true,"href":"https:\/\/ironsky.pl\/sklep\/wp-json\/wp\/v2\/product_brand?post=59763"},{"taxonomy":"product_cat","embeddable":true,"href":"https:\/\/ironsky.pl\/sklep\/wp-json\/wp\/v2\/product_cat?post=59763"},{"taxonomy":"product_tag","embeddable":true,"href":"https:\/\/ironsky.pl\/sklep\/wp-json\/wp\/v2\/product_tag?post=59763"}],"curies":[{"name":"wp","href":"https:\/\/api.w.org\/{rel}","templated":true}]}}