{"id":59761,"date":"2026-04-15T10:50:53","date_gmt":"2026-04-15T08:50:53","guid":{"rendered":"https:\/\/ironsky.pl\/sklep\/produkt\/lampa-led-puluz-pu4119b-60w-czarna\/"},"modified":"2026-04-15T10:51:20","modified_gmt":"2026-04-15T08:51:20","slug":"lampa-led-puluz-pu4119b-60w-czarna","status":"publish","type":"product","link":"https:\/\/ironsky.pl\/sklep\/produkt\/lampa-led-puluz-pu4119b-60w-czarna\/","title":{"rendered":"Lampa LED PULUZ PU4119B 60W (czarna)"},"content":{"rendered":"<h3>Lampa studyjna PULUZ PU4119B 60W 2500K-6500K (czarna)<\/h3>\n<p>PULUZ PU4119B to kompaktowa i niezwykle lekka lampa studyjna, wa\u017c\u0105ca zaledwie 625 g, kt\u00f3ra idealnie nadaje si\u0119 do realizacji profesjonalnych sesji zdj\u0119ciowych, nagra\u0144 wideo, wywiad\u00f3w czy transmisji na \u017cywo. Jej por\u0119czny, mobilny design sprawia, \u017ce jest doskona\u0142ym wyborem zar\u00f3wno do pracy w studiu, jak i podczas plenerowych sesji zdj\u0119ciowych.<\/p>\n<p>\n<img decoding=\"async\" src=\"https:\/\/assets.innpro.pl\/10176\/11940\/2.jpg\" border=\"0\" \/>\n<\/p>\n<h3>Wydajno\u015b\u0107 na d\u0142ugie godziny pracy<\/h3>\n<p>Wyposa\u017cona w akumulator o pojemno\u015bci 10000 mAh, lampa mo\u017ce pracowa\u0107 do 4 godzin na maksymalnej mocy oraz a\u017c 8 godzin przy ni\u017cszych ustawieniach. Dzi\u0119ki mo\u017cliwo\u015bci jednoczesnego \u0142adowania podczas pracy urz\u0105dzenie to zapewnia nieprzerwan\u0105 prac\u0119, nawet w wymagaj\u0105cych warunkach.<\/p>\n<p>\n<img decoding=\"async\" src=\"https:\/\/assets.innpro.pl\/10176\/11940\/5.jpg\" border=\"0\" \/>\n<\/p>\n<h3>Moc 60W dla perfekcyjnego o\u015bwietlenia<\/h3>\n<p>PULUZ PU4119B oferuje moc na poziomie 60W, zapewniaj\u0105c r\u00f3wnomierne i stabilne o\u015bwietlenie o zasi\u0119gu od 3 do 6 metr\u00f3w. Z maksymaln\u0105 jasno\u015bci\u0105 13000 Lux, idealnie nadaje si\u0119 do tworzenia wyrazistych i klarownych uj\u0119\u0107, spe\u0142niaj\u0105c oczekiwania profesjonalist\u00f3w.<\/p>\n<p>\n<img decoding=\"async\" src=\"https:\/\/assets.innpro.pl\/10176\/11940\/7.jpg\" border=\"0\" \/>\n<\/p>\n<h3>Doskona\u0142a jako\u015b\u0107 odwzorowania kolor\u00f3w<\/h3>\n<p>Dzi\u0119ki regulowanej temperaturze barwowej od 2500K do 6500K oraz mo\u017cliwo\u015bci precyzyjnej regulacji jasno\u015bci w zakresie 0-100%, lampa gwarantuje wierne oddanie kolor\u00f3w, zbli\u017cone do naturalnego \u015bwiat\u0142a dziennego. Warto\u015bci CRI na poziomie 95-98 Ra oraz TICL 96+ zapewniaj\u0105, \u017ce ka\u017cde uj\u0119cie b\u0119dzie wygl\u0105da\u0107 realistycznie i naturalnie.<\/p>\n<p>\n<img decoding=\"async\" src=\"https:\/\/assets.innpro.pl\/10176\/11940\/6.jpg\" border=\"0\" \/>\n<\/p>\n<h3>Jeszcze wi\u0119ksza wszechstronno\u015b\u0107<\/h3>\n<p>Lampa posiada mini mocowanie Bowens, kt\u00f3re umo\u017cliwia \u0142atwe pod\u0142\u0105czenie dodatkowych akcesori\u00f3w takich jak reflektory czy mi\u0119kkie dyfuzory, kt\u00f3re s\u0105 do\u0142\u0105czone do zestawu. Z tym rozwi\u0105zaniem stworzysz zr\u00f3\u017cnicowane efekty \u015bwietlne, idealne do ka\u017cdej sesji.\u00a0<\/p>\n<p>\n<img decoding=\"async\" src=\"https:\/\/assets.innpro.pl\/10176\/11940\/4.jpg\" border=\"0\" \/>\n<\/p>\n<h3>Kreatywne efekty \u015bwietlne<\/h3>\n<p>Lampa PULUZ PU4119B oferuje 8 wbudowanych efekt\u00f3w \u015bwietlnych, kt\u00f3re pozwalaj\u0105 na uzyskanie spektakularnych efekt\u00f3w w Twoich projektach. Wystarczy d\u0142ugie naci\u015bni\u0119cie przycisku CCT, aby odblokowa\u0107 te zaawansowane tryby, takie jak symulacja b\u0142ysku fleszy z aparat\u00f3w paparazzi, \u015bwiat\u0142o eksplozji, fajerwerk\u00f3w, b\u0142yskawic, czy klasyczne \u015bwiat\u0142o telewizyjne. Dzi\u0119ki temu lampa b\u0119dzie idealna do inscenizacji dynamicznych scen akcji, film\u00f3w artystycznych czy sesji zdj\u0119ciowych o r\u00f3\u017cnorodnym klimacie.<\/p>\n<p>\n<img decoding=\"async\" src=\"https:\/\/assets.innpro.pl\/10176\/11940\/1.jpg\" border=\"0\" \/>\n<\/p>\n<h3>W zestawie<\/h3>\n<ul class=\"list-disc pl-5\">\n<li>Lampa studyjna<\/li>\n<li>Reflektor<\/li>\n<li>Silikonowy dyfuzor<\/li>\n<li>Kabel \u0142adowania USB-C do USB-A\u00a0<\/li>\n<li>Uchwyt<\/li>\n<\/ul>\n<div class=\"table-wrapper\">\n<p>\u00a0<\/p>\n<h3><\/h3>\n<table>\n<tbody>\n<tr>\n<th>Producent<\/th>\n<td>Puluz<\/td>\n<\/tr>\n<tr>\n<th>Model<\/th>\n<td>PU4119B<\/td>\n<\/tr>\n<tr>\n<th>Kolor<\/th>\n<td>Czarny<\/td>\n<\/tr>\n<tr>\n<th>Maksymalna moc<\/th>\n<td>60W<\/td>\n<\/tr>\n<tr>\n<th>Temperatura barwowa<\/th>\n<td>2500K-6500K<\/td>\n<\/tr>\n<tr>\n<th>Wsp\u00f3\u0142czynnik CRI<\/th>\n<td>95-98 Ra<\/td>\n<\/tr>\n<tr>\n<th>TICL<\/th>\n<td>96+<\/td>\n<\/tr>\n<tr>\n<th>Materia\u0142<\/th>\n<td>ABS<\/td>\n<\/tr>\n<tr>\n<th>Maksymalna jasno\u015b\u0107<\/th>\n<td>13000Lux przy 0,5m<\/td>\n<\/tr>\n<tr>\n<th>Akumulator<\/th>\n<td>3.7V, 2500mAh\/9.25Wh x 4<\/td>\n<\/tr>\n<tr>\n<th>Napi\u0119cie robocze<\/th>\n<td>3.7V<\/td>\n<\/tr>\n<tr>\n<th>Wej\u015bcie \u0142adowania<\/th>\n<td>5V 2A<\/td>\n<\/tr>\n<tr>\n<th>Czas pe\u0142nego na\u0142adowania<\/th>\n<td>Ponad 2 godziny<\/td>\n<\/tr>\n<tr>\n<th>Czas ci\u0105g\u0142ego \u015bwiecenia<\/th>\n<td>Maksymalna jasno\u015b\u0107 oko\u0142o 4 godziny; minimalna moc oko\u0142o 8 godzin<\/td>\n<\/tr>\n<tr>\n<th>Wymiary<\/th>\n<td>19 x 11,5 x 9 cm<\/td>\n<\/tr>\n<tr>\n<th>Waga (z reflektorem)<\/th>\n<td>581g<\/td>\n<\/tr>\n<\/tbody>\n<\/table>\n<\/div>\n","protected":false},"excerpt":{"rendered":"<p>Lampa studyjna PULUZ PU4119B 60W 2500K-6500K (czarna) PULUZ PU4119B to kompaktowa i niezwykle lekka lampa studyjna, wa\u017c\u0105ca zaledwie 625 g,<\/p>\n","protected":false},"featured_media":59762,"comment_status":"closed","ping_status":"open","template":"","meta":{"_acf_changed":false},"product_brand":[],"product_cat":[1128,6186,6182],"product_tag":[],"class_list":{"0":"post-59761","1":"product","2":"type-product","3":"status-publish","4":"has-post-thumbnail","6":"product_cat-foto-wideo","7":"product_cat-lampy","8":"product_cat-studio-fotograficzne","9":"pa_okres-gwarancji-5754","10":"pa_producent-puluz","12":"first","13":"outofstock","14":"taxable","15":"shipping-taxable","16":"purchasable","17":"product-type-simple"},"acf":[],"yoast_head":"<!-- This site is optimized with the Yoast SEO plugin v27.2 - https:\/\/yoast.com\/product\/yoast-seo-wordpress\/ -->\n<title>Lampa LED PULUZ PU4119B 60W (czarna) - IRONSKY.PL Sklep z Dronami<\/title>\n<meta name=\"description\" content=\"Lampa LED PULUZ PU4119B 60W (czarna) - \u2705 sklep z dronami i fachowym doradztwem. \u2705 Tutaj kupisz produkty DJI, Yuneec, Parrot, Syma i wiele innych, a tak\u017ce kursy i licencje na operatora drona.\" \/>\n<meta name=\"robots\" content=\"index, follow, max-snippet:-1, max-image-preview:large, max-video-preview:-1\" \/>\n<link rel=\"canonical\" href=\"https:\/\/ironsky.pl\/sklep\/produkt\/lampa-led-puluz-pu4119b-60w-czarna\/\" \/>\n<meta property=\"og:locale\" content=\"pl_PL\" \/>\n<meta property=\"og:type\" content=\"article\" \/>\n<meta property=\"og:title\" content=\"Lampa LED PULUZ PU4119B 60W (czarna) - IRONSKY.PL Sklep z Dronami\" \/>\n<meta property=\"og:description\" content=\"Lampa LED PULUZ PU4119B 60W (czarna) - \u2705 sklep z dronami i fachowym doradztwem. \u2705 Tutaj kupisz produkty DJI, Yuneec, Parrot, Syma i wiele innych, a tak\u017ce kursy i licencje na operatora drona.\" \/>\n<meta property=\"og:url\" content=\"https:\/\/ironsky.pl\/sklep\/produkt\/lampa-led-puluz-pu4119b-60w-czarna\/\" \/>\n<meta property=\"og:site_name\" content=\"IRONSKY.PL Sklep z Dronami\" \/>\n<meta property=\"article:modified_time\" content=\"2026-04-15T08:51:20+00:00\" \/>\n<meta property=\"og:image\" content=\"https:\/\/ironsky.pl\/sklep\/wp-content\/uploads\/2026\/04\/47814_1.jpg\" \/>\n\t<meta property=\"og:image:width\" content=\"800\" \/>\n\t<meta property=\"og:image:height\" content=\"800\" \/>\n\t<meta property=\"og:image:type\" content=\"image\/jpeg\" \/>\n<meta name=\"twitter:card\" content=\"summary_large_image\" \/>\n<meta name=\"twitter:label1\" content=\"Szacowany czas czytania\" \/>\n\t<meta name=\"twitter:data1\" content=\"2 minuty\" \/>\n<script type=\"application\/ld+json\" class=\"yoast-schema-graph\">{\"@context\":\"https:\/\/schema.org\",\"@graph\":[{\"@type\":\"WebPage\",\"@id\":\"https:\/\/ironsky.pl\/sklep\/produkt\/lampa-led-puluz-pu4119b-60w-czarna\/\",\"url\":\"https:\/\/ironsky.pl\/sklep\/produkt\/lampa-led-puluz-pu4119b-60w-czarna\/\",\"name\":\"Lampa LED PULUZ PU4119B 60W (czarna) - IRONSKY.PL Sklep z Dronami\",\"isPartOf\":{\"@id\":\"https:\/\/ironsky.pl\/sklep\/#website\"},\"primaryImageOfPage\":{\"@id\":\"https:\/\/ironsky.pl\/sklep\/produkt\/lampa-led-puluz-pu4119b-60w-czarna\/#primaryimage\"},\"image\":{\"@id\":\"https:\/\/ironsky.pl\/sklep\/produkt\/lampa-led-puluz-pu4119b-60w-czarna\/#primaryimage\"},\"thumbnailUrl\":\"https:\/\/ironsky.pl\/sklep\/wp-content\/uploads\/2026\/04\/47814_1.jpg\",\"datePublished\":\"2026-04-15T08:50:53+00:00\",\"dateModified\":\"2026-04-15T08:51:20+00:00\",\"description\":\"Lampa LED PULUZ PU4119B 60W (czarna) - \u2705 sklep z dronami i fachowym doradztwem. \u2705 Tutaj kupisz produkty DJI, Yuneec, Parrot, Syma i wiele innych, a tak\u017ce kursy i licencje na operatora drona.\",\"breadcrumb\":{\"@id\":\"https:\/\/ironsky.pl\/sklep\/produkt\/lampa-led-puluz-pu4119b-60w-czarna\/#breadcrumb\"},\"inLanguage\":\"pl-PL\",\"potentialAction\":[{\"@type\":\"ReadAction\",\"target\":[\"https:\/\/ironsky.pl\/sklep\/produkt\/lampa-led-puluz-pu4119b-60w-czarna\/\"]}]},{\"@type\":\"ImageObject\",\"inLanguage\":\"pl-PL\",\"@id\":\"https:\/\/ironsky.pl\/sklep\/produkt\/lampa-led-puluz-pu4119b-60w-czarna\/#primaryimage\",\"url\":\"https:\/\/ironsky.pl\/sklep\/wp-content\/uploads\/2026\/04\/47814_1.jpg\",\"contentUrl\":\"https:\/\/ironsky.pl\/sklep\/wp-content\/uploads\/2026\/04\/47814_1.jpg\",\"width\":800,\"height\":800},{\"@type\":\"BreadcrumbList\",\"@id\":\"https:\/\/ironsky.pl\/sklep\/produkt\/lampa-led-puluz-pu4119b-60w-czarna\/#breadcrumb\",\"itemListElement\":[{\"@type\":\"ListItem\",\"position\":1,\"name\":\"Strona g\u0142\u00f3wna\",\"item\":\"https:\/\/ironsky.pl\/sklep\/\"},{\"@type\":\"ListItem\",\"position\":2,\"name\":\"Wszystkie produkty\",\"item\":\"https:\/\/ironsky.pl\/sklep\/produkty\/\"},{\"@type\":\"ListItem\",\"position\":3,\"name\":\"Lampa LED PULUZ PU4119B 60W (czarna)\"}]},{\"@type\":\"WebSite\",\"@id\":\"https:\/\/ironsky.pl\/sklep\/#website\",\"url\":\"https:\/\/ironsky.pl\/sklep\/\",\"name\":\"IRONSKY.PL Sklep z Dronami\",\"description\":\"IRONSKY.PL Sklep z Dronami\",\"potentialAction\":[{\"@type\":\"SearchAction\",\"target\":{\"@type\":\"EntryPoint\",\"urlTemplate\":\"https:\/\/ironsky.pl\/sklep\/?s={search_term_string}\"},\"query-input\":{\"@type\":\"PropertyValueSpecification\",\"valueRequired\":true,\"valueName\":\"search_term_string\"}}],\"inLanguage\":\"pl-PL\"}]}<\/script>\n<!-- \/ Yoast SEO plugin. -->","yoast_head_json":{"title":"Lampa LED PULUZ PU4119B 60W (czarna) - IRONSKY.PL Sklep z Dronami","description":"Lampa LED PULUZ PU4119B 60W (czarna) - \u2705 sklep z dronami i fachowym doradztwem. \u2705 Tutaj kupisz produkty DJI, Yuneec, Parrot, Syma i wiele innych, a tak\u017ce kursy i licencje na operatora drona.","robots":{"index":"index","follow":"follow","max-snippet":"max-snippet:-1","max-image-preview":"max-image-preview:large","max-video-preview":"max-video-preview:-1"},"canonical":"https:\/\/ironsky.pl\/sklep\/produkt\/lampa-led-puluz-pu4119b-60w-czarna\/","og_locale":"pl_PL","og_type":"article","og_title":"Lampa LED PULUZ PU4119B 60W (czarna) - IRONSKY.PL Sklep z Dronami","og_description":"Lampa LED PULUZ PU4119B 60W (czarna) - \u2705 sklep z dronami i fachowym doradztwem. \u2705 Tutaj kupisz produkty DJI, Yuneec, Parrot, Syma i wiele innych, a tak\u017ce kursy i licencje na operatora drona.","og_url":"https:\/\/ironsky.pl\/sklep\/produkt\/lampa-led-puluz-pu4119b-60w-czarna\/","og_site_name":"IRONSKY.PL Sklep z Dronami","article_modified_time":"2026-04-15T08:51:20+00:00","og_image":[{"width":800,"height":800,"url":"https:\/\/ironsky.pl\/sklep\/wp-content\/uploads\/2026\/04\/47814_1.jpg","type":"image\/jpeg"}],"twitter_card":"summary_large_image","twitter_misc":{"Szacowany czas czytania":"2 minuty"},"schema":{"@context":"https:\/\/schema.org","@graph":[{"@type":"WebPage","@id":"https:\/\/ironsky.pl\/sklep\/produkt\/lampa-led-puluz-pu4119b-60w-czarna\/","url":"https:\/\/ironsky.pl\/sklep\/produkt\/lampa-led-puluz-pu4119b-60w-czarna\/","name":"Lampa LED PULUZ PU4119B 60W (czarna) - IRONSKY.PL Sklep z Dronami","isPartOf":{"@id":"https:\/\/ironsky.pl\/sklep\/#website"},"primaryImageOfPage":{"@id":"https:\/\/ironsky.pl\/sklep\/produkt\/lampa-led-puluz-pu4119b-60w-czarna\/#primaryimage"},"image":{"@id":"https:\/\/ironsky.pl\/sklep\/produkt\/lampa-led-puluz-pu4119b-60w-czarna\/#primaryimage"},"thumbnailUrl":"https:\/\/ironsky.pl\/sklep\/wp-content\/uploads\/2026\/04\/47814_1.jpg","datePublished":"2026-04-15T08:50:53+00:00","dateModified":"2026-04-15T08:51:20+00:00","description":"Lampa LED PULUZ PU4119B 60W (czarna) - \u2705 sklep z dronami i fachowym doradztwem. \u2705 Tutaj kupisz produkty DJI, Yuneec, Parrot, Syma i wiele innych, a tak\u017ce kursy i licencje na operatora drona.","breadcrumb":{"@id":"https:\/\/ironsky.pl\/sklep\/produkt\/lampa-led-puluz-pu4119b-60w-czarna\/#breadcrumb"},"inLanguage":"pl-PL","potentialAction":[{"@type":"ReadAction","target":["https:\/\/ironsky.pl\/sklep\/produkt\/lampa-led-puluz-pu4119b-60w-czarna\/"]}]},{"@type":"ImageObject","inLanguage":"pl-PL","@id":"https:\/\/ironsky.pl\/sklep\/produkt\/lampa-led-puluz-pu4119b-60w-czarna\/#primaryimage","url":"https:\/\/ironsky.pl\/sklep\/wp-content\/uploads\/2026\/04\/47814_1.jpg","contentUrl":"https:\/\/ironsky.pl\/sklep\/wp-content\/uploads\/2026\/04\/47814_1.jpg","width":800,"height":800},{"@type":"BreadcrumbList","@id":"https:\/\/ironsky.pl\/sklep\/produkt\/lampa-led-puluz-pu4119b-60w-czarna\/#breadcrumb","itemListElement":[{"@type":"ListItem","position":1,"name":"Strona g\u0142\u00f3wna","item":"https:\/\/ironsky.pl\/sklep\/"},{"@type":"ListItem","position":2,"name":"Wszystkie produkty","item":"https:\/\/ironsky.pl\/sklep\/produkty\/"},{"@type":"ListItem","position":3,"name":"Lampa LED PULUZ PU4119B 60W (czarna)"}]},{"@type":"WebSite","@id":"https:\/\/ironsky.pl\/sklep\/#website","url":"https:\/\/ironsky.pl\/sklep\/","name":"IRONSKY.PL Sklep z Dronami","description":"IRONSKY.PL Sklep z Dronami","potentialAction":[{"@type":"SearchAction","target":{"@type":"EntryPoint","urlTemplate":"https:\/\/ironsky.pl\/sklep\/?s={search_term_string}"},"query-input":{"@type":"PropertyValueSpecification","valueRequired":true,"valueName":"search_term_string"}}],"inLanguage":"pl-PL"}]}},"_links":{"self":[{"href":"https:\/\/ironsky.pl\/sklep\/wp-json\/wp\/v2\/product\/59761","targetHints":{"allow":["GET"]}}],"collection":[{"href":"https:\/\/ironsky.pl\/sklep\/wp-json\/wp\/v2\/product"}],"about":[{"href":"https:\/\/ironsky.pl\/sklep\/wp-json\/wp\/v2\/types\/product"}],"replies":[{"embeddable":true,"href":"https:\/\/ironsky.pl\/sklep\/wp-json\/wp\/v2\/comments?post=59761"}],"wp:featuredmedia":[{"embeddable":true,"href":"https:\/\/ironsky.pl\/sklep\/wp-json\/wp\/v2\/media\/59762"}],"wp:attachment":[{"href":"https:\/\/ironsky.pl\/sklep\/wp-json\/wp\/v2\/media?parent=59761"}],"wp:term":[{"taxonomy":"product_brand","embeddable":true,"href":"https:\/\/ironsky.pl\/sklep\/wp-json\/wp\/v2\/product_brand?post=59761"},{"taxonomy":"product_cat","embeddable":true,"href":"https:\/\/ironsky.pl\/sklep\/wp-json\/wp\/v2\/product_cat?post=59761"},{"taxonomy":"product_tag","embeddable":true,"href":"https:\/\/ironsky.pl\/sklep\/wp-json\/wp\/v2\/product_tag?post=59761"}],"curies":[{"name":"wp","href":"https:\/\/api.w.org\/{rel}","templated":true}]}}